{"id":3759,"date":"2024-10-30T13:15:13","date_gmt":"2024-10-30T12:15:13","guid":{"rendered":"https:\/\/wonderhome.eu\/?page_id=3759"},"modified":"2025-10-21T10:59:53","modified_gmt":"2025-10-21T08:59:53","slug":"wymiana-recznikow","status":"publish","type":"page","link":"https:\/\/wonderhome.eu\/cz\/wymiana-recznikow","title":{"rendered":"V\u00fdm\u011bna ru\u010dn\u00edk\u016f"},"content":{"rendered":"<p class=\"has-text-align-center\"><\/p>\n\n\n\n<div class=\"wp-block-media-text is-stacked-on-mobile\"><figure class=\"wp-block-media-text__media\"><img loading=\"lazy\" decoding=\"async\" width=\"1024\" height=\"711\" src=\"https:\/\/wonderhome.eu\/wp-content\/uploads\/2024\/10\/Kopia-Eliza-\u2013-Wonder-World-idea-6-1-1024x711.png\" alt=\"\" class=\"wp-image-3777 size-full\" srcset=\"https:\/\/wonderhome.eu\/wp-content\/uploads\/2024\/10\/Kopia-Eliza-\u2013-Wonder-World-idea-6-1-1024x711.png 1024w, https:\/\/wonderhome.eu\/wp-content\/uploads\/2024\/10\/Kopia-Eliza-\u2013-Wonder-World-idea-6-1-300x208.png 300w, https:\/\/wonderhome.eu\/wp-content\/uploads\/2024\/10\/Kopia-Eliza-\u2013-Wonder-World-idea-6-1-768x533.png 768w, https:\/\/wonderhome.eu\/wp-content\/uploads\/2024\/10\/Kopia-Eliza-\u2013-Wonder-World-idea-6-1-18x12.png 18w, https:\/\/wonderhome.eu\/wp-content\/uploads\/2024\/10\/Kopia-Eliza-\u2013-Wonder-World-idea-6-1.png 1340w\" sizes=\"auto, (max-width: 1024px) 100vw, 1024px\" \/><\/figure><div class=\"wp-block-media-text__content\">\n<h2 class=\"wp-block-heading has-text-align-center has-text-color has-link-color wp-elements-e13614c75369739096dea9d7331fc6b1\" id=\"g\u00f3ra\" style=\"color:#d7a97d;font-size:28px\">V\u00fdm\u011bna ru\u010dn\u00edk\u016f<\/h2>\n\n\n\n<div style=\"height:21px\" aria-hidden=\"true\" class=\"wp-block-spacer\"><\/div>\n\n\n\n<p class=\"has-text-align-left has-text-color has-link-color wp-elements-c37b8c41ece06cc83ac04136bf292377\" style=\"color:#775740;font-size:22px\"><strong>U\u017eijte si pohodl\u00ed a sv\u011b\u017eest b\u011bhem sv\u00e9ho pobytu v Wonder Home Apartments!<\/strong><\/p>\n\n\n\n<p style=\"font-size:16px\"><strong>V\u00e1\u017e\u00edte si pohodl\u00ed a komfortu na dovolen\u00e9?<\/strong> V Wonder Home se o na\u0161e hosty star\u00e1me komplexn\u011b, a proto nab\u00edz\u00edme: <strong>v\u00fdm\u011bna ru\u010dn\u00edk\u016f doru\u010den\u00fdch p\u0159\u00edmo do va\u0161eho bytu<\/strong>! <\/p>\n\n\n\n<p style=\"font-size:16px\">N\u00e1\u0161 <strong>slu\u017eba funguje ka\u017ed\u00fd den<\/strong>a doru\u010den\u00ed prob\u00edh\u00e1 mezi hodinami <strong>08:00 a\u017e 16:00<\/strong>. V\u0161echny ru\u010dn\u00edky jsou p\u0159\u00edmo skladem, proto <strong>Osobn\u00ed odb\u011br nen\u00ed mo\u017en\u00fd.<\/strong><\/p>\n\n\n\n<div style=\"height:26px\" aria-hidden=\"true\" class=\"wp-block-spacer\"><\/div>\n\n\n\n<h2 class=\"wp-block-heading has-text-align-center has-text-color has-link-color wp-elements-db9dbdaf672a117161e3f718f490319f\" style=\"color:#d7a97d\">Zavolejte a objednejte!<\/h2>\n\n\n\n<div style=\"height:21px\" aria-hidden=\"true\" class=\"wp-block-spacer\"><\/div>\n\n\n\n<div class=\"wp-block-buttons is-horizontal is-content-justification-center is-layout-flex wp-container-core-buttons-is-layout-499968f5 wp-block-buttons-is-layout-flex\">\n<div class=\"wp-block-button is-style-primary is-style-outline is-style-outline--1\"><a class=\"wp-block-button__link has-white-color has-text-color has-background has-link-color wp-element-button\" href=\"tel:+48785913913\" style=\"border-radius:22px;background-color:#d7a97d\"><strong>+48<\/strong> <strong>785-913-319<\/strong><\/a><\/div>\n<\/div>\n\n\n\n<div style=\"height:39px\" aria-hidden=\"true\" class=\"wp-block-spacer\"><\/div>\n<\/div><\/div>\n\n\n\n<div style=\"height:39px\" aria-hidden=\"true\" class=\"wp-block-spacer\"><\/div>\n\n\n\n<div class=\"wp-block-media-text has-media-on-the-right is-stacked-on-mobile\"><div class=\"wp-block-media-text__content\">\n<p class=\"has-text-align-center has-text-color has-link-color wp-elements-7962a59a382df8f8683b6698df7885b7\" style=\"color:#775740;font-size:25px\"><strong>CEN\u00cdK <\/strong><\/p>\n\n\n\n<p class=\"has-text-align-center\" style=\"font-size:16px\"><strong>Sada ru\u010dn\u00edk\u016f pro 1 osobu <\/strong>(mal\u00fd + velk\u00fd)<strong>&nbsp;s doru\u010den\u00edm do bytu<\/strong> \u2013 <br>19,90 PLN*<\/p>\n\n\n\n<p class=\"has-text-align-center has-text-color has-link-color wp-elements-1a05b2b74e5359a792fb580afa7c0047\" style=\"color:#d7a97d;font-size:22px\"><strong>Objednejte si je\u0161t\u011b dnes a u\u017eijte si sv\u011b\u017eest a pohodl\u00ed, ani\u017e byste opustili byt!<\/strong><\/p>\n\n\n\n<div class=\"wp-block-buttons is-horizontal is-content-justification-center is-layout-flex wp-container-core-buttons-is-layout-499968f5 wp-block-buttons-is-layout-flex\">\n<div class=\"wp-block-button is-style-primary is-style-outline is-style-outline--2\"><a class=\"wp-block-button__link has-white-color has-text-color has-background has-link-color wp-element-button\" href=\"tel:+48785913913\" style=\"border-radius:22px;background-color:#d7a97d\"><strong>+48<\/strong> <strong>785-913-319<\/strong><\/a><\/div>\n<\/div>\n\n\n\n<p class=\"has-text-align-left\" style=\"font-size:20px\">*<strong>Ru\u010dn\u00edky doru\u010dujeme pouze mezi 8:00 a 16:00.<\/strong>!<\/p>\n\n\n\n<div style=\"height:23px\" aria-hidden=\"true\" class=\"wp-block-spacer\"><\/div>\n<\/div><figure class=\"wp-block-media-text__media\"><img loading=\"lazy\" decoding=\"async\" width=\"1024\" height=\"700\" src=\"https:\/\/wonderhome.eu\/wp-content\/uploads\/2024\/10\/52-1-1024x700.png\" alt=\"\" class=\"wp-image-3778 size-full\" srcset=\"https:\/\/wonderhome.eu\/wp-content\/uploads\/2024\/10\/52-1-1024x700.png 1024w, https:\/\/wonderhome.eu\/wp-content\/uploads\/2024\/10\/52-1-300x205.png 300w, https:\/\/wonderhome.eu\/wp-content\/uploads\/2024\/10\/52-1-768x525.png 768w, https:\/\/wonderhome.eu\/wp-content\/uploads\/2024\/10\/52-1-18x12.png 18w, https:\/\/wonderhome.eu\/wp-content\/uploads\/2024\/10\/52-1.png 1290w\" sizes=\"auto, (max-width: 1024px) 100vw, 1024px\" \/><\/figure><\/div>\n\n\n\n<div style=\"height:100px\" aria-hidden=\"true\" class=\"wp-block-spacer\"><\/div>\n\n\n\n<div class=\"wp-block-buttons is-content-justification-center is-layout-flex wp-container-core-buttons-is-layout-16018d1d wp-block-buttons-is-layout-flex\">\n<div class=\"wp-block-button\"><a class=\"wp-block-button__link has-background has-text-align-center wp-element-button\" href=\"#g\u00f3ra\" style=\"background-color:#d7a97d\"><strong>N\u00e1vrat<\/strong><\/a><\/div>\n<\/div>\n\n\n\n<div style=\"height:100px\" aria-hidden=\"true\" class=\"wp-block-spacer\"><\/div>\n\n\n\n<p><\/p>","protected":false},"excerpt":{"rendered":"","protected":false},"author":12,"featured_media":5090,"parent":0,"menu_order":0,"comment_status":"closed","ping_status":"closed","template":"","meta":{"_acf_changed":false,"footnotes":""},"class_list":["post-3759","page","type-page","status-publish","has-post-thumbnail","hentry"],"acf":[],"yoast_head":"<!-- This site is optimized with the Yoast SEO plugin v27.4 - https:\/\/yoast.com\/product\/yoast-seo-wordpress\/ -->\n<title>Wymiana r\u0119cznik\u00f3w - Wonder Home<\/title>\n<meta name=\"description\" content=\"\u015awie\u017co\u015b\u0107 ka\u017cdego dnia z Wonder Home! Zam\u00f3w nowe r\u0119czniki prosto do apartamentu i ciesz si\u0119 pe\u0142nym komfortem podczas ca\u0142ego pobytu.\" \/>\n<meta name=\"robots\" content=\"index, follow, max-snippet:-1, max-image-preview:large, max-video-preview:-1\" \/>\n<link rel=\"canonical\" href=\"https:\/\/wonderhome.eu\/cz\/wymiana-recznikow\/\" \/>\n<meta property=\"og:locale\" content=\"cs_CZ\" \/>\n<meta property=\"og:type\" content=\"article\" \/>\n<meta property=\"og:title\" content=\"Wymiana r\u0119cznik\u00f3w - Wonder Home\" \/>\n<meta property=\"og:description\" content=\"\u015awie\u017co\u015b\u0107 ka\u017cdego dnia z Wonder Home! Zam\u00f3w nowe r\u0119czniki prosto do apartamentu i ciesz si\u0119 pe\u0142nym komfortem podczas ca\u0142ego pobytu.\" \/>\n<meta property=\"og:url\" content=\"https:\/\/wonderhome.eu\/cz\/wymiana-recznikow\/\" \/>\n<meta property=\"og:site_name\" content=\"Wonder Home\" \/>\n<meta property=\"article:modified_time\" content=\"2025-10-21T08:59:53+00:00\" \/>\n<meta property=\"og:image\" content=\"https:\/\/wonderhome.eu\/wp-content\/uploads\/2024\/11\/TAPETA-NA-TOP-60x30-10-min-scaled.jpg\" \/>\n\t<meta property=\"og:image:width\" content=\"1920\" \/>\n\t<meta property=\"og:image:height\" content=\"1080\" \/>\n\t<meta property=\"og:image:type\" content=\"image\/jpeg\" \/>\n<meta name=\"twitter:card\" content=\"summary_large_image\" \/>\n<meta name=\"twitter:label1\" content=\"Odhadovan\u00e1 doba \u010dten\u00ed\" \/>\n\t<meta name=\"twitter:data1\" content=\"2 minuty\" \/>\n<script type=\"application\/ld+json\" class=\"yoast-schema-graph\">{\"@context\":\"https:\\\/\\\/schema.org\",\"@graph\":[{\"@type\":\"WebPage\",\"@id\":\"https:\\\/\\\/wonderhome.eu\\\/wymiana-recznikow\",\"url\":\"https:\\\/\\\/wonderhome.eu\\\/wymiana-recznikow\",\"name\":\"Wymiana r\u0119cznik\u00f3w - Wonder Home\",\"isPartOf\":{\"@id\":\"https:\\\/\\\/wonderhome.eu\\\/#website\"},\"primaryImageOfPage\":{\"@id\":\"https:\\\/\\\/wonderhome.eu\\\/wymiana-recznikow#primaryimage\"},\"image\":{\"@id\":\"https:\\\/\\\/wonderhome.eu\\\/wymiana-recznikow#primaryimage\"},\"thumbnailUrl\":\"https:\\\/\\\/wonderhome.eu\\\/wp-content\\\/uploads\\\/2024\\\/11\\\/TAPETA-NA-TOP-60x30-10-min-scaled.jpg\",\"datePublished\":\"2024-10-30T12:15:13+00:00\",\"dateModified\":\"2025-10-21T08:59:53+00:00\",\"description\":\"\u015awie\u017co\u015b\u0107 ka\u017cdego dnia z Wonder Home! Zam\u00f3w nowe r\u0119czniki prosto do apartamentu i ciesz si\u0119 pe\u0142nym komfortem podczas ca\u0142ego pobytu.\",\"inLanguage\":\"cs\",\"potentialAction\":[{\"@type\":\"ReadAction\",\"target\":[\"https:\\\/\\\/wonderhome.eu\\\/wymiana-recznikow\"]}]},{\"@type\":\"ImageObject\",\"inLanguage\":\"cs\",\"@id\":\"https:\\\/\\\/wonderhome.eu\\\/wymiana-recznikow#primaryimage\",\"url\":\"https:\\\/\\\/wonderhome.eu\\\/wp-content\\\/uploads\\\/2024\\\/11\\\/TAPETA-NA-TOP-60x30-10-min-scaled.jpg\",\"contentUrl\":\"https:\\\/\\\/wonderhome.eu\\\/wp-content\\\/uploads\\\/2024\\\/11\\\/TAPETA-NA-TOP-60x30-10-min-scaled.jpg\",\"width\":1920,\"height\":1080},{\"@type\":\"WebSite\",\"@id\":\"https:\\\/\\\/wonderhome.eu\\\/#website\",\"url\":\"https:\\\/\\\/wonderhome.eu\\\/\",\"name\":\"Wonder Home\",\"description\":\"\",\"potentialAction\":[{\"@type\":\"SearchAction\",\"target\":{\"@type\":\"EntryPoint\",\"urlTemplate\":\"https:\\\/\\\/wonderhome.eu\\\/?s={search_term_string}\"},\"query-input\":{\"@type\":\"PropertyValueSpecification\",\"valueRequired\":true,\"valueName\":\"search_term_string\"}}],\"inLanguage\":\"cs\"}]}<\/script>\n<!-- \/ Yoast SEO plugin. -->","yoast_head_json":{"title":"P\u0159ebalovac\u00ed ru\u010dn\u00edky - Wonder Home","description":"\u010cerstvost ka\u017ed\u00fd den s Wonder Home! Objednejte si nov\u00e9 ru\u010dn\u00edky p\u0159\u00edmo do va\u0161eho apartm\u00e1nu a u\u017e\u00edvejte si naprost\u00e9ho pohodl\u00ed po celou dobu pobytu.","robots":{"index":"index","follow":"follow","max-snippet":"max-snippet:-1","max-image-preview":"max-image-preview:large","max-video-preview":"max-video-preview:-1"},"canonical":"https:\/\/wonderhome.eu\/cz\/wymiana-recznikow\/","og_locale":"cs_CZ","og_type":"article","og_title":"Wymiana r\u0119cznik\u00f3w - Wonder Home","og_description":"\u015awie\u017co\u015b\u0107 ka\u017cdego dnia z Wonder Home! Zam\u00f3w nowe r\u0119czniki prosto do apartamentu i ciesz si\u0119 pe\u0142nym komfortem podczas ca\u0142ego pobytu.","og_url":"https:\/\/wonderhome.eu\/cz\/wymiana-recznikow\/","og_site_name":"Wonder Home","article_modified_time":"2025-10-21T08:59:53+00:00","og_image":[{"width":1920,"height":1080,"url":"https:\/\/wonderhome.eu\/wp-content\/uploads\/2024\/11\/TAPETA-NA-TOP-60x30-10-min-scaled.jpg","type":"image\/jpeg"}],"twitter_card":"summary_large_image","twitter_misc":{"Odhadovan\u00e1 doba \u010dten\u00ed":"2 minuty"},"schema":{"@context":"https:\/\/schema.org","@graph":[{"@type":"WebPage","@id":"https:\/\/wonderhome.eu\/wymiana-recznikow","url":"https:\/\/wonderhome.eu\/wymiana-recznikow","name":"P\u0159ebalovac\u00ed ru\u010dn\u00edky - Wonder Home","isPartOf":{"@id":"https:\/\/wonderhome.eu\/#website"},"primaryImageOfPage":{"@id":"https:\/\/wonderhome.eu\/wymiana-recznikow#primaryimage"},"image":{"@id":"https:\/\/wonderhome.eu\/wymiana-recznikow#primaryimage"},"thumbnailUrl":"https:\/\/wonderhome.eu\/wp-content\/uploads\/2024\/11\/TAPETA-NA-TOP-60x30-10-min-scaled.jpg","datePublished":"2024-10-30T12:15:13+00:00","dateModified":"2025-10-21T08:59:53+00:00","description":"\u010cerstvost ka\u017ed\u00fd den s Wonder Home! Objednejte si nov\u00e9 ru\u010dn\u00edky p\u0159\u00edmo do va\u0161eho apartm\u00e1nu a u\u017e\u00edvejte si naprost\u00e9ho pohodl\u00ed po celou dobu pobytu.","inLanguage":"cs","potentialAction":[{"@type":"ReadAction","target":["https:\/\/wonderhome.eu\/wymiana-recznikow"]}]},{"@type":"ImageObject","inLanguage":"cs","@id":"https:\/\/wonderhome.eu\/wymiana-recznikow#primaryimage","url":"https:\/\/wonderhome.eu\/wp-content\/uploads\/2024\/11\/TAPETA-NA-TOP-60x30-10-min-scaled.jpg","contentUrl":"https:\/\/wonderhome.eu\/wp-content\/uploads\/2024\/11\/TAPETA-NA-TOP-60x30-10-min-scaled.jpg","width":1920,"height":1080},{"@type":"WebSite","@id":"https:\/\/wonderhome.eu\/#website","url":"https:\/\/wonderhome.eu\/","name":"Wonder Home","description":"","potentialAction":[{"@type":"SearchAction","target":{"@type":"EntryPoint","urlTemplate":"https:\/\/wonderhome.eu\/?s={search_term_string}"},"query-input":{"@type":"PropertyValueSpecification","valueRequired":true,"valueName":"search_term_string"}}],"inLanguage":"cs"}]}},"_links":{"self":[{"href":"https:\/\/wonderhome.eu\/cz\/wp-json\/wp\/v2\/pages\/3759","targetHints":{"allow":["GET"]}}],"collection":[{"href":"https:\/\/wonderhome.eu\/cz\/wp-json\/wp\/v2\/pages"}],"about":[{"href":"https:\/\/wonderhome.eu\/cz\/wp-json\/wp\/v2\/types\/page"}],"author":[{"embeddable":true,"href":"https:\/\/wonderhome.eu\/cz\/wp-json\/wp\/v2\/users\/12"}],"replies":[{"embeddable":true,"href":"https:\/\/wonderhome.eu\/cz\/wp-json\/wp\/v2\/comments?post=3759"}],"version-history":[{"count":3,"href":"https:\/\/wonderhome.eu\/cz\/wp-json\/wp\/v2\/pages\/3759\/revisions"}],"predecessor-version":[{"id":7523,"href":"https:\/\/wonderhome.eu\/cz\/wp-json\/wp\/v2\/pages\/3759\/revisions\/7523"}],"wp:featuredmedia":[{"embeddable":true,"href":"https:\/\/wonderhome.eu\/cz\/wp-json\/wp\/v2\/media\/5090"}],"wp:attachment":[{"href":"https:\/\/wonderhome.eu\/cz\/wp-json\/wp\/v2\/media?parent=3759"}],"curies":[{"name":"wp","href":"https:\/\/api.w.org\/{rel}","templated":true}]}}