{"id":3761,"date":"2024-10-30T14:27:28","date_gmt":"2024-10-30T13:27:28","guid":{"rendered":"https:\/\/wonderhome.eu\/?page_id=3761"},"modified":"2025-10-21T10:57:13","modified_gmt":"2025-10-21T08:57:13","slug":"wymiana-poscieli","status":"publish","type":"page","link":"https:\/\/wonderhome.eu\/cz\/wymiana-poscieli","title":{"rendered":"V\u00fdm\u011bna lo\u017en\u00edho pr\u00e1dla"},"content":{"rendered":"<p class=\"has-text-align-center\"><\/p>\n\n\n\n<div class=\"wp-block-media-text is-stacked-on-mobile\"><figure class=\"wp-block-media-text__media\"><img loading=\"lazy\" decoding=\"async\" width=\"1024\" height=\"680\" src=\"https:\/\/wonderhome.eu\/wp-content\/uploads\/2024\/10\/Kopia-Eliza-\u2013-Wonder-World-idea-3-1024x680.jpg\" alt=\"\" class=\"wp-image-3797 size-full\" srcset=\"https:\/\/wonderhome.eu\/wp-content\/uploads\/2024\/10\/Kopia-Eliza-\u2013-Wonder-World-idea-3-1024x680.jpg 1024w, https:\/\/wonderhome.eu\/wp-content\/uploads\/2024\/10\/Kopia-Eliza-\u2013-Wonder-World-idea-3-300x199.jpg 300w, https:\/\/wonderhome.eu\/wp-content\/uploads\/2024\/10\/Kopia-Eliza-\u2013-Wonder-World-idea-3-768x510.jpg 768w, https:\/\/wonderhome.eu\/wp-content\/uploads\/2024\/10\/Kopia-Eliza-\u2013-Wonder-World-idea-3-18x12.jpg 18w, https:\/\/wonderhome.eu\/wp-content\/uploads\/2024\/10\/Kopia-Eliza-\u2013-Wonder-World-idea-3.jpg 1308w\" sizes=\"auto, (max-width: 1024px) 100vw, 1024px\" \/><\/figure><div class=\"wp-block-media-text__content\">\n<h2 class=\"wp-block-heading has-text-align-center has-text-color has-link-color wp-elements-1e44bcd78f5c4df20603f689ab9916b1\" id=\"g\u00f3ra\" style=\"color:#d7a97d;font-size:28px\">V\u00fdm\u011bna lo\u017en\u00edho pr\u00e1dla<\/h2>\n\n\n\n<div style=\"height:23px\" aria-hidden=\"true\" class=\"wp-block-spacer\"><\/div>\n\n\n\n<p class=\"has-text-align-left has-text-color has-link-color wp-elements-d5f834619297ce397164be3021303360\" style=\"color:#775740;font-size:22px\"><strong>Doru\u010den\u00ed \u010derstv\u00e9ho l\u016f\u017ekovin a\u017e do va\u0161eho bytu? Takov\u00e9 v\u011bci jen v Wonder Home!<\/strong><\/p>\n\n\n\n<p style=\"font-size:16px\"><strong>Nic nezlep\u0161\u00ed kvalitu sp\u00e1nku jako \u010derstv\u00e9 povle\u010den\u00ed!<\/strong> Proto jsme pro hosty Wonder Home p\u0159ipravili jedine\u010dnou slu\u017ebu - <strong>v\u00fdm\u011bna cel\u00e9 lo\u017en\u00ed soupravy na vy\u017e\u00e1d\u00e1n\u00ed<\/strong>.<\/p>\n\n\n\n<p style=\"font-size:16px\"><strong>Rozvoz objedn\u00e1vek do apartm\u00e1n\u016f prob\u00edh\u00e1 denn\u011b mezi 8:00 a 16:00.<\/strong> L\u016f\u017ekoviny dod\u00e1v\u00e1me p\u0159\u00edmo ze skladu, osobn\u00ed odb\u011br nen\u00ed mo\u017en\u00fd.<\/p>\n\n\n\n<div style=\"height:26px\" aria-hidden=\"true\" class=\"wp-block-spacer\"><\/div>\n\n\n\n<h2 class=\"wp-block-heading has-text-align-center has-text-color has-link-color wp-elements-db9dbdaf672a117161e3f718f490319f\" style=\"color:#d7a97d\">Zavolejte a objednejte!<\/h2>\n\n\n\n<div style=\"height:21px\" aria-hidden=\"true\" class=\"wp-block-spacer\"><\/div>\n\n\n\n<div class=\"wp-block-buttons is-horizontal is-content-justification-center is-layout-flex wp-container-core-buttons-is-layout-499968f5 wp-block-buttons-is-layout-flex\">\n<div class=\"wp-block-button is-style-primary is-style-outline is-style-outline--1\"><a class=\"wp-block-button__link has-white-color has-text-color has-background has-link-color wp-element-button\" href=\"tel:+48785913913\" style=\"border-radius:22px;background-color:#d7a97d\"><strong>+48<\/strong> <strong>785-913-319<\/strong><\/a><\/div>\n<\/div>\n\n\n\n<div style=\"height:39px\" aria-hidden=\"true\" class=\"wp-block-spacer\"><\/div>\n\n\n\n<div style=\"height:56px\" aria-hidden=\"true\" class=\"wp-block-spacer\"><\/div>\n<\/div><\/div>\n\n\n\n<div class=\"wp-block-media-text has-media-on-the-right is-stacked-on-mobile\"><div class=\"wp-block-media-text__content\">\n<p class=\"has-text-align-center has-text-color has-link-color wp-elements-7962a59a382df8f8683b6698df7885b7\" style=\"color:#775740;font-size:25px\"><strong>CEN\u00cdK <\/strong><\/p>\n\n\n\n<p class=\"has-text-align-center\" style=\"font-size:16px\"><strong>Sada lo\u017en\u00edho pr\u00e1dla <\/strong>(povlak na pol\u0161t\u00e1\u0159 + povlak na pe\u0159inu + prost\u011bradlo) <strong>s doru\u010den\u00edm do bytu<\/strong> = 29,90 PLN*<\/p>\n\n\n\n<p class=\"has-text-align-center has-text-color has-link-color wp-elements-7e1927278aff07d6514a5da8dbd1d1da\" style=\"color:#d7a97d;font-size:22px\"><strong>Objednejte si je\u0161t\u011b dnes a u\u017eijte si sv\u011b\u017eest a pohodl\u00ed, ani\u017e byste opustili byt!<\/strong><\/p>\n\n\n\n<div class=\"wp-block-buttons is-horizontal is-content-justification-center is-layout-flex wp-container-core-buttons-is-layout-499968f5 wp-block-buttons-is-layout-flex\">\n<div class=\"wp-block-button is-style-primary is-style-outline is-style-outline--2\"><a class=\"wp-block-button__link has-white-color has-text-color has-background has-link-color wp-element-button\" href=\"tel:+48785913913\" style=\"border-radius:22px;background-color:#d7a97d\"><strong>+48<\/strong> <strong>785-913-319<\/strong><\/a><\/div>\n<\/div>\n\n\n\n<div style=\"height:29px\" aria-hidden=\"true\" class=\"wp-block-spacer\"><\/div>\n\n\n\n<p class=\"has-text-align-left\" style=\"font-size:20px\">*<strong>Lo\u017en\u00ed pr\u00e1dlo doru\u010dujeme pouze mezi 8:00 a 16:00.<\/strong>!<\/p>\n\n\n\n<div style=\"height:23px\" aria-hidden=\"true\" class=\"wp-block-spacer\"><\/div>\n<\/div><figure class=\"wp-block-media-text__media\"><img loading=\"lazy\" decoding=\"async\" width=\"1024\" height=\"795\" src=\"https:\/\/wonderhome.eu\/wp-content\/uploads\/2024\/10\/27-1024x795.jpg\" alt=\"\" class=\"wp-image-3795 size-full\" srcset=\"https:\/\/wonderhome.eu\/wp-content\/uploads\/2024\/10\/27-1024x795.jpg 1024w, https:\/\/wonderhome.eu\/wp-content\/uploads\/2024\/10\/27-300x233.jpg 300w, https:\/\/wonderhome.eu\/wp-content\/uploads\/2024\/10\/27-768x596.jpg 768w, https:\/\/wonderhome.eu\/wp-content\/uploads\/2024\/10\/27-15x12.jpg 15w, https:\/\/wonderhome.eu\/wp-content\/uploads\/2024\/10\/27.jpg 1194w\" sizes=\"auto, (max-width: 1024px) 100vw, 1024px\" \/><\/figure><\/div>\n\n\n\n<div style=\"height:100px\" aria-hidden=\"true\" class=\"wp-block-spacer\"><\/div>\n\n\n\n<div class=\"wp-block-buttons is-content-justification-center is-layout-flex wp-container-core-buttons-is-layout-16018d1d wp-block-buttons-is-layout-flex\">\n<div class=\"wp-block-button\"><a class=\"wp-block-button__link has-background has-text-align-center wp-element-button\" href=\"#g\u00f3ra\" style=\"background-color:#d7a97d\"><strong>N\u00e1vrat<\/strong><\/a><\/div>\n<\/div>\n\n\n\n<div style=\"height:100px\" aria-hidden=\"true\" class=\"wp-block-spacer\"><\/div>","protected":false},"excerpt":{"rendered":"","protected":false},"author":12,"featured_media":5098,"parent":0,"menu_order":0,"comment_status":"closed","ping_status":"closed","template":"","meta":{"_acf_changed":false,"footnotes":""},"class_list":["post-3761","page","type-page","status-publish","has-post-thumbnail","hentry"],"acf":[],"yoast_head":"<!-- This site is optimized with the Yoast SEO plugin v27.4 - https:\/\/yoast.com\/product\/yoast-seo-wordpress\/ -->\n<title>Wymiana po\u015bcieli - Wonder Home<\/title>\n<meta name=\"description\" content=\"Pe\u0142en komfort z Wonder Home - \u015bwie\u017ca po\u015bciel z dostaw\u0105 do apartamentu! Zam\u00f3w wymian\u0119 po\u015bcieli i ciesz si\u0119 spokojnym snem ka\u017cdej nocy.\" \/>\n<meta name=\"robots\" content=\"index, follow, max-snippet:-1, max-image-preview:large, max-video-preview:-1\" \/>\n<link rel=\"canonical\" href=\"https:\/\/wonderhome.eu\/cz\/wymiana-poscieli\/\" \/>\n<meta property=\"og:locale\" content=\"cs_CZ\" \/>\n<meta property=\"og:type\" content=\"article\" \/>\n<meta property=\"og:title\" content=\"Wymiana po\u015bcieli - Wonder Home\" \/>\n<meta property=\"og:description\" content=\"Pe\u0142en komfort z Wonder Home - \u015bwie\u017ca po\u015bciel z dostaw\u0105 do apartamentu! Zam\u00f3w wymian\u0119 po\u015bcieli i ciesz si\u0119 spokojnym snem ka\u017cdej nocy.\" \/>\n<meta property=\"og:url\" content=\"https:\/\/wonderhome.eu\/cz\/wymiana-poscieli\/\" \/>\n<meta property=\"og:site_name\" content=\"Wonder Home\" \/>\n<meta property=\"article:modified_time\" content=\"2025-10-21T08:57:13+00:00\" \/>\n<meta property=\"og:image\" content=\"https:\/\/wonderhome.eu\/wp-content\/uploads\/2024\/11\/TAPETA-NA-TOP-60x30-11-min-scaled.jpg\" \/>\n\t<meta property=\"og:image:width\" content=\"1920\" \/>\n\t<meta property=\"og:image:height\" content=\"1080\" \/>\n\t<meta property=\"og:image:type\" content=\"image\/jpeg\" \/>\n<meta name=\"twitter:card\" content=\"summary_large_image\" \/>\n<meta name=\"twitter:label1\" content=\"Odhadovan\u00e1 doba \u010dten\u00ed\" \/>\n\t<meta name=\"twitter:data1\" content=\"2 minuty\" \/>\n<script type=\"application\/ld+json\" class=\"yoast-schema-graph\">{\"@context\":\"https:\\\/\\\/schema.org\",\"@graph\":[{\"@type\":\"WebPage\",\"@id\":\"https:\\\/\\\/wonderhome.eu\\\/wymiana-poscieli\",\"url\":\"https:\\\/\\\/wonderhome.eu\\\/wymiana-poscieli\",\"name\":\"Wymiana po\u015bcieli - Wonder Home\",\"isPartOf\":{\"@id\":\"https:\\\/\\\/wonderhome.eu\\\/#website\"},\"primaryImageOfPage\":{\"@id\":\"https:\\\/\\\/wonderhome.eu\\\/wymiana-poscieli#primaryimage\"},\"image\":{\"@id\":\"https:\\\/\\\/wonderhome.eu\\\/wymiana-poscieli#primaryimage\"},\"thumbnailUrl\":\"https:\\\/\\\/wonderhome.eu\\\/wp-content\\\/uploads\\\/2024\\\/11\\\/TAPETA-NA-TOP-60x30-11-min-scaled.jpg\",\"datePublished\":\"2024-10-30T13:27:28+00:00\",\"dateModified\":\"2025-10-21T08:57:13+00:00\",\"description\":\"Pe\u0142en komfort z Wonder Home - \u015bwie\u017ca po\u015bciel z dostaw\u0105 do apartamentu! Zam\u00f3w wymian\u0119 po\u015bcieli i ciesz si\u0119 spokojnym snem ka\u017cdej nocy.\",\"inLanguage\":\"cs\",\"potentialAction\":[{\"@type\":\"ReadAction\",\"target\":[\"https:\\\/\\\/wonderhome.eu\\\/wymiana-poscieli\"]}]},{\"@type\":\"ImageObject\",\"inLanguage\":\"cs\",\"@id\":\"https:\\\/\\\/wonderhome.eu\\\/wymiana-poscieli#primaryimage\",\"url\":\"https:\\\/\\\/wonderhome.eu\\\/wp-content\\\/uploads\\\/2024\\\/11\\\/TAPETA-NA-TOP-60x30-11-min-scaled.jpg\",\"contentUrl\":\"https:\\\/\\\/wonderhome.eu\\\/wp-content\\\/uploads\\\/2024\\\/11\\\/TAPETA-NA-TOP-60x30-11-min-scaled.jpg\",\"width\":1920,\"height\":1080,\"caption\":\"Personel sprz\u0105taj\u0105cy w trakcie sprz\u0105tania apartamentu Wonder Home\"},{\"@type\":\"WebSite\",\"@id\":\"https:\\\/\\\/wonderhome.eu\\\/#website\",\"url\":\"https:\\\/\\\/wonderhome.eu\\\/\",\"name\":\"Wonder Home\",\"description\":\"\",\"potentialAction\":[{\"@type\":\"SearchAction\",\"target\":{\"@type\":\"EntryPoint\",\"urlTemplate\":\"https:\\\/\\\/wonderhome.eu\\\/?s={search_term_string}\"},\"query-input\":{\"@type\":\"PropertyValueSpecification\",\"valueRequired\":true,\"valueName\":\"search_term_string\"}}],\"inLanguage\":\"cs\"}]}<\/script>\n<!-- \/ Yoast SEO plugin. -->","yoast_head_json":{"title":"P\u0159ebalov\u00e1n\u00ed lo\u017en\u00edho pr\u00e1dla - Wonder Home","description":"Naprost\u00e9 pohodl\u00ed s Wonder Home - \u010derstv\u00e9 lo\u017en\u00ed pr\u00e1dlo doru\u010den\u00e9 a\u017e k v\u00e1m dom\u016f! Objednejte si novou postel a u\u017e\u00edvejte si ka\u017edou noc kvalitn\u00ed sp\u00e1nek.","robots":{"index":"index","follow":"follow","max-snippet":"max-snippet:-1","max-image-preview":"max-image-preview:large","max-video-preview":"max-video-preview:-1"},"canonical":"https:\/\/wonderhome.eu\/cz\/wymiana-poscieli\/","og_locale":"cs_CZ","og_type":"article","og_title":"Wymiana po\u015bcieli - Wonder Home","og_description":"Pe\u0142en komfort z Wonder Home - \u015bwie\u017ca po\u015bciel z dostaw\u0105 do apartamentu! Zam\u00f3w wymian\u0119 po\u015bcieli i ciesz si\u0119 spokojnym snem ka\u017cdej nocy.","og_url":"https:\/\/wonderhome.eu\/cz\/wymiana-poscieli\/","og_site_name":"Wonder Home","article_modified_time":"2025-10-21T08:57:13+00:00","og_image":[{"width":1920,"height":1080,"url":"https:\/\/wonderhome.eu\/wp-content\/uploads\/2024\/11\/TAPETA-NA-TOP-60x30-11-min-scaled.jpg","type":"image\/jpeg"}],"twitter_card":"summary_large_image","twitter_misc":{"Odhadovan\u00e1 doba \u010dten\u00ed":"2 minuty"},"schema":{"@context":"https:\/\/schema.org","@graph":[{"@type":"WebPage","@id":"https:\/\/wonderhome.eu\/wymiana-poscieli","url":"https:\/\/wonderhome.eu\/wymiana-poscieli","name":"P\u0159ebalov\u00e1n\u00ed lo\u017en\u00edho pr\u00e1dla - Wonder Home","isPartOf":{"@id":"https:\/\/wonderhome.eu\/#website"},"primaryImageOfPage":{"@id":"https:\/\/wonderhome.eu\/wymiana-poscieli#primaryimage"},"image":{"@id":"https:\/\/wonderhome.eu\/wymiana-poscieli#primaryimage"},"thumbnailUrl":"https:\/\/wonderhome.eu\/wp-content\/uploads\/2024\/11\/TAPETA-NA-TOP-60x30-11-min-scaled.jpg","datePublished":"2024-10-30T13:27:28+00:00","dateModified":"2025-10-21T08:57:13+00:00","description":"Naprost\u00e9 pohodl\u00ed s Wonder Home - \u010derstv\u00e9 lo\u017en\u00ed pr\u00e1dlo doru\u010den\u00e9 a\u017e k v\u00e1m dom\u016f! Objednejte si novou postel a u\u017e\u00edvejte si ka\u017edou noc kvalitn\u00ed sp\u00e1nek.","inLanguage":"cs","potentialAction":[{"@type":"ReadAction","target":["https:\/\/wonderhome.eu\/wymiana-poscieli"]}]},{"@type":"ImageObject","inLanguage":"cs","@id":"https:\/\/wonderhome.eu\/wymiana-poscieli#primaryimage","url":"https:\/\/wonderhome.eu\/wp-content\/uploads\/2024\/11\/TAPETA-NA-TOP-60x30-11-min-scaled.jpg","contentUrl":"https:\/\/wonderhome.eu\/wp-content\/uploads\/2024\/11\/TAPETA-NA-TOP-60x30-11-min-scaled.jpg","width":1920,"height":1080,"caption":"Personel sprz\u0105taj\u0105cy w trakcie sprz\u0105tania apartamentu Wonder Home"},{"@type":"WebSite","@id":"https:\/\/wonderhome.eu\/#website","url":"https:\/\/wonderhome.eu\/","name":"Wonder Home","description":"","potentialAction":[{"@type":"SearchAction","target":{"@type":"EntryPoint","urlTemplate":"https:\/\/wonderhome.eu\/?s={search_term_string}"},"query-input":{"@type":"PropertyValueSpecification","valueRequired":true,"valueName":"search_term_string"}}],"inLanguage":"cs"}]}},"_links":{"self":[{"href":"https:\/\/wonderhome.eu\/cz\/wp-json\/wp\/v2\/pages\/3761","targetHints":{"allow":["GET"]}}],"collection":[{"href":"https:\/\/wonderhome.eu\/cz\/wp-json\/wp\/v2\/pages"}],"about":[{"href":"https:\/\/wonderhome.eu\/cz\/wp-json\/wp\/v2\/types\/page"}],"author":[{"embeddable":true,"href":"https:\/\/wonderhome.eu\/cz\/wp-json\/wp\/v2\/users\/12"}],"replies":[{"embeddable":true,"href":"https:\/\/wonderhome.eu\/cz\/wp-json\/wp\/v2\/comments?post=3761"}],"version-history":[{"count":2,"href":"https:\/\/wonderhome.eu\/cz\/wp-json\/wp\/v2\/pages\/3761\/revisions"}],"predecessor-version":[{"id":7520,"href":"https:\/\/wonderhome.eu\/cz\/wp-json\/wp\/v2\/pages\/3761\/revisions\/7520"}],"wp:featuredmedia":[{"embeddable":true,"href":"https:\/\/wonderhome.eu\/cz\/wp-json\/wp\/v2\/media\/5098"}],"wp:attachment":[{"href":"https:\/\/wonderhome.eu\/cz\/wp-json\/wp\/v2\/media?parent=3761"}],"curies":[{"name":"wp","href":"https:\/\/api.w.org\/{rel}","templated":true}]}}