{"id":4022,"date":"2024-11-12T12:24:49","date_gmt":"2024-11-12T11:24:49","guid":{"rendered":"https:\/\/wonderhome.eu\/?page_id=4022"},"modified":"2024-11-29T10:28:14","modified_gmt":"2024-11-29T09:28:14","slug":"menadzer-biznesu","status":"publish","type":"page","link":"https:\/\/wonderhome.eu\/cz\/menadzer-biznesu","title":{"rendered":"obchodn\u00ed mana\u017eer"},"content":{"rendered":"<div class=\"wp-block-media-text is-stacked-on-mobile\" style=\"grid-template-columns:40% auto\"><figure class=\"wp-block-media-text__media\"><img loading=\"lazy\" decoding=\"async\" width=\"628\" height=\"938\" src=\"https:\/\/wonderhome.eu\/wp-content\/uploads\/2024\/11\/Ikony-na-witryny-31.png\" alt=\"\" class=\"wp-image-4045 size-full\" srcset=\"https:\/\/wonderhome.eu\/wp-content\/uploads\/2024\/11\/Ikony-na-witryny-31.png 628w, https:\/\/wonderhome.eu\/wp-content\/uploads\/2024\/11\/Ikony-na-witryny-31-201x300.png 201w, https:\/\/wonderhome.eu\/wp-content\/uploads\/2024\/11\/Ikony-na-witryny-31-8x12.png 8w, https:\/\/wonderhome.eu\/wp-content\/uploads\/2024\/11\/Ikony-na-witryny-31-600x896.png 600w\" sizes=\"auto, (max-width: 628px) 100vw, 628px\" \/><\/figure><div class=\"wp-block-media-text__content\">\n<h2 class=\"wp-block-heading has-text-align-left has-text-color has-link-color wp-elements-3e7aadcba8c09ff683f13b69c74351af\" style=\"color:#d7a97d\">Chceme, aby majitel\u00e9 Wonder Home m\u011bli trval\u00fd p\u0159\u00edstup k informac\u00edm o pr\u016fb\u011bhu pron\u00e1jmu a finan\u010dn\u00edch v\u00fdsledc\u00edch.<\/h2>\n\n\n\n<p class=\"has-text-align-left has-medium-font-size\">Abychom se je\u0161t\u011b l\u00e9pe starali o pot\u0159eby vlastn\u00edk\u016f, z\u0159\u00eddili jsme:&nbsp;<strong>obchodn\u00ed mana\u017eer<\/strong>, kter\u00e1 zaji\u0161\u0165uje vysok\u00e9 zisky z pron\u00e1jmu byt\u016f. Ka\u017ed\u00fd den \u0159\u00edd\u00ed ceny a omezen\u00ed, analyzuje trh a vytv\u00e1\u0159\u00ed prodejn\u00ed strategii.<\/p>\n\n\n\n<div style=\"height:33px\" aria-hidden=\"true\" class=\"wp-block-spacer\"><\/div>\n\n\n\n<hr class=\"wp-block-separator has-alpha-channel-opacity\"\/>\n\n\n\n<div style=\"height:33px\" aria-hidden=\"true\" class=\"wp-block-spacer\"><\/div>\n\n\n\n<h2 class=\"wp-block-heading\" style=\"font-size:22px\"><strong>Jmenuji se Katarzyna Pop\u0142awska a jsem obchodn\u00ed mana\u017eerka.<\/strong><\/h2>\n\n\n\n<p class=\"has-medium-font-size\">Zodpov\u00edd\u00e1m za zvy\u0161ov\u00e1n\u00ed tr\u017eeb, maximalizaci zisku a ziskovosti, d\u00e1le analyzuji tr\u017en\u00ed data, sleduji trendy v hotelov\u00e9m pr\u016fmyslu a zkoum\u00e1m chov\u00e1n\u00ed spot\u0159ebitel\u016f.<\/p>\n\n\n\n<p class=\"has-medium-font-size\">Jsem v\u017edy p\u0159ipraven si promluvit a pomoci. Z cel\u00e9ho srdce v\u011b\u0159\u00edm, \u017ee z&nbsp;<strong>Wonder Home<\/strong>&nbsp;vybudujete si solidn\u00ed firmu a dos\u00e1hnete uspokojiv\u00e9ho p\u0159\u00edjmu.<\/p>\n\n\n\n<p class=\"has-medium-font-size\"><strong>Pamatujte, \u017ee jsem v\u00e1m k dispozici.<\/strong><\/p>\n\n\n\n<div style=\"height:33px\" aria-hidden=\"true\" class=\"wp-block-spacer\"><\/div>\n\n\n\n<hr class=\"wp-block-separator has-alpha-channel-opacity\"\/>\n\n\n\n<div style=\"height:33px\" aria-hidden=\"true\" class=\"wp-block-spacer\"><\/div>\n\n\n\n<p class=\"has-medium-font-size\"><strong>KONTAKT<\/strong><br>e-mail: <a href=\"mailto:ac@wonderhome.eu\" target=\"_blank\" rel=\"noreferrer noopener\">kp@wonderhome.eu<\/a><br>telefon: <strong>+48 780 155 568<\/strong>&nbsp;<\/p>\n<\/div><\/div>\n\n\n\n<p><\/p>","protected":false},"excerpt":{"rendered":"","protected":false},"author":12,"featured_media":4311,"parent":0,"menu_order":0,"comment_status":"closed","ping_status":"closed","template":"","meta":{"_acf_changed":false,"footnotes":""},"class_list":["post-4022","page","type-page","status-publish","has-post-thumbnail","hentry"],"acf":[],"yoast_head":"<!-- This site is optimized with the Yoast SEO plugin v27.4 - https:\/\/yoast.com\/product\/yoast-seo-wordpress\/ -->\n<title>Menad\u017cer Biznesu - Wonder Home<\/title>\n<meta name=\"description\" content=\"Profesjonalne zarz\u0105dzanie wynajmem apartament\u00f3w w Wonder Home. Zyskaj maksymalizacj\u0119 dochod\u00f3w dzi\u0119ki wsp\u00f3\u0142pracy z Menad\u017cerem Biznesu.\" \/>\n<meta name=\"robots\" content=\"index, follow, max-snippet:-1, max-image-preview:large, max-video-preview:-1\" \/>\n<link rel=\"canonical\" href=\"https:\/\/wonderhome.eu\/cz\/menadzer-biznesu\/\" \/>\n<meta property=\"og:locale\" content=\"cs_CZ\" \/>\n<meta property=\"og:type\" content=\"article\" \/>\n<meta property=\"og:title\" content=\"Menad\u017cer Biznesu - Wonder Home\" \/>\n<meta property=\"og:description\" content=\"Profesjonalne zarz\u0105dzanie wynajmem apartament\u00f3w w Wonder Home. Zyskaj maksymalizacj\u0119 dochod\u00f3w dzi\u0119ki wsp\u00f3\u0142pracy z Menad\u017cerem Biznesu.\" \/>\n<meta property=\"og:url\" content=\"https:\/\/wonderhome.eu\/cz\/menadzer-biznesu\/\" \/>\n<meta property=\"og:site_name\" content=\"Wonder Home\" \/>\n<meta property=\"article:modified_time\" content=\"2024-11-29T09:28:14+00:00\" \/>\n<meta property=\"og:image\" content=\"https:\/\/wonderhome.eu\/wp-content\/uploads\/2024\/11\/KAFLE-min.jpg\" \/>\n\t<meta property=\"og:image:width\" content=\"940\" \/>\n\t<meta property=\"og:image:height\" content=\"788\" \/>\n\t<meta property=\"og:image:type\" content=\"image\/jpeg\" \/>\n<meta name=\"twitter:card\" content=\"summary_large_image\" \/>\n<meta name=\"twitter:label1\" content=\"Odhadovan\u00e1 doba \u010dten\u00ed\" \/>\n\t<meta name=\"twitter:data1\" content=\"2 minuty\" \/>\n<script type=\"application\/ld+json\" class=\"yoast-schema-graph\">{\"@context\":\"https:\\\/\\\/schema.org\",\"@graph\":[{\"@type\":\"WebPage\",\"@id\":\"https:\\\/\\\/wonderhome.eu\\\/menadzer-biznesu\",\"url\":\"https:\\\/\\\/wonderhome.eu\\\/menadzer-biznesu\",\"name\":\"Menad\u017cer Biznesu - Wonder Home\",\"isPartOf\":{\"@id\":\"https:\\\/\\\/wonderhome.eu\\\/#website\"},\"primaryImageOfPage\":{\"@id\":\"https:\\\/\\\/wonderhome.eu\\\/menadzer-biznesu#primaryimage\"},\"image\":{\"@id\":\"https:\\\/\\\/wonderhome.eu\\\/menadzer-biznesu#primaryimage\"},\"thumbnailUrl\":\"https:\\\/\\\/wonderhome.eu\\\/wp-content\\\/uploads\\\/2024\\\/11\\\/KAFLE-min.jpg\",\"datePublished\":\"2024-11-12T11:24:49+00:00\",\"dateModified\":\"2024-11-29T09:28:14+00:00\",\"description\":\"Profesjonalne zarz\u0105dzanie wynajmem apartament\u00f3w w Wonder Home. Zyskaj maksymalizacj\u0119 dochod\u00f3w dzi\u0119ki wsp\u00f3\u0142pracy z Menad\u017cerem Biznesu.\",\"inLanguage\":\"cs\",\"potentialAction\":[{\"@type\":\"ReadAction\",\"target\":[\"https:\\\/\\\/wonderhome.eu\\\/menadzer-biznesu\"]}]},{\"@type\":\"ImageObject\",\"inLanguage\":\"cs\",\"@id\":\"https:\\\/\\\/wonderhome.eu\\\/menadzer-biznesu#primaryimage\",\"url\":\"https:\\\/\\\/wonderhome.eu\\\/wp-content\\\/uploads\\\/2024\\\/11\\\/KAFLE-min.jpg\",\"contentUrl\":\"https:\\\/\\\/wonderhome.eu\\\/wp-content\\\/uploads\\\/2024\\\/11\\\/KAFLE-min.jpg\",\"width\":940,\"height\":788},{\"@type\":\"WebSite\",\"@id\":\"https:\\\/\\\/wonderhome.eu\\\/#website\",\"url\":\"https:\\\/\\\/wonderhome.eu\\\/\",\"name\":\"Wonder Home\",\"description\":\"\",\"potentialAction\":[{\"@type\":\"SearchAction\",\"target\":{\"@type\":\"EntryPoint\",\"urlTemplate\":\"https:\\\/\\\/wonderhome.eu\\\/?s={search_term_string}\"},\"query-input\":{\"@type\":\"PropertyValueSpecification\",\"valueRequired\":true,\"valueName\":\"search_term_string\"}}],\"inLanguage\":\"cs\"}]}<\/script>\n<!-- \/ Yoast SEO plugin. -->","yoast_head_json":{"title":"Obchodn\u00ed mana\u017eer - Wonder Home","description":"Profesion\u00e1ln\u00ed spr\u00e1va pron\u00e1jmu byt\u016f ve spole\u010dnosti Wonder Home. Maximalizujte sv\u016fj p\u0159\u00edjem spoluprac\u00ed s obchodn\u00edm mana\u017eerem.","robots":{"index":"index","follow":"follow","max-snippet":"max-snippet:-1","max-image-preview":"max-image-preview:large","max-video-preview":"max-video-preview:-1"},"canonical":"https:\/\/wonderhome.eu\/cz\/menadzer-biznesu\/","og_locale":"cs_CZ","og_type":"article","og_title":"Menad\u017cer Biznesu - Wonder Home","og_description":"Profesjonalne zarz\u0105dzanie wynajmem apartament\u00f3w w Wonder Home. Zyskaj maksymalizacj\u0119 dochod\u00f3w dzi\u0119ki wsp\u00f3\u0142pracy z Menad\u017cerem Biznesu.","og_url":"https:\/\/wonderhome.eu\/cz\/menadzer-biznesu\/","og_site_name":"Wonder Home","article_modified_time":"2024-11-29T09:28:14+00:00","og_image":[{"width":940,"height":788,"url":"https:\/\/wonderhome.eu\/wp-content\/uploads\/2024\/11\/KAFLE-min.jpg","type":"image\/jpeg"}],"twitter_card":"summary_large_image","twitter_misc":{"Odhadovan\u00e1 doba \u010dten\u00ed":"2 minuty"},"schema":{"@context":"https:\/\/schema.org","@graph":[{"@type":"WebPage","@id":"https:\/\/wonderhome.eu\/menadzer-biznesu","url":"https:\/\/wonderhome.eu\/menadzer-biznesu","name":"Obchodn\u00ed mana\u017eer - Wonder Home","isPartOf":{"@id":"https:\/\/wonderhome.eu\/#website"},"primaryImageOfPage":{"@id":"https:\/\/wonderhome.eu\/menadzer-biznesu#primaryimage"},"image":{"@id":"https:\/\/wonderhome.eu\/menadzer-biznesu#primaryimage"},"thumbnailUrl":"https:\/\/wonderhome.eu\/wp-content\/uploads\/2024\/11\/KAFLE-min.jpg","datePublished":"2024-11-12T11:24:49+00:00","dateModified":"2024-11-29T09:28:14+00:00","description":"Profesion\u00e1ln\u00ed spr\u00e1va pron\u00e1jmu byt\u016f ve spole\u010dnosti Wonder Home. Maximalizujte sv\u016fj p\u0159\u00edjem spoluprac\u00ed s obchodn\u00edm mana\u017eerem.","inLanguage":"cs","potentialAction":[{"@type":"ReadAction","target":["https:\/\/wonderhome.eu\/menadzer-biznesu"]}]},{"@type":"ImageObject","inLanguage":"cs","@id":"https:\/\/wonderhome.eu\/menadzer-biznesu#primaryimage","url":"https:\/\/wonderhome.eu\/wp-content\/uploads\/2024\/11\/KAFLE-min.jpg","contentUrl":"https:\/\/wonderhome.eu\/wp-content\/uploads\/2024\/11\/KAFLE-min.jpg","width":940,"height":788},{"@type":"WebSite","@id":"https:\/\/wonderhome.eu\/#website","url":"https:\/\/wonderhome.eu\/","name":"Wonder Home","description":"","potentialAction":[{"@type":"SearchAction","target":{"@type":"EntryPoint","urlTemplate":"https:\/\/wonderhome.eu\/?s={search_term_string}"},"query-input":{"@type":"PropertyValueSpecification","valueRequired":true,"valueName":"search_term_string"}}],"inLanguage":"cs"}]}},"_links":{"self":[{"href":"https:\/\/wonderhome.eu\/cz\/wp-json\/wp\/v2\/pages\/4022","targetHints":{"allow":["GET"]}}],"collection":[{"href":"https:\/\/wonderhome.eu\/cz\/wp-json\/wp\/v2\/pages"}],"about":[{"href":"https:\/\/wonderhome.eu\/cz\/wp-json\/wp\/v2\/types\/page"}],"author":[{"embeddable":true,"href":"https:\/\/wonderhome.eu\/cz\/wp-json\/wp\/v2\/users\/12"}],"replies":[{"embeddable":true,"href":"https:\/\/wonderhome.eu\/cz\/wp-json\/wp\/v2\/comments?post=4022"}],"version-history":[{"count":0,"href":"https:\/\/wonderhome.eu\/cz\/wp-json\/wp\/v2\/pages\/4022\/revisions"}],"wp:featuredmedia":[{"embeddable":true,"href":"https:\/\/wonderhome.eu\/cz\/wp-json\/wp\/v2\/media\/4311"}],"wp:attachment":[{"href":"https:\/\/wonderhome.eu\/cz\/wp-json\/wp\/v2\/media?parent=4022"}],"curies":[{"name":"wp","href":"https:\/\/api.w.org\/{rel}","templated":true}]}}