{"id":4301,"date":"2024-11-14T10:24:26","date_gmt":"2024-11-14T09:24:26","guid":{"rendered":"https:\/\/wonderhome.eu\/?page_id=4301"},"modified":"2025-10-21T10:40:00","modified_gmt":"2025-10-21T08:40:00","slug":"pakiety-spa","status":"publish","type":"page","link":"https:\/\/wonderhome.eu\/cz\/pakiety-spa","title":{"rendered":"SPA bal\u00ed\u010dky"},"content":{"rendered":"<p class=\"has-text-align-center\"><\/p>\n\n\n\n<div class=\"wp-block-media-text is-stacked-on-mobile\"><figure class=\"wp-block-media-text__media\"><img loading=\"lazy\" decoding=\"async\" width=\"1024\" height=\"700\" src=\"https:\/\/wonderhome.eu\/wp-content\/uploads\/2024\/11\/Kopia-Eliza-\u2013-Wonder-World-idea-1920-x-1080-px-1-1024x700.png\" alt=\"\" class=\"wp-image-4303 size-full\" srcset=\"https:\/\/wonderhome.eu\/wp-content\/uploads\/2024\/11\/Kopia-Eliza-\u2013-Wonder-World-idea-1920-x-1080-px-1-1024x700.png 1024w, https:\/\/wonderhome.eu\/wp-content\/uploads\/2024\/11\/Kopia-Eliza-\u2013-Wonder-World-idea-1920-x-1080-px-1-300x205.png 300w, https:\/\/wonderhome.eu\/wp-content\/uploads\/2024\/11\/Kopia-Eliza-\u2013-Wonder-World-idea-1920-x-1080-px-1-768x525.png 768w, https:\/\/wonderhome.eu\/wp-content\/uploads\/2024\/11\/Kopia-Eliza-\u2013-Wonder-World-idea-1920-x-1080-px-1-18x12.png 18w, https:\/\/wonderhome.eu\/wp-content\/uploads\/2024\/11\/Kopia-Eliza-\u2013-Wonder-World-idea-1920-x-1080-px-1.png 1319w\" sizes=\"auto, (max-width: 1024px) 100vw, 1024px\" \/><\/figure><div class=\"wp-block-media-text__content\">\n<h2 class=\"wp-block-heading has-text-align-center has-text-color has-link-color wp-elements-229009a35bad25a00457a1806de1ea14\" id=\"g\u00f3ra\" style=\"color:#775740;font-size:25px\"><strong>Objevte sv\u011bt skute\u010dn\u00e9 relaxace d\u00edky speci\u00e1ln\u011b sestaven\u00fdm bal\u00ed\u010dk\u016fm Prestige SPA, kter\u00e9 jsme vytvo\u0159ili s ohledem na hosty Wonder Home Apartments. <\/strong><\/h2>\n\n\n\n<p style=\"font-size:20px\">V\u00edtejte na <strong>nejlep\u0161\u00ed wellness kr\u00e1lovstv\u00ed v Karpaczi<\/strong>, kde je ka\u017ed\u00e9 o\u0161et\u0159en\u00ed p\u0159izp\u016fsobeno va\u0161im individu\u00e1ln\u00edm pot\u0159eb\u00e1m a o\u010dek\u00e1v\u00e1n\u00edm.<\/p>\n\n\n\n<p style=\"font-size:20px\">Ceny na\u0161ich luxusn\u00edch bal\u00ed\u010dk\u016f pro hosty Wonder Home jsou mnohem ni\u017e\u0161\u00ed ne\u017e individu\u00e1ln\u00ed procedury objednan\u00e9 p\u0159\u00edmo v SPA.&nbsp;<strong>U\u017eijte si nejvy\u0161\u0161\u00ed kvalitu bez nadm\u011brn\u00fdch v\u00fddaj\u016f!<\/strong><\/p>\n\n\n\n<p class=\"has-medium-font-size\">Seznamte se <span style=\"color:#d7a97d\"><strong>4 unik\u00e1tn\u00ed SPA bal\u00ed\u010dky<\/strong><\/span> a dop\u0159ejte si chvilku bla\u017een\u00e9ho odpo\u010dinku se sv\u00fdmi bl\u00edzk\u00fdmi!<\/p>\n\n\n\n<div style=\"height:27px\" aria-hidden=\"true\" class=\"wp-block-spacer\"><\/div>\n\n\n\n<div class=\"wp-block-buttons is-content-justification-center is-layout-flex wp-container-core-buttons-is-layout-16018d1d wp-block-buttons-is-layout-flex\">\n<div class=\"wp-block-button\"><a class=\"wp-block-button__link has-background has-medium-font-size has-custom-font-size wp-element-button\" href=\"https:\/\/wonderhome.eu\/wp-content\/uploads\/2024\/09\/Oferta-cennik-Prestige-SPA-4-pakiety.pdf\" style=\"background-color:#d7a97d\"><strong>Inform\u00e1tor<\/strong><\/a><\/div>\n<\/div>\n\n\n\n<div style=\"height:26px\" aria-hidden=\"true\" class=\"wp-block-spacer\"><\/div>\n<\/div><\/div>\n\n\n\n<div style=\"height:78px\" aria-hidden=\"true\" class=\"wp-block-spacer\"><\/div>\n\n\n\n<div class=\"wp-block-cover alignfull is-light has-parallax has-small-font-size\" style=\"min-height:130px;aspect-ratio:unset;\"><div class=\"wp-block-cover__image-background wp-image-3915 has-parallax\" style=\"background-position:50% 50%;background-image:url(https:\/\/wonderhome.eu\/wp-content\/uploads\/2024\/11\/Header-statyczny-1920-x-1080-px-1920-x-1080-px-2.jpg)\"><\/div><span aria-hidden=\"true\" class=\"wp-block-cover__background has-background-dim-40 has-background-dim\" style=\"background-color:#b5a38f\"><\/span><div class=\"wp-block-cover__inner-container is-layout-constrained wp-block-cover-is-layout-constrained\">\n<p class=\"has-text-align-center has-white-color has-text-color has-link-color has-x-large-font-size wp-elements-5ab1365e367ed4220a0c8e7923f4915a\">4 bal\u00ed\u010dky Prestige SPA<\/p>\n<\/div><\/div>\n\n\n\n<div style=\"height:78px\" aria-hidden=\"true\" class=\"wp-block-spacer\"><\/div>\n\n\n\n<div style=\"height:39px\" aria-hidden=\"true\" class=\"wp-block-spacer\"><\/div>\n\n\n\n<div class=\"wp-block-media-text has-media-on-the-right is-stacked-on-mobile\"><div class=\"wp-block-media-text__content\">\n<p class=\"has-text-align-center has-text-color has-link-color wp-elements-53ef1c8e6806b4cd4b7914b38a77c6d1\" style=\"color:#775740;font-size:25px\"><strong>Bal\u00edk<\/strong> <strong>Wonder Woman<\/strong><\/p>\n\n\n\n<p class=\"has-text-align-center\" style=\"font-size:20px\">Pe\u010dliv\u011b sestaven\u00fd bal\u00ed\u010dek SPA procedur! Perfektn\u00ed n\u00e1pad na d\u00edv\u010d\u00ed ve\u010der o samot\u011b nebo s partou kamar\u00e1dek. Dop\u0159ejte si relaxaci a relaxaci. Ne\u010dekejte - po\u0159i\u010fte si d\u00e1rek!<\/p>\n\n\n\n<p class=\"has-text-align-center has-text-color has-link-color has-medium-font-size wp-elements-5ec4573c5e0deec80b5d82ec01ab4dc8\" style=\"color:#d7a97d\"><strong>Celkov\u00e1 doba o\u0161et\u0159en\u00ed v bal\u00ed\u010dku - 240 minut.<\/strong><\/p>\n\n\n<div class=\"wp-block-image\">\n<figure class=\"aligncenter size-full\"><img loading=\"lazy\" decoding=\"async\" width=\"479\" height=\"172\" src=\"https:\/\/wonderhome.eu\/wp-content\/uploads\/2024\/11\/Zrzut-ekranu-2024-11-14-101533.png\" alt=\"\" class=\"wp-image-4332\" srcset=\"https:\/\/wonderhome.eu\/wp-content\/uploads\/2024\/11\/Zrzut-ekranu-2024-11-14-101533.png 479w, https:\/\/wonderhome.eu\/wp-content\/uploads\/2024\/11\/Zrzut-ekranu-2024-11-14-101533-300x108.png 300w, https:\/\/wonderhome.eu\/wp-content\/uploads\/2024\/11\/Zrzut-ekranu-2024-11-14-101533-18x6.png 18w\" sizes=\"auto, (max-width: 479px) 100vw, 479px\" \/><\/figure>\n<\/div>\n\n\n<p class=\"has-text-align-center has-text-color has-link-color has-medium-font-size wp-elements-e695fbda13a261bfecfcf7fa7ebecb1c\" style=\"color:#d7a97d\"><strong>Celkov\u00e1 cena za 1 osobu - 720 PLN\/<s>890 PLN.<\/s><\/strong><\/p>\n\n\n\n<div style=\"height:31px\" aria-hidden=\"true\" class=\"wp-block-spacer\"><\/div>\n\n\n\n<h2 class=\"wp-block-heading has-text-align-center has-text-color has-link-color has-medium-font-size wp-elements-1f742fc5a150dd4bb8fa25dd5e141baa\" style=\"color:#601a1a\"><strong>tel.:&nbsp;<a href=\"tel:+48757618522\" target=\"_blank\" rel=\"noreferrer noopener\">75 761 85 22<\/a><br>e-mail:&nbsp;<a href=\"mailto:spa@artusresort.pl\" target=\"_blank\" rel=\"noreferrer noopener\">spa@artusresort.pl<\/a><\/strong><\/h2>\n\n\n\n<div style=\"height:23px\" aria-hidden=\"true\" class=\"wp-block-spacer\"><\/div>\n<\/div><figure class=\"wp-block-media-text__media\"><img loading=\"lazy\" decoding=\"async\" width=\"1024\" height=\"653\" src=\"https:\/\/wonderhome.eu\/wp-content\/uploads\/2024\/11\/111-1024x653.jpg\" alt=\"\" class=\"wp-image-4866 size-full\" srcset=\"https:\/\/wonderhome.eu\/wp-content\/uploads\/2024\/11\/111-1024x653.jpg 1024w, https:\/\/wonderhome.eu\/wp-content\/uploads\/2024\/11\/111-300x191.jpg 300w, https:\/\/wonderhome.eu\/wp-content\/uploads\/2024\/11\/111-768x490.jpg 768w, https:\/\/wonderhome.eu\/wp-content\/uploads\/2024\/11\/111-18x12.jpg 18w, https:\/\/wonderhome.eu\/wp-content\/uploads\/2024\/11\/111.jpg 1223w\" sizes=\"auto, (max-width: 1024px) 100vw, 1024px\" \/><\/figure><\/div>\n\n\n\n<div style=\"height:57px\" aria-hidden=\"true\" class=\"wp-block-spacer\"><\/div>\n\n\n\n<div class=\"wp-block-media-text is-stacked-on-mobile\"><figure class=\"wp-block-media-text__media\"><img loading=\"lazy\" decoding=\"async\" width=\"1024\" height=\"710\" src=\"https:\/\/wonderhome.eu\/wp-content\/uploads\/2024\/11\/12-min-4-1024x710.jpg\" alt=\"\" class=\"wp-image-4868 size-full\" srcset=\"https:\/\/wonderhome.eu\/wp-content\/uploads\/2024\/11\/12-min-4-1024x710.jpg 1024w, https:\/\/wonderhome.eu\/wp-content\/uploads\/2024\/11\/12-min-4-300x208.jpg 300w, https:\/\/wonderhome.eu\/wp-content\/uploads\/2024\/11\/12-min-4-768x533.jpg 768w, https:\/\/wonderhome.eu\/wp-content\/uploads\/2024\/11\/12-min-4-18x12.jpg 18w, https:\/\/wonderhome.eu\/wp-content\/uploads\/2024\/11\/12-min-4.jpg 1153w\" sizes=\"auto, (max-width: 1024px) 100vw, 1024px\" \/><\/figure><div class=\"wp-block-media-text__content\">\n<p class=\"has-text-align-center has-text-color has-link-color wp-elements-871e60d5e045d47fe9f3db536f168f1d\" style=\"color:#775740;font-size:25px\"><strong>Bal\u00edk<\/strong> <strong>Wonder Love<\/strong><\/p>\n\n\n\n<p class=\"has-text-align-center\" style=\"font-size:20px\">Spojte vzru\u0161uj\u00edc\u00ed chv\u00edle jen pro dva v apartm\u00e1nech Wonder Home se speci\u00e1ln\u00edm bal\u00ed\u010dkem procedur PRESTIGE SPA! Pod\u00edvejte se na jedine\u010dnou nab\u00eddku, kterou jsme pro v\u00e1s a va\u0161i polovi\u010dku p\u0159ipravili!<\/p>\n\n\n\n<p class=\"has-text-align-center has-text-color has-link-color has-medium-font-size wp-elements-97011ea63f8ed3492847f289e71b37f5\" style=\"color:#d7a97d\"><strong><strong>Celkov\u00e1 doba o\u0161et\u0159en\u00ed v bal\u00ed\u010dku pro ka\u017edou osobu - 100 minut.<\/strong><\/strong><\/p>\n\n\n\n<p style=\"font-size:18px\">O\u0161et\u0159en\u00ed pro p\u00e1ry v jedn\u00e9 ordinaci je skute\u010dn\u00fdm z\u00e1\u017eitkem <strong>Mas\u00e1\u017e cel\u00e9ho t\u011bla, \u0161\u00edje a hlavy<\/strong>, kter\u00fd se vyr\u00e1b\u00ed teplou sv\u00ed\u010dkou. Mas\u00e1\u017ei p\u0159edch\u00e1z\u00ed bylinn\u00fd, p\u0159\u00edrodn\u00ed peeling pro ka\u017ed\u00e9ho \u010dlov\u011bka.<\/p>\n\n\n\n<p class=\"has-text-align-center has-text-color has-link-color has-medium-font-size wp-elements-c8c54486d12b071ef3920b344a27e248\" style=\"color:#d7a97d\"><strong>Celkov\u00e1 cena pro 2 osoby: 740 PLN\/<s>880 PLN.<\/s><\/strong><\/p>\n\n\n\n<div style=\"height:31px\" aria-hidden=\"true\" class=\"wp-block-spacer\"><\/div>\n\n\n\n<h2 class=\"wp-block-heading has-text-align-center has-text-color has-link-color has-medium-font-size wp-elements-1f742fc5a150dd4bb8fa25dd5e141baa\" style=\"color:#601a1a\"><strong>tel.:&nbsp;<a href=\"tel:+48757618522\" target=\"_blank\" rel=\"noreferrer noopener\">75 761 85 22<\/a><br>e-mail:&nbsp;<a href=\"mailto:spa@artusresort.pl\" target=\"_blank\" rel=\"noreferrer noopener\">spa@artusresort.pl<\/a><\/strong><\/h2>\n\n\n\n<div style=\"height:23px\" aria-hidden=\"true\" class=\"wp-block-spacer\"><\/div>\n<\/div><\/div>\n\n\n\n<div style=\"height:57px\" aria-hidden=\"true\" class=\"wp-block-spacer\"><\/div>\n\n\n\n<div class=\"wp-block-media-text has-media-on-the-right is-stacked-on-mobile\"><div class=\"wp-block-media-text__content\">\n<p class=\"has-text-align-center has-text-color has-link-color wp-elements-9485c1ec3b87b4f845fa13c645862549\" style=\"color:#775740;font-size:25px\"><strong>Bal\u00edk<\/strong> <strong>\u00da\u017easn\u00ed rodi\u010de<\/strong><\/p>\n\n\n\n<p class=\"has-text-align-center\" style=\"font-size:20px\">V\u00e1\u017een\u00ed z\u00e1zra\u010dn\u00ed rodi\u010de! M\u00e1me pro v\u00e1s pe\u010dliv\u011b sestaven\u00fd bal\u00ed\u010dek SPA procedur v kombinaci s nab\u00eddkou komfortn\u00edch apartm\u00e1n\u016f.<\/p>\n\n\n\n<p class=\"has-text-align-center has-text-color has-link-color has-medium-font-size wp-elements-b1a59077a0f11915c07995181797f85e\" style=\"color:#d7a97d\"><strong>Celkov\u00fd \u010das na 1 osobu 165 min.\/2 hod. 45 min.<\/strong><\/p>\n\n\n<div class=\"wp-block-image\">\n<figure class=\"aligncenter size-full\"><img loading=\"lazy\" decoding=\"async\" width=\"533\" height=\"306\" src=\"https:\/\/wonderhome.eu\/wp-content\/uploads\/2024\/11\/Zrzut-ekranu-2024-11-14-113147.png\" alt=\"\" class=\"wp-image-4345\" srcset=\"https:\/\/wonderhome.eu\/wp-content\/uploads\/2024\/11\/Zrzut-ekranu-2024-11-14-113147.png 533w, https:\/\/wonderhome.eu\/wp-content\/uploads\/2024\/11\/Zrzut-ekranu-2024-11-14-113147-300x172.png 300w, https:\/\/wonderhome.eu\/wp-content\/uploads\/2024\/11\/Zrzut-ekranu-2024-11-14-113147-18x10.png 18w\" sizes=\"auto, (max-width: 533px) 100vw, 533px\" \/><\/figure>\n<\/div>\n\n\n<p class=\"has-text-align-center has-text-color has-link-color has-medium-font-size wp-elements-a1c708a456baf9019da08bf630ce665e\" style=\"color:#d7a97d\"><strong>Celkov\u00e1 cena za 1 osobu - 720 PLN\/890 PLN.<\/strong><\/p>\n\n\n\n<div style=\"height:31px\" aria-hidden=\"true\" class=\"wp-block-spacer\"><\/div>\n\n\n\n<h2 class=\"wp-block-heading has-text-align-center has-text-color has-link-color has-medium-font-size wp-elements-1f742fc5a150dd4bb8fa25dd5e141baa\" style=\"color:#601a1a\"><strong>tel.:&nbsp;<a href=\"tel:+48757618522\" target=\"_blank\" rel=\"noreferrer noopener\">75 761 85 22<\/a><br>e-mail:&nbsp;<a href=\"mailto:spa@artusresort.pl\" target=\"_blank\" rel=\"noreferrer noopener\">spa@artusresort.pl<\/a><\/strong><\/h2>\n\n\n\n<div style=\"height:23px\" aria-hidden=\"true\" class=\"wp-block-spacer\"><\/div>\n<\/div><figure class=\"wp-block-media-text__media\"><img loading=\"lazy\" decoding=\"async\" width=\"1024\" height=\"712\" src=\"https:\/\/wonderhome.eu\/wp-content\/uploads\/2024\/11\/131-min-1024x712.jpg\" alt=\"\" class=\"wp-image-4869 size-full\" srcset=\"https:\/\/wonderhome.eu\/wp-content\/uploads\/2024\/11\/131-min-1024x712.jpg 1024w, https:\/\/wonderhome.eu\/wp-content\/uploads\/2024\/11\/131-min-300x208.jpg 300w, https:\/\/wonderhome.eu\/wp-content\/uploads\/2024\/11\/131-min-768x534.jpg 768w, https:\/\/wonderhome.eu\/wp-content\/uploads\/2024\/11\/131-min-18x12.jpg 18w, https:\/\/wonderhome.eu\/wp-content\/uploads\/2024\/11\/131-min.jpg 1239w\" sizes=\"auto, (max-width: 1024px) 100vw, 1024px\" \/><\/figure><\/div>\n\n\n\n<div style=\"height:57px\" aria-hidden=\"true\" class=\"wp-block-spacer\"><\/div>\n\n\n\n<div class=\"wp-block-media-text is-stacked-on-mobile\"><figure class=\"wp-block-media-text__media\"><img loading=\"lazy\" decoding=\"async\" width=\"1024\" height=\"734\" src=\"https:\/\/wonderhome.eu\/wp-content\/uploads\/2024\/11\/14-min-4-1024x734.jpg\" alt=\"\" class=\"wp-image-4870 size-full\" srcset=\"https:\/\/wonderhome.eu\/wp-content\/uploads\/2024\/11\/14-min-4-1024x734.jpg 1024w, https:\/\/wonderhome.eu\/wp-content\/uploads\/2024\/11\/14-min-4-300x215.jpg 300w, https:\/\/wonderhome.eu\/wp-content\/uploads\/2024\/11\/14-min-4-768x550.jpg 768w, https:\/\/wonderhome.eu\/wp-content\/uploads\/2024\/11\/14-min-4-18x12.jpg 18w, https:\/\/wonderhome.eu\/wp-content\/uploads\/2024\/11\/14-min-4.jpg 1181w\" sizes=\"auto, (max-width: 1024px) 100vw, 1024px\" \/><\/figure><div class=\"wp-block-media-text__content\">\n<p class=\"has-text-align-center has-text-color has-link-color wp-elements-5577e3d99d139e13bc50cb3506f03966\" style=\"color:#775740;font-size:25px\"><strong>Bal\u00edk<\/strong> <strong>Wonder Work<\/strong><\/p>\n\n\n\n<p class=\"has-text-align-center\" style=\"font-size:20px\">Pro v\u0161echny zanepr\u00e1zdn\u011bn\u00e9 lidi jsme p\u0159ipravili pe\u010dliv\u011b sestaven\u00fd bal\u00ed\u010dek (a\u017e 7 hodin) ve vyhl\u00e1\u0161en\u00fdch PRESTIGE SPA v Karpaczi! Jak dlouho z\u016fstanete v Wonder Home Apartments?<\/p>\n\n\n\n<p class=\"has-text-align-center has-text-color has-link-color has-medium-font-size wp-elements-25216ae7b57fbcd6ba8fbe601da8a991\" style=\"color:#d7a97d\"><strong><strong>Celkov\u00e1 doba o\u0161et\u0159en\u00ed v bal\u00ed\u010dku pro ka\u017edou osobu - 420 minut.<\/strong><\/strong><\/p>\n\n\n<div class=\"wp-block-image\">\n<figure class=\"aligncenter size-full\"><img loading=\"lazy\" decoding=\"async\" width=\"517\" height=\"228\" src=\"https:\/\/wonderhome.eu\/wp-content\/uploads\/2024\/11\/wwwZrzut-ekranu-2024-11-14-120213.png\" alt=\"\" class=\"wp-image-4353\" srcset=\"https:\/\/wonderhome.eu\/wp-content\/uploads\/2024\/11\/wwwZrzut-ekranu-2024-11-14-120213.png 517w, https:\/\/wonderhome.eu\/wp-content\/uploads\/2024\/11\/wwwZrzut-ekranu-2024-11-14-120213-300x132.png 300w, https:\/\/wonderhome.eu\/wp-content\/uploads\/2024\/11\/wwwZrzut-ekranu-2024-11-14-120213-18x8.png 18w\" sizes=\"auto, (max-width: 517px) 100vw, 517px\" \/><\/figure>\n<\/div>\n\n\n<p class=\"has-text-align-center has-text-color has-link-color has-medium-font-size wp-elements-6ddf9462000ee3ea8d792935ebb6f6aa\" style=\"color:#d7a97d\"><strong>Celkov\u00e1 cena za 1 osobu: 1 550 PLN\/<s>1810 PLN<\/s>.<\/strong><\/p>\n\n\n\n<div style=\"height:31px\" aria-hidden=\"true\" class=\"wp-block-spacer\"><\/div>\n\n\n\n<h2 class=\"wp-block-heading has-text-align-center has-text-color has-link-color has-medium-font-size wp-elements-1f742fc5a150dd4bb8fa25dd5e141baa\" style=\"color:#601a1a\"><strong>tel.:&nbsp;<a href=\"tel:+48757618522\" target=\"_blank\" rel=\"noreferrer noopener\">75 761 85 22<\/a><br>e-mail:&nbsp;<a href=\"mailto:spa@artusresort.pl\" target=\"_blank\" rel=\"noreferrer noopener\">spa@artusresort.pl<\/a><\/strong><\/h2>\n\n\n\n<div style=\"height:23px\" aria-hidden=\"true\" class=\"wp-block-spacer\"><\/div>\n<\/div><\/div>\n\n\n\n<div style=\"height:112px\" aria-hidden=\"true\" class=\"wp-block-spacer\"><\/div>\n\n\n\n<div class=\"wp-block-cover alignfull is-light has-parallax has-small-font-size\" style=\"min-height:130px;aspect-ratio:unset;\"><div class=\"wp-block-cover__image-background wp-image-3915 has-parallax\" style=\"background-position:50% 50%;background-image:url(https:\/\/wonderhome.eu\/wp-content\/uploads\/2024\/11\/Header-statyczny-1920-x-1080-px-1920-x-1080-px-2.jpg)\"><\/div><span aria-hidden=\"true\" class=\"wp-block-cover__background has-background-dim-40 has-background-dim\" style=\"background-color:#b5a38f\"><\/span><div class=\"wp-block-cover__inner-container is-layout-constrained wp-block-cover-is-layout-constrained\">\n<p class=\"has-text-align-center has-white-color has-text-color has-link-color has-x-large-font-size wp-elements-3d269617c3acf71542ec576fd5dadf56\">Prestige SPA<br>ulice Wilcza 9<br>58-540 Karpacz<\/p>\n<\/div><\/div>\n\n\n\n<div style=\"height:100px\" aria-hidden=\"true\" class=\"wp-block-spacer\"><\/div>\n\n\n\n<div class=\"wp-block-buttons is-content-justification-center is-layout-flex wp-container-core-buttons-is-layout-16018d1d wp-block-buttons-is-layout-flex\">\n<div class=\"wp-block-button\"><a class=\"wp-block-button__link has-background has-text-align-center wp-element-button\" href=\"#g\u00f3ra\" style=\"background-color:#d7a97d\"><strong>N\u00e1vrat<\/strong><\/a><\/div>\n<\/div>\n\n\n\n<div style=\"height:100px\" aria-hidden=\"true\" class=\"wp-block-spacer\"><\/div>","protected":false},"excerpt":{"rendered":"","protected":false},"author":12,"featured_media":5121,"parent":0,"menu_order":0,"comment_status":"closed","ping_status":"closed","template":"","meta":{"_acf_changed":false,"footnotes":""},"class_list":["post-4301","page","type-page","status-publish","has-post-thumbnail","hentry"],"acf":[],"yoast_head":"<!-- This site is optimized with the Yoast SEO plugin v27.4 - https:\/\/yoast.com\/product\/yoast-seo-wordpress\/ -->\n<title>Pakiety SPA - Wonder Home<\/title>\n<meta name=\"description\" content=\"Wonder SPA to wyj\u0105tkowe pakiety Prestige SPA dla Go\u015bci Wonder Home \u2013 relaks i regeneracja w luksusowej atmosferze!\" \/>\n<meta name=\"robots\" content=\"index, follow, max-snippet:-1, max-image-preview:large, max-video-preview:-1\" \/>\n<link rel=\"canonical\" href=\"https:\/\/wonderhome.eu\/cz\/pakiety-spa\/\" \/>\n<meta property=\"og:locale\" content=\"cs_CZ\" \/>\n<meta property=\"og:type\" content=\"article\" \/>\n<meta property=\"og:title\" content=\"Pakiety SPA - Wonder Home\" \/>\n<meta property=\"og:description\" content=\"Wonder SPA to wyj\u0105tkowe pakiety Prestige SPA dla Go\u015bci Wonder Home \u2013 relaks i regeneracja w luksusowej atmosferze!\" \/>\n<meta property=\"og:url\" content=\"https:\/\/wonderhome.eu\/cz\/pakiety-spa\/\" \/>\n<meta property=\"og:site_name\" content=\"Wonder Home\" \/>\n<meta property=\"article:modified_time\" content=\"2025-10-21T08:40:00+00:00\" \/>\n<meta property=\"og:image\" content=\"https:\/\/wonderhome.eu\/wp-content\/uploads\/2024\/11\/TAPETA-NA-TOP-60x30-14-min-scaled.jpg\" \/>\n\t<meta property=\"og:image:width\" content=\"1920\" \/>\n\t<meta property=\"og:image:height\" content=\"1080\" \/>\n\t<meta property=\"og:image:type\" content=\"image\/jpeg\" \/>\n<meta name=\"twitter:card\" content=\"summary_large_image\" \/>\n<meta name=\"twitter:label1\" content=\"Odhadovan\u00e1 doba \u010dten\u00ed\" \/>\n\t<meta name=\"twitter:data1\" content=\"5 minut\" \/>\n<script type=\"application\/ld+json\" class=\"yoast-schema-graph\">{\"@context\":\"https:\\\/\\\/schema.org\",\"@graph\":[{\"@type\":\"WebPage\",\"@id\":\"https:\\\/\\\/wonderhome.eu\\\/pakiety-spa\",\"url\":\"https:\\\/\\\/wonderhome.eu\\\/pakiety-spa\",\"name\":\"Pakiety SPA - Wonder Home\",\"isPartOf\":{\"@id\":\"https:\\\/\\\/wonderhome.eu\\\/#website\"},\"primaryImageOfPage\":{\"@id\":\"https:\\\/\\\/wonderhome.eu\\\/pakiety-spa#primaryimage\"},\"image\":{\"@id\":\"https:\\\/\\\/wonderhome.eu\\\/pakiety-spa#primaryimage\"},\"thumbnailUrl\":\"https:\\\/\\\/wonderhome.eu\\\/wp-content\\\/uploads\\\/2024\\\/11\\\/TAPETA-NA-TOP-60x30-14-min-scaled.jpg\",\"datePublished\":\"2024-11-14T09:24:26+00:00\",\"dateModified\":\"2025-10-21T08:40:00+00:00\",\"description\":\"Wonder SPA to wyj\u0105tkowe pakiety Prestige SPA dla Go\u015bci Wonder Home \u2013 relaks i regeneracja w luksusowej atmosferze!\",\"inLanguage\":\"cs\",\"potentialAction\":[{\"@type\":\"ReadAction\",\"target\":[\"https:\\\/\\\/wonderhome.eu\\\/pakiety-spa\"]}]},{\"@type\":\"ImageObject\",\"inLanguage\":\"cs\",\"@id\":\"https:\\\/\\\/wonderhome.eu\\\/pakiety-spa#primaryimage\",\"url\":\"https:\\\/\\\/wonderhome.eu\\\/wp-content\\\/uploads\\\/2024\\\/11\\\/TAPETA-NA-TOP-60x30-14-min-scaled.jpg\",\"contentUrl\":\"https:\\\/\\\/wonderhome.eu\\\/wp-content\\\/uploads\\\/2024\\\/11\\\/TAPETA-NA-TOP-60x30-14-min-scaled.jpg\",\"width\":1920,\"height\":1080},{\"@type\":\"WebSite\",\"@id\":\"https:\\\/\\\/wonderhome.eu\\\/#website\",\"url\":\"https:\\\/\\\/wonderhome.eu\\\/\",\"name\":\"Wonder Home\",\"description\":\"\",\"potentialAction\":[{\"@type\":\"SearchAction\",\"target\":{\"@type\":\"EntryPoint\",\"urlTemplate\":\"https:\\\/\\\/wonderhome.eu\\\/?s={search_term_string}\"},\"query-input\":{\"@type\":\"PropertyValueSpecification\",\"valueRequired\":true,\"valueName\":\"search_term_string\"}}],\"inLanguage\":\"cs\"}]}<\/script>\n<!-- \/ Yoast SEO plugin. -->","yoast_head_json":{"title":"L\u00e1ze\u0148sk\u00e9 bal\u00ed\u010dky - Wonder Home","description":"Wonder SPA nab\u00edz\u00ed host\u016fm Wonder Home unik\u00e1tn\u00ed bal\u00ed\u010dky Prestige SPA \u2013 relaxaci a regeneraci v luxusn\u00edm prost\u0159ed\u00ed!","robots":{"index":"index","follow":"follow","max-snippet":"max-snippet:-1","max-image-preview":"max-image-preview:large","max-video-preview":"max-video-preview:-1"},"canonical":"https:\/\/wonderhome.eu\/cz\/pakiety-spa\/","og_locale":"cs_CZ","og_type":"article","og_title":"Pakiety SPA - Wonder Home","og_description":"Wonder SPA to wyj\u0105tkowe pakiety Prestige SPA dla Go\u015bci Wonder Home \u2013 relaks i regeneracja w luksusowej atmosferze!","og_url":"https:\/\/wonderhome.eu\/cz\/pakiety-spa\/","og_site_name":"Wonder Home","article_modified_time":"2025-10-21T08:40:00+00:00","og_image":[{"width":1920,"height":1080,"url":"https:\/\/wonderhome.eu\/wp-content\/uploads\/2024\/11\/TAPETA-NA-TOP-60x30-14-min-scaled.jpg","type":"image\/jpeg"}],"twitter_card":"summary_large_image","twitter_misc":{"Odhadovan\u00e1 doba \u010dten\u00ed":"5 minut"},"schema":{"@context":"https:\/\/schema.org","@graph":[{"@type":"WebPage","@id":"https:\/\/wonderhome.eu\/pakiety-spa","url":"https:\/\/wonderhome.eu\/pakiety-spa","name":"L\u00e1ze\u0148sk\u00e9 bal\u00ed\u010dky - Wonder Home","isPartOf":{"@id":"https:\/\/wonderhome.eu\/#website"},"primaryImageOfPage":{"@id":"https:\/\/wonderhome.eu\/pakiety-spa#primaryimage"},"image":{"@id":"https:\/\/wonderhome.eu\/pakiety-spa#primaryimage"},"thumbnailUrl":"https:\/\/wonderhome.eu\/wp-content\/uploads\/2024\/11\/TAPETA-NA-TOP-60x30-14-min-scaled.jpg","datePublished":"2024-11-14T09:24:26+00:00","dateModified":"2025-10-21T08:40:00+00:00","description":"Wonder SPA nab\u00edz\u00ed host\u016fm Wonder Home unik\u00e1tn\u00ed bal\u00ed\u010dky Prestige SPA \u2013 relaxaci a regeneraci v luxusn\u00edm prost\u0159ed\u00ed!","inLanguage":"cs","potentialAction":[{"@type":"ReadAction","target":["https:\/\/wonderhome.eu\/pakiety-spa"]}]},{"@type":"ImageObject","inLanguage":"cs","@id":"https:\/\/wonderhome.eu\/pakiety-spa#primaryimage","url":"https:\/\/wonderhome.eu\/wp-content\/uploads\/2024\/11\/TAPETA-NA-TOP-60x30-14-min-scaled.jpg","contentUrl":"https:\/\/wonderhome.eu\/wp-content\/uploads\/2024\/11\/TAPETA-NA-TOP-60x30-14-min-scaled.jpg","width":1920,"height":1080},{"@type":"WebSite","@id":"https:\/\/wonderhome.eu\/#website","url":"https:\/\/wonderhome.eu\/","name":"Wonder Home","description":"","potentialAction":[{"@type":"SearchAction","target":{"@type":"EntryPoint","urlTemplate":"https:\/\/wonderhome.eu\/?s={search_term_string}"},"query-input":{"@type":"PropertyValueSpecification","valueRequired":true,"valueName":"search_term_string"}}],"inLanguage":"cs"}]}},"_links":{"self":[{"href":"https:\/\/wonderhome.eu\/cz\/wp-json\/wp\/v2\/pages\/4301","targetHints":{"allow":["GET"]}}],"collection":[{"href":"https:\/\/wonderhome.eu\/cz\/wp-json\/wp\/v2\/pages"}],"about":[{"href":"https:\/\/wonderhome.eu\/cz\/wp-json\/wp\/v2\/types\/page"}],"author":[{"embeddable":true,"href":"https:\/\/wonderhome.eu\/cz\/wp-json\/wp\/v2\/users\/12"}],"replies":[{"embeddable":true,"href":"https:\/\/wonderhome.eu\/cz\/wp-json\/wp\/v2\/comments?post=4301"}],"version-history":[{"count":3,"href":"https:\/\/wonderhome.eu\/cz\/wp-json\/wp\/v2\/pages\/4301\/revisions"}],"predecessor-version":[{"id":7510,"href":"https:\/\/wonderhome.eu\/cz\/wp-json\/wp\/v2\/pages\/4301\/revisions\/7510"}],"wp:featuredmedia":[{"embeddable":true,"href":"https:\/\/wonderhome.eu\/cz\/wp-json\/wp\/v2\/media\/5121"}],"wp:attachment":[{"href":"https:\/\/wonderhome.eu\/cz\/wp-json\/wp\/v2\/media?parent=4301"}],"curies":[{"name":"wp","href":"https:\/\/api.w.org\/{rel}","templated":true}]}}