{"id":4767,"date":"2024-11-20T12:12:03","date_gmt":"2024-11-20T11:12:03","guid":{"rendered":"https:\/\/wonderhome.eu\/?page_id=4767"},"modified":"2025-10-21T10:20:58","modified_gmt":"2025-10-21T08:20:58","slug":"wonder-travel","status":"publish","type":"page","link":"https:\/\/wonderhome.eu\/cz\/wonder-travel","title":{"rendered":"Z\u00e1zra\u010dn\u00e9 cestov\u00e1n\u00ed"},"content":{"rendered":"<p class=\"has-text-align-center\"><\/p>\n\n\n\n<div class=\"wp-block-media-text is-stacked-on-mobile\"><figure class=\"wp-block-media-text__media\"><img loading=\"lazy\" decoding=\"async\" width=\"1024\" height=\"719\" src=\"https:\/\/wonderhome.eu\/wp-content\/uploads\/2024\/11\/Zdjecia-na-strony-2-1024x719.jpg\" alt=\"\" class=\"wp-image-4774 size-full\" srcset=\"https:\/\/wonderhome.eu\/wp-content\/uploads\/2024\/11\/Zdjecia-na-strony-2-1024x719.jpg 1024w, https:\/\/wonderhome.eu\/wp-content\/uploads\/2024\/11\/Zdjecia-na-strony-2-300x211.jpg 300w, https:\/\/wonderhome.eu\/wp-content\/uploads\/2024\/11\/Zdjecia-na-strony-2-768x539.jpg 768w, https:\/\/wonderhome.eu\/wp-content\/uploads\/2024\/11\/Zdjecia-na-strony-2-18x12.jpg 18w, https:\/\/wonderhome.eu\/wp-content\/uploads\/2024\/11\/Zdjecia-na-strony-2.jpg 1080w\" sizes=\"auto, (max-width: 1024px) 100vw, 1024px\" \/><\/figure><div class=\"wp-block-media-text__content\">\n<h2 class=\"wp-block-heading has-text-align-left has-text-color has-link-color wp-elements-4c77be2ca9f2facfdd34c4acc687967c\" id=\"g\u00f3ra\" style=\"color:#775740;font-size:25px\"><strong>Objevte nezapomenuteln\u00e1 dobrodru\u017estv\u00ed s <strong>Z\u00e1zra\u010dn\u00e9 cestov\u00e1n\u00ed<\/strong>, vyu\u017e\u00edvaj\u00edc\u00ed \u0161irokou nab\u00eddku z\u00e1jezd\u016f p\u0159ipraven\u00fdch t\u0159emi renomovan\u00fdmi cestovn\u00edmi kancel\u00e1\u0159emi z Karpacze.<\/strong><\/h2>\n\n\n\n<p style=\"font-size:20px\"><strong>Hled\u00e1te n\u00e1pad na nezapomenuteln\u00fd v\u00fdlet?<\/strong><br>S Wonder Travel objev\u00edte nejkr\u00e1sn\u011bj\u0161\u00ed z\u00e1kout\u00ed Krkono\u0161, Polska a Evropy bez stresu a starost\u00ed s organizac\u00ed. <strong>Vyberte si svou destinaci, relaxujte a o zbytek se postar\u00e1me my!<\/strong><\/p>\n\n\n\n<p class=\"has-text-color has-link-color wp-elements-ba59c1b445eefe7cc3f35b560689f8e0\" style=\"color:#d7a97d;font-size:20px\"><strong>Pro\u010d se to s Wonder Travel vyplat\u00ed?<\/strong><\/p>\n\n\n\n<ul class=\"wp-block-list\">\n<li>Nab\u00edz\u00edme \u0161irok\u00fd v\u00fdb\u011br z\u00e1jezd\u016f a atrakc\u00ed \u0161it\u00fdch na m\u00edru va\u0161im p\u0159edstav\u00e1m.<\/li>\n\n\n\n<li>Poskytujeme V\u00e1m naprostou bezpe\u010dnost a j\u00edzdn\u00ed komfort.<\/li>\n\n\n\n<li>V\u0161e organizujeme za v\u00e1s - prost\u011b si u\u017e\u00edv\u00e1te kouzlo cestov\u00e1n\u00ed.<\/li>\n<\/ul>\n\n\n\n<p style=\"font-size:20px\"><strong>S Wonder Travel jsou va\u0161e dovolen\u00e9 v\u00edc ne\u017e jen v\u00fdlet \u2013 jsou to jedine\u010dn\u00e9 vzpom\u00ednky, kter\u00e9 s v\u00e1mi z\u016fstanou na dlouhou dobu. <\/strong><\/p>\n\n\n\n<div style=\"height:27px\" aria-hidden=\"true\" class=\"wp-block-spacer\"><\/div>\n\n\n\n<div class=\"wp-block-buttons is-content-justification-center is-layout-flex wp-container-core-buttons-is-layout-16018d1d wp-block-buttons-is-layout-flex\">\n<div class=\"wp-block-button\"><a class=\"wp-block-button__link has-background wp-element-button\" style=\"background-color:#d7a97d\"><strong><strong>P\u0159ipraveni na dobrodru\u017estv\u00ed? <\/strong><\/strong><\/a><\/div>\n<\/div>\n\n\n\n<div style=\"height:26px\" aria-hidden=\"true\" class=\"wp-block-spacer\"><\/div>\n<\/div><\/div>\n\n\n\n<div style=\"height:78px\" aria-hidden=\"true\" class=\"wp-block-spacer\"><\/div>\n\n\n\n<div class=\"wp-block-cover alignfull is-light has-parallax has-small-font-size\" style=\"min-height:130px;aspect-ratio:unset;\"><div class=\"wp-block-cover__image-background wp-image-3915 has-parallax\" style=\"background-position:50% 50%;background-image:url(https:\/\/wonderhome.eu\/wp-content\/uploads\/2024\/11\/Header-statyczny-1920-x-1080-px-1920-x-1080-px-2.jpg)\"><\/div><span aria-hidden=\"true\" class=\"wp-block-cover__background has-background-dim-40 has-background-dim\" style=\"background-color:#b5a38f\"><\/span><div class=\"wp-block-cover__inner-container is-layout-constrained wp-block-cover-is-layout-constrained\">\n<p class=\"has-text-align-center has-white-color has-text-color has-link-color has-x-large-font-size wp-elements-7c4bb260b782a36884b2f017b27020ce\">Na\u0161i partne\u0159i<\/p>\n<\/div><\/div>\n\n\n\n<div style=\"height:78px\" aria-hidden=\"true\" class=\"wp-block-spacer\"><\/div>\n\n\n\n<div style=\"height:39px\" aria-hidden=\"true\" class=\"wp-block-spacer\"><\/div>\n\n\n\n<div class=\"wp-block-media-text has-media-on-the-right is-stacked-on-mobile\"><div class=\"wp-block-media-text__content\">\n<p class=\"has-text-align-center has-text-color has-link-color wp-elements-9ee96ff106182cea2aaa550cd9f0033e\" style=\"color:#775740;font-size:25px\"><strong>VIP-TRAVEL \u2013 jednodenn\u00ed z\u00e1jezdy pln\u00e9 emoc\u00ed<\/strong><\/p>\n\n\n\n<p class=\"has-text-align-center\" style=\"font-size:20px\">Vydejte se na cestu s <strong>VIP-TRAVEL<\/strong> a poznejte nejzaj\u00edmav\u011bj\u0161\u00ed turistick\u00e9 atrakce Karpacze, okol\u00ed a jedine\u010dn\u00e1 m\u00edsta v Polsku i v zahrani\u010d\u00ed. <\/p>\n\n\n\n<p class=\"has-text-align-center\" style=\"font-size:20px\"><strong>Nab\u00eddka zahrnuje jak region\u00e1ln\u00ed z\u00e1jezdy, tak d\u00e1lkov\u00e9 z\u00e1jezdy do Skaln\u00edho m\u011bsta, Dr\u00e1\u017e\u010fan, Prahy a V\u00eddn\u011b.<\/strong><\/p>\n\n\n\n<p class=\"has-text-align-center has-text-color has-link-color has-medium-font-size wp-elements-96fd3f793ea68da719248e3d9c003889\" style=\"color:#d7a97d\"><strong><strong>Jednodenn\u00ed v\u00fdlety z Karpacze<\/strong>&nbsp;je to skv\u011bl\u00fd zp\u016fsob, jak str\u00e1vit dovolenou na hor\u00e1ch!<\/strong><\/p>\n\n\n\n<div style=\"height:31px\" aria-hidden=\"true\" class=\"wp-block-spacer\"><\/div>\n\n\n\n<h2 class=\"wp-block-heading has-text-align-center has-text-color has-link-color has-medium-font-size wp-elements-45323d24347b339196b6048072a37179\" style=\"color:#601a1a\">ulice Konstytucji 3 Maja 22B<br>ulice Mickiewicza 2<br>58-540 Karpacz<\/h2>\n\n\n\n<p class=\"has-text-align-center\"><strong>tel.<\/strong>:<strong> <a href=\"tel:+48799010102\">+48 799 010 102<\/a><\/strong><\/p>\n\n\n\n<p class=\"has-text-align-center\"><strong><br><br>  <\/strong><\/p>\n<\/div><figure class=\"wp-block-media-text__media\"><img loading=\"lazy\" decoding=\"async\" width=\"940\" height=\"788\" src=\"https:\/\/wonderhome.eu\/wp-content\/uploads\/2024\/11\/6-1.jpg\" alt=\"\" class=\"wp-image-4848 size-full\" srcset=\"https:\/\/wonderhome.eu\/wp-content\/uploads\/2024\/11\/6-1.jpg 940w, https:\/\/wonderhome.eu\/wp-content\/uploads\/2024\/11\/6-1-300x251.jpg 300w, https:\/\/wonderhome.eu\/wp-content\/uploads\/2024\/11\/6-1-768x644.jpg 768w, https:\/\/wonderhome.eu\/wp-content\/uploads\/2024\/11\/6-1-14x12.jpg 14w\" sizes=\"auto, (max-width: 940px) 100vw, 940px\" \/><\/figure><\/div>\n\n\n\n<div style=\"height:57px\" aria-hidden=\"true\" class=\"wp-block-spacer\"><\/div>\n\n\n\n<div class=\"wp-block-media-text is-stacked-on-mobile\"><figure class=\"wp-block-media-text__media\"><img loading=\"lazy\" decoding=\"async\" width=\"940\" height=\"788\" src=\"https:\/\/wonderhome.eu\/wp-content\/uploads\/2024\/11\/5.jpg\" alt=\"\" class=\"wp-image-4847 size-full\" srcset=\"https:\/\/wonderhome.eu\/wp-content\/uploads\/2024\/11\/5.jpg 940w, https:\/\/wonderhome.eu\/wp-content\/uploads\/2024\/11\/5-300x251.jpg 300w, https:\/\/wonderhome.eu\/wp-content\/uploads\/2024\/11\/5-768x644.jpg 768w, https:\/\/wonderhome.eu\/wp-content\/uploads\/2024\/11\/5-14x12.jpg 14w\" sizes=\"auto, (max-width: 940px) 100vw, 940px\" \/><\/figure><div class=\"wp-block-media-text__content\">\n<p class=\"has-text-align-center has-text-color has-link-color wp-elements-97028c19609917cc695089d76a6869f8\" style=\"color:#775740;font-size:25px\"><strong>BAKAR \u2013 pro milovn\u00edky m\u00edstn\u00edch atrakc\u00ed a dal\u0161\u00ed<\/strong><\/p>\n\n\n\n<p class=\"has-text-align-center\" style=\"font-size:20px\">S cestovn\u00ed kancel\u00e1\u0159\u00ed <strong>BAKAR <\/strong>objev\u00edte kouzlo Krkono\u0161 a jejich okol\u00ed. Dokonal\u00e1 kombinace relaxace a aktivn\u00edho pozn\u00e1v\u00e1n\u00ed znamen\u00e1, \u017ee si zde ka\u017ed\u00fd najde to sv\u00e9. <\/p>\n\n\n\n<p class=\"has-text-align-center\" style=\"font-size:20px\"><strong>\u010cek\u00e1 na v\u00e1s: n\u00e1stup kabinkovou lanovkou do Sn\u011b\u017eky s pr\u016fvodcem, v\u00fdlety po Jelenohorsk\u00e9m \u00fadol\u00ed a dal\u0161\u00ed v\u00fdlety do Sask\u00e9ho \u0160v\u00fdcarska, Prahy a Dr\u00e1\u017e\u010fan. <\/strong><\/p>\n\n\n\n<p class=\"has-text-align-center has-text-color has-link-color has-medium-font-size wp-elements-6134f3c4be17519d1d1f21bceb92b3eb\" style=\"color:#d7a97d\"><strong>BAKAR - <strong>z\u00e1ruka \u00fasp\u011b\u0161n\u00e9 dovolen\u00e9 v kr\u00e1sn\u00e9 Karpaczi.<\/strong><\/strong><\/p>\n\n\n\n<div style=\"height:31px\" aria-hidden=\"true\" class=\"wp-block-spacer\"><\/div>\n\n\n\n<h2 class=\"wp-block-heading has-text-align-center has-text-color has-link-color has-medium-font-size wp-elements-c7fd3ffdddc052860ab894dfabf77f9d\" style=\"color:#601a1a\">ulice Konstytucji 3 Maja 39a<br>58-540 Karpacz<br>e-mail: biuro@bakar.com.pl<\/h2>\n\n\n\n<p class=\"has-text-align-center\">\n  <strong>\n    tel.: <a href=\"tel:+48601556495\">+48 601 556 495<\/a>\n  <\/strong>\n<\/p>\n<\/div><\/div>\n\n\n\n<div style=\"height:57px\" aria-hidden=\"true\" class=\"wp-block-spacer\"><\/div>\n\n\n\n<div class=\"wp-block-media-text has-media-on-the-right is-stacked-on-mobile\"><div class=\"wp-block-media-text__content\">\n<p class=\"has-text-align-center has-text-color has-link-color wp-elements-491a522aaf122f05c6ac09e9155219d2\" style=\"color:#775740;font-size:25px\"><strong>KARPACZ BUS \u2013 pohodl\u00ed a bezpe\u010dnost na cest\u00e1ch<\/strong><\/p>\n\n\n\n<p class=\"has-text-align-center\" style=\"font-size:20px\">Pot\u0159ebujete spolehlivou dopravu? <strong>AUTOBUS KARPACZ <\/strong>nab\u00edz\u00ed pron\u00e1jem autokar\u016f a autobus\u016f na kr\u00e1tk\u00e9 m\u00edstn\u00ed trasy i del\u0161\u00ed cesty po Polsku a Evrop\u011b. <\/p>\n\n\n\n<p class=\"has-text-align-center\" style=\"font-size:20px\"><strong>D\u00edky profesion\u00e1ln\u00edmu servisu a pohodln\u00fdm vozidl\u016fm se m\u016f\u017eete soust\u0159edit na to, abyste si cestu u\u017eili bez starost\u00ed o logistiku.<\/strong><\/p>\n\n\n\n<p class=\"has-text-align-center has-text-color has-link-color has-medium-font-size wp-elements-4e73647310955d17a4c18dbbe57eab85\" style=\"color:#d7a97d\"><strong>Pron\u00e1jem autokar\u016f a autobus\u016f v Polsku a Evrop\u011b.&nbsp;<\/strong><\/p>\n\n\n\n<div style=\"height:31px\" aria-hidden=\"true\" class=\"wp-block-spacer\"><\/div>\n\n\n\n<h2 class=\"wp-block-heading has-text-align-center has-text-color has-link-color has-medium-font-size wp-elements-ce88642b0ee91e72078252c1386f7c0f\" style=\"color:#601a1a\">ulice Konstytucji 3 Maja 22B<br>ulice Mickiewicza 2<br>58-540 Karpacz<br>e-mail: biuro@karpaczbus.pl<\/h2>\n\n\n\n<p class=\"has-text-align-center\">\n  <strong>\n    tel.: <a href=\"tel:+48502251756\">+48 502 251 756<\/a>\n  <\/strong>\n<\/p>\n<\/div><figure class=\"wp-block-media-text__media\"><img loading=\"lazy\" decoding=\"async\" width=\"940\" height=\"788\" src=\"https:\/\/wonderhome.eu\/wp-content\/uploads\/2024\/11\/4.jpg\" alt=\"\" class=\"wp-image-4846 size-full\" srcset=\"https:\/\/wonderhome.eu\/wp-content\/uploads\/2024\/11\/4.jpg 940w, https:\/\/wonderhome.eu\/wp-content\/uploads\/2024\/11\/4-300x251.jpg 300w, https:\/\/wonderhome.eu\/wp-content\/uploads\/2024\/11\/4-768x644.jpg 768w, https:\/\/wonderhome.eu\/wp-content\/uploads\/2024\/11\/4-14x12.jpg 14w\" sizes=\"auto, (max-width: 940px) 100vw, 940px\" \/><\/figure><\/div>\n\n\n\n<div style=\"height:57px\" aria-hidden=\"true\" class=\"wp-block-spacer\"><\/div>\n\n\n\n<div style=\"height:112px\" aria-hidden=\"true\" class=\"wp-block-spacer\"><\/div>\n\n\n\n<div class=\"wp-block-cover alignfull is-light has-parallax has-small-font-size\" style=\"min-height:130px;aspect-ratio:unset;\"><div class=\"wp-block-cover__image-background wp-image-3915 has-parallax\" style=\"background-position:50% 50%;background-image:url(https:\/\/wonderhome.eu\/wp-content\/uploads\/2024\/11\/Header-statyczny-1920-x-1080-px-1920-x-1080-px-2.jpg)\"><\/div><span aria-hidden=\"true\" class=\"wp-block-cover__background has-background-dim-40 has-background-dim\" style=\"background-color:#b5a38f\"><\/span><div class=\"wp-block-cover__inner-container is-layout-constrained wp-block-cover-is-layout-constrained\">\n<p class=\"has-text-align-center has-white-color has-text-color has-link-color has-x-large-font-size wp-elements-d0e8346fce97681e78016be93294c0b7\"><\/p>\n<\/div><\/div>\n\n\n\n<div style=\"height:100px\" aria-hidden=\"true\" class=\"wp-block-spacer\"><\/div>\n\n\n\n<div class=\"wp-block-buttons is-content-justification-center is-layout-flex wp-container-core-buttons-is-layout-16018d1d wp-block-buttons-is-layout-flex\">\n<div class=\"wp-block-button\"><a class=\"wp-block-button__link has-background has-text-align-center wp-element-button\" href=\"#g\u00f3ra\" style=\"background-color:#d7a97d\"><strong>N\u00e1vrat<\/strong><\/a><\/div>\n<\/div>\n\n\n\n<div style=\"height:100px\" aria-hidden=\"true\" class=\"wp-block-spacer\"><\/div>","protected":false},"excerpt":{"rendered":"","protected":false},"author":12,"featured_media":5058,"parent":0,"menu_order":0,"comment_status":"closed","ping_status":"closed","template":"","meta":{"_acf_changed":false,"footnotes":""},"class_list":["post-4767","page","type-page","status-publish","has-post-thumbnail","hentry"],"acf":[],"yoast_head":"<!-- This site is optimized with the Yoast SEO plugin v27.4 - https:\/\/yoast.com\/product\/yoast-seo-wordpress\/ -->\n<title>Wonder Travel - Wonder Home<\/title>\n<meta name=\"description\" content=\"Wonder SPA to wyj\u0105tkowe pakiety Prestige SPA dla Go\u015bci Wonder Home \u2013 relaks i regeneracja w luksusowej atmosferze!\" \/>\n<meta name=\"robots\" content=\"index, follow, max-snippet:-1, max-image-preview:large, max-video-preview:-1\" \/>\n<link rel=\"canonical\" href=\"https:\/\/wonderhome.eu\/cz\/wonder-travel\/\" \/>\n<meta property=\"og:locale\" content=\"cs_CZ\" \/>\n<meta property=\"og:type\" content=\"article\" \/>\n<meta property=\"og:title\" content=\"Wonder Travel - Wonder Home\" \/>\n<meta property=\"og:description\" content=\"Wonder SPA to wyj\u0105tkowe pakiety Prestige SPA dla Go\u015bci Wonder Home \u2013 relaks i regeneracja w luksusowej atmosferze!\" \/>\n<meta property=\"og:url\" content=\"https:\/\/wonderhome.eu\/cz\/wonder-travel\/\" \/>\n<meta property=\"og:site_name\" content=\"Wonder Home\" \/>\n<meta property=\"article:modified_time\" content=\"2025-10-21T08:20:58+00:00\" \/>\n<meta property=\"og:image\" content=\"https:\/\/wonderhome.eu\/wp-content\/uploads\/2024\/11\/TAPETA-NA-TOP-60x30-3-min-scaled.jpg\" \/>\n\t<meta property=\"og:image:width\" content=\"1920\" \/>\n\t<meta property=\"og:image:height\" content=\"1080\" \/>\n\t<meta property=\"og:image:type\" content=\"image\/jpeg\" \/>\n<meta name=\"twitter:card\" content=\"summary_large_image\" \/>\n<meta name=\"twitter:label1\" content=\"Odhadovan\u00e1 doba \u010dten\u00ed\" \/>\n\t<meta name=\"twitter:data1\" content=\"4 minuty\" \/>\n<script type=\"application\/ld+json\" class=\"yoast-schema-graph\">{\"@context\":\"https:\\\/\\\/schema.org\",\"@graph\":[{\"@type\":\"WebPage\",\"@id\":\"https:\\\/\\\/wonderhome.eu\\\/wonder-travel\",\"url\":\"https:\\\/\\\/wonderhome.eu\\\/wonder-travel\",\"name\":\"Wonder Travel - Wonder Home\",\"isPartOf\":{\"@id\":\"https:\\\/\\\/wonderhome.eu\\\/#website\"},\"primaryImageOfPage\":{\"@id\":\"https:\\\/\\\/wonderhome.eu\\\/wonder-travel#primaryimage\"},\"image\":{\"@id\":\"https:\\\/\\\/wonderhome.eu\\\/wonder-travel#primaryimage\"},\"thumbnailUrl\":\"https:\\\/\\\/wonderhome.eu\\\/wp-content\\\/uploads\\\/2024\\\/11\\\/TAPETA-NA-TOP-60x30-3-min-scaled.jpg\",\"datePublished\":\"2024-11-20T11:12:03+00:00\",\"dateModified\":\"2025-10-21T08:20:58+00:00\",\"description\":\"Wonder SPA to wyj\u0105tkowe pakiety Prestige SPA dla Go\u015bci Wonder Home \u2013 relaks i regeneracja w luksusowej atmosferze!\",\"inLanguage\":\"cs\",\"potentialAction\":[{\"@type\":\"ReadAction\",\"target\":[\"https:\\\/\\\/wonderhome.eu\\\/wonder-travel\"]}]},{\"@type\":\"ImageObject\",\"inLanguage\":\"cs\",\"@id\":\"https:\\\/\\\/wonderhome.eu\\\/wonder-travel#primaryimage\",\"url\":\"https:\\\/\\\/wonderhome.eu\\\/wp-content\\\/uploads\\\/2024\\\/11\\\/TAPETA-NA-TOP-60x30-3-min-scaled.jpg\",\"contentUrl\":\"https:\\\/\\\/wonderhome.eu\\\/wp-content\\\/uploads\\\/2024\\\/11\\\/TAPETA-NA-TOP-60x30-3-min-scaled.jpg\",\"width\":1920,\"height\":1080},{\"@type\":\"WebSite\",\"@id\":\"https:\\\/\\\/wonderhome.eu\\\/#website\",\"url\":\"https:\\\/\\\/wonderhome.eu\\\/\",\"name\":\"Wonder Home\",\"description\":\"\",\"potentialAction\":[{\"@type\":\"SearchAction\",\"target\":{\"@type\":\"EntryPoint\",\"urlTemplate\":\"https:\\\/\\\/wonderhome.eu\\\/?s={search_term_string}\"},\"query-input\":{\"@type\":\"PropertyValueSpecification\",\"valueRequired\":true,\"valueName\":\"search_term_string\"}}],\"inLanguage\":\"cs\"}]}<\/script>\n<!-- \/ Yoast SEO plugin. -->","yoast_head_json":{"title":"Wonder Travel - Wonder Home","description":"Wonder SPA nab\u00edz\u00ed host\u016fm Wonder Home unik\u00e1tn\u00ed bal\u00ed\u010dky Prestige SPA \u2013 relaxaci a regeneraci v luxusn\u00edm prost\u0159ed\u00ed!","robots":{"index":"index","follow":"follow","max-snippet":"max-snippet:-1","max-image-preview":"max-image-preview:large","max-video-preview":"max-video-preview:-1"},"canonical":"https:\/\/wonderhome.eu\/cz\/wonder-travel\/","og_locale":"cs_CZ","og_type":"article","og_title":"Wonder Travel - Wonder Home","og_description":"Wonder SPA to wyj\u0105tkowe pakiety Prestige SPA dla Go\u015bci Wonder Home \u2013 relaks i regeneracja w luksusowej atmosferze!","og_url":"https:\/\/wonderhome.eu\/cz\/wonder-travel\/","og_site_name":"Wonder Home","article_modified_time":"2025-10-21T08:20:58+00:00","og_image":[{"width":1920,"height":1080,"url":"https:\/\/wonderhome.eu\/wp-content\/uploads\/2024\/11\/TAPETA-NA-TOP-60x30-3-min-scaled.jpg","type":"image\/jpeg"}],"twitter_card":"summary_large_image","twitter_misc":{"Odhadovan\u00e1 doba \u010dten\u00ed":"4 minuty"},"schema":{"@context":"https:\/\/schema.org","@graph":[{"@type":"WebPage","@id":"https:\/\/wonderhome.eu\/wonder-travel","url":"https:\/\/wonderhome.eu\/wonder-travel","name":"Wonder Travel - Wonder Home","isPartOf":{"@id":"https:\/\/wonderhome.eu\/#website"},"primaryImageOfPage":{"@id":"https:\/\/wonderhome.eu\/wonder-travel#primaryimage"},"image":{"@id":"https:\/\/wonderhome.eu\/wonder-travel#primaryimage"},"thumbnailUrl":"https:\/\/wonderhome.eu\/wp-content\/uploads\/2024\/11\/TAPETA-NA-TOP-60x30-3-min-scaled.jpg","datePublished":"2024-11-20T11:12:03+00:00","dateModified":"2025-10-21T08:20:58+00:00","description":"Wonder SPA nab\u00edz\u00ed host\u016fm Wonder Home unik\u00e1tn\u00ed bal\u00ed\u010dky Prestige SPA \u2013 relaxaci a regeneraci v luxusn\u00edm prost\u0159ed\u00ed!","inLanguage":"cs","potentialAction":[{"@type":"ReadAction","target":["https:\/\/wonderhome.eu\/wonder-travel"]}]},{"@type":"ImageObject","inLanguage":"cs","@id":"https:\/\/wonderhome.eu\/wonder-travel#primaryimage","url":"https:\/\/wonderhome.eu\/wp-content\/uploads\/2024\/11\/TAPETA-NA-TOP-60x30-3-min-scaled.jpg","contentUrl":"https:\/\/wonderhome.eu\/wp-content\/uploads\/2024\/11\/TAPETA-NA-TOP-60x30-3-min-scaled.jpg","width":1920,"height":1080},{"@type":"WebSite","@id":"https:\/\/wonderhome.eu\/#website","url":"https:\/\/wonderhome.eu\/","name":"Wonder Home","description":"","potentialAction":[{"@type":"SearchAction","target":{"@type":"EntryPoint","urlTemplate":"https:\/\/wonderhome.eu\/?s={search_term_string}"},"query-input":{"@type":"PropertyValueSpecification","valueRequired":true,"valueName":"search_term_string"}}],"inLanguage":"cs"}]}},"_links":{"self":[{"href":"https:\/\/wonderhome.eu\/cz\/wp-json\/wp\/v2\/pages\/4767","targetHints":{"allow":["GET"]}}],"collection":[{"href":"https:\/\/wonderhome.eu\/cz\/wp-json\/wp\/v2\/pages"}],"about":[{"href":"https:\/\/wonderhome.eu\/cz\/wp-json\/wp\/v2\/types\/page"}],"author":[{"embeddable":true,"href":"https:\/\/wonderhome.eu\/cz\/wp-json\/wp\/v2\/users\/12"}],"replies":[{"embeddable":true,"href":"https:\/\/wonderhome.eu\/cz\/wp-json\/wp\/v2\/comments?post=4767"}],"version-history":[{"count":1,"href":"https:\/\/wonderhome.eu\/cz\/wp-json\/wp\/v2\/pages\/4767\/revisions"}],"predecessor-version":[{"id":7492,"href":"https:\/\/wonderhome.eu\/cz\/wp-json\/wp\/v2\/pages\/4767\/revisions\/7492"}],"wp:featuredmedia":[{"embeddable":true,"href":"https:\/\/wonderhome.eu\/cz\/wp-json\/wp\/v2\/media\/5058"}],"wp:attachment":[{"href":"https:\/\/wonderhome.eu\/cz\/wp-json\/wp\/v2\/media?parent=4767"}],"curies":[{"name":"wp","href":"https:\/\/api.w.org\/{rel}","templated":true}]}}