{"id":488,"date":"2022-09-01T13:06:45","date_gmt":"2022-09-01T11:06:45","guid":{"rendered":"https:\/\/wonderhome.eu\/?page_id=488"},"modified":"2023-03-23T08:41:06","modified_gmt":"2023-03-23T07:41:06","slug":"apartamenty-szklarska-poreba","status":"publish","type":"page","link":"https:\/\/wonderhome.eu\/cz\/apartamenty\/apartamenty-szklarska-poreba","title":{"rendered":"Apartm\u00e1ny Skl\u00e1\u0159sk\u00e1 Poruba"},"content":{"rendered":"","protected":false},"excerpt":{"rendered":"","protected":false},"author":3,"featured_media":1699,"parent":12,"menu_order":21,"comment_status":"closed","ping_status":"closed","template":"","meta":{"_acf_changed":false,"footnotes":""},"class_list":["post-488","page","type-page","status-publish","has-post-thumbnail","hentry"],"acf":[],"yoast_head":"<!-- This site is optimized with the Yoast SEO plugin v27.4 - https:\/\/yoast.com\/product\/yoast-seo-wordpress\/ -->\n<title>Apartamenty | Apartamenty w Szklarskiej Por\u0119bie | Apartamenty Wonder Home<\/title>\n<meta name=\"description\" content=\"Wonder Home wynajmuje apartamenty zlokalizowane w najlepszych miejscach w Szklarskiej Por\u0119bie. Wszystkie s\u0105 urz\u0105dzone komfortowo, z wysok\u0105 dba\u0142o\u015bci\u0105 o ka\u017cdy szczeg\u00f3\u0142. Go\u015bcie mog\u0105 w nich wypocz\u0105\u0107 podziwiaj\u0105c pi\u0119kno Karkonoszy i ciesz\u0105c si\u0119 atrakcjami Szklarskiej Por\u0119by.\" \/>\n<meta name=\"robots\" content=\"index, follow, max-snippet:-1, max-image-preview:large, max-video-preview:-1\" \/>\n<link rel=\"canonical\" href=\"https:\/\/wonderhome.eu\/cz\/apartamenty\/apartamenty-szklarska-poreba\/\" \/>\n<meta property=\"og:locale\" content=\"cs_CZ\" \/>\n<meta property=\"og:type\" content=\"article\" \/>\n<meta property=\"og:title\" content=\"Apartamenty | Apartamenty w Szklarskiej Por\u0119bie | Apartamenty Wonder Home\" \/>\n<meta property=\"og:description\" content=\"Wonder Home wynajmuje apartamenty zlokalizowane w najlepszych miejscach w Szklarskiej Por\u0119bie. Wszystkie s\u0105 urz\u0105dzone komfortowo, z wysok\u0105 dba\u0142o\u015bci\u0105 o ka\u017cdy szczeg\u00f3\u0142. Go\u015bcie mog\u0105 w nich wypocz\u0105\u0107 podziwiaj\u0105c pi\u0119kno Karkonoszy i ciesz\u0105c si\u0119 atrakcjami Szklarskiej Por\u0119by.\" \/>\n<meta property=\"og:url\" content=\"https:\/\/wonderhome.eu\/cz\/apartamenty\/apartamenty-szklarska-poreba\/\" \/>\n<meta property=\"og:site_name\" content=\"Wonder Home\" \/>\n<meta property=\"article:modified_time\" content=\"2023-03-23T07:41:06+00:00\" \/>\n<meta property=\"og:image\" content=\"https:\/\/wonderhome.eu\/wp-content\/uploads\/2023\/03\/61-1.jpg\" \/>\n\t<meta property=\"og:image:width\" content=\"1920\" \/>\n\t<meta property=\"og:image:height\" content=\"1080\" \/>\n\t<meta property=\"og:image:type\" content=\"image\/jpeg\" \/>\n<meta name=\"twitter:card\" content=\"summary_large_image\" \/>\n<script type=\"application\/ld+json\" class=\"yoast-schema-graph\">{\"@context\":\"https:\\\/\\\/schema.org\",\"@graph\":[{\"@type\":\"WebPage\",\"@id\":\"https:\\\/\\\/wonderhome.eu\\\/apartamenty\\\/apartamenty-szklarska-poreba\",\"url\":\"https:\\\/\\\/wonderhome.eu\\\/apartamenty\\\/apartamenty-szklarska-poreba\",\"name\":\"Apartamenty | Apartamenty w Szklarskiej Por\u0119bie | Apartamenty Wonder Home\",\"isPartOf\":{\"@id\":\"https:\\\/\\\/wonderhome.eu\\\/#website\"},\"primaryImageOfPage\":{\"@id\":\"https:\\\/\\\/wonderhome.eu\\\/apartamenty\\\/apartamenty-szklarska-poreba#primaryimage\"},\"image\":{\"@id\":\"https:\\\/\\\/wonderhome.eu\\\/apartamenty\\\/apartamenty-szklarska-poreba#primaryimage\"},\"thumbnailUrl\":\"https:\\\/\\\/wonderhome.eu\\\/wp-content\\\/uploads\\\/2023\\\/03\\\/61-1.jpg\",\"datePublished\":\"2022-09-01T11:06:45+00:00\",\"dateModified\":\"2023-03-23T07:41:06+00:00\",\"description\":\"Wonder Home wynajmuje apartamenty zlokalizowane w najlepszych miejscach w Szklarskiej Por\u0119bie. Wszystkie s\u0105 urz\u0105dzone komfortowo, z wysok\u0105 dba\u0142o\u015bci\u0105 o ka\u017cdy szczeg\u00f3\u0142. Go\u015bcie mog\u0105 w nich wypocz\u0105\u0107 podziwiaj\u0105c pi\u0119kno Karkonoszy i ciesz\u0105c si\u0119 atrakcjami Szklarskiej Por\u0119by.\",\"breadcrumb\":{\"@id\":\"https:\\\/\\\/wonderhome.eu\\\/apartamenty\\\/apartamenty-szklarska-poreba#breadcrumb\"},\"inLanguage\":\"cs\",\"potentialAction\":[{\"@type\":\"ReadAction\",\"target\":[\"https:\\\/\\\/wonderhome.eu\\\/apartamenty\\\/apartamenty-szklarska-poreba\"]}]},{\"@type\":\"ImageObject\",\"inLanguage\":\"cs\",\"@id\":\"https:\\\/\\\/wonderhome.eu\\\/apartamenty\\\/apartamenty-szklarska-poreba#primaryimage\",\"url\":\"https:\\\/\\\/wonderhome.eu\\\/wp-content\\\/uploads\\\/2023\\\/03\\\/61-1.jpg\",\"contentUrl\":\"https:\\\/\\\/wonderhome.eu\\\/wp-content\\\/uploads\\\/2023\\\/03\\\/61-1.jpg\",\"width\":1920,\"height\":1080,\"caption\":\"Good Time apartamenty Szklarska Por\u0119ba\"},{\"@type\":\"BreadcrumbList\",\"@id\":\"https:\\\/\\\/wonderhome.eu\\\/apartamenty\\\/apartamenty-szklarska-poreba#breadcrumb\",\"itemListElement\":[{\"@type\":\"ListItem\",\"position\":1,\"name\":\"Apartamenty\",\"item\":\"https:\\\/\\\/wonderhome.eu\\\/apartamenty\"},{\"@type\":\"ListItem\",\"position\":2,\"name\":\"Apartamenty Szklarska Por\u0119ba\"}]},{\"@type\":\"WebSite\",\"@id\":\"https:\\\/\\\/wonderhome.eu\\\/#website\",\"url\":\"https:\\\/\\\/wonderhome.eu\\\/\",\"name\":\"Wonder Home\",\"description\":\"\",\"potentialAction\":[{\"@type\":\"SearchAction\",\"target\":{\"@type\":\"EntryPoint\",\"urlTemplate\":\"https:\\\/\\\/wonderhome.eu\\\/?s={search_term_string}\"},\"query-input\":{\"@type\":\"PropertyValueSpecification\",\"valueRequired\":true,\"valueName\":\"search_term_string\"}}],\"inLanguage\":\"cs\"}]}<\/script>\n<!-- \/ Yoast SEO plugin. -->","yoast_head_json":{"title":"Apartm\u00e1ny | Apartm\u00e1ny Szklarska Por\u0119ba | Wonder Home Apartments","description":"Wonder Home nab\u00edz\u00ed apartm\u00e1ny nach\u00e1zej\u00edc\u00ed se na nejlep\u0161\u00edch m\u00edstech ve Szklarsk\u00e9 Por\u0119b\u011b. V\u0161echny jsou komfortn\u011b za\u0159\u00edzen\u00e9 s pe\u010dlivou pozornost\u00ed k detailu. Host\u00e9 si mohou odpo\u010dinout a z\u00e1rove\u0148 obdivovat kr\u00e1sy Krkono\u0161 a u\u017e\u00edvat si atrakc\u00ed Szklarsk\u00e9 Por\u0119by.","robots":{"index":"index","follow":"follow","max-snippet":"max-snippet:-1","max-image-preview":"max-image-preview:large","max-video-preview":"max-video-preview:-1"},"canonical":"https:\/\/wonderhome.eu\/cz\/apartamenty\/apartamenty-szklarska-poreba\/","og_locale":"cs_CZ","og_type":"article","og_title":"Apartamenty | Apartamenty w Szklarskiej Por\u0119bie | Apartamenty Wonder Home","og_description":"Wonder Home wynajmuje apartamenty zlokalizowane w najlepszych miejscach w Szklarskiej Por\u0119bie. Wszystkie s\u0105 urz\u0105dzone komfortowo, z wysok\u0105 dba\u0142o\u015bci\u0105 o ka\u017cdy szczeg\u00f3\u0142. Go\u015bcie mog\u0105 w nich wypocz\u0105\u0107 podziwiaj\u0105c pi\u0119kno Karkonoszy i ciesz\u0105c si\u0119 atrakcjami Szklarskiej Por\u0119by.","og_url":"https:\/\/wonderhome.eu\/cz\/apartamenty\/apartamenty-szklarska-poreba\/","og_site_name":"Wonder Home","article_modified_time":"2023-03-23T07:41:06+00:00","og_image":[{"width":1920,"height":1080,"url":"https:\/\/wonderhome.eu\/wp-content\/uploads\/2023\/03\/61-1.jpg","type":"image\/jpeg"}],"twitter_card":"summary_large_image","schema":{"@context":"https:\/\/schema.org","@graph":[{"@type":"WebPage","@id":"https:\/\/wonderhome.eu\/apartamenty\/apartamenty-szklarska-poreba","url":"https:\/\/wonderhome.eu\/apartamenty\/apartamenty-szklarska-poreba","name":"Apartm\u00e1ny | Apartm\u00e1ny Szklarska Por\u0119ba | Wonder Home Apartments","isPartOf":{"@id":"https:\/\/wonderhome.eu\/#website"},"primaryImageOfPage":{"@id":"https:\/\/wonderhome.eu\/apartamenty\/apartamenty-szklarska-poreba#primaryimage"},"image":{"@id":"https:\/\/wonderhome.eu\/apartamenty\/apartamenty-szklarska-poreba#primaryimage"},"thumbnailUrl":"https:\/\/wonderhome.eu\/wp-content\/uploads\/2023\/03\/61-1.jpg","datePublished":"2022-09-01T11:06:45+00:00","dateModified":"2023-03-23T07:41:06+00:00","description":"Wonder Home nab\u00edz\u00ed apartm\u00e1ny nach\u00e1zej\u00edc\u00ed se na nejlep\u0161\u00edch m\u00edstech ve Szklarsk\u00e9 Por\u0119b\u011b. V\u0161echny jsou komfortn\u011b za\u0159\u00edzen\u00e9 s pe\u010dlivou pozornost\u00ed k detailu. Host\u00e9 si mohou odpo\u010dinout a z\u00e1rove\u0148 obdivovat kr\u00e1sy Krkono\u0161 a u\u017e\u00edvat si atrakc\u00ed Szklarsk\u00e9 Por\u0119by.","breadcrumb":{"@id":"https:\/\/wonderhome.eu\/apartamenty\/apartamenty-szklarska-poreba#breadcrumb"},"inLanguage":"cs","potentialAction":[{"@type":"ReadAction","target":["https:\/\/wonderhome.eu\/apartamenty\/apartamenty-szklarska-poreba"]}]},{"@type":"ImageObject","inLanguage":"cs","@id":"https:\/\/wonderhome.eu\/apartamenty\/apartamenty-szklarska-poreba#primaryimage","url":"https:\/\/wonderhome.eu\/wp-content\/uploads\/2023\/03\/61-1.jpg","contentUrl":"https:\/\/wonderhome.eu\/wp-content\/uploads\/2023\/03\/61-1.jpg","width":1920,"height":1080,"caption":"Good Time apartamenty Szklarska Por\u0119ba"},{"@type":"BreadcrumbList","@id":"https:\/\/wonderhome.eu\/apartamenty\/apartamenty-szklarska-poreba#breadcrumb","itemListElement":[{"@type":"ListItem","position":1,"name":"Apartamenty","item":"https:\/\/wonderhome.eu\/apartamenty"},{"@type":"ListItem","position":2,"name":"Apartamenty Szklarska Por\u0119ba"}]},{"@type":"WebSite","@id":"https:\/\/wonderhome.eu\/#website","url":"https:\/\/wonderhome.eu\/","name":"Wonder Home","description":"","potentialAction":[{"@type":"SearchAction","target":{"@type":"EntryPoint","urlTemplate":"https:\/\/wonderhome.eu\/?s={search_term_string}"},"query-input":{"@type":"PropertyValueSpecification","valueRequired":true,"valueName":"search_term_string"}}],"inLanguage":"cs"}]}},"_links":{"self":[{"href":"https:\/\/wonderhome.eu\/cz\/wp-json\/wp\/v2\/pages\/488","targetHints":{"allow":["GET"]}}],"collection":[{"href":"https:\/\/wonderhome.eu\/cz\/wp-json\/wp\/v2\/pages"}],"about":[{"href":"https:\/\/wonderhome.eu\/cz\/wp-json\/wp\/v2\/types\/page"}],"author":[{"embeddable":true,"href":"https:\/\/wonderhome.eu\/cz\/wp-json\/wp\/v2\/users\/3"}],"replies":[{"embeddable":true,"href":"https:\/\/wonderhome.eu\/cz\/wp-json\/wp\/v2\/comments?post=488"}],"version-history":[{"count":0,"href":"https:\/\/wonderhome.eu\/cz\/wp-json\/wp\/v2\/pages\/488\/revisions"}],"up":[{"embeddable":true,"href":"https:\/\/wonderhome.eu\/cz\/wp-json\/wp\/v2\/pages\/12"}],"wp:featuredmedia":[{"embeddable":true,"href":"https:\/\/wonderhome.eu\/cz\/wp-json\/wp\/v2\/media\/1699"}],"wp:attachment":[{"href":"https:\/\/wonderhome.eu\/cz\/wp-json\/wp\/v2\/media?parent=488"}],"curies":[{"name":"wp","href":"https:\/\/api.w.org\/{rel}","templated":true}]}}