{"id":4990,"date":"2024-11-27T15:03:23","date_gmt":"2024-11-27T14:03:23","guid":{"rendered":"https:\/\/wonderhome.eu\/?page_id=4990"},"modified":"2026-04-17T09:17:09","modified_gmt":"2026-04-17T07:17:09","slug":"wondertaxi","status":"publish","type":"page","link":"https:\/\/wonderhome.eu\/cz\/wondertaxi","title":{"rendered":"WonderTaxi"},"content":{"rendered":"<p class=\"has-text-align-center\"><\/p>\n\n\n\n<div class=\"wp-block-media-text is-stacked-on-mobile\"><figure class=\"wp-block-media-text__media\"><img loading=\"lazy\" decoding=\"async\" width=\"1024\" height=\"717\" src=\"https:\/\/wonderhome.eu\/wp-content\/uploads\/2024\/11\/9-min-1-1-1024x717.jpg\" alt=\"\" class=\"wp-image-5007 size-full\" srcset=\"https:\/\/wonderhome.eu\/wp-content\/uploads\/2024\/11\/9-min-1-1-1024x717.jpg 1024w, https:\/\/wonderhome.eu\/wp-content\/uploads\/2024\/11\/9-min-1-1-300x210.jpg 300w, https:\/\/wonderhome.eu\/wp-content\/uploads\/2024\/11\/9-min-1-1-768x538.jpg 768w, https:\/\/wonderhome.eu\/wp-content\/uploads\/2024\/11\/9-min-1-1-18x12.jpg 18w, https:\/\/wonderhome.eu\/wp-content\/uploads\/2024\/11\/9-min-1-1.jpg 1297w\" sizes=\"auto, (max-width: 1024px) 100vw, 1024px\" \/><\/figure><div class=\"wp-block-media-text__content\">\n<h2 class=\"wp-block-heading has-text-align-center has-text-color has-link-color wp-elements-899e2ea5b01e68a9bcb3571c3f1bdb01\" id=\"g\u00f3ra\" style=\"color:#775740;font-size:25px\"><strong>Jak se tam dostat rychle a bez stresu? S Wonder Taxi je to mo\u017en\u00e9!<\/strong><\/h2>\n\n\n\n<p style=\"font-size:20px\">Spolupracujeme s m\u00edstn\u00edmi partnery, kte\u0159\u00ed nab\u00edzej\u00ed pohodln\u00e9 a p\u0159esn\u00e9 cesty v Karpaczi a okol\u00ed. Bez ohledu na \u00fa\u010del va\u0161\u00ed cesty se m\u016f\u017eete spolehnout na profesion\u00e1ln\u00ed slu\u017eby.<\/p>\n\n\n\n<p style=\"font-size:20px\"><strong>Zapome\u0148te na starosti s cestou \u2013 na\u0161i osv\u011bd\u010den\u00ed dopravci v\u00e1s doprav\u00ed p\u0159esn\u011b tam, kam chcete<\/strong>!<\/p>\n\n\n\n<p class=\"has-text-color has-link-color wp-elements-3231bd5bbeee853e264067251b205294\" style=\"color:#d7a97d;font-size:20px\"><strong>Pro\u010d se to s Wonder Taxi vyplat\u00ed?<\/strong><\/p>\n\n\n\n<ul class=\"wp-block-list\">\n<li><strong>Komfort a pohodl\u00ed<\/strong> \u2013 v\u017edy v\u010das, bez stresu a bez \u010dek\u00e1n\u00ed.<\/li>\n\n\n\n<li><strong>Flexibilita<\/strong> \u2013 p\u0159izp\u016fsoben\u00ed dopravy va\u0161im pot\u0159eb\u00e1m.<\/li>\n\n\n\n<li><strong>M\u00edstn\u00ed dopravci<\/strong> \u2013 v\u00fdborn\u00e1 znalost topografie m\u011bsta.<\/li>\n\n\n\n<li><strong>\u017d\u00e1dn\u00e9 probl\u00e9my<\/strong> \u2013 rychl\u00fd p\u0159\u00edstup ke sjezdovk\u00e1m, apartm\u00e1n\u016fm a centru Karpacze.<\/li>\n<\/ul>\n\n\n\n<div style=\"height:27px\" aria-hidden=\"true\" class=\"wp-block-spacer\"><\/div>\n\n\n\n<p class=\"has-text-align-center\" style=\"font-size:20px\"><strong>Wonder Taxi \u2013 Va\u0161e pohodl\u00ed je na\u0161\u00ed prioritou!<\/strong><\/p>\n\n\n\n<div style=\"height:27px\" aria-hidden=\"true\" class=\"wp-block-spacer\"><\/div>\n\n\n\n<div class=\"wp-block-buttons is-content-justification-center is-layout-flex wp-container-core-buttons-is-layout-16018d1d wp-block-buttons-is-layout-flex\">\n<div class=\"wp-block-button\"><a class=\"wp-block-button__link has-background wp-element-button\" href=\"tel:+48882517528\" style=\"background-color:#d7a97d\">\n       <strong>+48 882 517 528<\/strong>\n    <\/a><\/div>\n<\/div>\n\n\n\n<div style=\"height:26px\" aria-hidden=\"true\" class=\"wp-block-spacer\"><\/div>\n<\/div><\/div>\n\n\n\n<div style=\"height:96px\" aria-hidden=\"true\" class=\"wp-block-spacer\"><\/div>\n\n\n\n<div class=\"wp-block-cover alignfull has-parallax has-small-font-size\" style=\"min-height:130px;aspect-ratio:unset;\"><div class=\"wp-block-cover__image-background wp-image-5009 has-parallax\" style=\"background-position:50% 50%;background-image:url(https:\/\/wonderhome.eu\/wp-content\/uploads\/2024\/11\/10-min-1-1.jpg)\"><\/div><span aria-hidden=\"true\" class=\"wp-block-cover__background has-background-dim-40 has-background-dim\" style=\"background-color:#616158\"><\/span><div class=\"wp-block-cover__inner-container is-layout-constrained wp-block-cover-is-layout-constrained\">\n<p class=\"has-text-align-center has-white-color has-text-color has-link-color has-x-large-font-size wp-elements-7c4bb260b782a36884b2f017b27020ce\">Na\u0161i partne\u0159i<\/p>\n<\/div><\/div>\n\n\n\n<div style=\"height:78px\" aria-hidden=\"true\" class=\"wp-block-spacer\"><\/div>\n\n\n\n<div style=\"height:39px\" aria-hidden=\"true\" class=\"wp-block-spacer\"><\/div>\n\n\n\n<div class=\"wp-block-media-text has-media-on-the-right is-stacked-on-mobile\"><div class=\"wp-block-media-text__content\">\n<p class=\"has-text-align-center has-text-color has-link-color wp-elements-095cc06c0ced5a629daf95cbaf48889c\" style=\"color:#2d5b6f;font-size:25px\"><strong>SWIFT LUXUSN\u00cd TAXI<\/strong><\/p>\n\n\n\n<p class=\"has-text-align-center\" style=\"font-size:20px\">Luxusn\u00ed dopravn\u00ed slu\u017eby v Karpaczi a okol\u00ed!<\/p>\n\n\n\n<ul class=\"wp-block-list\">\n<li><strong>Rychl\u00e9 a pohodln\u00e9<\/strong> \u2013 doprava v Karpaczi a okol\u00ed na m\u00edru va\u0161im pot\u0159eb\u00e1m.<\/li>\n\n\n\n<li><strong>Zku\u0161en\u00ed \u0159idi\u010di<\/strong> \u2013 profesionalita, znalost m\u00edstn\u00edch tras a p\u0159\u00e1telsk\u00e1 obsluha.<\/li>\n\n\n\n<li><strong>Doprava 24\/7<\/strong> \u2013 slu\u017eby dostupn\u00e9 24\/7, ide\u00e1ln\u00ed pro ka\u017edou p\u0159\u00edle\u017eitost.<\/li>\n\n\n\n<li><strong>Transparentn\u00ed ceny<\/strong> \u2013 spravedliv\u00fd cen\u00edk bez skryt\u00fdch n\u00e1klad\u016f.<\/li>\n\n\n\n<li><strong>Luxusn\u00ed flotila<\/strong> \u2013 vozy p\u0159izp\u016fsoben\u00e9 po\u010dtu cestuj\u00edc\u00edch a va\u0161emu pohodl\u00ed.<\/li>\n\n\n\n<li><strong>Flexibilita<\/strong> \u2013 vyzvednut\u00ed z jak\u00e9hokoli m\u00edsta v Karpaczi a doru\u010den\u00ed na uvedenou adresu.<\/li>\n<\/ul>\n\n\n\n<p class=\"has-text-align-center\" style=\"font-size:20px\"><strong>SWIFT LUXURY TAXI je z\u00e1rukou pohodln\u00e9 a bezstresov\u00e9 dopravy - na svah, do apartm\u00e1nu nebo na d\u016fle\u017eitou sch\u016fzku.<\/strong><\/p>\n\n\n\n<div style=\"height:31px\" aria-hidden=\"true\" class=\"wp-block-spacer\"><\/div>\n\n\n\n<div class=\"wp-block-buttons is-content-justification-center is-layout-flex wp-container-core-buttons-is-layout-16018d1d wp-block-buttons-is-layout-flex\">\n<div class=\"wp-block-button\"><a class=\"wp-block-button__link has-background wp-element-button\" href=\"tel:+48882517528\" style=\"background-color:#d7a97d\">\n       <strong>+48 882 517 528<\/strong>\n    <\/a><\/div>\n<\/div>\n\n\n\n<div style=\"height:23px\" aria-hidden=\"true\" class=\"wp-block-spacer\"><\/div>\n<\/div><figure class=\"wp-block-media-text__media\"><img loading=\"lazy\" decoding=\"async\" width=\"943\" height=\"648\" src=\"https:\/\/wonderhome.eu\/wp-content\/uploads\/2024\/12\/Zdjecia-na-strony-12-min-1.jpg\" alt=\"\" class=\"wp-image-5290 size-full\" srcset=\"https:\/\/wonderhome.eu\/wp-content\/uploads\/2024\/12\/Zdjecia-na-strony-12-min-1.jpg 943w, https:\/\/wonderhome.eu\/wp-content\/uploads\/2024\/12\/Zdjecia-na-strony-12-min-1-300x206.jpg 300w, https:\/\/wonderhome.eu\/wp-content\/uploads\/2024\/12\/Zdjecia-na-strony-12-min-1-768x528.jpg 768w, https:\/\/wonderhome.eu\/wp-content\/uploads\/2024\/12\/Zdjecia-na-strony-12-min-1-18x12.jpg 18w\" sizes=\"auto, (max-width: 943px) 100vw, 943px\" \/><\/figure><\/div>\n\n\n\n<div style=\"height:112px\" aria-hidden=\"true\" class=\"wp-block-spacer\"><\/div>\n\n\n\n<div class=\"wp-block-cover alignfull has-parallax has-small-font-size\" style=\"min-height:130px;aspect-ratio:unset;\"><div class=\"wp-block-cover__image-background wp-image-5009 has-parallax\" style=\"background-position:50% 50%;background-image:url(https:\/\/wonderhome.eu\/wp-content\/uploads\/2024\/11\/10-min-1-1.jpg)\"><\/div><span aria-hidden=\"true\" class=\"wp-block-cover__background has-background-dim-40 has-background-dim\" style=\"background-color:#616158\"><\/span><div class=\"wp-block-cover__inner-container is-layout-constrained wp-block-cover-is-layout-constrained\">\n<p class=\"has-text-align-center has-white-color has-text-color has-link-color has-x-large-font-size wp-elements-d0e8346fce97681e78016be93294c0b7\"><\/p>\n<\/div><\/div>\n\n\n\n<div style=\"height:112px\" aria-hidden=\"true\" class=\"wp-block-spacer\"><\/div>\n\n\n\n<div class=\"wp-block-buttons is-content-justification-center is-layout-flex wp-container-core-buttons-is-layout-16018d1d wp-block-buttons-is-layout-flex\">\n<div class=\"wp-block-button\"><a class=\"wp-block-button__link has-background has-text-align-center wp-element-button\" href=\"#g\u00f3ra\" style=\"background-color:#d7a97d\"><strong>N\u00e1vrat<\/strong><\/a><\/div>\n<\/div>\n\n\n\n<div style=\"height:112px\" aria-hidden=\"true\" class=\"wp-block-spacer\"><\/div>\n\n\n\n<p><\/p>","protected":false},"excerpt":{"rendered":"","protected":false},"author":12,"featured_media":5128,"parent":0,"menu_order":0,"comment_status":"closed","ping_status":"closed","template":"","meta":{"_acf_changed":false,"footnotes":""},"class_list":["post-4990","page","type-page","status-publish","has-post-thumbnail","hentry"],"acf":[],"yoast_head":"<!-- This site is optimized with the Yoast SEO plugin v27.4 - https:\/\/yoast.com\/product\/yoast-seo-wordpress\/ -->\n<title>WonderTaxi - Wonder Home<\/title>\n<meta name=\"description\" content=\"Wonder Taxi \u2013 szybki i wygodny transport w Karpaczu. Sprawdzeni przewo\u017anicy, komfortowe przejazdy i punktualno\u015b\u0107 w jednym miejscu.\" \/>\n<meta name=\"robots\" content=\"index, follow, max-snippet:-1, max-image-preview:large, max-video-preview:-1\" \/>\n<link rel=\"canonical\" href=\"https:\/\/wonderhome.eu\/cz\/wondertaxi\/\" \/>\n<meta property=\"og:locale\" content=\"cs_CZ\" \/>\n<meta property=\"og:type\" content=\"article\" \/>\n<meta property=\"og:title\" content=\"WonderTaxi - Wonder Home\" \/>\n<meta property=\"og:description\" content=\"Wonder Taxi \u2013 szybki i wygodny transport w Karpaczu. Sprawdzeni przewo\u017anicy, komfortowe przejazdy i punktualno\u015b\u0107 w jednym miejscu.\" \/>\n<meta property=\"og:url\" content=\"https:\/\/wonderhome.eu\/cz\/wondertaxi\/\" \/>\n<meta property=\"og:site_name\" content=\"Wonder Home\" \/>\n<meta property=\"article:modified_time\" content=\"2026-04-17T07:17:09+00:00\" \/>\n<meta property=\"og:image\" content=\"https:\/\/wonderhome.eu\/wp-content\/uploads\/2024\/11\/TAPETA-NA-TOP-60x30-21-min-scaled.jpg\" \/>\n\t<meta property=\"og:image:width\" content=\"1920\" \/>\n\t<meta property=\"og:image:height\" content=\"1080\" \/>\n\t<meta property=\"og:image:type\" content=\"image\/jpeg\" \/>\n<meta name=\"twitter:card\" content=\"summary_large_image\" \/>\n<meta name=\"twitter:label1\" content=\"Odhadovan\u00e1 doba \u010dten\u00ed\" \/>\n\t<meta name=\"twitter:data1\" content=\"3 minuty\" \/>\n<script type=\"application\/ld+json\" class=\"yoast-schema-graph\">{\"@context\":\"https:\\\/\\\/schema.org\",\"@graph\":[{\"@type\":\"WebPage\",\"@id\":\"https:\\\/\\\/wonderhome.eu\\\/wondertaxi\",\"url\":\"https:\\\/\\\/wonderhome.eu\\\/wondertaxi\",\"name\":\"WonderTaxi - Wonder Home\",\"isPartOf\":{\"@id\":\"https:\\\/\\\/wonderhome.eu\\\/#website\"},\"primaryImageOfPage\":{\"@id\":\"https:\\\/\\\/wonderhome.eu\\\/wondertaxi#primaryimage\"},\"image\":{\"@id\":\"https:\\\/\\\/wonderhome.eu\\\/wondertaxi#primaryimage\"},\"thumbnailUrl\":\"https:\\\/\\\/wonderhome.eu\\\/wp-content\\\/uploads\\\/2024\\\/11\\\/TAPETA-NA-TOP-60x30-21-min-scaled.jpg\",\"datePublished\":\"2024-11-27T14:03:23+00:00\",\"dateModified\":\"2026-04-17T07:17:09+00:00\",\"description\":\"Wonder Taxi \u2013 szybki i wygodny transport w Karpaczu. Sprawdzeni przewo\u017anicy, komfortowe przejazdy i punktualno\u015b\u0107 w jednym miejscu.\",\"inLanguage\":\"cs\",\"potentialAction\":[{\"@type\":\"ReadAction\",\"target\":[\"https:\\\/\\\/wonderhome.eu\\\/wondertaxi\"]}]},{\"@type\":\"ImageObject\",\"inLanguage\":\"cs\",\"@id\":\"https:\\\/\\\/wonderhome.eu\\\/wondertaxi#primaryimage\",\"url\":\"https:\\\/\\\/wonderhome.eu\\\/wp-content\\\/uploads\\\/2024\\\/11\\\/TAPETA-NA-TOP-60x30-21-min-scaled.jpg\",\"contentUrl\":\"https:\\\/\\\/wonderhome.eu\\\/wp-content\\\/uploads\\\/2024\\\/11\\\/TAPETA-NA-TOP-60x30-21-min-scaled.jpg\",\"width\":1920,\"height\":1080},{\"@type\":\"WebSite\",\"@id\":\"https:\\\/\\\/wonderhome.eu\\\/#website\",\"url\":\"https:\\\/\\\/wonderhome.eu\\\/\",\"name\":\"Wonder Home\",\"description\":\"\",\"potentialAction\":[{\"@type\":\"SearchAction\",\"target\":{\"@type\":\"EntryPoint\",\"urlTemplate\":\"https:\\\/\\\/wonderhome.eu\\\/?s={search_term_string}\"},\"query-input\":{\"@type\":\"PropertyValueSpecification\",\"valueRequired\":true,\"valueName\":\"search_term_string\"}}],\"inLanguage\":\"cs\"}]}<\/script>\n<!-- \/ Yoast SEO plugin. -->","yoast_head_json":{"title":"WonderTaxi - Wonder Home","description":"Wonder Taxi \u2013 rychl\u00e1 a pohodln\u00e1 doprava v Karpaczi. D\u016fv\u011bryhodn\u00ed dopravci, pohodln\u00e1 j\u00edzda a dochvilnost na jednom m\u00edst\u011b.","robots":{"index":"index","follow":"follow","max-snippet":"max-snippet:-1","max-image-preview":"max-image-preview:large","max-video-preview":"max-video-preview:-1"},"canonical":"https:\/\/wonderhome.eu\/cz\/wondertaxi\/","og_locale":"cs_CZ","og_type":"article","og_title":"WonderTaxi - Wonder Home","og_description":"Wonder Taxi \u2013 szybki i wygodny transport w Karpaczu. Sprawdzeni przewo\u017anicy, komfortowe przejazdy i punktualno\u015b\u0107 w jednym miejscu.","og_url":"https:\/\/wonderhome.eu\/cz\/wondertaxi\/","og_site_name":"Wonder Home","article_modified_time":"2026-04-17T07:17:09+00:00","og_image":[{"width":1920,"height":1080,"url":"https:\/\/wonderhome.eu\/wp-content\/uploads\/2024\/11\/TAPETA-NA-TOP-60x30-21-min-scaled.jpg","type":"image\/jpeg"}],"twitter_card":"summary_large_image","twitter_misc":{"Odhadovan\u00e1 doba \u010dten\u00ed":"3 minuty"},"schema":{"@context":"https:\/\/schema.org","@graph":[{"@type":"WebPage","@id":"https:\/\/wonderhome.eu\/wondertaxi","url":"https:\/\/wonderhome.eu\/wondertaxi","name":"WonderTaxi - Wonder Home","isPartOf":{"@id":"https:\/\/wonderhome.eu\/#website"},"primaryImageOfPage":{"@id":"https:\/\/wonderhome.eu\/wondertaxi#primaryimage"},"image":{"@id":"https:\/\/wonderhome.eu\/wondertaxi#primaryimage"},"thumbnailUrl":"https:\/\/wonderhome.eu\/wp-content\/uploads\/2024\/11\/TAPETA-NA-TOP-60x30-21-min-scaled.jpg","datePublished":"2024-11-27T14:03:23+00:00","dateModified":"2026-04-17T07:17:09+00:00","description":"Wonder Taxi \u2013 rychl\u00e1 a pohodln\u00e1 doprava v Karpaczi. D\u016fv\u011bryhodn\u00ed dopravci, pohodln\u00e1 j\u00edzda a dochvilnost na jednom m\u00edst\u011b.","inLanguage":"cs","potentialAction":[{"@type":"ReadAction","target":["https:\/\/wonderhome.eu\/wondertaxi"]}]},{"@type":"ImageObject","inLanguage":"cs","@id":"https:\/\/wonderhome.eu\/wondertaxi#primaryimage","url":"https:\/\/wonderhome.eu\/wp-content\/uploads\/2024\/11\/TAPETA-NA-TOP-60x30-21-min-scaled.jpg","contentUrl":"https:\/\/wonderhome.eu\/wp-content\/uploads\/2024\/11\/TAPETA-NA-TOP-60x30-21-min-scaled.jpg","width":1920,"height":1080},{"@type":"WebSite","@id":"https:\/\/wonderhome.eu\/#website","url":"https:\/\/wonderhome.eu\/","name":"Wonder Home","description":"","potentialAction":[{"@type":"SearchAction","target":{"@type":"EntryPoint","urlTemplate":"https:\/\/wonderhome.eu\/?s={search_term_string}"},"query-input":{"@type":"PropertyValueSpecification","valueRequired":true,"valueName":"search_term_string"}}],"inLanguage":"cs"}]}},"_links":{"self":[{"href":"https:\/\/wonderhome.eu\/cz\/wp-json\/wp\/v2\/pages\/4990","targetHints":{"allow":["GET"]}}],"collection":[{"href":"https:\/\/wonderhome.eu\/cz\/wp-json\/wp\/v2\/pages"}],"about":[{"href":"https:\/\/wonderhome.eu\/cz\/wp-json\/wp\/v2\/types\/page"}],"author":[{"embeddable":true,"href":"https:\/\/wonderhome.eu\/cz\/wp-json\/wp\/v2\/users\/12"}],"replies":[{"embeddable":true,"href":"https:\/\/wonderhome.eu\/cz\/wp-json\/wp\/v2\/comments?post=4990"}],"version-history":[{"count":1,"href":"https:\/\/wonderhome.eu\/cz\/wp-json\/wp\/v2\/pages\/4990\/revisions"}],"predecessor-version":[{"id":7486,"href":"https:\/\/wonderhome.eu\/cz\/wp-json\/wp\/v2\/pages\/4990\/revisions\/7486"}],"wp:featuredmedia":[{"embeddable":true,"href":"https:\/\/wonderhome.eu\/cz\/wp-json\/wp\/v2\/media\/5128"}],"wp:attachment":[{"href":"https:\/\/wonderhome.eu\/cz\/wp-json\/wp\/v2\/media?parent=4990"}],"curies":[{"name":"wp","href":"https:\/\/api.w.org\/{rel}","templated":true}]}}