{"id":5871,"date":"2025-01-30T13:47:55","date_gmt":"2025-01-30T12:47:55","guid":{"rendered":"https:\/\/wonderhome.eu\/?page_id=5871"},"modified":"2025-10-20T11:31:50","modified_gmt":"2025-10-20T09:31:50","slug":"zarzadzanie-najmem-apartamentow-karpacz","status":"publish","type":"page","link":"https:\/\/wonderhome.eu\/cz\/zarzadzanie-najmem-apartamentow-karpacz","title":{"rendered":"Spr\u00e1va pron\u00e1jmu byt\u016f v Karpaczi"},"content":{"rendered":"<div style=\"height:40px\" aria-hidden=\"true\" class=\"wp-block-spacer\"><\/div>\n\n\n\n<div class=\"wp-block-columns is-layout-flex wp-container-core-columns-is-layout-9d6595d7 wp-block-columns-is-layout-flex\">\n<div class=\"wp-block-column is-layout-flow wp-block-column-is-layout-flow\" style=\"flex-basis:15%\"><\/div>\n\n\n\n<div class=\"wp-block-column is-layout-flow wp-block-column-is-layout-flow\" style=\"flex-basis:70%\">\n<h2 class=\"wp-block-heading has-text-align-center has-text-color has-link-color wp-elements-d35fd85abd71892cc4df426a0bffcfb0\" id=\"g\u00f3ra\" style=\"color:#292727fa;font-size:28px\"><strong>Profesion\u00e1ln\u00ed spr\u00e1va pron\u00e1jm\u016f byt\u016f v Karpaczi<\/strong><\/h2>\n\n\n\n<div style=\"height:26px\" aria-hidden=\"true\" class=\"wp-block-spacer\"><\/div>\n\n\n\n<div class=\"wp-block-columns is-layout-flex wp-container-core-columns-is-layout-9d6595d7 wp-block-columns-is-layout-flex\">\n<div class=\"wp-block-column is-layout-flow wp-block-column-is-layout-flow\" style=\"flex-basis:33%\"><\/div>\n\n\n\n<div class=\"wp-block-column is-layout-flow wp-block-column-is-layout-flow\" style=\"flex-basis:33%\"><div class=\"wp-block-image\">\n<figure class=\"aligncenter size-full is-resized\"><img loading=\"lazy\" decoding=\"async\" width=\"500\" height=\"500\" src=\"https:\/\/wonderhome.eu\/wp-content\/uploads\/2025\/07\/9-min.jpg\" alt=\"\" class=\"wp-image-6719\" style=\"width:150px\" srcset=\"https:\/\/wonderhome.eu\/wp-content\/uploads\/2025\/07\/9-min.jpg 500w, https:\/\/wonderhome.eu\/wp-content\/uploads\/2025\/07\/9-min-300x300.jpg 300w, https:\/\/wonderhome.eu\/wp-content\/uploads\/2025\/07\/9-min-150x150.jpg 150w, https:\/\/wonderhome.eu\/wp-content\/uploads\/2025\/07\/9-min-12x12.jpg 12w\" sizes=\"auto, (max-width: 500px) 100vw, 500px\" \/><\/figure>\n<\/div>\n\n\n<h3 class=\"wp-block-heading has-text-align-center has-text-color has-link-color wp-elements-afdc87f491d623b3f933b78d5ac9070b\" style=\"color:#196395\"><strong><a href=\"https:\/\/wonderhome.eu\/cz\/dla-wlascicieli\/\" target=\"_blank\" rel=\"noreferrer noopener\">DIVY PODNIK\u00c1N\u00cd<\/a><\/strong><\/h3>\n<\/div>\n\n\n\n<div class=\"wp-block-column is-layout-flow wp-block-column-is-layout-flow\" style=\"flex-basis:33%\"><\/div>\n<\/div>\n\n\n\n<div style=\"height:26px\" aria-hidden=\"true\" class=\"wp-block-spacer\"><\/div>\n\n\n\n<p class=\"has-text-align-center\" style=\"font-size:20px\">Hled\u00e1te odbornou pomoc p\u0159i spr\u00e1v\u011b pron\u00e1jm\u016f byt\u016f v Karpaczi? <strong>Wonder Home je \u0159e\u0161en\u00ed, kter\u00e9 v\u00e1m umo\u017en\u00ed efektivn\u011b zv\u00fd\u0161it zisky z pron\u00e1jmu byt\u016f. <\/strong>Nab\u00edz\u00edme komplexn\u00ed slu\u017eby, kter\u00e9 v\u00e1s zbav\u00ed ka\u017edodenn\u00edch povinnost\u00ed a umo\u017en\u00ed v\u00e1m u\u017e\u00edvat si pasivn\u00edho p\u0159\u00edjmu bez stresu. Spr\u00e1va n\u00e1jm\u016f v Karpaczi je na\u0161\u00ed specialitou!<\/p>\n\n\n\n<div style=\"height:30px\" aria-hidden=\"true\" class=\"wp-block-spacer\"><\/div>\n\n\n\n<div class=\"wp-block-columns is-layout-flex wp-container-core-columns-is-layout-9d6595d7 wp-block-columns-is-layout-flex\">\n<div class=\"wp-block-column is-layout-flow wp-block-column-is-layout-flow\"><div class=\"wp-block-image\">\n<figure class=\"aligncenter size-full is-resized\"><img loading=\"lazy\" decoding=\"async\" width=\"500\" height=\"500\" src=\"https:\/\/wonderhome.eu\/wp-content\/uploads\/2025\/07\/1-min.jpg\" alt=\"\" class=\"wp-image-6707\" style=\"width:150px\" srcset=\"https:\/\/wonderhome.eu\/wp-content\/uploads\/2025\/07\/1-min.jpg 500w, https:\/\/wonderhome.eu\/wp-content\/uploads\/2025\/07\/1-min-300x300.jpg 300w, https:\/\/wonderhome.eu\/wp-content\/uploads\/2025\/07\/1-min-150x150.jpg 150w, https:\/\/wonderhome.eu\/wp-content\/uploads\/2025\/07\/1-min-12x12.jpg 12w\" sizes=\"auto, (max-width: 500px) 100vw, 500px\" \/><\/figure>\n<\/div>\n\n\n<h3 class=\"wp-block-heading has-text-align-center has-text-color has-link-color wp-elements-1fd2c013130e8400babd6e2fac8eed1e\" style=\"color:#196395\"><strong><a href=\"https:\/\/wonderhome.eu\/cz\/prezentacja\/\" target=\"_blank\" rel=\"noreferrer noopener\">FIRM\u00c1LN\u00cd PREZENTACE<\/a><\/strong><\/h3>\n<\/div>\n\n\n\n<div class=\"wp-block-column is-layout-flow wp-block-column-is-layout-flow\"><div class=\"wp-block-image\">\n<figure class=\"aligncenter size-full is-resized\"><img loading=\"lazy\" decoding=\"async\" width=\"500\" height=\"500\" src=\"https:\/\/wonderhome.eu\/wp-content\/uploads\/2025\/07\/43-min.jpg\" alt=\"\" class=\"wp-image-6692\" style=\"width:150px\" srcset=\"https:\/\/wonderhome.eu\/wp-content\/uploads\/2025\/07\/43-min.jpg 500w, https:\/\/wonderhome.eu\/wp-content\/uploads\/2025\/07\/43-min-300x300.jpg 300w, https:\/\/wonderhome.eu\/wp-content\/uploads\/2025\/07\/43-min-150x150.jpg 150w, https:\/\/wonderhome.eu\/wp-content\/uploads\/2025\/07\/43-min-12x12.jpg 12w\" sizes=\"auto, (max-width: 500px) 100vw, 500px\" \/><\/figure>\n<\/div>\n\n\n<h3 class=\"wp-block-heading has-text-align-center has-text-color has-link-color wp-elements-0f394871184a03d3c113e25257ac06b3\" style=\"color:#196395\"><strong><a href=\"https:\/\/wonderhome.eu\/cz\/na-sprzedaz-1\/\" target=\"_blank\" rel=\"noreferrer noopener\">BYTY NA PRODEJ<\/a><\/strong><\/h3>\n<\/div>\n\n\n\n<div class=\"wp-block-column is-layout-flow wp-block-column-is-layout-flow\"><div class=\"wp-block-image\">\n<figure class=\"aligncenter size-full is-resized\"><img loading=\"lazy\" decoding=\"async\" width=\"500\" height=\"500\" src=\"https:\/\/wonderhome.eu\/wp-content\/uploads\/2025\/07\/49-min.jpg\" alt=\"\" class=\"wp-image-6685\" style=\"width:150px\" srcset=\"https:\/\/wonderhome.eu\/wp-content\/uploads\/2025\/07\/49-min.jpg 500w, https:\/\/wonderhome.eu\/wp-content\/uploads\/2025\/07\/49-min-300x300.jpg 300w, https:\/\/wonderhome.eu\/wp-content\/uploads\/2025\/07\/49-min-150x150.jpg 150w, https:\/\/wonderhome.eu\/wp-content\/uploads\/2025\/07\/49-min-12x12.jpg 12w\" sizes=\"auto, (max-width: 500px) 100vw, 500px\" \/><\/figure>\n<\/div>\n\n\n<h3 class=\"wp-block-heading has-text-align-center has-text-color has-link-color wp-elements-e51c5eb9ee9e960df1bd0457d98683a0\" style=\"color:#196395\"><strong>PR\u00c1VN\u00cd PORADENSTV\u00cd<\/strong><\/h3>\n<\/div>\n\n\n\n<div class=\"wp-block-column is-layout-flow wp-block-column-is-layout-flow\"><div class=\"wp-block-image\">\n<figure class=\"aligncenter size-full is-resized\"><img loading=\"lazy\" decoding=\"async\" width=\"500\" height=\"500\" src=\"https:\/\/wonderhome.eu\/wp-content\/uploads\/2025\/07\/41.jpg\" alt=\"\" class=\"wp-image-6773\" style=\"width:150px\" srcset=\"https:\/\/wonderhome.eu\/wp-content\/uploads\/2025\/07\/41.jpg 500w, https:\/\/wonderhome.eu\/wp-content\/uploads\/2025\/07\/41-300x300.jpg 300w, https:\/\/wonderhome.eu\/wp-content\/uploads\/2025\/07\/41-150x150.jpg 150w, https:\/\/wonderhome.eu\/wp-content\/uploads\/2025\/07\/41-12x12.jpg 12w\" sizes=\"auto, (max-width: 500px) 100vw, 500px\" \/><\/figure>\n<\/div>\n\n\n<h3 class=\"wp-block-heading has-text-align-center has-text-color has-link-color wp-elements-84080fe78ab14d2fa2f11b667b257eb5\" style=\"color:#196395\"><strong><a href=\"https:\/\/wonderhome.eu\/cz\/wonder-asekuracja\/\" target=\"_blank\" rel=\"noreferrer noopener\">POJI\u0160T\u011aN\u00cd<\/a><\/strong><\/h3>\n<\/div>\n<\/div>\n\n\n\n<div class=\"wp-block-media-text is-stacked-on-mobile\"><figure class=\"wp-block-media-text__media\"><img loading=\"lazy\" decoding=\"async\" width=\"1024\" height=\"702\" src=\"https:\/\/wonderhome.eu\/wp-content\/uploads\/2025\/01\/10-min-6-1024x702.jpg\" alt=\"\" class=\"wp-image-5826 size-full\" srcset=\"https:\/\/wonderhome.eu\/wp-content\/uploads\/2025\/01\/10-min-6-1024x702.jpg 1024w, https:\/\/wonderhome.eu\/wp-content\/uploads\/2025\/01\/10-min-6-300x206.jpg 300w, https:\/\/wonderhome.eu\/wp-content\/uploads\/2025\/01\/10-min-6-768x526.jpg 768w, https:\/\/wonderhome.eu\/wp-content\/uploads\/2025\/01\/10-min-6-18x12.jpg 18w, https:\/\/wonderhome.eu\/wp-content\/uploads\/2025\/01\/10-min-6.jpg 1227w\" sizes=\"auto, (max-width: 1024px) 100vw, 1024px\" \/><\/figure><div class=\"wp-block-media-text__content\">\n<div style=\"height:29px\" aria-hidden=\"true\" class=\"wp-block-spacer\"><\/div>\n\n\n\n<div style=\"height:29px\" aria-hidden=\"true\" class=\"wp-block-spacer\"><\/div>\n\n\n\n<h2 class=\"wp-block-heading has-text-align-center\" style=\"font-size:24px\"><strong>Spr\u00e1va pron\u00e1jmu v Karpaczi. <\/strong><br><strong><span style=\"color: #d7a97d;\">Co nab\u00edz\u00edme?<\/span><\/strong><\/h2>\n\n\n\n<p>Na\u0161e nab\u00eddka spr\u00e1vy pron\u00e1jmu v Karpaczi zahrnuje kompletn\u00ed slu\u017eby pron\u00e1jmu byt\u016f, v\u010detn\u011b: <\/p>\n\n\n\n<ul class=\"wp-block-list\">\n<li>marketing, <\/li>\n\n\n\n<li>rezervace,<\/li>\n\n\n\n<li>obsluha host\u016f.<\/li>\n<\/ul>\n\n\n\n<p><strong>D\u00edky na\u0161im zku\u0161enostem a znalosti m\u00edstn\u00edho trhu maximalizujeme obsazenost byt\u016f a zaji\u0161\u0165ujeme majitel\u016fm st\u00e1l\u00fd p\u0159\u00edjem.<\/strong><\/p>\n\n\n\n<p>Proto db\u00e1me na ka\u017ed\u00fd detail, abychom zajistili plnou spokojenost va\u0161ich host\u016f.<\/p>\n\n\n\n<div style=\"height:29px\" aria-hidden=\"true\" class=\"wp-block-spacer\"><\/div>\n\n\n\n<h2 class=\"wp-block-heading has-text-align-center has-text-color has-link-color wp-elements-0a1529ac17cfc6a5fdd55dc74344d8ed\" style=\"color:#d7a97d;font-size:24px\"><strong><strong>Chcete v\u00edce podrobnost\u00ed? Zavolejte n\u00e1m!<\/strong><\/strong><\/h2>\n\n\n\n<div style=\"height:29px\" aria-hidden=\"true\" class=\"wp-block-spacer\"><\/div>\n\n\n\n<div class=\"wp-block-buttons animated zoomIn is-content-justification-center is-layout-flex wp-container-core-buttons-is-layout-16018d1d wp-block-buttons-is-layout-flex\">\n<div class=\"wp-block-button\"><a class=\"wp-block-button__link has-background wp-element-button\" href=\"tel:+48504060914\" style=\"background-color:#811717\"><strong>+48 504 060 914<\/strong><\/a><\/div>\n<\/div>\n\n\n\n<div style=\"height:29px\" aria-hidden=\"true\" class=\"wp-block-spacer\"><\/div>\n<\/div><\/div>\n\n\n\n<div style=\"height:56px\" aria-hidden=\"true\" class=\"wp-block-spacer\"><\/div>\n\n\n\n<div class=\"wp-block-media-text has-media-on-the-right is-stacked-on-mobile\"><div class=\"wp-block-media-text__content\">\n<h2 class=\"wp-block-heading has-text-align-center\" style=\"font-size:24px\"><strong>Pro\u010d se vyplat\u00ed vyb\u00edrat <span style=\"color: #d7a97d;\">Wonder Home?<\/span><\/strong><\/h2>\n\n\n\n<p><strong>\u0158\u00edzen\u00ed pron\u00e1jm\u016f v Karpaczi vy\u017eaduje znalost trhu cestovn\u00edho ruchu a flexibilitu provozu.<\/strong><\/p>\n\n\n\n<p>Proto <strong>Wonder Home<\/strong> zaji\u0161\u0165uje individu\u00e1ln\u00ed p\u0159\u00edstup ke ka\u017ed\u00e9mu majiteli a nemovitosti. <\/p>\n\n\n\n<p>Nav\u00edc nab\u00edz\u00edme pln\u00e9 <strong>finan\u010dn\u00ed transparentnost a pravideln\u00e9 pod\u00e1v\u00e1n\u00ed zpr\u00e1v<\/strong>, tak\u017ee v\u017edy v\u00edte, jak je na tom v\u00e1\u0161 byt.<\/p>\n\n\n\n<div style=\"height:29px\" aria-hidden=\"true\" class=\"wp-block-spacer\"><\/div>\n<\/div><figure class=\"wp-block-media-text__media\"><img loading=\"lazy\" decoding=\"async\" width=\"1024\" height=\"691\" src=\"https:\/\/wonderhome.eu\/wp-content\/uploads\/2025\/01\/20-min-1-1024x691.jpg\" alt=\"najem w Karpaczu\" class=\"wp-image-5843 size-full\" srcset=\"https:\/\/wonderhome.eu\/wp-content\/uploads\/2025\/01\/20-min-1-1024x691.jpg 1024w, https:\/\/wonderhome.eu\/wp-content\/uploads\/2025\/01\/20-min-1-300x203.jpg 300w, https:\/\/wonderhome.eu\/wp-content\/uploads\/2025\/01\/20-min-1-768x518.jpg 768w, https:\/\/wonderhome.eu\/wp-content\/uploads\/2025\/01\/20-min-1-18x12.jpg 18w, https:\/\/wonderhome.eu\/wp-content\/uploads\/2025\/01\/20-min-1.jpg 1231w\" sizes=\"auto, (max-width: 1024px) 100vw, 1024px\" \/><\/figure><\/div>\n\n\n\n<div style=\"height:56px\" aria-hidden=\"true\" class=\"wp-block-spacer\"><\/div>\n\n\n\n<div class=\"wp-block-media-text is-stacked-on-mobile\"><figure class=\"wp-block-media-text__media\"><img loading=\"lazy\" decoding=\"async\" width=\"1024\" height=\"686\" src=\"https:\/\/wonderhome.eu\/wp-content\/uploads\/2025\/01\/13-min-2-1024x686.jpg\" alt=\"\" class=\"wp-image-5844 size-full\" srcset=\"https:\/\/wonderhome.eu\/wp-content\/uploads\/2025\/01\/13-min-2-1024x686.jpg 1024w, https:\/\/wonderhome.eu\/wp-content\/uploads\/2025\/01\/13-min-2-300x201.jpg 300w, https:\/\/wonderhome.eu\/wp-content\/uploads\/2025\/01\/13-min-2-768x514.jpg 768w, https:\/\/wonderhome.eu\/wp-content\/uploads\/2025\/01\/13-min-2-18x12.jpg 18w, https:\/\/wonderhome.eu\/wp-content\/uploads\/2025\/01\/13-min-2.jpg 1260w\" sizes=\"auto, (max-width: 1024px) 100vw, 1024px\" \/><\/figure><div class=\"wp-block-media-text__content\">\n<h2 class=\"wp-block-heading has-text-align-center\" style=\"font-size:24px\"><strong><span style=\"color: #d7a97d;\">Komplexn\u00ed p\u016fj\u010dovna<\/span> v Karpaczi<\/strong><\/h2>\n\n\n\n<p><strong>O v\u0161e se postar\u00e1me my<\/strong> \u2013 od profesion\u00e1ln\u00edho focen\u00ed byt\u016f, p\u0159es zve\u0159ej\u0148ov\u00e1n\u00ed nab\u00eddek na rezerva\u010dn\u00edch port\u00e1lech a\u017e po \u00faklid a technickou podporu.<\/p>\n\n\n\n<p>D\u00edky tomu se m\u016f\u017eete spolehnout na kvalitu slu\u017eeb a pozitivn\u00ed recenze na\u0161ich host\u016f.<\/p>\n\n\n\n<p><strong>V\u00e1\u0161 majetek bude spravov\u00e1n profesion\u00e1ln\u011b a efektivn\u011b.<\/strong><\/p>\n\n\n\n<div style=\"height:29px\" aria-hidden=\"true\" class=\"wp-block-spacer\"><\/div>\n<\/div><\/div>\n\n\n\n<div style=\"height:56px\" aria-hidden=\"true\" class=\"wp-block-spacer\"><\/div>\n\n\n\n<div class=\"wp-block-media-text has-media-on-the-right is-stacked-on-mobile\"><div class=\"wp-block-media-text__content\">\n<h2 class=\"wp-block-heading has-text-align-center\" style=\"font-size:24px\"><strong>Z\u00edskejte v\u00edce od <span style=\"color: #d7a97d;\">Wonder Home<\/span><\/strong><\/h2>\n\n\n\n<p>Shrneme-li to, d\u00edky na\u0161im znalostem a zku\u0161enostem v \u0159\u00edzen\u00ed pron\u00e1jmu v Karpaczi m\u016f\u017eeme <strong>v\u00fdrazn\u011b zv\u00fd\u0161it sv\u00e9 p\u0159\u00edjmy<\/strong>. <\/p>\n\n\n\n<p>V\u00edme, jak p\u0159izp\u016fsobit ceny sez\u00f3n\u011b, propagovat nemovitost a zajistit nejvy\u0161\u0161\u00ed standard slu\u017eeb pro hosty. <\/p>\n\n\n\n<p><strong>S Wonder Home je pron\u00e1jem bytu \u010dist\u00fdm pot\u011b\u0161en\u00edm.<\/strong><\/p>\n\n\n\n<div style=\"height:29px\" aria-hidden=\"true\" class=\"wp-block-spacer\"><\/div>\n\n\n\n<h2 class=\"wp-block-heading has-text-align-center has-text-color has-link-color wp-elements-d53757721935083ff53e06de412fe7ab\" style=\"color:#d7a97d\"><strong>Kontaktujte n\u00e1s!<\/strong><\/h2>\n\n\n\n<div style=\"height:29px\" aria-hidden=\"true\" class=\"wp-block-spacer\"><\/div>\n\n\n\n<div class=\"wp-block-buttons animated zoomIn is-content-justification-center is-layout-flex wp-container-core-buttons-is-layout-16018d1d wp-block-buttons-is-layout-flex\">\n<div class=\"wp-block-button\"><a class=\"wp-block-button__link has-background wp-element-button\" href=\"tel:+48504060914\" style=\"background-color:#811717\"><strong>+48 504 060 914<\/strong><\/a><\/div>\n<\/div>\n<\/div><figure class=\"wp-block-media-text__media\"><img loading=\"lazy\" decoding=\"async\" width=\"1024\" height=\"683\" src=\"https:\/\/wonderhome.eu\/wp-content\/uploads\/2025\/01\/12-min-2-1024x683.jpg\" alt=\"\" class=\"wp-image-5845 size-full\" srcset=\"https:\/\/wonderhome.eu\/wp-content\/uploads\/2025\/01\/12-min-2-1024x683.jpg 1024w, https:\/\/wonderhome.eu\/wp-content\/uploads\/2025\/01\/12-min-2-300x200.jpg 300w, https:\/\/wonderhome.eu\/wp-content\/uploads\/2025\/01\/12-min-2-768x512.jpg 768w, https:\/\/wonderhome.eu\/wp-content\/uploads\/2025\/01\/12-min-2-18x12.jpg 18w, https:\/\/wonderhome.eu\/wp-content\/uploads\/2025\/01\/12-min-2.jpg 1252w\" sizes=\"auto, (max-width: 1024px) 100vw, 1024px\" \/><\/figure><\/div>\n\n\n\n<div style=\"height:100px\" aria-hidden=\"true\" class=\"wp-block-spacer\"><\/div>\n\n\n\n<div class=\"wp-block-buttons is-content-justification-center is-layout-flex wp-container-core-buttons-is-layout-16018d1d wp-block-buttons-is-layout-flex\">\n<div class=\"wp-block-button\"><a class=\"wp-block-button__link has-background has-text-align-center wp-element-button\" href=\"#g\u00f3ra\" style=\"background-color:#d7a97d\"><strong>N\u00e1vrat<\/strong><\/a><\/div>\n<\/div>\n\n\n\n<div style=\"height:56px\" aria-hidden=\"true\" class=\"wp-block-spacer\"><\/div>\n<\/div>\n\n\n\n<div class=\"wp-block-column is-layout-flow wp-block-column-is-layout-flow\" style=\"flex-basis:15%\"><\/div>\n<\/div>\n\n\n\n<p><\/p>\n\n\n\n<div style=\"height:49px\" aria-hidden=\"true\" class=\"wp-block-spacer\"><\/div>\n\n\n\n<div class=\"wp-block-cover alignfull is-light has-parallax has-small-font-size\" style=\"min-height:130px;aspect-ratio:unset;\"><div class=\"wp-block-cover__image-background wp-image-3915 has-parallax\" style=\"background-position:50% 50%;background-image:url(https:\/\/wonderhome.eu\/wp-content\/uploads\/2024\/11\/Header-statyczny-1920-x-1080-px-1920-x-1080-px-2.jpg)\"><\/div><span aria-hidden=\"true\" class=\"wp-block-cover__background has-background-dim-40 has-background-dim\" style=\"background-color:#b5a38f\"><\/span><div class=\"wp-block-cover__inner-container is-layout-constrained wp-block-cover-is-layout-constrained\">\n<p class=\"has-text-align-center has-white-color has-text-color has-link-color has-x-large-font-size wp-elements-e39e123ee203204ec81a5fb012e11dd4\"><strong>\u010cek\u00e1me na v\u00e1s!<\/strong><\/p>\n<\/div><\/div>","protected":false},"excerpt":{"rendered":"<p>Profesjonalne zarz\u0105dzanie najmem apartament\u00f3w w Karpaczu WONDER BIZNES Szukasz profesjonalnej pomocy w zarz\u0105dzaniu najmem apartament\u00f3w w Karpaczu? Wonder Home to rozwi\u0105zanie, kt\u00f3re pozwoli Ci skutecznie zwi\u0119kszy\u0107 zyski z wynajmu apartament\u00f3w. Oferujemy kompleksowe us\u0142ugi, kt\u00f3re odci\u0105\u017c\u0105 Ci\u0119 w codziennych obowi\u0105zkach i pozwol\u0105 cieszy\u0107 si\u0119 pasywnym dochodem bez stresu. Zarz\u0105dzanie najmem w Karpaczu to nasza specjalno\u015b\u0107! PREZENTACJA [&hellip;]<\/p>\n","protected":false},"author":12,"featured_media":5848,"parent":0,"menu_order":0,"comment_status":"closed","ping_status":"closed","template":"","meta":{"_acf_changed":false,"footnotes":""},"class_list":["post-5871","page","type-page","status-publish","has-post-thumbnail","hentry"],"acf":[],"yoast_head":"<!-- This site is optimized with the Yoast SEO plugin v27.4 - https:\/\/yoast.com\/product\/yoast-seo-wordpress\/ -->\n<title>Zarz\u0105dzanie najmem apartament\u00f3w w Karpaczu | Wonder Home<\/title>\n<meta name=\"description\" content=\"Zarz\u0105dzanie najmem apartament\u00f3w w Karpaczu? Odkryj kompleksow\u0105 ofert\u0119 Wonder Home i maksymalizuj zyski z wynajmu apartament\u00f3w. Sprawd\u017a!\" \/>\n<meta name=\"robots\" content=\"index, follow, max-snippet:-1, max-image-preview:large, max-video-preview:-1\" \/>\n<link rel=\"canonical\" href=\"https:\/\/wonderhome.eu\/cz\/zarzadzanie-najmem-apartamentow-karpacz\/\" \/>\n<meta property=\"og:locale\" content=\"cs_CZ\" \/>\n<meta property=\"og:type\" content=\"article\" \/>\n<meta property=\"og:title\" content=\"Zarz\u0105dzanie najmem apartament\u00f3w w Karpaczu | Wonder Home\" \/>\n<meta property=\"og:description\" content=\"Zarz\u0105dzanie najmem apartament\u00f3w w Karpaczu? Odkryj kompleksow\u0105 ofert\u0119 Wonder Home i maksymalizuj zyski z wynajmu apartament\u00f3w. Sprawd\u017a!\" \/>\n<meta property=\"og:url\" content=\"https:\/\/wonderhome.eu\/cz\/zarzadzanie-najmem-apartamentow-karpacz\/\" \/>\n<meta property=\"og:site_name\" content=\"Wonder Home\" \/>\n<meta property=\"article:modified_time\" content=\"2025-10-20T09:31:50+00:00\" \/>\n<meta property=\"og:image\" content=\"https:\/\/wonderhome.eu\/wp-content\/uploads\/2025\/01\/Tapety-rozne-5.jpg\" \/>\n\t<meta property=\"og:image:width\" content=\"1920\" \/>\n\t<meta property=\"og:image:height\" content=\"1080\" \/>\n\t<meta property=\"og:image:type\" content=\"image\/jpeg\" \/>\n<meta name=\"twitter:card\" content=\"summary_large_image\" \/>\n<meta name=\"twitter:label1\" content=\"Odhadovan\u00e1 doba \u010dten\u00ed\" \/>\n\t<meta name=\"twitter:data1\" content=\"5 minut\" \/>\n<script type=\"application\/ld+json\" class=\"yoast-schema-graph\">{\"@context\":\"https:\\\/\\\/schema.org\",\"@graph\":[{\"@type\":\"WebPage\",\"@id\":\"https:\\\/\\\/wonderhome.eu\\\/zarzadzanie-najmem-apartamentow-karpacz\",\"url\":\"https:\\\/\\\/wonderhome.eu\\\/zarzadzanie-najmem-apartamentow-karpacz\",\"name\":\"Zarz\u0105dzanie najmem apartament\u00f3w w Karpaczu | Wonder Home\",\"isPartOf\":{\"@id\":\"https:\\\/\\\/wonderhome.eu\\\/#website\"},\"primaryImageOfPage\":{\"@id\":\"https:\\\/\\\/wonderhome.eu\\\/zarzadzanie-najmem-apartamentow-karpacz#primaryimage\"},\"image\":{\"@id\":\"https:\\\/\\\/wonderhome.eu\\\/zarzadzanie-najmem-apartamentow-karpacz#primaryimage\"},\"thumbnailUrl\":\"https:\\\/\\\/wonderhome.eu\\\/wp-content\\\/uploads\\\/2025\\\/01\\\/Tapety-rozne-5.jpg\",\"datePublished\":\"2025-01-30T12:47:55+00:00\",\"dateModified\":\"2025-10-20T09:31:50+00:00\",\"description\":\"Zarz\u0105dzanie najmem apartament\u00f3w w Karpaczu? Odkryj kompleksow\u0105 ofert\u0119 Wonder Home i maksymalizuj zyski z wynajmu apartament\u00f3w. Sprawd\u017a!\",\"inLanguage\":\"cs\",\"potentialAction\":[{\"@type\":\"ReadAction\",\"target\":[\"https:\\\/\\\/wonderhome.eu\\\/zarzadzanie-najmem-apartamentow-karpacz\"]}]},{\"@type\":\"ImageObject\",\"inLanguage\":\"cs\",\"@id\":\"https:\\\/\\\/wonderhome.eu\\\/zarzadzanie-najmem-apartamentow-karpacz#primaryimage\",\"url\":\"https:\\\/\\\/wonderhome.eu\\\/wp-content\\\/uploads\\\/2025\\\/01\\\/Tapety-rozne-5.jpg\",\"contentUrl\":\"https:\\\/\\\/wonderhome.eu\\\/wp-content\\\/uploads\\\/2025\\\/01\\\/Tapety-rozne-5.jpg\",\"width\":1920,\"height\":1080,\"caption\":\"zarz\u0105dzanie najmem w karpaczu\"},{\"@type\":\"WebSite\",\"@id\":\"https:\\\/\\\/wonderhome.eu\\\/#website\",\"url\":\"https:\\\/\\\/wonderhome.eu\\\/\",\"name\":\"Wonder Home\",\"description\":\"\",\"potentialAction\":[{\"@type\":\"SearchAction\",\"target\":{\"@type\":\"EntryPoint\",\"urlTemplate\":\"https:\\\/\\\/wonderhome.eu\\\/?s={search_term_string}\"},\"query-input\":{\"@type\":\"PropertyValueSpecification\",\"valueRequired\":true,\"valueName\":\"search_term_string\"}}],\"inLanguage\":\"cs\"}]}<\/script>\n<!-- \/ Yoast SEO plugin. -->","yoast_head_json":{"title":"Spr\u00e1va pron\u00e1jmu byt\u016f v Karpaczi | Wonder Home","description":"Spr\u00e1va pron\u00e1jmu byt\u016f v Karpaczi? Objevte komplexn\u00ed nab\u00eddku Wonder Home a maximalizujte sv\u016fj p\u0159\u00edjem z pron\u00e1jmu. Pod\u00edvejte se na to!","robots":{"index":"index","follow":"follow","max-snippet":"max-snippet:-1","max-image-preview":"max-image-preview:large","max-video-preview":"max-video-preview:-1"},"canonical":"https:\/\/wonderhome.eu\/cz\/zarzadzanie-najmem-apartamentow-karpacz\/","og_locale":"cs_CZ","og_type":"article","og_title":"Zarz\u0105dzanie najmem apartament\u00f3w w Karpaczu | Wonder Home","og_description":"Zarz\u0105dzanie najmem apartament\u00f3w w Karpaczu? Odkryj kompleksow\u0105 ofert\u0119 Wonder Home i maksymalizuj zyski z wynajmu apartament\u00f3w. Sprawd\u017a!","og_url":"https:\/\/wonderhome.eu\/cz\/zarzadzanie-najmem-apartamentow-karpacz\/","og_site_name":"Wonder Home","article_modified_time":"2025-10-20T09:31:50+00:00","og_image":[{"width":1920,"height":1080,"url":"https:\/\/wonderhome.eu\/wp-content\/uploads\/2025\/01\/Tapety-rozne-5.jpg","type":"image\/jpeg"}],"twitter_card":"summary_large_image","twitter_misc":{"Odhadovan\u00e1 doba \u010dten\u00ed":"5 minut"},"schema":{"@context":"https:\/\/schema.org","@graph":[{"@type":"WebPage","@id":"https:\/\/wonderhome.eu\/zarzadzanie-najmem-apartamentow-karpacz","url":"https:\/\/wonderhome.eu\/zarzadzanie-najmem-apartamentow-karpacz","name":"Spr\u00e1va pron\u00e1jmu byt\u016f v Karpaczi | Wonder Home","isPartOf":{"@id":"https:\/\/wonderhome.eu\/#website"},"primaryImageOfPage":{"@id":"https:\/\/wonderhome.eu\/zarzadzanie-najmem-apartamentow-karpacz#primaryimage"},"image":{"@id":"https:\/\/wonderhome.eu\/zarzadzanie-najmem-apartamentow-karpacz#primaryimage"},"thumbnailUrl":"https:\/\/wonderhome.eu\/wp-content\/uploads\/2025\/01\/Tapety-rozne-5.jpg","datePublished":"2025-01-30T12:47:55+00:00","dateModified":"2025-10-20T09:31:50+00:00","description":"Spr\u00e1va pron\u00e1jmu byt\u016f v Karpaczi? Objevte komplexn\u00ed nab\u00eddku Wonder Home a maximalizujte sv\u016fj p\u0159\u00edjem z pron\u00e1jmu. Pod\u00edvejte se na to!","inLanguage":"cs","potentialAction":[{"@type":"ReadAction","target":["https:\/\/wonderhome.eu\/zarzadzanie-najmem-apartamentow-karpacz"]}]},{"@type":"ImageObject","inLanguage":"cs","@id":"https:\/\/wonderhome.eu\/zarzadzanie-najmem-apartamentow-karpacz#primaryimage","url":"https:\/\/wonderhome.eu\/wp-content\/uploads\/2025\/01\/Tapety-rozne-5.jpg","contentUrl":"https:\/\/wonderhome.eu\/wp-content\/uploads\/2025\/01\/Tapety-rozne-5.jpg","width":1920,"height":1080,"caption":"zarz\u0105dzanie najmem w karpaczu"},{"@type":"WebSite","@id":"https:\/\/wonderhome.eu\/#website","url":"https:\/\/wonderhome.eu\/","name":"Wonder Home","description":"","potentialAction":[{"@type":"SearchAction","target":{"@type":"EntryPoint","urlTemplate":"https:\/\/wonderhome.eu\/?s={search_term_string}"},"query-input":{"@type":"PropertyValueSpecification","valueRequired":true,"valueName":"search_term_string"}}],"inLanguage":"cs"}]}},"_links":{"self":[{"href":"https:\/\/wonderhome.eu\/cz\/wp-json\/wp\/v2\/pages\/5871","targetHints":{"allow":["GET"]}}],"collection":[{"href":"https:\/\/wonderhome.eu\/cz\/wp-json\/wp\/v2\/pages"}],"about":[{"href":"https:\/\/wonderhome.eu\/cz\/wp-json\/wp\/v2\/types\/page"}],"author":[{"embeddable":true,"href":"https:\/\/wonderhome.eu\/cz\/wp-json\/wp\/v2\/users\/12"}],"replies":[{"embeddable":true,"href":"https:\/\/wonderhome.eu\/cz\/wp-json\/wp\/v2\/comments?post=5871"}],"version-history":[{"count":2,"href":"https:\/\/wonderhome.eu\/cz\/wp-json\/wp\/v2\/pages\/5871\/revisions"}],"predecessor-version":[{"id":7441,"href":"https:\/\/wonderhome.eu\/cz\/wp-json\/wp\/v2\/pages\/5871\/revisions\/7441"}],"wp:featuredmedia":[{"embeddable":true,"href":"https:\/\/wonderhome.eu\/cz\/wp-json\/wp\/v2\/media\/5848"}],"wp:attachment":[{"href":"https:\/\/wonderhome.eu\/cz\/wp-json\/wp\/v2\/media?parent=5871"}],"curies":[{"name":"wp","href":"https:\/\/api.w.org\/{rel}","templated":true}]}}