{"id":6412,"date":"2025-05-21T09:50:56","date_gmt":"2025-05-21T07:50:56","guid":{"rendered":"https:\/\/wonderhome.eu\/?page_id=6412"},"modified":"2026-04-02T09:57:40","modified_gmt":"2026-04-02T07:57:40","slug":"lozeczka-turystyczne","status":"publish","type":"page","link":"https:\/\/wonderhome.eu\/cz\/lozeczka-turystyczne","title":{"rendered":"Cestovn\u00ed post\u00fdlky"},"content":{"rendered":"<p class=\"has-text-align-center\"><\/p>\n\n\n\n<div class=\"wp-block-media-text is-stacked-on-mobile\"><figure class=\"wp-block-media-text__media\"><img loading=\"lazy\" decoding=\"async\" width=\"1024\" height=\"720\" src=\"https:\/\/wonderhome.eu\/wp-content\/uploads\/2025\/05\/5-min-15-1024x720.jpg\" alt=\"\" class=\"wp-image-6418 size-full\" srcset=\"https:\/\/wonderhome.eu\/wp-content\/uploads\/2025\/05\/5-min-15-1024x720.jpg 1024w, https:\/\/wonderhome.eu\/wp-content\/uploads\/2025\/05\/5-min-15-300x211.jpg 300w, https:\/\/wonderhome.eu\/wp-content\/uploads\/2025\/05\/5-min-15-768x540.jpg 768w, https:\/\/wonderhome.eu\/wp-content\/uploads\/2025\/05\/5-min-15-18x12.jpg 18w, https:\/\/wonderhome.eu\/wp-content\/uploads\/2025\/05\/5-min-15.jpg 1248w\" sizes=\"auto, (max-width: 1024px) 100vw, 1024px\" \/><\/figure><div class=\"wp-block-media-text__content\">\n<h2 class=\"wp-block-heading has-text-align-center has-text-color has-link-color wp-elements-04e39bfdd9082d8c3a35f74f3bbf179d\" id=\"g\u00f3ra\" style=\"color:#d7a97d;font-size:28px\">Cestovn\u00ed post\u00fdlky pro d\u011bti<\/h2>\n\n\n\n<div style=\"height:22px\" aria-hidden=\"true\" class=\"wp-block-spacer\"><\/div>\n\n\n\n<p class=\"has-text-align-left has-text-color has-link-color wp-elements-2f3e5402baa9184e15caf2e804e97369\" style=\"color:#775740;font-size:22px\"><strong>Mal\u00fd host \u2013 velk\u00e9 pot\u0159eby? Jsme na to p\u0159ipraveni!<\/strong><\/p>\n\n\n\n<p style=\"font-size:16px\"><strong>Cestujete s batoletem? <\/strong>Dbejte na jeho pohodl\u00ed a bezpe\u010dnost i b\u011bhem<strong> Ubytujte se v apartm\u00e1nu Wonder Home!<\/strong><\/p>\n\n\n\n<p style=\"font-size:16px\">Nab\u00edz\u00edme v\u00e1m pohodln\u00e9 a funk\u010dn\u00ed <strong>Cestovn\u00ed post\u00fdlky Kinderkraft SOFI PLUS<\/strong> \u2013 ide\u00e1ln\u00ed pro nejmlad\u0161\u00ed cestovatele. <br><strong>Pro\u010d to stoj\u00ed za to?<\/strong><\/p>\n\n\n\n<p>\u25ab\ufe0f <strong>U\u0161et\u0159\u00edte m\u00edsto v kufru<\/strong> - nemus\u00edte si p\u0159in\u00e1\u0161et vlastn\u00ed postel<br>\u25ab\ufe0f <strong>Instalace b\u011bhem n\u011bkolika sekund<\/strong> \u2013 bez stresu a slo\u017eit\u00fdch instrukc\u00ed<br>\u25ab\ufe0f<strong> Nastaviteln\u00e1, m\u011bkk\u00e1 matrace<\/strong> zajist\u00ed va\u0161emu d\u00edt\u011bti pohodln\u00fd sp\u00e1nek<br>\u25ab\ufe0f <strong>Stabiln\u00ed konstrukce<\/strong> vhodn\u00e9 pro d\u011bti od prvn\u00edch dn\u016f \u017eivota do cca 3 let (15 kg)<br>\u25ab\ufe0f <strong>Multifunk\u010dn\u00ed <\/strong>- lze pou\u017e\u00edt jako post\u00fdlku, kol\u00e9bku, ohr\u00e1dku a cestovn\u00ed post\u00fdlku.<\/p>\n\n\n\n<div style=\"height:21px\" aria-hidden=\"true\" class=\"wp-block-spacer\"><\/div>\n\n\n\n<h2 class=\"wp-block-heading has-text-align-center has-text-color has-link-color wp-elements-db9dbdaf672a117161e3f718f490319f\" style=\"color:#d7a97d\">Zavolejte a objednejte!<\/h2>\n\n\n\n<div style=\"height:21px\" aria-hidden=\"true\" class=\"wp-block-spacer\"><\/div>\n\n\n\n<div class=\"wp-block-buttons is-horizontal is-content-justification-center is-layout-flex wp-container-core-buttons-is-layout-499968f5 wp-block-buttons-is-layout-flex\">\n<div class=\"wp-block-button is-style-primary is-style-outline is-style-outline--1\"><a class=\"wp-block-button__link has-white-color has-text-color has-background has-link-color wp-element-button\" href=\"tel:+48785913913\" style=\"border-radius:22px;background-color:#d7a97d\">+48 785 913 913<\/a><\/div>\n<\/div>\n\n\n\n<div style=\"height:39px\" aria-hidden=\"true\" class=\"wp-block-spacer\"><\/div>\n<\/div><\/div>\n\n\n\n<div class=\"wp-block-media-text has-media-on-the-right is-stacked-on-mobile\"><div class=\"wp-block-media-text__content\">\n<p class=\"has-text-align-center has-text-color has-link-color wp-elements-7962a59a382df8f8683b6698df7885b7\" style=\"color:#775740;font-size:25px\"><strong>CEN\u00cdK <\/strong><\/p>\n\n\n\n<h2 class=\"wp-block-heading has-text-align-center has-text-color has-link-color wp-elements-7926a70bee462f08689a66b0117e548e\" style=\"color:#2c2e30;font-size:16px\">Poskytujeme d\u011btsk\u00e9 post\u00fdlky <strong>bez sady lo\u017en\u00edho pr\u00e1dla<\/strong>, proto si pros\u00edm p\u0159ineste vlastn\u00ed textilie pro sv\u00e9 d\u00edt\u011b.<\/h2>\n\n\n\n<div style=\"height:21px\" aria-hidden=\"true\" class=\"wp-block-spacer\"><\/div>\n\n\n\n<p class=\"has-text-align-center\" style=\"font-size:16px\"><strong>Cena pron\u00e1jmu<\/strong>\u00a0\u2013 35 PLN \/ den<\/p>\n\n\n\n<p class=\"has-text-align-center\" style=\"font-size:16px\"><strong>Pro jednodenn\u00ed rezervace<\/strong>\u00a0\u2013 70 PLN<\/p>\n\n\n\n<div style=\"height:21px\" aria-hidden=\"true\" class=\"wp-block-spacer\"><\/div>\n\n\n\n<p class=\"has-text-align-center has-text-color has-link-color wp-elements-a72085ba437d30761c51e0872c294484\" style=\"color:#2c2e30;font-size:16px\"><strong>Po\u010det l\u016f\u017eek je omezen\u00fd<\/strong>, proto se vyplat\u00ed podat \u017e\u00e1dost p\u0159edem!<\/p>\n\n\n\n<h2 class=\"wp-block-heading has-text-align-center has-text-color has-link-color wp-elements-d411477c307172beece337ed76999d90\" style=\"color:#d7a97d\">Zavolejte a objednejte!<\/h2>\n\n\n\n<div style=\"height:21px\" aria-hidden=\"true\" class=\"wp-block-spacer\"><\/div>\n\n\n\n<div class=\"wp-block-buttons is-horizontal is-content-justification-center is-layout-flex wp-container-core-buttons-is-layout-499968f5 wp-block-buttons-is-layout-flex\">\n<div class=\"wp-block-button is-style-primary is-style-outline is-style-outline--2\"><a class=\"wp-block-button__link has-white-color has-text-color has-background has-link-color wp-element-button\" href=\"tel:+48785913913\" style=\"border-radius:22px;background-color:#d7a97d\"><strong>+48<\/strong> <strong>785-913-319<\/strong><\/a><\/div>\n<\/div>\n\n\n\n<div style=\"height:39px\" aria-hidden=\"true\" class=\"wp-block-spacer\"><\/div>\n\n\n\n<p class=\"has-text-align-center\"><\/p>\n\n\n\n<div style=\"height:23px\" aria-hidden=\"true\" class=\"wp-block-spacer\"><\/div>\n<\/div><figure class=\"wp-block-media-text__media\"><img loading=\"lazy\" decoding=\"async\" width=\"1024\" height=\"718\" src=\"https:\/\/wonderhome.eu\/wp-content\/uploads\/2025\/05\/Tapety-rozne-64-min-1024x718.jpg\" alt=\"\" class=\"wp-image-6423 size-full\" srcset=\"https:\/\/wonderhome.eu\/wp-content\/uploads\/2025\/05\/Tapety-rozne-64-min-1024x718.jpg 1024w, https:\/\/wonderhome.eu\/wp-content\/uploads\/2025\/05\/Tapety-rozne-64-min-300x210.jpg 300w, https:\/\/wonderhome.eu\/wp-content\/uploads\/2025\/05\/Tapety-rozne-64-min-768x539.jpg 768w, https:\/\/wonderhome.eu\/wp-content\/uploads\/2025\/05\/Tapety-rozne-64-min-18x12.jpg 18w, https:\/\/wonderhome.eu\/wp-content\/uploads\/2025\/05\/Tapety-rozne-64-min.jpg 1307w\" sizes=\"auto, (max-width: 1024px) 100vw, 1024px\" \/><\/figure><\/div>\n\n\n\n<div style=\"height:100px\" aria-hidden=\"true\" class=\"wp-block-spacer\"><\/div>\n\n\n\n<div class=\"wp-block-buttons is-content-justification-center is-layout-flex wp-container-core-buttons-is-layout-16018d1d wp-block-buttons-is-layout-flex\">\n<div class=\"wp-block-button\"><a class=\"wp-block-button__link has-background has-text-align-center wp-element-button\" href=\"#g\u00f3ra\" style=\"background-color:#d7a97d\"><strong>N\u00e1vrat<\/strong><\/a><\/div>\n<\/div>\n\n\n\n<div style=\"height:100px\" aria-hidden=\"true\" class=\"wp-block-spacer\"><\/div>\n\n\n\n<p><\/p>","protected":false},"excerpt":{"rendered":"","protected":false},"author":12,"featured_media":6425,"parent":0,"menu_order":0,"comment_status":"closed","ping_status":"closed","template":"","meta":{"_acf_changed":false,"footnotes":""},"class_list":["post-6412","page","type-page","status-publish","has-post-thumbnail","hentry"],"acf":[],"yoast_head":"<!-- This site is optimized with the Yoast SEO plugin v27.4 - https:\/\/yoast.com\/product\/yoast-seo-wordpress\/ -->\n<title>\u0141\u00f3\u017ceczka turystyczne - Wonder Home<\/title>\n<meta name=\"description\" content=\"Zam\u00f3w 2 worki drewna z dostaw\u0105 pod drzwi apartamentu za 75 z\u0142 i ciesz si\u0119 wyj\u0105tkow\u0105 atmosfer\u0105 podczas swojego pobytu w Wonder Home!\" \/>\n<meta name=\"robots\" content=\"index, follow, max-snippet:-1, max-image-preview:large, max-video-preview:-1\" \/>\n<link rel=\"canonical\" href=\"https:\/\/wonderhome.eu\/cz\/lozeczka-turystyczne\/\" \/>\n<meta property=\"og:locale\" content=\"cs_CZ\" \/>\n<meta property=\"og:type\" content=\"article\" \/>\n<meta property=\"og:title\" content=\"\u0141\u00f3\u017ceczka turystyczne - Wonder Home\" \/>\n<meta property=\"og:description\" content=\"Zam\u00f3w 2 worki drewna z dostaw\u0105 pod drzwi apartamentu za 75 z\u0142 i ciesz si\u0119 wyj\u0105tkow\u0105 atmosfer\u0105 podczas swojego pobytu w Wonder Home!\" \/>\n<meta property=\"og:url\" content=\"https:\/\/wonderhome.eu\/cz\/lozeczka-turystyczne\/\" \/>\n<meta property=\"og:site_name\" content=\"Wonder Home\" \/>\n<meta property=\"article:modified_time\" content=\"2026-04-02T07:57:40+00:00\" \/>\n<meta property=\"og:image\" content=\"https:\/\/wonderhome.eu\/wp-content\/uploads\/2025\/05\/Tapety-rozne-65-min.jpg\" \/>\n\t<meta property=\"og:image:width\" content=\"1920\" \/>\n\t<meta property=\"og:image:height\" content=\"1080\" \/>\n\t<meta property=\"og:image:type\" content=\"image\/jpeg\" \/>\n<meta name=\"twitter:card\" content=\"summary_large_image\" \/>\n<meta name=\"twitter:label1\" content=\"Odhadovan\u00e1 doba \u010dten\u00ed\" \/>\n\t<meta name=\"twitter:data1\" content=\"3 minuty\" \/>\n<script type=\"application\/ld+json\" class=\"yoast-schema-graph\">{\"@context\":\"https:\\\/\\\/schema.org\",\"@graph\":[{\"@type\":\"WebPage\",\"@id\":\"https:\\\/\\\/wonderhome.eu\\\/lozeczka-turystyczne\",\"url\":\"https:\\\/\\\/wonderhome.eu\\\/lozeczka-turystyczne\",\"name\":\"\u0141\u00f3\u017ceczka turystyczne - Wonder Home\",\"isPartOf\":{\"@id\":\"https:\\\/\\\/wonderhome.eu\\\/#website\"},\"primaryImageOfPage\":{\"@id\":\"https:\\\/\\\/wonderhome.eu\\\/lozeczka-turystyczne#primaryimage\"},\"image\":{\"@id\":\"https:\\\/\\\/wonderhome.eu\\\/lozeczka-turystyczne#primaryimage\"},\"thumbnailUrl\":\"https:\\\/\\\/wonderhome.eu\\\/wp-content\\\/uploads\\\/2025\\\/05\\\/Tapety-rozne-65-min.jpg\",\"datePublished\":\"2025-05-21T07:50:56+00:00\",\"dateModified\":\"2026-04-02T07:57:40+00:00\",\"description\":\"Zam\u00f3w 2 worki drewna z dostaw\u0105 pod drzwi apartamentu za 75 z\u0142 i ciesz si\u0119 wyj\u0105tkow\u0105 atmosfer\u0105 podczas swojego pobytu w Wonder Home!\",\"inLanguage\":\"cs\",\"potentialAction\":[{\"@type\":\"ReadAction\",\"target\":[\"https:\\\/\\\/wonderhome.eu\\\/lozeczka-turystyczne\"]}]},{\"@type\":\"ImageObject\",\"inLanguage\":\"cs\",\"@id\":\"https:\\\/\\\/wonderhome.eu\\\/lozeczka-turystyczne#primaryimage\",\"url\":\"https:\\\/\\\/wonderhome.eu\\\/wp-content\\\/uploads\\\/2025\\\/05\\\/Tapety-rozne-65-min.jpg\",\"contentUrl\":\"https:\\\/\\\/wonderhome.eu\\\/wp-content\\\/uploads\\\/2025\\\/05\\\/Tapety-rozne-65-min.jpg\",\"width\":1920,\"height\":1080},{\"@type\":\"WebSite\",\"@id\":\"https:\\\/\\\/wonderhome.eu\\\/#website\",\"url\":\"https:\\\/\\\/wonderhome.eu\\\/\",\"name\":\"Wonder Home\",\"description\":\"\",\"potentialAction\":[{\"@type\":\"SearchAction\",\"target\":{\"@type\":\"EntryPoint\",\"urlTemplate\":\"https:\\\/\\\/wonderhome.eu\\\/?s={search_term_string}\"},\"query-input\":{\"@type\":\"PropertyValueSpecification\",\"valueRequired\":true,\"valueName\":\"search_term_string\"}}],\"inLanguage\":\"cs\"}]}<\/script>\n<!-- \/ Yoast SEO plugin. -->","yoast_head_json":{"title":"Cestovn\u00ed post\u00fdlky - Wonder Home","description":"Objednejte si 2 pytle d\u0159eva doru\u010den\u00e9 a\u017e ke dve\u0159\u00edm va\u0161eho bytu za 75 PLN a u\u017eijte si jedine\u010dnou atmosf\u00e9ru b\u011bhem sv\u00e9ho pobytu ve Wonder Home!","robots":{"index":"index","follow":"follow","max-snippet":"max-snippet:-1","max-image-preview":"max-image-preview:large","max-video-preview":"max-video-preview:-1"},"canonical":"https:\/\/wonderhome.eu\/cz\/lozeczka-turystyczne\/","og_locale":"cs_CZ","og_type":"article","og_title":"\u0141\u00f3\u017ceczka turystyczne - Wonder Home","og_description":"Zam\u00f3w 2 worki drewna z dostaw\u0105 pod drzwi apartamentu za 75 z\u0142 i ciesz si\u0119 wyj\u0105tkow\u0105 atmosfer\u0105 podczas swojego pobytu w Wonder Home!","og_url":"https:\/\/wonderhome.eu\/cz\/lozeczka-turystyczne\/","og_site_name":"Wonder Home","article_modified_time":"2026-04-02T07:57:40+00:00","og_image":[{"width":1920,"height":1080,"url":"https:\/\/wonderhome.eu\/wp-content\/uploads\/2025\/05\/Tapety-rozne-65-min.jpg","type":"image\/jpeg"}],"twitter_card":"summary_large_image","twitter_misc":{"Odhadovan\u00e1 doba \u010dten\u00ed":"3 minuty"},"schema":{"@context":"https:\/\/schema.org","@graph":[{"@type":"WebPage","@id":"https:\/\/wonderhome.eu\/lozeczka-turystyczne","url":"https:\/\/wonderhome.eu\/lozeczka-turystyczne","name":"Cestovn\u00ed post\u00fdlky - Wonder Home","isPartOf":{"@id":"https:\/\/wonderhome.eu\/#website"},"primaryImageOfPage":{"@id":"https:\/\/wonderhome.eu\/lozeczka-turystyczne#primaryimage"},"image":{"@id":"https:\/\/wonderhome.eu\/lozeczka-turystyczne#primaryimage"},"thumbnailUrl":"https:\/\/wonderhome.eu\/wp-content\/uploads\/2025\/05\/Tapety-rozne-65-min.jpg","datePublished":"2025-05-21T07:50:56+00:00","dateModified":"2026-04-02T07:57:40+00:00","description":"Objednejte si 2 pytle d\u0159eva doru\u010den\u00e9 a\u017e ke dve\u0159\u00edm va\u0161eho bytu za 75 PLN a u\u017eijte si jedine\u010dnou atmosf\u00e9ru b\u011bhem sv\u00e9ho pobytu ve Wonder Home!","inLanguage":"cs","potentialAction":[{"@type":"ReadAction","target":["https:\/\/wonderhome.eu\/lozeczka-turystyczne"]}]},{"@type":"ImageObject","inLanguage":"cs","@id":"https:\/\/wonderhome.eu\/lozeczka-turystyczne#primaryimage","url":"https:\/\/wonderhome.eu\/wp-content\/uploads\/2025\/05\/Tapety-rozne-65-min.jpg","contentUrl":"https:\/\/wonderhome.eu\/wp-content\/uploads\/2025\/05\/Tapety-rozne-65-min.jpg","width":1920,"height":1080},{"@type":"WebSite","@id":"https:\/\/wonderhome.eu\/#website","url":"https:\/\/wonderhome.eu\/","name":"Wonder Home","description":"","potentialAction":[{"@type":"SearchAction","target":{"@type":"EntryPoint","urlTemplate":"https:\/\/wonderhome.eu\/?s={search_term_string}"},"query-input":{"@type":"PropertyValueSpecification","valueRequired":true,"valueName":"search_term_string"}}],"inLanguage":"cs"}]}},"_links":{"self":[{"href":"https:\/\/wonderhome.eu\/cz\/wp-json\/wp\/v2\/pages\/6412","targetHints":{"allow":["GET"]}}],"collection":[{"href":"https:\/\/wonderhome.eu\/cz\/wp-json\/wp\/v2\/pages"}],"about":[{"href":"https:\/\/wonderhome.eu\/cz\/wp-json\/wp\/v2\/types\/page"}],"author":[{"embeddable":true,"href":"https:\/\/wonderhome.eu\/cz\/wp-json\/wp\/v2\/users\/12"}],"replies":[{"embeddable":true,"href":"https:\/\/wonderhome.eu\/cz\/wp-json\/wp\/v2\/comments?post=6412"}],"version-history":[{"count":2,"href":"https:\/\/wonderhome.eu\/cz\/wp-json\/wp\/v2\/pages\/6412\/revisions"}],"predecessor-version":[{"id":8020,"href":"https:\/\/wonderhome.eu\/cz\/wp-json\/wp\/v2\/pages\/6412\/revisions\/8020"}],"wp:featuredmedia":[{"embeddable":true,"href":"https:\/\/wonderhome.eu\/cz\/wp-json\/wp\/v2\/media\/6425"}],"wp:attachment":[{"href":"https:\/\/wonderhome.eu\/cz\/wp-json\/wp\/v2\/media?parent=6412"}],"curies":[{"name":"wp","href":"https:\/\/api.w.org\/{rel}","templated":true}]}}