{"id":6438,"date":"2025-05-21T16:11:35","date_gmt":"2025-05-21T14:11:35","guid":{"rendered":"https:\/\/wonderhome.eu\/?page_id=6438"},"modified":"2025-10-17T13:53:48","modified_gmt":"2025-10-17T11:53:48","slug":"tanie-taxi-karpacz","status":"publish","type":"page","link":"https:\/\/wonderhome.eu\/cz\/tanie-taxi-karpacz","title":{"rendered":"P\u0159epravujete hosty? S Wonder Home je to snadn\u00e9!"},"content":{"rendered":"<div style=\"height:40px\" aria-hidden=\"true\" class=\"wp-block-spacer\"><\/div>\n\n\n\n<div class=\"wp-block-columns is-layout-flex wp-container-core-columns-is-layout-9d6595d7 wp-block-columns-is-layout-flex\">\n<div class=\"wp-block-column is-layout-flow wp-block-column-is-layout-flow\" style=\"flex-basis:15%\"><\/div>\n\n\n\n<div class=\"wp-block-column is-layout-flow wp-block-column-is-layout-flow\" style=\"flex-basis:70%\">\n<h2 class=\"wp-block-heading has-text-align-center has-text-color has-link-color wp-elements-f2ff5835636389208e0cc36d0b8e6390\" id=\"g\u00f3ra\" style=\"color:#d7a97d;font-size:28px\"><strong>Pohodln\u00e1 doprava pro hosty Wonder Home v Karpaczi<\/strong><\/h2>\n\n\n\n<div style=\"height:26px\" aria-hidden=\"true\" class=\"wp-block-spacer\"><\/div>\n\n\n\n<p class=\"has-text-align-center\" style=\"font-size:20px\">V <strong>Wonder Home<\/strong> Chceme, aby byl v\u00e1\u0161 pobyt v Karpaczi pohodln\u00fd od za\u010d\u00e1tku do konce. Proto ve spolupr\u00e1ci s d\u016fv\u011bryhodn\u00fdmi m\u00edstn\u00edmi dopravci nab\u00edz\u00edme <strong>levn\u00e1 a pohodln\u00e1 taxi doprava po Karpaczi a okol\u00ed<\/strong>A\u0165 u\u017e pot\u0159ebujete dopravu do apartm\u00e1nu, restaurace, na stezku nebo svah \u2013 pom\u016f\u017eeme v\u00e1m se tam dostat rychle a pohodln\u011b. <br><strong>To v\u0161e proto, abyste se mohli soust\u0159edit na svou dovolenou, ne na logistiku.<\/strong><\/p>\n\n\n\n<div style=\"height:29px\" aria-hidden=\"true\" class=\"wp-block-spacer\"><\/div>\n\n\n\n<div style=\"height:26px\" aria-hidden=\"true\" class=\"wp-block-spacer\"><\/div>\n\n\n\n<div class=\"wp-block-media-text is-stacked-on-mobile\"><figure class=\"wp-block-media-text__media\"><img loading=\"lazy\" decoding=\"async\" width=\"943\" height=\"648\" src=\"https:\/\/wonderhome.eu\/wp-content\/uploads\/2024\/12\/Zdjecia-na-strony-12-min-1.jpg\" alt=\"tanie taxi karpacz\" class=\"wp-image-5290 size-full\" srcset=\"https:\/\/wonderhome.eu\/wp-content\/uploads\/2024\/12\/Zdjecia-na-strony-12-min-1.jpg 943w, https:\/\/wonderhome.eu\/wp-content\/uploads\/2024\/12\/Zdjecia-na-strony-12-min-1-300x206.jpg 300w, https:\/\/wonderhome.eu\/wp-content\/uploads\/2024\/12\/Zdjecia-na-strony-12-min-1-768x528.jpg 768w, https:\/\/wonderhome.eu\/wp-content\/uploads\/2024\/12\/Zdjecia-na-strony-12-min-1-18x12.jpg 18w\" sizes=\"auto, (max-width: 943px) 100vw, 943px\" \/><\/figure><div class=\"wp-block-media-text__content\">\n<div style=\"height:29px\" aria-hidden=\"true\" class=\"wp-block-spacer\"><\/div>\n\n\n\n<div style=\"height:29px\" aria-hidden=\"true\" class=\"wp-block-spacer\"><\/div>\n\n\n\n<h2 class=\"wp-block-heading has-text-align-center\" style=\"font-size:24px\"><strong>Levn\u00e9 taxi v Karpaczi \u2013 <strong>SWIFT LUXUSN\u00cd TAXI<\/strong><\/strong> -<strong> pohodln\u00e1 doprava v\u010das! <\/strong><br><strong><span style=\"color: #d7a97d;\">Pro\u010d to stoj\u00ed za to?<\/span><\/strong><\/h2>\n\n\n\n<div style=\"height:29px\" aria-hidden=\"true\" class=\"wp-block-spacer\"><\/div>\n\n\n\n<p>V <strong>Wonder Home<\/strong> Chceme, aby ka\u017ed\u00fd v\u00e1\u0161 pobyt v Karpaczi byl skute\u010dn\u011b bezprobl\u00e9mov\u00fd \u2013 od okam\u017eiku va\u0161eho p\u0159\u00edjezdu a\u017e do okam\u017eiku va\u0161eho n\u00e1vratu dom\u016f. <strong>Proto krom\u011b pohodln\u00fdch a pln\u011b vybaven\u00fdch apartm\u00e1n\u016f nab\u00edz\u00edme tak\u00e9 p\u0159\u00edstup k<\/strong> <strong>levn\u00e9 taxi v Karpaczi<\/strong>. <\/p>\n\n\n\n<p>D\u00edky spolupr\u00e1ci s m\u00edstn\u00edm dopravcem, <strong><strong>SWIFT LUXUSN\u00cd TAXI<\/strong><\/strong>, na\u0161i host\u00e9 se mohou spolehnout na efektivn\u00ed a cenov\u011b v\u00fdhodnou dopravu \u2013 bez stresu, \u010dek\u00e1n\u00ed a skryt\u00fdch n\u00e1klad\u016f.<\/p>\n\n\n\n<div style=\"height:29px\" aria-hidden=\"true\" class=\"wp-block-spacer\"><\/div>\n\n\n\n<h2 class=\"wp-block-heading has-text-align-center has-text-color has-link-color wp-elements-d21d7158a23394e1e9810f319fd9b81a\" style=\"color:#d7a97d;font-size:24px\">Objedn\u00e1vka <br>RYCHL\u00c9 LUXUSN\u00cd TAX\u00cd!<\/h2>\n\n\n\n<div style=\"height:29px\" aria-hidden=\"true\" class=\"wp-block-spacer\"><\/div>\n\n\n\n<div class=\"wp-block-buttons is-content-justification-center is-layout-flex wp-container-core-buttons-is-layout-16018d1d wp-block-buttons-is-layout-flex\">\n<div class=\"wp-block-button\"><a class=\"wp-block-button__link has-background wp-element-button\" href=\"tel:+48882517528\" style=\"background-color:#d7a97d\">\n       <strong>+48 882 517 528<\/strong>\n    <\/a><\/div>\n<\/div>\n\n\n\n<div style=\"height:29px\" aria-hidden=\"true\" class=\"wp-block-spacer\"><\/div>\n<\/div><\/div>\n\n\n\n<div style=\"height:29px\" aria-hidden=\"true\" class=\"wp-block-spacer\"><\/div>\n\n\n\n<div class=\"wp-block-media-text has-media-on-the-right is-stacked-on-mobile\"><div class=\"wp-block-media-text__content\">\n<div style=\"height:29px\" aria-hidden=\"true\" class=\"wp-block-spacer\"><\/div>\n\n\n\n<div style=\"height:29px\" aria-hidden=\"true\" class=\"wp-block-spacer\"><\/div>\n\n\n\n<h2 class=\"wp-block-heading has-text-align-center\" style=\"font-size:24px\"><strong>Perfektn\u00ed \u0159e\u0161en\u00ed pro p\u00e1ry, rodiny i skupiny<\/strong>.<br><strong><span style=\"color: #d7a97d;\">Pohodln\u00fd p\u0159\u00edstup do bytu i mimo n\u011bj!<\/span><\/strong><\/h2>\n\n\n\n<div style=\"height:29px\" aria-hidden=\"true\" class=\"wp-block-spacer\"><\/div>\n\n\n\n<p>Osv\u011bd\u010den\u00fd taxislu\u017eba se hod\u00ed nejen v zim\u011b. <strong>V l\u00e9t\u011b je to pohodln\u00fd zp\u016fsob, jak se dostat k:<\/strong><\/p>\n\n\n\n<ul class=\"wp-block-list\">\n<li>n\u00e1zory<\/li>\n\n\n\n<li>turistick\u00e9 atrakce<\/li>\n\n\n\n<li>restaurace s m\u00edstn\u00ed kuchyn\u00ed.<\/li>\n<\/ul>\n\n\n\n<p><strong>Proto je ide\u00e1ln\u00edm \u0159e\u0161en\u00edm pro rodiny s d\u011btmi, seniory i skupiny p\u0159\u00e1tel.<\/strong> D\u00edky spolupr\u00e1ci se spole\u010dnost\u00ed Wonder Home<strong> <\/strong>V Karpaczi si m\u016f\u017eete objednat osv\u011bd\u010den\u00e9 a levn\u00e9 taxi \u2013 pohodln\u011b, bez stresu a v\u010das. <strong>Nav\u00edc<\/strong>, <strong>Nemus\u00edte se starat o drah\u00e1 a p\u0159epln\u011bn\u00e1 parkovi\u0161t\u011b \u2013 prost\u011b je\u010fte a u\u017e\u00edvejte si pobyt.<\/strong><\/p>\n\n\n\n<div style=\"height:29px\" aria-hidden=\"true\" class=\"wp-block-spacer\"><\/div>\n\n\n\n<div style=\"height:29px\" aria-hidden=\"true\" class=\"wp-block-spacer\"><\/div>\n<\/div><figure class=\"wp-block-media-text__media\"><img loading=\"lazy\" decoding=\"async\" width=\"1024\" height=\"727\" src=\"https:\/\/wonderhome.eu\/wp-content\/uploads\/2025\/05\/5-min-16-1024x727.jpg\" alt=\"tanie taxi karpacz dla rodziny\" class=\"wp-image-6446 size-full\" srcset=\"https:\/\/wonderhome.eu\/wp-content\/uploads\/2025\/05\/5-min-16-1024x727.jpg 1024w, https:\/\/wonderhome.eu\/wp-content\/uploads\/2025\/05\/5-min-16-300x213.jpg 300w, https:\/\/wonderhome.eu\/wp-content\/uploads\/2025\/05\/5-min-16-768x545.jpg 768w, https:\/\/wonderhome.eu\/wp-content\/uploads\/2025\/05\/5-min-16-18x12.jpg 18w, https:\/\/wonderhome.eu\/wp-content\/uploads\/2025\/05\/5-min-16.jpg 1273w\" sizes=\"auto, (max-width: 1024px) 100vw, 1024px\" \/><\/figure><\/div>\n\n\n\n<div style=\"height:29px\" aria-hidden=\"true\" class=\"wp-block-spacer\"><\/div>\n\n\n\n<div class=\"wp-block-media-text is-stacked-on-mobile\"><figure class=\"wp-block-media-text__media\"><img loading=\"lazy\" decoding=\"async\" width=\"1024\" height=\"722\" src=\"https:\/\/wonderhome.eu\/wp-content\/uploads\/2025\/05\/4-min-16-1024x722.jpg\" alt=\"\" class=\"wp-image-6447 size-full\" srcset=\"https:\/\/wonderhome.eu\/wp-content\/uploads\/2025\/05\/4-min-16-1024x722.jpg 1024w, https:\/\/wonderhome.eu\/wp-content\/uploads\/2025\/05\/4-min-16-300x211.jpg 300w, https:\/\/wonderhome.eu\/wp-content\/uploads\/2025\/05\/4-min-16-768x541.jpg 768w, https:\/\/wonderhome.eu\/wp-content\/uploads\/2025\/05\/4-min-16-18x12.jpg 18w, https:\/\/wonderhome.eu\/wp-content\/uploads\/2025\/05\/4-min-16.jpg 1288w\" sizes=\"auto, (max-width: 1024px) 100vw, 1024px\" \/><\/figure><div class=\"wp-block-media-text__content\">\n<h2 class=\"wp-block-heading has-text-align-center\" style=\"font-size:24px\"><strong>Osv\u011bd\u010den\u00fd partner: SWIFT LUXURY TAXI<\/strong>!<br><strong><span style=\"color: #d7a97d;\">Levn\u00e9 taxi v Karpaczi<\/span><\/strong><\/h2>\n\n\n\n<div style=\"height:29px\" aria-hidden=\"true\" class=\"wp-block-spacer\"><\/div>\n\n\n\n<p>Pro na\u0161e hosty jsme vybrali m\u00edstn\u00ed firmu <strong><strong>SWIFT LUXUSN\u00cd TAXI Karpacz<\/strong><\/strong>, kter\u00e1 vynik\u00e1 svou dochvilnost\u00ed, \u010distotou vozidel a velmi atraktivn\u00edmi cenami. <\/p>\n\n\n\n<p>Vyu\u017e\u00edv\u00e1n\u00edm slu\u017eeb <strong>SWIFT LUXUSN\u00cd TAXI<\/strong>, m\u016f\u017eete si b\u00fdt jisti, \u017ee:<\/p>\n\n\n\n<ul class=\"wp-block-list\">\n<li>\u0158idi\u010d zn\u00e1 Karpacz a okol\u00ed velmi dob\u0159e<\/li>\n\n\n\n<li>postar\u00e1 se o plynulou j\u00edzdu<\/li>\n\n\n\n<li>podpo\u0159\u00ed v\u00e1s, kdy\u017e bude pot\u0159eba.<\/li>\n<\/ul>\n\n\n\n<p><strong>Stru\u010dn\u011b \u0159e\u010deno, nejedn\u00e1 se o oby\u010dejn\u00e9 j\u00edzdy tax\u00edkem \u2013 jedn\u00e1 se o slu\u017ebu, kter\u00e1 spl\u0148uje standardy Wonder Home. <\/strong><\/p>\n\n\n\n<div style=\"height:29px\" aria-hidden=\"true\" class=\"wp-block-spacer\"><\/div>\n<\/div><\/div>\n\n\n\n<div style=\"height:29px\" aria-hidden=\"true\" class=\"wp-block-spacer\"><\/div>\n\n\n\n<div class=\"wp-block-media-text has-media-on-the-right is-stacked-on-mobile\"><div class=\"wp-block-media-text__content\">\n<div style=\"height:29px\" aria-hidden=\"true\" class=\"wp-block-spacer\"><\/div>\n\n\n\n<div style=\"height:29px\" aria-hidden=\"true\" class=\"wp-block-spacer\"><\/div>\n\n\n\n<h2 class=\"wp-block-heading has-text-align-center\" style=\"font-size:24px\"><strong>Levn\u00e9 taxi Karpacz<\/strong> <strong>a dopravu z Wonder Home.<\/strong><br><strong><span style=\"color: #d7a97d;\">Pro\u010d to stoj\u00ed za to?<\/span><\/strong><\/h2>\n\n\n\n<div style=\"height:29px\" aria-hidden=\"true\" class=\"wp-block-spacer\"><\/div>\n\n\n\n<ul class=\"wp-block-list\">\n<li>\u2705 <strong>Pohodl\u00ed bez auta<\/strong><br>Taxislu\u017eba pro hosty Wonder Home v Karpaczi je skv\u011bl\u00fdm \u0159e\u0161en\u00edm, pokud se chcete vyhnout parkov\u00e1n\u00ed, dopravn\u00edm z\u00e1cp\u00e1m nebo dopravn\u00edm omezen\u00edm v centru m\u011bsta.<\/li>\n\n\n\n<li>\u2705 <strong>\u00daspory a jednoduchost<\/strong><br>Objedn\u00e1n\u00ed levn\u00e9ho taxi v Karpaczi je \u010dasto ekonomi\u010dt\u011bj\u0161\u00ed variantou ne\u017e pou\u017eit\u00ed vlastn\u00edho auta \u2013 zejm\u00e9na na kr\u00e1tk\u00e9 trasy, nap\u0159. z n\u00e1dra\u017e\u00ed, restaurace nebo aquaparku. <\/li>\n\n\n\n<li>\u2705 <strong>Doprava p\u0159izp\u016fsoben\u00e1 va\u0161im pot\u0159eb\u00e1m<\/strong><br>Nab\u00edzen\u00e1 vozidla jsou ide\u00e1ln\u00ed pro rodiny a v\u011bt\u0161\u00ed skupiny. Pro hosty cestuj\u00edc\u00ed s v\u011bt\u0161\u00edmi zavazadly je k dispozici tak\u00e9 taxi.<\/li>\n\n\n\n<li>\u2705 <strong>Spolupracujeme s t\u011bmi nejlep\u0161\u00edmi<\/strong><br>Na\u0161\u00edm sou\u010dasn\u00fdm partnerem je Taxi SWIFT Karpacz \u2013 zn\u00e1m\u00e9 pro svou dochvilnost, vysokou kulturu \u0159idi\u010d\u016f a konkurenceschopn\u00e9 ceny. Je to spolehliv\u00e1 volba pro v\u0161echny na\u0161e hosty.<\/li>\n<\/ul>\n\n\n\n<div style=\"height:29px\" aria-hidden=\"true\" class=\"wp-block-spacer\"><\/div>\n\n\n\n<h2 class=\"wp-block-heading has-text-align-center has-text-color has-link-color wp-elements-d6e1f262d8cdfe618840bdff993e8d7b\" style=\"color:#d7a97d\">Objedn\u00e1vka <br>RYCHL\u00c9 LUXUSN\u00cd TAX\u00cd!<\/h2>\n\n\n\n<div style=\"height:29px\" aria-hidden=\"true\" class=\"wp-block-spacer\"><\/div>\n\n\n\n<div class=\"wp-block-buttons is-content-justification-center is-layout-flex wp-container-core-buttons-is-layout-16018d1d wp-block-buttons-is-layout-flex\">\n<div class=\"wp-block-button\"><a class=\"wp-block-button__link has-background wp-element-button\" href=\"tel:+48882517528\" style=\"background-color:#d7a97d\">\n       <strong>+48 882 517 528<\/strong>\n    <\/a><\/div>\n<\/div>\n<\/div><figure class=\"wp-block-media-text__media\"><img loading=\"lazy\" decoding=\"async\" width=\"1024\" height=\"702\" src=\"https:\/\/wonderhome.eu\/wp-content\/uploads\/2025\/01\/10-min-6-1024x702.jpg\" alt=\"\" class=\"wp-image-5826 size-full\" srcset=\"https:\/\/wonderhome.eu\/wp-content\/uploads\/2025\/01\/10-min-6-1024x702.jpg 1024w, https:\/\/wonderhome.eu\/wp-content\/uploads\/2025\/01\/10-min-6-300x206.jpg 300w, https:\/\/wonderhome.eu\/wp-content\/uploads\/2025\/01\/10-min-6-768x526.jpg 768w, https:\/\/wonderhome.eu\/wp-content\/uploads\/2025\/01\/10-min-6-18x12.jpg 18w, https:\/\/wonderhome.eu\/wp-content\/uploads\/2025\/01\/10-min-6.jpg 1227w\" sizes=\"auto, (max-width: 1024px) 100vw, 1024px\" \/><\/figure><\/div>\n\n\n\n<div style=\"height:56px\" aria-hidden=\"true\" class=\"wp-block-spacer\"><\/div>\n\n\n\n<div class=\"wp-block-buttons is-content-justification-center is-layout-flex wp-container-core-buttons-is-layout-16018d1d wp-block-buttons-is-layout-flex\">\n<div class=\"wp-block-button\"><a class=\"wp-block-button__link has-background has-text-align-center wp-element-button\" href=\"#g\u00f3ra\" style=\"background-color:#d7a97d\"><strong>N\u00e1vrat<\/strong><\/a><\/div>\n<\/div>\n\n\n\n<div style=\"height:56px\" aria-hidden=\"true\" class=\"wp-block-spacer\"><\/div>\n\n\n\n<div style=\"height:56px\" aria-hidden=\"true\" class=\"wp-block-spacer\"><\/div>\n<\/div>\n\n\n\n<div class=\"wp-block-column is-layout-flow wp-block-column-is-layout-flow\" style=\"flex-basis:15%\"><\/div>\n<\/div>\n\n\n\n<p><\/p>\n\n\n\n<div style=\"height:49px\" aria-hidden=\"true\" class=\"wp-block-spacer\"><\/div>\n\n\n\n<div class=\"wp-block-cover alignfull is-light has-parallax has-small-font-size\" style=\"min-height:130px;aspect-ratio:unset;\"><div class=\"wp-block-cover__image-background wp-image-3915 has-parallax\" style=\"background-position:50% 50%;background-image:url(https:\/\/wonderhome.eu\/wp-content\/uploads\/2024\/11\/Header-statyczny-1920-x-1080-px-1920-x-1080-px-2.jpg)\"><\/div><span aria-hidden=\"true\" class=\"wp-block-cover__background has-background-dim-40 has-background-dim\" style=\"background-color:#b5a38f\"><\/span><div class=\"wp-block-cover__inner-container is-layout-constrained wp-block-cover-is-layout-constrained\">\n<p class=\"has-text-align-center has-white-color has-text-color has-link-color has-x-large-font-size wp-elements-e39e123ee203204ec81a5fb012e11dd4\"><strong>\u010cek\u00e1me na v\u00e1s!<\/strong><\/p>\n<\/div><\/div>","protected":false},"excerpt":{"rendered":"<p>Komfortowy transport dla Go\u015bci Wonder Home w Karpaczu W Wonder Home zale\u017cy nam, aby Tw\u00f3j pobyt w Karpaczu by\u0142 wygodny od pocz\u0105tku do ko\u0144ca. Dlatego we wsp\u00f3\u0142pracy z zaufanymi lokalnymi przewo\u017anikami oferujemy tani i wygodny transport taxi po Karpaczu i okolicach. Bez wzgl\u0119du na to, czy potrzebujesz dojazdu do apartamentu, restauracji, szlaku czy stoku \u2013 [&hellip;]<\/p>\n","protected":false},"author":12,"featured_media":6445,"parent":0,"menu_order":0,"comment_status":"closed","ping_status":"closed","template":"","meta":{"_acf_changed":false,"footnotes":""},"class_list":["post-6438","page","type-page","status-publish","has-post-thumbnail","hentry"],"acf":[],"yoast_head":"<!-- This site is optimized with the Yoast SEO plugin v27.4 - https:\/\/yoast.com\/product\/yoast-seo-wordpress\/ -->\n<title>Tanie Taxi Karpacz! Tylko dla Wonder Go\u015bci | Wonder Home<\/title>\n<meta name=\"description\" content=\"Tanie taxi Karpacz \u2013 szybki i wygodny dojazd do apartamentu Wonder Home i lokalnych atrakcji. Sprawd\u017a nasz transport partnerski!\" \/>\n<meta name=\"robots\" content=\"index, follow, max-snippet:-1, max-image-preview:large, max-video-preview:-1\" \/>\n<link rel=\"canonical\" href=\"https:\/\/wonderhome.eu\/cz\/tanie-taxi-karpacz\/\" \/>\n<meta property=\"og:locale\" content=\"cs_CZ\" \/>\n<meta property=\"og:type\" content=\"article\" \/>\n<meta property=\"og:title\" content=\"Tanie Taxi Karpacz! Tylko dla Wonder Go\u015bci | Wonder Home\" \/>\n<meta property=\"og:description\" content=\"Tanie taxi Karpacz \u2013 szybki i wygodny dojazd do apartamentu Wonder Home i lokalnych atrakcji. Sprawd\u017a nasz transport partnerski!\" \/>\n<meta property=\"og:url\" content=\"https:\/\/wonderhome.eu\/cz\/tanie-taxi-karpacz\/\" \/>\n<meta property=\"og:site_name\" content=\"Wonder Home\" \/>\n<meta property=\"article:modified_time\" content=\"2025-10-17T11:53:48+00:00\" \/>\n<meta property=\"og:image\" content=\"https:\/\/wonderhome.eu\/wp-content\/uploads\/2025\/05\/7-min-7.jpg\" \/>\n\t<meta property=\"og:image:width\" content=\"1920\" \/>\n\t<meta property=\"og:image:height\" content=\"1080\" \/>\n\t<meta property=\"og:image:type\" content=\"image\/jpeg\" \/>\n<meta name=\"twitter:card\" content=\"summary_large_image\" \/>\n<meta name=\"twitter:label1\" content=\"Odhadovan\u00e1 doba \u010dten\u00ed\" \/>\n\t<meta name=\"twitter:data1\" content=\"5 minut\" \/>\n<script type=\"application\/ld+json\" class=\"yoast-schema-graph\">{\"@context\":\"https:\\\/\\\/schema.org\",\"@graph\":[{\"@type\":\"WebPage\",\"@id\":\"https:\\\/\\\/wonderhome.eu\\\/tanie-taxi-karpacz\",\"url\":\"https:\\\/\\\/wonderhome.eu\\\/tanie-taxi-karpacz\",\"name\":\"Tanie Taxi Karpacz! Tylko dla Wonder Go\u015bci | Wonder Home\",\"isPartOf\":{\"@id\":\"https:\\\/\\\/wonderhome.eu\\\/#website\"},\"primaryImageOfPage\":{\"@id\":\"https:\\\/\\\/wonderhome.eu\\\/tanie-taxi-karpacz#primaryimage\"},\"image\":{\"@id\":\"https:\\\/\\\/wonderhome.eu\\\/tanie-taxi-karpacz#primaryimage\"},\"thumbnailUrl\":\"https:\\\/\\\/wonderhome.eu\\\/wp-content\\\/uploads\\\/2025\\\/05\\\/7-min-7.jpg\",\"datePublished\":\"2025-05-21T14:11:35+00:00\",\"dateModified\":\"2025-10-17T11:53:48+00:00\",\"description\":\"Tanie taxi Karpacz \u2013 szybki i wygodny dojazd do apartamentu Wonder Home i lokalnych atrakcji. Sprawd\u017a nasz transport partnerski!\",\"inLanguage\":\"cs\",\"potentialAction\":[{\"@type\":\"ReadAction\",\"target\":[\"https:\\\/\\\/wonderhome.eu\\\/tanie-taxi-karpacz\"]}]},{\"@type\":\"ImageObject\",\"inLanguage\":\"cs\",\"@id\":\"https:\\\/\\\/wonderhome.eu\\\/tanie-taxi-karpacz#primaryimage\",\"url\":\"https:\\\/\\\/wonderhome.eu\\\/wp-content\\\/uploads\\\/2025\\\/05\\\/7-min-7.jpg\",\"contentUrl\":\"https:\\\/\\\/wonderhome.eu\\\/wp-content\\\/uploads\\\/2025\\\/05\\\/7-min-7.jpg\",\"width\":1920,\"height\":1080,\"caption\":\"tanie taxi karpacz\"},{\"@type\":\"WebSite\",\"@id\":\"https:\\\/\\\/wonderhome.eu\\\/#website\",\"url\":\"https:\\\/\\\/wonderhome.eu\\\/\",\"name\":\"Wonder Home\",\"description\":\"\",\"potentialAction\":[{\"@type\":\"SearchAction\",\"target\":{\"@type\":\"EntryPoint\",\"urlTemplate\":\"https:\\\/\\\/wonderhome.eu\\\/?s={search_term_string}\"},\"query-input\":{\"@type\":\"PropertyValueSpecification\",\"valueRequired\":true,\"valueName\":\"search_term_string\"}}],\"inLanguage\":\"cs\"}]}<\/script>\n<!-- \/ Yoast SEO plugin. -->","yoast_head_json":{"title":"Tanie Taxi Karpacz! Tylko dla Wonder Go\u015bci | Wonder Home","description":"Tanie taxi Karpacz \u2013 szybki i wygodny dojazd do apartamentu Wonder Home i lokalnych atrakcji. Sprawd\u017a nasz transport partnerski!","robots":{"index":"index","follow":"follow","max-snippet":"max-snippet:-1","max-image-preview":"max-image-preview:large","max-video-preview":"max-video-preview:-1"},"canonical":"https:\/\/wonderhome.eu\/cz\/tanie-taxi-karpacz\/","og_locale":"cs_CZ","og_type":"article","og_title":"Tanie Taxi Karpacz! Tylko dla Wonder Go\u015bci | Wonder Home","og_description":"Tanie taxi Karpacz \u2013 szybki i wygodny dojazd do apartamentu Wonder Home i lokalnych atrakcji. Sprawd\u017a nasz transport partnerski!","og_url":"https:\/\/wonderhome.eu\/cz\/tanie-taxi-karpacz\/","og_site_name":"Wonder Home","article_modified_time":"2025-10-17T11:53:48+00:00","og_image":[{"width":1920,"height":1080,"url":"https:\/\/wonderhome.eu\/wp-content\/uploads\/2025\/05\/7-min-7.jpg","type":"image\/jpeg"}],"twitter_card":"summary_large_image","twitter_misc":{"Odhadovan\u00e1 doba \u010dten\u00ed":"5 minut"},"schema":{"@context":"https:\/\/schema.org","@graph":[{"@type":"WebPage","@id":"https:\/\/wonderhome.eu\/tanie-taxi-karpacz","url":"https:\/\/wonderhome.eu\/tanie-taxi-karpacz","name":"Tanie Taxi Karpacz! Tylko dla Wonder Go\u015bci | Wonder Home","isPartOf":{"@id":"https:\/\/wonderhome.eu\/#website"},"primaryImageOfPage":{"@id":"https:\/\/wonderhome.eu\/tanie-taxi-karpacz#primaryimage"},"image":{"@id":"https:\/\/wonderhome.eu\/tanie-taxi-karpacz#primaryimage"},"thumbnailUrl":"https:\/\/wonderhome.eu\/wp-content\/uploads\/2025\/05\/7-min-7.jpg","datePublished":"2025-05-21T14:11:35+00:00","dateModified":"2025-10-17T11:53:48+00:00","description":"Tanie taxi Karpacz \u2013 szybki i wygodny dojazd do apartamentu Wonder Home i lokalnych atrakcji. Sprawd\u017a nasz transport partnerski!","inLanguage":"cs","potentialAction":[{"@type":"ReadAction","target":["https:\/\/wonderhome.eu\/tanie-taxi-karpacz"]}]},{"@type":"ImageObject","inLanguage":"cs","@id":"https:\/\/wonderhome.eu\/tanie-taxi-karpacz#primaryimage","url":"https:\/\/wonderhome.eu\/wp-content\/uploads\/2025\/05\/7-min-7.jpg","contentUrl":"https:\/\/wonderhome.eu\/wp-content\/uploads\/2025\/05\/7-min-7.jpg","width":1920,"height":1080,"caption":"tanie taxi karpacz"},{"@type":"WebSite","@id":"https:\/\/wonderhome.eu\/#website","url":"https:\/\/wonderhome.eu\/","name":"Wonder Home","description":"","potentialAction":[{"@type":"SearchAction","target":{"@type":"EntryPoint","urlTemplate":"https:\/\/wonderhome.eu\/?s={search_term_string}"},"query-input":{"@type":"PropertyValueSpecification","valueRequired":true,"valueName":"search_term_string"}}],"inLanguage":"cs"}]}},"_links":{"self":[{"href":"https:\/\/wonderhome.eu\/cz\/wp-json\/wp\/v2\/pages\/6438","targetHints":{"allow":["GET"]}}],"collection":[{"href":"https:\/\/wonderhome.eu\/cz\/wp-json\/wp\/v2\/pages"}],"about":[{"href":"https:\/\/wonderhome.eu\/cz\/wp-json\/wp\/v2\/types\/page"}],"author":[{"embeddable":true,"href":"https:\/\/wonderhome.eu\/cz\/wp-json\/wp\/v2\/users\/12"}],"replies":[{"embeddable":true,"href":"https:\/\/wonderhome.eu\/cz\/wp-json\/wp\/v2\/comments?post=6438"}],"version-history":[{"count":1,"href":"https:\/\/wonderhome.eu\/cz\/wp-json\/wp\/v2\/pages\/6438\/revisions"}],"predecessor-version":[{"id":7419,"href":"https:\/\/wonderhome.eu\/cz\/wp-json\/wp\/v2\/pages\/6438\/revisions\/7419"}],"wp:featuredmedia":[{"embeddable":true,"href":"https:\/\/wonderhome.eu\/cz\/wp-json\/wp\/v2\/media\/6445"}],"wp:attachment":[{"href":"https:\/\/wonderhome.eu\/cz\/wp-json\/wp\/v2\/media?parent=6438"}],"curies":[{"name":"wp","href":"https:\/\/api.w.org\/{rel}","templated":true}]}}