{"id":6504,"date":"2025-06-04T13:50:34","date_gmt":"2025-06-04T11:50:34","guid":{"rendered":"https:\/\/wonderhome.eu\/?page_id=6504"},"modified":"2025-10-21T12:39:08","modified_gmt":"2025-10-21T10:39:08","slug":"uslugi-dodatkowe-na-zamowienie","status":"publish","type":"page","link":"https:\/\/wonderhome.eu\/cz\/uslugi-dodatkowe-na-zamowienie","title":{"rendered":"Dal\u0161\u00ed slu\u017eby na vy\u017e\u00e1d\u00e1n\u00ed"},"content":{"rendered":"<p class=\"has-text-align-center\"><\/p>\n\n\n\n<div class=\"wp-block-media-text is-stacked-on-mobile\"><figure class=\"wp-block-media-text__media\"><img loading=\"lazy\" decoding=\"async\" width=\"1024\" height=\"721\" src=\"https:\/\/wonderhome.eu\/wp-content\/uploads\/2025\/06\/6-min-15-1024x721.jpg\" alt=\"tort us\u0142ugi dodatkowe na zam\u00f3wienie\" class=\"wp-image-6534 size-full\" srcset=\"https:\/\/wonderhome.eu\/wp-content\/uploads\/2025\/06\/6-min-15-1024x721.jpg 1024w, https:\/\/wonderhome.eu\/wp-content\/uploads\/2025\/06\/6-min-15-300x211.jpg 300w, https:\/\/wonderhome.eu\/wp-content\/uploads\/2025\/06\/6-min-15-768x541.jpg 768w, https:\/\/wonderhome.eu\/wp-content\/uploads\/2025\/06\/6-min-15-18x12.jpg 18w, https:\/\/wonderhome.eu\/wp-content\/uploads\/2025\/06\/6-min-15.jpg 1317w\" sizes=\"auto, (max-width: 1024px) 100vw, 1024px\" \/><\/figure><div class=\"wp-block-media-text__content\">\n<div style=\"height:22px\" aria-hidden=\"true\" class=\"wp-block-spacer\"><\/div>\n\n\n\n<h2 class=\"wp-block-heading has-text-align-center has-text-color has-link-color wp-elements-02ae90c54aa3668f2d34061831d448a9\" id=\"g\u00f3ra\" style=\"color:#d7a97d;font-size:28px\">Oslavte v\u00fdjime\u010dn\u00e9 okam\u017eiky s Wonder Home<\/h2>\n\n\n\n<div style=\"height:22px\" aria-hidden=\"true\" class=\"wp-block-spacer\"><\/div>\n\n\n\n<p class=\"has-text-align-left has-text-color has-link-color wp-elements-29a4a89c59d73c3055b4a77ba45d6451\" style=\"color:#775740;font-size:22px\"><strong>Mal\u00e1 gesta, velk\u00e9 emoce<\/strong>! <strong>Dal\u0161\u00ed slu\u017eby na vy\u017e\u00e1d\u00e1n\u00ed<\/strong><\/p>\n\n\n\n<p style=\"font-size:16px\"><strong>Pl\u00e1nujete speci\u00e1ln\u00ed pobyt v na\u0161ich apartm\u00e1nech? Nebo mo\u017en\u00e1 hled\u00e1te zp\u016fsob, jak p\u0159ekvapit n\u011bkoho bl\u00edzk\u00e9ho k narozenin\u00e1m, v\u00fdro\u010d\u00ed nebo... p\u0159i \u017e\u00e1dosti o ruku?<\/strong><\/p>\n\n\n\n<p class=\"has-text-color has-link-color wp-elements-f3d2044fc1626c2e709ad4a40f5bb9e9\" style=\"color:#d7a97d;font-size:20px\"><strong>Na\u0161i host\u00e9 si nej\u010dast\u011bji objedn\u00e1vaj\u00ed:<\/strong><\/p>\n\n\n\n<ul class=\"wp-block-list\">\n<li>\ud83c\udf37 <strong>kytice \u010derstv\u00fdch kv\u011btin<\/strong> \u2013 klasick\u00e9 r\u016f\u017ee, sez\u00f3nn\u00ed kompozice nebo n\u011bco zcela osobn\u00edho,<\/li>\n\n\n\n<li>\ud83c\udf82 <strong>dort nebo jin\u00e9 sladkosti<\/strong> \u2013 elegantn\u011b zabalen\u00e9 a p\u0159ipraven\u00e9 na zvl\u00e1\u0161tn\u00ed okam\u017eik,<\/li>\n\n\n\n<li>\ud83d\udc8c <strong>personalizovan\u00e9 blahop\u0159\u00e1n\u00ed<\/strong> \u2013 proto\u017ee na detailech z\u00e1le\u017e\u00ed.<\/li>\n<\/ul>\n\n\n\n<p style=\"font-size:16px\"><strong>M\u00e1te jin\u00fd n\u00e1pad? Dejte n\u00e1m v\u011bd\u011bt p\u0159ed p\u0159\u00edjezdem \u2013 ud\u011bl\u00e1me v\u0161e pro to, abychom v\u00e1\u0161 pl\u00e1n usp\u011bli!<\/strong><\/p>\n\n\n\n<div style=\"height:21px\" aria-hidden=\"true\" class=\"wp-block-spacer\"><\/div>\n\n\n\n<h2 class=\"wp-block-heading has-text-align-center has-text-color has-link-color wp-elements-db9dbdaf672a117161e3f718f490319f\" style=\"color:#d7a97d\">Zavolejte a objednejte!<\/h2>\n\n\n\n<div style=\"height:21px\" aria-hidden=\"true\" class=\"wp-block-spacer\"><\/div>\n\n\n\n<div class=\"wp-block-buttons is-horizontal is-content-justification-center is-layout-flex wp-container-core-buttons-is-layout-499968f5 wp-block-buttons-is-layout-flex\">\n<div class=\"wp-block-button is-style-primary is-style-outline is-style-outline--1\"><a class=\"wp-block-button__link has-white-color has-text-color has-background has-link-color wp-element-button\" href=\"tel:+48785913913\" style=\"border-radius:22px;background-color:#d7a97d\"><strong>+48 785 913 913<\/strong><\/a><\/div>\n<\/div>\n\n\n\n<div style=\"height:39px\" aria-hidden=\"true\" class=\"wp-block-spacer\"><\/div>\n<\/div><\/div>\n\n\n\n<div style=\"height:39px\" aria-hidden=\"true\" class=\"wp-block-spacer\"><\/div>\n\n\n\n<div class=\"wp-block-media-text has-media-on-the-right is-stacked-on-mobile\"><div class=\"wp-block-media-text__content\">\n<p class=\"has-text-align-center has-text-color has-link-color wp-elements-851ed67029430956d34af50243367829\" style=\"color:#775740;font-size:25px\"><strong>Jak se star\u00e1me o na\u0161e hosty? <\/strong><\/p>\n\n\n\n<p style=\"font-size:16px\"><strong>Ve Wonder Home v\u00edme, \u017ee detaily vytv\u00e1\u0159ej\u00ed v\u00fdjime\u010dn\u00e9 z\u00e1\u017eitky. Ke ka\u017ed\u00e9mu hostovi p\u0159istupujeme individu\u00e1ln\u011b, se srdcem a pln\u00fdm nasazen\u00edm. Db\u00e1me na to, aby v\u00e1\u0161 pobyt byl nejen pohodln\u00fd, ale p\u0159edev\u0161\u00edm nezapomenuteln\u00fd.<\/strong><\/p>\n\n\n\n<p class=\"has-text-color has-link-color wp-elements-d2112a5b24991518eeca31429dbb2674\" style=\"color:#d7a97d;font-size:20px\"><strong>\u010c\u00edm vynik\u00e1me?<\/strong><\/p>\n\n\n\n<ul class=\"wp-block-list\">\n<li><strong>Flexibilita a otev\u0159enost<\/strong> \u2014 vych\u00e1z\u00edme vst\u0159\u00edc po\u017eadavk\u016fm a pot\u0159eb\u00e1m na\u0161ich host\u016f. <\/li>\n\n\n\n<li><strong>Osobn\u00ed p\u0159\u00edstup<\/strong> \u2014 ka\u017ed\u00e9mu hostovi v\u011bnujeme maxim\u00e1ln\u00ed pozornost a \u010das.<\/li>\n\n\n\n<li><strong>Podpora v ka\u017ed\u00e9m kroku<\/strong> \u2014 od rezervace a\u017e po asistenci b\u011bhem va\u0161eho pobytu.<\/li>\n\n\n\n<li><strong>D\u016fraz na detail<\/strong> \u2014 proto\u017ee pr\u00e1v\u011b ony vytv\u00e1\u0159ej\u00ed magickou atmosf\u00e9ru.<\/li>\n\n\n\n<li><strong>\u0160irok\u00e1 \u0161k\u00e1la dopl\u0148kov\u00fdch slu\u017eeb<\/strong> \u2014 kv\u011btiny, sladkosti a dekorace na po\u017e\u00e1d\u00e1n\u00ed.<\/li>\n<\/ul>\n\n\n\n<div style=\"height:21px\" aria-hidden=\"true\" class=\"wp-block-spacer\"><\/div>\n\n\n\n<h2 class=\"wp-block-heading has-text-align-center has-text-color has-link-color wp-elements-d411477c307172beece337ed76999d90\" style=\"color:#d7a97d\">Zavolejte a objednejte!<\/h2>\n\n\n\n<div style=\"height:21px\" aria-hidden=\"true\" class=\"wp-block-spacer\"><\/div>\n\n\n\n<div class=\"wp-block-buttons is-horizontal is-content-justification-center is-layout-flex wp-container-core-buttons-is-layout-499968f5 wp-block-buttons-is-layout-flex\">\n<div class=\"wp-block-button is-style-primary is-style-outline is-style-outline--2\"><a class=\"wp-block-button__link has-white-color has-text-color has-background has-link-color wp-element-button\" href=\"tel:+48785913913\" style=\"border-radius:22px;background-color:#d7a97d\"><strong>+48<\/strong> <strong>785-913-319<\/strong><\/a><\/div>\n<\/div>\n\n\n\n<div style=\"height:39px\" aria-hidden=\"true\" class=\"wp-block-spacer\"><\/div>\n\n\n\n<p class=\"has-text-align-center\"><\/p>\n\n\n\n<div style=\"height:23px\" aria-hidden=\"true\" class=\"wp-block-spacer\"><\/div>\n<\/div><figure class=\"wp-block-media-text__media\"><img loading=\"lazy\" decoding=\"async\" width=\"1024\" height=\"706\" src=\"https:\/\/wonderhome.eu\/wp-content\/uploads\/2025\/06\/5-min-18-1024x706.jpg\" alt=\"kolacja przy \u015bwiecach - us\u0142ugi dodatkowe\" class=\"wp-image-6535 size-full\" srcset=\"https:\/\/wonderhome.eu\/wp-content\/uploads\/2025\/06\/5-min-18-1024x706.jpg 1024w, https:\/\/wonderhome.eu\/wp-content\/uploads\/2025\/06\/5-min-18-300x207.jpg 300w, https:\/\/wonderhome.eu\/wp-content\/uploads\/2025\/06\/5-min-18-768x530.jpg 768w, https:\/\/wonderhome.eu\/wp-content\/uploads\/2025\/06\/5-min-18-18x12.jpg 18w, https:\/\/wonderhome.eu\/wp-content\/uploads\/2025\/06\/5-min-18.jpg 1327w\" sizes=\"auto, (max-width: 1024px) 100vw, 1024px\" \/><\/figure><\/div>\n\n\n\n<div style=\"height:100px\" aria-hidden=\"true\" class=\"wp-block-spacer\"><\/div>\n\n\n\n<div class=\"wp-block-buttons is-content-justification-center is-layout-flex wp-container-core-buttons-is-layout-16018d1d wp-block-buttons-is-layout-flex\">\n<div class=\"wp-block-button\"><a class=\"wp-block-button__link has-background has-text-align-center wp-element-button\" href=\"#g\u00f3ra\" style=\"background-color:#d7a97d\"><strong>N\u00e1vrat<\/strong><\/a><\/div>\n<\/div>\n\n\n\n<div style=\"height:100px\" aria-hidden=\"true\" class=\"wp-block-spacer\"><\/div>","protected":false},"excerpt":{"rendered":"","protected":false},"author":12,"featured_media":6537,"parent":0,"menu_order":0,"comment_status":"closed","ping_status":"closed","template":"","meta":{"_acf_changed":false,"footnotes":""},"class_list":["post-6504","page","type-page","status-publish","has-post-thumbnail","hentry"],"acf":[],"yoast_head":"<!-- This site is optimized with the Yoast SEO plugin v27.4 - https:\/\/yoast.com\/product\/yoast-seo-wordpress\/ -->\n<title>Us\u0142ugi dodatkowe na zam\u00f3wienie - Wonder Home<\/title>\n<meta name=\"description\" content=\"Us\u0142ugi dodatkowe na zam\u00f3wienie w Wonder Home \u2013 sprawimy, \u017ce Tw\u00f3j pobyt b\u0119dzie wyj\u0105tkowy dzi\u0119ki rozwi\u0105zaniom dopasowanym do Twoich potrzeb!\" \/>\n<meta name=\"robots\" content=\"index, follow, max-snippet:-1, max-image-preview:large, max-video-preview:-1\" \/>\n<link rel=\"canonical\" href=\"https:\/\/wonderhome.eu\/cz\/uslugi-dodatkowe-na-zamowienie\/\" \/>\n<meta property=\"og:locale\" content=\"cs_CZ\" \/>\n<meta property=\"og:type\" content=\"article\" \/>\n<meta property=\"og:title\" content=\"Us\u0142ugi dodatkowe na zam\u00f3wienie - Wonder Home\" \/>\n<meta property=\"og:description\" content=\"Us\u0142ugi dodatkowe na zam\u00f3wienie w Wonder Home \u2013 sprawimy, \u017ce Tw\u00f3j pobyt b\u0119dzie wyj\u0105tkowy dzi\u0119ki rozwi\u0105zaniom dopasowanym do Twoich potrzeb!\" \/>\n<meta property=\"og:url\" content=\"https:\/\/wonderhome.eu\/cz\/uslugi-dodatkowe-na-zamowienie\/\" \/>\n<meta property=\"og:site_name\" content=\"Wonder Home\" \/>\n<meta property=\"article:modified_time\" content=\"2025-10-21T10:39:08+00:00\" \/>\n<meta property=\"og:image\" content=\"https:\/\/wonderhome.eu\/wp-content\/uploads\/2025\/06\/Tapety-rozne-72-min.jpg\" \/>\n\t<meta property=\"og:image:width\" content=\"1920\" \/>\n\t<meta property=\"og:image:height\" content=\"1080\" \/>\n\t<meta property=\"og:image:type\" content=\"image\/jpeg\" \/>\n<meta name=\"twitter:card\" content=\"summary_large_image\" \/>\n<meta name=\"twitter:label1\" content=\"Odhadovan\u00e1 doba \u010dten\u00ed\" \/>\n\t<meta name=\"twitter:data1\" content=\"3 minuty\" \/>\n<script type=\"application\/ld+json\" class=\"yoast-schema-graph\">{\"@context\":\"https:\\\/\\\/schema.org\",\"@graph\":[{\"@type\":\"WebPage\",\"@id\":\"https:\\\/\\\/wonderhome.eu\\\/uslugi-dodatkowe-na-zamowienie\",\"url\":\"https:\\\/\\\/wonderhome.eu\\\/uslugi-dodatkowe-na-zamowienie\",\"name\":\"Us\u0142ugi dodatkowe na zam\u00f3wienie - Wonder Home\",\"isPartOf\":{\"@id\":\"https:\\\/\\\/wonderhome.eu\\\/#website\"},\"primaryImageOfPage\":{\"@id\":\"https:\\\/\\\/wonderhome.eu\\\/uslugi-dodatkowe-na-zamowienie#primaryimage\"},\"image\":{\"@id\":\"https:\\\/\\\/wonderhome.eu\\\/uslugi-dodatkowe-na-zamowienie#primaryimage\"},\"thumbnailUrl\":\"https:\\\/\\\/wonderhome.eu\\\/wp-content\\\/uploads\\\/2025\\\/06\\\/Tapety-rozne-72-min.jpg\",\"datePublished\":\"2025-06-04T11:50:34+00:00\",\"dateModified\":\"2025-10-21T10:39:08+00:00\",\"description\":\"Us\u0142ugi dodatkowe na zam\u00f3wienie w Wonder Home \u2013 sprawimy, \u017ce Tw\u00f3j pobyt b\u0119dzie wyj\u0105tkowy dzi\u0119ki rozwi\u0105zaniom dopasowanym do Twoich potrzeb!\",\"inLanguage\":\"cs\",\"potentialAction\":[{\"@type\":\"ReadAction\",\"target\":[\"https:\\\/\\\/wonderhome.eu\\\/uslugi-dodatkowe-na-zamowienie\"]}]},{\"@type\":\"ImageObject\",\"inLanguage\":\"cs\",\"@id\":\"https:\\\/\\\/wonderhome.eu\\\/uslugi-dodatkowe-na-zamowienie#primaryimage\",\"url\":\"https:\\\/\\\/wonderhome.eu\\\/wp-content\\\/uploads\\\/2025\\\/06\\\/Tapety-rozne-72-min.jpg\",\"contentUrl\":\"https:\\\/\\\/wonderhome.eu\\\/wp-content\\\/uploads\\\/2025\\\/06\\\/Tapety-rozne-72-min.jpg\",\"width\":1920,\"height\":1080,\"caption\":\"us\u0142ugi dodatkowe na zam\u00f3wienie\"},{\"@type\":\"WebSite\",\"@id\":\"https:\\\/\\\/wonderhome.eu\\\/#website\",\"url\":\"https:\\\/\\\/wonderhome.eu\\\/\",\"name\":\"Wonder Home\",\"description\":\"\",\"potentialAction\":[{\"@type\":\"SearchAction\",\"target\":{\"@type\":\"EntryPoint\",\"urlTemplate\":\"https:\\\/\\\/wonderhome.eu\\\/?s={search_term_string}\"},\"query-input\":{\"@type\":\"PropertyValueSpecification\",\"valueRequired\":true,\"valueName\":\"search_term_string\"}}],\"inLanguage\":\"cs\"}]}<\/script>\n<!-- \/ Yoast SEO plugin. -->","yoast_head_json":{"title":"Dal\u0161\u00ed slu\u017eby na vy\u017e\u00e1d\u00e1n\u00ed - Wonder Home","description":"Dopl\u0148kov\u00e9 slu\u017eby jsou k dispozici na vy\u017e\u00e1d\u00e1n\u00ed ve Wonder Home \u2013 v\u00e1\u0161 pobyt u\u010din\u00edme v\u00fdjime\u010dn\u00fdm d\u00edky \u0159e\u0161en\u00edm p\u0159izp\u016fsoben\u00fdm va\u0161im pot\u0159eb\u00e1m!","robots":{"index":"index","follow":"follow","max-snippet":"max-snippet:-1","max-image-preview":"max-image-preview:large","max-video-preview":"max-video-preview:-1"},"canonical":"https:\/\/wonderhome.eu\/cz\/uslugi-dodatkowe-na-zamowienie\/","og_locale":"cs_CZ","og_type":"article","og_title":"Us\u0142ugi dodatkowe na zam\u00f3wienie - Wonder Home","og_description":"Us\u0142ugi dodatkowe na zam\u00f3wienie w Wonder Home \u2013 sprawimy, \u017ce Tw\u00f3j pobyt b\u0119dzie wyj\u0105tkowy dzi\u0119ki rozwi\u0105zaniom dopasowanym do Twoich potrzeb!","og_url":"https:\/\/wonderhome.eu\/cz\/uslugi-dodatkowe-na-zamowienie\/","og_site_name":"Wonder Home","article_modified_time":"2025-10-21T10:39:08+00:00","og_image":[{"width":1920,"height":1080,"url":"https:\/\/wonderhome.eu\/wp-content\/uploads\/2025\/06\/Tapety-rozne-72-min.jpg","type":"image\/jpeg"}],"twitter_card":"summary_large_image","twitter_misc":{"Odhadovan\u00e1 doba \u010dten\u00ed":"3 minuty"},"schema":{"@context":"https:\/\/schema.org","@graph":[{"@type":"WebPage","@id":"https:\/\/wonderhome.eu\/uslugi-dodatkowe-na-zamowienie","url":"https:\/\/wonderhome.eu\/uslugi-dodatkowe-na-zamowienie","name":"Dal\u0161\u00ed slu\u017eby na vy\u017e\u00e1d\u00e1n\u00ed - Wonder Home","isPartOf":{"@id":"https:\/\/wonderhome.eu\/#website"},"primaryImageOfPage":{"@id":"https:\/\/wonderhome.eu\/uslugi-dodatkowe-na-zamowienie#primaryimage"},"image":{"@id":"https:\/\/wonderhome.eu\/uslugi-dodatkowe-na-zamowienie#primaryimage"},"thumbnailUrl":"https:\/\/wonderhome.eu\/wp-content\/uploads\/2025\/06\/Tapety-rozne-72-min.jpg","datePublished":"2025-06-04T11:50:34+00:00","dateModified":"2025-10-21T10:39:08+00:00","description":"Dopl\u0148kov\u00e9 slu\u017eby jsou k dispozici na vy\u017e\u00e1d\u00e1n\u00ed ve Wonder Home \u2013 v\u00e1\u0161 pobyt u\u010din\u00edme v\u00fdjime\u010dn\u00fdm d\u00edky \u0159e\u0161en\u00edm p\u0159izp\u016fsoben\u00fdm va\u0161im pot\u0159eb\u00e1m!","inLanguage":"cs","potentialAction":[{"@type":"ReadAction","target":["https:\/\/wonderhome.eu\/uslugi-dodatkowe-na-zamowienie"]}]},{"@type":"ImageObject","inLanguage":"cs","@id":"https:\/\/wonderhome.eu\/uslugi-dodatkowe-na-zamowienie#primaryimage","url":"https:\/\/wonderhome.eu\/wp-content\/uploads\/2025\/06\/Tapety-rozne-72-min.jpg","contentUrl":"https:\/\/wonderhome.eu\/wp-content\/uploads\/2025\/06\/Tapety-rozne-72-min.jpg","width":1920,"height":1080,"caption":"us\u0142ugi dodatkowe na zam\u00f3wienie"},{"@type":"WebSite","@id":"https:\/\/wonderhome.eu\/#website","url":"https:\/\/wonderhome.eu\/","name":"Wonder Home","description":"","potentialAction":[{"@type":"SearchAction","target":{"@type":"EntryPoint","urlTemplate":"https:\/\/wonderhome.eu\/?s={search_term_string}"},"query-input":{"@type":"PropertyValueSpecification","valueRequired":true,"valueName":"search_term_string"}}],"inLanguage":"cs"}]}},"_links":{"self":[{"href":"https:\/\/wonderhome.eu\/cz\/wp-json\/wp\/v2\/pages\/6504","targetHints":{"allow":["GET"]}}],"collection":[{"href":"https:\/\/wonderhome.eu\/cz\/wp-json\/wp\/v2\/pages"}],"about":[{"href":"https:\/\/wonderhome.eu\/cz\/wp-json\/wp\/v2\/types\/page"}],"author":[{"embeddable":true,"href":"https:\/\/wonderhome.eu\/cz\/wp-json\/wp\/v2\/users\/12"}],"replies":[{"embeddable":true,"href":"https:\/\/wonderhome.eu\/cz\/wp-json\/wp\/v2\/comments?post=6504"}],"version-history":[{"count":4,"href":"https:\/\/wonderhome.eu\/cz\/wp-json\/wp\/v2\/pages\/6504\/revisions"}],"predecessor-version":[{"id":7539,"href":"https:\/\/wonderhome.eu\/cz\/wp-json\/wp\/v2\/pages\/6504\/revisions\/7539"}],"wp:featuredmedia":[{"embeddable":true,"href":"https:\/\/wonderhome.eu\/cz\/wp-json\/wp\/v2\/media\/6537"}],"wp:attachment":[{"href":"https:\/\/wonderhome.eu\/cz\/wp-json\/wp\/v2\/media?parent=6504"}],"curies":[{"name":"wp","href":"https:\/\/api.w.org\/{rel}","templated":true}]}}