{"id":6566,"date":"2025-07-29T13:26:26","date_gmt":"2025-07-29T11:26:26","guid":{"rendered":"https:\/\/wonderhome.eu\/?page_id=6566"},"modified":"2025-10-17T13:49:25","modified_gmt":"2025-10-17T11:49:25","slug":"bezplatny-transfer-pkp-karpacz-wonder-home","status":"publish","type":"page","link":"https:\/\/wonderhome.eu\/cz\/bezplatny-transfer-pkp-karpacz-wonder-home","title":{"rendered":"Zdarma transfer z vlakov\u00e9ho n\u00e1dra\u017e\u00ed do apartm\u00e1nu!"},"content":{"rendered":"<div style=\"height:40px\" aria-hidden=\"true\" class=\"wp-block-spacer\"><\/div>\n\n\n\n<div class=\"wp-block-columns is-layout-flex wp-container-core-columns-is-layout-9d6595d7 wp-block-columns-is-layout-flex\">\n<div class=\"wp-block-column is-layout-flow wp-block-column-is-layout-flow\" style=\"flex-basis:15%\"><\/div>\n\n\n\n<div class=\"wp-block-column is-layout-flow wp-block-column-is-layout-flow\" style=\"flex-basis:70%\">\n<h2 class=\"wp-block-heading has-text-align-center has-text-color has-link-color wp-elements-39e8a721b25c02f31f8930365b235e7e\" id=\"g\u00f3ra\" style=\"color:#2f2929;font-size:28px\"><strong>Cestujete bez auta? Vyu\u017eijte na\u0161i bezplatnou kyvadlovou dopravu. <\/strong><br><strong>z vlakov\u00e9ho n\u00e1dra\u017e\u00ed v Karpaczi pro hosty <span style=\"color: #d7a97d;\">Wonder Home<\/span><\/strong><\/h2>\n\n\n\n<div style=\"height:26px\" aria-hidden=\"true\" class=\"wp-block-spacer\"><\/div>\n\n\n\n<p class=\"has-text-align-center\" style=\"font-size:20px\">Pokud pl\u00e1nujete p\u0159ijet do Karpacze vlakem, m\u00e1me pro v\u00e1s perfektn\u00ed \u0159e\u0161en\u00ed \u2013 bezplatn\u00fd transfer z vlakov\u00e9ho n\u00e1dra\u017e\u00ed v Karpaczi pro hosty Wonder Home. Tato slu\u017eba je k dispozici pro ty, kte\u0159\u00ed si rezervuj\u00ed ubytov\u00e1n\u00ed p\u0159\u00edmo p\u0159es na\u0161e webov\u00e9 str\u00e1nky nebo p\u0159es Booking.com s vybranou mo\u017enost\u00ed transferu. Je to pohodln\u00fd a bezstresov\u00fd zp\u016fsob, jak se rychle a pohodln\u011b dostat do sv\u00e9ho apartm\u00e1nu po p\u0159\u00edjezdu \u2013 bez starost\u00ed s m\u00edstn\u00ed dopravou, vl\u00e1\u010den\u00edm zavazadel nebo pl\u00e1nov\u00e1n\u00edm transfer\u016f.<\/p>\n\n\n\n<div style=\"height:29px\" aria-hidden=\"true\" class=\"wp-block-spacer\"><\/div>\n\n\n\n<div style=\"height:26px\" aria-hidden=\"true\" class=\"wp-block-spacer\"><\/div>\n\n\n\n<div style=\"height:29px\" aria-hidden=\"true\" class=\"wp-block-spacer\"><\/div>\n\n\n\n<div class=\"wp-block-media-text is-stacked-on-mobile\"><figure class=\"wp-block-media-text__media\"><img loading=\"lazy\" decoding=\"async\" width=\"943\" height=\"648\" src=\"https:\/\/wonderhome.eu\/wp-content\/uploads\/2024\/12\/Zdjecia-na-strony-12-min-1.jpg\" alt=\"tanie taxi karpacz\" class=\"wp-image-5290 size-full\" srcset=\"https:\/\/wonderhome.eu\/wp-content\/uploads\/2024\/12\/Zdjecia-na-strony-12-min-1.jpg 943w, https:\/\/wonderhome.eu\/wp-content\/uploads\/2024\/12\/Zdjecia-na-strony-12-min-1-300x206.jpg 300w, https:\/\/wonderhome.eu\/wp-content\/uploads\/2024\/12\/Zdjecia-na-strony-12-min-1-768x528.jpg 768w, https:\/\/wonderhome.eu\/wp-content\/uploads\/2024\/12\/Zdjecia-na-strony-12-min-1-18x12.jpg 18w\" sizes=\"auto, (max-width: 943px) 100vw, 943px\" \/><\/figure><div class=\"wp-block-media-text__content\">\n<h2 class=\"wp-block-heading has-text-align-center\" style=\"font-size:24px\"><strong><span style=\"color: #d7a97d;\">Wonder Home<\/span> a Swift Luxury Taxi<\/strong> \u2013 <strong>m\u00edstn\u00ed spolupr\u00e1ce pro va\u0161e pohodl\u00ed<\/strong><\/h2>\n\n\n\n<p><strong>Bezplatn\u00fd transfer z vlakov\u00e9ho n\u00e1dra\u017e\u00ed v Karpaczi do apartm\u00e1nu zaji\u0161\u0165uje Swift Luxury Taxi \u2013 m\u00edstn\u00ed spole\u010dnost, kter\u00e1 zn\u00e1 Karpacz jako sv\u00e9 boty.<\/strong><br>Nejsou to jen n\u00e1hodn\u00e9 cesty \u2013 jsou sou\u010d\u00e1st\u00ed komplexn\u00edho servisu pro hosty od Wonder Home. \u0158idi\u010di Swift Luxury Taxi jsou dochviln\u00ed, zdvo\u0159il\u00ed a ochotn\u00ed.<\/p>\n\n\n\n<p><strong>Spolupracujeme jen s t\u011bmi nejlep\u0161\u00edmi, proto\u017ee va\u0161e pohodl\u00ed je na\u0161\u00ed prioritou.<\/strong><br>A to je v\u0161e - <strong>zahrnuto v cen\u011b rezervace, \u017e\u00e1dn\u00e9 dal\u0161\u00ed poplatky.<\/strong><\/p>\n\n\n\n<div style=\"height:29px\" aria-hidden=\"true\" class=\"wp-block-spacer\"><\/div>\n\n\n\n<h2 class=\"wp-block-heading has-text-align-center has-text-color has-link-color wp-elements-9b2d012883d0e22d2ffd5a7f5a042fb2\" style=\"color:#d7a97d\">Zavolejte a objednejte si transfer!<\/h2>\n\n\n\n<div style=\"height:29px\" aria-hidden=\"true\" class=\"wp-block-spacer\"><\/div>\n\n\n\n<div class=\"wp-block-buttons is-content-justification-center is-layout-flex wp-container-core-buttons-is-layout-16018d1d wp-block-buttons-is-layout-flex\">\n<div class=\"wp-block-button\"><a class=\"wp-block-button__link has-background wp-element-button\" href=\"tel:+48882517528\" style=\"background-color:#d7a97d\">\n       <strong>+48 882 517 528<\/strong>\n    <\/a><\/div>\n<\/div>\n\n\n\n<div style=\"height:30px\" aria-hidden=\"true\" class=\"wp-block-spacer\"><\/div>\n<\/div><\/div>\n\n\n\n<div style=\"height:29px\" aria-hidden=\"true\" class=\"wp-block-spacer\"><\/div>\n\n\n\n<div class=\"wp-block-media-text has-media-on-the-right is-stacked-on-mobile\"><div class=\"wp-block-media-text__content\">\n<h2 class=\"wp-block-heading has-text-align-center\" style=\"font-size:24px\"><strong>Jak funguje bezplatn\u00fd transfer z PKP Karpacz pro hosty Wonder Home?<\/strong><br><strong><span style=\"color: #d7a97d;\">Pohodln\u00fd p\u0159\u00edstup do bytu!<\/span><\/strong><\/h2>\n\n\n\n<p><strong>Bezplatn\u00fd transfer z vlakov\u00e9ho n\u00e1dra\u017e\u00ed Karpacz do apartm\u00e1nu pro hosty Wonder Home je rychl\u00e1 a intuitivn\u00ed mo\u017enost.<\/strong><br>Sta\u010d\u00ed vybrat mo\u017enost p\u0159i rezervaci <strong>\u201eBezplatn\u00e1 kyvadlov\u00e1 doprava\u201c<\/strong> v sekci dopl\u0148k\u016f. Pot\u00e9 kontaktujte na\u0161i recepci \u2013 telefonicky s v\u00e1mi domluv\u00edme \u010das p\u0159\u00edjezdu vlaku a adresu va\u0161eho c\u00edlov\u00e9ho apartm\u00e1nu.<\/p>\n\n\n\n<p>N\u00e1\u0161 partner se postar\u00e1 o ve\u0161kerou logistiku \u2013 <strong><a href=\"https:\/\/wonderhome.eu\/cz\/tanie-taxi-karpacz\/\" target=\"_blank\" rel=\"noreferrer noopener\">Swift Luxury Taxi Karpacz<\/a><\/strong>, m\u00edstn\u00ed spole\u010dnost se zku\u0161enostmi a vynikaj\u00edc\u00ed znalost\u00ed m\u011bsta. Vyzvednut\u00ed z vlakov\u00e9ho n\u00e1dra\u017e\u00ed, pohodln\u00e1 cesta a bezprobl\u00e9mov\u00fd p\u0159\u00edjezd a\u017e ke dve\u0159\u00edm va\u0161eho apartm\u00e1nu \u2013 to v\u0161e je zaru\u010deno od okam\u017eiku rezervace.<\/p>\n\n\n\n<div style=\"height:29px\" aria-hidden=\"true\" class=\"wp-block-spacer\"><\/div>\n<\/div><figure class=\"wp-block-media-text__media\"><img loading=\"lazy\" decoding=\"async\" width=\"1024\" height=\"727\" src=\"https:\/\/wonderhome.eu\/wp-content\/uploads\/2025\/05\/5-min-16-1024x727.jpg\" alt=\"tanie taxi karpacz dla rodziny\" class=\"wp-image-6446 size-full\" srcset=\"https:\/\/wonderhome.eu\/wp-content\/uploads\/2025\/05\/5-min-16-1024x727.jpg 1024w, https:\/\/wonderhome.eu\/wp-content\/uploads\/2025\/05\/5-min-16-300x213.jpg 300w, https:\/\/wonderhome.eu\/wp-content\/uploads\/2025\/05\/5-min-16-768x545.jpg 768w, https:\/\/wonderhome.eu\/wp-content\/uploads\/2025\/05\/5-min-16-18x12.jpg 18w, https:\/\/wonderhome.eu\/wp-content\/uploads\/2025\/05\/5-min-16.jpg 1273w\" sizes=\"auto, (max-width: 1024px) 100vw, 1024px\" \/><\/figure><\/div>\n\n\n\n<div style=\"height:29px\" aria-hidden=\"true\" class=\"wp-block-spacer\"><\/div>\n\n\n\n<div class=\"wp-block-media-text is-stacked-on-mobile\"><figure class=\"wp-block-media-text__media\"><img loading=\"lazy\" decoding=\"async\" width=\"1024\" height=\"722\" src=\"https:\/\/wonderhome.eu\/wp-content\/uploads\/2025\/05\/4-min-16-1024x722.jpg\" alt=\"\" class=\"wp-image-6447 size-full\" srcset=\"https:\/\/wonderhome.eu\/wp-content\/uploads\/2025\/05\/4-min-16-1024x722.jpg 1024w, https:\/\/wonderhome.eu\/wp-content\/uploads\/2025\/05\/4-min-16-300x211.jpg 300w, https:\/\/wonderhome.eu\/wp-content\/uploads\/2025\/05\/4-min-16-768x541.jpg 768w, https:\/\/wonderhome.eu\/wp-content\/uploads\/2025\/05\/4-min-16-18x12.jpg 18w, https:\/\/wonderhome.eu\/wp-content\/uploads\/2025\/05\/4-min-16.jpg 1288w\" sizes=\"auto, (max-width: 1024px) 100vw, 1024px\" \/><\/figure><div class=\"wp-block-media-text__content\">\n<h2 class=\"wp-block-heading has-text-align-center\" style=\"font-size:24px\"><strong>Zkontrolujte, kter\u00e9 apartm\u00e1ny zahrnuj\u00ed bezplatn\u00fd transfer z vlakov\u00e9ho n\u00e1dra\u017e\u00ed v Karpaczi<\/strong> <strong>pro hosty<span style=\"color: #d7a97d;\"> Wonder Home<\/span> <\/strong><\/h2>\n\n\n\n<p>Ne v\u0161echny apartm\u00e1ny maj\u00ed mo\u017enost bezplatn\u00e9 dopravy, proto se p\u0159ed rezervac\u00ed vyplat\u00ed ov\u011b\u0159it dostupnost t\u00e9to slu\u017eby v konkr\u00e9tn\u00edm objektu. <strong>Bezplatn\u00fd transfer z vlakov\u00e9ho n\u00e1dra\u017e\u00ed Karpacz pro hosty Wonder Home<\/strong> se prov\u00e1d\u00ed pouze na vybran\u00fdch m\u00edstech.<\/p>\n\n\n\n<p>\ud83d\udc49 <strong>Vyu\u017eijte na\u0161ich <a class=\"\" href=\"#\">vyhled\u00e1va\u010d byt\u016f s bezplatn\u00fdm p\u0159evodem<\/a>zobrazit aktu\u00e1ln\u00ed seznam m\u00edst dostupn\u00fdch pro tuto nab\u00eddku.<\/strong><\/p>\n\n\n\n<p><strong><br>Pamatujte:<\/strong> Seznam apartm\u00e1n\u016f zahrnut\u00fdch v transferu se m\u016f\u017ee zm\u011bnit, proto si p\u0159ed rezervac\u00ed v\u017edy ov\u011b\u0159te dostupnost.<\/p>\n\n\n\n<div style=\"height:30px\" aria-hidden=\"true\" class=\"wp-block-spacer\"><\/div>\n\n\n\n<h2 class=\"wp-block-heading has-text-align-center has-text-color has-link-color wp-elements-9b2d012883d0e22d2ffd5a7f5a042fb2\" style=\"color:#d7a97d\">Zavolejte a objednejte si transfer!<\/h2>\n\n\n\n<div style=\"height:29px\" aria-hidden=\"true\" class=\"wp-block-spacer\"><\/div>\n\n\n\n<div class=\"wp-block-buttons is-content-justification-center is-layout-flex wp-container-core-buttons-is-layout-16018d1d wp-block-buttons-is-layout-flex\">\n<div class=\"wp-block-button\"><a class=\"wp-block-button__link has-background wp-element-button\" href=\"tel:+48882517528\" style=\"background-color:#d7a97d\">\n       <strong>+48 882 517 528<\/strong>\n    <\/a><\/div>\n<\/div>\n\n\n\n<div style=\"height:30px\" aria-hidden=\"true\" class=\"wp-block-spacer\"><\/div>\n<\/div><\/div>\n\n\n\n<div style=\"height:29px\" aria-hidden=\"true\" class=\"wp-block-spacer\"><\/div>\n\n\n\n<div class=\"wp-block-media-text has-media-on-the-right is-stacked-on-mobile\"><div class=\"wp-block-media-text__content\">\n<h2 class=\"wp-block-heading has-text-align-center\" style=\"font-size:24px\"><strong>Pro\u010d se vyplat\u00ed vyb\u00edrat <span style=\"color: #d7a97d;\">Wonder Home<\/span> s bezplatn\u00fdm p\u0159evodem?<\/strong><\/h2>\n\n\n\n<p><strong>Bezplatn\u00fd transfer z vlakov\u00e9ho n\u00e1dra\u017e\u00ed v Karpaczi pro hosty Wonder Home je v\u00fdhodou, kterou nenab\u00edz\u00ed \u017e\u00e1dn\u00e9 jin\u00e9 ubytovac\u00ed za\u0159\u00edzen\u00ed v Karpaczi.<\/strong><br>Po p\u0159\u00edjezdu na n\u00e1dra\u017e\u00ed se nemus\u00edte starat o taxi ani autobus \u2013 n\u00e1\u0161 \u0159idi\u010d v\u00e1s v\u010das vyzvedne a odveze p\u0159\u00edmo do va\u0161eho apartm\u00e1nu.<\/p>\n\n\n\n<p><strong>Toto je perfektn\u00ed \u0159e\u0161en\u00ed pro:<\/strong><\/p>\n\n\n\n<ul class=\"wp-block-list\">\n<li>rodiny s d\u011btmi,<\/li>\n\n\n\n<li>star\u0161\u00ed lid\u00e9,<\/li>\n\n\n\n<li>turist\u00e9 s velk\u00fdmi zavazadly.<\/li>\n<\/ul>\n\n\n\n<p><strong>Pohodln\u00e9, bezpe\u010dn\u00e9, bez stresu \u2013 a zcela zdarma.<\/strong> Vyu\u017eijte slu\u017ebu, kter\u00e1 v\u00e1m u\u0161et\u0159\u00ed \u010das a poskytne v\u00e1m pohodl\u00ed od prvn\u00ed minuty va\u0161eho pobytu.<\/p>\n\n\n\n<div style=\"height:29px\" aria-hidden=\"true\" class=\"wp-block-spacer\"><\/div>\n<\/div><figure class=\"wp-block-media-text__media\"><img loading=\"lazy\" decoding=\"async\" width=\"1024\" height=\"753\" src=\"https:\/\/wonderhome.eu\/wp-content\/uploads\/2025\/06\/Tapety-rozne-77-min-1-1024x753.jpg\" alt=\"bezp\u0142atny transfer z PKP Karpacz dla Go\u015bci Wonder Home\" class=\"wp-image-6570 size-full\" srcset=\"https:\/\/wonderhome.eu\/wp-content\/uploads\/2025\/06\/Tapety-rozne-77-min-1-1024x753.jpg 1024w, https:\/\/wonderhome.eu\/wp-content\/uploads\/2025\/06\/Tapety-rozne-77-min-1-300x221.jpg 300w, https:\/\/wonderhome.eu\/wp-content\/uploads\/2025\/06\/Tapety-rozne-77-min-1-768x565.jpg 768w, https:\/\/wonderhome.eu\/wp-content\/uploads\/2025\/06\/Tapety-rozne-77-min-1-16x12.jpg 16w, https:\/\/wonderhome.eu\/wp-content\/uploads\/2025\/06\/Tapety-rozne-77-min-1.jpg 1165w\" sizes=\"auto, (max-width: 1024px) 100vw, 1024px\" \/><\/figure><\/div>\n\n\n\n<div style=\"height:29px\" aria-hidden=\"true\" class=\"wp-block-spacer\"><\/div>\n\n\n\n<div class=\"wp-block-buttons is-content-justification-center is-layout-flex wp-container-core-buttons-is-layout-16018d1d wp-block-buttons-is-layout-flex\">\n<div class=\"wp-block-button\"><a class=\"wp-block-button__link has-background has-text-align-center wp-element-button\" href=\"#g\u00f3ra\" style=\"background-color:#d7a97d\"><strong>N\u00e1vrat<\/strong><\/a><\/div>\n<\/div>\n\n\n\n<div style=\"height:56px\" aria-hidden=\"true\" class=\"wp-block-spacer\"><\/div>\n<\/div>\n\n\n\n<div class=\"wp-block-column is-layout-flow wp-block-column-is-layout-flow\" style=\"flex-basis:15%\"><\/div>\n<\/div>\n\n\n\n<p><\/p>\n\n\n\n<div style=\"height:49px\" aria-hidden=\"true\" class=\"wp-block-spacer\"><\/div>\n\n\n\n<div class=\"wp-block-cover alignfull is-light has-parallax has-small-font-size\" style=\"min-height:130px;aspect-ratio:unset;\"><div class=\"wp-block-cover__image-background wp-image-3915 has-parallax\" style=\"background-position:50% 50%;background-image:url(https:\/\/wonderhome.eu\/wp-content\/uploads\/2024\/11\/Header-statyczny-1920-x-1080-px-1920-x-1080-px-2.jpg)\"><\/div><span aria-hidden=\"true\" class=\"wp-block-cover__background has-background-dim-40 has-background-dim\" style=\"background-color:#b5a38f\"><\/span><div class=\"wp-block-cover__inner-container is-layout-constrained wp-block-cover-is-layout-constrained\">\n<p class=\"has-text-align-center has-white-color has-text-color has-link-color has-x-large-font-size wp-elements-e39e123ee203204ec81a5fb012e11dd4\"><strong>\u010cek\u00e1me na v\u00e1s!<\/strong><\/p>\n<\/div><\/div>","protected":false},"excerpt":{"rendered":"<p>Podr\u00f3\u017cujesz bez auta? Skorzystaj z bezp\u0142atnego transferu z dworca PKP Karpacz dla Go\u015bci Wonder Home Je\u015bli planujesz przyjazd do Karpacza poci\u0105giem, mamy dla Ciebie doskona\u0142e rozwi\u0105zanie \u2013 bezp\u0142atny transfer z PKP Karpacz dla Go\u015bci Wonder Home. Us\u0142uga jest dost\u0119pna dla os\u00f3b rezerwuj\u0105cych pobyt bezpo\u015brednio przez nasz\u0105 stron\u0119 internetow\u0105 lub przez Booking.com z wybran\u0105 opcj\u0105 transferu. [&hellip;]<\/p>\n","protected":false},"author":12,"featured_media":6569,"parent":0,"menu_order":0,"comment_status":"closed","ping_status":"closed","template":"","meta":{"_acf_changed":false,"footnotes":""},"class_list":["post-6566","page","type-page","status-publish","has-post-thumbnail","hentry"],"acf":[],"yoast_head":"<!-- This site is optimized with the Yoast SEO plugin v27.4 - https:\/\/yoast.com\/product\/yoast-seo-wordpress\/ -->\n<title>Bezp\u0142atny transfer z PKP Karpacz dla Go\u015bci Wonder Home<\/title>\n<meta name=\"description\" content=\"Zam\u00f3w bezp\u0142atny transfer z PKP Karpacz dla Go\u015bci Wonder Home do wybranych apartament\u00f3w. Sprawd\u017a, jak to dzia\u0142a i kto mo\u017ce skorzysta\u0107!\" \/>\n<meta name=\"robots\" content=\"index, follow, max-snippet:-1, max-image-preview:large, max-video-preview:-1\" \/>\n<link rel=\"canonical\" href=\"https:\/\/wonderhome.eu\/cz\/bezplatny-transfer-pkp-karpacz-wonder-home\/\" \/>\n<meta property=\"og:locale\" content=\"cs_CZ\" \/>\n<meta property=\"og:type\" content=\"article\" \/>\n<meta property=\"og:title\" content=\"Bezp\u0142atny transfer z PKP Karpacz dla Go\u015bci Wonder Home\" \/>\n<meta property=\"og:description\" content=\"Zam\u00f3w bezp\u0142atny transfer z PKP Karpacz dla Go\u015bci Wonder Home do wybranych apartament\u00f3w. Sprawd\u017a, jak to dzia\u0142a i kto mo\u017ce skorzysta\u0107!\" \/>\n<meta property=\"og:url\" content=\"https:\/\/wonderhome.eu\/cz\/bezplatny-transfer-pkp-karpacz-wonder-home\/\" \/>\n<meta property=\"og:site_name\" content=\"Wonder Home\" \/>\n<meta property=\"article:modified_time\" content=\"2025-10-17T11:49:25+00:00\" \/>\n<meta property=\"og:image\" content=\"https:\/\/wonderhome.eu\/wp-content\/uploads\/2025\/06\/Tapety-rozne-76.jpg\" \/>\n\t<meta property=\"og:image:width\" content=\"1920\" \/>\n\t<meta property=\"og:image:height\" content=\"1080\" \/>\n\t<meta property=\"og:image:type\" content=\"image\/jpeg\" \/>\n<meta name=\"twitter:card\" content=\"summary_large_image\" \/>\n<meta name=\"twitter:label1\" content=\"Odhadovan\u00e1 doba \u010dten\u00ed\" \/>\n\t<meta name=\"twitter:data1\" content=\"5 minut\" \/>\n<script type=\"application\/ld+json\" class=\"yoast-schema-graph\">{\"@context\":\"https:\\\/\\\/schema.org\",\"@graph\":[{\"@type\":\"WebPage\",\"@id\":\"https:\\\/\\\/wonderhome.eu\\\/bezplatny-transfer-pkp-karpacz-wonder-home\",\"url\":\"https:\\\/\\\/wonderhome.eu\\\/bezplatny-transfer-pkp-karpacz-wonder-home\",\"name\":\"Bezp\u0142atny transfer z PKP Karpacz dla Go\u015bci Wonder Home\",\"isPartOf\":{\"@id\":\"https:\\\/\\\/wonderhome.eu\\\/#website\"},\"primaryImageOfPage\":{\"@id\":\"https:\\\/\\\/wonderhome.eu\\\/bezplatny-transfer-pkp-karpacz-wonder-home#primaryimage\"},\"image\":{\"@id\":\"https:\\\/\\\/wonderhome.eu\\\/bezplatny-transfer-pkp-karpacz-wonder-home#primaryimage\"},\"thumbnailUrl\":\"https:\\\/\\\/wonderhome.eu\\\/wp-content\\\/uploads\\\/2025\\\/06\\\/Tapety-rozne-76.jpg\",\"datePublished\":\"2025-07-29T11:26:26+00:00\",\"dateModified\":\"2025-10-17T11:49:25+00:00\",\"description\":\"Zam\u00f3w bezp\u0142atny transfer z PKP Karpacz dla Go\u015bci Wonder Home do wybranych apartament\u00f3w. Sprawd\u017a, jak to dzia\u0142a i kto mo\u017ce skorzysta\u0107!\",\"inLanguage\":\"cs\",\"potentialAction\":[{\"@type\":\"ReadAction\",\"target\":[\"https:\\\/\\\/wonderhome.eu\\\/bezplatny-transfer-pkp-karpacz-wonder-home\"]}]},{\"@type\":\"ImageObject\",\"inLanguage\":\"cs\",\"@id\":\"https:\\\/\\\/wonderhome.eu\\\/bezplatny-transfer-pkp-karpacz-wonder-home#primaryimage\",\"url\":\"https:\\\/\\\/wonderhome.eu\\\/wp-content\\\/uploads\\\/2025\\\/06\\\/Tapety-rozne-76.jpg\",\"contentUrl\":\"https:\\\/\\\/wonderhome.eu\\\/wp-content\\\/uploads\\\/2025\\\/06\\\/Tapety-rozne-76.jpg\",\"width\":1920,\"height\":1080,\"caption\":\"bezp\u0142atny transfer z PKP Karpacz dla Go\u015bci Wonder Home\"},{\"@type\":\"WebSite\",\"@id\":\"https:\\\/\\\/wonderhome.eu\\\/#website\",\"url\":\"https:\\\/\\\/wonderhome.eu\\\/\",\"name\":\"Wonder Home\",\"description\":\"\",\"potentialAction\":[{\"@type\":\"SearchAction\",\"target\":{\"@type\":\"EntryPoint\",\"urlTemplate\":\"https:\\\/\\\/wonderhome.eu\\\/?s={search_term_string}\"},\"query-input\":{\"@type\":\"PropertyValueSpecification\",\"valueRequired\":true,\"valueName\":\"search_term_string\"}}],\"inLanguage\":\"cs\"}]}<\/script>\n<!-- \/ Yoast SEO plugin. -->","yoast_head_json":{"title":"Bezplatn\u00fd transfer z vlakov\u00e9ho n\u00e1dra\u017e\u00ed Karpacz pro hosty Wonder Home","description":"Zam\u00f3w bezp\u0142atny transfer z PKP Karpacz dla Go\u015bci Wonder Home do wybranych apartament\u00f3w. Sprawd\u017a, jak to dzia\u0142a i kto mo\u017ce skorzysta\u0107!","robots":{"index":"index","follow":"follow","max-snippet":"max-snippet:-1","max-image-preview":"max-image-preview:large","max-video-preview":"max-video-preview:-1"},"canonical":"https:\/\/wonderhome.eu\/cz\/bezplatny-transfer-pkp-karpacz-wonder-home\/","og_locale":"cs_CZ","og_type":"article","og_title":"Bezp\u0142atny transfer z PKP Karpacz dla Go\u015bci Wonder Home","og_description":"Zam\u00f3w bezp\u0142atny transfer z PKP Karpacz dla Go\u015bci Wonder Home do wybranych apartament\u00f3w. Sprawd\u017a, jak to dzia\u0142a i kto mo\u017ce skorzysta\u0107!","og_url":"https:\/\/wonderhome.eu\/cz\/bezplatny-transfer-pkp-karpacz-wonder-home\/","og_site_name":"Wonder Home","article_modified_time":"2025-10-17T11:49:25+00:00","og_image":[{"width":1920,"height":1080,"url":"https:\/\/wonderhome.eu\/wp-content\/uploads\/2025\/06\/Tapety-rozne-76.jpg","type":"image\/jpeg"}],"twitter_card":"summary_large_image","twitter_misc":{"Odhadovan\u00e1 doba \u010dten\u00ed":"5 minut"},"schema":{"@context":"https:\/\/schema.org","@graph":[{"@type":"WebPage","@id":"https:\/\/wonderhome.eu\/bezplatny-transfer-pkp-karpacz-wonder-home","url":"https:\/\/wonderhome.eu\/bezplatny-transfer-pkp-karpacz-wonder-home","name":"Bezplatn\u00fd transfer z vlakov\u00e9ho n\u00e1dra\u017e\u00ed Karpacz pro hosty Wonder Home","isPartOf":{"@id":"https:\/\/wonderhome.eu\/#website"},"primaryImageOfPage":{"@id":"https:\/\/wonderhome.eu\/bezplatny-transfer-pkp-karpacz-wonder-home#primaryimage"},"image":{"@id":"https:\/\/wonderhome.eu\/bezplatny-transfer-pkp-karpacz-wonder-home#primaryimage"},"thumbnailUrl":"https:\/\/wonderhome.eu\/wp-content\/uploads\/2025\/06\/Tapety-rozne-76.jpg","datePublished":"2025-07-29T11:26:26+00:00","dateModified":"2025-10-17T11:49:25+00:00","description":"Zam\u00f3w bezp\u0142atny transfer z PKP Karpacz dla Go\u015bci Wonder Home do wybranych apartament\u00f3w. Sprawd\u017a, jak to dzia\u0142a i kto mo\u017ce skorzysta\u0107!","inLanguage":"cs","potentialAction":[{"@type":"ReadAction","target":["https:\/\/wonderhome.eu\/bezplatny-transfer-pkp-karpacz-wonder-home"]}]},{"@type":"ImageObject","inLanguage":"cs","@id":"https:\/\/wonderhome.eu\/bezplatny-transfer-pkp-karpacz-wonder-home#primaryimage","url":"https:\/\/wonderhome.eu\/wp-content\/uploads\/2025\/06\/Tapety-rozne-76.jpg","contentUrl":"https:\/\/wonderhome.eu\/wp-content\/uploads\/2025\/06\/Tapety-rozne-76.jpg","width":1920,"height":1080,"caption":"bezp\u0142atny transfer z PKP Karpacz dla Go\u015bci Wonder Home"},{"@type":"WebSite","@id":"https:\/\/wonderhome.eu\/#website","url":"https:\/\/wonderhome.eu\/","name":"Wonder Home","description":"","potentialAction":[{"@type":"SearchAction","target":{"@type":"EntryPoint","urlTemplate":"https:\/\/wonderhome.eu\/?s={search_term_string}"},"query-input":{"@type":"PropertyValueSpecification","valueRequired":true,"valueName":"search_term_string"}}],"inLanguage":"cs"}]}},"_links":{"self":[{"href":"https:\/\/wonderhome.eu\/cz\/wp-json\/wp\/v2\/pages\/6566","targetHints":{"allow":["GET"]}}],"collection":[{"href":"https:\/\/wonderhome.eu\/cz\/wp-json\/wp\/v2\/pages"}],"about":[{"href":"https:\/\/wonderhome.eu\/cz\/wp-json\/wp\/v2\/types\/page"}],"author":[{"embeddable":true,"href":"https:\/\/wonderhome.eu\/cz\/wp-json\/wp\/v2\/users\/12"}],"replies":[{"embeddable":true,"href":"https:\/\/wonderhome.eu\/cz\/wp-json\/wp\/v2\/comments?post=6566"}],"version-history":[{"count":11,"href":"https:\/\/wonderhome.eu\/cz\/wp-json\/wp\/v2\/pages\/6566\/revisions"}],"predecessor-version":[{"id":7417,"href":"https:\/\/wonderhome.eu\/cz\/wp-json\/wp\/v2\/pages\/6566\/revisions\/7417"}],"wp:featuredmedia":[{"embeddable":true,"href":"https:\/\/wonderhome.eu\/cz\/wp-json\/wp\/v2\/media\/6569"}],"wp:attachment":[{"href":"https:\/\/wonderhome.eu\/cz\/wp-json\/wp\/v2\/media?parent=6566"}],"curies":[{"name":"wp","href":"https:\/\/api.w.org\/{rel}","templated":true}]}}