{"id":8044,"date":"2026-04-16T12:48:39","date_gmt":"2026-04-16T10:48:39","guid":{"rendered":"https:\/\/wonderhome.eu\/?page_id=8044"},"modified":"2026-04-17T08:22:12","modified_gmt":"2026-04-17T06:22:12","slug":"opinie-wonder-home-nagroda-pgca-2026","status":"publish","type":"page","link":"https:\/\/wonderhome.eu\/cz\/opinie-wonder-home-nagroda-pgca-2026","title":{"rendered":"Recenze Wonder Home - Cena PGCA 2026 v kategorii APARTM\u00c1NY"},"content":{"rendered":"<div style=\"height:40px\" aria-hidden=\"true\" class=\"wp-block-spacer\"><\/div>\n\n\n\n<div class=\"wp-block-columns is-layout-flex wp-container-core-columns-is-layout-9d6595d7 wp-block-columns-is-layout-flex\">\n<div class=\"wp-block-column is-layout-flow wp-block-column-is-layout-flow\" style=\"flex-basis:15%\"><\/div>\n\n\n\n<div class=\"wp-block-column is-layout-flow wp-block-column-is-layout-flow\" style=\"flex-basis:70%\">\n<h2 class=\"wp-block-heading has-text-align-center has-text-color has-link-color wp-elements-037c25ae92d9af52efaaf8c8e81cd8d1\" id=\"g\u00f3ra\" style=\"color:#292727fa;font-size:28px\"><strong>Wonder Home mezi v\u00edt\u011bzi cen Polish Guests&#039; Choice Awards \u2013 kategorie Aparthotel<\/strong>Druh\u00e9 m\u00edsto potvrzuje na\u0161i silnou pozici mezi nejl\u00e9pe hodnocen\u00fdmi nemovitostmi v Polsku!.<\/h2>\n\n\n\n<div style=\"height:36px\" aria-hidden=\"true\" class=\"wp-block-spacer\"><\/div>\n\n\n\n<div class=\"wp-block-columns is-layout-flex wp-container-core-columns-is-layout-9d6595d7 wp-block-columns-is-layout-flex\">\n<div class=\"wp-block-column is-layout-flow wp-block-column-is-layout-flow\" style=\"flex-basis:33%\"><\/div>\n\n\n\n<div class=\"wp-block-column is-layout-flow wp-block-column-is-layout-flow\" style=\"flex-basis:33%\">\n<h3 class=\"wp-block-heading has-text-align-center has-text-color has-link-color wp-elements-f492da4de65ff1e9f18620087dcee51a\" style=\"color:#196395\"><strong><a href=\"https:\/\/wonderhome.eu\/cz\/witaj-wonder-gosciu\/\" target=\"_blank\" rel=\"noreferrer noopener\">AHOJ <\/a><\/strong><br><strong><a href=\"https:\/\/wonderhome.eu\/cz\/witaj-wonder-gosciu\/\" target=\"_blank\" rel=\"noreferrer noopener\">Z\u00c1ZRA\u010cN\u00dd CHLAP<\/a><\/strong><\/h3>\n<\/div>\n\n\n\n<div class=\"wp-block-column is-layout-flow wp-block-column-is-layout-flow\" style=\"flex-basis:33%\"><\/div>\n<\/div>\n\n\n\n<div style=\"height:26px\" aria-hidden=\"true\" class=\"wp-block-spacer\"><\/div>\n\n\n\n<p class=\"has-text-align-center has-medium-font-size\">S pot\u011b\u0161en\u00edm oznamujeme, \u017ee v roce 2026 zv\u00edt\u011bzila spole\u010dnost Wonder Home. <strong>2. m\u00edsto v sout\u011b\u017ei Polish Guests&#039; Choice Awards<\/strong> v dynamicky se rozv\u00edjej\u00edc\u00ed kategorii <strong>APARTM\u00c1N<\/strong>. Toto jedine\u010dn\u00e9 ocen\u011bn\u00ed je ud\u011blov\u00e1no na z\u00e1klad\u011b autentick\u00fdch recenz\u00ed host\u016f a na\u0161e vysok\u00e9 hodnocen\u00ed a \u010detn\u00e9 pozitivn\u00ed recenze na TrustMate za rok 2025 potvrzuj\u00ed na\u0161e m\u00edsto mezi p\u0159edn\u00edmi v t\u00e9to kategorii.<\/p>\n\n\n\n<div style=\"height:26px\" aria-hidden=\"true\" class=\"wp-block-spacer\"><\/div>\n\n\n\n<p class=\"has-text-align-center has-medium-font-size\"><br><\/p>\n\n\n\n<div class=\"wp-block-columns is-layout-flex wp-container-core-columns-is-layout-9d6595d7 wp-block-columns-is-layout-flex\">\n<div class=\"wp-block-column is-layout-flow wp-block-column-is-layout-flow\"><div class=\"wp-block-image animated fadeIn\">\n<figure class=\"aligncenter size-full is-resized\"><img loading=\"lazy\" decoding=\"async\" width=\"500\" height=\"500\" src=\"https:\/\/wonderhome.eu\/wp-content\/uploads\/2025\/07\/24-min.jpg\" alt=\"\" class=\"wp-image-6698\" style=\"width:150px\" srcset=\"https:\/\/wonderhome.eu\/wp-content\/uploads\/2025\/07\/24-min.jpg 500w, https:\/\/wonderhome.eu\/wp-content\/uploads\/2025\/07\/24-min-300x300.jpg 300w, https:\/\/wonderhome.eu\/wp-content\/uploads\/2025\/07\/24-min-150x150.jpg 150w, https:\/\/wonderhome.eu\/wp-content\/uploads\/2025\/07\/24-min-12x12.jpg 12w\" sizes=\"auto, (max-width: 500px) 100vw, 500px\" \/><\/figure>\n<\/div>\n\n\n<h3 class=\"wp-block-heading has-text-align-center has-text-color has-link-color wp-elements-22ce0b0369d0a7ff5248b8f9ed53fb01\" style=\"color:#196395\"><strong><a href=\"https:\/\/wonderhome.eu\/cz\/lokalizacje\/\" target=\"_blank\" rel=\"noreferrer noopener\">NA\u0160E LOKALITY<\/a><\/strong><\/h3>\n<\/div>\n\n\n\n<div class=\"wp-block-column is-layout-flow wp-block-column-is-layout-flow\"><div class=\"wp-block-image animated fadeIn\">\n<figure class=\"aligncenter size-full is-resized\"><img loading=\"lazy\" decoding=\"async\" width=\"500\" height=\"500\" src=\"https:\/\/wonderhome.eu\/wp-content\/uploads\/2025\/07\/44-1.jpg\" alt=\"\" class=\"wp-image-6776\" style=\"width:150px\" srcset=\"https:\/\/wonderhome.eu\/wp-content\/uploads\/2025\/07\/44-1.jpg 500w, https:\/\/wonderhome.eu\/wp-content\/uploads\/2025\/07\/44-1-300x300.jpg 300w, https:\/\/wonderhome.eu\/wp-content\/uploads\/2025\/07\/44-1-150x150.jpg 150w, https:\/\/wonderhome.eu\/wp-content\/uploads\/2025\/07\/44-1-12x12.jpg 12w\" sizes=\"auto, (max-width: 500px) 100vw, 500px\" \/><\/figure>\n<\/div>\n\n\n<h3 class=\"wp-block-heading has-text-align-center has-text-color has-link-color wp-elements-5431be7fe86293c93d7ae069b3cd6120\" style=\"color:#196395\"><strong><a href=\"https:\/\/wonderhome.eu\/cz\/opinie\/\" target=\"_blank\" rel=\"noreferrer noopener\">N\u00c1ZORY HOST\u016e<\/a><\/strong><\/h3>\n<\/div>\n\n\n\n<div class=\"wp-block-column is-layout-flow wp-block-column-is-layout-flow\"><div class=\"wp-block-image animated fadeIn\">\n<figure class=\"aligncenter size-full is-resized\"><img loading=\"lazy\" decoding=\"async\" width=\"500\" height=\"500\" src=\"https:\/\/wonderhome.eu\/wp-content\/uploads\/2025\/07\/9-min.jpg\" alt=\"\" class=\"wp-image-6719\" style=\"width:150px\" srcset=\"https:\/\/wonderhome.eu\/wp-content\/uploads\/2025\/07\/9-min.jpg 500w, https:\/\/wonderhome.eu\/wp-content\/uploads\/2025\/07\/9-min-300x300.jpg 300w, https:\/\/wonderhome.eu\/wp-content\/uploads\/2025\/07\/9-min-150x150.jpg 150w, https:\/\/wonderhome.eu\/wp-content\/uploads\/2025\/07\/9-min-12x12.jpg 12w\" sizes=\"auto, (max-width: 500px) 100vw, 500px\" \/><\/figure>\n<\/div>\n\n\n<h3 class=\"wp-block-heading has-text-align-center has-text-color has-link-color wp-elements-52240164729920a9fa1671218954c83f\" style=\"color:#196395\"><strong><a href=\"https:\/\/wonderhome.eu\/cz\/rzecznik-praw-goscia\/\" target=\"_blank\" rel=\"noreferrer noopener\">HOSTUJ\u00cdC\u00cd OMBUDSMAN<\/a><\/strong><\/h3>\n<\/div>\n\n\n\n<div class=\"wp-block-column is-layout-flow wp-block-column-is-layout-flow\"><div class=\"wp-block-image animated fadeIn\">\n<figure class=\"aligncenter size-full is-resized\"><img loading=\"lazy\" decoding=\"async\" width=\"500\" height=\"500\" src=\"https:\/\/wonderhome.eu\/wp-content\/uploads\/2025\/07\/46-min.jpg\" alt=\"\" class=\"wp-image-6687\" style=\"width:150px\" srcset=\"https:\/\/wonderhome.eu\/wp-content\/uploads\/2025\/07\/46-min.jpg 500w, https:\/\/wonderhome.eu\/wp-content\/uploads\/2025\/07\/46-min-300x300.jpg 300w, https:\/\/wonderhome.eu\/wp-content\/uploads\/2025\/07\/46-min-150x150.jpg 150w, https:\/\/wonderhome.eu\/wp-content\/uploads\/2025\/07\/46-min-12x12.jpg 12w\" sizes=\"auto, (max-width: 500px) 100vw, 500px\" \/><\/figure>\n<\/div>\n\n\n<h3 class=\"wp-block-heading has-text-align-center has-text-color has-link-color wp-elements-aae98a500f41e42856de7b844aa29a00\" style=\"color:#196395\"><strong><a href=\"https:\/\/wonderhome.eu\/cz\/wonder-klub\/\" target=\"_blank\" rel=\"noreferrer noopener\">WONDER CLUB<\/a><\/strong><\/h3>\n<\/div>\n<\/div>\n\n\n\n<div style=\"height:49px\" aria-hidden=\"true\" class=\"wp-block-spacer\"><\/div>\n\n\n\n<div class=\"wp-block-media-text is-stacked-on-mobile\"><figure class=\"wp-block-media-text__media\"><img loading=\"lazy\" decoding=\"async\" width=\"940\" height=\"788\" src=\"https:\/\/wonderhome.eu\/wp-content\/uploads\/2026\/04\/APARTAMENTY-FB-5-1.jpg\" alt=\"\" class=\"wp-image-8054 size-full\" srcset=\"https:\/\/wonderhome.eu\/wp-content\/uploads\/2026\/04\/APARTAMENTY-FB-5-1.jpg 940w, https:\/\/wonderhome.eu\/wp-content\/uploads\/2026\/04\/APARTAMENTY-FB-5-1-300x251.jpg 300w, https:\/\/wonderhome.eu\/wp-content\/uploads\/2026\/04\/APARTAMENTY-FB-5-1-768x644.jpg 768w, https:\/\/wonderhome.eu\/wp-content\/uploads\/2026\/04\/APARTAMENTY-FB-5-1-14x12.jpg 14w\" sizes=\"auto, (max-width: 940px) 100vw, 940px\" \/><\/figure><div class=\"wp-block-media-text__content\">\n<h2 class=\"wp-block-heading has-text-align-center\" style=\"font-size:24px\"><strong><strong><strong><span style=\"color: #d7a97d;\">N\u00e1zory na Wonder Home<\/span><\/strong> \u2013 Cena PGCA 2026 a l\u00eddr kategorie Aparthotel<\/strong><\/strong><\/h2>\n\n\n\n<p>P\u0159i pl\u00e1nov\u00e1n\u00ed cesty se st\u00e1le v\u00edce spol\u00e9h\u00e1me na n\u00e1zory ostatn\u00edch \u2013 zejm\u00e9na na ty dostupn\u00e9 online. Pr\u00e1v\u011b recenze hotelu Wonder Home n\u00e1m vynesly ocen\u011bn\u00ed v kategorii Aparthotel na Polish Guests&#039; Choice Awards 2026!<\/p>\n\n\n\n<p>Toto ocen\u011bn\u00ed je zalo\u017eeno na ov\u011b\u0159en\u00fdch recenz\u00edch, kter\u00e9 p\u0159esn\u011b odr\u00e1\u017eej\u00ed kvalitu va\u0161eho pobytu a standardy, kter\u00e9 denn\u011b poskytujeme.<\/p>\n\n\n\n<h4 class=\"wp-block-heading\"><strong>To je d\u016fkazem toho, \u017ee neust\u00e1l\u00e1 pozornost k detail\u016fm, pohodl\u00ed host\u016f a vysok\u00e1 \u00farove\u0148 slu\u017eeb se prom\u00edtaj\u00ed do skute\u010dn\u00fdch v\u00fdsledk\u016f.<\/strong><\/h4>\n<\/div><\/div>\n\n\n\n<div style=\"height:56px\" aria-hidden=\"true\" class=\"wp-block-spacer\"><\/div>\n\n\n\n<div class=\"wp-block-media-text has-media-on-the-right is-stacked-on-mobile\"><div class=\"wp-block-media-text__content\">\n<h2 class=\"wp-block-heading has-text-align-center\" style=\"font-size:24px\"><strong><strong>Presti\u017en\u00ed galave\u010der PGCA<\/strong>cena<\/strong> <strong><span style=\"color: #d7a97d;\">v aparthotelov\u00e9m pr\u016fmyslu<\/span><\/strong><\/h2>\n\n\n\n<p>Z\u00edsk\u00e1n\u00ed druh\u00e9ho m\u00edsta v kategorii Aparthotel nen\u00ed jen zdrojem hrdosti, ale tak\u00e9 zn\u00e1mkou toho, \u017ee se rozv\u00edj\u00edme v jednom z nejn\u00e1ro\u010dn\u011bj\u0161\u00edch segment\u016f trhu. Kategorie Aparthotel vy\u017eaduje kombinaci nez\u00e1visl\u00e9ho pobytu s vysok\u00fdm standardem slu\u017eeb pro hosty.<\/p>\n\n\n\n<p>Pr\u00e1v\u011b tato flexibilita p\u0159edstavuje nejv\u011bt\u0161\u00ed v\u00fdzvu: Host\u00e9 o\u010dek\u00e1vaj\u00ed \u00fatulnou atmosf\u00e9ru, ale z\u00e1rove\u0148 profesionalitu na \u00farovni hotelu \u2013 a to na mnoha, \u010dasto rozpt\u00fdlen\u00fdch, m\u00edstech.<\/p>\n\n\n\n<p><strong>Mezi nominovan\u00fdmi v kategorii APARTHOTEL byli:<\/strong><\/p>\n\n\n\n<ul class=\"wp-block-list\">\n<li>Baltic Home \u015awinouj\u015bcie<\/li>\n\n\n\n<li>Wonder Home Apartments<\/li>\n\n\n\n<li>Baltic Home Mi\u0119dzyzdroje<\/li>\n<\/ul>\n\n\n\n<h4 class=\"wp-block-heading\"><strong>\u017deb\u0159\u00ed\u010dek byl sestaven na z\u00e1klad\u011b dat TrustMate, kter\u00e1 mimo jin\u00e9 analyzuje kvalitu recenz\u00ed, pr\u016fm\u011brn\u00e9 hodnocen\u00ed a komunikaci s hosty v ka\u017ed\u00e9 f\u00e1zi pobytu \u2013 od rezervace a\u017e po odhl\u00e1\u0161en\u00ed.<\/strong><\/h4>\n<\/div><figure class=\"wp-block-media-text__media\"><img loading=\"lazy\" decoding=\"async\" width=\"1024\" height=\"694\" src=\"https:\/\/wonderhome.eu\/wp-content\/uploads\/2026\/04\/Wallpaper-7-1-1-1024x694.jpg\" alt=\"\" class=\"wp-image-8072 size-full\" srcset=\"https:\/\/wonderhome.eu\/wp-content\/uploads\/2026\/04\/Wallpaper-7-1-1-1024x694.jpg 1024w, https:\/\/wonderhome.eu\/wp-content\/uploads\/2026\/04\/Wallpaper-7-1-1-300x203.jpg 300w, https:\/\/wonderhome.eu\/wp-content\/uploads\/2026\/04\/Wallpaper-7-1-1-768x521.jpg 768w, https:\/\/wonderhome.eu\/wp-content\/uploads\/2026\/04\/Wallpaper-7-1-1-18x12.jpg 18w, https:\/\/wonderhome.eu\/wp-content\/uploads\/2026\/04\/Wallpaper-7-1-1.jpg 1155w\" sizes=\"auto, (max-width: 1024px) 100vw, 1024px\" \/><\/figure><\/div>\n\n\n\n<div style=\"height:56px\" aria-hidden=\"true\" class=\"wp-block-spacer\"><\/div>\n\n\n\n<div class=\"wp-block-media-text is-stacked-on-mobile\"><figure class=\"wp-block-media-text__media\"><img loading=\"lazy\" decoding=\"async\" width=\"1024\" height=\"677\" src=\"https:\/\/wonderhome.eu\/wp-content\/uploads\/2025\/04\/Tapety-rozne-36-min-1024x677.jpg\" alt=\"Wonder Home TOP noclegi Karpacz\" class=\"wp-image-6217 size-full\" srcset=\"https:\/\/wonderhome.eu\/wp-content\/uploads\/2025\/04\/Tapety-rozne-36-min-1024x677.jpg 1024w, https:\/\/wonderhome.eu\/wp-content\/uploads\/2025\/04\/Tapety-rozne-36-min-300x198.jpg 300w, https:\/\/wonderhome.eu\/wp-content\/uploads\/2025\/04\/Tapety-rozne-36-min-768x508.jpg 768w, https:\/\/wonderhome.eu\/wp-content\/uploads\/2025\/04\/Tapety-rozne-36-min-18x12.jpg 18w, https:\/\/wonderhome.eu\/wp-content\/uploads\/2025\/04\/Tapety-rozne-36-min.jpg 1251w\" sizes=\"auto, (max-width: 1024px) 100vw, 1024px\" \/><\/figure><div class=\"wp-block-media-text__content\">\n<h2 class=\"wp-block-heading has-text-align-center\" style=\"font-size:24px\"><strong><strong>&nbsp;<strong><strong>Pro\u010d si host\u00e9 vyb\u00edraj\u00ed <\/strong><\/strong><span style=\"color: #d7a97d;\">Wonder Home?<\/span><\/strong><\/strong><\/h2>\n\n\n\n<p>Spr\u00e1va kr\u00e1tkodob\u00fdch pron\u00e1jm\u016f je v\u00edc ne\u017e jen poskytov\u00e1n\u00ed bytu \u2013 jde o ka\u017edodenn\u00ed pr\u00e1ci na zaji\u0161t\u011bn\u00ed pozitivn\u00ed zku\u0161enosti host\u016f. <\/p>\n\n\n\n<p><strong>\u010c\u00edm se odli\u0161ujeme na trhu s aparthotely?<\/strong><\/p>\n\n\n\n<p>\u2714 Konzistentn\u00ed standard nap\u0159\u00ed\u010d r\u016fzn\u00fdmi lokalitami \u2013 zaji\u0161\u0165ujeme nejvy\u0161\u0161\u00ed kvalitu pobytu<br>\u2714 Vynikaj\u00edc\u00ed komunikace \u2013 rychl\u00e1 reakce na pot\u0159eby host\u016f v ka\u017ed\u00e9 f\u00e1zi<br>\u2714 D\u016fv\u011bra potvrzena n\u00e1zory \u2013 stovky pozitivn\u00edch recenz\u00ed na TrustMate<br>\u2714 Pohodl\u00ed a nez\u00e1vislost \u2013 <br>pln\u011b vybaven\u00e9, stylov\u00e9 apartm\u00e1ny<\/p>\n\n\n\n<h4 class=\"wp-block-heading\"><strong>Pr\u00e1v\u011b tyto prvky nut\u00ed hosty k n\u00e1vratu a doporu\u010duj\u00ed Wonder Home jako osv\u011bd\u010den\u00e9 m\u00edsto k relaxaci.<\/strong><\/h4>\n\n\n\n<div style=\"height:29px\" aria-hidden=\"true\" class=\"wp-block-spacer\"><\/div>\n<\/div><\/div>\n\n\n\n<div style=\"height:56px\" aria-hidden=\"true\" class=\"wp-block-spacer\"><\/div>\n\n\n\n<div class=\"wp-block-media-text has-media-on-the-right is-stacked-on-mobile\"><div class=\"wp-block-media-text__content\">\n<h2 class=\"wp-block-heading has-text-align-center\" style=\"font-size:24px\"><strong>P\u0159ipojte se ke skupin\u011b <span style=\"color: #d7a97d;\">spokojen\u00ed host\u00e9<\/span><\/strong><\/h2>\n\n\n\n<p>N\u00e1zory na\u0161ich host\u016f jsou na\u0161\u00ed nejv\u011bt\u0161\u00ed cennost\u00ed \u2013 umo\u017e\u0148uj\u00ed n\u00e1m se rozv\u00edjet a z\u00edsk\u00e1vat dal\u0161\u00ed ocen\u011bn\u00ed. <strong>Ocen\u011bn\u00ed v kategorii Aparthotel potvrzuje, \u017ee zvolen\u00fd sm\u011br m\u00e1 skute\u010dn\u00fd dopad na kvalitu z\u00e1\u017eitk\u016f na\u0161ich host\u016f.<\/strong><\/p>\n\n\n\n<p>Pl\u00e1nujete v\u00fdlet do hor? Vyberte si Wonder Home a zjist\u011bte, pro\u010d si z\u00edsk\u00e1v\u00e1me uzn\u00e1n\u00ed od host\u016f i z oboru. Zkontrolujte si dostupnost a rezervujte si pobyt hned te\u010f.<\/p>\n\n\n\n<div style=\"height:29px\" aria-hidden=\"true\" class=\"wp-block-spacer\"><\/div>\n\n\n\n<div class=\"wp-block-buttons is-content-justification-center is-layout-flex wp-container-core-buttons-is-layout-16018d1d wp-block-buttons-is-layout-flex\">\n<div class=\"wp-block-button\"><a class=\"wp-block-button__link has-background has-text-align-center wp-element-button\" href=\"https:\/\/wonderhome.eu\/cz\/apartamenty\/apartamenty-karpacz\/\" style=\"background-color:#d7a97d\" target=\"_blank\" rel=\"noreferrer noopener\"><strong>REZERVUJTE HNED!<\/strong><\/a><\/div>\n<\/div>\n\n\n\n<div style=\"height:29px\" aria-hidden=\"true\" class=\"wp-block-spacer\"><\/div>\n\n\n\n<div style=\"height:29px\" aria-hidden=\"true\" class=\"wp-block-spacer\"><\/div>\n<\/div><figure class=\"wp-block-media-text__media\"><img loading=\"lazy\" decoding=\"async\" width=\"1024\" height=\"701\" src=\"https:\/\/wonderhome.eu\/wp-content\/uploads\/2026\/04\/Wallpaper-8-1-1024x701.jpg\" alt=\"\" class=\"wp-image-8075 size-full\" srcset=\"https:\/\/wonderhome.eu\/wp-content\/uploads\/2026\/04\/Wallpaper-8-1-1024x701.jpg 1024w, https:\/\/wonderhome.eu\/wp-content\/uploads\/2026\/04\/Wallpaper-8-1-300x205.jpg 300w, https:\/\/wonderhome.eu\/wp-content\/uploads\/2026\/04\/Wallpaper-8-1-768x526.jpg 768w, https:\/\/wonderhome.eu\/wp-content\/uploads\/2026\/04\/Wallpaper-8-1-18x12.jpg 18w, https:\/\/wonderhome.eu\/wp-content\/uploads\/2026\/04\/Wallpaper-8-1.jpg 1094w\" sizes=\"auto, (max-width: 1024px) 100vw, 1024px\" \/><\/figure><\/div>\n\n\n\n<div style=\"height:39px\" aria-hidden=\"true\" class=\"wp-block-spacer\"><\/div>\n\n\n\n<div class=\"wp-block-buttons is-content-justification-center is-layout-flex wp-container-core-buttons-is-layout-16018d1d wp-block-buttons-is-layout-flex\">\n<div class=\"wp-block-button\"><a class=\"wp-block-button__link has-background has-text-align-center wp-element-button\" href=\"#g\u00f3ra\" style=\"background-color:#d7a97d\"><strong>N\u00e1vrat<\/strong><\/a><\/div>\n<\/div>\n<\/div>\n\n\n\n<div class=\"wp-block-column is-layout-flow wp-block-column-is-layout-flow\" style=\"flex-basis:15%\"><\/div>\n<\/div>\n\n\n\n<p><\/p>\n\n\n\n<div style=\"height:49px\" aria-hidden=\"true\" class=\"wp-block-spacer\"><\/div>\n\n\n\n<div class=\"wp-block-cover alignfull is-light has-parallax has-small-font-size\" style=\"min-height:130px;aspect-ratio:unset;\"><div class=\"wp-block-cover__image-background wp-image-3915 has-parallax\" style=\"background-position:50% 50%;background-image:url(https:\/\/wonderhome.eu\/wp-content\/uploads\/2024\/11\/Header-statyczny-1920-x-1080-px-1920-x-1080-px-2.jpg)\"><\/div><span aria-hidden=\"true\" class=\"wp-block-cover__background has-background-dim-40 has-background-dim\" style=\"background-color:#b5a38f\"><\/span><div class=\"wp-block-cover__inner-container is-layout-constrained wp-block-cover-is-layout-constrained\">\n<p class=\"has-text-align-center has-white-color has-text-color has-link-color has-x-large-font-size wp-elements-0797328e65aada07a78baf9bbb0b7014\"><strong>D\u011bkujeme na\u0161im host\u016fm!<\/strong><\/p>\n<\/div><\/div>","protected":false},"excerpt":{"rendered":"<p>Wonder Home w gronie laureat\u00f3w Polish Guests\u2019 Choice Awards - kategoria Aparthotel! Drugie miejsce potwierdza nasz\u0105 siln\u0105 pozycj\u0119 w\u015br\u00f3d najlepiej ocenianych obiekt\u00f3w w Polsce. WITAJ WONDER GO\u015aCIU Z ogromn\u0105 rado\u015bci\u0105 informujemy, \u017ce w 2026 roku Wonder Home zdoby\u0142o 2. miejsce w Polish Guests\u2019 Choice Awards w dynamicznie rozwijaj\u0105cej si\u0119 kategorii APARTHOTEL. To wyj\u0105tkowe wyr\u00f3\u017cnienie przyznawane [&hellip;]<\/p>\n","protected":false},"author":12,"featured_media":8071,"parent":0,"menu_order":0,"comment_status":"closed","ping_status":"closed","template":"","meta":{"_acf_changed":false,"footnotes":""},"class_list":["post-8044","page","type-page","status-publish","has-post-thumbnail","hentry"],"acf":[],"yoast_head":"<!-- This site is optimized with the Yoast SEO plugin v27.4 - https:\/\/yoast.com\/product\/yoast-seo-wordpress\/ -->\n<title>Opinie o Wonder Home \u2013 Nagroda PGCA 2026 | Aparthotel<\/title>\n<meta name=\"description\" content=\"Opinie o Wonder Home potwierdzaj\u0105 jako\u015b\u0107 naszych nocleg\u00f3w w Karpaczu \u2013 zdobyli\u015bmy 2 miejsce w PGCA 2026 dzi\u0119ki naszym Go\u015bciom!\" \/>\n<meta name=\"robots\" content=\"index, follow, max-snippet:-1, max-image-preview:large, max-video-preview:-1\" \/>\n<link rel=\"canonical\" href=\"https:\/\/wonderhome.eu\/cz\/opinie-wonder-home-nagroda-pgca-2026\/\" \/>\n<meta property=\"og:locale\" content=\"cs_CZ\" \/>\n<meta property=\"og:type\" content=\"article\" \/>\n<meta property=\"og:title\" content=\"Opinie o Wonder Home \u2013 Nagroda PGCA 2026 | Aparthotel\" \/>\n<meta property=\"og:description\" content=\"Opinie o Wonder Home potwierdzaj\u0105 jako\u015b\u0107 naszych nocleg\u00f3w w Karpaczu \u2013 zdobyli\u015bmy 2 miejsce w PGCA 2026 dzi\u0119ki naszym Go\u015bciom!\" \/>\n<meta property=\"og:url\" content=\"https:\/\/wonderhome.eu\/cz\/opinie-wonder-home-nagroda-pgca-2026\/\" \/>\n<meta property=\"og:site_name\" content=\"Wonder Home\" \/>\n<meta property=\"article:modified_time\" content=\"2026-04-17T06:22:12+00:00\" \/>\n<meta property=\"og:image\" content=\"https:\/\/wonderhome.eu\/wp-content\/uploads\/2026\/04\/Wallpaper-6-1.jpg\" \/>\n\t<meta property=\"og:image:width\" content=\"1920\" \/>\n\t<meta property=\"og:image:height\" content=\"1080\" \/>\n\t<meta property=\"og:image:type\" content=\"image\/jpeg\" \/>\n<meta name=\"twitter:card\" content=\"summary_large_image\" \/>\n<meta name=\"twitter:label1\" content=\"Odhadovan\u00e1 doba \u010dten\u00ed\" \/>\n\t<meta name=\"twitter:data1\" content=\"6 minut\" \/>\n<script type=\"application\/ld+json\" class=\"yoast-schema-graph\">{\"@context\":\"https:\\\/\\\/schema.org\",\"@graph\":[{\"@type\":\"WebPage\",\"@id\":\"https:\\\/\\\/wonderhome.eu\\\/opinie-wonder-home-nagroda-pgca-2026\",\"url\":\"https:\\\/\\\/wonderhome.eu\\\/opinie-wonder-home-nagroda-pgca-2026\",\"name\":\"Opinie o Wonder Home \u2013 Nagroda PGCA 2026 | Aparthotel\",\"isPartOf\":{\"@id\":\"https:\\\/\\\/wonderhome.eu\\\/#website\"},\"primaryImageOfPage\":{\"@id\":\"https:\\\/\\\/wonderhome.eu\\\/opinie-wonder-home-nagroda-pgca-2026#primaryimage\"},\"image\":{\"@id\":\"https:\\\/\\\/wonderhome.eu\\\/opinie-wonder-home-nagroda-pgca-2026#primaryimage\"},\"thumbnailUrl\":\"https:\\\/\\\/wonderhome.eu\\\/wp-content\\\/uploads\\\/2026\\\/04\\\/Wallpaper-6-1.jpg\",\"datePublished\":\"2026-04-16T10:48:39+00:00\",\"dateModified\":\"2026-04-17T06:22:12+00:00\",\"description\":\"Opinie o Wonder Home potwierdzaj\u0105 jako\u015b\u0107 naszych nocleg\u00f3w w Karpaczu \u2013 zdobyli\u015bmy 2 miejsce w PGCA 2026 dzi\u0119ki naszym Go\u015bciom!\",\"inLanguage\":\"cs\",\"potentialAction\":[{\"@type\":\"ReadAction\",\"target\":[\"https:\\\/\\\/wonderhome.eu\\\/opinie-wonder-home-nagroda-pgca-2026\"]}]},{\"@type\":\"ImageObject\",\"inLanguage\":\"cs\",\"@id\":\"https:\\\/\\\/wonderhome.eu\\\/opinie-wonder-home-nagroda-pgca-2026#primaryimage\",\"url\":\"https:\\\/\\\/wonderhome.eu\\\/wp-content\\\/uploads\\\/2026\\\/04\\\/Wallpaper-6-1.jpg\",\"contentUrl\":\"https:\\\/\\\/wonderhome.eu\\\/wp-content\\\/uploads\\\/2026\\\/04\\\/Wallpaper-6-1.jpg\",\"width\":1920,\"height\":1080},{\"@type\":\"WebSite\",\"@id\":\"https:\\\/\\\/wonderhome.eu\\\/#website\",\"url\":\"https:\\\/\\\/wonderhome.eu\\\/\",\"name\":\"Wonder Home\",\"description\":\"\",\"potentialAction\":[{\"@type\":\"SearchAction\",\"target\":{\"@type\":\"EntryPoint\",\"urlTemplate\":\"https:\\\/\\\/wonderhome.eu\\\/?s={search_term_string}\"},\"query-input\":{\"@type\":\"PropertyValueSpecification\",\"valueRequired\":true,\"valueName\":\"search_term_string\"}}],\"inLanguage\":\"cs\"}]}<\/script>\n<!-- \/ Yoast SEO plugin. -->","yoast_head_json":{"title":"Opinie o Wonder Home \u2013 Nagroda PGCA 2026 | Aparthotel","description":"Opinie o Wonder Home potwierdzaj\u0105 jako\u015b\u0107 naszych nocleg\u00f3w w Karpaczu \u2013 zdobyli\u015bmy 2 miejsce w PGCA 2026 dzi\u0119ki naszym Go\u015bciom!","robots":{"index":"index","follow":"follow","max-snippet":"max-snippet:-1","max-image-preview":"max-image-preview:large","max-video-preview":"max-video-preview:-1"},"canonical":"https:\/\/wonderhome.eu\/cz\/opinie-wonder-home-nagroda-pgca-2026\/","og_locale":"cs_CZ","og_type":"article","og_title":"Opinie o Wonder Home \u2013 Nagroda PGCA 2026 | Aparthotel","og_description":"Opinie o Wonder Home potwierdzaj\u0105 jako\u015b\u0107 naszych nocleg\u00f3w w Karpaczu \u2013 zdobyli\u015bmy 2 miejsce w PGCA 2026 dzi\u0119ki naszym Go\u015bciom!","og_url":"https:\/\/wonderhome.eu\/cz\/opinie-wonder-home-nagroda-pgca-2026\/","og_site_name":"Wonder Home","article_modified_time":"2026-04-17T06:22:12+00:00","og_image":[{"width":1920,"height":1080,"url":"https:\/\/wonderhome.eu\/wp-content\/uploads\/2026\/04\/Wallpaper-6-1.jpg","type":"image\/jpeg"}],"twitter_card":"summary_large_image","twitter_misc":{"Odhadovan\u00e1 doba \u010dten\u00ed":"6 minut"},"schema":{"@context":"https:\/\/schema.org","@graph":[{"@type":"WebPage","@id":"https:\/\/wonderhome.eu\/opinie-wonder-home-nagroda-pgca-2026","url":"https:\/\/wonderhome.eu\/opinie-wonder-home-nagroda-pgca-2026","name":"Opinie o Wonder Home \u2013 Nagroda PGCA 2026 | Aparthotel","isPartOf":{"@id":"https:\/\/wonderhome.eu\/#website"},"primaryImageOfPage":{"@id":"https:\/\/wonderhome.eu\/opinie-wonder-home-nagroda-pgca-2026#primaryimage"},"image":{"@id":"https:\/\/wonderhome.eu\/opinie-wonder-home-nagroda-pgca-2026#primaryimage"},"thumbnailUrl":"https:\/\/wonderhome.eu\/wp-content\/uploads\/2026\/04\/Wallpaper-6-1.jpg","datePublished":"2026-04-16T10:48:39+00:00","dateModified":"2026-04-17T06:22:12+00:00","description":"Opinie o Wonder Home potwierdzaj\u0105 jako\u015b\u0107 naszych nocleg\u00f3w w Karpaczu \u2013 zdobyli\u015bmy 2 miejsce w PGCA 2026 dzi\u0119ki naszym Go\u015bciom!","inLanguage":"cs","potentialAction":[{"@type":"ReadAction","target":["https:\/\/wonderhome.eu\/opinie-wonder-home-nagroda-pgca-2026"]}]},{"@type":"ImageObject","inLanguage":"cs","@id":"https:\/\/wonderhome.eu\/opinie-wonder-home-nagroda-pgca-2026#primaryimage","url":"https:\/\/wonderhome.eu\/wp-content\/uploads\/2026\/04\/Wallpaper-6-1.jpg","contentUrl":"https:\/\/wonderhome.eu\/wp-content\/uploads\/2026\/04\/Wallpaper-6-1.jpg","width":1920,"height":1080},{"@type":"WebSite","@id":"https:\/\/wonderhome.eu\/#website","url":"https:\/\/wonderhome.eu\/","name":"Wonder Home","description":"","potentialAction":[{"@type":"SearchAction","target":{"@type":"EntryPoint","urlTemplate":"https:\/\/wonderhome.eu\/?s={search_term_string}"},"query-input":{"@type":"PropertyValueSpecification","valueRequired":true,"valueName":"search_term_string"}}],"inLanguage":"cs"}]}},"_links":{"self":[{"href":"https:\/\/wonderhome.eu\/cz\/wp-json\/wp\/v2\/pages\/8044","targetHints":{"allow":["GET"]}}],"collection":[{"href":"https:\/\/wonderhome.eu\/cz\/wp-json\/wp\/v2\/pages"}],"about":[{"href":"https:\/\/wonderhome.eu\/cz\/wp-json\/wp\/v2\/types\/page"}],"author":[{"embeddable":true,"href":"https:\/\/wonderhome.eu\/cz\/wp-json\/wp\/v2\/users\/12"}],"replies":[{"embeddable":true,"href":"https:\/\/wonderhome.eu\/cz\/wp-json\/wp\/v2\/comments?post=8044"}],"version-history":[{"count":28,"href":"https:\/\/wonderhome.eu\/cz\/wp-json\/wp\/v2\/pages\/8044\/revisions"}],"predecessor-version":[{"id":8140,"href":"https:\/\/wonderhome.eu\/cz\/wp-json\/wp\/v2\/pages\/8044\/revisions\/8140"}],"wp:featuredmedia":[{"embeddable":true,"href":"https:\/\/wonderhome.eu\/cz\/wp-json\/wp\/v2\/media\/8071"}],"wp:attachment":[{"href":"https:\/\/wonderhome.eu\/cz\/wp-json\/wp\/v2\/media?parent=8044"}],"curies":[{"name":"wp","href":"https:\/\/api.w.org\/{rel}","templated":true}]}}