{"id":817,"date":"2022-09-19T14:57:48","date_gmt":"2022-09-19T12:57:48","guid":{"rendered":"https:\/\/wonderhome.eu\/?page_id=817"},"modified":"2022-12-15T11:00:18","modified_gmt":"2022-12-15T10:00:18","slug":"szlaki-turystyczne","status":"publish","type":"page","link":"https:\/\/wonderhome.eu\/cz\/szlaki-turystyczne","title":{"rendered":"Turistick\u00e9 stezky"},"content":{"rendered":"","protected":false},"excerpt":{"rendered":"","protected":false},"author":3,"featured_media":805,"parent":0,"menu_order":11,"comment_status":"closed","ping_status":"closed","template":"","meta":{"_acf_changed":false,"footnotes":""},"class_list":["post-817","page","type-page","status-publish","has-post-thumbnail","hentry"],"acf":[],"yoast_head":"<!-- This site is optimized with the Yoast SEO plugin v27.4 - https:\/\/yoast.com\/product\/yoast-seo-wordpress\/ -->\n<title>Szlaki turystyczne Karpacz | Apartamenty w Karpaczu | Apartamenty Wonder Home<\/title>\n<meta name=\"description\" content=\"Zobacz najpopularniejsze szlaki w Karpaczu. Sprawd\u017a ich d\u0142ugo\u015b\u0107 i czas przej\u015bcia. Wybierz najlepszy szlak na \u015anie\u017ck\u0119 lub w inne zak\u0105tki Karkonoszy.\" \/>\n<meta name=\"robots\" content=\"index, follow, max-snippet:-1, max-image-preview:large, max-video-preview:-1\" \/>\n<link rel=\"canonical\" href=\"https:\/\/wonderhome.eu\/cz\/szlaki-turystyczne\/\" \/>\n<meta property=\"og:locale\" content=\"cs_CZ\" \/>\n<meta property=\"og:type\" content=\"article\" \/>\n<meta property=\"og:title\" content=\"Szlaki turystyczne Karpacz | Apartamenty w Karpaczu | Apartamenty Wonder Home\" \/>\n<meta property=\"og:description\" content=\"Zobacz najpopularniejsze szlaki w Karpaczu. Sprawd\u017a ich d\u0142ugo\u015b\u0107 i czas przej\u015bcia. Wybierz najlepszy szlak na \u015anie\u017ck\u0119 lub w inne zak\u0105tki Karkonoszy.\" \/>\n<meta property=\"og:url\" content=\"https:\/\/wonderhome.eu\/cz\/szlaki-turystyczne\/\" \/>\n<meta property=\"og:site_name\" content=\"Wonder Home\" \/>\n<meta property=\"article:modified_time\" content=\"2022-12-15T10:00:18+00:00\" \/>\n<meta property=\"og:image\" content=\"https:\/\/wonderhome.eu\/wp-content\/uploads\/2022\/09\/44.jpg\" \/>\n\t<meta property=\"og:image:width\" content=\"1920\" \/>\n\t<meta property=\"og:image:height\" content=\"700\" \/>\n\t<meta property=\"og:image:type\" content=\"image\/jpeg\" \/>\n<meta name=\"twitter:card\" content=\"summary_large_image\" \/>\n<script type=\"application\/ld+json\" class=\"yoast-schema-graph\">{\"@context\":\"https:\\\/\\\/schema.org\",\"@graph\":[{\"@type\":\"WebPage\",\"@id\":\"https:\\\/\\\/wonderhome.eu\\\/szlaki-turystyczne\",\"url\":\"https:\\\/\\\/wonderhome.eu\\\/szlaki-turystyczne\",\"name\":\"Szlaki turystyczne Karpacz | Apartamenty w Karpaczu | Apartamenty Wonder Home\",\"isPartOf\":{\"@id\":\"https:\\\/\\\/wonderhome.eu\\\/#website\"},\"primaryImageOfPage\":{\"@id\":\"https:\\\/\\\/wonderhome.eu\\\/szlaki-turystyczne#primaryimage\"},\"image\":{\"@id\":\"https:\\\/\\\/wonderhome.eu\\\/szlaki-turystyczne#primaryimage\"},\"thumbnailUrl\":\"https:\\\/\\\/wonderhome.eu\\\/wp-content\\\/uploads\\\/2022\\\/09\\\/44.jpg\",\"datePublished\":\"2022-09-19T12:57:48+00:00\",\"dateModified\":\"2022-12-15T10:00:18+00:00\",\"description\":\"Zobacz najpopularniejsze szlaki w Karpaczu. Sprawd\u017a ich d\u0142ugo\u015b\u0107 i czas przej\u015bcia. Wybierz najlepszy szlak na \u015anie\u017ck\u0119 lub w inne zak\u0105tki Karkonoszy.\",\"inLanguage\":\"cs\",\"potentialAction\":[{\"@type\":\"ReadAction\",\"target\":[\"https:\\\/\\\/wonderhome.eu\\\/szlaki-turystyczne\"]}]},{\"@type\":\"ImageObject\",\"inLanguage\":\"cs\",\"@id\":\"https:\\\/\\\/wonderhome.eu\\\/szlaki-turystyczne#primaryimage\",\"url\":\"https:\\\/\\\/wonderhome.eu\\\/wp-content\\\/uploads\\\/2022\\\/09\\\/44.jpg\",\"contentUrl\":\"https:\\\/\\\/wonderhome.eu\\\/wp-content\\\/uploads\\\/2022\\\/09\\\/44.jpg\",\"width\":1920,\"height\":700,\"caption\":\"Apartamenty Wonder Home\"},{\"@type\":\"WebSite\",\"@id\":\"https:\\\/\\\/wonderhome.eu\\\/#website\",\"url\":\"https:\\\/\\\/wonderhome.eu\\\/\",\"name\":\"Wonder Home\",\"description\":\"\",\"potentialAction\":[{\"@type\":\"SearchAction\",\"target\":{\"@type\":\"EntryPoint\",\"urlTemplate\":\"https:\\\/\\\/wonderhome.eu\\\/?s={search_term_string}\"},\"query-input\":{\"@type\":\"PropertyValueSpecification\",\"valueRequired\":true,\"valueName\":\"search_term_string\"}}],\"inLanguage\":\"cs\"}]}<\/script>\n<!-- \/ Yoast SEO plugin. -->","yoast_head_json":{"title":"Turistick\u00e9 stezky v Karpaczi | Apartm\u00e1ny v Karpaczi | Apartm\u00e1ny Wonder Home","description":"Prozkoumejte nejobl\u00edben\u011bj\u0161\u00ed stezky v Karpaczi. Zkontrolujte jejich d\u00e9lku a dobu trv\u00e1n\u00ed t\u00fary. Vyberte si nejlep\u0161\u00ed trasu do Sn\u011b\u017eky nebo jin\u00fdch \u010d\u00e1st\u00ed Krkono\u0161.","robots":{"index":"index","follow":"follow","max-snippet":"max-snippet:-1","max-image-preview":"max-image-preview:large","max-video-preview":"max-video-preview:-1"},"canonical":"https:\/\/wonderhome.eu\/cz\/szlaki-turystyczne\/","og_locale":"cs_CZ","og_type":"article","og_title":"Szlaki turystyczne Karpacz | Apartamenty w Karpaczu | Apartamenty Wonder Home","og_description":"Zobacz najpopularniejsze szlaki w Karpaczu. Sprawd\u017a ich d\u0142ugo\u015b\u0107 i czas przej\u015bcia. Wybierz najlepszy szlak na \u015anie\u017ck\u0119 lub w inne zak\u0105tki Karkonoszy.","og_url":"https:\/\/wonderhome.eu\/cz\/szlaki-turystyczne\/","og_site_name":"Wonder Home","article_modified_time":"2022-12-15T10:00:18+00:00","og_image":[{"width":1920,"height":700,"url":"https:\/\/wonderhome.eu\/wp-content\/uploads\/2022\/09\/44.jpg","type":"image\/jpeg"}],"twitter_card":"summary_large_image","schema":{"@context":"https:\/\/schema.org","@graph":[{"@type":"WebPage","@id":"https:\/\/wonderhome.eu\/szlaki-turystyczne","url":"https:\/\/wonderhome.eu\/szlaki-turystyczne","name":"Turistick\u00e9 stezky v Karpaczi | Apartm\u00e1ny v Karpaczi | Apartm\u00e1ny Wonder Home","isPartOf":{"@id":"https:\/\/wonderhome.eu\/#website"},"primaryImageOfPage":{"@id":"https:\/\/wonderhome.eu\/szlaki-turystyczne#primaryimage"},"image":{"@id":"https:\/\/wonderhome.eu\/szlaki-turystyczne#primaryimage"},"thumbnailUrl":"https:\/\/wonderhome.eu\/wp-content\/uploads\/2022\/09\/44.jpg","datePublished":"2022-09-19T12:57:48+00:00","dateModified":"2022-12-15T10:00:18+00:00","description":"Prozkoumejte nejobl\u00edben\u011bj\u0161\u00ed stezky v Karpaczi. Zkontrolujte jejich d\u00e9lku a dobu trv\u00e1n\u00ed t\u00fary. Vyberte si nejlep\u0161\u00ed trasu do Sn\u011b\u017eky nebo jin\u00fdch \u010d\u00e1st\u00ed Krkono\u0161.","inLanguage":"cs","potentialAction":[{"@type":"ReadAction","target":["https:\/\/wonderhome.eu\/szlaki-turystyczne"]}]},{"@type":"ImageObject","inLanguage":"cs","@id":"https:\/\/wonderhome.eu\/szlaki-turystyczne#primaryimage","url":"https:\/\/wonderhome.eu\/wp-content\/uploads\/2022\/09\/44.jpg","contentUrl":"https:\/\/wonderhome.eu\/wp-content\/uploads\/2022\/09\/44.jpg","width":1920,"height":700,"caption":"Apartamenty Wonder Home"},{"@type":"WebSite","@id":"https:\/\/wonderhome.eu\/#website","url":"https:\/\/wonderhome.eu\/","name":"Wonder Home","description":"","potentialAction":[{"@type":"SearchAction","target":{"@type":"EntryPoint","urlTemplate":"https:\/\/wonderhome.eu\/?s={search_term_string}"},"query-input":{"@type":"PropertyValueSpecification","valueRequired":true,"valueName":"search_term_string"}}],"inLanguage":"cs"}]}},"_links":{"self":[{"href":"https:\/\/wonderhome.eu\/cz\/wp-json\/wp\/v2\/pages\/817","targetHints":{"allow":["GET"]}}],"collection":[{"href":"https:\/\/wonderhome.eu\/cz\/wp-json\/wp\/v2\/pages"}],"about":[{"href":"https:\/\/wonderhome.eu\/cz\/wp-json\/wp\/v2\/types\/page"}],"author":[{"embeddable":true,"href":"https:\/\/wonderhome.eu\/cz\/wp-json\/wp\/v2\/users\/3"}],"replies":[{"embeddable":true,"href":"https:\/\/wonderhome.eu\/cz\/wp-json\/wp\/v2\/comments?post=817"}],"version-history":[{"count":0,"href":"https:\/\/wonderhome.eu\/cz\/wp-json\/wp\/v2\/pages\/817\/revisions"}],"wp:featuredmedia":[{"embeddable":true,"href":"https:\/\/wonderhome.eu\/cz\/wp-json\/wp\/v2\/media\/805"}],"wp:attachment":[{"href":"https:\/\/wonderhome.eu\/cz\/wp-json\/wp\/v2\/media?parent=817"}],"curies":[{"name":"wp","href":"https:\/\/api.w.org\/{rel}","templated":true}]}}