{"id":2063,"date":"2023-12-12T15:06:36","date_gmt":"2023-12-12T14:06:36","guid":{"rendered":"https:\/\/wonderhome.eu\/?page_id=2063"},"modified":"2026-02-23T14:55:37","modified_gmt":"2026-02-23T13:55:37","slug":"apartamenty-krzaczyna","status":"publish","type":"page","link":"https:\/\/wonderhome.eu\/de\/apartamenty\/apartamenty-krzaczyna","title":{"rendered":"Wohnungen Krzaczyn"},"content":{"rendered":"","protected":false},"excerpt":{"rendered":"","protected":false},"author":3,"featured_media":7137,"parent":12,"menu_order":0,"comment_status":"closed","ping_status":"closed","template":"","meta":{"_acf_changed":false,"footnotes":""},"class_list":["post-2063","page","type-page","status-publish","has-post-thumbnail","hentry"],"acf":[],"yoast_head":"<!-- This site is optimized with the Yoast SEO plugin v27.4 - https:\/\/yoast.com\/product\/yoast-seo-wordpress\/ -->\n<title>Apartamenty | Apartamenty w Krzaczynie | Apartamenty Wonder Home<\/title>\n<meta name=\"description\" content=\"Dobrze, \u017ce Jeste\u015b bo w\u0142a\u015bnie tu zaczyna si\u0119 Tw\u00f3j wymarzony wypoczynek. Budzimy inspiracje w naszych Go\u015bciach od 2013r. \u015awiadczenie us\u0142ug hotelarskich w lokalach apartamentowych sta\u0142o si\u0119 nasz\u0105 pasj\u0105 i jednocze\u015bnie wyzwaniem. Poczuj si\u0119 zaproszony. Dobrze wiemy jak bardzo unikatowi s\u0105 nasi Go\u015bcie dlatego starannie wyselekcjonowali\u015bmy blisko 350 lokali od morza a\u017c po Karkonosze a nasza r\u00f3\u017cnorodna oferta zadowoli najbardziej wymagaj\u0105cych. Wybierz apartament na miar\u0119 Ciebie!\" \/>\n<meta name=\"robots\" content=\"index, follow, max-snippet:-1, max-image-preview:large, max-video-preview:-1\" \/>\n<link rel=\"canonical\" href=\"https:\/\/wonderhome.eu\/de\/apartamenty\/apartamenty-krzaczyna\/\" \/>\n<meta property=\"og:locale\" content=\"de_DE\" \/>\n<meta property=\"og:type\" content=\"article\" \/>\n<meta property=\"og:title\" content=\"Apartamenty | Apartamenty w Krzaczynie | Apartamenty Wonder Home\" \/>\n<meta property=\"og:description\" content=\"Dobrze, \u017ce Jeste\u015b bo w\u0142a\u015bnie tu zaczyna si\u0119 Tw\u00f3j wymarzony wypoczynek. Budzimy inspiracje w naszych Go\u015bciach od 2013r. \u015awiadczenie us\u0142ug hotelarskich w lokalach apartamentowych sta\u0142o si\u0119 nasz\u0105 pasj\u0105 i jednocze\u015bnie wyzwaniem. Poczuj si\u0119 zaproszony. Dobrze wiemy jak bardzo unikatowi s\u0105 nasi Go\u015bcie dlatego starannie wyselekcjonowali\u015bmy blisko 350 lokali od morza a\u017c po Karkonosze a nasza r\u00f3\u017cnorodna oferta zadowoli najbardziej wymagaj\u0105cych. Wybierz apartament na miar\u0119 Ciebie!\" \/>\n<meta property=\"og:url\" content=\"https:\/\/wonderhome.eu\/de\/apartamenty\/apartamenty-krzaczyna\/\" \/>\n<meta property=\"og:site_name\" content=\"Wonder Home\" \/>\n<meta property=\"article:modified_time\" content=\"2026-02-23T13:55:37+00:00\" \/>\n<meta property=\"og:image\" content=\"https:\/\/wonderhome.eu\/wp-content\/uploads\/2025\/09\/3-min-1.png\" \/>\n\t<meta property=\"og:image:width\" content=\"1228\" \/>\n\t<meta property=\"og:image:height\" content=\"713\" \/>\n\t<meta property=\"og:image:type\" content=\"image\/png\" \/>\n<meta name=\"twitter:card\" content=\"summary_large_image\" \/>\n<meta name=\"twitter:label1\" content=\"Gesch\u00e4tzte Lesezeit\" \/>\n\t<meta name=\"twitter:data1\" content=\"1\u00a0Minute\" \/>\n<script type=\"application\/ld+json\" class=\"yoast-schema-graph\">{\"@context\":\"https:\\\/\\\/schema.org\",\"@graph\":[{\"@type\":\"WebPage\",\"@id\":\"https:\\\/\\\/wonderhome.eu\\\/apartamenty\\\/apartamenty-krzaczyna\",\"url\":\"https:\\\/\\\/wonderhome.eu\\\/apartamenty\\\/apartamenty-krzaczyna\",\"name\":\"Apartamenty | Apartamenty w Krzaczynie | Apartamenty Wonder Home\",\"isPartOf\":{\"@id\":\"https:\\\/\\\/wonderhome.eu\\\/#website\"},\"primaryImageOfPage\":{\"@id\":\"https:\\\/\\\/wonderhome.eu\\\/apartamenty\\\/apartamenty-krzaczyna#primaryimage\"},\"image\":{\"@id\":\"https:\\\/\\\/wonderhome.eu\\\/apartamenty\\\/apartamenty-krzaczyna#primaryimage\"},\"thumbnailUrl\":\"https:\\\/\\\/wonderhome.eu\\\/wp-content\\\/uploads\\\/2025\\\/09\\\/3-min-1.png\",\"datePublished\":\"2023-12-12T14:06:36+00:00\",\"dateModified\":\"2026-02-23T13:55:37+00:00\",\"description\":\"Dobrze, \u017ce Jeste\u015b bo w\u0142a\u015bnie tu zaczyna si\u0119 Tw\u00f3j wymarzony wypoczynek. Budzimy inspiracje w naszych Go\u015bciach od 2013r. \u015awiadczenie us\u0142ug hotelarskich w lokalach apartamentowych sta\u0142o si\u0119 nasz\u0105 pasj\u0105 i jednocze\u015bnie wyzwaniem. Poczuj si\u0119 zaproszony. Dobrze wiemy jak bardzo unikatowi s\u0105 nasi Go\u015bcie dlatego starannie wyselekcjonowali\u015bmy blisko 350 lokali od morza a\u017c po Karkonosze a nasza r\u00f3\u017cnorodna oferta zadowoli najbardziej wymagaj\u0105cych. Wybierz apartament na miar\u0119 Ciebie!\",\"breadcrumb\":{\"@id\":\"https:\\\/\\\/wonderhome.eu\\\/apartamenty\\\/apartamenty-krzaczyna#breadcrumb\"},\"inLanguage\":\"de\",\"potentialAction\":[{\"@type\":\"ReadAction\",\"target\":[\"https:\\\/\\\/wonderhome.eu\\\/apartamenty\\\/apartamenty-krzaczyna\"]}]},{\"@type\":\"ImageObject\",\"inLanguage\":\"de\",\"@id\":\"https:\\\/\\\/wonderhome.eu\\\/apartamenty\\\/apartamenty-krzaczyna#primaryimage\",\"url\":\"https:\\\/\\\/wonderhome.eu\\\/wp-content\\\/uploads\\\/2025\\\/09\\\/3-min-1.png\",\"contentUrl\":\"https:\\\/\\\/wonderhome.eu\\\/wp-content\\\/uploads\\\/2025\\\/09\\\/3-min-1.png\",\"width\":1228,\"height\":713},{\"@type\":\"BreadcrumbList\",\"@id\":\"https:\\\/\\\/wonderhome.eu\\\/apartamenty\\\/apartamenty-krzaczyna#breadcrumb\",\"itemListElement\":[{\"@type\":\"ListItem\",\"position\":1,\"name\":\"Apartamenty\",\"item\":\"https:\\\/\\\/wonderhome.eu\\\/apartamenty\"},{\"@type\":\"ListItem\",\"position\":2,\"name\":\"Apartamenty Krzaczyna\"}]},{\"@type\":\"WebSite\",\"@id\":\"https:\\\/\\\/wonderhome.eu\\\/#website\",\"url\":\"https:\\\/\\\/wonderhome.eu\\\/\",\"name\":\"Wonder Home\",\"description\":\"\",\"potentialAction\":[{\"@type\":\"SearchAction\",\"target\":{\"@type\":\"EntryPoint\",\"urlTemplate\":\"https:\\\/\\\/wonderhome.eu\\\/?s={search_term_string}\"},\"query-input\":{\"@type\":\"PropertyValueSpecification\",\"valueRequired\":true,\"valueName\":\"search_term_string\"}}],\"inLanguage\":\"de\"}]}<\/script>\n<!-- \/ Yoast SEO plugin. -->","yoast_head_json":{"title":"Wohnungen | Wohnungen in Krzaczyn | Wonder Home Apartments","description":"Gut, dass Sie hier sind, denn Ihr Traumurlaub beginnt hier. Seit 2013 begeistern wir unsere G\u00e4ste. Die Bereitstellung von Hoteldienstleistungen in Apartments im Apartment-Stil ist unsere Leidenschaft und Herausforderung zugleich. F\u00fchlen Sie sich willkommen. Wir wissen, wie einzigartig unsere G\u00e4ste sind, und haben deshalb rund 350 Unterk\u00fcnfte vom Meer bis zum Riesengebirge sorgf\u00e4ltig ausgew\u00e4hlt. Unser vielf\u00e4ltiges Angebot wird selbst die anspruchsvollsten Reisenden zufriedenstellen. W\u00e4hlen Sie das Apartment, das zu Ihnen passt!","robots":{"index":"index","follow":"follow","max-snippet":"max-snippet:-1","max-image-preview":"max-image-preview:large","max-video-preview":"max-video-preview:-1"},"canonical":"https:\/\/wonderhome.eu\/de\/apartamenty\/apartamenty-krzaczyna\/","og_locale":"de_DE","og_type":"article","og_title":"Apartamenty | Apartamenty w Krzaczynie | Apartamenty Wonder Home","og_description":"Dobrze, \u017ce Jeste\u015b bo w\u0142a\u015bnie tu zaczyna si\u0119 Tw\u00f3j wymarzony wypoczynek. Budzimy inspiracje w naszych Go\u015bciach od 2013r. \u015awiadczenie us\u0142ug hotelarskich w lokalach apartamentowych sta\u0142o si\u0119 nasz\u0105 pasj\u0105 i jednocze\u015bnie wyzwaniem. Poczuj si\u0119 zaproszony. Dobrze wiemy jak bardzo unikatowi s\u0105 nasi Go\u015bcie dlatego starannie wyselekcjonowali\u015bmy blisko 350 lokali od morza a\u017c po Karkonosze a nasza r\u00f3\u017cnorodna oferta zadowoli najbardziej wymagaj\u0105cych. Wybierz apartament na miar\u0119 Ciebie!","og_url":"https:\/\/wonderhome.eu\/de\/apartamenty\/apartamenty-krzaczyna\/","og_site_name":"Wonder Home","article_modified_time":"2026-02-23T13:55:37+00:00","og_image":[{"width":1228,"height":713,"url":"https:\/\/wonderhome.eu\/wp-content\/uploads\/2025\/09\/3-min-1.png","type":"image\/png"}],"twitter_card":"summary_large_image","twitter_misc":{"Gesch\u00e4tzte Lesezeit":"1\u00a0Minute"},"schema":{"@context":"https:\/\/schema.org","@graph":[{"@type":"WebPage","@id":"https:\/\/wonderhome.eu\/apartamenty\/apartamenty-krzaczyna","url":"https:\/\/wonderhome.eu\/apartamenty\/apartamenty-krzaczyna","name":"Wohnungen | Wohnungen in Krzaczyn | Wonder Home Apartments","isPartOf":{"@id":"https:\/\/wonderhome.eu\/#website"},"primaryImageOfPage":{"@id":"https:\/\/wonderhome.eu\/apartamenty\/apartamenty-krzaczyna#primaryimage"},"image":{"@id":"https:\/\/wonderhome.eu\/apartamenty\/apartamenty-krzaczyna#primaryimage"},"thumbnailUrl":"https:\/\/wonderhome.eu\/wp-content\/uploads\/2025\/09\/3-min-1.png","datePublished":"2023-12-12T14:06:36+00:00","dateModified":"2026-02-23T13:55:37+00:00","description":"Gut, dass Sie hier sind, denn Ihr Traumurlaub beginnt hier. Seit 2013 begeistern wir unsere G\u00e4ste. Die Bereitstellung von Hoteldienstleistungen in Apartments im Apartment-Stil ist unsere Leidenschaft und Herausforderung zugleich. F\u00fchlen Sie sich willkommen. Wir wissen, wie einzigartig unsere G\u00e4ste sind, und haben deshalb rund 350 Unterk\u00fcnfte vom Meer bis zum Riesengebirge sorgf\u00e4ltig ausgew\u00e4hlt. Unser vielf\u00e4ltiges Angebot wird selbst die anspruchsvollsten Reisenden zufriedenstellen. W\u00e4hlen Sie das Apartment, das zu Ihnen passt!","breadcrumb":{"@id":"https:\/\/wonderhome.eu\/apartamenty\/apartamenty-krzaczyna#breadcrumb"},"inLanguage":"de","potentialAction":[{"@type":"ReadAction","target":["https:\/\/wonderhome.eu\/apartamenty\/apartamenty-krzaczyna"]}]},{"@type":"ImageObject","inLanguage":"de","@id":"https:\/\/wonderhome.eu\/apartamenty\/apartamenty-krzaczyna#primaryimage","url":"https:\/\/wonderhome.eu\/wp-content\/uploads\/2025\/09\/3-min-1.png","contentUrl":"https:\/\/wonderhome.eu\/wp-content\/uploads\/2025\/09\/3-min-1.png","width":1228,"height":713},{"@type":"BreadcrumbList","@id":"https:\/\/wonderhome.eu\/apartamenty\/apartamenty-krzaczyna#breadcrumb","itemListElement":[{"@type":"ListItem","position":1,"name":"Apartamenty","item":"https:\/\/wonderhome.eu\/apartamenty"},{"@type":"ListItem","position":2,"name":"Apartamenty Krzaczyna"}]},{"@type":"WebSite","@id":"https:\/\/wonderhome.eu\/#website","url":"https:\/\/wonderhome.eu\/","name":"Wonder Home","description":"","potentialAction":[{"@type":"SearchAction","target":{"@type":"EntryPoint","urlTemplate":"https:\/\/wonderhome.eu\/?s={search_term_string}"},"query-input":{"@type":"PropertyValueSpecification","valueRequired":true,"valueName":"search_term_string"}}],"inLanguage":"de"}]}},"_links":{"self":[{"href":"https:\/\/wonderhome.eu\/de\/wp-json\/wp\/v2\/pages\/2063","targetHints":{"allow":["GET"]}}],"collection":[{"href":"https:\/\/wonderhome.eu\/de\/wp-json\/wp\/v2\/pages"}],"about":[{"href":"https:\/\/wonderhome.eu\/de\/wp-json\/wp\/v2\/types\/page"}],"author":[{"embeddable":true,"href":"https:\/\/wonderhome.eu\/de\/wp-json\/wp\/v2\/users\/3"}],"replies":[{"embeddable":true,"href":"https:\/\/wonderhome.eu\/de\/wp-json\/wp\/v2\/comments?post=2063"}],"version-history":[{"count":1,"href":"https:\/\/wonderhome.eu\/de\/wp-json\/wp\/v2\/pages\/2063\/revisions"}],"predecessor-version":[{"id":7733,"href":"https:\/\/wonderhome.eu\/de\/wp-json\/wp\/v2\/pages\/2063\/revisions\/7733"}],"up":[{"embeddable":true,"href":"https:\/\/wonderhome.eu\/de\/wp-json\/wp\/v2\/pages\/12"}],"wp:featuredmedia":[{"embeddable":true,"href":"https:\/\/wonderhome.eu\/de\/wp-json\/wp\/v2\/media\/7137"}],"wp:attachment":[{"href":"https:\/\/wonderhome.eu\/de\/wp-json\/wp\/v2\/media?parent=2063"}],"curies":[{"name":"wp","href":"https:\/\/api.w.org\/{rel}","templated":true}]}}