{"id":2420,"date":"2024-06-26T18:51:57","date_gmt":"2024-06-26T16:51:57","guid":{"rendered":"https:\/\/wonderhome.eu\/?page_id=2420"},"modified":"2024-08-16T09:20:33","modified_gmt":"2024-08-16T07:20:33","slug":"regulamin-zakupu-i-realizacji-vouchera-wypoczynkowego-wonder-home-2","status":"publish","type":"page","link":"https:\/\/wonderhome.eu\/de\/regulamin-zakupu-i-realizacji-vouchera-wypoczynkowego-wonder-home-2","title":{"rendered":"Allgemeine Gesch\u00e4ftsbedingungen f\u00fcr den Kauf und die Einl\u00f6sung eines Gutscheins"},"content":{"rendered":"\n<p>Przed dokonaniem zakupu vouchera wypoczynkowego w&nbsp;Apartamentach Wonder Home&nbsp;nale\u017cy zapozna\u0107 si\u0119 z niniejszym&nbsp;Regulaminem&nbsp;i zaakceptowa\u0107 jego tre\u015b\u0107. Niniejszy Regulamin, zgodny jest z postanowieniem art. 8.1.pkt.1 Ustawy z dnia 18 lipca 2002 r. o \u015bwiadczeniu us\u0142ug drog\u0105 elektroniczn\u0105 (t.j. Dz. U. z 2016, poz. 1030 z p\u00f3\u017an. zm.).<\/p>\n\n\n\n<p><\/p>\n\n\n\n<p class=\"has-text-align-center\"><strong>\u00a71. [Definicje]<\/strong><\/p>\n\n\n\n<ol class=\"wp-block-list\">\n<li>Wydawca \u2013 Apartamenty Wonder Home Sp\u00f3\u0142k\u0105 z ograniczon\u0105 odpowiedzialno\u015bci\u0105, z siedzib\u0105 w Karpaczu, [kod 58-540], przy ul. My\u015bliwskiej 1H\/2, wpisan\u0105 do Rejestru Przedsi\u0119biorc\u00f3w Krajowego Rejestru S\u0105dowego prowadzonego przez S\u0105d Rejonowy dla Wroc\u0142awia-Fabrycznej we Wroc\u0142awiu, IX Wydzia\u0142 Gospodarczy, pod numerem KRS:0001018736, REGON: 524448551, NIP: 6112824270 oraz Sebastian Aksak, prowadz\u0105cy ewidencjonowan\u0105 dzia\u0142alno\u015b\u0107 gospodarcz\u0105 pod firm\u0105 Apartamenty Wonder Home, z siedzib\u0105 w Legnicy, przy ul. Janowskiej 68, [kod 59-220], biuro handlowe ul. Konstytucji 3 Maja 17 w Karpaczu [kod 58-540], NIP 691-173-91-67; Us\u0142ugodawca w rozumieniu Ustawy z dnia 18 lipca 2002 r. o \u015bwiadczeniu us\u0142ug drog\u0105 elektroniczn\u0105 (t.j. Dz. U. z 2016, poz. 1030);<\/li>\n\n\n\n<li>Voucher Wypoczynkowy \u2013 to elektroniczny bon towarowy wydany przez Wydawc\u0119 na Okaziciela, o warto\u015bci r\u00f3wnej nomina\u0142owi wskazanemu na Voucherze, posiadaj\u0105cy unikatowy numer seryjny, do jednorazowego wykorzystania do zap\u0142aty za Najem apartamentu przy rezerwacji bezpo\u015bredniej ze strony <a href=\"http:\/\/www.wonderhome.eu\">www.wonderhome.eu<\/a>, w terminie 12 miesi\u0119cy od jego zakupu;<\/li>\n\n\n\n<li>Okaziciel \u2013 ka\u017cdorazowy posiadacz unikatowego numeru seryjnego przypisanego do Vouchera Wypoczynkowego;<\/li>\n\n\n\n<li>Nabywca \u2013 osoba fizyczna, prawna lub jednostka organizacyjna posiadaj\u0105ca zdolno\u015b\u0107 do czynno\u015bci prawnych, kt\u00f3ra dokonuje zakupu Vouchera Wypoczynkowego od Wydawcy, poprzez zap\u0142at\u0119 r\u00f3wnowarto\u015bci nominalnej okre\u015blonej na Voucherze Wypoczynkowym.<\/li>\n\n\n\n<li>Najem apartamentu \u2013 us\u0142uga noclegowa oferowana przez Wydawc\u0119 w dacie realizacji Vouchera Wypoczynkowego przez Okaziciela, prezentowana w serwisie <a href=\"http:\/\/www.wonderhome.eu\">www.wonderhome.eu<\/a> i realizowana zgodnie z obowi\u0105zuj\u0105cym Regulaminem \u015bwiadczenia us\u0142ug dla Go\u015bci Wonder Home;<\/li>\n\n\n\n<li>Umowa zawarta na odleg\u0142o\u015b\u0107 \u2013 umowa zawarta z konsumentem na odleg\u0142o\u015b\u0107, bez jednoczesnej fizycznej obecno\u015bci stron, z wy\u0142\u0105cznym wykorzystaniem jednego lub wi\u0119kszej liczby \u015brodk\u00f3w porozumiewania si\u0119 na odleg\u0142o\u015b\u0107 do chwili zawarcia umowy w\u0142\u0105cznie, kt\u00f3r\u0105 reguluje ustawa z dnia 30.05.2014 o prawach konsumenta (t.j. Dz.U.2017.683 z p\u00f3\u017an. zm.)<\/li>\n<\/ol>\n\n\n\n<p class=\"has-text-align-center\"><strong>\u00a7 2. [Og\u00f3lne warunki zakupu i realizacji Vouchera Wypoczynkowego<\/strong>]<\/p>\n\n\n\n<ol class=\"wp-block-list\">\n<li>Zakupu Vouchera Wypoczynkowego mo\u017cna dokona\u0107 osobi\u015bcie w dowolnej recepcji Wonder Home oraz telefonicznie lub drog\u0105 mailow\u0105, z tym jednak, \u017ce przed dokonaniem p\u0142atno\u015bci niezb\u0119dny jest kontakt z pracownikami Recepcji Wonder Home, w celu ustalenia warto\u015bci nominalnej Vouchera oraz sposobu p\u0142atno\u015bci. Zap\u0142ata za Voucher nie jest mo\u017cliwa w systemie rezerwacyjnym.<\/li>\n\n\n\n<li>Nabywca, po uiszczeniu warto\u015bci nominalnej Vouchera Wypoczynkowego otrzymuje elektroniczny Voucher na adres mailowy wskazany do dor\u0119cze\u0144.<\/li>\n\n\n\n<li>Voucher Wypoczynkowy mo\u017ce by\u0107 wystawiony na Okaziciela bez wskazywania jego danych osobowych b\u0105d\u017a w wersji spersonalizowanej, z u\u017cyciem imienia i nazwiska.<\/li>\n\n\n\n<li>Okoliczno\u015b\u0107 personalizacji nie wp\u0142ywa na procedur\u0119 realizacji Vouchera, co oznacza \u017ce warto\u015b\u0107 nominalna wskazana na Voucherze zostanie wykorzystana do op\u0142acenia cz\u0119\u015bci lub ca\u0142o\u015bci rezerwacji Okaziciela, po podaniu unikatowego numeru seryjnego zamieszczonego przez Wydawc\u0119 na Voucherze, a Wydawca nie weryfikuje danych osobowych osoby zak\u0142adaj\u0105cej rezerwacj\u0119 z osob\u0105 uwidocznion\u0105 na Voucherze.<\/li>\n\n\n\n<li>Wydawca nie ponosi odpowiedzialno\u015bci za Vouchery Wypoczynkowe, kt\u00f3re po przes\u0142aniu na adres mailowy wskazany przez Nabywc\u0119 zosta\u0142y nast\u0119pnie zrealizowane przez osob\u0119 nieuprawnion\u0105, kt\u00f3ra wesz\u0142a w posiadanie unikatowego numeru seryjnego bez zgody Nabywcy.<\/li>\n\n\n\n<li>Nabywcy oraz Okazicielowi nie przys\u0142uguj\u0105 \u017cadne roszczenia w stosunku do Wydawcy z tytu\u0142u utraty, kradzie\u017cy, zrealizowania Vouchera przez osob\u0119 trzeci\u0105, kt\u00f3ra wesz\u0142a w posiadanie unikatowego numeru seryjnego bez zgody Nabywcy.<\/li>\n\n\n\n<li>Voucher Wypoczynkowy nie podlega zwrotowi ani wymianie na \u015brodki pieni\u0119\u017cne (p\u0142atne przelewem lub w got\u00f3wce) w ca\u0142o\u015bci lub w cz\u0119\u015bci.<\/li>\n\n\n\n<li>Voucher Wypoczynkowy mo\u017ce zosta\u0107 zrealizowany w maksymalnym terminie 12 miesi\u0119cy licz\u0105c od daty jego wygenerowania. Za realizacj\u0119 Vouchera uwa\u017ca si\u0119 za\u0142o\u017cenie rezerwacji i wykorzystanie warto\u015bci nominalnej Vouchera do op\u0142acenia us\u0142ugi najmu kr\u00f3tkoterminowego. Termin pobytu mo\u017ce zosta\u0107 okre\u015blony maksymalnie na okres 12 miesi\u0119cy licz\u0105c od dnia op\u0142acenia rezerwacji przy u\u017cyciu Vouchera.<\/li>\n\n\n\n<li>Po up\u0142ywie daty wa\u017cno\u015bci Vouchera Wypoczynkowego nie mo\u017ce on zosta\u0107 wykorzystany do rozliczenia pobytu.<\/li>\n\n\n\n<li>Okaziciel w celu jego zrealizowania Vouchera dokonuje wyboru apartamentu spo\u015br\u00f3d wszystkich lokali dost\u0119pnych w wybranym terminie na <a href=\"http:\/\/www.wonderhome.eu\">www.wonderhome.eu<\/a><\/li>\n\n\n\n<li>W przypadku, gdy \u0142\u0105czna cena z tytu\u0142u pobytu Okaziciela w apartamencie op\u0142aconym przy wykorzystaniu Vouchera Wypoczynkowego jest ni\u017csza ni\u017c warto\u015b\u0107 nominalna Vouchera Wypoczynkowego, Okazicielowi nie przys\u0142uguje prawo do zwrotu niewykorzystanych \u015brodk\u00f3w pieni\u0119\u017cnych w jakiejkolwiek formie.<\/li>\n\n\n\n<li>W przypadku, gdy \u0142\u0105czna cena z tytu\u0142u pobytu Okaziciela w wybranym przez niego apartamencie, jest wy\u017csza ni\u017c warto\u015b\u0107 nominalna Vouchera Wypoczynkowego, Okaziciel zobowi\u0105zany jest do zap\u0142aty r\u00f3\u017cnicy w cenie. W&nbsp; takim przypadku dop\u0142ata mo\u017cliwa jest przy u\u017cyciu metod p\u0142atno\u015bci z jakich korzysta Wydawca w chwili dokonywania p\u0142atno\u015bci przez Okaziciela. Jednocze\u015bnie brak dop\u0142aty uniemo\u017cliwia realizacj\u0119 pobytu w wybranym apartamencie. &nbsp;<\/li>\n\n\n\n<li>Reklamacje zwi\u0105zane z zakupem Vouchera b\u0119d\u0105 rozpatrywane przez Wydawc\u0119 w ci\u0105gu 14 (czternastu) dni od daty z\u0142o\u017cenia pisemnej reklamacji, na adres biura lub mailowy: <a href=\"mailto:kontakt@wonderhome.eu\">kontakt@wonderhome.eu<\/a><\/li>\n\n\n\n<li>Nabywca Vouchera Wypoczynkowego drog\u0105 mailow\u0105, zgodnie z przepisami o zawarciu umowy na odleg\u0142o\u015b\u0107, zgodnie z art. 38 pkt 12 ustawy z dnia 30 maja 2014 roku o prawach konsumenta (Dz.U. z dnia 24 czerwca 2014 roku) ma prawo odst\u0105pi\u0107 od umowy w ci\u0105gu 14 dni bez podawania przyczyn. Je\u017celi jednak w ci\u0105gu 14 dni od zakupu Vouchera warto\u015b\u0107 nominalna na nim wskazana zostanie wykorzystana do rozliczenia pobytu, Nabywcy nie przys\u0142uguje prawo do odst\u0105pienia. W takim przypadku prawo do odst\u0105pienia wygasa z chwil\u0105 op\u0142acenia rezerwacji przy u\u017cyciu Vouchera.<\/li>\n\n\n\n<li>Nabywca przed dokonaniem zakupu Vouchera Wypoczynkowego ma prawo zapoznania si\u0119 z niniejszym regulaminem, a dokonanie p\u0142atno\u015bci za Voucher jest r\u00f3wnoznaczne z akceptacj\u0105 postanowie\u0144 w nim zawartych.<\/li>\n\n\n\n<li>Okaziciel realizuj\u0105cy pobyt w Apartamentach Wonder Home obowi\u0105zany jest przestrzega\u0107 Regulaminu dla Go\u015bci Wonder Home, zamieszczonego na <a href=\"http:\/\/www.wonderhome.eu\">www.wonderhome.eu<\/a><\/li>\n<\/ol>\n\n\n\n<p class=\"has-text-align-center\"><strong>\u00a7 3. [Postanowienia ko\u0144cowe]<\/strong><\/p>\n\n\n\n<ol class=\"wp-block-list\">\n<li>Tre\u015b\u0107&nbsp;Regulaminu&nbsp;publikowana jest w&nbsp;Serwisie Apartament\u00f3w Wonder Home.<\/li>\n\n\n\n<li>W sprawach nieuregulowanych w&nbsp;Regulaminie&nbsp;maj\u0105 zastosowanie Regulamin \u015bwiadczenia us\u0142ug dla Go\u015bci Wonder Home oraz przepisy:<\/li>\n<\/ol>\n\n\n\n<ol class=\"has-small-font-size wp-block-list\">\n<li>Ustawy o \u015bwiadczeniu us\u0142ug drog\u0105 elektroniczn\u0105 - z dnia 18 lipca 2002 r. (.j. Dz. U. z 2016 r., poz. 1030 z p\u00f3\u017an. zm.);<\/li>\n\n\n\n<li>Ustawy o ochronie danych osobowych \u2013 z dnia 29 sierpnia 1997 r. (t.j. Dz. U. z 2016 r. poz. 922 z p\u00f3\u017an. zm.);<\/li>\n\n\n\n<li>Ustawy Kodeks cywilny - z dnia 23 kwietnia 1964 r. ( Dz. U. z 2016 r. poz. 380 z p\u00f3\u017an. zm.);<\/li>\n\n\n\n<li>Ustawy o us\u0142ugach turystycznych - z dnia 29 sierpnia 1997 r. (t.j. Dz. U. z 2011, poz.432 z p\u00f3\u017an. zm.);<\/li>\n\n\n\n<li>Ustawy o prawach konsumenta \u2013 z dnia 30 maja 2014 r. (Dz. U. z 2014, poz. 827 z p\u00f3\u017an. zm.);<\/li>\n<\/ol>\n","protected":false},"excerpt":{"rendered":"<p>Przed dokonaniem zakupu vouchera wypoczynkowego w&nbsp;Apartamentach Wonder Home&nbsp;nale\u017cy zapozna\u0107 si\u0119 z niniejszym&nbsp;Regulaminem&nbsp;i zaakceptowa\u0107 jego tre\u015b\u0107. Niniejszy Regulamin, zgodny jest z postanowieniem art. 8.1.pkt.1 Ustawy z dnia 18 lipca 2002 r. o \u015bwiadczeniu us\u0142ug drog\u0105 elektroniczn\u0105 (t.j. Dz. U. z 2016, poz. 1030 z p\u00f3\u017an. zm.). \u00a71. [Definicje] \u00a7 2. [Og\u00f3lne warunki zakupu i realizacji Vouchera [&hellip;]<\/p>\n","protected":false},"author":13,"featured_media":932,"parent":0,"menu_order":9,"comment_status":"closed","ping_status":"closed","template":"","meta":{"_acf_changed":false,"footnotes":""},"class_list":["post-2420","page","type-page","status-publish","has-post-thumbnail","hentry"],"acf":[],"yoast_head":"<!-- This site is optimized with the Yoast SEO plugin v27.4 - https:\/\/yoast.com\/product\/yoast-seo-wordpress\/ -->\n<title>Zasady rezerwacji | Apartamenty w Karpaczu | Apartamenty Wonder Home<\/title>\n<meta name=\"description\" content=\"Wonder Home wynajmuje apartamenty zlokalizowane w najlepszych miejscach w Karpaczu. Wszystkie s\u0105 urz\u0105dzone komfortowo, z wysok\u0105 dba\u0142o\u015bci\u0105 o ka\u017cdy szczeg\u00f3\u0142. Go\u015bcie mog\u0105 w nich wypocz\u0105\u0107 podziwiaj\u0105c pi\u0119kno Karkonoszy i ciesz\u0105c si\u0119 atrakcjami Karpacza - drugiego g\u00f3rskiego kurortu w Polsce.\" \/>\n<meta name=\"robots\" content=\"index, follow, max-snippet:-1, max-image-preview:large, max-video-preview:-1\" \/>\n<link rel=\"canonical\" href=\"https:\/\/wonderhome.eu\/de\/regulamin-zakupu-i-realizacji-vouchera-wypoczynkowego-wonder-home-2\/\" \/>\n<meta property=\"og:locale\" content=\"de_DE\" \/>\n<meta property=\"og:type\" content=\"article\" \/>\n<meta property=\"og:title\" content=\"Zasady rezerwacji | Apartamenty w Karpaczu | Apartamenty Wonder Home\" \/>\n<meta property=\"og:description\" content=\"Wonder Home wynajmuje apartamenty zlokalizowane w najlepszych miejscach w Karpaczu. Wszystkie s\u0105 urz\u0105dzone komfortowo, z wysok\u0105 dba\u0142o\u015bci\u0105 o ka\u017cdy szczeg\u00f3\u0142. Go\u015bcie mog\u0105 w nich wypocz\u0105\u0107 podziwiaj\u0105c pi\u0119kno Karkonoszy i ciesz\u0105c si\u0119 atrakcjami Karpacza - drugiego g\u00f3rskiego kurortu w Polsce.\" \/>\n<meta property=\"og:url\" content=\"https:\/\/wonderhome.eu\/de\/regulamin-zakupu-i-realizacji-vouchera-wypoczynkowego-wonder-home-2\/\" \/>\n<meta property=\"og:site_name\" content=\"Wonder Home\" \/>\n<meta property=\"article:modified_time\" content=\"2024-08-16T07:20:33+00:00\" \/>\n<meta property=\"og:image\" content=\"https:\/\/wonderhome.eu\/wp-content\/uploads\/2022\/09\/zasady-rezerwacji-min.jpg\" \/>\n\t<meta property=\"og:image:width\" content=\"1920\" \/>\n\t<meta property=\"og:image:height\" content=\"600\" \/>\n\t<meta property=\"og:image:type\" content=\"image\/jpeg\" \/>\n<meta name=\"twitter:card\" content=\"summary_large_image\" \/>\n<meta name=\"twitter:label1\" content=\"Gesch\u00e4tzte Lesezeit\" \/>\n\t<meta name=\"twitter:data1\" content=\"7\u00a0Minuten\" \/>\n<script type=\"application\/ld+json\" class=\"yoast-schema-graph\">{\"@context\":\"https:\\\/\\\/schema.org\",\"@graph\":[{\"@type\":\"WebPage\",\"@id\":\"https:\\\/\\\/wonderhome.eu\\\/regulamin-zakupu-i-realizacji-vouchera-wypoczynkowego-wonder-home-2\",\"url\":\"https:\\\/\\\/wonderhome.eu\\\/regulamin-zakupu-i-realizacji-vouchera-wypoczynkowego-wonder-home-2\",\"name\":\"Zasady rezerwacji | Apartamenty w Karpaczu | Apartamenty Wonder Home\",\"isPartOf\":{\"@id\":\"https:\\\/\\\/wonderhome.eu\\\/#website\"},\"primaryImageOfPage\":{\"@id\":\"https:\\\/\\\/wonderhome.eu\\\/regulamin-zakupu-i-realizacji-vouchera-wypoczynkowego-wonder-home-2#primaryimage\"},\"image\":{\"@id\":\"https:\\\/\\\/wonderhome.eu\\\/regulamin-zakupu-i-realizacji-vouchera-wypoczynkowego-wonder-home-2#primaryimage\"},\"thumbnailUrl\":\"https:\\\/\\\/wonderhome.eu\\\/wp-content\\\/uploads\\\/2022\\\/09\\\/zasady-rezerwacji-min.jpg\",\"datePublished\":\"2024-06-26T16:51:57+00:00\",\"dateModified\":\"2024-08-16T07:20:33+00:00\",\"description\":\"Wonder Home wynajmuje apartamenty zlokalizowane w najlepszych miejscach w Karpaczu. Wszystkie s\u0105 urz\u0105dzone komfortowo, z wysok\u0105 dba\u0142o\u015bci\u0105 o ka\u017cdy szczeg\u00f3\u0142. Go\u015bcie mog\u0105 w nich wypocz\u0105\u0107 podziwiaj\u0105c pi\u0119kno Karkonoszy i ciesz\u0105c si\u0119 atrakcjami Karpacza - drugiego g\u00f3rskiego kurortu w Polsce.\",\"inLanguage\":\"de\",\"potentialAction\":[{\"@type\":\"ReadAction\",\"target\":[\"https:\\\/\\\/wonderhome.eu\\\/regulamin-zakupu-i-realizacji-vouchera-wypoczynkowego-wonder-home-2\"]}]},{\"@type\":\"ImageObject\",\"inLanguage\":\"de\",\"@id\":\"https:\\\/\\\/wonderhome.eu\\\/regulamin-zakupu-i-realizacji-vouchera-wypoczynkowego-wonder-home-2#primaryimage\",\"url\":\"https:\\\/\\\/wonderhome.eu\\\/wp-content\\\/uploads\\\/2022\\\/09\\\/zasady-rezerwacji-min.jpg\",\"contentUrl\":\"https:\\\/\\\/wonderhome.eu\\\/wp-content\\\/uploads\\\/2022\\\/09\\\/zasady-rezerwacji-min.jpg\",\"width\":1920,\"height\":600},{\"@type\":\"WebSite\",\"@id\":\"https:\\\/\\\/wonderhome.eu\\\/#website\",\"url\":\"https:\\\/\\\/wonderhome.eu\\\/\",\"name\":\"Wonder Home\",\"description\":\"\",\"potentialAction\":[{\"@type\":\"SearchAction\",\"target\":{\"@type\":\"EntryPoint\",\"urlTemplate\":\"https:\\\/\\\/wonderhome.eu\\\/?s={search_term_string}\"},\"query-input\":{\"@type\":\"PropertyValueSpecification\",\"valueRequired\":true,\"valueName\":\"search_term_string\"}}],\"inLanguage\":\"de\"}]}<\/script>\n<!-- \/ Yoast SEO plugin. -->","yoast_head_json":{"title":"Buchungsbedingungen | Apartments in Karpacz | Wonder Home Apartments","description":"Wonder Home bietet Apartments in bester Lage in Karpacz. Alle sind komfortabel und mit viel Liebe zum Detail eingerichtet. Entspannen Sie sich, w\u00e4hrend Sie die Sch\u00f6nheit des Riesengebirges bewundern und die Attraktionen von Karpacz \u2013 Polens zweitgr\u00f6\u00dftem Bergkurort \u2013 genie\u00dfen.","robots":{"index":"index","follow":"follow","max-snippet":"max-snippet:-1","max-image-preview":"max-image-preview:large","max-video-preview":"max-video-preview:-1"},"canonical":"https:\/\/wonderhome.eu\/de\/regulamin-zakupu-i-realizacji-vouchera-wypoczynkowego-wonder-home-2\/","og_locale":"de_DE","og_type":"article","og_title":"Zasady rezerwacji | Apartamenty w Karpaczu | Apartamenty Wonder Home","og_description":"Wonder Home wynajmuje apartamenty zlokalizowane w najlepszych miejscach w Karpaczu. Wszystkie s\u0105 urz\u0105dzone komfortowo, z wysok\u0105 dba\u0142o\u015bci\u0105 o ka\u017cdy szczeg\u00f3\u0142. Go\u015bcie mog\u0105 w nich wypocz\u0105\u0107 podziwiaj\u0105c pi\u0119kno Karkonoszy i ciesz\u0105c si\u0119 atrakcjami Karpacza - drugiego g\u00f3rskiego kurortu w Polsce.","og_url":"https:\/\/wonderhome.eu\/de\/regulamin-zakupu-i-realizacji-vouchera-wypoczynkowego-wonder-home-2\/","og_site_name":"Wonder Home","article_modified_time":"2024-08-16T07:20:33+00:00","og_image":[{"width":1920,"height":600,"url":"https:\/\/wonderhome.eu\/wp-content\/uploads\/2022\/09\/zasady-rezerwacji-min.jpg","type":"image\/jpeg"}],"twitter_card":"summary_large_image","twitter_misc":{"Gesch\u00e4tzte Lesezeit":"7\u00a0Minuten"},"schema":{"@context":"https:\/\/schema.org","@graph":[{"@type":"WebPage","@id":"https:\/\/wonderhome.eu\/regulamin-zakupu-i-realizacji-vouchera-wypoczynkowego-wonder-home-2","url":"https:\/\/wonderhome.eu\/regulamin-zakupu-i-realizacji-vouchera-wypoczynkowego-wonder-home-2","name":"Buchungsbedingungen | Apartments in Karpacz | Wonder Home Apartments","isPartOf":{"@id":"https:\/\/wonderhome.eu\/#website"},"primaryImageOfPage":{"@id":"https:\/\/wonderhome.eu\/regulamin-zakupu-i-realizacji-vouchera-wypoczynkowego-wonder-home-2#primaryimage"},"image":{"@id":"https:\/\/wonderhome.eu\/regulamin-zakupu-i-realizacji-vouchera-wypoczynkowego-wonder-home-2#primaryimage"},"thumbnailUrl":"https:\/\/wonderhome.eu\/wp-content\/uploads\/2022\/09\/zasady-rezerwacji-min.jpg","datePublished":"2024-06-26T16:51:57+00:00","dateModified":"2024-08-16T07:20:33+00:00","description":"Wonder Home bietet Apartments in bester Lage in Karpacz. Alle sind komfortabel und mit viel Liebe zum Detail eingerichtet. Entspannen Sie sich, w\u00e4hrend Sie die Sch\u00f6nheit des Riesengebirges bewundern und die Attraktionen von Karpacz \u2013 Polens zweitgr\u00f6\u00dftem Bergkurort \u2013 genie\u00dfen.","inLanguage":"de","potentialAction":[{"@type":"ReadAction","target":["https:\/\/wonderhome.eu\/regulamin-zakupu-i-realizacji-vouchera-wypoczynkowego-wonder-home-2"]}]},{"@type":"ImageObject","inLanguage":"de","@id":"https:\/\/wonderhome.eu\/regulamin-zakupu-i-realizacji-vouchera-wypoczynkowego-wonder-home-2#primaryimage","url":"https:\/\/wonderhome.eu\/wp-content\/uploads\/2022\/09\/zasady-rezerwacji-min.jpg","contentUrl":"https:\/\/wonderhome.eu\/wp-content\/uploads\/2022\/09\/zasady-rezerwacji-min.jpg","width":1920,"height":600},{"@type":"WebSite","@id":"https:\/\/wonderhome.eu\/#website","url":"https:\/\/wonderhome.eu\/","name":"Wonder Home","description":"","potentialAction":[{"@type":"SearchAction","target":{"@type":"EntryPoint","urlTemplate":"https:\/\/wonderhome.eu\/?s={search_term_string}"},"query-input":{"@type":"PropertyValueSpecification","valueRequired":true,"valueName":"search_term_string"}}],"inLanguage":"de"}]}},"_links":{"self":[{"href":"https:\/\/wonderhome.eu\/de\/wp-json\/wp\/v2\/pages\/2420","targetHints":{"allow":["GET"]}}],"collection":[{"href":"https:\/\/wonderhome.eu\/de\/wp-json\/wp\/v2\/pages"}],"about":[{"href":"https:\/\/wonderhome.eu\/de\/wp-json\/wp\/v2\/types\/page"}],"author":[{"embeddable":true,"href":"https:\/\/wonderhome.eu\/de\/wp-json\/wp\/v2\/users\/13"}],"replies":[{"embeddable":true,"href":"https:\/\/wonderhome.eu\/de\/wp-json\/wp\/v2\/comments?post=2420"}],"version-history":[{"count":0,"href":"https:\/\/wonderhome.eu\/de\/wp-json\/wp\/v2\/pages\/2420\/revisions"}],"wp:featuredmedia":[{"embeddable":true,"href":"https:\/\/wonderhome.eu\/de\/wp-json\/wp\/v2\/media\/932"}],"wp:attachment":[{"href":"https:\/\/wonderhome.eu\/de\/wp-json\/wp\/v2\/media?parent=2420"}],"curies":[{"name":"wp","href":"https:\/\/api.w.org\/{rel}","templated":true}]}}