{"id":3339,"date":"2024-08-26T10:01:02","date_gmt":"2024-08-26T08:01:02","guid":{"rendered":"https:\/\/wonderhome.eu\/?page_id=3339"},"modified":"2025-10-21T11:44:16","modified_gmt":"2025-10-21T09:44:16","slug":"przewodniki","status":"publish","type":"page","link":"https:\/\/wonderhome.eu\/de\/przewodniki","title":{"rendered":"F\u00fchrer"},"content":{"rendered":"","protected":false},"excerpt":{"rendered":"","protected":false},"author":3,"featured_media":4876,"parent":0,"menu_order":12,"comment_status":"closed","ping_status":"closed","template":"","meta":{"_acf_changed":false,"footnotes":""},"class_list":["post-3339","page","type-page","status-publish","has-post-thumbnail","hentry"],"acf":[],"yoast_head":"<!-- This site is optimized with the Yoast SEO plugin v27.4 - https:\/\/yoast.com\/product\/yoast-seo-wordpress\/ -->\n<title>Przewodniki | Apartamenty Wonder Home<\/title>\n<meta name=\"description\" content=\"Zobacz nasze filmy i przewodniki pe\u0142ne inspiracji, praktycznych wskaz\u00f3wek i miejsc, kt\u00f3re warto odwiedzi\u0107 w Karpaczu i okolicy.\" \/>\n<meta name=\"robots\" content=\"index, follow, max-snippet:-1, max-image-preview:large, max-video-preview:-1\" \/>\n<link rel=\"canonical\" href=\"https:\/\/wonderhome.eu\/de\/przewodniki\/\" \/>\n<meta property=\"og:locale\" content=\"de_DE\" \/>\n<meta property=\"og:type\" content=\"article\" \/>\n<meta property=\"og:title\" content=\"Przewodniki | Apartamenty Wonder Home\" \/>\n<meta property=\"og:description\" content=\"Zobacz nasze filmy i przewodniki pe\u0142ne inspiracji, praktycznych wskaz\u00f3wek i miejsc, kt\u00f3re warto odwiedzi\u0107 w Karpaczu i okolicy.\" \/>\n<meta property=\"og:url\" content=\"https:\/\/wonderhome.eu\/de\/przewodniki\/\" \/>\n<meta property=\"og:site_name\" content=\"Wonder Home\" \/>\n<meta property=\"article:modified_time\" content=\"2025-10-21T09:44:16+00:00\" \/>\n<meta property=\"og:image\" content=\"https:\/\/wonderhome.eu\/wp-content\/uploads\/2024\/11\/KAFLE-1920-x-1080-px-2-min.png\" \/>\n\t<meta property=\"og:image:width\" content=\"1920\" \/>\n\t<meta property=\"og:image:height\" content=\"1080\" \/>\n\t<meta property=\"og:image:type\" content=\"image\/png\" \/>\n<meta name=\"twitter:card\" content=\"summary_large_image\" \/>\n<meta name=\"twitter:label1\" content=\"Gesch\u00e4tzte Lesezeit\" \/>\n\t<meta name=\"twitter:data1\" content=\"1\u00a0Minute\" \/>\n<script type=\"application\/ld+json\" class=\"yoast-schema-graph\">{\"@context\":\"https:\\\/\\\/schema.org\",\"@graph\":[{\"@type\":\"WebPage\",\"@id\":\"https:\\\/\\\/wonderhome.eu\\\/przewodniki\",\"url\":\"https:\\\/\\\/wonderhome.eu\\\/przewodniki\",\"name\":\"Przewodniki | Apartamenty Wonder Home\",\"isPartOf\":{\"@id\":\"https:\\\/\\\/wonderhome.eu\\\/#website\"},\"primaryImageOfPage\":{\"@id\":\"https:\\\/\\\/wonderhome.eu\\\/przewodniki#primaryimage\"},\"image\":{\"@id\":\"https:\\\/\\\/wonderhome.eu\\\/przewodniki#primaryimage\"},\"thumbnailUrl\":\"https:\\\/\\\/wonderhome.eu\\\/wp-content\\\/uploads\\\/2024\\\/11\\\/KAFLE-1920-x-1080-px-2-min.png\",\"datePublished\":\"2024-08-26T08:01:02+00:00\",\"dateModified\":\"2025-10-21T09:44:16+00:00\",\"description\":\"Zobacz nasze filmy i przewodniki pe\u0142ne inspiracji, praktycznych wskaz\u00f3wek i miejsc, kt\u00f3re warto odwiedzi\u0107 w Karpaczu i okolicy.\",\"inLanguage\":\"de\",\"potentialAction\":[{\"@type\":\"ReadAction\",\"target\":[\"https:\\\/\\\/wonderhome.eu\\\/przewodniki\"]}]},{\"@type\":\"ImageObject\",\"inLanguage\":\"de\",\"@id\":\"https:\\\/\\\/wonderhome.eu\\\/przewodniki#primaryimage\",\"url\":\"https:\\\/\\\/wonderhome.eu\\\/wp-content\\\/uploads\\\/2024\\\/11\\\/KAFLE-1920-x-1080-px-2-min.png\",\"contentUrl\":\"https:\\\/\\\/wonderhome.eu\\\/wp-content\\\/uploads\\\/2024\\\/11\\\/KAFLE-1920-x-1080-px-2-min.png\",\"width\":1920,\"height\":1080},{\"@type\":\"WebSite\",\"@id\":\"https:\\\/\\\/wonderhome.eu\\\/#website\",\"url\":\"https:\\\/\\\/wonderhome.eu\\\/\",\"name\":\"Wonder Home\",\"description\":\"\",\"potentialAction\":[{\"@type\":\"SearchAction\",\"target\":{\"@type\":\"EntryPoint\",\"urlTemplate\":\"https:\\\/\\\/wonderhome.eu\\\/?s={search_term_string}\"},\"query-input\":{\"@type\":\"PropertyValueSpecification\",\"valueRequired\":true,\"valueName\":\"search_term_string\"}}],\"inLanguage\":\"de\"}]}<\/script>\n<!-- \/ Yoast SEO plugin. -->","yoast_head_json":{"title":"Przewodniki | Apartamenty Wonder Home","description":"Entdecken Sie unsere Videos und Ratgeber voller Inspiration, praktischer Tipps und sehenswerter Orte in Karpacz und Umgebung.","robots":{"index":"index","follow":"follow","max-snippet":"max-snippet:-1","max-image-preview":"max-image-preview:large","max-video-preview":"max-video-preview:-1"},"canonical":"https:\/\/wonderhome.eu\/de\/przewodniki\/","og_locale":"de_DE","og_type":"article","og_title":"Przewodniki | Apartamenty Wonder Home","og_description":"Zobacz nasze filmy i przewodniki pe\u0142ne inspiracji, praktycznych wskaz\u00f3wek i miejsc, kt\u00f3re warto odwiedzi\u0107 w Karpaczu i okolicy.","og_url":"https:\/\/wonderhome.eu\/de\/przewodniki\/","og_site_name":"Wonder Home","article_modified_time":"2025-10-21T09:44:16+00:00","og_image":[{"width":1920,"height":1080,"url":"https:\/\/wonderhome.eu\/wp-content\/uploads\/2024\/11\/KAFLE-1920-x-1080-px-2-min.png","type":"image\/png"}],"twitter_card":"summary_large_image","twitter_misc":{"Gesch\u00e4tzte Lesezeit":"1\u00a0Minute"},"schema":{"@context":"https:\/\/schema.org","@graph":[{"@type":"WebPage","@id":"https:\/\/wonderhome.eu\/przewodniki","url":"https:\/\/wonderhome.eu\/przewodniki","name":"Przewodniki | Apartamenty Wonder Home","isPartOf":{"@id":"https:\/\/wonderhome.eu\/#website"},"primaryImageOfPage":{"@id":"https:\/\/wonderhome.eu\/przewodniki#primaryimage"},"image":{"@id":"https:\/\/wonderhome.eu\/przewodniki#primaryimage"},"thumbnailUrl":"https:\/\/wonderhome.eu\/wp-content\/uploads\/2024\/11\/KAFLE-1920-x-1080-px-2-min.png","datePublished":"2024-08-26T08:01:02+00:00","dateModified":"2025-10-21T09:44:16+00:00","description":"Entdecken Sie unsere Videos und Ratgeber voller Inspiration, praktischer Tipps und sehenswerter Orte in Karpacz und Umgebung.","inLanguage":"de","potentialAction":[{"@type":"ReadAction","target":["https:\/\/wonderhome.eu\/przewodniki"]}]},{"@type":"ImageObject","inLanguage":"de","@id":"https:\/\/wonderhome.eu\/przewodniki#primaryimage","url":"https:\/\/wonderhome.eu\/wp-content\/uploads\/2024\/11\/KAFLE-1920-x-1080-px-2-min.png","contentUrl":"https:\/\/wonderhome.eu\/wp-content\/uploads\/2024\/11\/KAFLE-1920-x-1080-px-2-min.png","width":1920,"height":1080},{"@type":"WebSite","@id":"https:\/\/wonderhome.eu\/#website","url":"https:\/\/wonderhome.eu\/","name":"Wonder Home","description":"","potentialAction":[{"@type":"SearchAction","target":{"@type":"EntryPoint","urlTemplate":"https:\/\/wonderhome.eu\/?s={search_term_string}"},"query-input":{"@type":"PropertyValueSpecification","valueRequired":true,"valueName":"search_term_string"}}],"inLanguage":"de"}]}},"_links":{"self":[{"href":"https:\/\/wonderhome.eu\/de\/wp-json\/wp\/v2\/pages\/3339","targetHints":{"allow":["GET"]}}],"collection":[{"href":"https:\/\/wonderhome.eu\/de\/wp-json\/wp\/v2\/pages"}],"about":[{"href":"https:\/\/wonderhome.eu\/de\/wp-json\/wp\/v2\/types\/page"}],"author":[{"embeddable":true,"href":"https:\/\/wonderhome.eu\/de\/wp-json\/wp\/v2\/users\/3"}],"replies":[{"embeddable":true,"href":"https:\/\/wonderhome.eu\/de\/wp-json\/wp\/v2\/comments?post=3339"}],"version-history":[{"count":1,"href":"https:\/\/wonderhome.eu\/de\/wp-json\/wp\/v2\/pages\/3339\/revisions"}],"predecessor-version":[{"id":7530,"href":"https:\/\/wonderhome.eu\/de\/wp-json\/wp\/v2\/pages\/3339\/revisions\/7530"}],"wp:featuredmedia":[{"embeddable":true,"href":"https:\/\/wonderhome.eu\/de\/wp-json\/wp\/v2\/media\/4876"}],"wp:attachment":[{"href":"https:\/\/wonderhome.eu\/de\/wp-json\/wp\/v2\/media?parent=3339"}],"curies":[{"name":"wp","href":"https:\/\/api.w.org\/{rel}","templated":true}]}}