{"id":3761,"date":"2024-10-30T14:27:28","date_gmt":"2024-10-30T13:27:28","guid":{"rendered":"https:\/\/wonderhome.eu\/?page_id=3761"},"modified":"2025-10-21T10:57:13","modified_gmt":"2025-10-21T08:57:13","slug":"wymiana-poscieli","status":"publish","type":"page","link":"https:\/\/wonderhome.eu\/de\/wymiana-poscieli","title":{"rendered":"Wechsel der Bettw\u00e4sche"},"content":{"rendered":"<p class=\"has-text-align-center\"><\/p>\n\n\n\n<div class=\"wp-block-media-text is-stacked-on-mobile\"><figure class=\"wp-block-media-text__media\"><img loading=\"lazy\" decoding=\"async\" width=\"1024\" height=\"680\" src=\"https:\/\/wonderhome.eu\/wp-content\/uploads\/2024\/10\/Kopia-Eliza-\u2013-Wonder-World-idea-3-1024x680.jpg\" alt=\"\" class=\"wp-image-3797 size-full\" srcset=\"https:\/\/wonderhome.eu\/wp-content\/uploads\/2024\/10\/Kopia-Eliza-\u2013-Wonder-World-idea-3-1024x680.jpg 1024w, https:\/\/wonderhome.eu\/wp-content\/uploads\/2024\/10\/Kopia-Eliza-\u2013-Wonder-World-idea-3-300x199.jpg 300w, https:\/\/wonderhome.eu\/wp-content\/uploads\/2024\/10\/Kopia-Eliza-\u2013-Wonder-World-idea-3-768x510.jpg 768w, https:\/\/wonderhome.eu\/wp-content\/uploads\/2024\/10\/Kopia-Eliza-\u2013-Wonder-World-idea-3-18x12.jpg 18w, https:\/\/wonderhome.eu\/wp-content\/uploads\/2024\/10\/Kopia-Eliza-\u2013-Wonder-World-idea-3.jpg 1308w\" sizes=\"auto, (max-width: 1024px) 100vw, 1024px\" \/><\/figure><div class=\"wp-block-media-text__content\">\n<h2 class=\"wp-block-heading has-text-align-center has-text-color has-link-color wp-elements-1e44bcd78f5c4df20603f689ab9916b1\" id=\"g\u00f3ra\" style=\"color:#d7a97d;font-size:28px\">Wechsel der Bettw\u00e4sche<\/h2>\n\n\n\n<div style=\"height:23px\" aria-hidden=\"true\" class=\"wp-block-spacer\"><\/div>\n\n\n\n<p class=\"has-text-align-left has-text-color has-link-color wp-elements-d5f834619297ce397164be3021303360\" style=\"color:#775740;font-size:22px\"><strong>Frische Bettw\u00e4sche in Ihre Wohnung geliefert? Solche Dinge gibt es nur im Wonder Home!<\/strong><\/p>\n\n\n\n<p style=\"font-size:16px\"><strong>Nichts verbessert die Schlafqualit\u00e4t so sehr wie frische Bettw\u00e4sche!<\/strong> Deshalb haben wir einen einzigartigen Service f\u00fcr Wonder Home-G\u00e4ste vorbereitet - <strong>Austausch der gesamten Bettw\u00e4schegarnitur auf Wunsch<\/strong>.<\/p>\n\n\n\n<p style=\"font-size:16px\"><strong>Die Zustellung der Bestellungen in die Wohnungen erfolgt t\u00e4glich zwischen 8:00 und 16:00 Uhr.<\/strong> Wir liefern die Bettw\u00e4sche direkt ab Lager, eine pers\u00f6nliche Abholung ist daher nicht m\u00f6glich.<\/p>\n\n\n\n<div style=\"height:26px\" aria-hidden=\"true\" class=\"wp-block-spacer\"><\/div>\n\n\n\n<h2 class=\"wp-block-heading has-text-align-center has-text-color has-link-color wp-elements-db9dbdaf672a117161e3f718f490319f\" style=\"color:#d7a97d\">Rufen Sie an und bestellen Sie!<\/h2>\n\n\n\n<div style=\"height:21px\" aria-hidden=\"true\" class=\"wp-block-spacer\"><\/div>\n\n\n\n<div class=\"wp-block-buttons is-horizontal is-content-justification-center is-layout-flex wp-container-core-buttons-is-layout-499968f5 wp-block-buttons-is-layout-flex\">\n<div class=\"wp-block-button is-style-primary is-style-outline is-style-outline--1\"><a class=\"wp-block-button__link has-white-color has-text-color has-background has-link-color wp-element-button\" href=\"Tel.:+48785913913\" style=\"border-radius:22px;background-color:#d7a97d\"><strong>+48<\/strong> <strong>785-913-319<\/strong><\/a><\/div>\n<\/div>\n\n\n\n<div style=\"height:39px\" aria-hidden=\"true\" class=\"wp-block-spacer\"><\/div>\n\n\n\n<div style=\"height:56px\" aria-hidden=\"true\" class=\"wp-block-spacer\"><\/div>\n<\/div><\/div>\n\n\n\n<div class=\"wp-block-media-text has-media-on-the-right is-stacked-on-mobile\"><div class=\"wp-block-media-text__content\">\n<p class=\"has-text-align-center has-text-color has-link-color wp-elements-7962a59a382df8f8683b6698df7885b7\" style=\"color:#775740;font-size:25px\"><strong>PREISLISTE <\/strong><\/p>\n\n\n\n<p class=\"has-text-align-center\" style=\"font-size:16px\"><strong>Bettw\u00e4sche-Set <\/strong>(Kissenbezug + Bettbezug + Laken) <strong>mit Lieferung in die Wohnung<\/strong> = 29,90 PLN*<\/p>\n\n\n\n<p class=\"has-text-align-center has-text-color has-link-color wp-elements-7e1927278aff07d6514a5da8dbd1d1da\" style=\"color:#d7a97d;font-size:22px\"><strong>Bestellen Sie noch heute und genie\u00dfen Sie Frische und Komfort, ohne die Wohnung zu verlassen!<\/strong><\/p>\n\n\n\n<div class=\"wp-block-buttons is-horizontal is-content-justification-center is-layout-flex wp-container-core-buttons-is-layout-499968f5 wp-block-buttons-is-layout-flex\">\n<div class=\"wp-block-button is-style-primary is-style-outline is-style-outline--2\"><a class=\"wp-block-button__link has-white-color has-text-color has-background has-link-color wp-element-button\" href=\"Tel.:+48785913913\" style=\"border-radius:22px;background-color:#d7a97d\"><strong>+48<\/strong> <strong>785-913-319<\/strong><\/a><\/div>\n<\/div>\n\n\n\n<div style=\"height:29px\" aria-hidden=\"true\" class=\"wp-block-spacer\"><\/div>\n\n\n\n<p class=\"has-text-align-left\" style=\"font-size:20px\">*<strong>Wir liefern Bettw\u00e4sche nur zwischen 8:00 und 16:00 Uhr.<\/strong>!<\/p>\n\n\n\n<div style=\"height:23px\" aria-hidden=\"true\" class=\"wp-block-spacer\"><\/div>\n<\/div><figure class=\"wp-block-media-text__media\"><img loading=\"lazy\" decoding=\"async\" width=\"1024\" height=\"795\" src=\"https:\/\/wonderhome.eu\/wp-content\/uploads\/2024\/10\/27-1024x795.jpg\" alt=\"\" class=\"wp-image-3795 size-full\" srcset=\"https:\/\/wonderhome.eu\/wp-content\/uploads\/2024\/10\/27-1024x795.jpg 1024w, https:\/\/wonderhome.eu\/wp-content\/uploads\/2024\/10\/27-300x233.jpg 300w, https:\/\/wonderhome.eu\/wp-content\/uploads\/2024\/10\/27-768x596.jpg 768w, https:\/\/wonderhome.eu\/wp-content\/uploads\/2024\/10\/27-15x12.jpg 15w, https:\/\/wonderhome.eu\/wp-content\/uploads\/2024\/10\/27.jpg 1194w\" sizes=\"auto, (max-width: 1024px) 100vw, 1024px\" \/><\/figure><\/div>\n\n\n\n<div style=\"height:100px\" aria-hidden=\"true\" class=\"wp-block-spacer\"><\/div>\n\n\n\n<div class=\"wp-block-buttons is-content-justification-center is-layout-flex wp-container-core-buttons-is-layout-16018d1d wp-block-buttons-is-layout-flex\">\n<div class=\"wp-block-button\"><a class=\"wp-block-button__link has-background has-text-align-center wp-element-button\" href=\"#g\u00f3ra\" style=\"background-color:#d7a97d\"><strong>Zur\u00fcckkehren<\/strong><\/a><\/div>\n<\/div>\n\n\n\n<div style=\"height:100px\" aria-hidden=\"true\" class=\"wp-block-spacer\"><\/div>","protected":false},"excerpt":{"rendered":"","protected":false},"author":12,"featured_media":5098,"parent":0,"menu_order":0,"comment_status":"closed","ping_status":"closed","template":"","meta":{"_acf_changed":false,"footnotes":""},"class_list":["post-3761","page","type-page","status-publish","has-post-thumbnail","hentry"],"acf":[],"yoast_head":"<!-- This site is optimized with the Yoast SEO plugin v27.4 - https:\/\/yoast.com\/product\/yoast-seo-wordpress\/ -->\n<title>Wymiana po\u015bcieli - Wonder Home<\/title>\n<meta name=\"description\" content=\"Pe\u0142en komfort z Wonder Home - \u015bwie\u017ca po\u015bciel z dostaw\u0105 do apartamentu! Zam\u00f3w wymian\u0119 po\u015bcieli i ciesz si\u0119 spokojnym snem ka\u017cdej nocy.\" \/>\n<meta name=\"robots\" content=\"index, follow, max-snippet:-1, max-image-preview:large, max-video-preview:-1\" \/>\n<link rel=\"canonical\" href=\"https:\/\/wonderhome.eu\/de\/wymiana-poscieli\/\" \/>\n<meta property=\"og:locale\" content=\"de_DE\" \/>\n<meta property=\"og:type\" content=\"article\" \/>\n<meta property=\"og:title\" content=\"Wymiana po\u015bcieli - Wonder Home\" \/>\n<meta property=\"og:description\" content=\"Pe\u0142en komfort z Wonder Home - \u015bwie\u017ca po\u015bciel z dostaw\u0105 do apartamentu! Zam\u00f3w wymian\u0119 po\u015bcieli i ciesz si\u0119 spokojnym snem ka\u017cdej nocy.\" \/>\n<meta property=\"og:url\" content=\"https:\/\/wonderhome.eu\/de\/wymiana-poscieli\/\" \/>\n<meta property=\"og:site_name\" content=\"Wonder Home\" \/>\n<meta property=\"article:modified_time\" content=\"2025-10-21T08:57:13+00:00\" \/>\n<meta property=\"og:image\" content=\"https:\/\/wonderhome.eu\/wp-content\/uploads\/2024\/11\/TAPETA-NA-TOP-60x30-11-min-scaled.jpg\" \/>\n\t<meta property=\"og:image:width\" content=\"1920\" \/>\n\t<meta property=\"og:image:height\" content=\"1080\" \/>\n\t<meta property=\"og:image:type\" content=\"image\/jpeg\" \/>\n<meta name=\"twitter:card\" content=\"summary_large_image\" \/>\n<meta name=\"twitter:label1\" content=\"Gesch\u00e4tzte Lesezeit\" \/>\n\t<meta name=\"twitter:data1\" content=\"2\u00a0Minuten\" \/>\n<script type=\"application\/ld+json\" class=\"yoast-schema-graph\">{\"@context\":\"https:\\\/\\\/schema.org\",\"@graph\":[{\"@type\":\"WebPage\",\"@id\":\"https:\\\/\\\/wonderhome.eu\\\/wymiana-poscieli\",\"url\":\"https:\\\/\\\/wonderhome.eu\\\/wymiana-poscieli\",\"name\":\"Wymiana po\u015bcieli - Wonder Home\",\"isPartOf\":{\"@id\":\"https:\\\/\\\/wonderhome.eu\\\/#website\"},\"primaryImageOfPage\":{\"@id\":\"https:\\\/\\\/wonderhome.eu\\\/wymiana-poscieli#primaryimage\"},\"image\":{\"@id\":\"https:\\\/\\\/wonderhome.eu\\\/wymiana-poscieli#primaryimage\"},\"thumbnailUrl\":\"https:\\\/\\\/wonderhome.eu\\\/wp-content\\\/uploads\\\/2024\\\/11\\\/TAPETA-NA-TOP-60x30-11-min-scaled.jpg\",\"datePublished\":\"2024-10-30T13:27:28+00:00\",\"dateModified\":\"2025-10-21T08:57:13+00:00\",\"description\":\"Pe\u0142en komfort z Wonder Home - \u015bwie\u017ca po\u015bciel z dostaw\u0105 do apartamentu! Zam\u00f3w wymian\u0119 po\u015bcieli i ciesz si\u0119 spokojnym snem ka\u017cdej nocy.\",\"inLanguage\":\"de\",\"potentialAction\":[{\"@type\":\"ReadAction\",\"target\":[\"https:\\\/\\\/wonderhome.eu\\\/wymiana-poscieli\"]}]},{\"@type\":\"ImageObject\",\"inLanguage\":\"de\",\"@id\":\"https:\\\/\\\/wonderhome.eu\\\/wymiana-poscieli#primaryimage\",\"url\":\"https:\\\/\\\/wonderhome.eu\\\/wp-content\\\/uploads\\\/2024\\\/11\\\/TAPETA-NA-TOP-60x30-11-min-scaled.jpg\",\"contentUrl\":\"https:\\\/\\\/wonderhome.eu\\\/wp-content\\\/uploads\\\/2024\\\/11\\\/TAPETA-NA-TOP-60x30-11-min-scaled.jpg\",\"width\":1920,\"height\":1080,\"caption\":\"Personel sprz\u0105taj\u0105cy w trakcie sprz\u0105tania apartamentu Wonder Home\"},{\"@type\":\"WebSite\",\"@id\":\"https:\\\/\\\/wonderhome.eu\\\/#website\",\"url\":\"https:\\\/\\\/wonderhome.eu\\\/\",\"name\":\"Wonder Home\",\"description\":\"\",\"potentialAction\":[{\"@type\":\"SearchAction\",\"target\":{\"@type\":\"EntryPoint\",\"urlTemplate\":\"https:\\\/\\\/wonderhome.eu\\\/?s={search_term_string}\"},\"query-input\":{\"@type\":\"PropertyValueSpecification\",\"valueRequired\":true,\"valueName\":\"search_term_string\"}}],\"inLanguage\":\"de\"}]}<\/script>\n<!-- \/ Yoast SEO plugin. -->","yoast_head_json":{"title":"Bettw\u00e4sche wechseln - Wonder Home","description":"Rundum-Komfort mit Wonder Home \u2013 frische Bettw\u00e4sche direkt in Ihr Apartment geliefert! Bestellen Sie ein neues Bett und genie\u00dfen Sie jede Nacht erholsamen Schlaf.","robots":{"index":"index","follow":"follow","max-snippet":"max-snippet:-1","max-image-preview":"max-image-preview:large","max-video-preview":"max-video-preview:-1"},"canonical":"https:\/\/wonderhome.eu\/de\/wymiana-poscieli\/","og_locale":"de_DE","og_type":"article","og_title":"Wymiana po\u015bcieli - Wonder Home","og_description":"Pe\u0142en komfort z Wonder Home - \u015bwie\u017ca po\u015bciel z dostaw\u0105 do apartamentu! Zam\u00f3w wymian\u0119 po\u015bcieli i ciesz si\u0119 spokojnym snem ka\u017cdej nocy.","og_url":"https:\/\/wonderhome.eu\/de\/wymiana-poscieli\/","og_site_name":"Wonder Home","article_modified_time":"2025-10-21T08:57:13+00:00","og_image":[{"width":1920,"height":1080,"url":"https:\/\/wonderhome.eu\/wp-content\/uploads\/2024\/11\/TAPETA-NA-TOP-60x30-11-min-scaled.jpg","type":"image\/jpeg"}],"twitter_card":"summary_large_image","twitter_misc":{"Gesch\u00e4tzte Lesezeit":"2\u00a0Minuten"},"schema":{"@context":"https:\/\/schema.org","@graph":[{"@type":"WebPage","@id":"https:\/\/wonderhome.eu\/wymiana-poscieli","url":"https:\/\/wonderhome.eu\/wymiana-poscieli","name":"Bettw\u00e4sche wechseln - Wonder Home","isPartOf":{"@id":"https:\/\/wonderhome.eu\/#website"},"primaryImageOfPage":{"@id":"https:\/\/wonderhome.eu\/wymiana-poscieli#primaryimage"},"image":{"@id":"https:\/\/wonderhome.eu\/wymiana-poscieli#primaryimage"},"thumbnailUrl":"https:\/\/wonderhome.eu\/wp-content\/uploads\/2024\/11\/TAPETA-NA-TOP-60x30-11-min-scaled.jpg","datePublished":"2024-10-30T13:27:28+00:00","dateModified":"2025-10-21T08:57:13+00:00","description":"Rundum-Komfort mit Wonder Home \u2013 frische Bettw\u00e4sche direkt in Ihr Apartment geliefert! Bestellen Sie ein neues Bett und genie\u00dfen Sie jede Nacht erholsamen Schlaf.","inLanguage":"de","potentialAction":[{"@type":"ReadAction","target":["https:\/\/wonderhome.eu\/wymiana-poscieli"]}]},{"@type":"ImageObject","inLanguage":"de","@id":"https:\/\/wonderhome.eu\/wymiana-poscieli#primaryimage","url":"https:\/\/wonderhome.eu\/wp-content\/uploads\/2024\/11\/TAPETA-NA-TOP-60x30-11-min-scaled.jpg","contentUrl":"https:\/\/wonderhome.eu\/wp-content\/uploads\/2024\/11\/TAPETA-NA-TOP-60x30-11-min-scaled.jpg","width":1920,"height":1080,"caption":"Personel sprz\u0105taj\u0105cy w trakcie sprz\u0105tania apartamentu Wonder Home"},{"@type":"WebSite","@id":"https:\/\/wonderhome.eu\/#website","url":"https:\/\/wonderhome.eu\/","name":"Wonder Home","description":"","potentialAction":[{"@type":"SearchAction","target":{"@type":"EntryPoint","urlTemplate":"https:\/\/wonderhome.eu\/?s={search_term_string}"},"query-input":{"@type":"PropertyValueSpecification","valueRequired":true,"valueName":"search_term_string"}}],"inLanguage":"de"}]}},"_links":{"self":[{"href":"https:\/\/wonderhome.eu\/de\/wp-json\/wp\/v2\/pages\/3761","targetHints":{"allow":["GET"]}}],"collection":[{"href":"https:\/\/wonderhome.eu\/de\/wp-json\/wp\/v2\/pages"}],"about":[{"href":"https:\/\/wonderhome.eu\/de\/wp-json\/wp\/v2\/types\/page"}],"author":[{"embeddable":true,"href":"https:\/\/wonderhome.eu\/de\/wp-json\/wp\/v2\/users\/12"}],"replies":[{"embeddable":true,"href":"https:\/\/wonderhome.eu\/de\/wp-json\/wp\/v2\/comments?post=3761"}],"version-history":[{"count":2,"href":"https:\/\/wonderhome.eu\/de\/wp-json\/wp\/v2\/pages\/3761\/revisions"}],"predecessor-version":[{"id":7520,"href":"https:\/\/wonderhome.eu\/de\/wp-json\/wp\/v2\/pages\/3761\/revisions\/7520"}],"wp:featuredmedia":[{"embeddable":true,"href":"https:\/\/wonderhome.eu\/de\/wp-json\/wp\/v2\/media\/5098"}],"wp:attachment":[{"href":"https:\/\/wonderhome.eu\/de\/wp-json\/wp\/v2\/media?parent=3761"}],"curies":[{"name":"wp","href":"https:\/\/api.w.org\/{rel}","templated":true}]}}