{"id":3809,"date":"2024-11-28T14:53:25","date_gmt":"2024-11-28T13:53:25","guid":{"rendered":"https:\/\/wonderhome.eu\/?page_id=3809"},"modified":"2025-10-20T13:29:13","modified_gmt":"2025-10-20T11:29:13","slug":"wonder-food","status":"publish","type":"page","link":"https:\/\/wonderhome.eu\/de\/wonder-food","title":{"rendered":"Wonder Food"},"content":{"rendered":"<p class=\"has-text-align-center\"><\/p>\n\n\n\n<div class=\"wp-block-media-text is-stacked-on-mobile\" style=\"grid-template-columns:47% auto\"><figure class=\"wp-block-media-text__media\"><img loading=\"lazy\" decoding=\"async\" width=\"1024\" height=\"685\" src=\"https:\/\/wonderhome.eu\/wp-content\/uploads\/2024\/10\/191-1024x685.jpg\" alt=\"\" class=\"wp-image-3814 size-full\" srcset=\"https:\/\/wonderhome.eu\/wp-content\/uploads\/2024\/10\/191-1024x685.jpg 1024w, https:\/\/wonderhome.eu\/wp-content\/uploads\/2024\/10\/191-300x201.jpg 300w, https:\/\/wonderhome.eu\/wp-content\/uploads\/2024\/10\/191-768x514.jpg 768w, https:\/\/wonderhome.eu\/wp-content\/uploads\/2024\/10\/191-18x12.jpg 18w, https:\/\/wonderhome.eu\/wp-content\/uploads\/2024\/10\/191.jpg 1112w\" sizes=\"auto, (max-width: 1024px) 100vw, 1024px\" \/><\/figure><div class=\"wp-block-media-text__content\">\n<div style=\"height:34px\" aria-hidden=\"true\" class=\"wp-block-spacer\"><\/div>\n\n\n\n<p class=\"has-text-align-center has-text-color has-link-color wp-elements-f221e63b0241a8565677053c9bfceaa7\" style=\"color:#775740;font-size:25px\"><strong>Entdecken Sie die kulinarischen Juwelen von Karpacz mit Wonder Food!<strong> <\/strong> <\/strong><br><strong>Bei Wonder Home lieben wir es, unsere G\u00e4ste zu verw\u00f6hnen!<\/strong><\/p>\n\n\n\n<div style=\"height:25px\" aria-hidden=\"true\" class=\"wp-block-spacer\"><\/div>\n\n\n\n<p class=\"has-text-align-center\" style=\"font-size:20px\">Entdecken Sie einzigartige Orte, die von Wonder Home empfohlen werden: Restaurants, Pizzerien, Caf\u00e9s und Gesch\u00e4fte, in denen Sie k\u00f6stliches Essen mit Charakter genie\u00dfen k\u00f6nnen.<\/p>\n\n\n\n<div style=\"height:21px\" aria-hidden=\"true\" class=\"wp-block-spacer\"><\/div>\n\n\n\n<div class=\"wp-block-buttons is-content-justification-center is-layout-flex wp-container-core-buttons-is-layout-16018d1d wp-block-buttons-is-layout-flex\">\n<div class=\"wp-block-button\"><a class=\"wp-block-button__link has-background has-text-align-center wp-element-button\" href=\"https:\/\/wonderhome.eu\/de\/wonderfood\/karpacz-i-okolice\/\" style=\"background-color:#d7a97d\" target=\"_blank\" rel=\"noreferrer noopener\"><strong>KARPACZ<\/strong> <\/a><\/div>\n\n\n\n<div class=\"wp-block-button\"><a class=\"wp-block-button__link has-background has-text-align-center wp-element-button\" href=\"https:\/\/wonderhome.eu\/de\/wonderfood\/swieradow-zdroj\/\" style=\"background-color:#d7a97d\" target=\"_blank\" rel=\"noreferrer noopener\"><strong>\u015aWIERAD\u00d3W-ZDR\u00d3J<\/strong><\/a><\/div>\n<\/div>\n\n\n\n<div style=\"height:21px\" aria-hidden=\"true\" class=\"wp-block-spacer\"><\/div>\n\n\n\n<p class=\"has-text-align-center has-text-color has-link-color wp-elements-1761db46f2158bcacd81f130923ff6d2\" style=\"color:#775740;font-size:25px\"><strong>Entdecken Sie neue Geschmacksrichtungen und profitieren Sie von exklusiven Privilegien, die nur Wonder-G\u00e4sten zur Verf\u00fcgung stehen.<\/strong><\/p>\n\n\n\n<div style=\"height:26px\" aria-hidden=\"true\" class=\"wp-block-spacer\"><\/div>\n\n\n\n<div style=\"height:49px\" aria-hidden=\"true\" class=\"wp-block-spacer\"><\/div>\n<\/div><\/div>\n\n\n\n<p><\/p>","protected":false},"excerpt":{"rendered":"","protected":false},"author":12,"featured_media":3813,"parent":0,"menu_order":0,"comment_status":"closed","ping_status":"closed","template":"","meta":{"_acf_changed":false,"footnotes":""},"class_list":["post-3809","page","type-page","status-publish","has-post-thumbnail","hentry"],"acf":[],"yoast_head":"<!-- This site is optimized with the Yoast SEO plugin v27.4 - https:\/\/yoast.com\/product\/yoast-seo-wordpress\/ -->\n<title>Wonder Food - Wonder Home<\/title>\n<meta name=\"description\" content=\"Smaczne jedzenie z dostaw\u0105 do apartamentu? Zam\u00f3w i ciesz si\u0119 wyj\u0105tkowym smakiem bez konieczno\u015bci wychodzenia z domu!\" \/>\n<meta name=\"robots\" content=\"index, follow, max-snippet:-1, max-image-preview:large, max-video-preview:-1\" \/>\n<link rel=\"canonical\" href=\"https:\/\/wonderhome.eu\/de\/wonder-food\/\" \/>\n<meta property=\"og:locale\" content=\"de_DE\" \/>\n<meta property=\"og:type\" content=\"article\" \/>\n<meta property=\"og:title\" content=\"Wonder Food - Wonder Home\" \/>\n<meta property=\"og:description\" content=\"Smaczne jedzenie z dostaw\u0105 do apartamentu? Zam\u00f3w i ciesz si\u0119 wyj\u0105tkowym smakiem bez konieczno\u015bci wychodzenia z domu!\" \/>\n<meta property=\"og:url\" content=\"https:\/\/wonderhome.eu\/de\/wonder-food\/\" \/>\n<meta property=\"og:site_name\" content=\"Wonder Home\" \/>\n<meta property=\"article:modified_time\" content=\"2025-10-20T11:29:13+00:00\" \/>\n<meta property=\"og:image\" content=\"https:\/\/wonderhome.eu\/wp-content\/uploads\/2024\/10\/Filmowe-na-strony-2000-x-1200-px-\u2013-kopia-1024x683.png\" \/>\n\t<meta property=\"og:image:width\" content=\"1024\" \/>\n\t<meta property=\"og:image:height\" content=\"683\" \/>\n\t<meta property=\"og:image:type\" content=\"image\/png\" \/>\n<meta name=\"twitter:card\" content=\"summary_large_image\" \/>\n<meta name=\"twitter:label1\" content=\"Gesch\u00e4tzte Lesezeit\" \/>\n\t<meta name=\"twitter:data1\" content=\"2\u00a0Minuten\" \/>\n<script type=\"application\/ld+json\" class=\"yoast-schema-graph\">{\"@context\":\"https:\\\/\\\/schema.org\",\"@graph\":[{\"@type\":\"WebPage\",\"@id\":\"https:\\\/\\\/wonderhome.eu\\\/wonder-food\",\"url\":\"https:\\\/\\\/wonderhome.eu\\\/wonder-food\",\"name\":\"Wonder Food - Wonder Home\",\"isPartOf\":{\"@id\":\"https:\\\/\\\/wonderhome.eu\\\/#website\"},\"primaryImageOfPage\":{\"@id\":\"https:\\\/\\\/wonderhome.eu\\\/wonder-food#primaryimage\"},\"image\":{\"@id\":\"https:\\\/\\\/wonderhome.eu\\\/wonder-food#primaryimage\"},\"thumbnailUrl\":\"https:\\\/\\\/wonderhome.eu\\\/wp-content\\\/uploads\\\/2024\\\/10\\\/Filmowe-na-strony-2000-x-1200-px-\u2013-kopia.png\",\"datePublished\":\"2024-11-28T13:53:25+00:00\",\"dateModified\":\"2025-10-20T11:29:13+00:00\",\"description\":\"Smaczne jedzenie z dostaw\u0105 do apartamentu? Zam\u00f3w i ciesz si\u0119 wyj\u0105tkowym smakiem bez konieczno\u015bci wychodzenia z domu!\",\"inLanguage\":\"de\",\"potentialAction\":[{\"@type\":\"ReadAction\",\"target\":[\"https:\\\/\\\/wonderhome.eu\\\/wonder-food\"]}]},{\"@type\":\"ImageObject\",\"inLanguage\":\"de\",\"@id\":\"https:\\\/\\\/wonderhome.eu\\\/wonder-food#primaryimage\",\"url\":\"https:\\\/\\\/wonderhome.eu\\\/wp-content\\\/uploads\\\/2024\\\/10\\\/Filmowe-na-strony-2000-x-1200-px-\u2013-kopia.png\",\"contentUrl\":\"https:\\\/\\\/wonderhome.eu\\\/wp-content\\\/uploads\\\/2024\\\/10\\\/Filmowe-na-strony-2000-x-1200-px-\u2013-kopia.png\",\"width\":1798,\"height\":1200},{\"@type\":\"WebSite\",\"@id\":\"https:\\\/\\\/wonderhome.eu\\\/#website\",\"url\":\"https:\\\/\\\/wonderhome.eu\\\/\",\"name\":\"Wonder Home\",\"description\":\"\",\"potentialAction\":[{\"@type\":\"SearchAction\",\"target\":{\"@type\":\"EntryPoint\",\"urlTemplate\":\"https:\\\/\\\/wonderhome.eu\\\/?s={search_term_string}\"},\"query-input\":{\"@type\":\"PropertyValueSpecification\",\"valueRequired\":true,\"valueName\":\"search_term_string\"}}],\"inLanguage\":\"de\"}]}<\/script>\n<!-- \/ Yoast SEO plugin. -->","yoast_head_json":{"title":"Wundernahrung - Wunderhaus","description":"M\u00f6chten Sie leckeres Essen direkt nach Hause geliefert bekommen? Bestellen Sie jetzt und genie\u00dfen Sie au\u00dfergew\u00f6hnlichen Geschmack, ohne das Haus zu verlassen!","robots":{"index":"index","follow":"follow","max-snippet":"max-snippet:-1","max-image-preview":"max-image-preview:large","max-video-preview":"max-video-preview:-1"},"canonical":"https:\/\/wonderhome.eu\/de\/wonder-food\/","og_locale":"de_DE","og_type":"article","og_title":"Wonder Food - Wonder Home","og_description":"Smaczne jedzenie z dostaw\u0105 do apartamentu? Zam\u00f3w i ciesz si\u0119 wyj\u0105tkowym smakiem bez konieczno\u015bci wychodzenia z domu!","og_url":"https:\/\/wonderhome.eu\/de\/wonder-food\/","og_site_name":"Wonder Home","article_modified_time":"2025-10-20T11:29:13+00:00","og_image":[{"width":1024,"height":683,"url":"https:\/\/wonderhome.eu\/wp-content\/uploads\/2024\/10\/Filmowe-na-strony-2000-x-1200-px-\u2013-kopia-1024x683.png","type":"image\/png"}],"twitter_card":"summary_large_image","twitter_misc":{"Gesch\u00e4tzte Lesezeit":"2\u00a0Minuten"},"schema":{"@context":"https:\/\/schema.org","@graph":[{"@type":"WebPage","@id":"https:\/\/wonderhome.eu\/wonder-food","url":"https:\/\/wonderhome.eu\/wonder-food","name":"Wundernahrung - Wunderhaus","isPartOf":{"@id":"https:\/\/wonderhome.eu\/#website"},"primaryImageOfPage":{"@id":"https:\/\/wonderhome.eu\/wonder-food#primaryimage"},"image":{"@id":"https:\/\/wonderhome.eu\/wonder-food#primaryimage"},"thumbnailUrl":"https:\/\/wonderhome.eu\/wp-content\/uploads\/2024\/10\/Filmowe-na-strony-2000-x-1200-px-\u2013-kopia.png","datePublished":"2024-11-28T13:53:25+00:00","dateModified":"2025-10-20T11:29:13+00:00","description":"M\u00f6chten Sie leckeres Essen direkt nach Hause geliefert bekommen? Bestellen Sie jetzt und genie\u00dfen Sie au\u00dfergew\u00f6hnlichen Geschmack, ohne das Haus zu verlassen!","inLanguage":"de","potentialAction":[{"@type":"ReadAction","target":["https:\/\/wonderhome.eu\/wonder-food"]}]},{"@type":"ImageObject","inLanguage":"de","@id":"https:\/\/wonderhome.eu\/wonder-food#primaryimage","url":"https:\/\/wonderhome.eu\/wp-content\/uploads\/2024\/10\/Filmowe-na-strony-2000-x-1200-px-\u2013-kopia.png","contentUrl":"https:\/\/wonderhome.eu\/wp-content\/uploads\/2024\/10\/Filmowe-na-strony-2000-x-1200-px-\u2013-kopia.png","width":1798,"height":1200},{"@type":"WebSite","@id":"https:\/\/wonderhome.eu\/#website","url":"https:\/\/wonderhome.eu\/","name":"Wonder Home","description":"","potentialAction":[{"@type":"SearchAction","target":{"@type":"EntryPoint","urlTemplate":"https:\/\/wonderhome.eu\/?s={search_term_string}"},"query-input":{"@type":"PropertyValueSpecification","valueRequired":true,"valueName":"search_term_string"}}],"inLanguage":"de"}]}},"_links":{"self":[{"href":"https:\/\/wonderhome.eu\/de\/wp-json\/wp\/v2\/pages\/3809","targetHints":{"allow":["GET"]}}],"collection":[{"href":"https:\/\/wonderhome.eu\/de\/wp-json\/wp\/v2\/pages"}],"about":[{"href":"https:\/\/wonderhome.eu\/de\/wp-json\/wp\/v2\/types\/page"}],"author":[{"embeddable":true,"href":"https:\/\/wonderhome.eu\/de\/wp-json\/wp\/v2\/users\/12"}],"replies":[{"embeddable":true,"href":"https:\/\/wonderhome.eu\/de\/wp-json\/wp\/v2\/comments?post=3809"}],"version-history":[{"count":9,"href":"https:\/\/wonderhome.eu\/de\/wp-json\/wp\/v2\/pages\/3809\/revisions"}],"predecessor-version":[{"id":7463,"href":"https:\/\/wonderhome.eu\/de\/wp-json\/wp\/v2\/pages\/3809\/revisions\/7463"}],"wp:featuredmedia":[{"embeddable":true,"href":"https:\/\/wonderhome.eu\/de\/wp-json\/wp\/v2\/media\/3813"}],"wp:attachment":[{"href":"https:\/\/wonderhome.eu\/de\/wp-json\/wp\/v2\/media?parent=3809"}],"curies":[{"name":"wp","href":"https:\/\/api.w.org\/{rel}","templated":true}]}}