{"id":3811,"date":"2024-10-31T12:43:36","date_gmt":"2024-10-31T11:43:36","guid":{"rendered":"https:\/\/wonderhome.eu\/?page_id=3811"},"modified":"2024-11-29T14:52:19","modified_gmt":"2024-11-29T13:52:19","slug":"rzecznik-praw-goscia","status":"publish","type":"page","link":"https:\/\/wonderhome.eu\/de\/rzecznik-praw-goscia","title":{"rendered":"Ombudsmann f\u00fcr G\u00e4sterechte"},"content":{"rendered":"<div class=\"wp-block-media-text is-stacked-on-mobile\" style=\"grid-template-columns:40% auto\"><figure class=\"wp-block-media-text__media\"><img loading=\"lazy\" decoding=\"async\" width=\"619\" height=\"866\" src=\"https:\/\/wonderhome.eu\/wp-content\/uploads\/2024\/10\/20.png\" alt=\"\" class=\"wp-image-3819 size-full\" srcset=\"https:\/\/wonderhome.eu\/wp-content\/uploads\/2024\/10\/20.png 619w, https:\/\/wonderhome.eu\/wp-content\/uploads\/2024\/10\/20-214x300.png 214w, https:\/\/wonderhome.eu\/wp-content\/uploads\/2024\/10\/20-9x12.png 9w\" sizes=\"auto, (max-width: 619px) 100vw, 619px\" \/><\/figure><div class=\"wp-block-media-text__content\">\n<h2 class=\"wp-block-heading has-text-align-left has-text-color has-link-color wp-elements-426ece41ae3fee558c1bead20a565e3d\" style=\"color:#d7a97d\">Wir m\u00f6chten, dass sich Wonder Home-G\u00e4ste bei uns wie zu Hause f\u00fchlen. <br>Wir bem\u00fchen uns, ihnen einen komfortablen Aufenthalt in sauberen und luxuri\u00f6sen Apartments zu erm\u00f6glichen. <\/h2>\n\n\n\n<p class=\"has-text-align-left has-medium-font-size\">Um noch besser auf die Bed\u00fcrfnisse unserer G\u00e4ste eingehen zu k\u00f6nnen, haben wir Folgendes eingerichtet: <strong>G\u00e4ste-Ombudsmann<\/strong>der sich st\u00e4ndig um ihr Wohlbefinden und ihren Komfort k\u00fcmmert.<\/p>\n\n\n\n<div style=\"height:33px\" aria-hidden=\"true\" class=\"wp-block-spacer\"><\/div>\n\n\n\n<hr class=\"wp-block-separator has-alpha-channel-opacity\"\/>\n\n\n\n<div style=\"height:33px\" aria-hidden=\"true\" class=\"wp-block-spacer\"><\/div>\n\n\n\n<h2 class=\"wp-block-heading\" style=\"font-size:22px\"><strong>Mein Name ist Aneta Czechowska und ich bin die G\u00e4ste-Ombudsfrau.<\/strong><\/h2>\n\n\n\n<p class=\"has-medium-font-size\">Ich werde immer an Ihrer Seite stehen und f\u00fcr Ihr Wohlbefinden und Ihre Sicherheit sorgen. Ich glaube von ganzem Herzen, dass v <strong>Wonder Home<\/strong> Sie werden Ihre Traumruhe finden.<\/p>\n\n\n\n<p class=\"has-medium-font-size\"><strong>Denken Sie jedoch daran, dass ich f\u00fcr Sie da bin, wenn Sie etwas verpassen.<\/strong><\/p>\n\n\n\n<div style=\"height:33px\" aria-hidden=\"true\" class=\"wp-block-spacer\"><\/div>\n\n\n\n<hr class=\"wp-block-separator has-alpha-channel-opacity\"\/>\n\n\n\n<div style=\"height:33px\" aria-hidden=\"true\" class=\"wp-block-spacer\"><\/div>\n\n\n\n<p class=\"has-medium-font-size\"><strong>KONTAKT<\/strong><br>E-Mail: <a href=\"mailto:ac@wonderhome.eu\" target=\"_blank\" rel=\"noreferrer noopener\">ac@wonderhome.eu<\/a><br>Telefon: <strong>+48\u00a0690 176 535<\/strong>\u00a0<\/p>\n<\/div><\/div>\n\n\n\n<p><\/p>","protected":false},"excerpt":{"rendered":"","protected":false},"author":12,"featured_media":5086,"parent":0,"menu_order":0,"comment_status":"closed","ping_status":"closed","template":"","meta":{"_acf_changed":false,"footnotes":""},"class_list":["post-3811","page","type-page","status-publish","has-post-thumbnail","hentry"],"acf":[],"yoast_head":"<!-- This site is optimized with the Yoast SEO plugin v27.4 - https:\/\/yoast.com\/product\/yoast-seo-wordpress\/ -->\n<title>Rzecznik Praw Go\u015bcia - Wonder Home<\/title>\n<meta name=\"description\" content=\"W Wonder Home priorytetem jest dobro naszych Go\u015bci. Nasz Rzecznik Praw Go\u015bcia zagwarantuje Ci wsparcie, aby Tw\u00f3j pobyt by\u0142 niezapomniany.\" \/>\n<meta name=\"robots\" content=\"index, follow, max-snippet:-1, max-image-preview:large, max-video-preview:-1\" \/>\n<link rel=\"canonical\" href=\"https:\/\/wonderhome.eu\/de\/rzecznik-praw-goscia\/\" \/>\n<meta property=\"og:locale\" content=\"de_DE\" \/>\n<meta property=\"og:type\" content=\"article\" \/>\n<meta property=\"og:title\" content=\"Rzecznik Praw Go\u015bcia - Wonder Home\" \/>\n<meta property=\"og:description\" content=\"W Wonder Home priorytetem jest dobro naszych Go\u015bci. Nasz Rzecznik Praw Go\u015bcia zagwarantuje Ci wsparcie, aby Tw\u00f3j pobyt by\u0142 niezapomniany.\" \/>\n<meta property=\"og:url\" content=\"https:\/\/wonderhome.eu\/de\/rzecznik-praw-goscia\/\" \/>\n<meta property=\"og:site_name\" content=\"Wonder Home\" \/>\n<meta property=\"article:modified_time\" content=\"2024-11-29T13:52:19+00:00\" \/>\n<meta property=\"og:image\" content=\"https:\/\/wonderhome.eu\/wp-content\/uploads\/2024\/11\/TAPETA-NA-TOP-60x30-min-1024x576.png\" \/>\n\t<meta property=\"og:image:width\" content=\"1024\" \/>\n\t<meta property=\"og:image:height\" content=\"576\" \/>\n\t<meta property=\"og:image:type\" content=\"image\/png\" \/>\n<meta name=\"twitter:card\" content=\"summary_large_image\" \/>\n<meta name=\"twitter:label1\" content=\"Gesch\u00e4tzte Lesezeit\" \/>\n\t<meta name=\"twitter:data1\" content=\"2\u00a0Minuten\" \/>\n<script type=\"application\/ld+json\" class=\"yoast-schema-graph\">{\"@context\":\"https:\\\/\\\/schema.org\",\"@graph\":[{\"@type\":\"WebPage\",\"@id\":\"https:\\\/\\\/wonderhome.eu\\\/rzecznik-praw-goscia\",\"url\":\"https:\\\/\\\/wonderhome.eu\\\/rzecznik-praw-goscia\",\"name\":\"Rzecznik Praw Go\u015bcia - Wonder Home\",\"isPartOf\":{\"@id\":\"https:\\\/\\\/wonderhome.eu\\\/#website\"},\"primaryImageOfPage\":{\"@id\":\"https:\\\/\\\/wonderhome.eu\\\/rzecznik-praw-goscia#primaryimage\"},\"image\":{\"@id\":\"https:\\\/\\\/wonderhome.eu\\\/rzecznik-praw-goscia#primaryimage\"},\"thumbnailUrl\":\"https:\\\/\\\/wonderhome.eu\\\/wp-content\\\/uploads\\\/2024\\\/11\\\/TAPETA-NA-TOP-60x30-min-scaled.png\",\"datePublished\":\"2024-10-31T11:43:36+00:00\",\"dateModified\":\"2024-11-29T13:52:19+00:00\",\"description\":\"W Wonder Home priorytetem jest dobro naszych Go\u015bci. Nasz Rzecznik Praw Go\u015bcia zagwarantuje Ci wsparcie, aby Tw\u00f3j pobyt by\u0142 niezapomniany.\",\"inLanguage\":\"de\",\"potentialAction\":[{\"@type\":\"ReadAction\",\"target\":[\"https:\\\/\\\/wonderhome.eu\\\/rzecznik-praw-goscia\"]}]},{\"@type\":\"ImageObject\",\"inLanguage\":\"de\",\"@id\":\"https:\\\/\\\/wonderhome.eu\\\/rzecznik-praw-goscia#primaryimage\",\"url\":\"https:\\\/\\\/wonderhome.eu\\\/wp-content\\\/uploads\\\/2024\\\/11\\\/TAPETA-NA-TOP-60x30-min-scaled.png\",\"contentUrl\":\"https:\\\/\\\/wonderhome.eu\\\/wp-content\\\/uploads\\\/2024\\\/11\\\/TAPETA-NA-TOP-60x30-min-scaled.png\",\"width\":1920,\"height\":1080},{\"@type\":\"WebSite\",\"@id\":\"https:\\\/\\\/wonderhome.eu\\\/#website\",\"url\":\"https:\\\/\\\/wonderhome.eu\\\/\",\"name\":\"Wonder Home\",\"description\":\"\",\"potentialAction\":[{\"@type\":\"SearchAction\",\"target\":{\"@type\":\"EntryPoint\",\"urlTemplate\":\"https:\\\/\\\/wonderhome.eu\\\/?s={search_term_string}\"},\"query-input\":{\"@type\":\"PropertyValueSpecification\",\"valueRequired\":true,\"valueName\":\"search_term_string\"}}],\"inLanguage\":\"de\"}]}<\/script>\n<!-- \/ Yoast SEO plugin. -->","yoast_head_json":{"title":"Ombudsmann f\u00fcr G\u00e4sterechte - Wonder Home","description":"Bei Wonder Home steht das Wohlbefinden unserer G\u00e4ste an erster Stelle. Unser G\u00e4steberater unterst\u00fctzt Sie dabei, Ihren Aufenthalt unvergesslich zu machen.","robots":{"index":"index","follow":"follow","max-snippet":"max-snippet:-1","max-image-preview":"max-image-preview:large","max-video-preview":"max-video-preview:-1"},"canonical":"https:\/\/wonderhome.eu\/de\/rzecznik-praw-goscia\/","og_locale":"de_DE","og_type":"article","og_title":"Rzecznik Praw Go\u015bcia - Wonder Home","og_description":"W Wonder Home priorytetem jest dobro naszych Go\u015bci. Nasz Rzecznik Praw Go\u015bcia zagwarantuje Ci wsparcie, aby Tw\u00f3j pobyt by\u0142 niezapomniany.","og_url":"https:\/\/wonderhome.eu\/de\/rzecznik-praw-goscia\/","og_site_name":"Wonder Home","article_modified_time":"2024-11-29T13:52:19+00:00","og_image":[{"width":1024,"height":576,"url":"https:\/\/wonderhome.eu\/wp-content\/uploads\/2024\/11\/TAPETA-NA-TOP-60x30-min-1024x576.png","type":"image\/png"}],"twitter_card":"summary_large_image","twitter_misc":{"Gesch\u00e4tzte Lesezeit":"2\u00a0Minuten"},"schema":{"@context":"https:\/\/schema.org","@graph":[{"@type":"WebPage","@id":"https:\/\/wonderhome.eu\/rzecznik-praw-goscia","url":"https:\/\/wonderhome.eu\/rzecznik-praw-goscia","name":"Ombudsmann f\u00fcr G\u00e4sterechte - Wonder Home","isPartOf":{"@id":"https:\/\/wonderhome.eu\/#website"},"primaryImageOfPage":{"@id":"https:\/\/wonderhome.eu\/rzecznik-praw-goscia#primaryimage"},"image":{"@id":"https:\/\/wonderhome.eu\/rzecznik-praw-goscia#primaryimage"},"thumbnailUrl":"https:\/\/wonderhome.eu\/wp-content\/uploads\/2024\/11\/TAPETA-NA-TOP-60x30-min-scaled.png","datePublished":"2024-10-31T11:43:36+00:00","dateModified":"2024-11-29T13:52:19+00:00","description":"Bei Wonder Home steht das Wohlbefinden unserer G\u00e4ste an erster Stelle. Unser G\u00e4steberater unterst\u00fctzt Sie dabei, Ihren Aufenthalt unvergesslich zu machen.","inLanguage":"de","potentialAction":[{"@type":"ReadAction","target":["https:\/\/wonderhome.eu\/rzecznik-praw-goscia"]}]},{"@type":"ImageObject","inLanguage":"de","@id":"https:\/\/wonderhome.eu\/rzecznik-praw-goscia#primaryimage","url":"https:\/\/wonderhome.eu\/wp-content\/uploads\/2024\/11\/TAPETA-NA-TOP-60x30-min-scaled.png","contentUrl":"https:\/\/wonderhome.eu\/wp-content\/uploads\/2024\/11\/TAPETA-NA-TOP-60x30-min-scaled.png","width":1920,"height":1080},{"@type":"WebSite","@id":"https:\/\/wonderhome.eu\/#website","url":"https:\/\/wonderhome.eu\/","name":"Wonder Home","description":"","potentialAction":[{"@type":"SearchAction","target":{"@type":"EntryPoint","urlTemplate":"https:\/\/wonderhome.eu\/?s={search_term_string}"},"query-input":{"@type":"PropertyValueSpecification","valueRequired":true,"valueName":"search_term_string"}}],"inLanguage":"de"}]}},"_links":{"self":[{"href":"https:\/\/wonderhome.eu\/de\/wp-json\/wp\/v2\/pages\/3811","targetHints":{"allow":["GET"]}}],"collection":[{"href":"https:\/\/wonderhome.eu\/de\/wp-json\/wp\/v2\/pages"}],"about":[{"href":"https:\/\/wonderhome.eu\/de\/wp-json\/wp\/v2\/types\/page"}],"author":[{"embeddable":true,"href":"https:\/\/wonderhome.eu\/de\/wp-json\/wp\/v2\/users\/12"}],"replies":[{"embeddable":true,"href":"https:\/\/wonderhome.eu\/de\/wp-json\/wp\/v2\/comments?post=3811"}],"version-history":[{"count":0,"href":"https:\/\/wonderhome.eu\/de\/wp-json\/wp\/v2\/pages\/3811\/revisions"}],"wp:featuredmedia":[{"embeddable":true,"href":"https:\/\/wonderhome.eu\/de\/wp-json\/wp\/v2\/media\/5086"}],"wp:attachment":[{"href":"https:\/\/wonderhome.eu\/de\/wp-json\/wp\/v2\/media?parent=3811"}],"curies":[{"name":"wp","href":"https:\/\/api.w.org\/{rel}","templated":true}]}}