{"id":4022,"date":"2024-11-12T12:24:49","date_gmt":"2024-11-12T11:24:49","guid":{"rendered":"https:\/\/wonderhome.eu\/?page_id=4022"},"modified":"2024-11-29T10:28:14","modified_gmt":"2024-11-29T09:28:14","slug":"menadzer-biznesu","status":"publish","type":"page","link":"https:\/\/wonderhome.eu\/de\/menadzer-biznesu","title":{"rendered":"Gesch\u00e4ftsf\u00fchrer"},"content":{"rendered":"<div class=\"wp-block-media-text is-stacked-on-mobile\" style=\"grid-template-columns:40% auto\"><figure class=\"wp-block-media-text__media\"><img loading=\"lazy\" decoding=\"async\" width=\"628\" height=\"938\" src=\"https:\/\/wonderhome.eu\/wp-content\/uploads\/2024\/11\/Ikony-na-witryny-31.png\" alt=\"\" class=\"wp-image-4045 size-full\" srcset=\"https:\/\/wonderhome.eu\/wp-content\/uploads\/2024\/11\/Ikony-na-witryny-31.png 628w, https:\/\/wonderhome.eu\/wp-content\/uploads\/2024\/11\/Ikony-na-witryny-31-201x300.png 201w, https:\/\/wonderhome.eu\/wp-content\/uploads\/2024\/11\/Ikony-na-witryny-31-8x12.png 8w, https:\/\/wonderhome.eu\/wp-content\/uploads\/2024\/11\/Ikony-na-witryny-31-600x896.png 600w\" sizes=\"auto, (max-width: 628px) 100vw, 628px\" \/><\/figure><div class=\"wp-block-media-text__content\">\n<h2 class=\"wp-block-heading has-text-align-left has-text-color has-link-color wp-elements-3e7aadcba8c09ff683f13b69c74351af\" style=\"color:#d7a97d\">Wir m\u00f6chten, dass Wonder Home-Besitzer fortlaufend Zugriff auf Informationen \u00fcber den Mietfortschritt und die Finanzergebnisse haben.<\/h2>\n\n\n\n<p class=\"has-text-align-left has-medium-font-size\">Um noch besser auf die Bed\u00fcrfnisse der Eigent\u00fcmer eingehen zu k\u00f6nnen, haben wir Folgendes eingerichtet:&nbsp;<strong>Gesch\u00e4ftsf\u00fchrer<\/strong>, was hohe Gewinne aus der Vermietung von Wohnungen sichert. Jeden Tag verwaltet er Preise und Beschr\u00e4nkungen, analysiert den Markt und erstellt eine Verkaufsstrategie.<\/p>\n\n\n\n<div style=\"height:33px\" aria-hidden=\"true\" class=\"wp-block-spacer\"><\/div>\n\n\n\n<hr class=\"wp-block-separator has-alpha-channel-opacity\"\/>\n\n\n\n<div style=\"height:33px\" aria-hidden=\"true\" class=\"wp-block-spacer\"><\/div>\n\n\n\n<h2 class=\"wp-block-heading\" style=\"font-size:22px\"><strong>Mein Name ist Katarzyna Pop\u0142awska und ich bin die Gesch\u00e4ftsf\u00fchrerin.<\/strong><\/h2>\n\n\n\n<p class=\"has-medium-font-size\">Ich bin verantwortlich f\u00fcr die Umsatzsteigerung, Gewinn- und Rentabilit\u00e4tsmaximierung, au\u00dferdem f\u00fcr die Analyse von Marktdaten, die Verfolgung von Trends in der Hotelbranche und die Erforschung des Verbraucherverhaltens.<\/p>\n\n\n\n<p class=\"has-medium-font-size\">Ich bin immer bereit zu reden und zu helfen. Ich glaube von ganzem Herzen, dass z&nbsp;<strong>Wonder Home<\/strong>&nbsp;Sie werden ein solides Gesch\u00e4ft aufbauen und ein zufriedenstellendes Einkommen erzielen.<\/p>\n\n\n\n<p class=\"has-medium-font-size\"><strong>Denken Sie daran, dass ich zu Ihrer Verf\u00fcgung stehe.<\/strong><\/p>\n\n\n\n<div style=\"height:33px\" aria-hidden=\"true\" class=\"wp-block-spacer\"><\/div>\n\n\n\n<hr class=\"wp-block-separator has-alpha-channel-opacity\"\/>\n\n\n\n<div style=\"height:33px\" aria-hidden=\"true\" class=\"wp-block-spacer\"><\/div>\n\n\n\n<p class=\"has-medium-font-size\"><strong>KONTAKT<\/strong><br>E-Mail: <a href=\"mailto:ac@wonderhome.eu\" target=\"_blank\" rel=\"noreferrer noopener\">kp@wonderhome.eu<\/a><br>Telefon: <strong>+48 780 155 568<\/strong>&nbsp;<\/p>\n<\/div><\/div>\n\n\n\n<p><\/p>","protected":false},"excerpt":{"rendered":"","protected":false},"author":12,"featured_media":4311,"parent":0,"menu_order":0,"comment_status":"closed","ping_status":"closed","template":"","meta":{"_acf_changed":false,"footnotes":""},"class_list":["post-4022","page","type-page","status-publish","has-post-thumbnail","hentry"],"acf":[],"yoast_head":"<!-- This site is optimized with the Yoast SEO plugin v27.4 - https:\/\/yoast.com\/product\/yoast-seo-wordpress\/ -->\n<title>Menad\u017cer Biznesu - Wonder Home<\/title>\n<meta name=\"description\" content=\"Profesjonalne zarz\u0105dzanie wynajmem apartament\u00f3w w Wonder Home. Zyskaj maksymalizacj\u0119 dochod\u00f3w dzi\u0119ki wsp\u00f3\u0142pracy z Menad\u017cerem Biznesu.\" \/>\n<meta name=\"robots\" content=\"index, follow, max-snippet:-1, max-image-preview:large, max-video-preview:-1\" \/>\n<link rel=\"canonical\" href=\"https:\/\/wonderhome.eu\/de\/menadzer-biznesu\/\" \/>\n<meta property=\"og:locale\" content=\"de_DE\" \/>\n<meta property=\"og:type\" content=\"article\" \/>\n<meta property=\"og:title\" content=\"Menad\u017cer Biznesu - Wonder Home\" \/>\n<meta property=\"og:description\" content=\"Profesjonalne zarz\u0105dzanie wynajmem apartament\u00f3w w Wonder Home. Zyskaj maksymalizacj\u0119 dochod\u00f3w dzi\u0119ki wsp\u00f3\u0142pracy z Menad\u017cerem Biznesu.\" \/>\n<meta property=\"og:url\" content=\"https:\/\/wonderhome.eu\/de\/menadzer-biznesu\/\" \/>\n<meta property=\"og:site_name\" content=\"Wonder Home\" \/>\n<meta property=\"article:modified_time\" content=\"2024-11-29T09:28:14+00:00\" \/>\n<meta property=\"og:image\" content=\"https:\/\/wonderhome.eu\/wp-content\/uploads\/2024\/11\/KAFLE-min.jpg\" \/>\n\t<meta property=\"og:image:width\" content=\"940\" \/>\n\t<meta property=\"og:image:height\" content=\"788\" \/>\n\t<meta property=\"og:image:type\" content=\"image\/jpeg\" \/>\n<meta name=\"twitter:card\" content=\"summary_large_image\" \/>\n<meta name=\"twitter:label1\" content=\"Gesch\u00e4tzte Lesezeit\" \/>\n\t<meta name=\"twitter:data1\" content=\"2\u00a0Minuten\" \/>\n<script type=\"application\/ld+json\" class=\"yoast-schema-graph\">{\"@context\":\"https:\\\/\\\/schema.org\",\"@graph\":[{\"@type\":\"WebPage\",\"@id\":\"https:\\\/\\\/wonderhome.eu\\\/menadzer-biznesu\",\"url\":\"https:\\\/\\\/wonderhome.eu\\\/menadzer-biznesu\",\"name\":\"Menad\u017cer Biznesu - Wonder Home\",\"isPartOf\":{\"@id\":\"https:\\\/\\\/wonderhome.eu\\\/#website\"},\"primaryImageOfPage\":{\"@id\":\"https:\\\/\\\/wonderhome.eu\\\/menadzer-biznesu#primaryimage\"},\"image\":{\"@id\":\"https:\\\/\\\/wonderhome.eu\\\/menadzer-biznesu#primaryimage\"},\"thumbnailUrl\":\"https:\\\/\\\/wonderhome.eu\\\/wp-content\\\/uploads\\\/2024\\\/11\\\/KAFLE-min.jpg\",\"datePublished\":\"2024-11-12T11:24:49+00:00\",\"dateModified\":\"2024-11-29T09:28:14+00:00\",\"description\":\"Profesjonalne zarz\u0105dzanie wynajmem apartament\u00f3w w Wonder Home. Zyskaj maksymalizacj\u0119 dochod\u00f3w dzi\u0119ki wsp\u00f3\u0142pracy z Menad\u017cerem Biznesu.\",\"inLanguage\":\"de\",\"potentialAction\":[{\"@type\":\"ReadAction\",\"target\":[\"https:\\\/\\\/wonderhome.eu\\\/menadzer-biznesu\"]}]},{\"@type\":\"ImageObject\",\"inLanguage\":\"de\",\"@id\":\"https:\\\/\\\/wonderhome.eu\\\/menadzer-biznesu#primaryimage\",\"url\":\"https:\\\/\\\/wonderhome.eu\\\/wp-content\\\/uploads\\\/2024\\\/11\\\/KAFLE-min.jpg\",\"contentUrl\":\"https:\\\/\\\/wonderhome.eu\\\/wp-content\\\/uploads\\\/2024\\\/11\\\/KAFLE-min.jpg\",\"width\":940,\"height\":788},{\"@type\":\"WebSite\",\"@id\":\"https:\\\/\\\/wonderhome.eu\\\/#website\",\"url\":\"https:\\\/\\\/wonderhome.eu\\\/\",\"name\":\"Wonder Home\",\"description\":\"\",\"potentialAction\":[{\"@type\":\"SearchAction\",\"target\":{\"@type\":\"EntryPoint\",\"urlTemplate\":\"https:\\\/\\\/wonderhome.eu\\\/?s={search_term_string}\"},\"query-input\":{\"@type\":\"PropertyValueSpecification\",\"valueRequired\":true,\"valueName\":\"search_term_string\"}}],\"inLanguage\":\"de\"}]}<\/script>\n<!-- \/ Yoast SEO plugin. -->","yoast_head_json":{"title":"Gesch\u00e4ftsf\u00fchrer \u2013 Wonder Home","description":"Professionelles Apartment-Mietmanagement bei Wonder Home. Maximieren Sie Ihr Einkommen durch die Zusammenarbeit mit einem Business Manager.","robots":{"index":"index","follow":"follow","max-snippet":"max-snippet:-1","max-image-preview":"max-image-preview:large","max-video-preview":"max-video-preview:-1"},"canonical":"https:\/\/wonderhome.eu\/de\/menadzer-biznesu\/","og_locale":"de_DE","og_type":"article","og_title":"Menad\u017cer Biznesu - Wonder Home","og_description":"Profesjonalne zarz\u0105dzanie wynajmem apartament\u00f3w w Wonder Home. Zyskaj maksymalizacj\u0119 dochod\u00f3w dzi\u0119ki wsp\u00f3\u0142pracy z Menad\u017cerem Biznesu.","og_url":"https:\/\/wonderhome.eu\/de\/menadzer-biznesu\/","og_site_name":"Wonder Home","article_modified_time":"2024-11-29T09:28:14+00:00","og_image":[{"width":940,"height":788,"url":"https:\/\/wonderhome.eu\/wp-content\/uploads\/2024\/11\/KAFLE-min.jpg","type":"image\/jpeg"}],"twitter_card":"summary_large_image","twitter_misc":{"Gesch\u00e4tzte Lesezeit":"2\u00a0Minuten"},"schema":{"@context":"https:\/\/schema.org","@graph":[{"@type":"WebPage","@id":"https:\/\/wonderhome.eu\/menadzer-biznesu","url":"https:\/\/wonderhome.eu\/menadzer-biznesu","name":"Gesch\u00e4ftsf\u00fchrer \u2013 Wonder Home","isPartOf":{"@id":"https:\/\/wonderhome.eu\/#website"},"primaryImageOfPage":{"@id":"https:\/\/wonderhome.eu\/menadzer-biznesu#primaryimage"},"image":{"@id":"https:\/\/wonderhome.eu\/menadzer-biznesu#primaryimage"},"thumbnailUrl":"https:\/\/wonderhome.eu\/wp-content\/uploads\/2024\/11\/KAFLE-min.jpg","datePublished":"2024-11-12T11:24:49+00:00","dateModified":"2024-11-29T09:28:14+00:00","description":"Professionelles Apartment-Mietmanagement bei Wonder Home. Maximieren Sie Ihr Einkommen durch die Zusammenarbeit mit einem Business Manager.","inLanguage":"de","potentialAction":[{"@type":"ReadAction","target":["https:\/\/wonderhome.eu\/menadzer-biznesu"]}]},{"@type":"ImageObject","inLanguage":"de","@id":"https:\/\/wonderhome.eu\/menadzer-biznesu#primaryimage","url":"https:\/\/wonderhome.eu\/wp-content\/uploads\/2024\/11\/KAFLE-min.jpg","contentUrl":"https:\/\/wonderhome.eu\/wp-content\/uploads\/2024\/11\/KAFLE-min.jpg","width":940,"height":788},{"@type":"WebSite","@id":"https:\/\/wonderhome.eu\/#website","url":"https:\/\/wonderhome.eu\/","name":"Wonder Home","description":"","potentialAction":[{"@type":"SearchAction","target":{"@type":"EntryPoint","urlTemplate":"https:\/\/wonderhome.eu\/?s={search_term_string}"},"query-input":{"@type":"PropertyValueSpecification","valueRequired":true,"valueName":"search_term_string"}}],"inLanguage":"de"}]}},"_links":{"self":[{"href":"https:\/\/wonderhome.eu\/de\/wp-json\/wp\/v2\/pages\/4022","targetHints":{"allow":["GET"]}}],"collection":[{"href":"https:\/\/wonderhome.eu\/de\/wp-json\/wp\/v2\/pages"}],"about":[{"href":"https:\/\/wonderhome.eu\/de\/wp-json\/wp\/v2\/types\/page"}],"author":[{"embeddable":true,"href":"https:\/\/wonderhome.eu\/de\/wp-json\/wp\/v2\/users\/12"}],"replies":[{"embeddable":true,"href":"https:\/\/wonderhome.eu\/de\/wp-json\/wp\/v2\/comments?post=4022"}],"version-history":[{"count":0,"href":"https:\/\/wonderhome.eu\/de\/wp-json\/wp\/v2\/pages\/4022\/revisions"}],"wp:featuredmedia":[{"embeddable":true,"href":"https:\/\/wonderhome.eu\/de\/wp-json\/wp\/v2\/media\/4311"}],"wp:attachment":[{"href":"https:\/\/wonderhome.eu\/de\/wp-json\/wp\/v2\/media?parent=4022"}],"curies":[{"name":"wp","href":"https:\/\/api.w.org\/{rel}","templated":true}]}}