{"id":4301,"date":"2024-11-14T10:24:26","date_gmt":"2024-11-14T09:24:26","guid":{"rendered":"https:\/\/wonderhome.eu\/?page_id=4301"},"modified":"2025-10-21T10:40:00","modified_gmt":"2025-10-21T08:40:00","slug":"pakiety-spa","status":"publish","type":"page","link":"https:\/\/wonderhome.eu\/de\/pakiety-spa","title":{"rendered":"SPA-Pakete"},"content":{"rendered":"<p class=\"has-text-align-center\"><\/p>\n\n\n\n<div class=\"wp-block-media-text is-stacked-on-mobile\"><figure class=\"wp-block-media-text__media\"><img loading=\"lazy\" decoding=\"async\" width=\"1024\" height=\"700\" src=\"https:\/\/wonderhome.eu\/wp-content\/uploads\/2024\/11\/Kopia-Eliza-\u2013-Wonder-World-idea-1920-x-1080-px-1-1024x700.png\" alt=\"\" class=\"wp-image-4303 size-full\" srcset=\"https:\/\/wonderhome.eu\/wp-content\/uploads\/2024\/11\/Kopia-Eliza-\u2013-Wonder-World-idea-1920-x-1080-px-1-1024x700.png 1024w, https:\/\/wonderhome.eu\/wp-content\/uploads\/2024\/11\/Kopia-Eliza-\u2013-Wonder-World-idea-1920-x-1080-px-1-300x205.png 300w, https:\/\/wonderhome.eu\/wp-content\/uploads\/2024\/11\/Kopia-Eliza-\u2013-Wonder-World-idea-1920-x-1080-px-1-768x525.png 768w, https:\/\/wonderhome.eu\/wp-content\/uploads\/2024\/11\/Kopia-Eliza-\u2013-Wonder-World-idea-1920-x-1080-px-1-18x12.png 18w, https:\/\/wonderhome.eu\/wp-content\/uploads\/2024\/11\/Kopia-Eliza-\u2013-Wonder-World-idea-1920-x-1080-px-1.png 1319w\" sizes=\"auto, (max-width: 1024px) 100vw, 1024px\" \/><\/figure><div class=\"wp-block-media-text__content\">\n<h2 class=\"wp-block-heading has-text-align-center has-text-color has-link-color wp-elements-229009a35bad25a00457a1806de1ea14\" id=\"g\u00f3ra\" style=\"color:#775740;font-size:25px\"><strong>Entdecken Sie die Welt der wahren Entspannung dank der speziell zusammengestellten Prestige-SPA-Pakete, die wir speziell f\u00fcr die G\u00e4ste der Wonder Home Apartments zusammengestellt haben. <\/strong><\/h2>\n\n\n\n<p style=\"font-size:20px\">Willkommen bei <strong>das beste Wellness-K\u00f6nigreich in Karpacz<\/strong>, wo jede Behandlung auf Ihre individuellen Bed\u00fcrfnisse und Erwartungen zugeschnitten ist.<\/p>\n\n\n\n<p style=\"font-size:20px\">Die Preise unserer Luxuspakete f\u00fcr Wonder Home-G\u00e4ste sind deutlich g\u00fcnstiger als Einzelbehandlungen, die direkt im SPA bestellt werden.&nbsp;<strong>Genie\u00dfen Sie h\u00f6chste Qualit\u00e4t ohne \u00fcberm\u00e4\u00dfige Kosten!<\/strong><\/p>\n\n\n\n<p class=\"has-medium-font-size\">Lernen Sie es kennen <span style=\"color:#d7a97d\"><strong>4 einzigartige SPA-Pakete<\/strong><\/span> und g\u00f6nnen Sie sich einen Moment der wohligen Entspannung mit Ihren Liebsten!<\/p>\n\n\n\n<div style=\"height:27px\" aria-hidden=\"true\" class=\"wp-block-spacer\"><\/div>\n\n\n\n<div class=\"wp-block-buttons is-content-justification-center is-layout-flex wp-container-core-buttons-is-layout-16018d1d wp-block-buttons-is-layout-flex\">\n<div class=\"wp-block-button\"><a class=\"wp-block-button__link has-background has-medium-font-size has-custom-font-size wp-element-button\" href=\"https:\/\/wonderhome.eu\/wp-content\/uploads\/2024\/09\/Oferta-cennik-Prestige-SPA-4-pakiety.pdf\" style=\"background-color:#d7a97d\"><strong>Informant<\/strong><\/a><\/div>\n<\/div>\n\n\n\n<div style=\"height:26px\" aria-hidden=\"true\" class=\"wp-block-spacer\"><\/div>\n<\/div><\/div>\n\n\n\n<div style=\"height:78px\" aria-hidden=\"true\" class=\"wp-block-spacer\"><\/div>\n\n\n\n<div class=\"wp-block-cover alignfull is-light has-parallax has-small-font-size\" style=\"min-height:130px;aspect-ratio:unset;\"><div class=\"wp-block-cover__image-background wp-image-3915 has-parallax\" style=\"background-position:50% 50%;background-image:url(https:\/\/wonderhome.eu\/wp-content\/uploads\/2024\/11\/Header-statyczny-1920-x-1080-px-1920-x-1080-px-2.jpg)\"><\/div><span aria-hidden=\"true\" class=\"wp-block-cover__background has-background-dim-40 has-background-dim\" style=\"background-color:#b5a38f\"><\/span><div class=\"wp-block-cover__inner-container is-layout-constrained wp-block-cover-is-layout-constrained\">\n<p class=\"has-text-align-center has-white-color has-text-color has-link-color has-x-large-font-size wp-elements-5ab1365e367ed4220a0c8e7923f4915a\">4 Prestige SPA-Pakete<\/p>\n<\/div><\/div>\n\n\n\n<div style=\"height:78px\" aria-hidden=\"true\" class=\"wp-block-spacer\"><\/div>\n\n\n\n<div style=\"height:39px\" aria-hidden=\"true\" class=\"wp-block-spacer\"><\/div>\n\n\n\n<div class=\"wp-block-media-text has-media-on-the-right is-stacked-on-mobile\"><div class=\"wp-block-media-text__content\">\n<p class=\"has-text-align-center has-text-color has-link-color wp-elements-53ef1c8e6806b4cd4b7914b38a77c6d1\" style=\"color:#775740;font-size:25px\"><strong>Paket<\/strong> <strong>Wunderfrau<\/strong><\/p>\n\n\n\n<p class=\"has-text-align-center\" style=\"font-size:20px\">Ein sorgf\u00e4ltig zusammengestelltes Paket an SPA-Behandlungen! Eine perfekte Idee f\u00fcr einen M\u00e4delsabend alleine oder mit einer Gruppe von Freunden. Schenken Sie sich Entspannung und Entspannung. Warten Sie nicht \u2013 beschenken Sie sich selbst!<\/p>\n\n\n\n<p class=\"has-text-align-center has-text-color has-link-color has-medium-font-size wp-elements-5ec4573c5e0deec80b5d82ec01ab4dc8\" style=\"color:#d7a97d\"><strong>Gesamtdauer der Behandlungen im Paket: 240 Minuten.<\/strong><\/p>\n\n\n<div class=\"wp-block-image\">\n<figure class=\"aligncenter size-full\"><img loading=\"lazy\" decoding=\"async\" width=\"479\" height=\"172\" src=\"https:\/\/wonderhome.eu\/wp-content\/uploads\/2024\/11\/Zrzut-ekranu-2024-11-14-101533.png\" alt=\"\" class=\"wp-image-4332\" srcset=\"https:\/\/wonderhome.eu\/wp-content\/uploads\/2024\/11\/Zrzut-ekranu-2024-11-14-101533.png 479w, https:\/\/wonderhome.eu\/wp-content\/uploads\/2024\/11\/Zrzut-ekranu-2024-11-14-101533-300x108.png 300w, https:\/\/wonderhome.eu\/wp-content\/uploads\/2024\/11\/Zrzut-ekranu-2024-11-14-101533-18x6.png 18w\" sizes=\"auto, (max-width: 479px) 100vw, 479px\" \/><\/figure>\n<\/div>\n\n\n<p class=\"has-text-align-center has-text-color has-link-color has-medium-font-size wp-elements-e695fbda13a261bfecfcf7fa7ebecb1c\" style=\"color:#d7a97d\"><strong>Gesamtpreis f\u00fcr 1 Person - 720 PLN\/<s>890 PLN.<\/s><\/strong><\/p>\n\n\n\n<div style=\"height:31px\" aria-hidden=\"true\" class=\"wp-block-spacer\"><\/div>\n\n\n\n<h2 class=\"wp-block-heading has-text-align-center has-text-color has-link-color has-medium-font-size wp-elements-1f742fc5a150dd4bb8fa25dd5e141baa\" style=\"color:#601a1a\"><strong>Tel.:&nbsp;<a href=\"tel:+48757618522\" target=\"_blank\" rel=\"noreferrer noopener\">75 761 85 22<\/a><br>E-Mail:&nbsp;<a href=\"mailto:spa@artusresort.pl\" target=\"_blank\" rel=\"noreferrer noopener\">spa@artusresort.pl<\/a><\/strong><\/h2>\n\n\n\n<div style=\"height:23px\" aria-hidden=\"true\" class=\"wp-block-spacer\"><\/div>\n<\/div><figure class=\"wp-block-media-text__media\"><img loading=\"lazy\" decoding=\"async\" width=\"1024\" height=\"653\" src=\"https:\/\/wonderhome.eu\/wp-content\/uploads\/2024\/11\/111-1024x653.jpg\" alt=\"\" class=\"wp-image-4866 size-full\" srcset=\"https:\/\/wonderhome.eu\/wp-content\/uploads\/2024\/11\/111-1024x653.jpg 1024w, https:\/\/wonderhome.eu\/wp-content\/uploads\/2024\/11\/111-300x191.jpg 300w, https:\/\/wonderhome.eu\/wp-content\/uploads\/2024\/11\/111-768x490.jpg 768w, https:\/\/wonderhome.eu\/wp-content\/uploads\/2024\/11\/111-18x12.jpg 18w, https:\/\/wonderhome.eu\/wp-content\/uploads\/2024\/11\/111.jpg 1223w\" sizes=\"auto, (max-width: 1024px) 100vw, 1024px\" \/><\/figure><\/div>\n\n\n\n<div style=\"height:57px\" aria-hidden=\"true\" class=\"wp-block-spacer\"><\/div>\n\n\n\n<div class=\"wp-block-media-text is-stacked-on-mobile\"><figure class=\"wp-block-media-text__media\"><img loading=\"lazy\" decoding=\"async\" width=\"1024\" height=\"710\" src=\"https:\/\/wonderhome.eu\/wp-content\/uploads\/2024\/11\/12-min-4-1024x710.jpg\" alt=\"\" class=\"wp-image-4868 size-full\" srcset=\"https:\/\/wonderhome.eu\/wp-content\/uploads\/2024\/11\/12-min-4-1024x710.jpg 1024w, https:\/\/wonderhome.eu\/wp-content\/uploads\/2024\/11\/12-min-4-300x208.jpg 300w, https:\/\/wonderhome.eu\/wp-content\/uploads\/2024\/11\/12-min-4-768x533.jpg 768w, https:\/\/wonderhome.eu\/wp-content\/uploads\/2024\/11\/12-min-4-18x12.jpg 18w, https:\/\/wonderhome.eu\/wp-content\/uploads\/2024\/11\/12-min-4.jpg 1153w\" sizes=\"auto, (max-width: 1024px) 100vw, 1024px\" \/><\/figure><div class=\"wp-block-media-text__content\">\n<p class=\"has-text-align-center has-text-color has-link-color wp-elements-871e60d5e045d47fe9f3db536f168f1d\" style=\"color:#775740;font-size:25px\"><strong>Paket<\/strong> <strong>Wunderliebe<\/strong><\/p>\n\n\n\n<p class=\"has-text-align-center\" style=\"font-size:20px\">Kombinieren Sie aufregende Momente zu zweit in den Wonder Home Apartments mit einem speziellen PRESTIGE SPA-Behandlungspaket! Schauen Sie sich das einzigartige Angebot an, das wir f\u00fcr Sie und Ihre andere H\u00e4lfte vorbereitet haben!<\/p>\n\n\n\n<p class=\"has-text-align-center has-text-color has-link-color has-medium-font-size wp-elements-97011ea63f8ed3492847f289e71b37f5\" style=\"color:#d7a97d\"><strong><strong>Gesamtbehandlungszeit im Paket f\u00fcr jede Person \u2013 100 Minuten.<\/strong><\/strong><\/p>\n\n\n\n<p style=\"font-size:18px\">Eine Paarbehandlung in einer Praxis ist ein wahrer Genuss <strong>Ganzk\u00f6rper-, Nacken- und Kopfmassagezeremonie<\/strong>, das mit einer warmen Kerze hergestellt wird. Der Massage geht f\u00fcr jede Person ein nat\u00fcrliches Kr\u00e4uterpeeling voraus.<\/p>\n\n\n\n<p class=\"has-text-align-center has-text-color has-link-color has-medium-font-size wp-elements-c8c54486d12b071ef3920b344a27e248\" style=\"color:#d7a97d\"><strong>Gesamtpreis f\u00fcr 2 Personen: 740 PLN\/<s>880 PLN.<\/s><\/strong><\/p>\n\n\n\n<div style=\"height:31px\" aria-hidden=\"true\" class=\"wp-block-spacer\"><\/div>\n\n\n\n<h2 class=\"wp-block-heading has-text-align-center has-text-color has-link-color has-medium-font-size wp-elements-1f742fc5a150dd4bb8fa25dd5e141baa\" style=\"color:#601a1a\"><strong>Tel.:&nbsp;<a href=\"tel:+48757618522\" target=\"_blank\" rel=\"noreferrer noopener\">75 761 85 22<\/a><br>E-Mail:&nbsp;<a href=\"mailto:spa@artusresort.pl\" target=\"_blank\" rel=\"noreferrer noopener\">spa@artusresort.pl<\/a><\/strong><\/h2>\n\n\n\n<div style=\"height:23px\" aria-hidden=\"true\" class=\"wp-block-spacer\"><\/div>\n<\/div><\/div>\n\n\n\n<div style=\"height:57px\" aria-hidden=\"true\" class=\"wp-block-spacer\"><\/div>\n\n\n\n<div class=\"wp-block-media-text has-media-on-the-right is-stacked-on-mobile\"><div class=\"wp-block-media-text__content\">\n<p class=\"has-text-align-center has-text-color has-link-color wp-elements-9485c1ec3b87b4f845fa13c645862549\" style=\"color:#775740;font-size:25px\"><strong>Paket<\/strong> <strong>Wundereltern<\/strong><\/p>\n\n\n\n<p class=\"has-text-align-center\" style=\"font-size:20px\">Liebe Wonder-Eltern! Wir haben f\u00fcr Sie ein sorgf\u00e4ltig zusammengestelltes Paket an SPA-Behandlungen, kombiniert mit einem Angebot an komfortablen Apartments.<\/p>\n\n\n\n<p class=\"has-text-align-center has-text-color has-link-color has-medium-font-size wp-elements-b1a59077a0f11915c07995181797f85e\" style=\"color:#d7a97d\"><strong>Gesamtzeit f\u00fcr 1 Person 165 Min.\/2 Std. 45 Min.<\/strong><\/p>\n\n\n<div class=\"wp-block-image\">\n<figure class=\"aligncenter size-full\"><img loading=\"lazy\" decoding=\"async\" width=\"533\" height=\"306\" src=\"https:\/\/wonderhome.eu\/wp-content\/uploads\/2024\/11\/Zrzut-ekranu-2024-11-14-113147.png\" alt=\"\" class=\"wp-image-4345\" srcset=\"https:\/\/wonderhome.eu\/wp-content\/uploads\/2024\/11\/Zrzut-ekranu-2024-11-14-113147.png 533w, https:\/\/wonderhome.eu\/wp-content\/uploads\/2024\/11\/Zrzut-ekranu-2024-11-14-113147-300x172.png 300w, https:\/\/wonderhome.eu\/wp-content\/uploads\/2024\/11\/Zrzut-ekranu-2024-11-14-113147-18x10.png 18w\" sizes=\"auto, (max-width: 533px) 100vw, 533px\" \/><\/figure>\n<\/div>\n\n\n<p class=\"has-text-align-center has-text-color has-link-color has-medium-font-size wp-elements-a1c708a456baf9019da08bf630ce665e\" style=\"color:#d7a97d\"><strong>Gesamtpreis f\u00fcr 1 Person - 720 PLN\/890 PLN.<\/strong><\/p>\n\n\n\n<div style=\"height:31px\" aria-hidden=\"true\" class=\"wp-block-spacer\"><\/div>\n\n\n\n<h2 class=\"wp-block-heading has-text-align-center has-text-color has-link-color has-medium-font-size wp-elements-1f742fc5a150dd4bb8fa25dd5e141baa\" style=\"color:#601a1a\"><strong>Tel.:&nbsp;<a href=\"tel:+48757618522\" target=\"_blank\" rel=\"noreferrer noopener\">75 761 85 22<\/a><br>E-Mail:&nbsp;<a href=\"mailto:spa@artusresort.pl\" target=\"_blank\" rel=\"noreferrer noopener\">spa@artusresort.pl<\/a><\/strong><\/h2>\n\n\n\n<div style=\"height:23px\" aria-hidden=\"true\" class=\"wp-block-spacer\"><\/div>\n<\/div><figure class=\"wp-block-media-text__media\"><img loading=\"lazy\" decoding=\"async\" width=\"1024\" height=\"712\" src=\"https:\/\/wonderhome.eu\/wp-content\/uploads\/2024\/11\/131-min-1024x712.jpg\" alt=\"\" class=\"wp-image-4869 size-full\" srcset=\"https:\/\/wonderhome.eu\/wp-content\/uploads\/2024\/11\/131-min-1024x712.jpg 1024w, https:\/\/wonderhome.eu\/wp-content\/uploads\/2024\/11\/131-min-300x208.jpg 300w, https:\/\/wonderhome.eu\/wp-content\/uploads\/2024\/11\/131-min-768x534.jpg 768w, https:\/\/wonderhome.eu\/wp-content\/uploads\/2024\/11\/131-min-18x12.jpg 18w, https:\/\/wonderhome.eu\/wp-content\/uploads\/2024\/11\/131-min.jpg 1239w\" sizes=\"auto, (max-width: 1024px) 100vw, 1024px\" \/><\/figure><\/div>\n\n\n\n<div style=\"height:57px\" aria-hidden=\"true\" class=\"wp-block-spacer\"><\/div>\n\n\n\n<div class=\"wp-block-media-text is-stacked-on-mobile\"><figure class=\"wp-block-media-text__media\"><img loading=\"lazy\" decoding=\"async\" width=\"1024\" height=\"734\" src=\"https:\/\/wonderhome.eu\/wp-content\/uploads\/2024\/11\/14-min-4-1024x734.jpg\" alt=\"\" class=\"wp-image-4870 size-full\" srcset=\"https:\/\/wonderhome.eu\/wp-content\/uploads\/2024\/11\/14-min-4-1024x734.jpg 1024w, https:\/\/wonderhome.eu\/wp-content\/uploads\/2024\/11\/14-min-4-300x215.jpg 300w, https:\/\/wonderhome.eu\/wp-content\/uploads\/2024\/11\/14-min-4-768x550.jpg 768w, https:\/\/wonderhome.eu\/wp-content\/uploads\/2024\/11\/14-min-4-18x12.jpg 18w, https:\/\/wonderhome.eu\/wp-content\/uploads\/2024\/11\/14-min-4.jpg 1181w\" sizes=\"auto, (max-width: 1024px) 100vw, 1024px\" \/><\/figure><div class=\"wp-block-media-text__content\">\n<p class=\"has-text-align-center has-text-color has-link-color wp-elements-5577e3d99d139e13bc50cb3506f03966\" style=\"color:#775740;font-size:25px\"><strong>Paket<\/strong> <strong>Wunderwerk<\/strong><\/p>\n\n\n\n<p class=\"has-text-align-center\" style=\"font-size:20px\">F\u00fcr alle vielbesch\u00e4ftigten Menschen haben wir ein sorgf\u00e4ltig zusammengestelltes Paket (bis zu 7 Stunden) im renommierten PRESTIGE SPA in Karpacz vorbereitet! Wie lange bleiben Sie in den Wonder Home Apartments?<\/p>\n\n\n\n<p class=\"has-text-align-center has-text-color has-link-color has-medium-font-size wp-elements-25216ae7b57fbcd6ba8fbe601da8a991\" style=\"color:#d7a97d\"><strong><strong>Gesamtbehandlungszeit im Paket f\u00fcr jede Person \u2013 420 Minuten.<\/strong><\/strong><\/p>\n\n\n<div class=\"wp-block-image\">\n<figure class=\"aligncenter size-full\"><img loading=\"lazy\" decoding=\"async\" width=\"517\" height=\"228\" src=\"https:\/\/wonderhome.eu\/wp-content\/uploads\/2024\/11\/wwwZrzut-ekranu-2024-11-14-120213.png\" alt=\"\" class=\"wp-image-4353\" srcset=\"https:\/\/wonderhome.eu\/wp-content\/uploads\/2024\/11\/wwwZrzut-ekranu-2024-11-14-120213.png 517w, https:\/\/wonderhome.eu\/wp-content\/uploads\/2024\/11\/wwwZrzut-ekranu-2024-11-14-120213-300x132.png 300w, https:\/\/wonderhome.eu\/wp-content\/uploads\/2024\/11\/wwwZrzut-ekranu-2024-11-14-120213-18x8.png 18w\" sizes=\"auto, (max-width: 517px) 100vw, 517px\" \/><\/figure>\n<\/div>\n\n\n<p class=\"has-text-align-center has-text-color has-link-color has-medium-font-size wp-elements-6ddf9462000ee3ea8d792935ebb6f6aa\" style=\"color:#d7a97d\"><strong>Gesamtpreis f\u00fcr 1 Person: 1.550 PLN\/<s>1.810 PLN<\/s>.<\/strong><\/p>\n\n\n\n<div style=\"height:31px\" aria-hidden=\"true\" class=\"wp-block-spacer\"><\/div>\n\n\n\n<h2 class=\"wp-block-heading has-text-align-center has-text-color has-link-color has-medium-font-size wp-elements-1f742fc5a150dd4bb8fa25dd5e141baa\" style=\"color:#601a1a\"><strong>Tel.:&nbsp;<a href=\"tel:+48757618522\" target=\"_blank\" rel=\"noreferrer noopener\">75 761 85 22<\/a><br>E-Mail:&nbsp;<a href=\"mailto:spa@artusresort.pl\" target=\"_blank\" rel=\"noreferrer noopener\">spa@artusresort.pl<\/a><\/strong><\/h2>\n\n\n\n<div style=\"height:23px\" aria-hidden=\"true\" class=\"wp-block-spacer\"><\/div>\n<\/div><\/div>\n\n\n\n<div style=\"height:112px\" aria-hidden=\"true\" class=\"wp-block-spacer\"><\/div>\n\n\n\n<div class=\"wp-block-cover alignfull is-light has-parallax has-small-font-size\" style=\"min-height:130px;aspect-ratio:unset;\"><div class=\"wp-block-cover__image-background wp-image-3915 has-parallax\" style=\"background-position:50% 50%;background-image:url(https:\/\/wonderhome.eu\/wp-content\/uploads\/2024\/11\/Header-statyczny-1920-x-1080-px-1920-x-1080-px-2.jpg)\"><\/div><span aria-hidden=\"true\" class=\"wp-block-cover__background has-background-dim-40 has-background-dim\" style=\"background-color:#b5a38f\"><\/span><div class=\"wp-block-cover__inner-container is-layout-constrained wp-block-cover-is-layout-constrained\">\n<p class=\"has-text-align-center has-white-color has-text-color has-link-color has-x-large-font-size wp-elements-3d269617c3acf71542ec576fd5dadf56\">Prestige-SPA<br>Stra\u00dfe Wilcza 9<br>58-540 Karpacz<\/p>\n<\/div><\/div>\n\n\n\n<div style=\"height:100px\" aria-hidden=\"true\" class=\"wp-block-spacer\"><\/div>\n\n\n\n<div class=\"wp-block-buttons is-content-justification-center is-layout-flex wp-container-core-buttons-is-layout-16018d1d wp-block-buttons-is-layout-flex\">\n<div class=\"wp-block-button\"><a class=\"wp-block-button__link has-background has-text-align-center wp-element-button\" href=\"#g\u00f3ra\" style=\"background-color:#d7a97d\"><strong>Zur\u00fcckkehren<\/strong><\/a><\/div>\n<\/div>\n\n\n\n<div style=\"height:100px\" aria-hidden=\"true\" class=\"wp-block-spacer\"><\/div>","protected":false},"excerpt":{"rendered":"","protected":false},"author":12,"featured_media":5121,"parent":0,"menu_order":0,"comment_status":"closed","ping_status":"closed","template":"","meta":{"_acf_changed":false,"footnotes":""},"class_list":["post-4301","page","type-page","status-publish","has-post-thumbnail","hentry"],"acf":[],"yoast_head":"<!-- This site is optimized with the Yoast SEO plugin v27.4 - https:\/\/yoast.com\/product\/yoast-seo-wordpress\/ -->\n<title>Pakiety SPA - Wonder Home<\/title>\n<meta name=\"description\" content=\"Wonder SPA to wyj\u0105tkowe pakiety Prestige SPA dla Go\u015bci Wonder Home \u2013 relaks i regeneracja w luksusowej atmosferze!\" \/>\n<meta name=\"robots\" content=\"index, follow, max-snippet:-1, max-image-preview:large, max-video-preview:-1\" \/>\n<link rel=\"canonical\" href=\"https:\/\/wonderhome.eu\/de\/pakiety-spa\/\" \/>\n<meta property=\"og:locale\" content=\"de_DE\" \/>\n<meta property=\"og:type\" content=\"article\" \/>\n<meta property=\"og:title\" content=\"Pakiety SPA - Wonder Home\" \/>\n<meta property=\"og:description\" content=\"Wonder SPA to wyj\u0105tkowe pakiety Prestige SPA dla Go\u015bci Wonder Home \u2013 relaks i regeneracja w luksusowej atmosferze!\" \/>\n<meta property=\"og:url\" content=\"https:\/\/wonderhome.eu\/de\/pakiety-spa\/\" \/>\n<meta property=\"og:site_name\" content=\"Wonder Home\" \/>\n<meta property=\"article:modified_time\" content=\"2025-10-21T08:40:00+00:00\" \/>\n<meta property=\"og:image\" content=\"https:\/\/wonderhome.eu\/wp-content\/uploads\/2024\/11\/TAPETA-NA-TOP-60x30-14-min-scaled.jpg\" \/>\n\t<meta property=\"og:image:width\" content=\"1920\" \/>\n\t<meta property=\"og:image:height\" content=\"1080\" \/>\n\t<meta property=\"og:image:type\" content=\"image\/jpeg\" \/>\n<meta name=\"twitter:card\" content=\"summary_large_image\" \/>\n<meta name=\"twitter:label1\" content=\"Gesch\u00e4tzte Lesezeit\" \/>\n\t<meta name=\"twitter:data1\" content=\"5\u00a0Minuten\" \/>\n<script type=\"application\/ld+json\" class=\"yoast-schema-graph\">{\"@context\":\"https:\\\/\\\/schema.org\",\"@graph\":[{\"@type\":\"WebPage\",\"@id\":\"https:\\\/\\\/wonderhome.eu\\\/pakiety-spa\",\"url\":\"https:\\\/\\\/wonderhome.eu\\\/pakiety-spa\",\"name\":\"Pakiety SPA - Wonder Home\",\"isPartOf\":{\"@id\":\"https:\\\/\\\/wonderhome.eu\\\/#website\"},\"primaryImageOfPage\":{\"@id\":\"https:\\\/\\\/wonderhome.eu\\\/pakiety-spa#primaryimage\"},\"image\":{\"@id\":\"https:\\\/\\\/wonderhome.eu\\\/pakiety-spa#primaryimage\"},\"thumbnailUrl\":\"https:\\\/\\\/wonderhome.eu\\\/wp-content\\\/uploads\\\/2024\\\/11\\\/TAPETA-NA-TOP-60x30-14-min-scaled.jpg\",\"datePublished\":\"2024-11-14T09:24:26+00:00\",\"dateModified\":\"2025-10-21T08:40:00+00:00\",\"description\":\"Wonder SPA to wyj\u0105tkowe pakiety Prestige SPA dla Go\u015bci Wonder Home \u2013 relaks i regeneracja w luksusowej atmosferze!\",\"inLanguage\":\"de\",\"potentialAction\":[{\"@type\":\"ReadAction\",\"target\":[\"https:\\\/\\\/wonderhome.eu\\\/pakiety-spa\"]}]},{\"@type\":\"ImageObject\",\"inLanguage\":\"de\",\"@id\":\"https:\\\/\\\/wonderhome.eu\\\/pakiety-spa#primaryimage\",\"url\":\"https:\\\/\\\/wonderhome.eu\\\/wp-content\\\/uploads\\\/2024\\\/11\\\/TAPETA-NA-TOP-60x30-14-min-scaled.jpg\",\"contentUrl\":\"https:\\\/\\\/wonderhome.eu\\\/wp-content\\\/uploads\\\/2024\\\/11\\\/TAPETA-NA-TOP-60x30-14-min-scaled.jpg\",\"width\":1920,\"height\":1080},{\"@type\":\"WebSite\",\"@id\":\"https:\\\/\\\/wonderhome.eu\\\/#website\",\"url\":\"https:\\\/\\\/wonderhome.eu\\\/\",\"name\":\"Wonder Home\",\"description\":\"\",\"potentialAction\":[{\"@type\":\"SearchAction\",\"target\":{\"@type\":\"EntryPoint\",\"urlTemplate\":\"https:\\\/\\\/wonderhome.eu\\\/?s={search_term_string}\"},\"query-input\":{\"@type\":\"PropertyValueSpecification\",\"valueRequired\":true,\"valueName\":\"search_term_string\"}}],\"inLanguage\":\"de\"}]}<\/script>\n<!-- \/ Yoast SEO plugin. -->","yoast_head_json":{"title":"SPA-Pakete - Wonder Home","description":"Wonder SPA bietet einzigartige Prestige SPA-Pakete f\u00fcr Wonder Home-G\u00e4ste \u2013 Entspannung und Regeneration in luxuri\u00f6ser Atmosph\u00e4re!","robots":{"index":"index","follow":"follow","max-snippet":"max-snippet:-1","max-image-preview":"max-image-preview:large","max-video-preview":"max-video-preview:-1"},"canonical":"https:\/\/wonderhome.eu\/de\/pakiety-spa\/","og_locale":"de_DE","og_type":"article","og_title":"Pakiety SPA - Wonder Home","og_description":"Wonder SPA to wyj\u0105tkowe pakiety Prestige SPA dla Go\u015bci Wonder Home \u2013 relaks i regeneracja w luksusowej atmosferze!","og_url":"https:\/\/wonderhome.eu\/de\/pakiety-spa\/","og_site_name":"Wonder Home","article_modified_time":"2025-10-21T08:40:00+00:00","og_image":[{"width":1920,"height":1080,"url":"https:\/\/wonderhome.eu\/wp-content\/uploads\/2024\/11\/TAPETA-NA-TOP-60x30-14-min-scaled.jpg","type":"image\/jpeg"}],"twitter_card":"summary_large_image","twitter_misc":{"Gesch\u00e4tzte Lesezeit":"5\u00a0Minuten"},"schema":{"@context":"https:\/\/schema.org","@graph":[{"@type":"WebPage","@id":"https:\/\/wonderhome.eu\/pakiety-spa","url":"https:\/\/wonderhome.eu\/pakiety-spa","name":"SPA-Pakete - Wonder Home","isPartOf":{"@id":"https:\/\/wonderhome.eu\/#website"},"primaryImageOfPage":{"@id":"https:\/\/wonderhome.eu\/pakiety-spa#primaryimage"},"image":{"@id":"https:\/\/wonderhome.eu\/pakiety-spa#primaryimage"},"thumbnailUrl":"https:\/\/wonderhome.eu\/wp-content\/uploads\/2024\/11\/TAPETA-NA-TOP-60x30-14-min-scaled.jpg","datePublished":"2024-11-14T09:24:26+00:00","dateModified":"2025-10-21T08:40:00+00:00","description":"Wonder SPA bietet einzigartige Prestige SPA-Pakete f\u00fcr Wonder Home-G\u00e4ste \u2013 Entspannung und Regeneration in luxuri\u00f6ser Atmosph\u00e4re!","inLanguage":"de","potentialAction":[{"@type":"ReadAction","target":["https:\/\/wonderhome.eu\/pakiety-spa"]}]},{"@type":"ImageObject","inLanguage":"de","@id":"https:\/\/wonderhome.eu\/pakiety-spa#primaryimage","url":"https:\/\/wonderhome.eu\/wp-content\/uploads\/2024\/11\/TAPETA-NA-TOP-60x30-14-min-scaled.jpg","contentUrl":"https:\/\/wonderhome.eu\/wp-content\/uploads\/2024\/11\/TAPETA-NA-TOP-60x30-14-min-scaled.jpg","width":1920,"height":1080},{"@type":"WebSite","@id":"https:\/\/wonderhome.eu\/#website","url":"https:\/\/wonderhome.eu\/","name":"Wonder Home","description":"","potentialAction":[{"@type":"SearchAction","target":{"@type":"EntryPoint","urlTemplate":"https:\/\/wonderhome.eu\/?s={search_term_string}"},"query-input":{"@type":"PropertyValueSpecification","valueRequired":true,"valueName":"search_term_string"}}],"inLanguage":"de"}]}},"_links":{"self":[{"href":"https:\/\/wonderhome.eu\/de\/wp-json\/wp\/v2\/pages\/4301","targetHints":{"allow":["GET"]}}],"collection":[{"href":"https:\/\/wonderhome.eu\/de\/wp-json\/wp\/v2\/pages"}],"about":[{"href":"https:\/\/wonderhome.eu\/de\/wp-json\/wp\/v2\/types\/page"}],"author":[{"embeddable":true,"href":"https:\/\/wonderhome.eu\/de\/wp-json\/wp\/v2\/users\/12"}],"replies":[{"embeddable":true,"href":"https:\/\/wonderhome.eu\/de\/wp-json\/wp\/v2\/comments?post=4301"}],"version-history":[{"count":3,"href":"https:\/\/wonderhome.eu\/de\/wp-json\/wp\/v2\/pages\/4301\/revisions"}],"predecessor-version":[{"id":7510,"href":"https:\/\/wonderhome.eu\/de\/wp-json\/wp\/v2\/pages\/4301\/revisions\/7510"}],"wp:featuredmedia":[{"embeddable":true,"href":"https:\/\/wonderhome.eu\/de\/wp-json\/wp\/v2\/media\/5121"}],"wp:attachment":[{"href":"https:\/\/wonderhome.eu\/de\/wp-json\/wp\/v2\/media?parent=4301"}],"curies":[{"name":"wp","href":"https:\/\/api.w.org\/{rel}","templated":true}]}}