{"id":5871,"date":"2025-01-30T13:47:55","date_gmt":"2025-01-30T12:47:55","guid":{"rendered":"https:\/\/wonderhome.eu\/?page_id=5871"},"modified":"2025-10-20T11:31:50","modified_gmt":"2025-10-20T09:31:50","slug":"zarzadzanie-najmem-apartamentow-karpacz","status":"publish","type":"page","link":"https:\/\/wonderhome.eu\/de\/zarzadzanie-najmem-apartamentow-karpacz","title":{"rendered":"Wohnungsvermietungsverwaltung in Karpacz"},"content":{"rendered":"<div style=\"height:40px\" aria-hidden=\"true\" class=\"wp-block-spacer\"><\/div>\n\n\n\n<div class=\"wp-block-columns is-layout-flex wp-container-core-columns-is-layout-9d6595d7 wp-block-columns-is-layout-flex\">\n<div class=\"wp-block-column is-layout-flow wp-block-column-is-layout-flow\" style=\"flex-basis:15%\"><\/div>\n\n\n\n<div class=\"wp-block-column is-layout-flow wp-block-column-is-layout-flow\" style=\"flex-basis:70%\">\n<h2 class=\"wp-block-heading has-text-align-center has-text-color has-link-color wp-elements-d35fd85abd71892cc4df426a0bffcfb0\" id=\"g\u00f3ra\" style=\"color:#292727fa;font-size:28px\"><strong>Professionelle Verwaltung der Wohnungsvermietung in Karpacz<\/strong><\/h2>\n\n\n\n<div style=\"height:26px\" aria-hidden=\"true\" class=\"wp-block-spacer\"><\/div>\n\n\n\n<div class=\"wp-block-columns is-layout-flex wp-container-core-columns-is-layout-9d6595d7 wp-block-columns-is-layout-flex\">\n<div class=\"wp-block-column is-layout-flow wp-block-column-is-layout-flow\" style=\"flex-basis:33%\"><\/div>\n\n\n\n<div class=\"wp-block-column is-layout-flow wp-block-column-is-layout-flow\" style=\"flex-basis:33%\"><div class=\"wp-block-image\">\n<figure class=\"aligncenter size-full is-resized\"><img loading=\"lazy\" decoding=\"async\" width=\"500\" height=\"500\" src=\"https:\/\/wonderhome.eu\/wp-content\/uploads\/2025\/07\/9-min.jpg\" alt=\"\" class=\"wp-image-6719\" style=\"width:150px\" srcset=\"https:\/\/wonderhome.eu\/wp-content\/uploads\/2025\/07\/9-min.jpg 500w, https:\/\/wonderhome.eu\/wp-content\/uploads\/2025\/07\/9-min-300x300.jpg 300w, https:\/\/wonderhome.eu\/wp-content\/uploads\/2025\/07\/9-min-150x150.jpg 150w, https:\/\/wonderhome.eu\/wp-content\/uploads\/2025\/07\/9-min-12x12.jpg 12w\" sizes=\"auto, (max-width: 500px) 100vw, 500px\" \/><\/figure>\n<\/div>\n\n\n<h3 class=\"wp-block-heading has-text-align-center has-text-color has-link-color wp-elements-afdc87f491d623b3f933b78d5ac9070b\" style=\"color:#196395\"><strong><a href=\"https:\/\/wonderhome.eu\/de\/dla-wlascicieli\/\" target=\"_blank\" rel=\"noreferrer noopener\">WUNDERGESCH\u00c4FT<\/a><\/strong><\/h3>\n<\/div>\n\n\n\n<div class=\"wp-block-column is-layout-flow wp-block-column-is-layout-flow\" style=\"flex-basis:33%\"><\/div>\n<\/div>\n\n\n\n<div style=\"height:26px\" aria-hidden=\"true\" class=\"wp-block-spacer\"><\/div>\n\n\n\n<p class=\"has-text-align-center\" style=\"font-size:20px\">Suchen Sie professionelle Hilfe bei der Verwaltung von Wohnungsmieten in Karpacz? <strong>Wonder Home ist eine L\u00f6sung, mit der Sie Ihren Gewinn aus der Wohnungsvermietung effektiv steigern k\u00f6nnen. <\/strong>Wir bieten Ihnen umfassende Dienstleistungen, die Sie von Ihren t\u00e4glichen Aufgaben entlasten und Ihnen erm\u00f6glichen, ohne Stress passives Einkommen zu genie\u00dfen. Mietverwaltung in Karpacz ist unsere Spezialit\u00e4t!<\/p>\n\n\n\n<div style=\"height:30px\" aria-hidden=\"true\" class=\"wp-block-spacer\"><\/div>\n\n\n\n<div class=\"wp-block-columns is-layout-flex wp-container-core-columns-is-layout-9d6595d7 wp-block-columns-is-layout-flex\">\n<div class=\"wp-block-column is-layout-flow wp-block-column-is-layout-flow\"><div class=\"wp-block-image\">\n<figure class=\"aligncenter size-full is-resized\"><img loading=\"lazy\" decoding=\"async\" width=\"500\" height=\"500\" src=\"https:\/\/wonderhome.eu\/wp-content\/uploads\/2025\/07\/1-min.jpg\" alt=\"\" class=\"wp-image-6707\" style=\"width:150px\" srcset=\"https:\/\/wonderhome.eu\/wp-content\/uploads\/2025\/07\/1-min.jpg 500w, https:\/\/wonderhome.eu\/wp-content\/uploads\/2025\/07\/1-min-300x300.jpg 300w, https:\/\/wonderhome.eu\/wp-content\/uploads\/2025\/07\/1-min-150x150.jpg 150w, https:\/\/wonderhome.eu\/wp-content\/uploads\/2025\/07\/1-min-12x12.jpg 12w\" sizes=\"auto, (max-width: 500px) 100vw, 500px\" \/><\/figure>\n<\/div>\n\n\n<h3 class=\"wp-block-heading has-text-align-center has-text-color has-link-color wp-elements-1fd2c013130e8400babd6e2fac8eed1e\" style=\"color:#196395\"><strong><a href=\"https:\/\/wonderhome.eu\/de\/prezentacja\/\" target=\"_blank\" rel=\"noreferrer noopener\">GESCH\u00c4FTSPR\u00c4SENTATION<\/a><\/strong><\/h3>\n<\/div>\n\n\n\n<div class=\"wp-block-column is-layout-flow wp-block-column-is-layout-flow\"><div class=\"wp-block-image\">\n<figure class=\"aligncenter size-full is-resized\"><img loading=\"lazy\" decoding=\"async\" width=\"500\" height=\"500\" src=\"https:\/\/wonderhome.eu\/wp-content\/uploads\/2025\/07\/43-min.jpg\" alt=\"\" class=\"wp-image-6692\" style=\"width:150px\" srcset=\"https:\/\/wonderhome.eu\/wp-content\/uploads\/2025\/07\/43-min.jpg 500w, https:\/\/wonderhome.eu\/wp-content\/uploads\/2025\/07\/43-min-300x300.jpg 300w, https:\/\/wonderhome.eu\/wp-content\/uploads\/2025\/07\/43-min-150x150.jpg 150w, https:\/\/wonderhome.eu\/wp-content\/uploads\/2025\/07\/43-min-12x12.jpg 12w\" sizes=\"auto, (max-width: 500px) 100vw, 500px\" \/><\/figure>\n<\/div>\n\n\n<h3 class=\"wp-block-heading has-text-align-center has-text-color has-link-color wp-elements-0f394871184a03d3c113e25257ac06b3\" style=\"color:#196395\"><strong><a href=\"https:\/\/wonderhome.eu\/de\/na-sprzedaz-1\/\" target=\"_blank\" rel=\"noreferrer noopener\">WOHNUNGEN ZU VERKAUFEN<\/a><\/strong><\/h3>\n<\/div>\n\n\n\n<div class=\"wp-block-column is-layout-flow wp-block-column-is-layout-flow\"><div class=\"wp-block-image\">\n<figure class=\"aligncenter size-full is-resized\"><img loading=\"lazy\" decoding=\"async\" width=\"500\" height=\"500\" src=\"https:\/\/wonderhome.eu\/wp-content\/uploads\/2025\/07\/49-min.jpg\" alt=\"\" class=\"wp-image-6685\" style=\"width:150px\" srcset=\"https:\/\/wonderhome.eu\/wp-content\/uploads\/2025\/07\/49-min.jpg 500w, https:\/\/wonderhome.eu\/wp-content\/uploads\/2025\/07\/49-min-300x300.jpg 300w, https:\/\/wonderhome.eu\/wp-content\/uploads\/2025\/07\/49-min-150x150.jpg 150w, https:\/\/wonderhome.eu\/wp-content\/uploads\/2025\/07\/49-min-12x12.jpg 12w\" sizes=\"auto, (max-width: 500px) 100vw, 500px\" \/><\/figure>\n<\/div>\n\n\n<h3 class=\"wp-block-heading has-text-align-center has-text-color has-link-color wp-elements-e51c5eb9ee9e960df1bd0457d98683a0\" style=\"color:#196395\"><strong>RECHTSBERATUNG<\/strong><\/h3>\n<\/div>\n\n\n\n<div class=\"wp-block-column is-layout-flow wp-block-column-is-layout-flow\"><div class=\"wp-block-image\">\n<figure class=\"aligncenter size-full is-resized\"><img loading=\"lazy\" decoding=\"async\" width=\"500\" height=\"500\" src=\"https:\/\/wonderhome.eu\/wp-content\/uploads\/2025\/07\/41.jpg\" alt=\"\" class=\"wp-image-6773\" style=\"width:150px\" srcset=\"https:\/\/wonderhome.eu\/wp-content\/uploads\/2025\/07\/41.jpg 500w, https:\/\/wonderhome.eu\/wp-content\/uploads\/2025\/07\/41-300x300.jpg 300w, https:\/\/wonderhome.eu\/wp-content\/uploads\/2025\/07\/41-150x150.jpg 150w, https:\/\/wonderhome.eu\/wp-content\/uploads\/2025\/07\/41-12x12.jpg 12w\" sizes=\"auto, (max-width: 500px) 100vw, 500px\" \/><\/figure>\n<\/div>\n\n\n<h3 class=\"wp-block-heading has-text-align-center has-text-color has-link-color wp-elements-84080fe78ab14d2fa2f11b667b257eb5\" style=\"color:#196395\"><strong><a href=\"https:\/\/wonderhome.eu\/de\/wonder-asekuracja\/\" target=\"_blank\" rel=\"noreferrer noopener\">VERSICHERUNGSPAKET<\/a><\/strong><\/h3>\n<\/div>\n<\/div>\n\n\n\n<div class=\"wp-block-media-text is-stacked-on-mobile\"><figure class=\"wp-block-media-text__media\"><img loading=\"lazy\" decoding=\"async\" width=\"1024\" height=\"702\" src=\"https:\/\/wonderhome.eu\/wp-content\/uploads\/2025\/01\/10-min-6-1024x702.jpg\" alt=\"\" class=\"wp-image-5826 size-full\" srcset=\"https:\/\/wonderhome.eu\/wp-content\/uploads\/2025\/01\/10-min-6-1024x702.jpg 1024w, https:\/\/wonderhome.eu\/wp-content\/uploads\/2025\/01\/10-min-6-300x206.jpg 300w, https:\/\/wonderhome.eu\/wp-content\/uploads\/2025\/01\/10-min-6-768x526.jpg 768w, https:\/\/wonderhome.eu\/wp-content\/uploads\/2025\/01\/10-min-6-18x12.jpg 18w, https:\/\/wonderhome.eu\/wp-content\/uploads\/2025\/01\/10-min-6.jpg 1227w\" sizes=\"auto, (max-width: 1024px) 100vw, 1024px\" \/><\/figure><div class=\"wp-block-media-text__content\">\n<div style=\"height:29px\" aria-hidden=\"true\" class=\"wp-block-spacer\"><\/div>\n\n\n\n<div style=\"height:29px\" aria-hidden=\"true\" class=\"wp-block-spacer\"><\/div>\n\n\n\n<h2 class=\"wp-block-heading has-text-align-center\" style=\"font-size:24px\"><strong>Mietvertragsverwaltung in Karpacz. <\/strong><br><strong><span style=\"color: #d7a97d;\">Was bieten wir?<\/span><\/strong><\/h2>\n\n\n\n<p>Unser Mietverwaltungsangebot in Karpacz umfasst den kompletten Wohnungsvermietungsservice, einschlie\u00dflich: <\/p>\n\n\n\n<ul class=\"wp-block-list\">\n<li>Marketing, <\/li>\n\n\n\n<li>Reservierungen,<\/li>\n\n\n\n<li>G\u00e4steservice.<\/li>\n<\/ul>\n\n\n\n<p><strong>Dank unserer Erfahrung und Kenntnis des lokalen Marktes maximieren wir die Wohnungsauslastung und sichern den Eigent\u00fcmern ein stabiles Einkommen.<\/strong><\/p>\n\n\n\n<p>Deshalb k\u00fcmmern wir uns um jedes Detail, um die vollste Zufriedenheit Ihrer G\u00e4ste sicherzustellen.<\/p>\n\n\n\n<div style=\"height:29px\" aria-hidden=\"true\" class=\"wp-block-spacer\"><\/div>\n\n\n\n<h2 class=\"wp-block-heading has-text-align-center has-text-color has-link-color wp-elements-0a1529ac17cfc6a5fdd55dc74344d8ed\" style=\"color:#d7a97d;font-size:24px\"><strong><strong>M\u00f6chten Sie mehr Einzelheiten? Rufen Sie uns an!<\/strong><\/strong><\/h2>\n\n\n\n<div style=\"height:29px\" aria-hidden=\"true\" class=\"wp-block-spacer\"><\/div>\n\n\n\n<div class=\"wp-block-buttons animated zoomIn is-content-justification-center is-layout-flex wp-container-core-buttons-is-layout-16018d1d wp-block-buttons-is-layout-flex\">\n<div class=\"wp-block-button\"><a class=\"wp-block-button__link has-background wp-element-button\" href=\"Tel.: +48504060914\" style=\"background-color:#811717\"><strong>+48 504 060 914<\/strong><\/a><\/div>\n<\/div>\n\n\n\n<div style=\"height:29px\" aria-hidden=\"true\" class=\"wp-block-spacer\"><\/div>\n<\/div><\/div>\n\n\n\n<div style=\"height:56px\" aria-hidden=\"true\" class=\"wp-block-spacer\"><\/div>\n\n\n\n<div class=\"wp-block-media-text has-media-on-the-right is-stacked-on-mobile\"><div class=\"wp-block-media-text__content\">\n<h2 class=\"wp-block-heading has-text-align-center\" style=\"font-size:24px\"><strong>Warum lohnt es sich zu w\u00e4hlen <span style=\"color: #d7a97d;\">Wunderbares Zuhause?<\/span><\/strong><\/h2>\n\n\n\n<p><strong>Die Verwaltung von Vermietungen in Karpacz erfordert Kenntnisse des Tourismusmarktes und Flexibilit\u00e4t im Betrieb.<\/strong><\/p>\n\n\n\n<p>Deshalb <strong>Wonder Home<\/strong> gew\u00e4hrleistet eine individuelle Betreuung jedes Eigent\u00fcmers und jeder Immobilie. <\/p>\n\n\n\n<p>Dar\u00fcber hinaus bieten wir volle <strong>finanzielle Transparenz und regelm\u00e4\u00dfige Berichterstattung<\/strong>, damit Sie immer wissen, wie es um Ihre Wohnung steht.<\/p>\n\n\n\n<div style=\"height:29px\" aria-hidden=\"true\" class=\"wp-block-spacer\"><\/div>\n<\/div><figure class=\"wp-block-media-text__media\"><img loading=\"lazy\" decoding=\"async\" width=\"1024\" height=\"691\" src=\"https:\/\/wonderhome.eu\/wp-content\/uploads\/2025\/01\/20-min-1-1024x691.jpg\" alt=\"najem w Karpaczu\" class=\"wp-image-5843 size-full\" srcset=\"https:\/\/wonderhome.eu\/wp-content\/uploads\/2025\/01\/20-min-1-1024x691.jpg 1024w, https:\/\/wonderhome.eu\/wp-content\/uploads\/2025\/01\/20-min-1-300x203.jpg 300w, https:\/\/wonderhome.eu\/wp-content\/uploads\/2025\/01\/20-min-1-768x518.jpg 768w, https:\/\/wonderhome.eu\/wp-content\/uploads\/2025\/01\/20-min-1-18x12.jpg 18w, https:\/\/wonderhome.eu\/wp-content\/uploads\/2025\/01\/20-min-1.jpg 1231w\" sizes=\"auto, (max-width: 1024px) 100vw, 1024px\" \/><\/figure><\/div>\n\n\n\n<div style=\"height:56px\" aria-hidden=\"true\" class=\"wp-block-spacer\"><\/div>\n\n\n\n<div class=\"wp-block-media-text is-stacked-on-mobile\"><figure class=\"wp-block-media-text__media\"><img loading=\"lazy\" decoding=\"async\" width=\"1024\" height=\"686\" src=\"https:\/\/wonderhome.eu\/wp-content\/uploads\/2025\/01\/13-min-2-1024x686.jpg\" alt=\"\" class=\"wp-image-5844 size-full\" srcset=\"https:\/\/wonderhome.eu\/wp-content\/uploads\/2025\/01\/13-min-2-1024x686.jpg 1024w, https:\/\/wonderhome.eu\/wp-content\/uploads\/2025\/01\/13-min-2-300x201.jpg 300w, https:\/\/wonderhome.eu\/wp-content\/uploads\/2025\/01\/13-min-2-768x514.jpg 768w, https:\/\/wonderhome.eu\/wp-content\/uploads\/2025\/01\/13-min-2-18x12.jpg 18w, https:\/\/wonderhome.eu\/wp-content\/uploads\/2025\/01\/13-min-2.jpg 1260w\" sizes=\"auto, (max-width: 1024px) 100vw, 1024px\" \/><\/figure><div class=\"wp-block-media-text__content\">\n<h2 class=\"wp-block-heading has-text-align-center\" style=\"font-size:24px\"><strong><span style=\"color: #d7a97d;\">Umfassender Mietservice<\/span> in Karpacz<\/strong><\/h2>\n\n\n\n<p><strong>Wir k\u00fcmmern uns um alles<\/strong> \u2013 vom professionellen Fotoshooting der Wohnung, \u00fcber die Ver\u00f6ffentlichung von Angeboten auf Buchungsportalen, bis hin zur Reinigung und technischen Betreuung.<\/p>\n\n\n\n<p>Dadurch k\u00f6nnen Sie sich auf die Servicequalit\u00e4t und die positiven Meinungen unserer G\u00e4ste verlassen.<\/p>\n\n\n\n<p><strong>Ihr Eigentum wird professionell und effizient verwaltet.<\/strong><\/p>\n\n\n\n<div style=\"height:29px\" aria-hidden=\"true\" class=\"wp-block-spacer\"><\/div>\n<\/div><\/div>\n\n\n\n<div style=\"height:56px\" aria-hidden=\"true\" class=\"wp-block-spacer\"><\/div>\n\n\n\n<div class=\"wp-block-media-text has-media-on-the-right is-stacked-on-mobile\"><div class=\"wp-block-media-text__content\">\n<h2 class=\"wp-block-heading has-text-align-center\" style=\"font-size:24px\"><strong>Holen Sie mehr aus <span style=\"color: #d7a97d;\">Wonder Home<\/span><\/strong><\/h2>\n\n\n\n<p>Zusammenfassend k\u00f6nnen wir dank unserer Kenntnisse und Erfahrungen im Mietmanagement in Karpacz <strong>Steigern Sie Ihren Umsatz deutlich<\/strong>. <\/p>\n\n\n\n<p>Wir wissen, wie man die Preise der Saison anpasst, das Anwesen vermarktet und den h\u00f6chsten Standard an G\u00e4steservice gew\u00e4hrleistet. <\/p>\n\n\n\n<p><strong>Mit Wonder Home ist das Mieten einer Wohnung ein reines Vergn\u00fcgen.<\/strong><\/p>\n\n\n\n<div style=\"height:29px\" aria-hidden=\"true\" class=\"wp-block-spacer\"><\/div>\n\n\n\n<h2 class=\"wp-block-heading has-text-align-center has-text-color has-link-color wp-elements-d53757721935083ff53e06de412fe7ab\" style=\"color:#d7a97d\"><strong>Kontaktieren Sie uns!<\/strong><\/h2>\n\n\n\n<div style=\"height:29px\" aria-hidden=\"true\" class=\"wp-block-spacer\"><\/div>\n\n\n\n<div class=\"wp-block-buttons animated zoomIn is-content-justification-center is-layout-flex wp-container-core-buttons-is-layout-16018d1d wp-block-buttons-is-layout-flex\">\n<div class=\"wp-block-button\"><a class=\"wp-block-button__link has-background wp-element-button\" href=\"Tel.: +48504060914\" style=\"background-color:#811717\"><strong>+48 504 060 914<\/strong><\/a><\/div>\n<\/div>\n<\/div><figure class=\"wp-block-media-text__media\"><img loading=\"lazy\" decoding=\"async\" width=\"1024\" height=\"683\" src=\"https:\/\/wonderhome.eu\/wp-content\/uploads\/2025\/01\/12-min-2-1024x683.jpg\" alt=\"\" class=\"wp-image-5845 size-full\" srcset=\"https:\/\/wonderhome.eu\/wp-content\/uploads\/2025\/01\/12-min-2-1024x683.jpg 1024w, https:\/\/wonderhome.eu\/wp-content\/uploads\/2025\/01\/12-min-2-300x200.jpg 300w, https:\/\/wonderhome.eu\/wp-content\/uploads\/2025\/01\/12-min-2-768x512.jpg 768w, https:\/\/wonderhome.eu\/wp-content\/uploads\/2025\/01\/12-min-2-18x12.jpg 18w, https:\/\/wonderhome.eu\/wp-content\/uploads\/2025\/01\/12-min-2.jpg 1252w\" sizes=\"auto, (max-width: 1024px) 100vw, 1024px\" \/><\/figure><\/div>\n\n\n\n<div style=\"height:100px\" aria-hidden=\"true\" class=\"wp-block-spacer\"><\/div>\n\n\n\n<div class=\"wp-block-buttons is-content-justification-center is-layout-flex wp-container-core-buttons-is-layout-16018d1d wp-block-buttons-is-layout-flex\">\n<div class=\"wp-block-button\"><a class=\"wp-block-button__link has-background has-text-align-center wp-element-button\" href=\"#g\u00f3ra\" style=\"background-color:#d7a97d\"><strong>Zur\u00fcckkehren<\/strong><\/a><\/div>\n<\/div>\n\n\n\n<div style=\"height:56px\" aria-hidden=\"true\" class=\"wp-block-spacer\"><\/div>\n<\/div>\n\n\n\n<div class=\"wp-block-column is-layout-flow wp-block-column-is-layout-flow\" style=\"flex-basis:15%\"><\/div>\n<\/div>\n\n\n\n<p><\/p>\n\n\n\n<div style=\"height:49px\" aria-hidden=\"true\" class=\"wp-block-spacer\"><\/div>\n\n\n\n<div class=\"wp-block-cover alignfull is-light has-parallax has-small-font-size\" style=\"min-height:130px;aspect-ratio:unset;\"><div class=\"wp-block-cover__image-background wp-image-3915 has-parallax\" style=\"background-position:50% 50%;background-image:url(https:\/\/wonderhome.eu\/wp-content\/uploads\/2024\/11\/Header-statyczny-1920-x-1080-px-1920-x-1080-px-2.jpg)\"><\/div><span aria-hidden=\"true\" class=\"wp-block-cover__background has-background-dim-40 has-background-dim\" style=\"background-color:#b5a38f\"><\/span><div class=\"wp-block-cover__inner-container is-layout-constrained wp-block-cover-is-layout-constrained\">\n<p class=\"has-text-align-center has-white-color has-text-color has-link-color has-x-large-font-size wp-elements-e39e123ee203204ec81a5fb012e11dd4\"><strong>Wir warten auf Sie!<\/strong><\/p>\n<\/div><\/div>","protected":false},"excerpt":{"rendered":"<p>Profesjonalne zarz\u0105dzanie najmem apartament\u00f3w w Karpaczu WONDER BIZNES Szukasz profesjonalnej pomocy w zarz\u0105dzaniu najmem apartament\u00f3w w Karpaczu? Wonder Home to rozwi\u0105zanie, kt\u00f3re pozwoli Ci skutecznie zwi\u0119kszy\u0107 zyski z wynajmu apartament\u00f3w. Oferujemy kompleksowe us\u0142ugi, kt\u00f3re odci\u0105\u017c\u0105 Ci\u0119 w codziennych obowi\u0105zkach i pozwol\u0105 cieszy\u0107 si\u0119 pasywnym dochodem bez stresu. Zarz\u0105dzanie najmem w Karpaczu to nasza specjalno\u015b\u0107! PREZENTACJA [&hellip;]<\/p>\n","protected":false},"author":12,"featured_media":5848,"parent":0,"menu_order":0,"comment_status":"closed","ping_status":"closed","template":"","meta":{"_acf_changed":false,"footnotes":""},"class_list":["post-5871","page","type-page","status-publish","has-post-thumbnail","hentry"],"acf":[],"yoast_head":"<!-- This site is optimized with the Yoast SEO plugin v27.4 - https:\/\/yoast.com\/product\/yoast-seo-wordpress\/ -->\n<title>Zarz\u0105dzanie najmem apartament\u00f3w w Karpaczu | Wonder Home<\/title>\n<meta name=\"description\" content=\"Zarz\u0105dzanie najmem apartament\u00f3w w Karpaczu? Odkryj kompleksow\u0105 ofert\u0119 Wonder Home i maksymalizuj zyski z wynajmu apartament\u00f3w. Sprawd\u017a!\" \/>\n<meta name=\"robots\" content=\"index, follow, max-snippet:-1, max-image-preview:large, max-video-preview:-1\" \/>\n<link rel=\"canonical\" href=\"https:\/\/wonderhome.eu\/de\/zarzadzanie-najmem-apartamentow-karpacz\/\" \/>\n<meta property=\"og:locale\" content=\"de_DE\" \/>\n<meta property=\"og:type\" content=\"article\" \/>\n<meta property=\"og:title\" content=\"Zarz\u0105dzanie najmem apartament\u00f3w w Karpaczu | Wonder Home\" \/>\n<meta property=\"og:description\" content=\"Zarz\u0105dzanie najmem apartament\u00f3w w Karpaczu? Odkryj kompleksow\u0105 ofert\u0119 Wonder Home i maksymalizuj zyski z wynajmu apartament\u00f3w. Sprawd\u017a!\" \/>\n<meta property=\"og:url\" content=\"https:\/\/wonderhome.eu\/de\/zarzadzanie-najmem-apartamentow-karpacz\/\" \/>\n<meta property=\"og:site_name\" content=\"Wonder Home\" \/>\n<meta property=\"article:modified_time\" content=\"2025-10-20T09:31:50+00:00\" \/>\n<meta property=\"og:image\" content=\"https:\/\/wonderhome.eu\/wp-content\/uploads\/2025\/01\/Tapety-rozne-5.jpg\" \/>\n\t<meta property=\"og:image:width\" content=\"1920\" \/>\n\t<meta property=\"og:image:height\" content=\"1080\" \/>\n\t<meta property=\"og:image:type\" content=\"image\/jpeg\" \/>\n<meta name=\"twitter:card\" content=\"summary_large_image\" \/>\n<meta name=\"twitter:label1\" content=\"Gesch\u00e4tzte Lesezeit\" \/>\n\t<meta name=\"twitter:data1\" content=\"5\u00a0Minuten\" \/>\n<script type=\"application\/ld+json\" class=\"yoast-schema-graph\">{\"@context\":\"https:\\\/\\\/schema.org\",\"@graph\":[{\"@type\":\"WebPage\",\"@id\":\"https:\\\/\\\/wonderhome.eu\\\/zarzadzanie-najmem-apartamentow-karpacz\",\"url\":\"https:\\\/\\\/wonderhome.eu\\\/zarzadzanie-najmem-apartamentow-karpacz\",\"name\":\"Zarz\u0105dzanie najmem apartament\u00f3w w Karpaczu | Wonder Home\",\"isPartOf\":{\"@id\":\"https:\\\/\\\/wonderhome.eu\\\/#website\"},\"primaryImageOfPage\":{\"@id\":\"https:\\\/\\\/wonderhome.eu\\\/zarzadzanie-najmem-apartamentow-karpacz#primaryimage\"},\"image\":{\"@id\":\"https:\\\/\\\/wonderhome.eu\\\/zarzadzanie-najmem-apartamentow-karpacz#primaryimage\"},\"thumbnailUrl\":\"https:\\\/\\\/wonderhome.eu\\\/wp-content\\\/uploads\\\/2025\\\/01\\\/Tapety-rozne-5.jpg\",\"datePublished\":\"2025-01-30T12:47:55+00:00\",\"dateModified\":\"2025-10-20T09:31:50+00:00\",\"description\":\"Zarz\u0105dzanie najmem apartament\u00f3w w Karpaczu? Odkryj kompleksow\u0105 ofert\u0119 Wonder Home i maksymalizuj zyski z wynajmu apartament\u00f3w. Sprawd\u017a!\",\"inLanguage\":\"de\",\"potentialAction\":[{\"@type\":\"ReadAction\",\"target\":[\"https:\\\/\\\/wonderhome.eu\\\/zarzadzanie-najmem-apartamentow-karpacz\"]}]},{\"@type\":\"ImageObject\",\"inLanguage\":\"de\",\"@id\":\"https:\\\/\\\/wonderhome.eu\\\/zarzadzanie-najmem-apartamentow-karpacz#primaryimage\",\"url\":\"https:\\\/\\\/wonderhome.eu\\\/wp-content\\\/uploads\\\/2025\\\/01\\\/Tapety-rozne-5.jpg\",\"contentUrl\":\"https:\\\/\\\/wonderhome.eu\\\/wp-content\\\/uploads\\\/2025\\\/01\\\/Tapety-rozne-5.jpg\",\"width\":1920,\"height\":1080,\"caption\":\"zarz\u0105dzanie najmem w karpaczu\"},{\"@type\":\"WebSite\",\"@id\":\"https:\\\/\\\/wonderhome.eu\\\/#website\",\"url\":\"https:\\\/\\\/wonderhome.eu\\\/\",\"name\":\"Wonder Home\",\"description\":\"\",\"potentialAction\":[{\"@type\":\"SearchAction\",\"target\":{\"@type\":\"EntryPoint\",\"urlTemplate\":\"https:\\\/\\\/wonderhome.eu\\\/?s={search_term_string}\"},\"query-input\":{\"@type\":\"PropertyValueSpecification\",\"valueRequired\":true,\"valueName\":\"search_term_string\"}}],\"inLanguage\":\"de\"}]}<\/script>\n<!-- \/ Yoast SEO plugin. -->","yoast_head_json":{"title":"Wohnungsvermietung in Karpacz | Wonder Home","description":"Wohnungsverwaltung in Karpacz? Entdecken Sie das umfassende Angebot von Wonder Home und maximieren Sie Ihre Mieteinnahmen. Probieren Sie es aus!","robots":{"index":"index","follow":"follow","max-snippet":"max-snippet:-1","max-image-preview":"max-image-preview:large","max-video-preview":"max-video-preview:-1"},"canonical":"https:\/\/wonderhome.eu\/de\/zarzadzanie-najmem-apartamentow-karpacz\/","og_locale":"de_DE","og_type":"article","og_title":"Zarz\u0105dzanie najmem apartament\u00f3w w Karpaczu | Wonder Home","og_description":"Zarz\u0105dzanie najmem apartament\u00f3w w Karpaczu? Odkryj kompleksow\u0105 ofert\u0119 Wonder Home i maksymalizuj zyski z wynajmu apartament\u00f3w. Sprawd\u017a!","og_url":"https:\/\/wonderhome.eu\/de\/zarzadzanie-najmem-apartamentow-karpacz\/","og_site_name":"Wonder Home","article_modified_time":"2025-10-20T09:31:50+00:00","og_image":[{"width":1920,"height":1080,"url":"https:\/\/wonderhome.eu\/wp-content\/uploads\/2025\/01\/Tapety-rozne-5.jpg","type":"image\/jpeg"}],"twitter_card":"summary_large_image","twitter_misc":{"Gesch\u00e4tzte Lesezeit":"5\u00a0Minuten"},"schema":{"@context":"https:\/\/schema.org","@graph":[{"@type":"WebPage","@id":"https:\/\/wonderhome.eu\/zarzadzanie-najmem-apartamentow-karpacz","url":"https:\/\/wonderhome.eu\/zarzadzanie-najmem-apartamentow-karpacz","name":"Wohnungsvermietung in Karpacz | Wonder Home","isPartOf":{"@id":"https:\/\/wonderhome.eu\/#website"},"primaryImageOfPage":{"@id":"https:\/\/wonderhome.eu\/zarzadzanie-najmem-apartamentow-karpacz#primaryimage"},"image":{"@id":"https:\/\/wonderhome.eu\/zarzadzanie-najmem-apartamentow-karpacz#primaryimage"},"thumbnailUrl":"https:\/\/wonderhome.eu\/wp-content\/uploads\/2025\/01\/Tapety-rozne-5.jpg","datePublished":"2025-01-30T12:47:55+00:00","dateModified":"2025-10-20T09:31:50+00:00","description":"Wohnungsverwaltung in Karpacz? Entdecken Sie das umfassende Angebot von Wonder Home und maximieren Sie Ihre Mieteinnahmen. Probieren Sie es aus!","inLanguage":"de","potentialAction":[{"@type":"ReadAction","target":["https:\/\/wonderhome.eu\/zarzadzanie-najmem-apartamentow-karpacz"]}]},{"@type":"ImageObject","inLanguage":"de","@id":"https:\/\/wonderhome.eu\/zarzadzanie-najmem-apartamentow-karpacz#primaryimage","url":"https:\/\/wonderhome.eu\/wp-content\/uploads\/2025\/01\/Tapety-rozne-5.jpg","contentUrl":"https:\/\/wonderhome.eu\/wp-content\/uploads\/2025\/01\/Tapety-rozne-5.jpg","width":1920,"height":1080,"caption":"zarz\u0105dzanie najmem w karpaczu"},{"@type":"WebSite","@id":"https:\/\/wonderhome.eu\/#website","url":"https:\/\/wonderhome.eu\/","name":"Wonder Home","description":"","potentialAction":[{"@type":"SearchAction","target":{"@type":"EntryPoint","urlTemplate":"https:\/\/wonderhome.eu\/?s={search_term_string}"},"query-input":{"@type":"PropertyValueSpecification","valueRequired":true,"valueName":"search_term_string"}}],"inLanguage":"de"}]}},"_links":{"self":[{"href":"https:\/\/wonderhome.eu\/de\/wp-json\/wp\/v2\/pages\/5871","targetHints":{"allow":["GET"]}}],"collection":[{"href":"https:\/\/wonderhome.eu\/de\/wp-json\/wp\/v2\/pages"}],"about":[{"href":"https:\/\/wonderhome.eu\/de\/wp-json\/wp\/v2\/types\/page"}],"author":[{"embeddable":true,"href":"https:\/\/wonderhome.eu\/de\/wp-json\/wp\/v2\/users\/12"}],"replies":[{"embeddable":true,"href":"https:\/\/wonderhome.eu\/de\/wp-json\/wp\/v2\/comments?post=5871"}],"version-history":[{"count":2,"href":"https:\/\/wonderhome.eu\/de\/wp-json\/wp\/v2\/pages\/5871\/revisions"}],"predecessor-version":[{"id":7441,"href":"https:\/\/wonderhome.eu\/de\/wp-json\/wp\/v2\/pages\/5871\/revisions\/7441"}],"wp:featuredmedia":[{"embeddable":true,"href":"https:\/\/wonderhome.eu\/de\/wp-json\/wp\/v2\/media\/5848"}],"wp:attachment":[{"href":"https:\/\/wonderhome.eu\/de\/wp-json\/wp\/v2\/media?parent=5871"}],"curies":[{"name":"wp","href":"https:\/\/api.w.org\/{rel}","templated":true}]}}