{"id":6438,"date":"2025-05-21T16:11:35","date_gmt":"2025-05-21T14:11:35","guid":{"rendered":"https:\/\/wonderhome.eu\/?page_id=6438"},"modified":"2025-10-17T13:53:48","modified_gmt":"2025-10-17T11:53:48","slug":"tanie-taxi-karpacz","status":"publish","type":"page","link":"https:\/\/wonderhome.eu\/de\/tanie-taxi-karpacz","title":{"rendered":"G\u00e4ste transportieren? Mit Wonder Home ist das ganz einfach!"},"content":{"rendered":"<div style=\"height:40px\" aria-hidden=\"true\" class=\"wp-block-spacer\"><\/div>\n\n\n\n<div class=\"wp-block-columns is-layout-flex wp-container-core-columns-is-layout-9d6595d7 wp-block-columns-is-layout-flex\">\n<div class=\"wp-block-column is-layout-flow wp-block-column-is-layout-flow\" style=\"flex-basis:15%\"><\/div>\n\n\n\n<div class=\"wp-block-column is-layout-flow wp-block-column-is-layout-flow\" style=\"flex-basis:70%\">\n<h2 class=\"wp-block-heading has-text-align-center has-text-color has-link-color wp-elements-f2ff5835636389208e0cc36d0b8e6390\" id=\"g\u00f3ra\" style=\"color:#d7a97d;font-size:28px\"><strong>Bequemer Transport f\u00fcr G\u00e4ste des Wonder Home in Karpacz<\/strong><\/h2>\n\n\n\n<div style=\"height:26px\" aria-hidden=\"true\" class=\"wp-block-spacer\"><\/div>\n\n\n\n<p class=\"has-text-align-center\" style=\"font-size:20px\">IN <strong>Wonder Home<\/strong> Wir m\u00f6chten, dass Ihr Aufenthalt in Karpacz von Anfang bis Ende angenehm ist. Deshalb bieten wir in Zusammenarbeit mit vertrauensw\u00fcrdigen lokalen Transportunternehmen <strong>g\u00fcnstiger und bequemer Taxitransport in Karpacz und Umgebung<\/strong>Ob Sie einen Transport zu einer Wohnung, einem Restaurant, einer Loipe oder einer Piste ben\u00f6tigen \u2013 wir helfen Ihnen, schnell und bequem dorthin zu gelangen. <br><strong>All dies, damit Sie sich auf Ihren Urlaub konzentrieren k\u00f6nnen und nicht auf die Logistik.<\/strong><\/p>\n\n\n\n<div style=\"height:29px\" aria-hidden=\"true\" class=\"wp-block-spacer\"><\/div>\n\n\n\n<div style=\"height:26px\" aria-hidden=\"true\" class=\"wp-block-spacer\"><\/div>\n\n\n\n<div class=\"wp-block-media-text is-stacked-on-mobile\"><figure class=\"wp-block-media-text__media\"><img loading=\"lazy\" decoding=\"async\" width=\"943\" height=\"648\" src=\"https:\/\/wonderhome.eu\/wp-content\/uploads\/2024\/12\/Zdjecia-na-strony-12-min-1.jpg\" alt=\"tanie taxi karpacz\" class=\"wp-image-5290 size-full\" srcset=\"https:\/\/wonderhome.eu\/wp-content\/uploads\/2024\/12\/Zdjecia-na-strony-12-min-1.jpg 943w, https:\/\/wonderhome.eu\/wp-content\/uploads\/2024\/12\/Zdjecia-na-strony-12-min-1-300x206.jpg 300w, https:\/\/wonderhome.eu\/wp-content\/uploads\/2024\/12\/Zdjecia-na-strony-12-min-1-768x528.jpg 768w, https:\/\/wonderhome.eu\/wp-content\/uploads\/2024\/12\/Zdjecia-na-strony-12-min-1-18x12.jpg 18w\" sizes=\"auto, (max-width: 943px) 100vw, 943px\" \/><\/figure><div class=\"wp-block-media-text__content\">\n<div style=\"height:29px\" aria-hidden=\"true\" class=\"wp-block-spacer\"><\/div>\n\n\n\n<div style=\"height:29px\" aria-hidden=\"true\" class=\"wp-block-spacer\"><\/div>\n\n\n\n<h2 class=\"wp-block-heading has-text-align-center\" style=\"font-size:24px\"><strong>G\u00fcnstige Taxis in Karpacz \u2013 <strong>SCHNELLES LUXUSTAXI<\/strong><\/strong> -<strong> komfortabler und p\u00fcnktlicher Transport! <\/strong><br><strong><span style=\"color: #d7a97d;\">Warum lohnt es sich?<\/span><\/strong><\/h2>\n\n\n\n<div style=\"height:29px\" aria-hidden=\"true\" class=\"wp-block-spacer\"><\/div>\n\n\n\n<p>IN <strong>Wonder Home<\/strong> Wir m\u00f6chten, dass jeder Aufenthalt in Karpacz wirklich stressfrei verl\u00e4uft \u2013 vom Moment Ihrer Ankunft bis zu Ihrer R\u00fcckkehr nach Hause. <strong>Deshalb bieten wir neben komfortablen und voll ausgestatteten Apartments auch Zugang zu<\/strong> <strong>billiges Taxi in Karpacz<\/strong>. <\/p>\n\n\n\n<p>Dank der Zusammenarbeit mit einem lokalen Carrier <strong><strong>SCHNELLES LUXUSTAXI<\/strong><\/strong>k\u00f6nnen sich unsere G\u00e4ste auf einen effizienten und kosteng\u00fcnstigen Transport verlassen \u2013 ohne Stress, Wartezeiten und versteckte Kosten.<\/p>\n\n\n\n<div style=\"height:29px\" aria-hidden=\"true\" class=\"wp-block-spacer\"><\/div>\n\n\n\n<h2 class=\"wp-block-heading has-text-align-center has-text-color has-link-color wp-elements-d21d7158a23394e1e9810f319fd9b81a\" style=\"color:#d7a97d;font-size:24px\">Befehl <br>SCHNELLES LUXUSTAXI!<\/h2>\n\n\n\n<div style=\"height:29px\" aria-hidden=\"true\" class=\"wp-block-spacer\"><\/div>\n\n\n\n<div class=\"wp-block-buttons is-content-justification-center is-layout-flex wp-container-core-buttons-is-layout-16018d1d wp-block-buttons-is-layout-flex\">\n<div class=\"wp-block-button\"><a class=\"wp-block-button__link has-background wp-element-button\" href=\"tel:+48882517528\" style=\"background-color:#d7a97d\">\n       <strong>+48 882 517 528<\/strong>\n    <\/a><\/div>\n<\/div>\n\n\n\n<div style=\"height:29px\" aria-hidden=\"true\" class=\"wp-block-spacer\"><\/div>\n<\/div><\/div>\n\n\n\n<div style=\"height:29px\" aria-hidden=\"true\" class=\"wp-block-spacer\"><\/div>\n\n\n\n<div class=\"wp-block-media-text has-media-on-the-right is-stacked-on-mobile\"><div class=\"wp-block-media-text__content\">\n<div style=\"height:29px\" aria-hidden=\"true\" class=\"wp-block-spacer\"><\/div>\n\n\n\n<div style=\"height:29px\" aria-hidden=\"true\" class=\"wp-block-spacer\"><\/div>\n\n\n\n<h2 class=\"wp-block-heading has-text-align-center\" style=\"font-size:24px\"><strong>Die perfekte L\u00f6sung f\u00fcr Paare, Familien und Gruppen<\/strong>.<br><strong><span style=\"color: #d7a97d;\">Bequemer Zugang zur Wohnung und dar\u00fcber hinaus!<\/span><\/strong><\/h2>\n\n\n\n<div style=\"height:29px\" aria-hidden=\"true\" class=\"wp-block-spacer\"><\/div>\n\n\n\n<p>Nicht nur im Winter ist ein bew\u00e4hrter Taxitr\u00e4ger von Nutzen. <strong>Im Sommer erreichen Sie damit bequem:<\/strong><\/p>\n\n\n\n<ul class=\"wp-block-list\">\n<li>Standpunkte<\/li>\n\n\n\n<li>Touristenattraktionen<\/li>\n\n\n\n<li>Restaurants mit lokaler K\u00fcche.<\/li>\n<\/ul>\n\n\n\n<p><strong>Daher ist es eine ideale L\u00f6sung f\u00fcr Familien mit Kindern, Senioren und Freundesgruppen.<\/strong> Dank der Zusammenarbeit mit Wonder Home<strong> <\/strong>Bestellen Sie bequem, stressfrei und p\u00fcnktlich ein bew\u00e4hrtes und g\u00fcnstiges Taxi in Karpacz. <strong>Zus\u00e4tzlich<\/strong>, <strong>Sie m\u00fcssen sich keine Gedanken \u00fcber teure und \u00fcberf\u00fcllte Parkpl\u00e4tze machen \u2013 fahren Sie einfach und genie\u00dfen Sie Ihren Aufenthalt.<\/strong><\/p>\n\n\n\n<div style=\"height:29px\" aria-hidden=\"true\" class=\"wp-block-spacer\"><\/div>\n\n\n\n<div style=\"height:29px\" aria-hidden=\"true\" class=\"wp-block-spacer\"><\/div>\n<\/div><figure class=\"wp-block-media-text__media\"><img loading=\"lazy\" decoding=\"async\" width=\"1024\" height=\"727\" src=\"https:\/\/wonderhome.eu\/wp-content\/uploads\/2025\/05\/5-min-16-1024x727.jpg\" alt=\"tanie taxi karpacz dla rodziny\" class=\"wp-image-6446 size-full\" srcset=\"https:\/\/wonderhome.eu\/wp-content\/uploads\/2025\/05\/5-min-16-1024x727.jpg 1024w, https:\/\/wonderhome.eu\/wp-content\/uploads\/2025\/05\/5-min-16-300x213.jpg 300w, https:\/\/wonderhome.eu\/wp-content\/uploads\/2025\/05\/5-min-16-768x545.jpg 768w, https:\/\/wonderhome.eu\/wp-content\/uploads\/2025\/05\/5-min-16-18x12.jpg 18w, https:\/\/wonderhome.eu\/wp-content\/uploads\/2025\/05\/5-min-16.jpg 1273w\" sizes=\"auto, (max-width: 1024px) 100vw, 1024px\" \/><\/figure><\/div>\n\n\n\n<div style=\"height:29px\" aria-hidden=\"true\" class=\"wp-block-spacer\"><\/div>\n\n\n\n<div class=\"wp-block-media-text is-stacked-on-mobile\"><figure class=\"wp-block-media-text__media\"><img loading=\"lazy\" decoding=\"async\" width=\"1024\" height=\"722\" src=\"https:\/\/wonderhome.eu\/wp-content\/uploads\/2025\/05\/4-min-16-1024x722.jpg\" alt=\"\" class=\"wp-image-6447 size-full\" srcset=\"https:\/\/wonderhome.eu\/wp-content\/uploads\/2025\/05\/4-min-16-1024x722.jpg 1024w, https:\/\/wonderhome.eu\/wp-content\/uploads\/2025\/05\/4-min-16-300x211.jpg 300w, https:\/\/wonderhome.eu\/wp-content\/uploads\/2025\/05\/4-min-16-768x541.jpg 768w, https:\/\/wonderhome.eu\/wp-content\/uploads\/2025\/05\/4-min-16-18x12.jpg 18w, https:\/\/wonderhome.eu\/wp-content\/uploads\/2025\/05\/4-min-16.jpg 1288w\" sizes=\"auto, (max-width: 1024px) 100vw, 1024px\" \/><\/figure><div class=\"wp-block-media-text__content\">\n<h2 class=\"wp-block-heading has-text-align-center\" style=\"font-size:24px\"><strong>Bew\u00e4hrter Partner: SWIFT LUXURY TAXI<\/strong>!<br><strong><span style=\"color: #d7a97d;\">G\u00fcnstige Taxis in Karpacz<\/span><\/strong><\/h2>\n\n\n\n<div style=\"height:29px\" aria-hidden=\"true\" class=\"wp-block-spacer\"><\/div>\n\n\n\n<p>Wir haben f\u00fcr unsere G\u00e4ste ein lokales Unternehmen ausgew\u00e4hlt <strong><strong>SWIFT LUXUS TAXI Karpacz<\/strong><\/strong>, das sich durch P\u00fcnktlichkeit, Sauberkeit der Fahrzeuge und sehr attraktive Tarife auszeichnet. <\/p>\n\n\n\n<p>Durch die Nutzung der Dienste <strong>SCHNELLES LUXUSTAXI<\/strong>k\u00f6nnen Sie sicher sein, dass:<\/p>\n\n\n\n<ul class=\"wp-block-list\">\n<li>Der Fahrer kennt Karpacz und Umgebung sehr gut<\/li>\n\n\n\n<li>sorgt f\u00fcr eine reibungslose Fahrt<\/li>\n\n\n\n<li>wird Sie bei Bedarf unterst\u00fctzen.<\/li>\n<\/ul>\n\n\n\n<p><strong>Kurz gesagt, dies sind keine gew\u00f6hnlichen Taxifahrten \u2013 dieser Service erf\u00fcllt den Wonder Home-Standard. <\/strong><\/p>\n\n\n\n<div style=\"height:29px\" aria-hidden=\"true\" class=\"wp-block-spacer\"><\/div>\n<\/div><\/div>\n\n\n\n<div style=\"height:29px\" aria-hidden=\"true\" class=\"wp-block-spacer\"><\/div>\n\n\n\n<div class=\"wp-block-media-text has-media-on-the-right is-stacked-on-mobile\"><div class=\"wp-block-media-text__content\">\n<div style=\"height:29px\" aria-hidden=\"true\" class=\"wp-block-spacer\"><\/div>\n\n\n\n<div style=\"height:29px\" aria-hidden=\"true\" class=\"wp-block-spacer\"><\/div>\n\n\n\n<h2 class=\"wp-block-heading has-text-align-center\" style=\"font-size:24px\"><strong>G\u00fcnstiges Taxi Karpacz<\/strong> <strong>und Transport von Wonder Home.<\/strong><br><strong><span style=\"color: #d7a97d;\">Warum lohnt es sich?<\/span><\/strong><\/h2>\n\n\n\n<div style=\"height:29px\" aria-hidden=\"true\" class=\"wp-block-spacer\"><\/div>\n\n\n\n<ul class=\"wp-block-list\">\n<li>\u2705 <strong>Autofreier Komfort<\/strong><br>Der Taxiservice f\u00fcr Wonder Home-G\u00e4ste in Karpacz ist eine gro\u00dfartige L\u00f6sung, wenn Sie Parkpl\u00e4tze, Staus oder Verkehrsbeschr\u00e4nkungen in der Innenstadt vermeiden m\u00f6chten.<\/li>\n\n\n\n<li>\u2705 <strong>Einsparungen und Einfachheit<\/strong><br>Ein g\u00fcnstiges Taxi zu bestellen ist in Karpacz oft eine g\u00fcnstigere Alternative als die Nutzung des eigenen Autos \u2013 insbesondere f\u00fcr kurze Strecken, beispielsweise vom Bahnhof, Restaurant oder Wasserpark. <\/li>\n\n\n\n<li>\u2705 <strong>Transport nach Ihren W\u00fcnschen<\/strong><br>Die angebotenen Fahrzeuge sind ideal f\u00fcr Familien und gr\u00f6\u00dfere Gruppen. F\u00fcr G\u00e4ste mit gr\u00f6\u00dferem Gep\u00e4ck steht auch ein Taxi zur Verf\u00fcgung.<\/li>\n\n\n\n<li>\u2705 <strong>Wir arbeiten mit den Besten<\/strong><br>Unser aktueller Partner ist Taxi SWIFT Karpacz \u2013 bekannt f\u00fcr P\u00fcnktlichkeit, hohe Fahrerkultur und wettbewerbsf\u00e4hige Preise. Es ist eine zuverl\u00e4ssige Wahl f\u00fcr alle unsere G\u00e4ste.<\/li>\n<\/ul>\n\n\n\n<div style=\"height:29px\" aria-hidden=\"true\" class=\"wp-block-spacer\"><\/div>\n\n\n\n<h2 class=\"wp-block-heading has-text-align-center has-text-color has-link-color wp-elements-d6e1f262d8cdfe618840bdff993e8d7b\" style=\"color:#d7a97d\">Befehl <br>SCHNELLES LUXUSTAXI!<\/h2>\n\n\n\n<div style=\"height:29px\" aria-hidden=\"true\" class=\"wp-block-spacer\"><\/div>\n\n\n\n<div class=\"wp-block-buttons is-content-justification-center is-layout-flex wp-container-core-buttons-is-layout-16018d1d wp-block-buttons-is-layout-flex\">\n<div class=\"wp-block-button\"><a class=\"wp-block-button__link has-background wp-element-button\" href=\"tel:+48882517528\" style=\"background-color:#d7a97d\">\n       <strong>+48 882 517 528<\/strong>\n    <\/a><\/div>\n<\/div>\n<\/div><figure class=\"wp-block-media-text__media\"><img loading=\"lazy\" decoding=\"async\" width=\"1024\" height=\"702\" src=\"https:\/\/wonderhome.eu\/wp-content\/uploads\/2025\/01\/10-min-6-1024x702.jpg\" alt=\"\" class=\"wp-image-5826 size-full\" srcset=\"https:\/\/wonderhome.eu\/wp-content\/uploads\/2025\/01\/10-min-6-1024x702.jpg 1024w, https:\/\/wonderhome.eu\/wp-content\/uploads\/2025\/01\/10-min-6-300x206.jpg 300w, https:\/\/wonderhome.eu\/wp-content\/uploads\/2025\/01\/10-min-6-768x526.jpg 768w, https:\/\/wonderhome.eu\/wp-content\/uploads\/2025\/01\/10-min-6-18x12.jpg 18w, https:\/\/wonderhome.eu\/wp-content\/uploads\/2025\/01\/10-min-6.jpg 1227w\" sizes=\"auto, (max-width: 1024px) 100vw, 1024px\" \/><\/figure><\/div>\n\n\n\n<div style=\"height:56px\" aria-hidden=\"true\" class=\"wp-block-spacer\"><\/div>\n\n\n\n<div class=\"wp-block-buttons is-content-justification-center is-layout-flex wp-container-core-buttons-is-layout-16018d1d wp-block-buttons-is-layout-flex\">\n<div class=\"wp-block-button\"><a class=\"wp-block-button__link has-background has-text-align-center wp-element-button\" href=\"#g\u00f3ra\" style=\"background-color:#d7a97d\"><strong>Zur\u00fcckkehren<\/strong><\/a><\/div>\n<\/div>\n\n\n\n<div style=\"height:56px\" aria-hidden=\"true\" class=\"wp-block-spacer\"><\/div>\n\n\n\n<div style=\"height:56px\" aria-hidden=\"true\" class=\"wp-block-spacer\"><\/div>\n<\/div>\n\n\n\n<div class=\"wp-block-column is-layout-flow wp-block-column-is-layout-flow\" style=\"flex-basis:15%\"><\/div>\n<\/div>\n\n\n\n<p><\/p>\n\n\n\n<div style=\"height:49px\" aria-hidden=\"true\" class=\"wp-block-spacer\"><\/div>\n\n\n\n<div class=\"wp-block-cover alignfull is-light has-parallax has-small-font-size\" style=\"min-height:130px;aspect-ratio:unset;\"><div class=\"wp-block-cover__image-background wp-image-3915 has-parallax\" style=\"background-position:50% 50%;background-image:url(https:\/\/wonderhome.eu\/wp-content\/uploads\/2024\/11\/Header-statyczny-1920-x-1080-px-1920-x-1080-px-2.jpg)\"><\/div><span aria-hidden=\"true\" class=\"wp-block-cover__background has-background-dim-40 has-background-dim\" style=\"background-color:#b5a38f\"><\/span><div class=\"wp-block-cover__inner-container is-layout-constrained wp-block-cover-is-layout-constrained\">\n<p class=\"has-text-align-center has-white-color has-text-color has-link-color has-x-large-font-size wp-elements-e39e123ee203204ec81a5fb012e11dd4\"><strong>Wir warten auf Sie!<\/strong><\/p>\n<\/div><\/div>","protected":false},"excerpt":{"rendered":"<p>Komfortowy transport dla Go\u015bci Wonder Home w Karpaczu W Wonder Home zale\u017cy nam, aby Tw\u00f3j pobyt w Karpaczu by\u0142 wygodny od pocz\u0105tku do ko\u0144ca. Dlatego we wsp\u00f3\u0142pracy z zaufanymi lokalnymi przewo\u017anikami oferujemy tani i wygodny transport taxi po Karpaczu i okolicach. Bez wzgl\u0119du na to, czy potrzebujesz dojazdu do apartamentu, restauracji, szlaku czy stoku \u2013 [&hellip;]<\/p>\n","protected":false},"author":12,"featured_media":6445,"parent":0,"menu_order":0,"comment_status":"closed","ping_status":"closed","template":"","meta":{"_acf_changed":false,"footnotes":""},"class_list":["post-6438","page","type-page","status-publish","has-post-thumbnail","hentry"],"acf":[],"yoast_head":"<!-- This site is optimized with the Yoast SEO plugin v27.4 - https:\/\/yoast.com\/product\/yoast-seo-wordpress\/ -->\n<title>Tanie Taxi Karpacz! Tylko dla Wonder Go\u015bci | Wonder Home<\/title>\n<meta name=\"description\" content=\"Tanie taxi Karpacz \u2013 szybki i wygodny dojazd do apartamentu Wonder Home i lokalnych atrakcji. Sprawd\u017a nasz transport partnerski!\" \/>\n<meta name=\"robots\" content=\"index, follow, max-snippet:-1, max-image-preview:large, max-video-preview:-1\" \/>\n<link rel=\"canonical\" href=\"https:\/\/wonderhome.eu\/de\/tanie-taxi-karpacz\/\" \/>\n<meta property=\"og:locale\" content=\"de_DE\" \/>\n<meta property=\"og:type\" content=\"article\" \/>\n<meta property=\"og:title\" content=\"Tanie Taxi Karpacz! Tylko dla Wonder Go\u015bci | Wonder Home\" \/>\n<meta property=\"og:description\" content=\"Tanie taxi Karpacz \u2013 szybki i wygodny dojazd do apartamentu Wonder Home i lokalnych atrakcji. Sprawd\u017a nasz transport partnerski!\" \/>\n<meta property=\"og:url\" content=\"https:\/\/wonderhome.eu\/de\/tanie-taxi-karpacz\/\" \/>\n<meta property=\"og:site_name\" content=\"Wonder Home\" \/>\n<meta property=\"article:modified_time\" content=\"2025-10-17T11:53:48+00:00\" \/>\n<meta property=\"og:image\" content=\"https:\/\/wonderhome.eu\/wp-content\/uploads\/2025\/05\/7-min-7.jpg\" \/>\n\t<meta property=\"og:image:width\" content=\"1920\" \/>\n\t<meta property=\"og:image:height\" content=\"1080\" \/>\n\t<meta property=\"og:image:type\" content=\"image\/jpeg\" \/>\n<meta name=\"twitter:card\" content=\"summary_large_image\" \/>\n<meta name=\"twitter:label1\" content=\"Gesch\u00e4tzte Lesezeit\" \/>\n\t<meta name=\"twitter:data1\" content=\"5\u00a0Minuten\" \/>\n<script type=\"application\/ld+json\" class=\"yoast-schema-graph\">{\"@context\":\"https:\\\/\\\/schema.org\",\"@graph\":[{\"@type\":\"WebPage\",\"@id\":\"https:\\\/\\\/wonderhome.eu\\\/tanie-taxi-karpacz\",\"url\":\"https:\\\/\\\/wonderhome.eu\\\/tanie-taxi-karpacz\",\"name\":\"Tanie Taxi Karpacz! Tylko dla Wonder Go\u015bci | Wonder Home\",\"isPartOf\":{\"@id\":\"https:\\\/\\\/wonderhome.eu\\\/#website\"},\"primaryImageOfPage\":{\"@id\":\"https:\\\/\\\/wonderhome.eu\\\/tanie-taxi-karpacz#primaryimage\"},\"image\":{\"@id\":\"https:\\\/\\\/wonderhome.eu\\\/tanie-taxi-karpacz#primaryimage\"},\"thumbnailUrl\":\"https:\\\/\\\/wonderhome.eu\\\/wp-content\\\/uploads\\\/2025\\\/05\\\/7-min-7.jpg\",\"datePublished\":\"2025-05-21T14:11:35+00:00\",\"dateModified\":\"2025-10-17T11:53:48+00:00\",\"description\":\"Tanie taxi Karpacz \u2013 szybki i wygodny dojazd do apartamentu Wonder Home i lokalnych atrakcji. Sprawd\u017a nasz transport partnerski!\",\"inLanguage\":\"de\",\"potentialAction\":[{\"@type\":\"ReadAction\",\"target\":[\"https:\\\/\\\/wonderhome.eu\\\/tanie-taxi-karpacz\"]}]},{\"@type\":\"ImageObject\",\"inLanguage\":\"de\",\"@id\":\"https:\\\/\\\/wonderhome.eu\\\/tanie-taxi-karpacz#primaryimage\",\"url\":\"https:\\\/\\\/wonderhome.eu\\\/wp-content\\\/uploads\\\/2025\\\/05\\\/7-min-7.jpg\",\"contentUrl\":\"https:\\\/\\\/wonderhome.eu\\\/wp-content\\\/uploads\\\/2025\\\/05\\\/7-min-7.jpg\",\"width\":1920,\"height\":1080,\"caption\":\"tanie taxi karpacz\"},{\"@type\":\"WebSite\",\"@id\":\"https:\\\/\\\/wonderhome.eu\\\/#website\",\"url\":\"https:\\\/\\\/wonderhome.eu\\\/\",\"name\":\"Wonder Home\",\"description\":\"\",\"potentialAction\":[{\"@type\":\"SearchAction\",\"target\":{\"@type\":\"EntryPoint\",\"urlTemplate\":\"https:\\\/\\\/wonderhome.eu\\\/?s={search_term_string}\"},\"query-input\":{\"@type\":\"PropertyValueSpecification\",\"valueRequired\":true,\"valueName\":\"search_term_string\"}}],\"inLanguage\":\"de\"}]}<\/script>\n<!-- \/ Yoast SEO plugin. -->","yoast_head_json":{"title":"G\u00fcnstiges Taxi Karpacz! Nur f\u00fcr Wonder G\u00e4ste | Wonder Home","description":"G\u00fcnstige Karpacz-Taxis \u2013 schneller und bequemer Zugang zum Apartment Wonder Home und zu den Sehensw\u00fcrdigkeiten der Umgebung. Entdecken Sie unsere Transportpartner!","robots":{"index":"index","follow":"follow","max-snippet":"max-snippet:-1","max-image-preview":"max-image-preview:large","max-video-preview":"max-video-preview:-1"},"canonical":"https:\/\/wonderhome.eu\/de\/tanie-taxi-karpacz\/","og_locale":"de_DE","og_type":"article","og_title":"Tanie Taxi Karpacz! Tylko dla Wonder Go\u015bci | Wonder Home","og_description":"Tanie taxi Karpacz \u2013 szybki i wygodny dojazd do apartamentu Wonder Home i lokalnych atrakcji. Sprawd\u017a nasz transport partnerski!","og_url":"https:\/\/wonderhome.eu\/de\/tanie-taxi-karpacz\/","og_site_name":"Wonder Home","article_modified_time":"2025-10-17T11:53:48+00:00","og_image":[{"width":1920,"height":1080,"url":"https:\/\/wonderhome.eu\/wp-content\/uploads\/2025\/05\/7-min-7.jpg","type":"image\/jpeg"}],"twitter_card":"summary_large_image","twitter_misc":{"Gesch\u00e4tzte Lesezeit":"5\u00a0Minuten"},"schema":{"@context":"https:\/\/schema.org","@graph":[{"@type":"WebPage","@id":"https:\/\/wonderhome.eu\/tanie-taxi-karpacz","url":"https:\/\/wonderhome.eu\/tanie-taxi-karpacz","name":"G\u00fcnstiges Taxi Karpacz! Nur f\u00fcr Wonder G\u00e4ste | Wonder Home","isPartOf":{"@id":"https:\/\/wonderhome.eu\/#website"},"primaryImageOfPage":{"@id":"https:\/\/wonderhome.eu\/tanie-taxi-karpacz#primaryimage"},"image":{"@id":"https:\/\/wonderhome.eu\/tanie-taxi-karpacz#primaryimage"},"thumbnailUrl":"https:\/\/wonderhome.eu\/wp-content\/uploads\/2025\/05\/7-min-7.jpg","datePublished":"2025-05-21T14:11:35+00:00","dateModified":"2025-10-17T11:53:48+00:00","description":"G\u00fcnstige Karpacz-Taxis \u2013 schneller und bequemer Zugang zum Apartment Wonder Home und zu den Sehensw\u00fcrdigkeiten der Umgebung. Entdecken Sie unsere Transportpartner!","inLanguage":"de","potentialAction":[{"@type":"ReadAction","target":["https:\/\/wonderhome.eu\/tanie-taxi-karpacz"]}]},{"@type":"ImageObject","inLanguage":"de","@id":"https:\/\/wonderhome.eu\/tanie-taxi-karpacz#primaryimage","url":"https:\/\/wonderhome.eu\/wp-content\/uploads\/2025\/05\/7-min-7.jpg","contentUrl":"https:\/\/wonderhome.eu\/wp-content\/uploads\/2025\/05\/7-min-7.jpg","width":1920,"height":1080,"caption":"tanie taxi karpacz"},{"@type":"WebSite","@id":"https:\/\/wonderhome.eu\/#website","url":"https:\/\/wonderhome.eu\/","name":"Wonder Home","description":"","potentialAction":[{"@type":"SearchAction","target":{"@type":"EntryPoint","urlTemplate":"https:\/\/wonderhome.eu\/?s={search_term_string}"},"query-input":{"@type":"PropertyValueSpecification","valueRequired":true,"valueName":"search_term_string"}}],"inLanguage":"de"}]}},"_links":{"self":[{"href":"https:\/\/wonderhome.eu\/de\/wp-json\/wp\/v2\/pages\/6438","targetHints":{"allow":["GET"]}}],"collection":[{"href":"https:\/\/wonderhome.eu\/de\/wp-json\/wp\/v2\/pages"}],"about":[{"href":"https:\/\/wonderhome.eu\/de\/wp-json\/wp\/v2\/types\/page"}],"author":[{"embeddable":true,"href":"https:\/\/wonderhome.eu\/de\/wp-json\/wp\/v2\/users\/12"}],"replies":[{"embeddable":true,"href":"https:\/\/wonderhome.eu\/de\/wp-json\/wp\/v2\/comments?post=6438"}],"version-history":[{"count":1,"href":"https:\/\/wonderhome.eu\/de\/wp-json\/wp\/v2\/pages\/6438\/revisions"}],"predecessor-version":[{"id":7419,"href":"https:\/\/wonderhome.eu\/de\/wp-json\/wp\/v2\/pages\/6438\/revisions\/7419"}],"wp:featuredmedia":[{"embeddable":true,"href":"https:\/\/wonderhome.eu\/de\/wp-json\/wp\/v2\/media\/6445"}],"wp:attachment":[{"href":"https:\/\/wonderhome.eu\/de\/wp-json\/wp\/v2\/media?parent=6438"}],"curies":[{"name":"wp","href":"https:\/\/api.w.org\/{rel}","templated":true}]}}