{"id":6504,"date":"2025-06-04T13:50:34","date_gmt":"2025-06-04T11:50:34","guid":{"rendered":"https:\/\/wonderhome.eu\/?page_id=6504"},"modified":"2025-10-21T12:39:08","modified_gmt":"2025-10-21T10:39:08","slug":"uslugi-dodatkowe-na-zamowienie","status":"publish","type":"page","link":"https:\/\/wonderhome.eu\/de\/uslugi-dodatkowe-na-zamowienie","title":{"rendered":"Zusatzleistungen auf Anfrage"},"content":{"rendered":"<p class=\"has-text-align-center\"><\/p>\n\n\n\n<div class=\"wp-block-media-text is-stacked-on-mobile\"><figure class=\"wp-block-media-text__media\"><img loading=\"lazy\" decoding=\"async\" width=\"1024\" height=\"721\" src=\"https:\/\/wonderhome.eu\/wp-content\/uploads\/2025\/06\/6-min-15-1024x721.jpg\" alt=\"tort us\u0142ugi dodatkowe na zam\u00f3wienie\" class=\"wp-image-6534 size-full\" srcset=\"https:\/\/wonderhome.eu\/wp-content\/uploads\/2025\/06\/6-min-15-1024x721.jpg 1024w, https:\/\/wonderhome.eu\/wp-content\/uploads\/2025\/06\/6-min-15-300x211.jpg 300w, https:\/\/wonderhome.eu\/wp-content\/uploads\/2025\/06\/6-min-15-768x541.jpg 768w, https:\/\/wonderhome.eu\/wp-content\/uploads\/2025\/06\/6-min-15-18x12.jpg 18w, https:\/\/wonderhome.eu\/wp-content\/uploads\/2025\/06\/6-min-15.jpg 1317w\" sizes=\"auto, (max-width: 1024px) 100vw, 1024px\" \/><\/figure><div class=\"wp-block-media-text__content\">\n<div style=\"height:22px\" aria-hidden=\"true\" class=\"wp-block-spacer\"><\/div>\n\n\n\n<h2 class=\"wp-block-heading has-text-align-center has-text-color has-link-color wp-elements-02ae90c54aa3668f2d34061831d448a9\" id=\"g\u00f3ra\" style=\"color:#d7a97d;font-size:28px\">Feiern Sie besondere Momente mit Wonder Home<\/h2>\n\n\n\n<div style=\"height:22px\" aria-hidden=\"true\" class=\"wp-block-spacer\"><\/div>\n\n\n\n<p class=\"has-text-align-left has-text-color has-link-color wp-elements-29a4a89c59d73c3055b4a77ba45d6451\" style=\"color:#775740;font-size:22px\"><strong>Kleine Gesten, gro\u00dfe Emotionen<\/strong>! <strong>Zusatzleistungen auf Anfrage<\/strong><\/p>\n\n\n\n<p style=\"font-size:16px\"><strong>Planen Sie einen besonderen Aufenthalt in unseren Apartments? Oder m\u00f6chten Sie eine Ihnen nahestehende Person zum Geburtstag, Jahrestag oder ... bei einem Heiratsantrag \u00fcberraschen?<\/strong><\/p>\n\n\n\n<p class=\"has-text-color has-link-color wp-elements-f3d2044fc1626c2e709ad4a40f5bb9e9\" style=\"color:#d7a97d;font-size:20px\"><strong>Unsere G\u00e4ste bestellen am h\u00e4ufigsten:<\/strong><\/p>\n\n\n\n<ul class=\"wp-block-list\">\n<li>\ud83c\udf37 <strong>Str\u00e4u\u00dfe aus frischen Blumen<\/strong> \u2013 klassische Rosen, saisonale Kompositionen oder etwas ganz Pers\u00f6nliches,<\/li>\n\n\n\n<li>\ud83c\udf82 <strong>Kuchen oder andere S\u00fc\u00dfigkeiten<\/strong> \u2013 elegant verpackt und bereit f\u00fcr einen besonderen Moment,<\/li>\n\n\n\n<li>\ud83d\udc8c <strong>personalisierte Gru\u00dfkarten<\/strong> \u2013 weil Details wichtig sind.<\/li>\n<\/ul>\n\n\n\n<p style=\"font-size:16px\"><strong>Sie haben eine andere Idee? Teilen Sie uns diese vor Ihrer Anreise mit \u2013 wir geben unser Bestes, damit Ihr Vorhaben ein Erfolg wird!<\/strong><\/p>\n\n\n\n<div style=\"height:21px\" aria-hidden=\"true\" class=\"wp-block-spacer\"><\/div>\n\n\n\n<h2 class=\"wp-block-heading has-text-align-center has-text-color has-link-color wp-elements-db9dbdaf672a117161e3f718f490319f\" style=\"color:#d7a97d\">Rufen Sie an und bestellen Sie!<\/h2>\n\n\n\n<div style=\"height:21px\" aria-hidden=\"true\" class=\"wp-block-spacer\"><\/div>\n\n\n\n<div class=\"wp-block-buttons is-horizontal is-content-justification-center is-layout-flex wp-container-core-buttons-is-layout-499968f5 wp-block-buttons-is-layout-flex\">\n<div class=\"wp-block-button is-style-primary is-style-outline is-style-outline--1\"><a class=\"wp-block-button__link has-white-color has-text-color has-background has-link-color wp-element-button\" href=\"Tel.:+48785913913\" style=\"border-radius:22px;background-color:#d7a97d\"><strong>+48 785 913 913<\/strong><\/a><\/div>\n<\/div>\n\n\n\n<div style=\"height:39px\" aria-hidden=\"true\" class=\"wp-block-spacer\"><\/div>\n<\/div><\/div>\n\n\n\n<div style=\"height:39px\" aria-hidden=\"true\" class=\"wp-block-spacer\"><\/div>\n\n\n\n<div class=\"wp-block-media-text has-media-on-the-right is-stacked-on-mobile\"><div class=\"wp-block-media-text__content\">\n<p class=\"has-text-align-center has-text-color has-link-color wp-elements-851ed67029430956d34af50243367829\" style=\"color:#775740;font-size:25px\"><strong>Wie k\u00fcmmern wir uns um unsere G\u00e4ste? <\/strong><\/p>\n\n\n\n<p style=\"font-size:16px\"><strong>Bei Wonder Home wissen wir, dass es die Details sind, die au\u00dfergew\u00f6hnliche Erlebnisse schaffen. Wir gehen individuell auf jeden Gast ein, mit Herz und vollem Engagement. Wir sorgen daf\u00fcr, dass Ihr Aufenthalt nicht nur komfortabel, sondern vor allem unvergesslich ist.<\/strong><\/p>\n\n\n\n<p class=\"has-text-color has-link-color wp-elements-d2112a5b24991518eeca31429dbb2674\" style=\"color:#d7a97d;font-size:20px\"><strong>Was zeichnet uns aus?<\/strong><\/p>\n\n\n\n<ul class=\"wp-block-list\">\n<li><strong>Flexibilit\u00e4t und Offenheit<\/strong> \u2014 Wir gehen auf die W\u00fcnsche und Bed\u00fcrfnisse unserer G\u00e4ste ein. <\/li>\n\n\n\n<li><strong>Ein pers\u00f6nlicher Ansatz<\/strong> \u2014 wir widmen jedem Gast maximale Aufmerksamkeit und Zeit.<\/li>\n\n\n\n<li><strong>Unterst\u00fctzung bei jedem Schritt<\/strong> \u2014 von der Buchung bis zur Betreuung w\u00e4hrend Ihres Aufenthalts.<\/li>\n\n\n\n<li><strong>Liebe zum Detail<\/strong> \u2013 denn sie sind es, die eine magische Atmosph\u00e4re schaffen.<\/li>\n\n\n\n<li><strong>Eine breite Palette an Zusatzleistungen<\/strong> \u2014 Blumen, S\u00fc\u00dfigkeiten und Dekorationen auf Anfrage.<\/li>\n<\/ul>\n\n\n\n<div style=\"height:21px\" aria-hidden=\"true\" class=\"wp-block-spacer\"><\/div>\n\n\n\n<h2 class=\"wp-block-heading has-text-align-center has-text-color has-link-color wp-elements-d411477c307172beece337ed76999d90\" style=\"color:#d7a97d\">Rufen Sie an und bestellen Sie!<\/h2>\n\n\n\n<div style=\"height:21px\" aria-hidden=\"true\" class=\"wp-block-spacer\"><\/div>\n\n\n\n<div class=\"wp-block-buttons is-horizontal is-content-justification-center is-layout-flex wp-container-core-buttons-is-layout-499968f5 wp-block-buttons-is-layout-flex\">\n<div class=\"wp-block-button is-style-primary is-style-outline is-style-outline--2\"><a class=\"wp-block-button__link has-white-color has-text-color has-background has-link-color wp-element-button\" href=\"Tel.:+48785913913\" style=\"border-radius:22px;background-color:#d7a97d\"><strong>+48<\/strong> <strong>785-913-319<\/strong><\/a><\/div>\n<\/div>\n\n\n\n<div style=\"height:39px\" aria-hidden=\"true\" class=\"wp-block-spacer\"><\/div>\n\n\n\n<p class=\"has-text-align-center\"><\/p>\n\n\n\n<div style=\"height:23px\" aria-hidden=\"true\" class=\"wp-block-spacer\"><\/div>\n<\/div><figure class=\"wp-block-media-text__media\"><img loading=\"lazy\" decoding=\"async\" width=\"1024\" height=\"706\" src=\"https:\/\/wonderhome.eu\/wp-content\/uploads\/2025\/06\/5-min-18-1024x706.jpg\" alt=\"kolacja przy \u015bwiecach - us\u0142ugi dodatkowe\" class=\"wp-image-6535 size-full\" srcset=\"https:\/\/wonderhome.eu\/wp-content\/uploads\/2025\/06\/5-min-18-1024x706.jpg 1024w, https:\/\/wonderhome.eu\/wp-content\/uploads\/2025\/06\/5-min-18-300x207.jpg 300w, https:\/\/wonderhome.eu\/wp-content\/uploads\/2025\/06\/5-min-18-768x530.jpg 768w, https:\/\/wonderhome.eu\/wp-content\/uploads\/2025\/06\/5-min-18-18x12.jpg 18w, https:\/\/wonderhome.eu\/wp-content\/uploads\/2025\/06\/5-min-18.jpg 1327w\" sizes=\"auto, (max-width: 1024px) 100vw, 1024px\" \/><\/figure><\/div>\n\n\n\n<div style=\"height:100px\" aria-hidden=\"true\" class=\"wp-block-spacer\"><\/div>\n\n\n\n<div class=\"wp-block-buttons is-content-justification-center is-layout-flex wp-container-core-buttons-is-layout-16018d1d wp-block-buttons-is-layout-flex\">\n<div class=\"wp-block-button\"><a class=\"wp-block-button__link has-background has-text-align-center wp-element-button\" href=\"#g\u00f3ra\" style=\"background-color:#d7a97d\"><strong>Zur\u00fcckkehren<\/strong><\/a><\/div>\n<\/div>\n\n\n\n<div style=\"height:100px\" aria-hidden=\"true\" class=\"wp-block-spacer\"><\/div>","protected":false},"excerpt":{"rendered":"","protected":false},"author":12,"featured_media":6537,"parent":0,"menu_order":0,"comment_status":"closed","ping_status":"closed","template":"","meta":{"_acf_changed":false,"footnotes":""},"class_list":["post-6504","page","type-page","status-publish","has-post-thumbnail","hentry"],"acf":[],"yoast_head":"<!-- This site is optimized with the Yoast SEO plugin v27.4 - https:\/\/yoast.com\/product\/yoast-seo-wordpress\/ -->\n<title>Us\u0142ugi dodatkowe na zam\u00f3wienie - Wonder Home<\/title>\n<meta name=\"description\" content=\"Us\u0142ugi dodatkowe na zam\u00f3wienie w Wonder Home \u2013 sprawimy, \u017ce Tw\u00f3j pobyt b\u0119dzie wyj\u0105tkowy dzi\u0119ki rozwi\u0105zaniom dopasowanym do Twoich potrzeb!\" \/>\n<meta name=\"robots\" content=\"index, follow, max-snippet:-1, max-image-preview:large, max-video-preview:-1\" \/>\n<link rel=\"canonical\" href=\"https:\/\/wonderhome.eu\/de\/uslugi-dodatkowe-na-zamowienie\/\" \/>\n<meta property=\"og:locale\" content=\"de_DE\" \/>\n<meta property=\"og:type\" content=\"article\" \/>\n<meta property=\"og:title\" content=\"Us\u0142ugi dodatkowe na zam\u00f3wienie - Wonder Home\" \/>\n<meta property=\"og:description\" content=\"Us\u0142ugi dodatkowe na zam\u00f3wienie w Wonder Home \u2013 sprawimy, \u017ce Tw\u00f3j pobyt b\u0119dzie wyj\u0105tkowy dzi\u0119ki rozwi\u0105zaniom dopasowanym do Twoich potrzeb!\" \/>\n<meta property=\"og:url\" content=\"https:\/\/wonderhome.eu\/de\/uslugi-dodatkowe-na-zamowienie\/\" \/>\n<meta property=\"og:site_name\" content=\"Wonder Home\" \/>\n<meta property=\"article:modified_time\" content=\"2025-10-21T10:39:08+00:00\" \/>\n<meta property=\"og:image\" content=\"https:\/\/wonderhome.eu\/wp-content\/uploads\/2025\/06\/Tapety-rozne-72-min.jpg\" \/>\n\t<meta property=\"og:image:width\" content=\"1920\" \/>\n\t<meta property=\"og:image:height\" content=\"1080\" \/>\n\t<meta property=\"og:image:type\" content=\"image\/jpeg\" \/>\n<meta name=\"twitter:card\" content=\"summary_large_image\" \/>\n<meta name=\"twitter:label1\" content=\"Gesch\u00e4tzte Lesezeit\" \/>\n\t<meta name=\"twitter:data1\" content=\"3\u00a0Minuten\" \/>\n<script type=\"application\/ld+json\" class=\"yoast-schema-graph\">{\"@context\":\"https:\\\/\\\/schema.org\",\"@graph\":[{\"@type\":\"WebPage\",\"@id\":\"https:\\\/\\\/wonderhome.eu\\\/uslugi-dodatkowe-na-zamowienie\",\"url\":\"https:\\\/\\\/wonderhome.eu\\\/uslugi-dodatkowe-na-zamowienie\",\"name\":\"Us\u0142ugi dodatkowe na zam\u00f3wienie - Wonder Home\",\"isPartOf\":{\"@id\":\"https:\\\/\\\/wonderhome.eu\\\/#website\"},\"primaryImageOfPage\":{\"@id\":\"https:\\\/\\\/wonderhome.eu\\\/uslugi-dodatkowe-na-zamowienie#primaryimage\"},\"image\":{\"@id\":\"https:\\\/\\\/wonderhome.eu\\\/uslugi-dodatkowe-na-zamowienie#primaryimage\"},\"thumbnailUrl\":\"https:\\\/\\\/wonderhome.eu\\\/wp-content\\\/uploads\\\/2025\\\/06\\\/Tapety-rozne-72-min.jpg\",\"datePublished\":\"2025-06-04T11:50:34+00:00\",\"dateModified\":\"2025-10-21T10:39:08+00:00\",\"description\":\"Us\u0142ugi dodatkowe na zam\u00f3wienie w Wonder Home \u2013 sprawimy, \u017ce Tw\u00f3j pobyt b\u0119dzie wyj\u0105tkowy dzi\u0119ki rozwi\u0105zaniom dopasowanym do Twoich potrzeb!\",\"inLanguage\":\"de\",\"potentialAction\":[{\"@type\":\"ReadAction\",\"target\":[\"https:\\\/\\\/wonderhome.eu\\\/uslugi-dodatkowe-na-zamowienie\"]}]},{\"@type\":\"ImageObject\",\"inLanguage\":\"de\",\"@id\":\"https:\\\/\\\/wonderhome.eu\\\/uslugi-dodatkowe-na-zamowienie#primaryimage\",\"url\":\"https:\\\/\\\/wonderhome.eu\\\/wp-content\\\/uploads\\\/2025\\\/06\\\/Tapety-rozne-72-min.jpg\",\"contentUrl\":\"https:\\\/\\\/wonderhome.eu\\\/wp-content\\\/uploads\\\/2025\\\/06\\\/Tapety-rozne-72-min.jpg\",\"width\":1920,\"height\":1080,\"caption\":\"us\u0142ugi dodatkowe na zam\u00f3wienie\"},{\"@type\":\"WebSite\",\"@id\":\"https:\\\/\\\/wonderhome.eu\\\/#website\",\"url\":\"https:\\\/\\\/wonderhome.eu\\\/\",\"name\":\"Wonder Home\",\"description\":\"\",\"potentialAction\":[{\"@type\":\"SearchAction\",\"target\":{\"@type\":\"EntryPoint\",\"urlTemplate\":\"https:\\\/\\\/wonderhome.eu\\\/?s={search_term_string}\"},\"query-input\":{\"@type\":\"PropertyValueSpecification\",\"valueRequired\":true,\"valueName\":\"search_term_string\"}}],\"inLanguage\":\"de\"}]}<\/script>\n<!-- \/ Yoast SEO plugin. -->","yoast_head_json":{"title":"Zusatzleistungen auf Anfrage - Wonder Home","description":"Zus\u00e4tzliche Dienstleistungen sind auf Anfrage bei Wonder Home erh\u00e4ltlich \u2013 wir machen Ihren Aufenthalt mit auf Ihre Bed\u00fcrfnisse zugeschnittenen L\u00f6sungen au\u00dfergew\u00f6hnlich!","robots":{"index":"index","follow":"follow","max-snippet":"max-snippet:-1","max-image-preview":"max-image-preview:large","max-video-preview":"max-video-preview:-1"},"canonical":"https:\/\/wonderhome.eu\/de\/uslugi-dodatkowe-na-zamowienie\/","og_locale":"de_DE","og_type":"article","og_title":"Us\u0142ugi dodatkowe na zam\u00f3wienie - Wonder Home","og_description":"Us\u0142ugi dodatkowe na zam\u00f3wienie w Wonder Home \u2013 sprawimy, \u017ce Tw\u00f3j pobyt b\u0119dzie wyj\u0105tkowy dzi\u0119ki rozwi\u0105zaniom dopasowanym do Twoich potrzeb!","og_url":"https:\/\/wonderhome.eu\/de\/uslugi-dodatkowe-na-zamowienie\/","og_site_name":"Wonder Home","article_modified_time":"2025-10-21T10:39:08+00:00","og_image":[{"width":1920,"height":1080,"url":"https:\/\/wonderhome.eu\/wp-content\/uploads\/2025\/06\/Tapety-rozne-72-min.jpg","type":"image\/jpeg"}],"twitter_card":"summary_large_image","twitter_misc":{"Gesch\u00e4tzte Lesezeit":"3\u00a0Minuten"},"schema":{"@context":"https:\/\/schema.org","@graph":[{"@type":"WebPage","@id":"https:\/\/wonderhome.eu\/uslugi-dodatkowe-na-zamowienie","url":"https:\/\/wonderhome.eu\/uslugi-dodatkowe-na-zamowienie","name":"Zusatzleistungen auf Anfrage - Wonder Home","isPartOf":{"@id":"https:\/\/wonderhome.eu\/#website"},"primaryImageOfPage":{"@id":"https:\/\/wonderhome.eu\/uslugi-dodatkowe-na-zamowienie#primaryimage"},"image":{"@id":"https:\/\/wonderhome.eu\/uslugi-dodatkowe-na-zamowienie#primaryimage"},"thumbnailUrl":"https:\/\/wonderhome.eu\/wp-content\/uploads\/2025\/06\/Tapety-rozne-72-min.jpg","datePublished":"2025-06-04T11:50:34+00:00","dateModified":"2025-10-21T10:39:08+00:00","description":"Zus\u00e4tzliche Dienstleistungen sind auf Anfrage bei Wonder Home erh\u00e4ltlich \u2013 wir machen Ihren Aufenthalt mit auf Ihre Bed\u00fcrfnisse zugeschnittenen L\u00f6sungen au\u00dfergew\u00f6hnlich!","inLanguage":"de","potentialAction":[{"@type":"ReadAction","target":["https:\/\/wonderhome.eu\/uslugi-dodatkowe-na-zamowienie"]}]},{"@type":"ImageObject","inLanguage":"de","@id":"https:\/\/wonderhome.eu\/uslugi-dodatkowe-na-zamowienie#primaryimage","url":"https:\/\/wonderhome.eu\/wp-content\/uploads\/2025\/06\/Tapety-rozne-72-min.jpg","contentUrl":"https:\/\/wonderhome.eu\/wp-content\/uploads\/2025\/06\/Tapety-rozne-72-min.jpg","width":1920,"height":1080,"caption":"us\u0142ugi dodatkowe na zam\u00f3wienie"},{"@type":"WebSite","@id":"https:\/\/wonderhome.eu\/#website","url":"https:\/\/wonderhome.eu\/","name":"Wonder Home","description":"","potentialAction":[{"@type":"SearchAction","target":{"@type":"EntryPoint","urlTemplate":"https:\/\/wonderhome.eu\/?s={search_term_string}"},"query-input":{"@type":"PropertyValueSpecification","valueRequired":true,"valueName":"search_term_string"}}],"inLanguage":"de"}]}},"_links":{"self":[{"href":"https:\/\/wonderhome.eu\/de\/wp-json\/wp\/v2\/pages\/6504","targetHints":{"allow":["GET"]}}],"collection":[{"href":"https:\/\/wonderhome.eu\/de\/wp-json\/wp\/v2\/pages"}],"about":[{"href":"https:\/\/wonderhome.eu\/de\/wp-json\/wp\/v2\/types\/page"}],"author":[{"embeddable":true,"href":"https:\/\/wonderhome.eu\/de\/wp-json\/wp\/v2\/users\/12"}],"replies":[{"embeddable":true,"href":"https:\/\/wonderhome.eu\/de\/wp-json\/wp\/v2\/comments?post=6504"}],"version-history":[{"count":4,"href":"https:\/\/wonderhome.eu\/de\/wp-json\/wp\/v2\/pages\/6504\/revisions"}],"predecessor-version":[{"id":7539,"href":"https:\/\/wonderhome.eu\/de\/wp-json\/wp\/v2\/pages\/6504\/revisions\/7539"}],"wp:featuredmedia":[{"embeddable":true,"href":"https:\/\/wonderhome.eu\/de\/wp-json\/wp\/v2\/media\/6537"}],"wp:attachment":[{"href":"https:\/\/wonderhome.eu\/de\/wp-json\/wp\/v2\/media?parent=6504"}],"curies":[{"name":"wp","href":"https:\/\/api.w.org\/{rel}","templated":true}]}}