{"id":6566,"date":"2025-07-29T13:26:26","date_gmt":"2025-07-29T11:26:26","guid":{"rendered":"https:\/\/wonderhome.eu\/?page_id=6566"},"modified":"2025-10-17T13:49:25","modified_gmt":"2025-10-17T11:49:25","slug":"bezplatny-transfer-pkp-karpacz-wonder-home","status":"publish","type":"page","link":"https:\/\/wonderhome.eu\/de\/bezplatny-transfer-pkp-karpacz-wonder-home","title":{"rendered":"Kostenloser Transfer vom Bahnhof zum Apartment!"},"content":{"rendered":"<div style=\"height:40px\" aria-hidden=\"true\" class=\"wp-block-spacer\"><\/div>\n\n\n\n<div class=\"wp-block-columns is-layout-flex wp-container-core-columns-is-layout-9d6595d7 wp-block-columns-is-layout-flex\">\n<div class=\"wp-block-column is-layout-flow wp-block-column-is-layout-flow\" style=\"flex-basis:15%\"><\/div>\n\n\n\n<div class=\"wp-block-column is-layout-flow wp-block-column-is-layout-flow\" style=\"flex-basis:70%\">\n<h2 class=\"wp-block-heading has-text-align-center has-text-color has-link-color wp-elements-39e8a721b25c02f31f8930365b235e7e\" id=\"g\u00f3ra\" style=\"color:#2f2929;font-size:28px\"><strong>Sie reisen ohne Auto? Nutzen Sie unseren kostenlosen Shuttle-Service. <\/strong><br><strong>vom Bahnhof Karpacz f\u00fcr G\u00e4ste <span style=\"color: #d7a97d;\">Wonder Home<\/span><\/strong><\/h2>\n\n\n\n<div style=\"height:26px\" aria-hidden=\"true\" class=\"wp-block-spacer\"><\/div>\n\n\n\n<p class=\"has-text-align-center\" style=\"font-size:20px\">Wenn Sie mit dem Zug nach Karpacz anreisen, haben wir die perfekte L\u00f6sung f\u00fcr Sie \u2013 einen kostenlosen Transfer vom Bahnhof Karpacz f\u00fcr G\u00e4ste des Wonder Home. Dieser Service steht Ihnen zur Verf\u00fcgung, wenn Sie direkt \u00fcber unsere Website oder \u00fcber Booking.com mit der Option \u201eTransfer\u201c buchen. So erreichen Sie Ihr Apartment bequem und stressfrei \u2013 ohne sich um den Nahverkehr, das Gep\u00e4ckschleppen oder die Planung von Transfers k\u00fcmmern zu m\u00fcssen.<\/p>\n\n\n\n<div style=\"height:29px\" aria-hidden=\"true\" class=\"wp-block-spacer\"><\/div>\n\n\n\n<div style=\"height:26px\" aria-hidden=\"true\" class=\"wp-block-spacer\"><\/div>\n\n\n\n<div style=\"height:29px\" aria-hidden=\"true\" class=\"wp-block-spacer\"><\/div>\n\n\n\n<div class=\"wp-block-media-text is-stacked-on-mobile\"><figure class=\"wp-block-media-text__media\"><img loading=\"lazy\" decoding=\"async\" width=\"943\" height=\"648\" src=\"https:\/\/wonderhome.eu\/wp-content\/uploads\/2024\/12\/Zdjecia-na-strony-12-min-1.jpg\" alt=\"tanie taxi karpacz\" class=\"wp-image-5290 size-full\" srcset=\"https:\/\/wonderhome.eu\/wp-content\/uploads\/2024\/12\/Zdjecia-na-strony-12-min-1.jpg 943w, https:\/\/wonderhome.eu\/wp-content\/uploads\/2024\/12\/Zdjecia-na-strony-12-min-1-300x206.jpg 300w, https:\/\/wonderhome.eu\/wp-content\/uploads\/2024\/12\/Zdjecia-na-strony-12-min-1-768x528.jpg 768w, https:\/\/wonderhome.eu\/wp-content\/uploads\/2024\/12\/Zdjecia-na-strony-12-min-1-18x12.jpg 18w\" sizes=\"auto, (max-width: 943px) 100vw, 943px\" \/><\/figure><div class=\"wp-block-media-text__content\">\n<h2 class=\"wp-block-heading has-text-align-center\" style=\"font-size:24px\"><strong><span style=\"color: #d7a97d;\">Wonder Home<\/span> und Swift Luxury Taxi<\/strong> \u2013 <strong>Lokale Zusammenarbeit f\u00fcr Ihren Komfort<\/strong><\/h2>\n\n\n\n<p><strong>F\u00fcr den kostenlosen Transfer vom Bahnhof Karpacz zum Apartment ist Swift Luxury Taxi zust\u00e4ndig \u2013 ein lokales Unternehmen, das Karpacz wie seine Westentasche kennt.<\/strong><br>Dies sind keine zuf\u00e4lligen Fahrten, sondern Teil des umfassenden G\u00e4steservice von Wonder Home. Die Fahrer von Swift Luxury Taxi sind p\u00fcnktlich, h\u00f6flich und hilfsbereit.<\/p>\n\n\n\n<p><strong>Wir arbeiten nur mit den Besten zusammen, denn Ihr Komfort ist unsere Priorit\u00e4t.<\/strong><br>Und das ist alles - <strong>im Buchungspreis enthalten, keine zus\u00e4tzlichen Geb\u00fchren.<\/strong><\/p>\n\n\n\n<div style=\"height:29px\" aria-hidden=\"true\" class=\"wp-block-spacer\"><\/div>\n\n\n\n<h2 class=\"wp-block-heading has-text-align-center has-text-color has-link-color wp-elements-9b2d012883d0e22d2ffd5a7f5a042fb2\" style=\"color:#d7a97d\">Rufen Sie an und bestellen Sie eine \u00dcberweisung!<\/h2>\n\n\n\n<div style=\"height:29px\" aria-hidden=\"true\" class=\"wp-block-spacer\"><\/div>\n\n\n\n<div class=\"wp-block-buttons is-content-justification-center is-layout-flex wp-container-core-buttons-is-layout-16018d1d wp-block-buttons-is-layout-flex\">\n<div class=\"wp-block-button\"><a class=\"wp-block-button__link has-background wp-element-button\" href=\"tel:+48882517528\" style=\"background-color:#d7a97d\">\n       <strong>+48 882 517 528<\/strong>\n    <\/a><\/div>\n<\/div>\n\n\n\n<div style=\"height:30px\" aria-hidden=\"true\" class=\"wp-block-spacer\"><\/div>\n<\/div><\/div>\n\n\n\n<div style=\"height:29px\" aria-hidden=\"true\" class=\"wp-block-spacer\"><\/div>\n\n\n\n<div class=\"wp-block-media-text has-media-on-the-right is-stacked-on-mobile\"><div class=\"wp-block-media-text__content\">\n<h2 class=\"wp-block-heading has-text-align-center\" style=\"font-size:24px\"><strong>Wie funktioniert der kostenlose Transfer von PKP Karpacz f\u00fcr G\u00e4ste von Wonder Home?<\/strong><br><strong><span style=\"color: #d7a97d;\">Bequemer Zugang zur Wohnung!<\/span><\/strong><\/h2>\n\n\n\n<p><strong>Der kostenlose Transfer vom Bahnhof Karpacz zum Apartment ist f\u00fcr G\u00e4ste von Wonder Home eine schnelle und intuitive Option.<\/strong><br>W\u00e4hlen Sie die Option einfach bei der Buchung aus <strong>&quot;Kostenloser Shuttle&quot;<\/strong> im Bereich Extras. Kontaktieren Sie anschlie\u00dfend unsere Rezeption \u2013 wir vereinbaren telefonisch die Zugankunftszeit und die Adresse Ihres Zielapartments.<\/p>\n\n\n\n<p>Unser Partner k\u00fcmmert sich um die gesamte Logistik \u2013 <strong><a href=\"https:\/\/wonderhome.eu\/de\/tanie-taxi-karpacz\/\" target=\"_blank\" rel=\"noreferrer noopener\">Swift Luxustaxi Karpacz<\/a><\/strong>, ein lokales Unternehmen mit Erfahrung und hervorragenden Stadtkenntnissen. Abholung vom Bahnhof, bequeme Anreise und problemlose Ankunft vor Ihrer Wohnungst\u00fcr \u2013 all das ist ab dem Moment der Buchung garantiert.<\/p>\n\n\n\n<div style=\"height:29px\" aria-hidden=\"true\" class=\"wp-block-spacer\"><\/div>\n<\/div><figure class=\"wp-block-media-text__media\"><img loading=\"lazy\" decoding=\"async\" width=\"1024\" height=\"727\" src=\"https:\/\/wonderhome.eu\/wp-content\/uploads\/2025\/05\/5-min-16-1024x727.jpg\" alt=\"tanie taxi karpacz dla rodziny\" class=\"wp-image-6446 size-full\" srcset=\"https:\/\/wonderhome.eu\/wp-content\/uploads\/2025\/05\/5-min-16-1024x727.jpg 1024w, https:\/\/wonderhome.eu\/wp-content\/uploads\/2025\/05\/5-min-16-300x213.jpg 300w, https:\/\/wonderhome.eu\/wp-content\/uploads\/2025\/05\/5-min-16-768x545.jpg 768w, https:\/\/wonderhome.eu\/wp-content\/uploads\/2025\/05\/5-min-16-18x12.jpg 18w, https:\/\/wonderhome.eu\/wp-content\/uploads\/2025\/05\/5-min-16.jpg 1273w\" sizes=\"auto, (max-width: 1024px) 100vw, 1024px\" \/><\/figure><\/div>\n\n\n\n<div style=\"height:29px\" aria-hidden=\"true\" class=\"wp-block-spacer\"><\/div>\n\n\n\n<div class=\"wp-block-media-text is-stacked-on-mobile\"><figure class=\"wp-block-media-text__media\"><img loading=\"lazy\" decoding=\"async\" width=\"1024\" height=\"722\" src=\"https:\/\/wonderhome.eu\/wp-content\/uploads\/2025\/05\/4-min-16-1024x722.jpg\" alt=\"\" class=\"wp-image-6447 size-full\" srcset=\"https:\/\/wonderhome.eu\/wp-content\/uploads\/2025\/05\/4-min-16-1024x722.jpg 1024w, https:\/\/wonderhome.eu\/wp-content\/uploads\/2025\/05\/4-min-16-300x211.jpg 300w, https:\/\/wonderhome.eu\/wp-content\/uploads\/2025\/05\/4-min-16-768x541.jpg 768w, https:\/\/wonderhome.eu\/wp-content\/uploads\/2025\/05\/4-min-16-18x12.jpg 18w, https:\/\/wonderhome.eu\/wp-content\/uploads\/2025\/05\/4-min-16.jpg 1288w\" sizes=\"auto, (max-width: 1024px) 100vw, 1024px\" \/><\/figure><div class=\"wp-block-media-text__content\">\n<h2 class=\"wp-block-heading has-text-align-center\" style=\"font-size:24px\"><strong>Pr\u00fcfen Sie, welche Apartments einen kostenlosen Transfer vom Bahnhof Karpacz beinhalten<\/strong> <strong>f\u00fcr G\u00e4ste<span style=\"color: #d7a97d;\"> Wonder Home<\/span> <\/strong><\/h2>\n\n\n\n<p>Nicht alle Apartments sind von der kostenlosen Transportoption abgedeckt. Es lohnt sich daher, vor der Buchung die Verf\u00fcgbarkeit des Dienstes in einer bestimmten Unterkunft zu pr\u00fcfen. <strong>Kostenloser Transfer vom Bahnhof Karpacz f\u00fcr G\u00e4ste des Wonder Home<\/strong> wird nur an ausgew\u00e4hlte Standorte durchgef\u00fchrt.<\/p>\n\n\n\n<p>\ud83d\udc49 <strong>Nutzen Sie unsere <a class=\"\" href=\"#\">Wohnungssuchmaschine mit kostenlosem Transfer<\/a>um die aktuelle Liste der f\u00fcr dieses Angebot verf\u00fcgbaren Standorte anzuzeigen.<\/strong><\/p>\n\n\n\n<p><strong><br>Erinnern:<\/strong> Die Liste der im Transfer enthaltenen Apartments kann sich \u00e4ndern. \u00dcberpr\u00fcfen Sie daher vor der Buchung immer die Verf\u00fcgbarkeit.<\/p>\n\n\n\n<div style=\"height:30px\" aria-hidden=\"true\" class=\"wp-block-spacer\"><\/div>\n\n\n\n<h2 class=\"wp-block-heading has-text-align-center has-text-color has-link-color wp-elements-9b2d012883d0e22d2ffd5a7f5a042fb2\" style=\"color:#d7a97d\">Rufen Sie an und bestellen Sie eine \u00dcberweisung!<\/h2>\n\n\n\n<div style=\"height:29px\" aria-hidden=\"true\" class=\"wp-block-spacer\"><\/div>\n\n\n\n<div class=\"wp-block-buttons is-content-justification-center is-layout-flex wp-container-core-buttons-is-layout-16018d1d wp-block-buttons-is-layout-flex\">\n<div class=\"wp-block-button\"><a class=\"wp-block-button__link has-background wp-element-button\" href=\"tel:+48882517528\" style=\"background-color:#d7a97d\">\n       <strong>+48 882 517 528<\/strong>\n    <\/a><\/div>\n<\/div>\n\n\n\n<div style=\"height:30px\" aria-hidden=\"true\" class=\"wp-block-spacer\"><\/div>\n<\/div><\/div>\n\n\n\n<div style=\"height:29px\" aria-hidden=\"true\" class=\"wp-block-spacer\"><\/div>\n\n\n\n<div class=\"wp-block-media-text has-media-on-the-right is-stacked-on-mobile\"><div class=\"wp-block-media-text__content\">\n<h2 class=\"wp-block-heading has-text-align-center\" style=\"font-size:24px\"><strong>Warum lohnt es sich zu w\u00e4hlen <span style=\"color: #d7a97d;\">Wonder Home<\/span> mit kostenlosem Transfer?<\/strong><\/h2>\n\n\n\n<p><strong>Der kostenlose Transfer vom Bahnhof Karpacz f\u00fcr G\u00e4ste von Wonder Home ist ein Komfort, den keine andere Unterkunft in Karpacz bietet.<\/strong><br>Wenn Sie am Bahnhof ankommen, m\u00fcssen Sie sich keine Gedanken \u00fcber ein Taxi oder einen Bus machen \u2013 unser Fahrer holt Sie p\u00fcnktlich ab und bringt Sie direkt zu Ihrem Apartment.<\/p>\n\n\n\n<p><strong>Dies ist die perfekte L\u00f6sung f\u00fcr:<\/strong><\/p>\n\n\n\n<ul class=\"wp-block-list\">\n<li>Familien mit Kindern,<\/li>\n\n\n\n<li>\u00e4ltere Menschen,<\/li>\n\n\n\n<li>Touristen mit gro\u00dfem Gep\u00e4ck.<\/li>\n<\/ul>\n\n\n\n<p><strong>Bequem, sicher, stressfrei \u2013 und v\u00f6llig kostenlos.<\/strong> Profitieren Sie von einem Service, der Ihnen Zeit spart und Komfort ab der ersten Minute Ihres Aufenthalts bietet.<\/p>\n\n\n\n<div style=\"height:29px\" aria-hidden=\"true\" class=\"wp-block-spacer\"><\/div>\n<\/div><figure class=\"wp-block-media-text__media\"><img loading=\"lazy\" decoding=\"async\" width=\"1024\" height=\"753\" src=\"https:\/\/wonderhome.eu\/wp-content\/uploads\/2025\/06\/Tapety-rozne-77-min-1-1024x753.jpg\" alt=\"bezp\u0142atny transfer z PKP Karpacz dla Go\u015bci Wonder Home\" class=\"wp-image-6570 size-full\" srcset=\"https:\/\/wonderhome.eu\/wp-content\/uploads\/2025\/06\/Tapety-rozne-77-min-1-1024x753.jpg 1024w, https:\/\/wonderhome.eu\/wp-content\/uploads\/2025\/06\/Tapety-rozne-77-min-1-300x221.jpg 300w, https:\/\/wonderhome.eu\/wp-content\/uploads\/2025\/06\/Tapety-rozne-77-min-1-768x565.jpg 768w, https:\/\/wonderhome.eu\/wp-content\/uploads\/2025\/06\/Tapety-rozne-77-min-1-16x12.jpg 16w, https:\/\/wonderhome.eu\/wp-content\/uploads\/2025\/06\/Tapety-rozne-77-min-1.jpg 1165w\" sizes=\"auto, (max-width: 1024px) 100vw, 1024px\" \/><\/figure><\/div>\n\n\n\n<div style=\"height:29px\" aria-hidden=\"true\" class=\"wp-block-spacer\"><\/div>\n\n\n\n<div class=\"wp-block-buttons is-content-justification-center is-layout-flex wp-container-core-buttons-is-layout-16018d1d wp-block-buttons-is-layout-flex\">\n<div class=\"wp-block-button\"><a class=\"wp-block-button__link has-background has-text-align-center wp-element-button\" href=\"#g\u00f3ra\" style=\"background-color:#d7a97d\"><strong>Zur\u00fcckkehren<\/strong><\/a><\/div>\n<\/div>\n\n\n\n<div style=\"height:56px\" aria-hidden=\"true\" class=\"wp-block-spacer\"><\/div>\n<\/div>\n\n\n\n<div class=\"wp-block-column is-layout-flow wp-block-column-is-layout-flow\" style=\"flex-basis:15%\"><\/div>\n<\/div>\n\n\n\n<p><\/p>\n\n\n\n<div style=\"height:49px\" aria-hidden=\"true\" class=\"wp-block-spacer\"><\/div>\n\n\n\n<div class=\"wp-block-cover alignfull is-light has-parallax has-small-font-size\" style=\"min-height:130px;aspect-ratio:unset;\"><div class=\"wp-block-cover__image-background wp-image-3915 has-parallax\" style=\"background-position:50% 50%;background-image:url(https:\/\/wonderhome.eu\/wp-content\/uploads\/2024\/11\/Header-statyczny-1920-x-1080-px-1920-x-1080-px-2.jpg)\"><\/div><span aria-hidden=\"true\" class=\"wp-block-cover__background has-background-dim-40 has-background-dim\" style=\"background-color:#b5a38f\"><\/span><div class=\"wp-block-cover__inner-container is-layout-constrained wp-block-cover-is-layout-constrained\">\n<p class=\"has-text-align-center has-white-color has-text-color has-link-color has-x-large-font-size wp-elements-e39e123ee203204ec81a5fb012e11dd4\"><strong>Wir warten auf Sie!<\/strong><\/p>\n<\/div><\/div>","protected":false},"excerpt":{"rendered":"<p>Podr\u00f3\u017cujesz bez auta? Skorzystaj z bezp\u0142atnego transferu z dworca PKP Karpacz dla Go\u015bci Wonder Home Je\u015bli planujesz przyjazd do Karpacza poci\u0105giem, mamy dla Ciebie doskona\u0142e rozwi\u0105zanie \u2013 bezp\u0142atny transfer z PKP Karpacz dla Go\u015bci Wonder Home. Us\u0142uga jest dost\u0119pna dla os\u00f3b rezerwuj\u0105cych pobyt bezpo\u015brednio przez nasz\u0105 stron\u0119 internetow\u0105 lub przez Booking.com z wybran\u0105 opcj\u0105 transferu. [&hellip;]<\/p>\n","protected":false},"author":12,"featured_media":6569,"parent":0,"menu_order":0,"comment_status":"closed","ping_status":"closed","template":"","meta":{"_acf_changed":false,"footnotes":""},"class_list":["post-6566","page","type-page","status-publish","has-post-thumbnail","hentry"],"acf":[],"yoast_head":"<!-- This site is optimized with the Yoast SEO plugin v27.4 - https:\/\/yoast.com\/product\/yoast-seo-wordpress\/ -->\n<title>Bezp\u0142atny transfer z PKP Karpacz dla Go\u015bci Wonder Home<\/title>\n<meta name=\"description\" content=\"Zam\u00f3w bezp\u0142atny transfer z PKP Karpacz dla Go\u015bci Wonder Home do wybranych apartament\u00f3w. Sprawd\u017a, jak to dzia\u0142a i kto mo\u017ce skorzysta\u0107!\" \/>\n<meta name=\"robots\" content=\"index, follow, max-snippet:-1, max-image-preview:large, max-video-preview:-1\" \/>\n<link rel=\"canonical\" href=\"https:\/\/wonderhome.eu\/de\/bezplatny-transfer-pkp-karpacz-wonder-home\/\" \/>\n<meta property=\"og:locale\" content=\"de_DE\" \/>\n<meta property=\"og:type\" content=\"article\" \/>\n<meta property=\"og:title\" content=\"Bezp\u0142atny transfer z PKP Karpacz dla Go\u015bci Wonder Home\" \/>\n<meta property=\"og:description\" content=\"Zam\u00f3w bezp\u0142atny transfer z PKP Karpacz dla Go\u015bci Wonder Home do wybranych apartament\u00f3w. Sprawd\u017a, jak to dzia\u0142a i kto mo\u017ce skorzysta\u0107!\" \/>\n<meta property=\"og:url\" content=\"https:\/\/wonderhome.eu\/de\/bezplatny-transfer-pkp-karpacz-wonder-home\/\" \/>\n<meta property=\"og:site_name\" content=\"Wonder Home\" \/>\n<meta property=\"article:modified_time\" content=\"2025-10-17T11:49:25+00:00\" \/>\n<meta property=\"og:image\" content=\"https:\/\/wonderhome.eu\/wp-content\/uploads\/2025\/06\/Tapety-rozne-76.jpg\" \/>\n\t<meta property=\"og:image:width\" content=\"1920\" \/>\n\t<meta property=\"og:image:height\" content=\"1080\" \/>\n\t<meta property=\"og:image:type\" content=\"image\/jpeg\" \/>\n<meta name=\"twitter:card\" content=\"summary_large_image\" \/>\n<meta name=\"twitter:label1\" content=\"Gesch\u00e4tzte Lesezeit\" \/>\n\t<meta name=\"twitter:data1\" content=\"5\u00a0Minuten\" \/>\n<script type=\"application\/ld+json\" class=\"yoast-schema-graph\">{\"@context\":\"https:\\\/\\\/schema.org\",\"@graph\":[{\"@type\":\"WebPage\",\"@id\":\"https:\\\/\\\/wonderhome.eu\\\/bezplatny-transfer-pkp-karpacz-wonder-home\",\"url\":\"https:\\\/\\\/wonderhome.eu\\\/bezplatny-transfer-pkp-karpacz-wonder-home\",\"name\":\"Bezp\u0142atny transfer z PKP Karpacz dla Go\u015bci Wonder Home\",\"isPartOf\":{\"@id\":\"https:\\\/\\\/wonderhome.eu\\\/#website\"},\"primaryImageOfPage\":{\"@id\":\"https:\\\/\\\/wonderhome.eu\\\/bezplatny-transfer-pkp-karpacz-wonder-home#primaryimage\"},\"image\":{\"@id\":\"https:\\\/\\\/wonderhome.eu\\\/bezplatny-transfer-pkp-karpacz-wonder-home#primaryimage\"},\"thumbnailUrl\":\"https:\\\/\\\/wonderhome.eu\\\/wp-content\\\/uploads\\\/2025\\\/06\\\/Tapety-rozne-76.jpg\",\"datePublished\":\"2025-07-29T11:26:26+00:00\",\"dateModified\":\"2025-10-17T11:49:25+00:00\",\"description\":\"Zam\u00f3w bezp\u0142atny transfer z PKP Karpacz dla Go\u015bci Wonder Home do wybranych apartament\u00f3w. Sprawd\u017a, jak to dzia\u0142a i kto mo\u017ce skorzysta\u0107!\",\"inLanguage\":\"de\",\"potentialAction\":[{\"@type\":\"ReadAction\",\"target\":[\"https:\\\/\\\/wonderhome.eu\\\/bezplatny-transfer-pkp-karpacz-wonder-home\"]}]},{\"@type\":\"ImageObject\",\"inLanguage\":\"de\",\"@id\":\"https:\\\/\\\/wonderhome.eu\\\/bezplatny-transfer-pkp-karpacz-wonder-home#primaryimage\",\"url\":\"https:\\\/\\\/wonderhome.eu\\\/wp-content\\\/uploads\\\/2025\\\/06\\\/Tapety-rozne-76.jpg\",\"contentUrl\":\"https:\\\/\\\/wonderhome.eu\\\/wp-content\\\/uploads\\\/2025\\\/06\\\/Tapety-rozne-76.jpg\",\"width\":1920,\"height\":1080,\"caption\":\"bezp\u0142atny transfer z PKP Karpacz dla Go\u015bci Wonder Home\"},{\"@type\":\"WebSite\",\"@id\":\"https:\\\/\\\/wonderhome.eu\\\/#website\",\"url\":\"https:\\\/\\\/wonderhome.eu\\\/\",\"name\":\"Wonder Home\",\"description\":\"\",\"potentialAction\":[{\"@type\":\"SearchAction\",\"target\":{\"@type\":\"EntryPoint\",\"urlTemplate\":\"https:\\\/\\\/wonderhome.eu\\\/?s={search_term_string}\"},\"query-input\":{\"@type\":\"PropertyValueSpecification\",\"valueRequired\":true,\"valueName\":\"search_term_string\"}}],\"inLanguage\":\"de\"}]}<\/script>\n<!-- \/ Yoast SEO plugin. -->","yoast_head_json":{"title":"Kostenloser Transfer vom Bahnhof Karpacz f\u00fcr G\u00e4ste des Wonder Home","description":"Zam\u00f3w bezp\u0142atny transfer z PKP Karpacz dla Go\u015bci Wonder Home do wybranych apartament\u00f3w. Sprawd\u017a, jak to dzia\u0142a i kto mo\u017ce skorzysta\u0107!","robots":{"index":"index","follow":"follow","max-snippet":"max-snippet:-1","max-image-preview":"max-image-preview:large","max-video-preview":"max-video-preview:-1"},"canonical":"https:\/\/wonderhome.eu\/de\/bezplatny-transfer-pkp-karpacz-wonder-home\/","og_locale":"de_DE","og_type":"article","og_title":"Bezp\u0142atny transfer z PKP Karpacz dla Go\u015bci Wonder Home","og_description":"Zam\u00f3w bezp\u0142atny transfer z PKP Karpacz dla Go\u015bci Wonder Home do wybranych apartament\u00f3w. Sprawd\u017a, jak to dzia\u0142a i kto mo\u017ce skorzysta\u0107!","og_url":"https:\/\/wonderhome.eu\/de\/bezplatny-transfer-pkp-karpacz-wonder-home\/","og_site_name":"Wonder Home","article_modified_time":"2025-10-17T11:49:25+00:00","og_image":[{"width":1920,"height":1080,"url":"https:\/\/wonderhome.eu\/wp-content\/uploads\/2025\/06\/Tapety-rozne-76.jpg","type":"image\/jpeg"}],"twitter_card":"summary_large_image","twitter_misc":{"Gesch\u00e4tzte Lesezeit":"5\u00a0Minuten"},"schema":{"@context":"https:\/\/schema.org","@graph":[{"@type":"WebPage","@id":"https:\/\/wonderhome.eu\/bezplatny-transfer-pkp-karpacz-wonder-home","url":"https:\/\/wonderhome.eu\/bezplatny-transfer-pkp-karpacz-wonder-home","name":"Kostenloser Transfer vom Bahnhof Karpacz f\u00fcr G\u00e4ste des Wonder Home","isPartOf":{"@id":"https:\/\/wonderhome.eu\/#website"},"primaryImageOfPage":{"@id":"https:\/\/wonderhome.eu\/bezplatny-transfer-pkp-karpacz-wonder-home#primaryimage"},"image":{"@id":"https:\/\/wonderhome.eu\/bezplatny-transfer-pkp-karpacz-wonder-home#primaryimage"},"thumbnailUrl":"https:\/\/wonderhome.eu\/wp-content\/uploads\/2025\/06\/Tapety-rozne-76.jpg","datePublished":"2025-07-29T11:26:26+00:00","dateModified":"2025-10-17T11:49:25+00:00","description":"Zam\u00f3w bezp\u0142atny transfer z PKP Karpacz dla Go\u015bci Wonder Home do wybranych apartament\u00f3w. Sprawd\u017a, jak to dzia\u0142a i kto mo\u017ce skorzysta\u0107!","inLanguage":"de","potentialAction":[{"@type":"ReadAction","target":["https:\/\/wonderhome.eu\/bezplatny-transfer-pkp-karpacz-wonder-home"]}]},{"@type":"ImageObject","inLanguage":"de","@id":"https:\/\/wonderhome.eu\/bezplatny-transfer-pkp-karpacz-wonder-home#primaryimage","url":"https:\/\/wonderhome.eu\/wp-content\/uploads\/2025\/06\/Tapety-rozne-76.jpg","contentUrl":"https:\/\/wonderhome.eu\/wp-content\/uploads\/2025\/06\/Tapety-rozne-76.jpg","width":1920,"height":1080,"caption":"bezp\u0142atny transfer z PKP Karpacz dla Go\u015bci Wonder Home"},{"@type":"WebSite","@id":"https:\/\/wonderhome.eu\/#website","url":"https:\/\/wonderhome.eu\/","name":"Wonder Home","description":"","potentialAction":[{"@type":"SearchAction","target":{"@type":"EntryPoint","urlTemplate":"https:\/\/wonderhome.eu\/?s={search_term_string}"},"query-input":{"@type":"PropertyValueSpecification","valueRequired":true,"valueName":"search_term_string"}}],"inLanguage":"de"}]}},"_links":{"self":[{"href":"https:\/\/wonderhome.eu\/de\/wp-json\/wp\/v2\/pages\/6566","targetHints":{"allow":["GET"]}}],"collection":[{"href":"https:\/\/wonderhome.eu\/de\/wp-json\/wp\/v2\/pages"}],"about":[{"href":"https:\/\/wonderhome.eu\/de\/wp-json\/wp\/v2\/types\/page"}],"author":[{"embeddable":true,"href":"https:\/\/wonderhome.eu\/de\/wp-json\/wp\/v2\/users\/12"}],"replies":[{"embeddable":true,"href":"https:\/\/wonderhome.eu\/de\/wp-json\/wp\/v2\/comments?post=6566"}],"version-history":[{"count":11,"href":"https:\/\/wonderhome.eu\/de\/wp-json\/wp\/v2\/pages\/6566\/revisions"}],"predecessor-version":[{"id":7417,"href":"https:\/\/wonderhome.eu\/de\/wp-json\/wp\/v2\/pages\/6566\/revisions\/7417"}],"wp:featuredmedia":[{"embeddable":true,"href":"https:\/\/wonderhome.eu\/de\/wp-json\/wp\/v2\/media\/6569"}],"wp:attachment":[{"href":"https:\/\/wonderhome.eu\/de\/wp-json\/wp\/v2\/media?parent=6566"}],"curies":[{"name":"wp","href":"https:\/\/api.w.org\/{rel}","templated":true}]}}