{"id":7934,"date":"2026-03-02T08:51:54","date_gmt":"2026-03-02T07:51:54","guid":{"rendered":"https:\/\/wonderhome.eu\/?page_id=7934"},"modified":"2026-03-02T09:15:30","modified_gmt":"2026-03-02T08:15:30","slug":"poradnik-wonder-hill-sosnowka","status":"publish","type":"page","link":"https:\/\/wonderhome.eu\/de\/poradnik-wonder-hill-sosnowka","title":{"rendered":"Wonder Hill Sosn\u00f3wka Reisef\u00fchrer"},"content":{"rendered":"<h1 class=\"wp-block-heading has-text-align-center has-x-large-font-size\" id=\"g\u00f3ra\">Wonder Hill Pinienkerne \u2013 Ein praktischer Leitfaden<\/h1>\n\n\n\n<div data-wp-interactive=\"core\/file\" class=\"wp-block-file\"><object data-wp-bind--hidden=\"!state.hasPdfPreview\" hidden class=\"wp-block-file__embed\" data=\"https:\/\/wonderhome.eu\/wp-content\/uploads\/2026\/03\/WONDER-HILL-Poradnik-dla-Gosci-WH.pdf\" type=\"application\/pdf\" style=\"width:100%;height:600px\" aria-label=\"Einbettung von WONDER HILL Poradnik dla Go\u015bci WH.\"><\/object><a id=\"wp-block-file--media-ae2cdb18-5c8e-4333-83eb-1ee73bb3295d\" href=\"https:\/\/wonderhome.eu\/wp-content\/uploads\/2026\/03\/WONDER-HILL-Poradnik-dla-Gosci-WH.pdf\">WONDER HILL WH G\u00e4stef\u00fchrer<\/a><a href=\"https:\/\/wonderhome.eu\/wp-content\/uploads\/2026\/03\/WONDER-HILL-Poradnik-dla-Gosci-WH.pdf\" class=\"wp-block-file__button wp-element-button\" download aria-describedby=\"wp-block-file--media-ae2cdb18-5c8e-4333-83eb-1ee73bb3295d\">Herunterladen<\/a><\/div>\n\n\n\n<p class=\"has-text-align-center\"><\/p>","protected":false},"excerpt":{"rendered":"<p>Wonder Hill Pinienkerne \u2013 Ein praktischer Leitfaden<\/p>","protected":false},"author":3,"featured_media":7936,"parent":0,"menu_order":0,"comment_status":"closed","ping_status":"closed","template":"","meta":{"_acf_changed":false,"footnotes":""},"class_list":["post-7934","page","type-page","status-publish","has-post-thumbnail","hentry"],"acf":[],"yoast_head":"<!-- This site is optimized with the Yoast SEO plugin v27.4 - https:\/\/yoast.com\/product\/yoast-seo-wordpress\/ -->\n<title>Poradnik Wonder Hill Sosn\u00f3wka - Wonder Home<\/title>\n<meta name=\"description\" content=\"Przewodnik po Karpaczu w pigu\u0142ce: najwa\u017cniejsze informacje w jednym miejscu. Pobierz nasz darmowy przewodnik i oszcz\u0119dzaj czas na zwiedzanie!\" \/>\n<meta name=\"robots\" content=\"index, follow, max-snippet:-1, max-image-preview:large, max-video-preview:-1\" \/>\n<link rel=\"canonical\" href=\"https:\/\/wonderhome.eu\/de\/poradnik-wonder-hill-sosnowka\/\" \/>\n<meta property=\"og:locale\" content=\"de_DE\" \/>\n<meta property=\"og:type\" content=\"article\" \/>\n<meta property=\"og:title\" content=\"Poradnik Wonder Hill Sosn\u00f3wka - Wonder Home\" \/>\n<meta property=\"og:description\" content=\"Przewodnik po Karpaczu w pigu\u0142ce: najwa\u017cniejsze informacje w jednym miejscu. Pobierz nasz darmowy przewodnik i oszcz\u0119dzaj czas na zwiedzanie!\" \/>\n<meta property=\"og:url\" content=\"https:\/\/wonderhome.eu\/de\/poradnik-wonder-hill-sosnowka\/\" \/>\n<meta property=\"og:site_name\" content=\"Wonder Home\" \/>\n<meta property=\"article:modified_time\" content=\"2026-03-02T08:15:30+00:00\" \/>\n<meta name=\"twitter:card\" content=\"summary_large_image\" \/>\n<meta name=\"twitter:label1\" content=\"Gesch\u00e4tzte Lesezeit\" \/>\n\t<meta name=\"twitter:data1\" content=\"1\u00a0Minute\" \/>\n<script type=\"application\/ld+json\" class=\"yoast-schema-graph\">{\"@context\":\"https:\\\/\\\/schema.org\",\"@graph\":[{\"@type\":\"WebPage\",\"@id\":\"https:\\\/\\\/wonderhome.eu\\\/poradnik-wonder-hill-sosnowka\",\"url\":\"https:\\\/\\\/wonderhome.eu\\\/poradnik-wonder-hill-sosnowka\",\"name\":\"Poradnik Wonder Hill Sosn\u00f3wka - Wonder Home\",\"isPartOf\":{\"@id\":\"https:\\\/\\\/wonderhome.eu\\\/#website\"},\"primaryImageOfPage\":{\"@id\":\"https:\\\/\\\/wonderhome.eu\\\/poradnik-wonder-hill-sosnowka#primaryimage\"},\"image\":{\"@id\":\"https:\\\/\\\/wonderhome.eu\\\/poradnik-wonder-hill-sosnowka#primaryimage\"},\"thumbnailUrl\":\"https:\\\/\\\/wonderhome.eu\\\/wp-content\\\/uploads\\\/2026\\\/03\\\/25-6-1.avif\",\"datePublished\":\"2026-03-02T07:51:54+00:00\",\"dateModified\":\"2026-03-02T08:15:30+00:00\",\"description\":\"Przewodnik po Karpaczu w pigu\u0142ce: najwa\u017cniejsze informacje w jednym miejscu. Pobierz nasz darmowy przewodnik i oszcz\u0119dzaj czas na zwiedzanie!\",\"inLanguage\":\"de\",\"potentialAction\":[{\"@type\":\"ReadAction\",\"target\":[\"https:\\\/\\\/wonderhome.eu\\\/poradnik-wonder-hill-sosnowka\"]}]},{\"@type\":\"ImageObject\",\"inLanguage\":\"de\",\"@id\":\"https:\\\/\\\/wonderhome.eu\\\/poradnik-wonder-hill-sosnowka#primaryimage\",\"url\":\"https:\\\/\\\/wonderhome.eu\\\/wp-content\\\/uploads\\\/2026\\\/03\\\/25-6-1.avif\",\"contentUrl\":\"https:\\\/\\\/wonderhome.eu\\\/wp-content\\\/uploads\\\/2026\\\/03\\\/25-6-1.avif\",\"width\":1920,\"height\":1080},{\"@type\":\"WebSite\",\"@id\":\"https:\\\/\\\/wonderhome.eu\\\/#website\",\"url\":\"https:\\\/\\\/wonderhome.eu\\\/\",\"name\":\"Wonder Home\",\"description\":\"\",\"potentialAction\":[{\"@type\":\"SearchAction\",\"target\":{\"@type\":\"EntryPoint\",\"urlTemplate\":\"https:\\\/\\\/wonderhome.eu\\\/?s={search_term_string}\"},\"query-input\":{\"@type\":\"PropertyValueSpecification\",\"valueRequired\":true,\"valueName\":\"search_term_string\"}}],\"inLanguage\":\"de\"}]}<\/script>\n<!-- \/ Yoast SEO plugin. -->","yoast_head_json":{"title":"Poradnik Wonder Hill Sosn\u00f3wka - Wonder Home","description":"Ein Reisef\u00fchrer f\u00fcr Karpacz auf den Punkt gebracht: Die wichtigsten Informationen an einem Ort. Laden Sie unseren kostenlosen Reisef\u00fchrer herunter und sparen Sie Zeit beim Erkunden!","robots":{"index":"index","follow":"follow","max-snippet":"max-snippet:-1","max-image-preview":"max-image-preview:large","max-video-preview":"max-video-preview:-1"},"canonical":"https:\/\/wonderhome.eu\/de\/poradnik-wonder-hill-sosnowka\/","og_locale":"de_DE","og_type":"article","og_title":"Poradnik Wonder Hill Sosn\u00f3wka - Wonder Home","og_description":"Przewodnik po Karpaczu w pigu\u0142ce: najwa\u017cniejsze informacje w jednym miejscu. Pobierz nasz darmowy przewodnik i oszcz\u0119dzaj czas na zwiedzanie!","og_url":"https:\/\/wonderhome.eu\/de\/poradnik-wonder-hill-sosnowka\/","og_site_name":"Wonder Home","article_modified_time":"2026-03-02T08:15:30+00:00","twitter_card":"summary_large_image","twitter_misc":{"Gesch\u00e4tzte Lesezeit":"1\u00a0Minute"},"schema":{"@context":"https:\/\/schema.org","@graph":[{"@type":"WebPage","@id":"https:\/\/wonderhome.eu\/poradnik-wonder-hill-sosnowka","url":"https:\/\/wonderhome.eu\/poradnik-wonder-hill-sosnowka","name":"Poradnik Wonder Hill Sosn\u00f3wka - Wonder Home","isPartOf":{"@id":"https:\/\/wonderhome.eu\/#website"},"primaryImageOfPage":{"@id":"https:\/\/wonderhome.eu\/poradnik-wonder-hill-sosnowka#primaryimage"},"image":{"@id":"https:\/\/wonderhome.eu\/poradnik-wonder-hill-sosnowka#primaryimage"},"thumbnailUrl":"https:\/\/wonderhome.eu\/wp-content\/uploads\/2026\/03\/25-6-1.avif","datePublished":"2026-03-02T07:51:54+00:00","dateModified":"2026-03-02T08:15:30+00:00","description":"Ein Reisef\u00fchrer f\u00fcr Karpacz auf den Punkt gebracht: Die wichtigsten Informationen an einem Ort. Laden Sie unseren kostenlosen Reisef\u00fchrer herunter und sparen Sie Zeit beim Erkunden!","inLanguage":"de","potentialAction":[{"@type":"ReadAction","target":["https:\/\/wonderhome.eu\/poradnik-wonder-hill-sosnowka"]}]},{"@type":"ImageObject","inLanguage":"de","@id":"https:\/\/wonderhome.eu\/poradnik-wonder-hill-sosnowka#primaryimage","url":"https:\/\/wonderhome.eu\/wp-content\/uploads\/2026\/03\/25-6-1.avif","contentUrl":"https:\/\/wonderhome.eu\/wp-content\/uploads\/2026\/03\/25-6-1.avif","width":1920,"height":1080},{"@type":"WebSite","@id":"https:\/\/wonderhome.eu\/#website","url":"https:\/\/wonderhome.eu\/","name":"Wonder Home","description":"","potentialAction":[{"@type":"SearchAction","target":{"@type":"EntryPoint","urlTemplate":"https:\/\/wonderhome.eu\/?s={search_term_string}"},"query-input":{"@type":"PropertyValueSpecification","valueRequired":true,"valueName":"search_term_string"}}],"inLanguage":"de"}]}},"_links":{"self":[{"href":"https:\/\/wonderhome.eu\/de\/wp-json\/wp\/v2\/pages\/7934","targetHints":{"allow":["GET"]}}],"collection":[{"href":"https:\/\/wonderhome.eu\/de\/wp-json\/wp\/v2\/pages"}],"about":[{"href":"https:\/\/wonderhome.eu\/de\/wp-json\/wp\/v2\/types\/page"}],"author":[{"embeddable":true,"href":"https:\/\/wonderhome.eu\/de\/wp-json\/wp\/v2\/users\/3"}],"replies":[{"embeddable":true,"href":"https:\/\/wonderhome.eu\/de\/wp-json\/wp\/v2\/comments?post=7934"}],"version-history":[{"count":2,"href":"https:\/\/wonderhome.eu\/de\/wp-json\/wp\/v2\/pages\/7934\/revisions"}],"predecessor-version":[{"id":7940,"href":"https:\/\/wonderhome.eu\/de\/wp-json\/wp\/v2\/pages\/7934\/revisions\/7940"}],"wp:featuredmedia":[{"embeddable":true,"href":"https:\/\/wonderhome.eu\/de\/wp-json\/wp\/v2\/media\/7936"}],"wp:attachment":[{"href":"https:\/\/wonderhome.eu\/de\/wp-json\/wp\/v2\/media?parent=7934"}],"curies":[{"name":"wp","href":"https:\/\/api.w.org\/{rel}","templated":true}]}}