{"id":8044,"date":"2026-04-16T12:48:39","date_gmt":"2026-04-16T10:48:39","guid":{"rendered":"https:\/\/wonderhome.eu\/?page_id=8044"},"modified":"2026-04-17T08:22:12","modified_gmt":"2026-04-17T06:22:12","slug":"opinie-wonder-home-nagroda-pgca-2026","status":"publish","type":"page","link":"https:\/\/wonderhome.eu\/de\/opinie-wonder-home-nagroda-pgca-2026","title":{"rendered":"Wonder Home Reviews \u2013 PGCA-Auszeichnung 2026 in der Kategorie Aparthotel"},"content":{"rendered":"<div style=\"height:40px\" aria-hidden=\"true\" class=\"wp-block-spacer\"><\/div>\n\n\n\n<div class=\"wp-block-columns is-layout-flex wp-container-core-columns-is-layout-9d6595d7 wp-block-columns-is-layout-flex\">\n<div class=\"wp-block-column is-layout-flow wp-block-column-is-layout-flow\" style=\"flex-basis:15%\"><\/div>\n\n\n\n<div class=\"wp-block-column is-layout-flow wp-block-column-is-layout-flow\" style=\"flex-basis:70%\">\n<h2 class=\"wp-block-heading has-text-align-center has-text-color has-link-color wp-elements-037c25ae92d9af52efaaf8c8e81cd8d1\" id=\"g\u00f3ra\" style=\"color:#292727fa;font-size:28px\"><strong>Wonder Home geh\u00f6rt zu den Gewinnern des Polish Guests&#039; Choice Awards in der Kategorie Aparthotel.<\/strong>Der zweite Platz best\u00e4tigt unsere starke Position unter den am besten bewerteten Unterk\u00fcnften in Polen.<\/h2>\n\n\n\n<div style=\"height:36px\" aria-hidden=\"true\" class=\"wp-block-spacer\"><\/div>\n\n\n\n<div class=\"wp-block-columns is-layout-flex wp-container-core-columns-is-layout-9d6595d7 wp-block-columns-is-layout-flex\">\n<div class=\"wp-block-column is-layout-flow wp-block-column-is-layout-flow\" style=\"flex-basis:33%\"><\/div>\n\n\n\n<div class=\"wp-block-column is-layout-flow wp-block-column-is-layout-flow\" style=\"flex-basis:33%\">\n<h3 class=\"wp-block-heading has-text-align-center has-text-color has-link-color wp-elements-f492da4de65ff1e9f18620087dcee51a\" style=\"color:#196395\"><strong><a href=\"https:\/\/wonderhome.eu\/de\/witaj-wonder-gosciu\/\" target=\"_blank\" rel=\"noreferrer noopener\">HALLO <\/a><\/strong><br><strong><a href=\"https:\/\/wonderhome.eu\/de\/witaj-wonder-gosciu\/\" target=\"_blank\" rel=\"noreferrer noopener\">WUNDERKERL<\/a><\/strong><\/h3>\n<\/div>\n\n\n\n<div class=\"wp-block-column is-layout-flow wp-block-column-is-layout-flow\" style=\"flex-basis:33%\"><\/div>\n<\/div>\n\n\n\n<div style=\"height:26px\" aria-hidden=\"true\" class=\"wp-block-spacer\"><\/div>\n\n\n\n<p class=\"has-text-align-center has-medium-font-size\">Wir freuen uns, bekannt geben zu k\u00f6nnen, dass Wonder Home im Jahr 2026 gewonnen hat. <strong>2. Platz bei den polnischen Publikumspreisen<\/strong> in einer sich dynamisch entwickelnden Kategorie <strong>Aparthotel<\/strong>. Diese einzigartige Auszeichnung basiert auf authentischen G\u00e4stebewertungen, und unsere hohen Bewertungen sowie die zahlreichen positiven Rezensionen auf TrustMate f\u00fcr 2025 best\u00e4tigen unsere Position unter den f\u00fchrenden Anbietern in dieser Kategorie.<\/p>\n\n\n\n<div style=\"height:26px\" aria-hidden=\"true\" class=\"wp-block-spacer\"><\/div>\n\n\n\n<p class=\"has-text-align-center has-medium-font-size\"><br><\/p>\n\n\n\n<div class=\"wp-block-columns is-layout-flex wp-container-core-columns-is-layout-9d6595d7 wp-block-columns-is-layout-flex\">\n<div class=\"wp-block-column is-layout-flow wp-block-column-is-layout-flow\"><div class=\"wp-block-image animated fadeIn\">\n<figure class=\"aligncenter size-full is-resized\"><img loading=\"lazy\" decoding=\"async\" width=\"500\" height=\"500\" src=\"https:\/\/wonderhome.eu\/wp-content\/uploads\/2025\/07\/24-min.jpg\" alt=\"\" class=\"wp-image-6698\" style=\"width:150px\" srcset=\"https:\/\/wonderhome.eu\/wp-content\/uploads\/2025\/07\/24-min.jpg 500w, https:\/\/wonderhome.eu\/wp-content\/uploads\/2025\/07\/24-min-300x300.jpg 300w, https:\/\/wonderhome.eu\/wp-content\/uploads\/2025\/07\/24-min-150x150.jpg 150w, https:\/\/wonderhome.eu\/wp-content\/uploads\/2025\/07\/24-min-12x12.jpg 12w\" sizes=\"auto, (max-width: 500px) 100vw, 500px\" \/><\/figure>\n<\/div>\n\n\n<h3 class=\"wp-block-heading has-text-align-center has-text-color has-link-color wp-elements-22ce0b0369d0a7ff5248b8f9ed53fb01\" style=\"color:#196395\"><strong><a href=\"https:\/\/wonderhome.eu\/de\/lokalizacje\/\" target=\"_blank\" rel=\"noreferrer noopener\">UNSERE STANDORTE<\/a><\/strong><\/h3>\n<\/div>\n\n\n\n<div class=\"wp-block-column is-layout-flow wp-block-column-is-layout-flow\"><div class=\"wp-block-image animated fadeIn\">\n<figure class=\"aligncenter size-full is-resized\"><img loading=\"lazy\" decoding=\"async\" width=\"500\" height=\"500\" src=\"https:\/\/wonderhome.eu\/wp-content\/uploads\/2025\/07\/44-1.jpg\" alt=\"\" class=\"wp-image-6776\" style=\"width:150px\" srcset=\"https:\/\/wonderhome.eu\/wp-content\/uploads\/2025\/07\/44-1.jpg 500w, https:\/\/wonderhome.eu\/wp-content\/uploads\/2025\/07\/44-1-300x300.jpg 300w, https:\/\/wonderhome.eu\/wp-content\/uploads\/2025\/07\/44-1-150x150.jpg 150w, https:\/\/wonderhome.eu\/wp-content\/uploads\/2025\/07\/44-1-12x12.jpg 12w\" sizes=\"auto, (max-width: 500px) 100vw, 500px\" \/><\/figure>\n<\/div>\n\n\n<h3 class=\"wp-block-heading has-text-align-center has-text-color has-link-color wp-elements-5431be7fe86293c93d7ae069b3cd6120\" style=\"color:#196395\"><strong><a href=\"https:\/\/wonderhome.eu\/de\/opinie\/\" target=\"_blank\" rel=\"noreferrer noopener\">G\u00c4STEBEWERTUNGEN<\/a><\/strong><\/h3>\n<\/div>\n\n\n\n<div class=\"wp-block-column is-layout-flow wp-block-column-is-layout-flow\"><div class=\"wp-block-image animated fadeIn\">\n<figure class=\"aligncenter size-full is-resized\"><img loading=\"lazy\" decoding=\"async\" width=\"500\" height=\"500\" src=\"https:\/\/wonderhome.eu\/wp-content\/uploads\/2025\/07\/9-min.jpg\" alt=\"\" class=\"wp-image-6719\" style=\"width:150px\" srcset=\"https:\/\/wonderhome.eu\/wp-content\/uploads\/2025\/07\/9-min.jpg 500w, https:\/\/wonderhome.eu\/wp-content\/uploads\/2025\/07\/9-min-300x300.jpg 300w, https:\/\/wonderhome.eu\/wp-content\/uploads\/2025\/07\/9-min-150x150.jpg 150w, https:\/\/wonderhome.eu\/wp-content\/uploads\/2025\/07\/9-min-12x12.jpg 12w\" sizes=\"auto, (max-width: 500px) 100vw, 500px\" \/><\/figure>\n<\/div>\n\n\n<h3 class=\"wp-block-heading has-text-align-center has-text-color has-link-color wp-elements-52240164729920a9fa1671218954c83f\" style=\"color:#196395\"><strong><a href=\"https:\/\/wonderhome.eu\/de\/rzecznik-praw-goscia\/\" target=\"_blank\" rel=\"noreferrer noopener\">Anwalt f\u00fcr G\u00e4sterechte<\/a><\/strong><\/h3>\n<\/div>\n\n\n\n<div class=\"wp-block-column is-layout-flow wp-block-column-is-layout-flow\"><div class=\"wp-block-image animated fadeIn\">\n<figure class=\"aligncenter size-full is-resized\"><img loading=\"lazy\" decoding=\"async\" width=\"500\" height=\"500\" src=\"https:\/\/wonderhome.eu\/wp-content\/uploads\/2025\/07\/46-min.jpg\" alt=\"\" class=\"wp-image-6687\" style=\"width:150px\" srcset=\"https:\/\/wonderhome.eu\/wp-content\/uploads\/2025\/07\/46-min.jpg 500w, https:\/\/wonderhome.eu\/wp-content\/uploads\/2025\/07\/46-min-300x300.jpg 300w, https:\/\/wonderhome.eu\/wp-content\/uploads\/2025\/07\/46-min-150x150.jpg 150w, https:\/\/wonderhome.eu\/wp-content\/uploads\/2025\/07\/46-min-12x12.jpg 12w\" sizes=\"auto, (max-width: 500px) 100vw, 500px\" \/><\/figure>\n<\/div>\n\n\n<h3 class=\"wp-block-heading has-text-align-center has-text-color has-link-color wp-elements-aae98a500f41e42856de7b844aa29a00\" style=\"color:#196395\"><strong><a href=\"https:\/\/wonderhome.eu\/de\/wonder-klub\/\" target=\"_blank\" rel=\"noreferrer noopener\">WUNDERCLUB<\/a><\/strong><\/h3>\n<\/div>\n<\/div>\n\n\n\n<div style=\"height:49px\" aria-hidden=\"true\" class=\"wp-block-spacer\"><\/div>\n\n\n\n<div class=\"wp-block-media-text is-stacked-on-mobile\"><figure class=\"wp-block-media-text__media\"><img loading=\"lazy\" decoding=\"async\" width=\"940\" height=\"788\" src=\"https:\/\/wonderhome.eu\/wp-content\/uploads\/2026\/04\/APARTAMENTY-FB-5-1.jpg\" alt=\"\" class=\"wp-image-8054 size-full\" srcset=\"https:\/\/wonderhome.eu\/wp-content\/uploads\/2026\/04\/APARTAMENTY-FB-5-1.jpg 940w, https:\/\/wonderhome.eu\/wp-content\/uploads\/2026\/04\/APARTAMENTY-FB-5-1-300x251.jpg 300w, https:\/\/wonderhome.eu\/wp-content\/uploads\/2026\/04\/APARTAMENTY-FB-5-1-768x644.jpg 768w, https:\/\/wonderhome.eu\/wp-content\/uploads\/2026\/04\/APARTAMENTY-FB-5-1-14x12.jpg 14w\" sizes=\"auto, (max-width: 940px) 100vw, 940px\" \/><\/figure><div class=\"wp-block-media-text__content\">\n<h2 class=\"wp-block-heading has-text-align-center\" style=\"font-size:24px\"><strong><strong><strong><span style=\"color: #d7a97d;\">Meinungen zu Wonder Home<\/span><\/strong> \u2013 PGCA-Auszeichnung 2026 und Marktf\u00fchrer in der Kategorie Aparthotel<\/strong><\/strong><\/h2>\n\n\n\n<p>Bei der Reiseplanung verlassen wir uns immer st\u00e4rker auf die Meinungen anderer \u2013 insbesondere auf die online verf\u00fcgbaren. Es waren die positiven Bewertungen von Wonder Home, die uns die Auszeichnung in der Kategorie Aparthotel bei den Polish Guests&#039; Choice Awards 2026 einbrachten!<\/p>\n\n\n\n<p>Diese Auszeichnung basiert auf verifizierten Meinungen, die die Qualit\u00e4t Ihres Aufenthalts und die Standards, die wir t\u00e4glich bieten, genau widerspiegeln.<\/p>\n\n\n\n<h4 class=\"wp-block-heading\"><strong>Dies ist der Beweis daf\u00fcr, dass konsequente Liebe zum Detail, G\u00e4stekomfort und ein hohes Serviceniveau zu echten Ergebnissen f\u00fchren.<\/strong><\/h4>\n<\/div><\/div>\n\n\n\n<div style=\"height:56px\" aria-hidden=\"true\" class=\"wp-block-spacer\"><\/div>\n\n\n\n<div class=\"wp-block-media-text has-media-on-the-right is-stacked-on-mobile\"><div class=\"wp-block-media-text__content\">\n<h2 class=\"wp-block-heading has-text-align-center\" style=\"font-size:24px\"><strong><strong>Prestigetr\u00e4chtige PGCA-Gala<\/strong>: Preis<\/strong> <strong><span style=\"color: #d7a97d;\">in der Aparthotelbranche<\/span><\/strong><\/h2>\n\n\n\n<p>Der zweite Platz in der Kategorie Aparthotel erf\u00fcllt uns nicht nur mit Stolz, sondern best\u00e4tigt auch unsere Entwicklung in einem der anspruchsvollsten Marktsegmente. Die Kategorie Aparthotel erfordert die Kombination aus Unabh\u00e4ngigkeit und erstklassigem G\u00e4steservice.<\/p>\n\n\n\n<p>Es ist diese Flexibilit\u00e4t, die die gr\u00f6\u00dfte Herausforderung darstellt: Die G\u00e4ste erwarten eine heimelige Atmosph\u00e4re, gleichzeitig aber Professionalit\u00e4t auf Hotelniveau \u2013 und das an vielen, oft verstreuten Standorten.<\/p>\n\n\n\n<p><strong>Zu den Nominierten in der Kategorie APARTHOTEL geh\u00f6rten:<\/strong><\/p>\n\n\n\n<ul class=\"wp-block-list\">\n<li>Baltic Home \u015awinouj\u015bcie<\/li>\n\n\n\n<li>Wonder Home Apartments<\/li>\n\n\n\n<li>Baltic Home Mi\u0119dzyzdroje<\/li>\n<\/ul>\n\n\n\n<h4 class=\"wp-block-heading\"><strong>Das Ranking basiert auf TrustMate-Daten, die unter anderem die Qualit\u00e4t der Rezensionen, die durchschnittlichen Bewertungen und die Kommunikation mit den G\u00e4sten in jeder Phase des Aufenthalts \u2013 von der Buchung bis zur Abreise \u2013 analysieren.<\/strong><\/h4>\n<\/div><figure class=\"wp-block-media-text__media\"><img loading=\"lazy\" decoding=\"async\" width=\"1024\" height=\"694\" src=\"https:\/\/wonderhome.eu\/wp-content\/uploads\/2026\/04\/Wallpaper-7-1-1-1024x694.jpg\" alt=\"\" class=\"wp-image-8072 size-full\" srcset=\"https:\/\/wonderhome.eu\/wp-content\/uploads\/2026\/04\/Wallpaper-7-1-1-1024x694.jpg 1024w, https:\/\/wonderhome.eu\/wp-content\/uploads\/2026\/04\/Wallpaper-7-1-1-300x203.jpg 300w, https:\/\/wonderhome.eu\/wp-content\/uploads\/2026\/04\/Wallpaper-7-1-1-768x521.jpg 768w, https:\/\/wonderhome.eu\/wp-content\/uploads\/2026\/04\/Wallpaper-7-1-1-18x12.jpg 18w, https:\/\/wonderhome.eu\/wp-content\/uploads\/2026\/04\/Wallpaper-7-1-1.jpg 1155w\" sizes=\"auto, (max-width: 1024px) 100vw, 1024px\" \/><\/figure><\/div>\n\n\n\n<div style=\"height:56px\" aria-hidden=\"true\" class=\"wp-block-spacer\"><\/div>\n\n\n\n<div class=\"wp-block-media-text is-stacked-on-mobile\"><figure class=\"wp-block-media-text__media\"><img loading=\"lazy\" decoding=\"async\" width=\"1024\" height=\"677\" src=\"https:\/\/wonderhome.eu\/wp-content\/uploads\/2025\/04\/Tapety-rozne-36-min-1024x677.jpg\" alt=\"Wonder Home TOP noclegi Karpacz\" class=\"wp-image-6217 size-full\" srcset=\"https:\/\/wonderhome.eu\/wp-content\/uploads\/2025\/04\/Tapety-rozne-36-min-1024x677.jpg 1024w, https:\/\/wonderhome.eu\/wp-content\/uploads\/2025\/04\/Tapety-rozne-36-min-300x198.jpg 300w, https:\/\/wonderhome.eu\/wp-content\/uploads\/2025\/04\/Tapety-rozne-36-min-768x508.jpg 768w, https:\/\/wonderhome.eu\/wp-content\/uploads\/2025\/04\/Tapety-rozne-36-min-18x12.jpg 18w, https:\/\/wonderhome.eu\/wp-content\/uploads\/2025\/04\/Tapety-rozne-36-min.jpg 1251w\" sizes=\"auto, (max-width: 1024px) 100vw, 1024px\" \/><\/figure><div class=\"wp-block-media-text__content\">\n<h2 class=\"wp-block-heading has-text-align-center\" style=\"font-size:24px\"><strong><strong>&nbsp;<strong><strong>Warum G\u00e4ste w\u00e4hlen <\/strong><\/strong><span style=\"color: #d7a97d;\">Wunderbares Zuhause?<\/span><\/strong><\/strong><\/h2>\n\n\n\n<p>Die Verwaltung von Kurzzeitvermietungen besteht aus mehr als nur der Bereitstellung einer Wohnung \u2013 es geht darum, t\u00e4glich daran zu arbeiten, ein positives G\u00e4steerlebnis zu gew\u00e4hrleisten. <\/p>\n\n\n\n<p><strong>Was zeichnet uns im Aparthotel-Markt aus?<\/strong><\/p>\n\n\n\n<p>\u2714 Einheitlicher Standard an allen Standorten \u2013 wir garantieren h\u00f6chste Aufenthaltsqualit\u00e4t.<br>\u2714 Hervorragende Kommunikation \u2013 schnelle Reaktion auf die Bed\u00fcrfnisse der G\u00e4ste in jeder Phase<br>\u2714 Vertrauen durch Meinungen best\u00e4tigt \u2013 Hunderte positive Bewertungen auf TrustMate<br>\u2714 Komfort und Unabh\u00e4ngigkeit \u2013 <br>voll ausgestattete, stilvolle Apartments<\/p>\n\n\n\n<h4 class=\"wp-block-heading\"><strong>Es sind diese Elemente, die die G\u00e4ste dazu bewegen, gerne wiederzukommen und Wonder Home als bew\u00e4hrten Ort zum Entspannen weiterzuempfehlen.<\/strong><\/h4>\n\n\n\n<div style=\"height:29px\" aria-hidden=\"true\" class=\"wp-block-spacer\"><\/div>\n<\/div><\/div>\n\n\n\n<div style=\"height:56px\" aria-hidden=\"true\" class=\"wp-block-spacer\"><\/div>\n\n\n\n<div class=\"wp-block-media-text has-media-on-the-right is-stacked-on-mobile\"><div class=\"wp-block-media-text__content\">\n<h2 class=\"wp-block-heading has-text-align-center\" style=\"font-size:24px\"><strong>Tritt der Gruppe bei <span style=\"color: #d7a97d;\">zufriedene G\u00e4ste<\/span><\/strong><\/h2>\n\n\n\n<p>Die Meinungen unserer G\u00e4ste sind unser gr\u00f6\u00dfter Wert \u2013 sie erm\u00f6glichen es uns, uns weiterzuentwickeln und weitere Auszeichnungen zu gewinnen. <strong>Die Auszeichnung in der Kategorie Aparthotel best\u00e4tigt, dass die von uns eingeschlagene Richtung einen echten Einfluss auf die Qualit\u00e4t der Erlebnisse unserer G\u00e4ste hat.<\/strong><\/p>\n\n\n\n<p>Planen Sie einen Ausflug in die Berge? Entscheiden Sie sich f\u00fcr Wonder Home und erleben Sie selbst, warum wir von G\u00e4sten und der Branche gleicherma\u00dfen gelobt werden. Verf\u00fcgbarkeit pr\u00fcfen und jetzt buchen.<\/p>\n\n\n\n<div style=\"height:29px\" aria-hidden=\"true\" class=\"wp-block-spacer\"><\/div>\n\n\n\n<div class=\"wp-block-buttons is-content-justification-center is-layout-flex wp-container-core-buttons-is-layout-16018d1d wp-block-buttons-is-layout-flex\">\n<div class=\"wp-block-button\"><a class=\"wp-block-button__link has-background has-text-align-center wp-element-button\" href=\"https:\/\/wonderhome.eu\/de\/apartamenty\/apartamenty-karpacz\/\" style=\"background-color:#d7a97d\" target=\"_blank\" rel=\"noreferrer noopener\"><strong>JETZT BUCHEN!<\/strong><\/a><\/div>\n<\/div>\n\n\n\n<div style=\"height:29px\" aria-hidden=\"true\" class=\"wp-block-spacer\"><\/div>\n\n\n\n<div style=\"height:29px\" aria-hidden=\"true\" class=\"wp-block-spacer\"><\/div>\n<\/div><figure class=\"wp-block-media-text__media\"><img loading=\"lazy\" decoding=\"async\" width=\"1024\" height=\"701\" src=\"https:\/\/wonderhome.eu\/wp-content\/uploads\/2026\/04\/Wallpaper-8-1-1024x701.jpg\" alt=\"\" class=\"wp-image-8075 size-full\" srcset=\"https:\/\/wonderhome.eu\/wp-content\/uploads\/2026\/04\/Wallpaper-8-1-1024x701.jpg 1024w, https:\/\/wonderhome.eu\/wp-content\/uploads\/2026\/04\/Wallpaper-8-1-300x205.jpg 300w, https:\/\/wonderhome.eu\/wp-content\/uploads\/2026\/04\/Wallpaper-8-1-768x526.jpg 768w, https:\/\/wonderhome.eu\/wp-content\/uploads\/2026\/04\/Wallpaper-8-1-18x12.jpg 18w, https:\/\/wonderhome.eu\/wp-content\/uploads\/2026\/04\/Wallpaper-8-1.jpg 1094w\" sizes=\"auto, (max-width: 1024px) 100vw, 1024px\" \/><\/figure><\/div>\n\n\n\n<div style=\"height:39px\" aria-hidden=\"true\" class=\"wp-block-spacer\"><\/div>\n\n\n\n<div class=\"wp-block-buttons is-content-justification-center is-layout-flex wp-container-core-buttons-is-layout-16018d1d wp-block-buttons-is-layout-flex\">\n<div class=\"wp-block-button\"><a class=\"wp-block-button__link has-background has-text-align-center wp-element-button\" href=\"#g\u00f3ra\" style=\"background-color:#d7a97d\"><strong>Zur\u00fcckkehren<\/strong><\/a><\/div>\n<\/div>\n<\/div>\n\n\n\n<div class=\"wp-block-column is-layout-flow wp-block-column-is-layout-flow\" style=\"flex-basis:15%\"><\/div>\n<\/div>\n\n\n\n<p><\/p>\n\n\n\n<div style=\"height:49px\" aria-hidden=\"true\" class=\"wp-block-spacer\"><\/div>\n\n\n\n<div class=\"wp-block-cover alignfull is-light has-parallax has-small-font-size\" style=\"min-height:130px;aspect-ratio:unset;\"><div class=\"wp-block-cover__image-background wp-image-3915 has-parallax\" style=\"background-position:50% 50%;background-image:url(https:\/\/wonderhome.eu\/wp-content\/uploads\/2024\/11\/Header-statyczny-1920-x-1080-px-1920-x-1080-px-2.jpg)\"><\/div><span aria-hidden=\"true\" class=\"wp-block-cover__background has-background-dim-40 has-background-dim\" style=\"background-color:#b5a38f\"><\/span><div class=\"wp-block-cover__inner-container is-layout-constrained wp-block-cover-is-layout-constrained\">\n<p class=\"has-text-align-center has-white-color has-text-color has-link-color has-x-large-font-size wp-elements-0797328e65aada07a78baf9bbb0b7014\"><strong>Vielen Dank an unsere G\u00e4ste!<\/strong><\/p>\n<\/div><\/div>","protected":false},"excerpt":{"rendered":"<p>Wonder Home w gronie laureat\u00f3w Polish Guests\u2019 Choice Awards - kategoria Aparthotel! Drugie miejsce potwierdza nasz\u0105 siln\u0105 pozycj\u0119 w\u015br\u00f3d najlepiej ocenianych obiekt\u00f3w w Polsce. WITAJ WONDER GO\u015aCIU Z ogromn\u0105 rado\u015bci\u0105 informujemy, \u017ce w 2026 roku Wonder Home zdoby\u0142o 2. miejsce w Polish Guests\u2019 Choice Awards w dynamicznie rozwijaj\u0105cej si\u0119 kategorii APARTHOTEL. To wyj\u0105tkowe wyr\u00f3\u017cnienie przyznawane [&hellip;]<\/p>\n","protected":false},"author":12,"featured_media":8071,"parent":0,"menu_order":0,"comment_status":"closed","ping_status":"closed","template":"","meta":{"_acf_changed":false,"footnotes":""},"class_list":["post-8044","page","type-page","status-publish","has-post-thumbnail","hentry"],"acf":[],"yoast_head":"<!-- This site is optimized with the Yoast SEO plugin v27.4 - https:\/\/yoast.com\/product\/yoast-seo-wordpress\/ -->\n<title>Opinie o Wonder Home \u2013 Nagroda PGCA 2026 | Aparthotel<\/title>\n<meta name=\"description\" content=\"Opinie o Wonder Home potwierdzaj\u0105 jako\u015b\u0107 naszych nocleg\u00f3w w Karpaczu \u2013 zdobyli\u015bmy 2 miejsce w PGCA 2026 dzi\u0119ki naszym Go\u015bciom!\" \/>\n<meta name=\"robots\" content=\"index, follow, max-snippet:-1, max-image-preview:large, max-video-preview:-1\" \/>\n<link rel=\"canonical\" href=\"https:\/\/wonderhome.eu\/de\/opinie-wonder-home-nagroda-pgca-2026\/\" \/>\n<meta property=\"og:locale\" content=\"de_DE\" \/>\n<meta property=\"og:type\" content=\"article\" \/>\n<meta property=\"og:title\" content=\"Opinie o Wonder Home \u2013 Nagroda PGCA 2026 | Aparthotel\" \/>\n<meta property=\"og:description\" content=\"Opinie o Wonder Home potwierdzaj\u0105 jako\u015b\u0107 naszych nocleg\u00f3w w Karpaczu \u2013 zdobyli\u015bmy 2 miejsce w PGCA 2026 dzi\u0119ki naszym Go\u015bciom!\" \/>\n<meta property=\"og:url\" content=\"https:\/\/wonderhome.eu\/de\/opinie-wonder-home-nagroda-pgca-2026\/\" \/>\n<meta property=\"og:site_name\" content=\"Wonder Home\" \/>\n<meta property=\"article:modified_time\" content=\"2026-04-17T06:22:12+00:00\" \/>\n<meta property=\"og:image\" content=\"https:\/\/wonderhome.eu\/wp-content\/uploads\/2026\/04\/Wallpaper-6-1.jpg\" \/>\n\t<meta property=\"og:image:width\" content=\"1920\" \/>\n\t<meta property=\"og:image:height\" content=\"1080\" \/>\n\t<meta property=\"og:image:type\" content=\"image\/jpeg\" \/>\n<meta name=\"twitter:card\" content=\"summary_large_image\" \/>\n<meta name=\"twitter:label1\" content=\"Gesch\u00e4tzte Lesezeit\" \/>\n\t<meta name=\"twitter:data1\" content=\"6\u00a0Minuten\" \/>\n<script type=\"application\/ld+json\" class=\"yoast-schema-graph\">{\"@context\":\"https:\\\/\\\/schema.org\",\"@graph\":[{\"@type\":\"WebPage\",\"@id\":\"https:\\\/\\\/wonderhome.eu\\\/opinie-wonder-home-nagroda-pgca-2026\",\"url\":\"https:\\\/\\\/wonderhome.eu\\\/opinie-wonder-home-nagroda-pgca-2026\",\"name\":\"Opinie o Wonder Home \u2013 Nagroda PGCA 2026 | Aparthotel\",\"isPartOf\":{\"@id\":\"https:\\\/\\\/wonderhome.eu\\\/#website\"},\"primaryImageOfPage\":{\"@id\":\"https:\\\/\\\/wonderhome.eu\\\/opinie-wonder-home-nagroda-pgca-2026#primaryimage\"},\"image\":{\"@id\":\"https:\\\/\\\/wonderhome.eu\\\/opinie-wonder-home-nagroda-pgca-2026#primaryimage\"},\"thumbnailUrl\":\"https:\\\/\\\/wonderhome.eu\\\/wp-content\\\/uploads\\\/2026\\\/04\\\/Wallpaper-6-1.jpg\",\"datePublished\":\"2026-04-16T10:48:39+00:00\",\"dateModified\":\"2026-04-17T06:22:12+00:00\",\"description\":\"Opinie o Wonder Home potwierdzaj\u0105 jako\u015b\u0107 naszych nocleg\u00f3w w Karpaczu \u2013 zdobyli\u015bmy 2 miejsce w PGCA 2026 dzi\u0119ki naszym Go\u015bciom!\",\"inLanguage\":\"de\",\"potentialAction\":[{\"@type\":\"ReadAction\",\"target\":[\"https:\\\/\\\/wonderhome.eu\\\/opinie-wonder-home-nagroda-pgca-2026\"]}]},{\"@type\":\"ImageObject\",\"inLanguage\":\"de\",\"@id\":\"https:\\\/\\\/wonderhome.eu\\\/opinie-wonder-home-nagroda-pgca-2026#primaryimage\",\"url\":\"https:\\\/\\\/wonderhome.eu\\\/wp-content\\\/uploads\\\/2026\\\/04\\\/Wallpaper-6-1.jpg\",\"contentUrl\":\"https:\\\/\\\/wonderhome.eu\\\/wp-content\\\/uploads\\\/2026\\\/04\\\/Wallpaper-6-1.jpg\",\"width\":1920,\"height\":1080},{\"@type\":\"WebSite\",\"@id\":\"https:\\\/\\\/wonderhome.eu\\\/#website\",\"url\":\"https:\\\/\\\/wonderhome.eu\\\/\",\"name\":\"Wonder Home\",\"description\":\"\",\"potentialAction\":[{\"@type\":\"SearchAction\",\"target\":{\"@type\":\"EntryPoint\",\"urlTemplate\":\"https:\\\/\\\/wonderhome.eu\\\/?s={search_term_string}\"},\"query-input\":{\"@type\":\"PropertyValueSpecification\",\"valueRequired\":true,\"valueName\":\"search_term_string\"}}],\"inLanguage\":\"de\"}]}<\/script>\n<!-- \/ Yoast SEO plugin. -->","yoast_head_json":{"title":"Opinie o Wonder Home \u2013 Nagroda PGCA 2026 | Aparthotel","description":"Opinie o Wonder Home potwierdzaj\u0105 jako\u015b\u0107 naszych nocleg\u00f3w w Karpaczu \u2013 zdobyli\u015bmy 2 miejsce w PGCA 2026 dzi\u0119ki naszym Go\u015bciom!","robots":{"index":"index","follow":"follow","max-snippet":"max-snippet:-1","max-image-preview":"max-image-preview:large","max-video-preview":"max-video-preview:-1"},"canonical":"https:\/\/wonderhome.eu\/de\/opinie-wonder-home-nagroda-pgca-2026\/","og_locale":"de_DE","og_type":"article","og_title":"Opinie o Wonder Home \u2013 Nagroda PGCA 2026 | Aparthotel","og_description":"Opinie o Wonder Home potwierdzaj\u0105 jako\u015b\u0107 naszych nocleg\u00f3w w Karpaczu \u2013 zdobyli\u015bmy 2 miejsce w PGCA 2026 dzi\u0119ki naszym Go\u015bciom!","og_url":"https:\/\/wonderhome.eu\/de\/opinie-wonder-home-nagroda-pgca-2026\/","og_site_name":"Wonder Home","article_modified_time":"2026-04-17T06:22:12+00:00","og_image":[{"width":1920,"height":1080,"url":"https:\/\/wonderhome.eu\/wp-content\/uploads\/2026\/04\/Wallpaper-6-1.jpg","type":"image\/jpeg"}],"twitter_card":"summary_large_image","twitter_misc":{"Gesch\u00e4tzte Lesezeit":"6\u00a0Minuten"},"schema":{"@context":"https:\/\/schema.org","@graph":[{"@type":"WebPage","@id":"https:\/\/wonderhome.eu\/opinie-wonder-home-nagroda-pgca-2026","url":"https:\/\/wonderhome.eu\/opinie-wonder-home-nagroda-pgca-2026","name":"Opinie o Wonder Home \u2013 Nagroda PGCA 2026 | Aparthotel","isPartOf":{"@id":"https:\/\/wonderhome.eu\/#website"},"primaryImageOfPage":{"@id":"https:\/\/wonderhome.eu\/opinie-wonder-home-nagroda-pgca-2026#primaryimage"},"image":{"@id":"https:\/\/wonderhome.eu\/opinie-wonder-home-nagroda-pgca-2026#primaryimage"},"thumbnailUrl":"https:\/\/wonderhome.eu\/wp-content\/uploads\/2026\/04\/Wallpaper-6-1.jpg","datePublished":"2026-04-16T10:48:39+00:00","dateModified":"2026-04-17T06:22:12+00:00","description":"Opinie o Wonder Home potwierdzaj\u0105 jako\u015b\u0107 naszych nocleg\u00f3w w Karpaczu \u2013 zdobyli\u015bmy 2 miejsce w PGCA 2026 dzi\u0119ki naszym Go\u015bciom!","inLanguage":"de","potentialAction":[{"@type":"ReadAction","target":["https:\/\/wonderhome.eu\/opinie-wonder-home-nagroda-pgca-2026"]}]},{"@type":"ImageObject","inLanguage":"de","@id":"https:\/\/wonderhome.eu\/opinie-wonder-home-nagroda-pgca-2026#primaryimage","url":"https:\/\/wonderhome.eu\/wp-content\/uploads\/2026\/04\/Wallpaper-6-1.jpg","contentUrl":"https:\/\/wonderhome.eu\/wp-content\/uploads\/2026\/04\/Wallpaper-6-1.jpg","width":1920,"height":1080},{"@type":"WebSite","@id":"https:\/\/wonderhome.eu\/#website","url":"https:\/\/wonderhome.eu\/","name":"Wonder Home","description":"","potentialAction":[{"@type":"SearchAction","target":{"@type":"EntryPoint","urlTemplate":"https:\/\/wonderhome.eu\/?s={search_term_string}"},"query-input":{"@type":"PropertyValueSpecification","valueRequired":true,"valueName":"search_term_string"}}],"inLanguage":"de"}]}},"_links":{"self":[{"href":"https:\/\/wonderhome.eu\/de\/wp-json\/wp\/v2\/pages\/8044","targetHints":{"allow":["GET"]}}],"collection":[{"href":"https:\/\/wonderhome.eu\/de\/wp-json\/wp\/v2\/pages"}],"about":[{"href":"https:\/\/wonderhome.eu\/de\/wp-json\/wp\/v2\/types\/page"}],"author":[{"embeddable":true,"href":"https:\/\/wonderhome.eu\/de\/wp-json\/wp\/v2\/users\/12"}],"replies":[{"embeddable":true,"href":"https:\/\/wonderhome.eu\/de\/wp-json\/wp\/v2\/comments?post=8044"}],"version-history":[{"count":28,"href":"https:\/\/wonderhome.eu\/de\/wp-json\/wp\/v2\/pages\/8044\/revisions"}],"predecessor-version":[{"id":8140,"href":"https:\/\/wonderhome.eu\/de\/wp-json\/wp\/v2\/pages\/8044\/revisions\/8140"}],"wp:featuredmedia":[{"embeddable":true,"href":"https:\/\/wonderhome.eu\/de\/wp-json\/wp\/v2\/media\/8071"}],"wp:attachment":[{"href":"https:\/\/wonderhome.eu\/de\/wp-json\/wp\/v2\/media?parent=8044"}],"curies":[{"name":"wp","href":"https:\/\/api.w.org\/{rel}","templated":true}]}}