{"id":16,"date":"2021-12-20T08:27:08","date_gmt":"2021-12-20T07:27:08","guid":{"rendered":"https:\/\/wonderhome.eu\/?page_id=16"},"modified":"2022-12-15T10:52:05","modified_gmt":"2022-12-15T09:52:05","slug":"galeria","status":"publish","type":"page","link":"https:\/\/wonderhome.eu\/en\/galeria","title":{"rendered":"Galeria"},"content":{"rendered":"","protected":false},"excerpt":{"rendered":"","protected":false},"author":3,"featured_media":679,"parent":0,"menu_order":16,"comment_status":"closed","ping_status":"closed","template":"","meta":{"_acf_changed":false,"footnotes":""},"class_list":["post-16","page","type-page","status-publish","has-post-thumbnail","hentry"],"acf":[],"yoast_head":"<!-- This site is optimized with the Yoast SEO plugin v27.2 - https:\/\/yoast.com\/product\/yoast-seo-wordpress\/ -->\n<title>Galeria | Apartamenty w Karpaczu | Apartamenty Wonder Home<\/title>\n<meta name=\"description\" content=\"Wonder Home wynajmuje apartamenty zlokalizowane w najlepszych miejscach w Karpaczu. Wszystkie s\u0105 urz\u0105dzone komfortowo, z wysok\u0105 dba\u0142o\u015bci\u0105 o ka\u017cdy szczeg\u00f3\u0142. Go\u015bcie mog\u0105 w nich wypocz\u0105\u0107 podziwiaj\u0105c pi\u0119kno Karkonoszy i ciesz\u0105c si\u0119 atrakcjami Karpacza - drugiego g\u00f3rskiego kurortu w Polsce.\" \/>\n<meta name=\"robots\" content=\"index, follow, max-snippet:-1, max-image-preview:large, max-video-preview:-1\" \/>\n<link rel=\"canonical\" href=\"https:\/\/wonderhome.eu\/en\/galeria\/\" \/>\n<meta property=\"og:locale\" content=\"en_US\" \/>\n<meta property=\"og:type\" content=\"article\" \/>\n<meta property=\"og:title\" content=\"Galeria | Apartamenty w Karpaczu | Apartamenty Wonder Home\" \/>\n<meta property=\"og:description\" content=\"Wonder Home wynajmuje apartamenty zlokalizowane w najlepszych miejscach w Karpaczu. Wszystkie s\u0105 urz\u0105dzone komfortowo, z wysok\u0105 dba\u0142o\u015bci\u0105 o ka\u017cdy szczeg\u00f3\u0142. Go\u015bcie mog\u0105 w nich wypocz\u0105\u0107 podziwiaj\u0105c pi\u0119kno Karkonoszy i ciesz\u0105c si\u0119 atrakcjami Karpacza - drugiego g\u00f3rskiego kurortu w Polsce.\" \/>\n<meta property=\"og:url\" content=\"https:\/\/wonderhome.eu\/en\/galeria\/\" \/>\n<meta property=\"og:site_name\" content=\"Wonder Home\" \/>\n<meta property=\"article:modified_time\" content=\"2022-12-15T09:52:05+00:00\" \/>\n<meta property=\"og:image\" content=\"https:\/\/wonderhome.eu\/wp-content\/uploads\/2022\/09\/KARPACZ.jpg\" \/>\n\t<meta property=\"og:image:width\" content=\"1920\" \/>\n\t<meta property=\"og:image:height\" content=\"600\" \/>\n\t<meta property=\"og:image:type\" content=\"image\/jpeg\" \/>\n<meta name=\"twitter:card\" content=\"summary_large_image\" \/>\n<script type=\"application\/ld+json\" class=\"yoast-schema-graph\">{\"@context\":\"https:\/\/schema.org\",\"@graph\":[{\"@type\":\"WebPage\",\"@id\":\"https:\/\/wonderhome.eu\/galeria\",\"url\":\"https:\/\/wonderhome.eu\/galeria\",\"name\":\"Galeria | Apartamenty w Karpaczu | Apartamenty Wonder Home\",\"isPartOf\":{\"@id\":\"https:\/\/wonderhome.eu\/#website\"},\"primaryImageOfPage\":{\"@id\":\"https:\/\/wonderhome.eu\/galeria#primaryimage\"},\"image\":{\"@id\":\"https:\/\/wonderhome.eu\/galeria#primaryimage\"},\"thumbnailUrl\":\"https:\/\/wonderhome.eu\/wp-content\/uploads\/2022\/09\/KARPACZ.jpg\",\"datePublished\":\"2021-12-20T07:27:08+00:00\",\"dateModified\":\"2022-12-15T09:52:05+00:00\",\"description\":\"Wonder Home wynajmuje apartamenty zlokalizowane w najlepszych miejscach w Karpaczu. Wszystkie s\u0105 urz\u0105dzone komfortowo, z wysok\u0105 dba\u0142o\u015bci\u0105 o ka\u017cdy szczeg\u00f3\u0142. Go\u015bcie mog\u0105 w nich wypocz\u0105\u0107 podziwiaj\u0105c pi\u0119kno Karkonoszy i ciesz\u0105c si\u0119 atrakcjami Karpacza - drugiego g\u00f3rskiego kurortu w Polsce.\",\"inLanguage\":\"en-US\",\"potentialAction\":[{\"@type\":\"ReadAction\",\"target\":[\"https:\/\/wonderhome.eu\/galeria\"]}]},{\"@type\":\"ImageObject\",\"inLanguage\":\"en-US\",\"@id\":\"https:\/\/wonderhome.eu\/galeria#primaryimage\",\"url\":\"https:\/\/wonderhome.eu\/wp-content\/uploads\/2022\/09\/KARPACZ.jpg\",\"contentUrl\":\"https:\/\/wonderhome.eu\/wp-content\/uploads\/2022\/09\/KARPACZ.jpg\",\"width\":1920,\"height\":600},{\"@type\":\"WebSite\",\"@id\":\"https:\/\/wonderhome.eu\/#website\",\"url\":\"https:\/\/wonderhome.eu\/\",\"name\":\"Wonder Home\",\"description\":\"\",\"potentialAction\":[{\"@type\":\"SearchAction\",\"target\":{\"@type\":\"EntryPoint\",\"urlTemplate\":\"https:\/\/wonderhome.eu\/?s={search_term_string}\"},\"query-input\":{\"@type\":\"PropertyValueSpecification\",\"valueRequired\":true,\"valueName\":\"search_term_string\"}}],\"inLanguage\":\"en-US\"}]}<\/script>\n<!-- \/ Yoast SEO plugin. -->","yoast_head_json":{"title":"Galeria | Apartamenty w Karpaczu | Apartamenty Wonder Home","description":"Wonder Home offers apartments located in the best locations in Karpacz. All are comfortably furnished, with meticulous attention to detail. Guests can relax while admiring the beauty of the Karkonosze Mountains and enjoying the attractions of Karpacz \u2013 Poland&#039;s second-largest mountain resort.","robots":{"index":"index","follow":"follow","max-snippet":"max-snippet:-1","max-image-preview":"max-image-preview:large","max-video-preview":"max-video-preview:-1"},"canonical":"https:\/\/wonderhome.eu\/en\/galeria\/","og_locale":"en_US","og_type":"article","og_title":"Galeria | Apartamenty w Karpaczu | Apartamenty Wonder Home","og_description":"Wonder Home wynajmuje apartamenty zlokalizowane w najlepszych miejscach w Karpaczu. Wszystkie s\u0105 urz\u0105dzone komfortowo, z wysok\u0105 dba\u0142o\u015bci\u0105 o ka\u017cdy szczeg\u00f3\u0142. Go\u015bcie mog\u0105 w nich wypocz\u0105\u0107 podziwiaj\u0105c pi\u0119kno Karkonoszy i ciesz\u0105c si\u0119 atrakcjami Karpacza - drugiego g\u00f3rskiego kurortu w Polsce.","og_url":"https:\/\/wonderhome.eu\/en\/galeria\/","og_site_name":"Wonder Home","article_modified_time":"2022-12-15T09:52:05+00:00","og_image":[{"width":1920,"height":600,"url":"https:\/\/wonderhome.eu\/wp-content\/uploads\/2022\/09\/KARPACZ.jpg","type":"image\/jpeg"}],"twitter_card":"summary_large_image","schema":{"@context":"https:\/\/schema.org","@graph":[{"@type":"WebPage","@id":"https:\/\/wonderhome.eu\/galeria","url":"https:\/\/wonderhome.eu\/galeria","name":"Galeria | Apartamenty w Karpaczu | Apartamenty Wonder Home","isPartOf":{"@id":"https:\/\/wonderhome.eu\/#website"},"primaryImageOfPage":{"@id":"https:\/\/wonderhome.eu\/galeria#primaryimage"},"image":{"@id":"https:\/\/wonderhome.eu\/galeria#primaryimage"},"thumbnailUrl":"https:\/\/wonderhome.eu\/wp-content\/uploads\/2022\/09\/KARPACZ.jpg","datePublished":"2021-12-20T07:27:08+00:00","dateModified":"2022-12-15T09:52:05+00:00","description":"Wonder Home offers apartments located in the best locations in Karpacz. All are comfortably furnished, with meticulous attention to detail. Guests can relax while admiring the beauty of the Karkonosze Mountains and enjoying the attractions of Karpacz \u2013 Poland&#039;s second-largest mountain resort.","inLanguage":"en-US","potentialAction":[{"@type":"ReadAction","target":["https:\/\/wonderhome.eu\/galeria"]}]},{"@type":"ImageObject","inLanguage":"en-US","@id":"https:\/\/wonderhome.eu\/galeria#primaryimage","url":"https:\/\/wonderhome.eu\/wp-content\/uploads\/2022\/09\/KARPACZ.jpg","contentUrl":"https:\/\/wonderhome.eu\/wp-content\/uploads\/2022\/09\/KARPACZ.jpg","width":1920,"height":600},{"@type":"WebSite","@id":"https:\/\/wonderhome.eu\/#website","url":"https:\/\/wonderhome.eu\/","name":"Wonder Home","description":"","potentialAction":[{"@type":"SearchAction","target":{"@type":"EntryPoint","urlTemplate":"https:\/\/wonderhome.eu\/?s={search_term_string}"},"query-input":{"@type":"PropertyValueSpecification","valueRequired":true,"valueName":"search_term_string"}}],"inLanguage":"en-US"}]}},"_links":{"self":[{"href":"https:\/\/wonderhome.eu\/en\/wp-json\/wp\/v2\/pages\/16","targetHints":{"allow":["GET"]}}],"collection":[{"href":"https:\/\/wonderhome.eu\/en\/wp-json\/wp\/v2\/pages"}],"about":[{"href":"https:\/\/wonderhome.eu\/en\/wp-json\/wp\/v2\/types\/page"}],"author":[{"embeddable":true,"href":"https:\/\/wonderhome.eu\/en\/wp-json\/wp\/v2\/users\/3"}],"replies":[{"embeddable":true,"href":"https:\/\/wonderhome.eu\/en\/wp-json\/wp\/v2\/comments?post=16"}],"version-history":[{"count":0,"href":"https:\/\/wonderhome.eu\/en\/wp-json\/wp\/v2\/pages\/16\/revisions"}],"wp:featuredmedia":[{"embeddable":true,"href":"https:\/\/wonderhome.eu\/en\/wp-json\/wp\/v2\/media\/679"}],"wp:attachment":[{"href":"https:\/\/wonderhome.eu\/en\/wp-json\/wp\/v2\/media?parent=16"}],"curies":[{"name":"wp","href":"https:\/\/api.w.org\/{rel}","templated":true}]}}