{"id":3276,"date":"2024-08-19T09:41:47","date_gmt":"2024-08-19T07:41:47","guid":{"rendered":"https:\/\/wonderhome.eu\/?page_id=3276"},"modified":"2024-08-19T09:51:08","modified_gmt":"2024-08-19T07:51:08","slug":"regulamin-w-przedmiocie-ochrony-dzieci","status":"publish","type":"page","link":"https:\/\/wonderhome.eu\/en\/regulamin-w-przedmiocie-ochrony-dzieci","title":{"rendered":"Child Protection Regulations"},"content":{"rendered":"\n<p>Przed dokonaniem rezerwacji w&nbsp;Apartamentach Wonder Home&nbsp;nale\u017cy zapozna\u0107 si\u0119 z niniejszym&nbsp;Regulaminem&nbsp;i zaakceptowa\u0107 jego tre\u015b\u0107. Niniejszy Regulamin, zgodny jest z postanowieniem art. 8.1.pkt.1 Ustawy z dnia 18 lipca 2002 r. o \u015bwiadczeniu us\u0142ug drog\u0105 elektroniczn\u0105 (t.j.Dz. U. z 2016, poz. 1030 z p\u00f3\u017an. zm.).<\/p>\n\n\n\n<p class=\"has-text-align-center\"><strong>\u00a71. [Wprowadzenie]<\/strong><\/p>\n\n\n\n<ol class=\"wp-block-list\">\n<li>Apartamenty Wonder Home prowadz\u0105 swoj\u0105 dzia\u0142alno\u015b\u0107 z poszanowaniem praw cz\u0142owieka a w szczeg\u00f3lno\u015bci ze szczeg\u00f3lnym uwra\u017cliwieniem na prawa dzieci, kt\u00f3re s\u0105 nara\u017cone na krzywdzenie.<\/li>\n\n\n\n<li>Apartamenty Wonder Home uznaj\u0105 swoj\u0105 rol\u0119 w prowadzeniu odpowiedzialnego biznesu oraz promowaniu poprawnych postaw spo\u0142ecznych.<\/li>\n\n\n\n<li>Apartamenty Wonder Home uznaj\u0105 i dostrzegaj\u0105 sw\u00f3j obowi\u0105zek zg\u0142aszania organom \u015bcigania ka\u017cdego przypadku podejrzenia przest\u0119pstwa na szkod\u0119 dzieci i zobowi\u0105zuj\u0105 si\u0119 do szkolenia swojego personelu w tym zakresie.<\/li>\n\n\n\n<li>Apartamenty Wonder Home zobowi\u0105zuj\u0105 si\u0119 do edukowania personelu w zakresie rozpoznawania okoliczno\u015bci wskazuj\u0105cych na mo\u017cliwe krzywdzenie dziecka przebywaj\u0105cego na terenie obiektu oraz w zakresie niezw\u0142ocznego reagowania na takie sytuacje.<\/li>\n\n\n\n<li>Jednym z istotnych element\u00f3w zapobiegania krzywdzeniu dzieci jest identyfikacja dziecka przebywaj\u0105cego w obiekcie oraz jego relacji z osob\u0105 doros\u0142\u0105, z kt\u00f3r\u0105 przebywa.<\/li>\n\n\n\n<li>Personel Recepcji Apartament\u00f3w Wonder Home nie posiada informacji na temat os\u00f3b zapraszanych do Apartamentu przez g\u0142\u00f3wnego Go\u015bcia Rezerwuj\u0105cego, kt\u00f3ry jako jedyny wype\u0142nia wszelkie formalno\u015bci zwi\u0105zane z rezerwacj\u0105.<\/li>\n\n\n\n<li>Apartamenty Wonder Home nie s\u0105 uprawnione do legitymowania os\u00f3b wsp\u00f3\u0142towarzysz\u0105cych g\u0142\u00f3wnemu Go\u015bciowi Rezerwuj\u0105cemu a tak\u017ce do zbierania danych osobowych os\u00f3b dodatkowo zamieszkuj\u0105cych w czasie pobytu.<\/li>\n\n\n\n<li>Nie umniejsza to jednak praw zwi\u0105zanych z identyfikacji dziecka oraz jego relacji z doros\u0142ym, o ile w trakcie wype\u0142niania czynno\u015bci rejestracyjnych na terenie recepcji dojdzie do kontaktu z osob\u0105 posiadaj\u0105c\u0105 status dziecka.<\/li>\n\n\n\n<li>W pozosta\u0142ych przypadkach, zw\u0142aszcza w razie realizacji Online Check \u2013 in Personel Recepcji Wonder Home nie wykonuje \u017cadnych czynno\u015bci kontrolnych w Apartamentach.<\/li>\n\n\n\n<li>Maj\u0105c na uwadze dobro dzieci, prosimy Go\u015bci Wonder Home aby w razie podr\u00f3\u017cowania z osobami poni\u017cej 18-go roku \u017cycia, kt\u00f3re nie s\u0105 ich dzie\u0107mi lub osobami, nad kt\u00f3rymi Go\u015bcie sprawuj\u0105 opiek\u0119 prawn\u0105 \u2013 aby posiadali pisemne umocowanie od opiekuna prawnego na odbywanie wsp\u00f3lnej podr\u00f3\u017cy i noclegu.<\/li>\n\n\n\n<li>Personel Apartament\u00f3w Wonder Home nie ma prawnych mo\u017cliwo\u015bci odmowy \u015bwiadczenia us\u0142ugi na rzecz Go\u015bci, kt\u00f3rzy nie posiadaj\u0105 stosownego umocowania od opiekuna prawnego do podr\u00f3\u017cy z jego dzieckiem, niemniej jednak w razie jakichkolwiek podejrze\u0144 co do bezpiecze\u0144stwa dziecka, zostanie powiadomiona Policja i organy administracji rz\u0105dowej, zajmuj\u0105ce si\u0119 ochron\u0105 bezpiecze\u0144stwa ludzi oraz utrzymaniem bezpiecze\u0144stwa i porz\u0105dku publicznego.<\/li>\n<\/ol>\n\n\n\n<p class=\"has-text-align-center\"><strong>\u00a72. [Definicje]<\/strong><\/p>\n\n\n\n<p>Na potrzeby niniejszego Regulaminu poni\u017csze poj\u0119cia maj\u0105 nast\u0119puj\u0105ce znaczenie:<\/p>\n\n\n\n<ol class=\"wp-block-list\">\n<li>Dziecko - to ka\u017cda osoba poni\u017cej 18 roku \u017cycia.<\/li>\n\n\n\n<li>Obca osoba doros\u0142a - to ka\u017cda osoba powy\u017cej 18 roku \u017cycia, kt\u00f3ra nie jest rodzicem lub opiekunem prawnym dziecka.<\/li>\n\n\n\n<li>Krzywdzenie dziecka - oznacza pope\u0142nienie na jego szkod\u0119 przest\u0119pstwa.<\/li>\n\n\n\n<li>Przest\u0119pstwo na szkod\u0119 dziecka \u2013 wszystkie przest\u0119pstwa, kt\u00f3re mog\u0105 by\u0107 pope\u0142nione przeciwko osobom doros\u0142ym, a tak\u017ce przest\u0119pstwa, kt\u00f3re mog\u0105 by\u0107 pope\u0142nione wy\u0142\u0105cznie przeciwko dzieciom, w tym w szczeg\u00f3lno\u015bci: wykorzystywanie seksualne \u2013 (art. 200 kk), gwa\u0142t (art. 197 kk), seksualne wykorzystanie niepoczytalno\u015bci i bezradno\u015bci (art. 198 kk), seksualne wykorzystanie zale\u017cno\u015bci lub krytycznego po\u0142o\u017cenia (art. 199 kk), seksualne wykorzystanie osoby poni\u017cej 15 roku \u017cycia (art. 200 kk), grooming -uwiedzenie ma\u0142oletniego za pomoc\u0105 \u015brodk\u00f3w porozumiewania si\u0119 na odleg\u0142o\u015b\u0107 \u2013 (art. 200a kk).<\/li>\n<\/ol>\n\n\n\n<p><\/p>\n\n\n\n<p class=\"has-text-align-center\"><strong>\u00a73. [Procedura w przypadku podejrzenia krzywdzenia dziecka]<\/strong><\/p>\n\n\n\n<ol class=\"wp-block-list\">\n<li>Personel Recepcji Wonder Home, zawsze ilekro\u0107 jest to mo\u017cliwe, podejmuje kroki w celu identyfikacji dziecka oraz jego relacji z osob\u0105 doros\u0142\u0105, z kt\u00f3r\u0105 przebywa w obiekcie.<\/li>\n\n\n\n<li>W sytuacjach wskazuj\u0105cych na mo\u017cliwe ryzyko krzywdzenia dziecka, jego identyfikacja jest bezwzgl\u0119dnie wymagana.<\/li>\n\n\n\n<li>Za zachowania budz\u0105ce niepok\u00f3j o bezpiecze\u0144stwo dziecka uwa\u017ca si\u0119 w szczeg\u00f3lno\u015bci sytuacje, kiedy:\n<ol style=\"list-style-type:lower-alpha\" class=\"wp-block-list\">\n<li>g\u0142\u00f3wny Go\u015b\u0107 Rezerwuj\u0105cy nie chce udost\u0119pni\u0107 dokumentu potwierdzaj\u0105cego to\u017csamo\u015b\u0107 swoj\u0105 lub dziecka,<\/li>\n\n\n\n<li>g\u0142\u00f3wny Go\u015b\u0107 Rezerwuj\u0105cy dokonuje p\u0142atno\u015bci got\u00f3wk\u0105 lub kart\u0105 prepaid, op\u0142acaj\u0105c pobyt za ka\u017cd\u0105 dob\u0119 oddzielnie, wskazuj\u0105c na brak wiedzy o planowanej d\u0142ugo\u015bci pobytu,<\/li>\n\n\n\n<li>g\u0142\u00f3wny Go\u015b\u0107 Rezerwuj\u0105cy pojawia si\u0119 w obiekcie z dzieckiem, chocia\u017c w danych rezerwacji nie by\u0142o zg\u0142oszenia dodatkowej osoby;<\/li>\n<\/ol>\n<\/li>\n\n\n\n<li>Aby dokona\u0107 identyfikacji dziecka i jego relacji z osob\u0105 doros\u0142\u0105, z kt\u00f3r\u0105 przebywa w obiekcie, Personel Recepcji Apartament\u00f3w Wonder Home jest uprawniony do zapytania g\u0142\u00f3wnego Go\u015bcia Rezerwuj\u0105cego o to\u017csamo\u015b\u0107 dziecka oraz o jego relacj\u0119 z osob\u0105, z kt\u00f3r\u0105 przyby\u0142o do obiektu lub w nim przebywa. Mo\u017cliwe jest poproszenie o dokument to\u017csamo\u015bci dziecka lub inny dokument potwierdzaj\u0105cy, \u017ce osoba doros\u0142a ma prawo do sprawowania opieki nad dzieckiem.<\/li>\n\n\n\n<li>W przypadku braku dokumentu to\u017csamo\u015bci Personel Recepcji Apartament\u00f3w Wonder Home jest uprawniony do poproszenia o podanie danych dziecka (imi\u0119, nazwisko, adres, numer PESEL).<\/li>\n\n\n\n<li>W przypadku braku dokument\u00f3w wskazuj\u0105cych na pokrewie\u0144stwo dziecka i osoby doros\u0142ej, Personel Recepcji Apartament\u00f3w Wonder Home jest uprawniony do zapytania o t\u0119 relacj\u0119 zar\u00f3wno osoby doros\u0142ej, jak i dziecka.<\/li>\n\n\n\n<li>Je\u015bli g\u0142\u00f3wny Go\u015b\u0107 Rezerwuj\u0105cy i inna przebywaj\u0105ca z nim osoba doros\u0142a nie jest rodzicem lub opiekunem prawnym dziecka, Personel Recepcji Apartament\u00f3w Wonder Home jest uprawniony do zapytania, czy posiada dokument \u015bwiadcz\u0105cy o zgodzie rodzic\u00f3w na wsp\u00f3lny wyjazd osoby doros\u0142ej z dzieckiem (np. pisemne o\u015bwiadczenie).<\/li>\n\n\n\n<li>W przypadku braku dokumentu zgody rodzic\u00f3w, Personel Recepcji Apartament\u00f3w Wonder Home jest uprawniony do poproszenia o numer telefonu rodzic\u00f3w\/opiekun\u00f3w, w celu telefonicznego potwierdzenia, \u017ce przebywanie dziecka w obiekcie z obc\u0105 osob\u0105 doros\u0142\u0105 odbywa si\u0119 za ich wiedz\u0105 i zgod\u0105.<\/li>\n\n\n\n<li>W przypadku oporu ze strony g\u0142\u00f3wnego Go\u015bcia Rezerwuj\u0105cego lub przebywaj\u0105cej z nim osoby doros\u0142ej co do okazania dokumentu dziecka lub wskazania relacji, Personel Recepcji Apartament\u00f3w Wonder Home jest zobligowany wyja\u015bni\u0107, \u017ce procedura ma na celu zapewnienie bezpiecze\u0144stwa dzieciom korzystaj\u0105cym z Apartament\u00f3w Wonder Home i zosta\u0142a opracowana w porozumieniu z organizacjami pozarz\u0105dowymi dzia\u0142aj\u0105cymi w tym zakresie, a nadto \u017ce brak przestrzegania przepis\u00f3w skutkuje wysokimi karami pieni\u0119\u017cnymi i mo\u017ce prowadzi\u0107 do sytuacji zagra\u017caj\u0105cych bezpiecze\u0144stwu dzieci.<\/li>\n\n\n\n<li>Personel Recepcji Apartament\u00f3w Wonder Home ka\u017cdorazowo wyra\u017ca wdzi\u0119czno\u015b\u0107 wzgl\u0119dem Go\u015bci za pozytywne wyja\u015bnienie wszelkich okoliczno\u015bci zwi\u0105zanych z pobytem dziecka a tak\u017ce za czas jaki po\u015bwi\u0119cili na wype\u0142nienie procedury informacyjnej potwierdzaj\u0105cej, \u017ce dziecko jest pod dobr\u0105 opiek\u0105.<\/li>\n\n\n\n<li>W razie pojawienia si\u0119 w\u0105tpliwo\u015bci co do bezpiecze\u0144stwa dziecka, Personel Recepcji Apartament\u00f3w Wonder Home jest uprawniony do zawiadomienia Policji. W czasie oczekiwania na reakcj\u0119 Policji zar\u00f3wno dziecko, jak i osoba doros\u0142a pozostaj\u0105 pod sta\u0142\u0105 obserwacj\u0105 personelu i nie mog\u0105 zostawa\u0107 sami.<\/li>\n\n\n\n<li>W przypadku, gdy \u015bwiadkami nietypowych lub podejrzanych sytuacji s\u0105 pracownicy innych dzia\u0142\u00f3w Apartament\u00f3w Wonder Home, w szczeg\u00f3lno\u015bci pracownicy Dzia\u0142u Jako\u015bci lub Serwisu Technicznego, powiadamiaj\u0105 oni niezw\u0142ocznie Personel Recepcji Apartament\u00f3w Wonder Home, kt\u00f3ry wykonuje czynno\u015bci jak w punkcie poprzednim.<\/li>\n<\/ol>\n\n\n\n<p><\/p>\n\n\n\n<p class=\"has-text-align-center\"><strong>\u00a74. [Procedura w przypadku okoliczno\u015bci wskazuj\u0105cych na skrzywdzenie dziecka]<\/strong><\/p>\n\n\n\n<ol class=\"wp-block-list\">\n<li>W przypadku uzasadnionego podejrzenia, \u017ce dziecko przebywaj\u0105ce w obiekcie jest krzywdzone Personel Recepcji Apartament\u00f3w Wonder Home niezw\u0142ocznie zawiadamia Policj\u0119, dzwoni\u0105c pod numer 112 i opisuj\u0105c okoliczno\u015bci zdarzenia.<\/li>\n\n\n\n<li>Uzasadnione podejrzenie krzywdzenia dziecka wyst\u0119puje, gdy:\n<ul class=\"wp-block-list\">\n<li>Dziecko ujawni\u0142o pracownikowi obiektu fakt krzywdzenia.<\/li>\n\n\n\n<li>Pracownik zaobserwowa\u0142 krzywdzenie.<\/li>\n<\/ul>\n<\/li>\n<\/ol>\n\n\n\n<p><\/p>\n\n\n\n<p class=\"has-text-align-center\"><strong>\u00a75. [Wz\u00f3r zgody na pobyt dziecka z osob\u0105 nieb\u0119d\u0105c\u0105 rodzicem lub opiekunem prawnym]<\/strong><\/p>\n\n\n\n<p class=\"has-text-align-right\">_________________, dnia ____________<\/p>\n\n\n\n<p class=\"has-text-align-center\">Upowa\u017cnienie do opieki nad dzieckiem<\/p>\n\n\n\n<p>Ja, ________________________, zamieszka\u0142y\/a _____________________________ (imi\u0119 i nazwisko rodzica\/opiekuna prawnego) (adres rodzica\/opiekuna prawnego) legitymuj\u0105cy\/a si\u0119 dowodem osobistym (seria i numer) _______________________, b\u0119d\u0105c rodzicem\/opiekunem prawnym, posiadaj\u0105c prawo do opieki nad _________________________ o numerze PESEL __________________________ (imi\u0119 i nazwisko dziecka) zamieszka\u0142ym\/\u0142\u0105 _______________________________ (adres dziecka) upowa\u017cniam Pana\/Pani\u0105 _______________________________ (imi\u0119 i nazwisko osoby, kt\u00f3ra otrzymuje upowa\u017cnienie) zamieszka\u0142ego\/\u0142\u0105 _______________________________ (adres osoby, kt\u00f3ra otrzymuje upowa\u017cnienie) legitymuj\u0105cego si\u0119 dowodem osobistym (seria i numer) _______________________ do sprawowania opieki, prowadzenia spraw bie\u017c\u0105cych oraz nag\u0142ych zwi\u0105zanych z opiek\u0105 nad wy\u017cej wymienionym dzieckiem w trakcie pobytu w Apartamentach Wonder Home w ____________ (miejscowo\u015b\u0107), w terminie _______________.<\/p>\n\n\n\n<p>Jednocze\u015bnie o\u015bwiadczam, \u017ce pomi\u0119dzy osob\u0105 upowa\u017cnion\u0105 do sprawowania opieki a moim dzieckiem wyst\u0119puje stopie\u0144 pokrewie\u0144stwa: ______________ (nale\u017cy poda\u0107 stopie\u0144 pokrewie\u0144stwa).<\/p>\n\n\n\n<p>Jestem \u015bwiadomy odpowiedzialno\u015bci karnej za z\u0142o\u017cenie fa\u0142szywego o\u015bwiadczenia wynikaj\u0105cej z art. 233 \u00a7 6 ustawy z dnia 6 czerwca 1997 r. \u2013 Kodeks karny.<\/p>\n\n\n\n<p class=\"has-text-align-right\">__________________________________<br>(podpis rodzica\/opiekuna prawnego)<\/p>\n","protected":false},"excerpt":{"rendered":"<p>Przed dokonaniem rezerwacji w&nbsp;Apartamentach Wonder Home&nbsp;nale\u017cy zapozna\u0107 si\u0119 z niniejszym&nbsp;Regulaminem&nbsp;i zaakceptowa\u0107 jego tre\u015b\u0107. Niniejszy Regulamin, zgodny jest z postanowieniem art. 8.1.pkt.1 Ustawy z dnia 18 lipca 2002 r. o \u015bwiadczeniu us\u0142ug drog\u0105 elektroniczn\u0105 (t.j.Dz. U. z 2016, poz. 1030 z p\u00f3\u017an. zm.). \u00a71. [Wprowadzenie] \u00a72. [Definicje] Na potrzeby niniejszego Regulaminu poni\u017csze poj\u0119cia maj\u0105 nast\u0119puj\u0105ce znaczenie: [&hellip;]<\/p>\n","protected":false},"author":3,"featured_media":932,"parent":0,"menu_order":9,"comment_status":"closed","ping_status":"closed","template":"","meta":{"_acf_changed":false,"footnotes":""},"class_list":["post-3276","page","type-page","status-publish","has-post-thumbnail","hentry"],"acf":[],"yoast_head":"<!-- This site is optimized with the Yoast SEO plugin v27.4 - https:\/\/yoast.com\/product\/yoast-seo-wordpress\/ -->\n<title>Zasady rezerwacji | Apartamenty w Karpaczu | Apartamenty Wonder Home<\/title>\n<meta name=\"description\" content=\"Wonder Home wynajmuje apartamenty zlokalizowane w najlepszych miejscach w Karpaczu. Wszystkie s\u0105 urz\u0105dzone komfortowo, z wysok\u0105 dba\u0142o\u015bci\u0105 o ka\u017cdy szczeg\u00f3\u0142. Go\u015bcie mog\u0105 w nich wypocz\u0105\u0107 podziwiaj\u0105c pi\u0119kno Karkonoszy i ciesz\u0105c si\u0119 atrakcjami Karpacza - drugiego g\u00f3rskiego kurortu w Polsce.\" \/>\n<meta name=\"robots\" content=\"index, follow, max-snippet:-1, max-image-preview:large, max-video-preview:-1\" \/>\n<link rel=\"canonical\" href=\"https:\/\/wonderhome.eu\/en\/regulamin-w-przedmiocie-ochrony-dzieci\/\" \/>\n<meta property=\"og:locale\" content=\"en_US\" \/>\n<meta property=\"og:type\" content=\"article\" \/>\n<meta property=\"og:title\" content=\"Zasady rezerwacji | Apartamenty w Karpaczu | Apartamenty Wonder Home\" \/>\n<meta property=\"og:description\" content=\"Wonder Home wynajmuje apartamenty zlokalizowane w najlepszych miejscach w Karpaczu. Wszystkie s\u0105 urz\u0105dzone komfortowo, z wysok\u0105 dba\u0142o\u015bci\u0105 o ka\u017cdy szczeg\u00f3\u0142. Go\u015bcie mog\u0105 w nich wypocz\u0105\u0107 podziwiaj\u0105c pi\u0119kno Karkonoszy i ciesz\u0105c si\u0119 atrakcjami Karpacza - drugiego g\u00f3rskiego kurortu w Polsce.\" \/>\n<meta property=\"og:url\" content=\"https:\/\/wonderhome.eu\/en\/regulamin-w-przedmiocie-ochrony-dzieci\/\" \/>\n<meta property=\"og:site_name\" content=\"Wonder Home\" \/>\n<meta property=\"article:modified_time\" content=\"2024-08-19T07:51:08+00:00\" \/>\n<meta property=\"og:image\" content=\"https:\/\/wonderhome.eu\/wp-content\/uploads\/2022\/09\/zasady-rezerwacji-min.jpg\" \/>\n\t<meta property=\"og:image:width\" content=\"1920\" \/>\n\t<meta property=\"og:image:height\" content=\"600\" \/>\n\t<meta property=\"og:image:type\" content=\"image\/jpeg\" \/>\n<meta name=\"twitter:card\" content=\"summary_large_image\" \/>\n<meta name=\"twitter:label1\" content=\"Est. reading time\" \/>\n\t<meta name=\"twitter:data1\" content=\"8 minutes\" \/>\n<script type=\"application\/ld+json\" class=\"yoast-schema-graph\">{\"@context\":\"https:\\\/\\\/schema.org\",\"@graph\":[{\"@type\":\"WebPage\",\"@id\":\"https:\\\/\\\/wonderhome.eu\\\/regulamin-w-przedmiocie-ochrony-dzieci\",\"url\":\"https:\\\/\\\/wonderhome.eu\\\/regulamin-w-przedmiocie-ochrony-dzieci\",\"name\":\"Zasady rezerwacji | Apartamenty w Karpaczu | Apartamenty Wonder Home\",\"isPartOf\":{\"@id\":\"https:\\\/\\\/wonderhome.eu\\\/#website\"},\"primaryImageOfPage\":{\"@id\":\"https:\\\/\\\/wonderhome.eu\\\/regulamin-w-przedmiocie-ochrony-dzieci#primaryimage\"},\"image\":{\"@id\":\"https:\\\/\\\/wonderhome.eu\\\/regulamin-w-przedmiocie-ochrony-dzieci#primaryimage\"},\"thumbnailUrl\":\"https:\\\/\\\/wonderhome.eu\\\/wp-content\\\/uploads\\\/2022\\\/09\\\/zasady-rezerwacji-min.jpg\",\"datePublished\":\"2024-08-19T07:41:47+00:00\",\"dateModified\":\"2024-08-19T07:51:08+00:00\",\"description\":\"Wonder Home wynajmuje apartamenty zlokalizowane w najlepszych miejscach w Karpaczu. Wszystkie s\u0105 urz\u0105dzone komfortowo, z wysok\u0105 dba\u0142o\u015bci\u0105 o ka\u017cdy szczeg\u00f3\u0142. Go\u015bcie mog\u0105 w nich wypocz\u0105\u0107 podziwiaj\u0105c pi\u0119kno Karkonoszy i ciesz\u0105c si\u0119 atrakcjami Karpacza - drugiego g\u00f3rskiego kurortu w Polsce.\",\"inLanguage\":\"en-US\",\"potentialAction\":[{\"@type\":\"ReadAction\",\"target\":[\"https:\\\/\\\/wonderhome.eu\\\/regulamin-w-przedmiocie-ochrony-dzieci\"]}]},{\"@type\":\"ImageObject\",\"inLanguage\":\"en-US\",\"@id\":\"https:\\\/\\\/wonderhome.eu\\\/regulamin-w-przedmiocie-ochrony-dzieci#primaryimage\",\"url\":\"https:\\\/\\\/wonderhome.eu\\\/wp-content\\\/uploads\\\/2022\\\/09\\\/zasady-rezerwacji-min.jpg\",\"contentUrl\":\"https:\\\/\\\/wonderhome.eu\\\/wp-content\\\/uploads\\\/2022\\\/09\\\/zasady-rezerwacji-min.jpg\",\"width\":1920,\"height\":600},{\"@type\":\"WebSite\",\"@id\":\"https:\\\/\\\/wonderhome.eu\\\/#website\",\"url\":\"https:\\\/\\\/wonderhome.eu\\\/\",\"name\":\"Wonder Home\",\"description\":\"\",\"potentialAction\":[{\"@type\":\"SearchAction\",\"target\":{\"@type\":\"EntryPoint\",\"urlTemplate\":\"https:\\\/\\\/wonderhome.eu\\\/?s={search_term_string}\"},\"query-input\":{\"@type\":\"PropertyValueSpecification\",\"valueRequired\":true,\"valueName\":\"search_term_string\"}}],\"inLanguage\":\"en-US\"}]}<\/script>\n<!-- \/ Yoast SEO plugin. -->","yoast_head_json":{"title":"Booking Policy | Apartments in Karpacz | Wonder Home Apartments","description":"Wonder Home offers apartments located in the best locations in Karpacz. All are comfortably furnished, with meticulous attention to detail. Guests can relax while admiring the beauty of the Karkonosze Mountains and enjoying the attractions of Karpacz \u2013 Poland&#039;s second-largest mountain resort.","robots":{"index":"index","follow":"follow","max-snippet":"max-snippet:-1","max-image-preview":"max-image-preview:large","max-video-preview":"max-video-preview:-1"},"canonical":"https:\/\/wonderhome.eu\/en\/regulamin-w-przedmiocie-ochrony-dzieci\/","og_locale":"en_US","og_type":"article","og_title":"Zasady rezerwacji | Apartamenty w Karpaczu | Apartamenty Wonder Home","og_description":"Wonder Home wynajmuje apartamenty zlokalizowane w najlepszych miejscach w Karpaczu. Wszystkie s\u0105 urz\u0105dzone komfortowo, z wysok\u0105 dba\u0142o\u015bci\u0105 o ka\u017cdy szczeg\u00f3\u0142. Go\u015bcie mog\u0105 w nich wypocz\u0105\u0107 podziwiaj\u0105c pi\u0119kno Karkonoszy i ciesz\u0105c si\u0119 atrakcjami Karpacza - drugiego g\u00f3rskiego kurortu w Polsce.","og_url":"https:\/\/wonderhome.eu\/en\/regulamin-w-przedmiocie-ochrony-dzieci\/","og_site_name":"Wonder Home","article_modified_time":"2024-08-19T07:51:08+00:00","og_image":[{"width":1920,"height":600,"url":"https:\/\/wonderhome.eu\/wp-content\/uploads\/2022\/09\/zasady-rezerwacji-min.jpg","type":"image\/jpeg"}],"twitter_card":"summary_large_image","twitter_misc":{"Est. reading time":"8 minutes"},"schema":{"@context":"https:\/\/schema.org","@graph":[{"@type":"WebPage","@id":"https:\/\/wonderhome.eu\/regulamin-w-przedmiocie-ochrony-dzieci","url":"https:\/\/wonderhome.eu\/regulamin-w-przedmiocie-ochrony-dzieci","name":"Booking Policy | Apartments in Karpacz | Wonder Home Apartments","isPartOf":{"@id":"https:\/\/wonderhome.eu\/#website"},"primaryImageOfPage":{"@id":"https:\/\/wonderhome.eu\/regulamin-w-przedmiocie-ochrony-dzieci#primaryimage"},"image":{"@id":"https:\/\/wonderhome.eu\/regulamin-w-przedmiocie-ochrony-dzieci#primaryimage"},"thumbnailUrl":"https:\/\/wonderhome.eu\/wp-content\/uploads\/2022\/09\/zasady-rezerwacji-min.jpg","datePublished":"2024-08-19T07:41:47+00:00","dateModified":"2024-08-19T07:51:08+00:00","description":"Wonder Home offers apartments located in the best locations in Karpacz. All are comfortably furnished, with meticulous attention to detail. Guests can relax while admiring the beauty of the Karkonosze Mountains and enjoying the attractions of Karpacz \u2013 Poland&#039;s second-largest mountain resort.","inLanguage":"en-US","potentialAction":[{"@type":"ReadAction","target":["https:\/\/wonderhome.eu\/regulamin-w-przedmiocie-ochrony-dzieci"]}]},{"@type":"ImageObject","inLanguage":"en-US","@id":"https:\/\/wonderhome.eu\/regulamin-w-przedmiocie-ochrony-dzieci#primaryimage","url":"https:\/\/wonderhome.eu\/wp-content\/uploads\/2022\/09\/zasady-rezerwacji-min.jpg","contentUrl":"https:\/\/wonderhome.eu\/wp-content\/uploads\/2022\/09\/zasady-rezerwacji-min.jpg","width":1920,"height":600},{"@type":"WebSite","@id":"https:\/\/wonderhome.eu\/#website","url":"https:\/\/wonderhome.eu\/","name":"Wonder Home","description":"","potentialAction":[{"@type":"SearchAction","target":{"@type":"EntryPoint","urlTemplate":"https:\/\/wonderhome.eu\/?s={search_term_string}"},"query-input":{"@type":"PropertyValueSpecification","valueRequired":true,"valueName":"search_term_string"}}],"inLanguage":"en-US"}]}},"_links":{"self":[{"href":"https:\/\/wonderhome.eu\/en\/wp-json\/wp\/v2\/pages\/3276","targetHints":{"allow":["GET"]}}],"collection":[{"href":"https:\/\/wonderhome.eu\/en\/wp-json\/wp\/v2\/pages"}],"about":[{"href":"https:\/\/wonderhome.eu\/en\/wp-json\/wp\/v2\/types\/page"}],"author":[{"embeddable":true,"href":"https:\/\/wonderhome.eu\/en\/wp-json\/wp\/v2\/users\/3"}],"replies":[{"embeddable":true,"href":"https:\/\/wonderhome.eu\/en\/wp-json\/wp\/v2\/comments?post=3276"}],"version-history":[{"count":0,"href":"https:\/\/wonderhome.eu\/en\/wp-json\/wp\/v2\/pages\/3276\/revisions"}],"wp:featuredmedia":[{"embeddable":true,"href":"https:\/\/wonderhome.eu\/en\/wp-json\/wp\/v2\/media\/932"}],"wp:attachment":[{"href":"https:\/\/wonderhome.eu\/en\/wp-json\/wp\/v2\/media?parent=3276"}],"curies":[{"name":"wp","href":"https:\/\/api.w.org\/{rel}","templated":true}]}}