{"id":3355,"date":"2024-09-03T08:29:46","date_gmt":"2024-09-03T06:29:46","guid":{"rendered":"https:\/\/wonderhome.eu\/?page_id=3355"},"modified":"2026-02-23T15:00:05","modified_gmt":"2026-02-23T14:00:05","slug":"apartamenty-sciegny","status":"publish","type":"page","link":"https:\/\/wonderhome.eu\/en\/apartamenty\/apartamenty-sciegny","title":{"rendered":"\u015aci\u0119gny Apartments"},"content":{"rendered":"","protected":false},"excerpt":{"rendered":"","protected":false},"author":3,"featured_media":7115,"parent":12,"menu_order":21,"comment_status":"closed","ping_status":"closed","template":"","meta":{"_acf_changed":false,"footnotes":""},"class_list":["post-3355","page","type-page","status-publish","has-post-thumbnail","hentry"],"acf":[],"yoast_head":"<!-- This site is optimized with the Yoast SEO plugin v27.4 - https:\/\/yoast.com\/product\/yoast-seo-wordpress\/ -->\n<title>Apartamenty | Apartamenty w Szklarskiej Por\u0119bie | Apartamenty Wonder Home<\/title>\n<meta name=\"description\" content=\"Wonder Home wynajmuje apartamenty zlokalizowane w najlepszych miejscach w Szklarskiej Por\u0119bie. Wszystkie s\u0105 urz\u0105dzone komfortowo, z wysok\u0105 dba\u0142o\u015bci\u0105 o ka\u017cdy szczeg\u00f3\u0142. Go\u015bcie mog\u0105 w nich wypocz\u0105\u0107 podziwiaj\u0105c pi\u0119kno Karkonoszy i ciesz\u0105c si\u0119 atrakcjami Szklarskiej Por\u0119by.\" \/>\n<meta name=\"robots\" content=\"index, follow, max-snippet:-1, max-image-preview:large, max-video-preview:-1\" \/>\n<link rel=\"canonical\" href=\"https:\/\/wonderhome.eu\/en\/apartamenty\/apartamenty-sciegny\/\" \/>\n<meta property=\"og:locale\" content=\"en_US\" \/>\n<meta property=\"og:type\" content=\"article\" \/>\n<meta property=\"og:title\" content=\"Apartamenty | Apartamenty w Szklarskiej Por\u0119bie | Apartamenty Wonder Home\" \/>\n<meta property=\"og:description\" content=\"Wonder Home wynajmuje apartamenty zlokalizowane w najlepszych miejscach w Szklarskiej Por\u0119bie. Wszystkie s\u0105 urz\u0105dzone komfortowo, z wysok\u0105 dba\u0142o\u015bci\u0105 o ka\u017cdy szczeg\u00f3\u0142. Go\u015bcie mog\u0105 w nich wypocz\u0105\u0107 podziwiaj\u0105c pi\u0119kno Karkonoszy i ciesz\u0105c si\u0119 atrakcjami Szklarskiej Por\u0119by.\" \/>\n<meta property=\"og:url\" content=\"https:\/\/wonderhome.eu\/en\/apartamenty\/apartamenty-sciegny\/\" \/>\n<meta property=\"og:site_name\" content=\"Wonder Home\" \/>\n<meta property=\"article:modified_time\" content=\"2026-02-23T14:00:05+00:00\" \/>\n<meta property=\"og:image\" content=\"https:\/\/wonderhome.eu\/wp-content\/uploads\/2025\/09\/5-min.jpg\" \/>\n\t<meta property=\"og:image:width\" content=\"1248\" \/>\n\t<meta property=\"og:image:height\" content=\"726\" \/>\n\t<meta property=\"og:image:type\" content=\"image\/jpeg\" \/>\n<meta name=\"twitter:card\" content=\"summary_large_image\" \/>\n<meta name=\"twitter:label1\" content=\"Est. reading time\" \/>\n\t<meta name=\"twitter:data1\" content=\"1 minute\" \/>\n<script type=\"application\/ld+json\" class=\"yoast-schema-graph\">{\"@context\":\"https:\\\/\\\/schema.org\",\"@graph\":[{\"@type\":\"WebPage\",\"@id\":\"https:\\\/\\\/wonderhome.eu\\\/apartamenty\\\/apartamenty-sciegny\",\"url\":\"https:\\\/\\\/wonderhome.eu\\\/apartamenty\\\/apartamenty-sciegny\",\"name\":\"Apartamenty | Apartamenty w Szklarskiej Por\u0119bie | Apartamenty Wonder Home\",\"isPartOf\":{\"@id\":\"https:\\\/\\\/wonderhome.eu\\\/#website\"},\"primaryImageOfPage\":{\"@id\":\"https:\\\/\\\/wonderhome.eu\\\/apartamenty\\\/apartamenty-sciegny#primaryimage\"},\"image\":{\"@id\":\"https:\\\/\\\/wonderhome.eu\\\/apartamenty\\\/apartamenty-sciegny#primaryimage\"},\"thumbnailUrl\":\"https:\\\/\\\/wonderhome.eu\\\/wp-content\\\/uploads\\\/2025\\\/09\\\/5-min.jpg\",\"datePublished\":\"2024-09-03T06:29:46+00:00\",\"dateModified\":\"2026-02-23T14:00:05+00:00\",\"description\":\"Wonder Home wynajmuje apartamenty zlokalizowane w najlepszych miejscach w Szklarskiej Por\u0119bie. Wszystkie s\u0105 urz\u0105dzone komfortowo, z wysok\u0105 dba\u0142o\u015bci\u0105 o ka\u017cdy szczeg\u00f3\u0142. Go\u015bcie mog\u0105 w nich wypocz\u0105\u0107 podziwiaj\u0105c pi\u0119kno Karkonoszy i ciesz\u0105c si\u0119 atrakcjami Szklarskiej Por\u0119by.\",\"breadcrumb\":{\"@id\":\"https:\\\/\\\/wonderhome.eu\\\/apartamenty\\\/apartamenty-sciegny#breadcrumb\"},\"inLanguage\":\"en-US\",\"potentialAction\":[{\"@type\":\"ReadAction\",\"target\":[\"https:\\\/\\\/wonderhome.eu\\\/apartamenty\\\/apartamenty-sciegny\"]}]},{\"@type\":\"ImageObject\",\"inLanguage\":\"en-US\",\"@id\":\"https:\\\/\\\/wonderhome.eu\\\/apartamenty\\\/apartamenty-sciegny#primaryimage\",\"url\":\"https:\\\/\\\/wonderhome.eu\\\/wp-content\\\/uploads\\\/2025\\\/09\\\/5-min.jpg\",\"contentUrl\":\"https:\\\/\\\/wonderhome.eu\\\/wp-content\\\/uploads\\\/2025\\\/09\\\/5-min.jpg\",\"width\":1248,\"height\":726},{\"@type\":\"BreadcrumbList\",\"@id\":\"https:\\\/\\\/wonderhome.eu\\\/apartamenty\\\/apartamenty-sciegny#breadcrumb\",\"itemListElement\":[{\"@type\":\"ListItem\",\"position\":1,\"name\":\"Apartamenty\",\"item\":\"https:\\\/\\\/wonderhome.eu\\\/apartamenty\"},{\"@type\":\"ListItem\",\"position\":2,\"name\":\"Apartamenty \u015aci\u0119gny\"}]},{\"@type\":\"WebSite\",\"@id\":\"https:\\\/\\\/wonderhome.eu\\\/#website\",\"url\":\"https:\\\/\\\/wonderhome.eu\\\/\",\"name\":\"Wonder Home\",\"description\":\"\",\"potentialAction\":[{\"@type\":\"SearchAction\",\"target\":{\"@type\":\"EntryPoint\",\"urlTemplate\":\"https:\\\/\\\/wonderhome.eu\\\/?s={search_term_string}\"},\"query-input\":{\"@type\":\"PropertyValueSpecification\",\"valueRequired\":true,\"valueName\":\"search_term_string\"}}],\"inLanguage\":\"en-US\"}]}<\/script>\n<!-- \/ Yoast SEO plugin. -->","yoast_head_json":{"title":"Apartments | Apartments in Szklarska Por\u0119ba | Wonder Home Apartments","description":"Wonder Home offers apartments located in the best locations in Szklarska Por\u0119ba. All are comfortably furnished, with meticulous attention to detail. Guests can relax while admiring the beauty of the Karkonosze Mountains and enjoying the attractions of Szklarska Por\u0119ba.","robots":{"index":"index","follow":"follow","max-snippet":"max-snippet:-1","max-image-preview":"max-image-preview:large","max-video-preview":"max-video-preview:-1"},"canonical":"https:\/\/wonderhome.eu\/en\/apartamenty\/apartamenty-sciegny\/","og_locale":"en_US","og_type":"article","og_title":"Apartamenty | Apartamenty w Szklarskiej Por\u0119bie | Apartamenty Wonder Home","og_description":"Wonder Home wynajmuje apartamenty zlokalizowane w najlepszych miejscach w Szklarskiej Por\u0119bie. Wszystkie s\u0105 urz\u0105dzone komfortowo, z wysok\u0105 dba\u0142o\u015bci\u0105 o ka\u017cdy szczeg\u00f3\u0142. Go\u015bcie mog\u0105 w nich wypocz\u0105\u0107 podziwiaj\u0105c pi\u0119kno Karkonoszy i ciesz\u0105c si\u0119 atrakcjami Szklarskiej Por\u0119by.","og_url":"https:\/\/wonderhome.eu\/en\/apartamenty\/apartamenty-sciegny\/","og_site_name":"Wonder Home","article_modified_time":"2026-02-23T14:00:05+00:00","og_image":[{"width":1248,"height":726,"url":"https:\/\/wonderhome.eu\/wp-content\/uploads\/2025\/09\/5-min.jpg","type":"image\/jpeg"}],"twitter_card":"summary_large_image","twitter_misc":{"Est. reading time":"1 minute"},"schema":{"@context":"https:\/\/schema.org","@graph":[{"@type":"WebPage","@id":"https:\/\/wonderhome.eu\/apartamenty\/apartamenty-sciegny","url":"https:\/\/wonderhome.eu\/apartamenty\/apartamenty-sciegny","name":"Apartments | Apartments in Szklarska Por\u0119ba | Wonder Home Apartments","isPartOf":{"@id":"https:\/\/wonderhome.eu\/#website"},"primaryImageOfPage":{"@id":"https:\/\/wonderhome.eu\/apartamenty\/apartamenty-sciegny#primaryimage"},"image":{"@id":"https:\/\/wonderhome.eu\/apartamenty\/apartamenty-sciegny#primaryimage"},"thumbnailUrl":"https:\/\/wonderhome.eu\/wp-content\/uploads\/2025\/09\/5-min.jpg","datePublished":"2024-09-03T06:29:46+00:00","dateModified":"2026-02-23T14:00:05+00:00","description":"Wonder Home offers apartments located in the best locations in Szklarska Por\u0119ba. All are comfortably furnished, with meticulous attention to detail. Guests can relax while admiring the beauty of the Karkonosze Mountains and enjoying the attractions of Szklarska Por\u0119ba.","breadcrumb":{"@id":"https:\/\/wonderhome.eu\/apartamenty\/apartamenty-sciegny#breadcrumb"},"inLanguage":"en-US","potentialAction":[{"@type":"ReadAction","target":["https:\/\/wonderhome.eu\/apartamenty\/apartamenty-sciegny"]}]},{"@type":"ImageObject","inLanguage":"en-US","@id":"https:\/\/wonderhome.eu\/apartamenty\/apartamenty-sciegny#primaryimage","url":"https:\/\/wonderhome.eu\/wp-content\/uploads\/2025\/09\/5-min.jpg","contentUrl":"https:\/\/wonderhome.eu\/wp-content\/uploads\/2025\/09\/5-min.jpg","width":1248,"height":726},{"@type":"BreadcrumbList","@id":"https:\/\/wonderhome.eu\/apartamenty\/apartamenty-sciegny#breadcrumb","itemListElement":[{"@type":"ListItem","position":1,"name":"Apartamenty","item":"https:\/\/wonderhome.eu\/apartamenty"},{"@type":"ListItem","position":2,"name":"Apartamenty \u015aci\u0119gny"}]},{"@type":"WebSite","@id":"https:\/\/wonderhome.eu\/#website","url":"https:\/\/wonderhome.eu\/","name":"Wonder Home","description":"","potentialAction":[{"@type":"SearchAction","target":{"@type":"EntryPoint","urlTemplate":"https:\/\/wonderhome.eu\/?s={search_term_string}"},"query-input":{"@type":"PropertyValueSpecification","valueRequired":true,"valueName":"search_term_string"}}],"inLanguage":"en-US"}]}},"_links":{"self":[{"href":"https:\/\/wonderhome.eu\/en\/wp-json\/wp\/v2\/pages\/3355","targetHints":{"allow":["GET"]}}],"collection":[{"href":"https:\/\/wonderhome.eu\/en\/wp-json\/wp\/v2\/pages"}],"about":[{"href":"https:\/\/wonderhome.eu\/en\/wp-json\/wp\/v2\/types\/page"}],"author":[{"embeddable":true,"href":"https:\/\/wonderhome.eu\/en\/wp-json\/wp\/v2\/users\/3"}],"replies":[{"embeddable":true,"href":"https:\/\/wonderhome.eu\/en\/wp-json\/wp\/v2\/comments?post=3355"}],"version-history":[{"count":1,"href":"https:\/\/wonderhome.eu\/en\/wp-json\/wp\/v2\/pages\/3355\/revisions"}],"predecessor-version":[{"id":7129,"href":"https:\/\/wonderhome.eu\/en\/wp-json\/wp\/v2\/pages\/3355\/revisions\/7129"}],"up":[{"embeddable":true,"href":"https:\/\/wonderhome.eu\/en\/wp-json\/wp\/v2\/pages\/12"}],"wp:featuredmedia":[{"embeddable":true,"href":"https:\/\/wonderhome.eu\/en\/wp-json\/wp\/v2\/media\/7115"}],"wp:attachment":[{"href":"https:\/\/wonderhome.eu\/en\/wp-json\/wp\/v2\/media?parent=3355"}],"curies":[{"name":"wp","href":"https:\/\/api.w.org\/{rel}","templated":true}]}}