{"id":3563,"date":"2024-10-19T13:58:17","date_gmt":"2024-10-19T11:58:17","guid":{"rendered":"https:\/\/wonderhome.eu\/?page_id=3563"},"modified":"2025-10-21T11:11:30","modified_gmt":"2025-10-21T09:11:30","slug":"drewno-do-kominka","status":"publish","type":"page","link":"https:\/\/wonderhome.eu\/en\/drewno-do-kominka","title":{"rendered":"Firewood for the fireplace"},"content":{"rendered":"<p class=\"has-text-align-center\"><\/p>\n\n\n\n<div class=\"wp-block-media-text is-stacked-on-mobile\"><figure class=\"wp-block-media-text__media\"><img loading=\"lazy\" decoding=\"async\" width=\"1024\" height=\"776\" src=\"https:\/\/wonderhome.eu\/wp-content\/uploads\/2024\/10\/Kopia-Elizat-\u2013-Wonder-World-idea-1-1-1024x776.png\" alt=\"\" class=\"wp-image-3527 size-full\" srcset=\"https:\/\/wonderhome.eu\/wp-content\/uploads\/2024\/10\/Kopia-Elizat-\u2013-Wonder-World-idea-1-1-1024x776.png 1024w, https:\/\/wonderhome.eu\/wp-content\/uploads\/2024\/10\/Kopia-Elizat-\u2013-Wonder-World-idea-1-1-300x227.png 300w, https:\/\/wonderhome.eu\/wp-content\/uploads\/2024\/10\/Kopia-Elizat-\u2013-Wonder-World-idea-1-1-768x582.png 768w, https:\/\/wonderhome.eu\/wp-content\/uploads\/2024\/10\/Kopia-Elizat-\u2013-Wonder-World-idea-1-1-16x12.png 16w, https:\/\/wonderhome.eu\/wp-content\/uploads\/2024\/10\/Kopia-Elizat-\u2013-Wonder-World-idea-1-1.png 1426w\" sizes=\"auto, (max-width: 1024px) 100vw, 1024px\" \/><\/figure><div class=\"wp-block-media-text__content\">\n<h2 class=\"wp-block-heading has-text-align-center has-text-color has-link-color wp-elements-19b49b587abfe8545a03d23d6c5b67ee\" id=\"g\u00f3ra\" style=\"color:#d7a97d;font-size:28px\">Firewood for the fireplace<\/h2>\n\n\n\n<div style=\"height:22px\" aria-hidden=\"true\" class=\"wp-block-spacer\"><\/div>\n\n\n\n<p class=\"has-text-align-left has-text-color has-link-color wp-elements-8a9fbf782cbafb39c254282376874191\" style=\"color:#775740;font-size:23px\"><strong>Warm up on cool evenings and create a magical atmosphere in your Wonder Home apartment!<\/strong><\/p>\n\n\n\n<p style=\"font-size:16px\">It has started <strong>fireplace season<\/strong>, that&#039;s why we have prepared for you <strong>a convenient option for purchasing high-quality fireplace wood. <\/strong><\/p>\n\n\n\n<p style=\"font-size:16px\"><strong>Order bags of wood<\/strong> <strong>to the fireplace directly from us<\/strong> and enjoy cozy evenings spent to the sound of a crackling fire.<\/p>\n\n\n\n<p style=\"font-size:16px\"><strong>We will deliver the wood straight to your apartment door<\/strong>so you can fully relax during your stay at Wonder Home.<\/p>\n\n\n\n<div style=\"height:26px\" aria-hidden=\"true\" class=\"wp-block-spacer\"><\/div>\n\n\n\n<h2 class=\"wp-block-heading has-text-align-center has-text-color has-link-color wp-elements-db9dbdaf672a117161e3f718f490319f\" style=\"color:#d7a97d\">Call and order!<\/h2>\n\n\n\n<div style=\"height:21px\" aria-hidden=\"true\" class=\"wp-block-spacer\"><\/div>\n\n\n\n<div class=\"wp-block-buttons is-horizontal is-content-justification-center is-layout-flex wp-container-core-buttons-is-layout-499968f5 wp-block-buttons-is-layout-flex\">\n<div class=\"wp-block-button is-style-primary is-style-outline is-style-outline--1\"><a class=\"wp-block-button__link has-white-color has-text-color has-background has-link-color wp-element-button\" href=\"tel:+48785913913\" style=\"border-radius:22px;background-color:#d7a97d\"><strong>+48<\/strong> <strong>785-913-319<\/strong><\/a><\/div>\n<\/div>\n\n\n\n<div style=\"height:39px\" aria-hidden=\"true\" class=\"wp-block-spacer\"><\/div>\n<\/div><\/div>\n\n\n\n<div style=\"height:39px\" aria-hidden=\"true\" class=\"wp-block-spacer\"><\/div>\n\n\n\n<div class=\"wp-block-media-text has-media-on-the-right is-stacked-on-mobile\"><div class=\"wp-block-media-text__content\">\n<p class=\"has-text-align-center has-text-color has-link-color wp-elements-7962a59a382df8f8683b6698df7885b7\" style=\"color:#775740;font-size:25px\"><strong>PRICE-LIST <\/strong><\/p>\n\n\n\n<p class=\"has-text-align-center\" style=\"font-size:16px\"><strong>Two bags of firewood (delivered to your door)<\/strong>&nbsp;\u2013 78 PLN<\/p>\n\n\n\n<p class=\"has-text-align-center has-text-color has-link-color has-medium-font-size wp-elements-e3049699272f5a802b96123abda92f98\" style=\"color:#8a3434\"><strong>FREE DELIVERY!<\/strong>*<\/p>\n\n\n\n<p class=\"has-text-align-center has-text-color has-link-color wp-elements-54d7ac50b6493e0dbaceff951fed703b\" style=\"color:#d7a97d;font-size:22px\"><strong>Buy firewood conveniently at reception or order delivery straight to your apartment!<\/strong><\/p>\n\n\n\n<div class=\"wp-block-buttons is-horizontal is-content-justification-center is-layout-flex wp-container-core-buttons-is-layout-499968f5 wp-block-buttons-is-layout-flex\">\n<div class=\"wp-block-button is-style-primary is-style-outline is-style-outline--2\"><a class=\"wp-block-button__link has-white-color has-text-color has-background has-link-color wp-element-button\" href=\"tel:+48785913913\" style=\"border-radius:22px;background-color:#d7a97d\"><strong>+48<\/strong> <strong>785-913-319<\/strong><\/a><\/div>\n<\/div>\n\n\n\n<div style=\"height:39px\" aria-hidden=\"true\" class=\"wp-block-spacer\"><\/div>\n\n\n\n<p class=\"has-text-align-center\"><\/p>\n\n\n\n<p class=\"has-text-align-left\" style=\"font-size:20px\">*<strong>We deliver bags of wood to your apartment door only between 4:00 p.m. and 6:00 p.m.<\/strong>!<\/p>\n\n\n\n<p class=\"has-text-align-left\" style=\"font-size:16px\">*During other hours, please collect your order in person at the Wonder Home reception at 17 Konstytucji 3 Maja Street. Open daily from 9:00 a.m. to 7:00 p.m.<\/p>\n\n\n\n<div style=\"height:23px\" aria-hidden=\"true\" class=\"wp-block-spacer\"><\/div>\n<\/div><figure class=\"wp-block-media-text__media\"><img loading=\"lazy\" decoding=\"async\" width=\"1024\" height=\"704\" src=\"https:\/\/wonderhome.eu\/wp-content\/uploads\/2024\/10\/hh-2-1024x704.png\" alt=\"\" class=\"wp-image-3561 size-full\" srcset=\"https:\/\/wonderhome.eu\/wp-content\/uploads\/2024\/10\/hh-2-1024x704.png 1024w, https:\/\/wonderhome.eu\/wp-content\/uploads\/2024\/10\/hh-2-300x206.png 300w, https:\/\/wonderhome.eu\/wp-content\/uploads\/2024\/10\/hh-2-768x528.png 768w, https:\/\/wonderhome.eu\/wp-content\/uploads\/2024\/10\/hh-2-1536x1055.png 1536w, https:\/\/wonderhome.eu\/wp-content\/uploads\/2024\/10\/hh-2-18x12.png 18w, https:\/\/wonderhome.eu\/wp-content\/uploads\/2024\/10\/hh-2.png 1556w\" sizes=\"auto, (max-width: 1024px) 100vw, 1024px\" \/><\/figure><\/div>\n\n\n\n<div style=\"height:100px\" aria-hidden=\"true\" class=\"wp-block-spacer\"><\/div>\n\n\n\n<div class=\"wp-block-buttons is-content-justification-center is-layout-flex wp-container-core-buttons-is-layout-16018d1d wp-block-buttons-is-layout-flex\">\n<div class=\"wp-block-button\"><a class=\"wp-block-button__link has-background has-text-align-center wp-element-button\" href=\"#g\u00f3ra\" style=\"background-color:#d7a97d\"><strong>Return<\/strong><\/a><\/div>\n<\/div>\n\n\n\n<div style=\"height:100px\" aria-hidden=\"true\" class=\"wp-block-spacer\"><\/div>","protected":false},"excerpt":{"rendered":"","protected":false},"author":12,"featured_media":3621,"parent":0,"menu_order":0,"comment_status":"closed","ping_status":"closed","template":"","meta":{"_acf_changed":false,"footnotes":""},"class_list":["post-3563","page","type-page","status-publish","has-post-thumbnail","hentry"],"acf":[],"yoast_head":"<!-- This site is optimized with the Yoast SEO plugin v27.4 - https:\/\/yoast.com\/product\/yoast-seo-wordpress\/ -->\n<title>Drewno do kominka - Wonder Home<\/title>\n<meta name=\"description\" content=\"Zam\u00f3w 2 worki drewna z dostaw\u0105 pod drzwi apartamentu za 75 z\u0142 i ciesz si\u0119 wyj\u0105tkow\u0105 atmosfer\u0105 podczas swojego pobytu w Wonder Home!\" \/>\n<meta name=\"robots\" content=\"index, follow, max-snippet:-1, max-image-preview:large, max-video-preview:-1\" \/>\n<link rel=\"canonical\" href=\"https:\/\/wonderhome.eu\/en\/drewno-do-kominka\/\" \/>\n<meta property=\"og:locale\" content=\"en_US\" \/>\n<meta property=\"og:type\" content=\"article\" \/>\n<meta property=\"og:title\" content=\"Drewno do kominka - Wonder Home\" \/>\n<meta property=\"og:description\" content=\"Zam\u00f3w 2 worki drewna z dostaw\u0105 pod drzwi apartamentu za 75 z\u0142 i ciesz si\u0119 wyj\u0105tkow\u0105 atmosfer\u0105 podczas swojego pobytu w Wonder Home!\" \/>\n<meta property=\"og:url\" content=\"https:\/\/wonderhome.eu\/en\/drewno-do-kominka\/\" \/>\n<meta property=\"og:site_name\" content=\"Wonder Home\" \/>\n<meta property=\"article:modified_time\" content=\"2025-10-21T09:11:30+00:00\" \/>\n<meta property=\"og:image\" content=\"https:\/\/wonderhome.eu\/wp-content\/uploads\/2024\/10\/25.png\" \/>\n\t<meta property=\"og:image:width\" content=\"1366\" \/>\n\t<meta property=\"og:image:height\" content=\"768\" \/>\n\t<meta property=\"og:image:type\" content=\"image\/png\" \/>\n<meta name=\"twitter:card\" content=\"summary_large_image\" \/>\n<meta name=\"twitter:label1\" content=\"Est. reading time\" \/>\n\t<meta name=\"twitter:data1\" content=\"3 minutes\" \/>\n<script type=\"application\/ld+json\" class=\"yoast-schema-graph\">{\"@context\":\"https:\\\/\\\/schema.org\",\"@graph\":[{\"@type\":\"WebPage\",\"@id\":\"https:\\\/\\\/wonderhome.eu\\\/drewno-do-kominka\",\"url\":\"https:\\\/\\\/wonderhome.eu\\\/drewno-do-kominka\",\"name\":\"Drewno do kominka - Wonder Home\",\"isPartOf\":{\"@id\":\"https:\\\/\\\/wonderhome.eu\\\/#website\"},\"primaryImageOfPage\":{\"@id\":\"https:\\\/\\\/wonderhome.eu\\\/drewno-do-kominka#primaryimage\"},\"image\":{\"@id\":\"https:\\\/\\\/wonderhome.eu\\\/drewno-do-kominka#primaryimage\"},\"thumbnailUrl\":\"https:\\\/\\\/wonderhome.eu\\\/wp-content\\\/uploads\\\/2024\\\/10\\\/25.png\",\"datePublished\":\"2024-10-19T11:58:17+00:00\",\"dateModified\":\"2025-10-21T09:11:30+00:00\",\"description\":\"Zam\u00f3w 2 worki drewna z dostaw\u0105 pod drzwi apartamentu za 75 z\u0142 i ciesz si\u0119 wyj\u0105tkow\u0105 atmosfer\u0105 podczas swojego pobytu w Wonder Home!\",\"inLanguage\":\"en-US\",\"potentialAction\":[{\"@type\":\"ReadAction\",\"target\":[\"https:\\\/\\\/wonderhome.eu\\\/drewno-do-kominka\"]}]},{\"@type\":\"ImageObject\",\"inLanguage\":\"en-US\",\"@id\":\"https:\\\/\\\/wonderhome.eu\\\/drewno-do-kominka#primaryimage\",\"url\":\"https:\\\/\\\/wonderhome.eu\\\/wp-content\\\/uploads\\\/2024\\\/10\\\/25.png\",\"contentUrl\":\"https:\\\/\\\/wonderhome.eu\\\/wp-content\\\/uploads\\\/2024\\\/10\\\/25.png\",\"width\":1366,\"height\":768,\"caption\":\"Ogie\u0144 w kominku\"},{\"@type\":\"WebSite\",\"@id\":\"https:\\\/\\\/wonderhome.eu\\\/#website\",\"url\":\"https:\\\/\\\/wonderhome.eu\\\/\",\"name\":\"Wonder Home\",\"description\":\"\",\"potentialAction\":[{\"@type\":\"SearchAction\",\"target\":{\"@type\":\"EntryPoint\",\"urlTemplate\":\"https:\\\/\\\/wonderhome.eu\\\/?s={search_term_string}\"},\"query-input\":{\"@type\":\"PropertyValueSpecification\",\"valueRequired\":true,\"valueName\":\"search_term_string\"}}],\"inLanguage\":\"en-US\"}]}<\/script>\n<!-- \/ Yoast SEO plugin. -->","yoast_head_json":{"title":"Firewood - Wonder Home","description":"Order 2 bags of wood delivered to your apartment door for PLN 75 and enjoy the unique atmosphere during your stay at Wonder Home!","robots":{"index":"index","follow":"follow","max-snippet":"max-snippet:-1","max-image-preview":"max-image-preview:large","max-video-preview":"max-video-preview:-1"},"canonical":"https:\/\/wonderhome.eu\/en\/drewno-do-kominka\/","og_locale":"en_US","og_type":"article","og_title":"Drewno do kominka - Wonder Home","og_description":"Zam\u00f3w 2 worki drewna z dostaw\u0105 pod drzwi apartamentu za 75 z\u0142 i ciesz si\u0119 wyj\u0105tkow\u0105 atmosfer\u0105 podczas swojego pobytu w Wonder Home!","og_url":"https:\/\/wonderhome.eu\/en\/drewno-do-kominka\/","og_site_name":"Wonder Home","article_modified_time":"2025-10-21T09:11:30+00:00","og_image":[{"width":1366,"height":768,"url":"https:\/\/wonderhome.eu\/wp-content\/uploads\/2024\/10\/25.png","type":"image\/png"}],"twitter_card":"summary_large_image","twitter_misc":{"Est. reading time":"3 minutes"},"schema":{"@context":"https:\/\/schema.org","@graph":[{"@type":"WebPage","@id":"https:\/\/wonderhome.eu\/drewno-do-kominka","url":"https:\/\/wonderhome.eu\/drewno-do-kominka","name":"Firewood - Wonder Home","isPartOf":{"@id":"https:\/\/wonderhome.eu\/#website"},"primaryImageOfPage":{"@id":"https:\/\/wonderhome.eu\/drewno-do-kominka#primaryimage"},"image":{"@id":"https:\/\/wonderhome.eu\/drewno-do-kominka#primaryimage"},"thumbnailUrl":"https:\/\/wonderhome.eu\/wp-content\/uploads\/2024\/10\/25.png","datePublished":"2024-10-19T11:58:17+00:00","dateModified":"2025-10-21T09:11:30+00:00","description":"Order 2 bags of wood delivered to your apartment door for PLN 75 and enjoy the unique atmosphere during your stay at Wonder Home!","inLanguage":"en-US","potentialAction":[{"@type":"ReadAction","target":["https:\/\/wonderhome.eu\/drewno-do-kominka"]}]},{"@type":"ImageObject","inLanguage":"en-US","@id":"https:\/\/wonderhome.eu\/drewno-do-kominka#primaryimage","url":"https:\/\/wonderhome.eu\/wp-content\/uploads\/2024\/10\/25.png","contentUrl":"https:\/\/wonderhome.eu\/wp-content\/uploads\/2024\/10\/25.png","width":1366,"height":768,"caption":"Ogie\u0144 w kominku"},{"@type":"WebSite","@id":"https:\/\/wonderhome.eu\/#website","url":"https:\/\/wonderhome.eu\/","name":"Wonder Home","description":"","potentialAction":[{"@type":"SearchAction","target":{"@type":"EntryPoint","urlTemplate":"https:\/\/wonderhome.eu\/?s={search_term_string}"},"query-input":{"@type":"PropertyValueSpecification","valueRequired":true,"valueName":"search_term_string"}}],"inLanguage":"en-US"}]}},"_links":{"self":[{"href":"https:\/\/wonderhome.eu\/en\/wp-json\/wp\/v2\/pages\/3563","targetHints":{"allow":["GET"]}}],"collection":[{"href":"https:\/\/wonderhome.eu\/en\/wp-json\/wp\/v2\/pages"}],"about":[{"href":"https:\/\/wonderhome.eu\/en\/wp-json\/wp\/v2\/types\/page"}],"author":[{"embeddable":true,"href":"https:\/\/wonderhome.eu\/en\/wp-json\/wp\/v2\/users\/12"}],"replies":[{"embeddable":true,"href":"https:\/\/wonderhome.eu\/en\/wp-json\/wp\/v2\/comments?post=3563"}],"version-history":[{"count":1,"href":"https:\/\/wonderhome.eu\/en\/wp-json\/wp\/v2\/pages\/3563\/revisions"}],"predecessor-version":[{"id":7525,"href":"https:\/\/wonderhome.eu\/en\/wp-json\/wp\/v2\/pages\/3563\/revisions\/7525"}],"wp:featuredmedia":[{"embeddable":true,"href":"https:\/\/wonderhome.eu\/en\/wp-json\/wp\/v2\/media\/3621"}],"wp:attachment":[{"href":"https:\/\/wonderhome.eu\/en\/wp-json\/wp\/v2\/media?parent=3563"}],"curies":[{"name":"wp","href":"https:\/\/api.w.org\/{rel}","templated":true}]}}