{"id":3671,"date":"2024-10-25T15:58:40","date_gmt":"2024-10-25T13:58:40","guid":{"rendered":"https:\/\/wonderhome.eu\/?page_id=3671"},"modified":"2025-11-26T14:12:15","modified_gmt":"2025-11-26T13:12:15","slug":"idea-wonder-world","status":"publish","type":"page","link":"https:\/\/wonderhome.eu\/en\/idea-wonder-world","title":{"rendered":"Wonder World Idea"},"content":{"rendered":"<div class=\"wp-block-columns is-layout-flex wp-container-core-columns-is-layout-9d6595d7 wp-block-columns-is-layout-flex\">\n<div class=\"wp-block-column is-layout-flow wp-block-column-is-layout-flow\" style=\"flex-basis:25%\"><\/div>\n\n\n\n<div class=\"wp-block-column is-layout-flow wp-block-column-is-layout-flow\" style=\"flex-basis:50%\">\n<h2 class=\"wp-block-heading has-text-align-center\" id=\"g\u00f3ra\">Wonder World is a hermetic <strong><span style=\"color:#d7a97d;\">a world reserved exclusively for guests<\/span><\/strong> Wonder Home, where you will find literally everything you might need while relaxing in comfortable apartments.<\/h2>\n\n\n\n<div style=\"height:61px\" aria-hidden=\"true\" class=\"wp-block-spacer\"><\/div>\n<\/div>\n\n\n\n<div class=\"wp-block-column is-layout-flow wp-block-column-is-layout-flow\" style=\"flex-basis:25%\"><\/div>\n<\/div>\n\n\n\n<div class=\"wp-block-columns is-layout-flex wp-container-core-columns-is-layout-9d6595d7 wp-block-columns-is-layout-flex\">\n<div class=\"wp-block-column is-layout-flow wp-block-column-is-layout-flow\" style=\"flex-basis:15%\"><\/div>\n\n\n\n<div class=\"wp-block-column is-layout-flow wp-block-column-is-layout-flow\" style=\"flex-basis:70%\">\n<div class=\"wp-block-media-text is-stacked-on-mobile\" style=\"grid-template-columns:40% auto\"><figure class=\"wp-block-media-text__media\"><img loading=\"lazy\" decoding=\"async\" width=\"1024\" height=\"746\" src=\"https:\/\/wonderhome.eu\/wp-content\/uploads\/2025\/10\/Tapety-rozne-98-min-1024x746.jpg\" alt=\"\" class=\"wp-image-7467 size-full\" srcset=\"https:\/\/wonderhome.eu\/wp-content\/uploads\/2025\/10\/Tapety-rozne-98-min-1024x746.jpg 1024w, https:\/\/wonderhome.eu\/wp-content\/uploads\/2025\/10\/Tapety-rozne-98-min-300x218.jpg 300w, https:\/\/wonderhome.eu\/wp-content\/uploads\/2025\/10\/Tapety-rozne-98-min-768x559.jpg 768w, https:\/\/wonderhome.eu\/wp-content\/uploads\/2025\/10\/Tapety-rozne-98-min-16x12.jpg 16w, https:\/\/wonderhome.eu\/wp-content\/uploads\/2025\/10\/Tapety-rozne-98-min.jpg 1254w\" sizes=\"auto, (max-width: 1024px) 100vw, 1024px\" \/><\/figure><div class=\"wp-block-media-text__content\">\n<h1 class=\"wp-block-heading has-text-align-left has-text-color has-link-color wp-elements-6828cb5e7210e22bf778c9478113e1ea\" id=\"g\u00f3ra\" style=\"color:#d7a97d;font-size:24px\"><strong>At Wonder Home, we take care of every aspect of your stay, which is why we have put together a comprehensive package of offers!<\/strong><\/h1>\n\n\n\n<p style=\"font-size:16px\">Do you want to order? <strong>food<\/strong> straight to the apartment? Or maybe you feel like organizing <strong>trips<\/strong>? You need <strong>taxis<\/strong>? Are you looking for <strong>ski instructor<\/strong>? How about a visit to <strong>SPA<\/strong>? You are going to the mountains and you haven&#039;t thought about <strong>insurance<\/strong>? No problem. We thought of it for you. <\/p>\n\n\n\n<p class=\"has-text-align-left has-text-color has-link-color has-medium-font-size wp-elements-8e72b4b1ebf149f837f568ad13cf3a15\" style=\"color:#3c3939\"><strong>All this and much more await you during your stay at Wonder Home!<\/strong><\/p>\n\n\n\n<div style=\"height:0px\" aria-hidden=\"true\" class=\"wp-block-spacer\"><\/div>\n<\/div><\/div>\n<\/div>\n\n\n\n<div class=\"wp-block-column is-layout-flow wp-block-column-is-layout-flow\" style=\"flex-basis:15%\"><\/div>\n<\/div>\n\n\n\n<div style=\"height:60px\" aria-hidden=\"true\" class=\"wp-block-spacer\"><\/div>\n\n\n\n<div style=\"height:0px\" aria-hidden=\"true\" class=\"wp-block-spacer\"><\/div>\n\n\n\n<div class=\"wp-block-cover alignfull\" style=\"min-height:214px;aspect-ratio:unset;\"><img loading=\"lazy\" decoding=\"async\" width=\"1920\" height=\"1080\" class=\"wp-block-cover__image-background wp-image-4411\" alt=\"\" src=\"https:\/\/wonderhome.eu\/wp-content\/uploads\/2024\/11\/Projekt-bez-nazwy-22-1.png\" data-object-fit=\"cover\" srcset=\"https:\/\/wonderhome.eu\/wp-content\/uploads\/2024\/11\/Projekt-bez-nazwy-22-1.png 1920w, https:\/\/wonderhome.eu\/wp-content\/uploads\/2024\/11\/Projekt-bez-nazwy-22-1-300x169.png 300w, https:\/\/wonderhome.eu\/wp-content\/uploads\/2024\/11\/Projekt-bez-nazwy-22-1-1024x576.png 1024w, https:\/\/wonderhome.eu\/wp-content\/uploads\/2024\/11\/Projekt-bez-nazwy-22-1-768x432.png 768w, https:\/\/wonderhome.eu\/wp-content\/uploads\/2024\/11\/Projekt-bez-nazwy-22-1-1536x864.png 1536w, https:\/\/wonderhome.eu\/wp-content\/uploads\/2024\/11\/Projekt-bez-nazwy-22-1-18x10.png 18w\" sizes=\"auto, (max-width: 1920px) 100vw, 1920px\" \/><span aria-hidden=\"true\" class=\"wp-block-cover__background has-background-dim\" style=\"background-color:#6283a1\"><\/span><div class=\"wp-block-cover__inner-container is-layout-constrained wp-block-cover-is-layout-constrained\">\n<p class=\"has-text-align-center has-large-font-size\">Check out what we have prepared for you:<\/p>\n<\/div><\/div>\n\n\n\n<div class=\"wp-block-columns is-layout-flex wp-container-core-columns-is-layout-9d6595d7 wp-block-columns-is-layout-flex\">\n<div class=\"wp-block-column is-layout-flow wp-block-column-is-layout-flow\" style=\"flex-basis:15%\"><\/div>\n\n\n\n<div class=\"wp-block-column is-layout-flow wp-block-column-is-layout-flow\" style=\"flex-basis:70%\">\n<div style=\"height:1px\" aria-hidden=\"true\" class=\"wp-block-spacer\"><\/div>\n\n\n\n<div style=\"height:40px\" aria-hidden=\"true\" class=\"wp-block-spacer\"><\/div>\n\n\n\n<div class=\"wp-block-media-text is-stacked-on-mobile\" style=\"grid-template-columns:30% auto\" id=\"food\"><figure class=\"wp-block-media-text__media\"><img loading=\"lazy\" decoding=\"async\" width=\"500\" height=\"500\" src=\"https:\/\/wonderhome.eu\/wp-content\/uploads\/2024\/10\/5.png\" alt=\"\" class=\"wp-image-3701 size-full\" srcset=\"https:\/\/wonderhome.eu\/wp-content\/uploads\/2024\/10\/5.png 500w, https:\/\/wonderhome.eu\/wp-content\/uploads\/2024\/10\/5-300x300.png 300w, https:\/\/wonderhome.eu\/wp-content\/uploads\/2024\/10\/5-150x150.png 150w, https:\/\/wonderhome.eu\/wp-content\/uploads\/2024\/10\/5-12x12.png 12w\" sizes=\"auto, (max-width: 500px) 100vw, 500px\" \/><\/figure><div class=\"wp-block-media-text__content\">\n<p class=\"has-text-align-left has-text-color has-link-color wp-elements-538b27edd03a241555be643eccfbcb8d\" style=\"color:#d7a97d;font-size:21px\"><strong>Wonder Food<\/strong> - <strong>Discover culinary gems in the area!<\/strong><\/p>\n\n\n\n<p><strong>Wonder Food <\/strong>offers a full culinary offering tailored to the needs and tastes of our guests. Discover unique places recommended by Wonder Home: <strong>restaurants, pizzerias, cafes and shops<\/strong>where you can eat deliciously and with character.<\/p>\n<\/div><\/div>\n\n\n\n<div class=\"wp-block-media-text has-media-on-the-right is-stacked-on-mobile\" style=\"grid-template-columns:auto 30%\" id=\"taxi\"><div class=\"wp-block-media-text__content\">\n<p class=\"has-text-align-left has-text-color has-link-color wp-elements-226d43d1e8cb5e66ca6e734ac5eb45b1\" style=\"color:#d7a97d;font-size:21px\"><strong>Comfortable transfers, trusted partners - meet Wonder Taxi!<\/strong><\/p>\n\n\n\n<p class=\"has-text-align-left\"><strong>Wonder Taxi is a guarantee of safe and comfortable transfers<\/strong> For our guests and partners, we offer transportation services, partnering with trusted drivers who ensure comfort and punctuality. Regardless of your travel destination, you&#039;ll reach your destination quickly and stress-free.<\/p>\n<\/div><figure class=\"wp-block-media-text__media\"><img loading=\"lazy\" decoding=\"async\" width=\"500\" height=\"500\" src=\"https:\/\/wonderhome.eu\/wp-content\/uploads\/2024\/10\/6.png\" alt=\"\" class=\"wp-image-3702 size-full\" srcset=\"https:\/\/wonderhome.eu\/wp-content\/uploads\/2024\/10\/6.png 500w, https:\/\/wonderhome.eu\/wp-content\/uploads\/2024\/10\/6-300x300.png 300w, https:\/\/wonderhome.eu\/wp-content\/uploads\/2024\/10\/6-150x150.png 150w, https:\/\/wonderhome.eu\/wp-content\/uploads\/2024\/10\/6-12x12.png 12w\" sizes=\"auto, (max-width: 500px) 100vw, 500px\" \/><\/figure><\/div>\n\n\n\n<div class=\"wp-block-media-text is-stacked-on-mobile\" style=\"grid-template-columns:30% auto\" id=\"travel\"><figure class=\"wp-block-media-text__media\"><img loading=\"lazy\" decoding=\"async\" width=\"500\" height=\"500\" src=\"https:\/\/wonderhome.eu\/wp-content\/uploads\/2024\/10\/4.png\" alt=\"\" class=\"wp-image-3700 size-full\" srcset=\"https:\/\/wonderhome.eu\/wp-content\/uploads\/2024\/10\/4.png 500w, https:\/\/wonderhome.eu\/wp-content\/uploads\/2024\/10\/4-300x300.png 300w, https:\/\/wonderhome.eu\/wp-content\/uploads\/2024\/10\/4-150x150.png 150w, https:\/\/wonderhome.eu\/wp-content\/uploads\/2024\/10\/4-12x12.png 12w\" sizes=\"auto, (max-width: 500px) 100vw, 500px\" \/><\/figure><div class=\"wp-block-media-text__content\">\n<p class=\"has-text-align-left has-text-color has-link-color wp-elements-b95c35de2cb442a3e9cb343398e10b2c\" style=\"color:#d7a97d;font-size:21px\"><strong>With Wonder Travel every trip is an adventure!<\/strong><\/p>\n\n\n\n<p class=\"has-text-align-left\">Take an unforgettable journey with <strong>Wonder Travel <\/strong>\u2013 from mountain hikes in the Karkonosze Mountains to trips to charming Prague. <strong>With us every trip is a great adventure.<\/strong> All routes are carefully selected to show the most beautiful corners of the region. <\/p>\n<\/div><\/div>\n\n\n\n<div class=\"wp-block-media-text has-media-on-the-right is-stacked-on-mobile\" style=\"grid-template-columns:auto 30%\" id=\"spa\"><div class=\"wp-block-media-text__content\">\n<p class=\"has-text-align-left has-text-color has-link-color wp-elements-16c57ebdc14ba5a43d1301224f2d4b6f\" style=\"color:#d7a97d;font-size:21px\"><strong>Wonder SPA - A kingdom of relaxation and renewal in the heart of the Karkonosze Mountains<\/strong><\/p>\n\n\n\n<p class=\"has-text-align-left\"><strong>Wonder SPA<\/strong> is a unique offer for Wonder Home guests - <strong>specially composed SPA packages for the best PRESTIGE SPA in Karpacz.<\/strong> Enjoy luxurious treatments that will renew your vitality, refresh your body and mind. Provide yourself and your loved ones with relaxation at the highest level.<\/p>\n<\/div><figure class=\"wp-block-media-text__media\"><img loading=\"lazy\" decoding=\"async\" width=\"500\" height=\"500\" src=\"https:\/\/wonderhome.eu\/wp-content\/uploads\/2024\/10\/9.png\" alt=\"\" class=\"wp-image-3696 size-full\" srcset=\"https:\/\/wonderhome.eu\/wp-content\/uploads\/2024\/10\/9.png 500w, https:\/\/wonderhome.eu\/wp-content\/uploads\/2024\/10\/9-300x300.png 300w, https:\/\/wonderhome.eu\/wp-content\/uploads\/2024\/10\/9-150x150.png 150w, https:\/\/wonderhome.eu\/wp-content\/uploads\/2024\/10\/9-12x12.png 12w\" sizes=\"auto, (max-width: 500px) 100vw, 500px\" \/><\/figure><\/div>\n\n\n\n<div class=\"wp-block-media-text is-stacked-on-mobile\" style=\"grid-template-columns:30% auto\" id=\"asekuracja\"><figure class=\"wp-block-media-text__media\"><img loading=\"lazy\" decoding=\"async\" width=\"500\" height=\"500\" src=\"https:\/\/wonderhome.eu\/wp-content\/uploads\/2024\/10\/8.png\" alt=\"\" class=\"wp-image-3695 size-full\" srcset=\"https:\/\/wonderhome.eu\/wp-content\/uploads\/2024\/10\/8.png 500w, https:\/\/wonderhome.eu\/wp-content\/uploads\/2024\/10\/8-300x300.png 300w, https:\/\/wonderhome.eu\/wp-content\/uploads\/2024\/10\/8-150x150.png 150w, https:\/\/wonderhome.eu\/wp-content\/uploads\/2024\/10\/8-12x12.png 12w\" sizes=\"auto, (max-width: 500px) 100vw, 500px\" \/><\/figure><div class=\"wp-block-media-text__content\">\n<p class=\"has-text-align-left has-text-color has-link-color wp-elements-e8ae10c505bdd047eb82dba9e3f33c96\" style=\"color:#d7a97d;font-size:21px\"><strong>Wonder Insurance - insurance that protects your dreams!<\/strong><\/p>\n\n\n\n<p class=\"has-text-align-left\"><strong>Wonder Belay<\/strong> is an insurance against accidents and liability for damages in the apartment. Our task is <strong>taking care of the comfort and safety of our guests<\/strong>, as well as apartment insurance against damage, flooding, fire and other accidental events.<\/p>\n<\/div><\/div>\n\n\n\n<div class=\"wp-block-media-text has-media-on-the-right is-stacked-on-mobile\" style=\"grid-template-columns:auto 30%\" id=\"lex\"><div class=\"wp-block-media-text__content\">\n<p class=\"has-text-align-center has-text-color has-link-color wp-elements-bf2079f488319e62215546be18947033\" style=\"color:#d7a97d;font-size:21px\"><strong>Wonder Lex - legal services<\/strong><\/p>\n\n\n\n<p class=\"has-text-align-left\"><strong>Wonder Lex<\/strong> are legal services that stand out<strong> individual approach and understanding the needs of our Guests and Partners<\/strong>We offer comprehensive support for Wonder Home services and protect our clients&#039; interests, focusing on efficiency and friendly service.<\/p>\n<\/div><figure class=\"wp-block-media-text__media\"><img loading=\"lazy\" decoding=\"async\" width=\"500\" height=\"500\" src=\"https:\/\/wonderhome.eu\/wp-content\/uploads\/2024\/10\/7.png\" alt=\"\" class=\"wp-image-3703 size-full\" srcset=\"https:\/\/wonderhome.eu\/wp-content\/uploads\/2024\/10\/7.png 500w, https:\/\/wonderhome.eu\/wp-content\/uploads\/2024\/10\/7-300x300.png 300w, https:\/\/wonderhome.eu\/wp-content\/uploads\/2024\/10\/7-150x150.png 150w, https:\/\/wonderhome.eu\/wp-content\/uploads\/2024\/10\/7-12x12.png 12w\" sizes=\"auto, (max-width: 500px) 100vw, 500px\" \/><\/figure><\/div>\n\n\n\n<div class=\"wp-block-media-text is-stacked-on-mobile\" style=\"grid-template-columns:30% auto\" id=\"group\"><figure class=\"wp-block-media-text__media\"><img loading=\"lazy\" decoding=\"async\" width=\"500\" height=\"500\" src=\"https:\/\/wonderhome.eu\/wp-content\/uploads\/2024\/10\/3.png\" alt=\"\" class=\"wp-image-3699 size-full\" srcset=\"https:\/\/wonderhome.eu\/wp-content\/uploads\/2024\/10\/3.png 500w, https:\/\/wonderhome.eu\/wp-content\/uploads\/2024\/10\/3-300x300.png 300w, https:\/\/wonderhome.eu\/wp-content\/uploads\/2024\/10\/3-150x150.png 150w, https:\/\/wonderhome.eu\/wp-content\/uploads\/2024\/10\/3-12x12.png 12w\" sizes=\"auto, (max-width: 500px) 100vw, 500px\" \/><\/figure><div class=\"wp-block-media-text__content\">\n<p class=\"has-text-align-left has-text-color has-link-color wp-elements-4e648f76429ae9971326d3fddb381390\" style=\"color:#d7a97d;font-size:21px\"><strong>Wonder Group - we organize your time, you create memories!<\/strong><\/p>\n\n\n\n<p class=\"has-text-align-left\"><strong>Wonder Group specializes in organizing group stays.<\/strong> We offer a full package of activities tailored to a variety of needs. Whether it&#039;s a corporate team-building trip, a family gathering, or a friendly mountain getaway, we&#039;ll take care of every detail!<\/p>\n<\/div><\/div>\n\n\n\n<div class=\"wp-block-media-text has-media-on-the-right is-stacked-on-mobile\" style=\"grid-template-columns:auto 30%\" id=\"ski\"><div class=\"wp-block-media-text__content\">\n<p class=\"has-text-align-left has-text-color has-link-color wp-elements-6a707e24354d7f6b518e406097f1daa0\" style=\"color:#d7a97d;font-size:21px\"><strong>Discover winter fun with Wonder Ski!<\/strong><\/p>\n\n\n\n<p class=\"has-text-align-left\"><strong>Wonder Ski<\/strong> is a comprehensive offer of skiing lessons conducted by<strong> professional instructors<\/strong>, and also <strong>organized trips to the best slopes in Karpacz<\/strong>. Thanks to our knowledge and experience, everyone, from beginners to advanced, will find something for themselves.<\/p>\n<\/div><figure class=\"wp-block-media-text__media\"><img loading=\"lazy\" decoding=\"async\" width=\"500\" height=\"500\" src=\"https:\/\/wonderhome.eu\/wp-content\/uploads\/2024\/10\/2.png\" alt=\"\" class=\"wp-image-3698 size-full\" srcset=\"https:\/\/wonderhome.eu\/wp-content\/uploads\/2024\/10\/2.png 500w, https:\/\/wonderhome.eu\/wp-content\/uploads\/2024\/10\/2-300x300.png 300w, https:\/\/wonderhome.eu\/wp-content\/uploads\/2024\/10\/2-150x150.png 150w, https:\/\/wonderhome.eu\/wp-content\/uploads\/2024\/10\/2-12x12.png 12w\" sizes=\"auto, (max-width: 500px) 100vw, 500px\" \/><\/figure><\/div>\n\n\n\n<div class=\"wp-block-media-text is-stacked-on-mobile\" style=\"grid-template-columns:30% auto\" id=\"view\"><figure class=\"wp-block-media-text__media\"><img loading=\"lazy\" decoding=\"async\" width=\"500\" height=\"500\" src=\"https:\/\/wonderhome.eu\/wp-content\/uploads\/2024\/10\/10.png\" alt=\"\" class=\"wp-image-3697 size-full\" srcset=\"https:\/\/wonderhome.eu\/wp-content\/uploads\/2024\/10\/10.png 500w, https:\/\/wonderhome.eu\/wp-content\/uploads\/2024\/10\/10-300x300.png 300w, https:\/\/wonderhome.eu\/wp-content\/uploads\/2024\/10\/10-150x150.png 150w, https:\/\/wonderhome.eu\/wp-content\/uploads\/2024\/10\/10-12x12.png 12w\" sizes=\"auto, (max-width: 500px) 100vw, 500px\" \/><\/figure><div class=\"wp-block-media-text__content\">\n<p class=\"has-text-align-center has-text-color has-link-color wp-elements-e60b073f10cb4fae76d338ee7eabf2c9\" style=\"color:#d7a97d;font-size:21px\"><strong>Wonder View - Professional Interior Photography<\/strong><\/p>\n\n\n\n<p class=\"has-text-align-left\"><strong>Wonder View<\/strong> this <strong>professional photography of interiors, architecture and commercial spaces<\/strong>. Our photos not only document the appearance of interiors and facilities, but also convey their atmosphere and emotions, which helps attract attention and arouse interest among potential Guests and Clients.<\/p>\n<\/div><\/div>\n<\/div>\n\n\n\n<div class=\"wp-block-column is-layout-flow wp-block-column-is-layout-flow\"><\/div>\n\n\n\n<div class=\"wp-block-column is-layout-flow wp-block-column-is-layout-flow\" style=\"flex-basis:15%\"><\/div>\n<\/div>\n\n\n\n<div style=\"height:10px\" aria-hidden=\"true\" class=\"wp-block-spacer\"><\/div>\n\n\n\n<div style=\"height:60px\" aria-hidden=\"true\" class=\"wp-block-spacer\"><\/div>\n\n\n\n<div class=\"wp-block-buttons is-content-justification-center is-layout-flex wp-container-core-buttons-is-layout-16018d1d wp-block-buttons-is-layout-flex\">\n<div class=\"wp-block-button\"><a class=\"wp-block-button__link has-background has-text-align-center wp-element-button\" href=\"#g\u00f3ra\" style=\"background-color:#d7a97d\"><strong>Return<\/strong><\/a><\/div>\n<\/div>\n\n\n\n<div style=\"height:60px\" aria-hidden=\"true\" class=\"wp-block-spacer\"><\/div>","protected":false},"excerpt":{"rendered":"<p>Wonder World to hermetyczny \u015bwiat zastrze\u017cony wy\u0142\u0105cznie dla Go\u015bci Wonder Home, w kt\u00f3rym znajdziesz dos\u0142ownie wszystko czego mo\u017cesz potrzebowa\u0107 podczas wypoczynku w komfortowych apartamentach. W Wonder Home dbamy o ka\u017cdy aspekt Twojego pobytu, dlatego skomponowali\u015bmy kompleksowy pakiet ofert! Chcesz zam\u00f3wi\u0107 jedzenie prosto do apartamentu? A mo\u017ce masz dzi\u015b ochot\u0119 na zorganizowanie wycieczki? Potrzebujesz taks\u00f3wki? Szukasz [&hellip;]<\/p>\n","protected":false},"author":12,"featured_media":5155,"parent":0,"menu_order":0,"comment_status":"closed","ping_status":"closed","template":"","meta":{"_acf_changed":false,"footnotes":""},"class_list":["post-3671","page","type-page","status-publish","has-post-thumbnail","hentry"],"acf":[],"yoast_head":"<!-- This site is optimized with the Yoast SEO plugin v27.4 - https:\/\/yoast.com\/product\/yoast-seo-wordpress\/ -->\n<title>Idea Wonder World - Wonder Home<\/title>\n<meta name=\"description\" content=\"Idea Wonder World \u2013 odkryj kompleksow\u0105 ofert\u0119 dla Go\u015bci Wonder Home: od SPA po ubezpieczenia, a to wszystko na wyci\u0105gni\u0119cie r\u0119ki!\" \/>\n<meta name=\"robots\" content=\"index, follow, max-snippet:-1, max-image-preview:large, max-video-preview:-1\" \/>\n<link rel=\"canonical\" href=\"https:\/\/wonderhome.eu\/en\/idea-wonder-world\/\" \/>\n<meta property=\"og:locale\" content=\"en_US\" \/>\n<meta property=\"og:type\" content=\"article\" \/>\n<meta property=\"og:title\" content=\"Idea Wonder World - Wonder Home\" \/>\n<meta property=\"og:description\" content=\"Idea Wonder World \u2013 odkryj kompleksow\u0105 ofert\u0119 dla Go\u015bci Wonder Home: od SPA po ubezpieczenia, a to wszystko na wyci\u0105gni\u0119cie r\u0119ki!\" \/>\n<meta property=\"og:url\" content=\"https:\/\/wonderhome.eu\/en\/idea-wonder-world\/\" \/>\n<meta property=\"og:site_name\" content=\"Wonder Home\" \/>\n<meta property=\"article:modified_time\" content=\"2025-11-26T13:12:15+00:00\" \/>\n<meta property=\"og:image\" content=\"https:\/\/wonderhome.eu\/wp-content\/uploads\/2024\/11\/TAPETA-NA-TOP-60x30-34-min-scaled.jpg\" \/>\n\t<meta property=\"og:image:width\" content=\"1920\" \/>\n\t<meta property=\"og:image:height\" content=\"1080\" \/>\n\t<meta property=\"og:image:type\" content=\"image\/jpeg\" \/>\n<meta name=\"twitter:card\" content=\"summary_large_image\" \/>\n<meta name=\"twitter:label1\" content=\"Est. reading time\" \/>\n\t<meta name=\"twitter:data1\" content=\"6 minutes\" \/>\n<script type=\"application\/ld+json\" class=\"yoast-schema-graph\">{\"@context\":\"https:\\\/\\\/schema.org\",\"@graph\":[{\"@type\":\"WebPage\",\"@id\":\"https:\\\/\\\/wonderhome.eu\\\/idea-wonder-world\",\"url\":\"https:\\\/\\\/wonderhome.eu\\\/idea-wonder-world\",\"name\":\"Idea Wonder World - Wonder Home\",\"isPartOf\":{\"@id\":\"https:\\\/\\\/wonderhome.eu\\\/#website\"},\"primaryImageOfPage\":{\"@id\":\"https:\\\/\\\/wonderhome.eu\\\/idea-wonder-world#primaryimage\"},\"image\":{\"@id\":\"https:\\\/\\\/wonderhome.eu\\\/idea-wonder-world#primaryimage\"},\"thumbnailUrl\":\"https:\\\/\\\/wonderhome.eu\\\/wp-content\\\/uploads\\\/2024\\\/11\\\/TAPETA-NA-TOP-60x30-34-min-scaled.jpg\",\"datePublished\":\"2024-10-25T13:58:40+00:00\",\"dateModified\":\"2025-11-26T13:12:15+00:00\",\"description\":\"Idea Wonder World \u2013 odkryj kompleksow\u0105 ofert\u0119 dla Go\u015bci Wonder Home: od SPA po ubezpieczenia, a to wszystko na wyci\u0105gni\u0119cie r\u0119ki!\",\"inLanguage\":\"en-US\",\"potentialAction\":[{\"@type\":\"ReadAction\",\"target\":[\"https:\\\/\\\/wonderhome.eu\\\/idea-wonder-world\"]}]},{\"@type\":\"ImageObject\",\"inLanguage\":\"en-US\",\"@id\":\"https:\\\/\\\/wonderhome.eu\\\/idea-wonder-world#primaryimage\",\"url\":\"https:\\\/\\\/wonderhome.eu\\\/wp-content\\\/uploads\\\/2024\\\/11\\\/TAPETA-NA-TOP-60x30-34-min-scaled.jpg\",\"contentUrl\":\"https:\\\/\\\/wonderhome.eu\\\/wp-content\\\/uploads\\\/2024\\\/11\\\/TAPETA-NA-TOP-60x30-34-min-scaled.jpg\",\"width\":1920,\"height\":1080},{\"@type\":\"WebSite\",\"@id\":\"https:\\\/\\\/wonderhome.eu\\\/#website\",\"url\":\"https:\\\/\\\/wonderhome.eu\\\/\",\"name\":\"Wonder Home\",\"description\":\"\",\"potentialAction\":[{\"@type\":\"SearchAction\",\"target\":{\"@type\":\"EntryPoint\",\"urlTemplate\":\"https:\\\/\\\/wonderhome.eu\\\/?s={search_term_string}\"},\"query-input\":{\"@type\":\"PropertyValueSpecification\",\"valueRequired\":true,\"valueName\":\"search_term_string\"}}],\"inLanguage\":\"en-US\"}]}<\/script>\n<!-- \/ Yoast SEO plugin. -->","yoast_head_json":{"title":"The idea of Wonder World - Wonder Home","description":"Wonder World Idea \u2013 discover a comprehensive offer for Wonder Home guests: from SPA to insurance, all at your fingertips!","robots":{"index":"index","follow":"follow","max-snippet":"max-snippet:-1","max-image-preview":"max-image-preview:large","max-video-preview":"max-video-preview:-1"},"canonical":"https:\/\/wonderhome.eu\/en\/idea-wonder-world\/","og_locale":"en_US","og_type":"article","og_title":"Idea Wonder World - Wonder Home","og_description":"Idea Wonder World \u2013 odkryj kompleksow\u0105 ofert\u0119 dla Go\u015bci Wonder Home: od SPA po ubezpieczenia, a to wszystko na wyci\u0105gni\u0119cie r\u0119ki!","og_url":"https:\/\/wonderhome.eu\/en\/idea-wonder-world\/","og_site_name":"Wonder Home","article_modified_time":"2025-11-26T13:12:15+00:00","og_image":[{"width":1920,"height":1080,"url":"https:\/\/wonderhome.eu\/wp-content\/uploads\/2024\/11\/TAPETA-NA-TOP-60x30-34-min-scaled.jpg","type":"image\/jpeg"}],"twitter_card":"summary_large_image","twitter_misc":{"Est. reading time":"6 minutes"},"schema":{"@context":"https:\/\/schema.org","@graph":[{"@type":"WebPage","@id":"https:\/\/wonderhome.eu\/idea-wonder-world","url":"https:\/\/wonderhome.eu\/idea-wonder-world","name":"The idea of Wonder World - Wonder Home","isPartOf":{"@id":"https:\/\/wonderhome.eu\/#website"},"primaryImageOfPage":{"@id":"https:\/\/wonderhome.eu\/idea-wonder-world#primaryimage"},"image":{"@id":"https:\/\/wonderhome.eu\/idea-wonder-world#primaryimage"},"thumbnailUrl":"https:\/\/wonderhome.eu\/wp-content\/uploads\/2024\/11\/TAPETA-NA-TOP-60x30-34-min-scaled.jpg","datePublished":"2024-10-25T13:58:40+00:00","dateModified":"2025-11-26T13:12:15+00:00","description":"Wonder World Idea \u2013 discover a comprehensive offer for Wonder Home guests: from SPA to insurance, all at your fingertips!","inLanguage":"en-US","potentialAction":[{"@type":"ReadAction","target":["https:\/\/wonderhome.eu\/idea-wonder-world"]}]},{"@type":"ImageObject","inLanguage":"en-US","@id":"https:\/\/wonderhome.eu\/idea-wonder-world#primaryimage","url":"https:\/\/wonderhome.eu\/wp-content\/uploads\/2024\/11\/TAPETA-NA-TOP-60x30-34-min-scaled.jpg","contentUrl":"https:\/\/wonderhome.eu\/wp-content\/uploads\/2024\/11\/TAPETA-NA-TOP-60x30-34-min-scaled.jpg","width":1920,"height":1080},{"@type":"WebSite","@id":"https:\/\/wonderhome.eu\/#website","url":"https:\/\/wonderhome.eu\/","name":"Wonder Home","description":"","potentialAction":[{"@type":"SearchAction","target":{"@type":"EntryPoint","urlTemplate":"https:\/\/wonderhome.eu\/?s={search_term_string}"},"query-input":{"@type":"PropertyValueSpecification","valueRequired":true,"valueName":"search_term_string"}}],"inLanguage":"en-US"}]}},"_links":{"self":[{"href":"https:\/\/wonderhome.eu\/en\/wp-json\/wp\/v2\/pages\/3671","targetHints":{"allow":["GET"]}}],"collection":[{"href":"https:\/\/wonderhome.eu\/en\/wp-json\/wp\/v2\/pages"}],"about":[{"href":"https:\/\/wonderhome.eu\/en\/wp-json\/wp\/v2\/types\/page"}],"author":[{"embeddable":true,"href":"https:\/\/wonderhome.eu\/en\/wp-json\/wp\/v2\/users\/12"}],"replies":[{"embeddable":true,"href":"https:\/\/wonderhome.eu\/en\/wp-json\/wp\/v2\/comments?post=3671"}],"version-history":[{"count":17,"href":"https:\/\/wonderhome.eu\/en\/wp-json\/wp\/v2\/pages\/3671\/revisions"}],"predecessor-version":[{"id":7725,"href":"https:\/\/wonderhome.eu\/en\/wp-json\/wp\/v2\/pages\/3671\/revisions\/7725"}],"wp:featuredmedia":[{"embeddable":true,"href":"https:\/\/wonderhome.eu\/en\/wp-json\/wp\/v2\/media\/5155"}],"wp:attachment":[{"href":"https:\/\/wonderhome.eu\/en\/wp-json\/wp\/v2\/media?parent=3671"}],"curies":[{"name":"wp","href":"https:\/\/api.w.org\/{rel}","templated":true}]}}