{"id":3763,"date":"2024-10-30T15:26:48","date_gmt":"2024-10-30T14:26:48","guid":{"rendered":"https:\/\/wonderhome.eu\/?page_id=3763"},"modified":"2025-10-21T12:35:39","modified_gmt":"2025-10-21T10:35:39","slug":"sprzatanie-podczas-pobytu","status":"publish","type":"page","link":"https:\/\/wonderhome.eu\/en\/sprzatanie-podczas-pobytu","title":{"rendered":"Cleaning during your stay"},"content":{"rendered":"<p class=\"has-text-align-center\"><\/p>\n\n\n\n<div class=\"wp-block-media-text is-stacked-on-mobile\"><figure class=\"wp-block-media-text__media\"><img loading=\"lazy\" decoding=\"async\" width=\"1024\" height=\"687\" src=\"https:\/\/wonderhome.eu\/wp-content\/uploads\/2024\/10\/501-1024x687.jpg\" alt=\"\" class=\"wp-image-3801 size-full\" srcset=\"https:\/\/wonderhome.eu\/wp-content\/uploads\/2024\/10\/501-1024x687.jpg 1024w, https:\/\/wonderhome.eu\/wp-content\/uploads\/2024\/10\/501-300x201.jpg 300w, https:\/\/wonderhome.eu\/wp-content\/uploads\/2024\/10\/501-768x515.jpg 768w, https:\/\/wonderhome.eu\/wp-content\/uploads\/2024\/10\/501-18x12.jpg 18w, https:\/\/wonderhome.eu\/wp-content\/uploads\/2024\/10\/501.jpg 1255w\" sizes=\"auto, (max-width: 1024px) 100vw, 1024px\" \/><\/figure><div class=\"wp-block-media-text__content\">\n<div style=\"height:21px\" aria-hidden=\"true\" class=\"wp-block-spacer\"><\/div>\n\n\n\n<h2 class=\"wp-block-heading has-text-align-center has-text-color has-link-color wp-elements-1e2a24d5429460d67a8eb1d2cae5d94b\" id=\"g\u00f3ra\" style=\"color:#d7a97d;font-size:28px\">Cleaning during your stay<\/h2>\n\n\n\n<div style=\"height:21px\" aria-hidden=\"true\" class=\"wp-block-spacer\"><\/div>\n\n\n\n<p class=\"has-text-align-left has-text-color has-link-color wp-elements-79a965fff407f2be805f23e8b864097c\" style=\"color:#775740;font-size:22px\"><strong>Dreaming of your apartment being spotlessly clean at every stage of your stay? With Wonder Home, nothing is impossible!<\/strong><\/p>\n\n\n\n<p style=\"font-size:16px\">We offer <strong>comprehensive cleaning with change of bed linen and towels<\/strong>, ensuring the same standard of cleanliness as before our guests\u2019 arrival. <\/p>\n\n\n\n<p style=\"font-size:16px\"><strong>The price of the service depends on the specific apartment. <\/strong>\u2013 all the details can be found in its description (price for preparing the apartment).<\/p>\n\n\n\n<p style=\"font-size:16px\"><strong>Cleaning is only done when guests are not present.<\/strong>, after prior arrangements with the cleaning service. <\/p>\n\n\n\n<div style=\"height:26px\" aria-hidden=\"true\" class=\"wp-block-spacer\"><\/div>\n\n\n\n<h2 class=\"wp-block-heading has-text-align-center has-text-color has-link-color wp-elements-db9dbdaf672a117161e3f718f490319f\" style=\"color:#d7a97d\">Call and order!<\/h2>\n\n\n\n<div style=\"height:26px\" aria-hidden=\"true\" class=\"wp-block-spacer\"><\/div>\n\n\n\n<div class=\"wp-block-buttons is-horizontal is-content-justification-center is-layout-flex wp-container-core-buttons-is-layout-499968f5 wp-block-buttons-is-layout-flex\">\n<div class=\"wp-block-button is-style-primary is-style-outline is-style-outline--1\"><a class=\"wp-block-button__link has-white-color has-text-color has-background has-link-color wp-element-button\" href=\"tel:+48785913913\" style=\"border-radius:22px;background-color:#d7a97d\"><strong>+48<\/strong> <strong>785-913-319<\/strong><\/a><\/div>\n<\/div>\n\n\n\n<div style=\"height:49px\" aria-hidden=\"true\" class=\"wp-block-spacer\"><\/div>\n<\/div><\/div>\n\n\n\n<div style=\"height:49px\" aria-hidden=\"true\" class=\"wp-block-spacer\"><\/div>\n\n\n\n<div class=\"wp-block-media-text has-media-on-the-right is-stacked-on-mobile\"><div class=\"wp-block-media-text__content\">\n<p class=\"has-text-align-center has-text-color has-link-color wp-elements-7962a59a382df8f8683b6698df7885b7\" style=\"color:#775740;font-size:25px\"><strong>PRICE-LIST <\/strong><\/p>\n\n\n\n<p class=\"has-text-align-center\" style=\"font-size:16px\"><strong>Cleaning during your stay at the price stated in the description of each property <\/strong>(for preparing the apartment)*<\/p>\n\n\n\n<p class=\"has-text-align-center has-text-color has-link-color wp-elements-4cd260734d253eb936f9a9b02cc671d8\" style=\"color:#d7a97d;font-size:22px\"><strong>Make an appointment at your convenience and enjoy cleanliness without any effort<\/strong>!<\/p>\n\n\n\n<div class=\"wp-block-buttons is-horizontal is-content-justification-center is-layout-flex wp-container-core-buttons-is-layout-499968f5 wp-block-buttons-is-layout-flex\">\n<div class=\"wp-block-button is-style-primary is-style-outline is-style-outline--2\"><a class=\"wp-block-button__link has-white-color has-text-color has-background has-link-color wp-element-button\" href=\"tel:+48785913913\" style=\"border-radius:22px;background-color:#d7a97d\"><strong>+48<\/strong> <strong>785-913-319<\/strong><\/a><\/div>\n<\/div>\n\n\n\n<p class=\"has-text-align-center\" style=\"font-size:20px\">*<strong>Individual appointment setting<\/strong><\/p>\n\n\n\n<div style=\"height:23px\" aria-hidden=\"true\" class=\"wp-block-spacer\"><\/div>\n<\/div><figure class=\"wp-block-media-text__media\"><img loading=\"lazy\" decoding=\"async\" width=\"1024\" height=\"722\" src=\"https:\/\/wonderhome.eu\/wp-content\/uploads\/2024\/10\/60-1024x722.jpg\" alt=\"\" class=\"wp-image-3800 size-full\" srcset=\"https:\/\/wonderhome.eu\/wp-content\/uploads\/2024\/10\/60-1024x722.jpg 1024w, https:\/\/wonderhome.eu\/wp-content\/uploads\/2024\/10\/60-300x212.jpg 300w, https:\/\/wonderhome.eu\/wp-content\/uploads\/2024\/10\/60-768x541.jpg 768w, https:\/\/wonderhome.eu\/wp-content\/uploads\/2024\/10\/60-18x12.jpg 18w, https:\/\/wonderhome.eu\/wp-content\/uploads\/2024\/10\/60.jpg 1241w\" sizes=\"auto, (max-width: 1024px) 100vw, 1024px\" \/><\/figure><\/div>\n\n\n\n<div style=\"height:100px\" aria-hidden=\"true\" class=\"wp-block-spacer\"><\/div>\n\n\n\n<div class=\"wp-block-buttons is-content-justification-center is-layout-flex wp-container-core-buttons-is-layout-16018d1d wp-block-buttons-is-layout-flex\">\n<div class=\"wp-block-button\"><a class=\"wp-block-button__link has-background has-text-align-center wp-element-button\" href=\"#g\u00f3ra\" style=\"background-color:#d7a97d\"><strong>Return<\/strong><\/a><\/div>\n<\/div>\n\n\n\n<div style=\"height:100px\" aria-hidden=\"true\" class=\"wp-block-spacer\"><\/div>","protected":false},"excerpt":{"rendered":"","protected":false},"author":12,"featured_media":5141,"parent":0,"menu_order":0,"comment_status":"closed","ping_status":"closed","template":"","meta":{"_acf_changed":false,"footnotes":""},"class_list":["post-3763","page","type-page","status-publish","has-post-thumbnail","hentry"],"acf":[],"yoast_head":"<!-- This site is optimized with the Yoast SEO plugin v27.4 - https:\/\/yoast.com\/product\/yoast-seo-wordpress\/ -->\n<title>Sprz\u0105tanie podczas pobytu - Wonder Home<\/title>\n<meta name=\"description\" content=\"Zam\u00f3w sprz\u0105tanie w apartamencie z wymian\u0105 po\u015bcieli i r\u0119cznik\u00f3w. Um\u00f3w termin i ciesz si\u0119 \u015bwie\u017co\u015bci\u0105 jak pierwszego dnia pobytu!\" \/>\n<meta name=\"robots\" content=\"index, follow, max-snippet:-1, max-image-preview:large, max-video-preview:-1\" \/>\n<link rel=\"canonical\" href=\"https:\/\/wonderhome.eu\/en\/sprzatanie-podczas-pobytu\/\" \/>\n<meta property=\"og:locale\" content=\"en_US\" \/>\n<meta property=\"og:type\" content=\"article\" \/>\n<meta property=\"og:title\" content=\"Sprz\u0105tanie podczas pobytu - Wonder Home\" \/>\n<meta property=\"og:description\" content=\"Zam\u00f3w sprz\u0105tanie w apartamencie z wymian\u0105 po\u015bcieli i r\u0119cznik\u00f3w. Um\u00f3w termin i ciesz si\u0119 \u015bwie\u017co\u015bci\u0105 jak pierwszego dnia pobytu!\" \/>\n<meta property=\"og:url\" content=\"https:\/\/wonderhome.eu\/en\/sprzatanie-podczas-pobytu\/\" \/>\n<meta property=\"og:site_name\" content=\"Wonder Home\" \/>\n<meta property=\"article:modified_time\" content=\"2025-10-21T10:35:39+00:00\" \/>\n<meta property=\"og:image\" content=\"https:\/\/wonderhome.eu\/wp-content\/uploads\/2024\/11\/TAPETA-NA-TOP-60x30-30-min-scaled.jpg\" \/>\n\t<meta property=\"og:image:width\" content=\"1920\" \/>\n\t<meta property=\"og:image:height\" content=\"1080\" \/>\n\t<meta property=\"og:image:type\" content=\"image\/jpeg\" \/>\n<meta name=\"twitter:card\" content=\"summary_large_image\" \/>\n<meta name=\"twitter:label1\" content=\"Est. reading time\" \/>\n\t<meta name=\"twitter:data1\" content=\"2 minutes\" \/>\n<script type=\"application\/ld+json\" class=\"yoast-schema-graph\">{\"@context\":\"https:\\\/\\\/schema.org\",\"@graph\":[{\"@type\":\"WebPage\",\"@id\":\"https:\\\/\\\/wonderhome.eu\\\/sprzatanie-podczas-pobytu\",\"url\":\"https:\\\/\\\/wonderhome.eu\\\/sprzatanie-podczas-pobytu\",\"name\":\"Sprz\u0105tanie podczas pobytu - Wonder Home\",\"isPartOf\":{\"@id\":\"https:\\\/\\\/wonderhome.eu\\\/#website\"},\"primaryImageOfPage\":{\"@id\":\"https:\\\/\\\/wonderhome.eu\\\/sprzatanie-podczas-pobytu#primaryimage\"},\"image\":{\"@id\":\"https:\\\/\\\/wonderhome.eu\\\/sprzatanie-podczas-pobytu#primaryimage\"},\"thumbnailUrl\":\"https:\\\/\\\/wonderhome.eu\\\/wp-content\\\/uploads\\\/2024\\\/11\\\/TAPETA-NA-TOP-60x30-30-min-scaled.jpg\",\"datePublished\":\"2024-10-30T14:26:48+00:00\",\"dateModified\":\"2025-10-21T10:35:39+00:00\",\"description\":\"Zam\u00f3w sprz\u0105tanie w apartamencie z wymian\u0105 po\u015bcieli i r\u0119cznik\u00f3w. Um\u00f3w termin i ciesz si\u0119 \u015bwie\u017co\u015bci\u0105 jak pierwszego dnia pobytu!\",\"inLanguage\":\"en-US\",\"potentialAction\":[{\"@type\":\"ReadAction\",\"target\":[\"https:\\\/\\\/wonderhome.eu\\\/sprzatanie-podczas-pobytu\"]}]},{\"@type\":\"ImageObject\",\"inLanguage\":\"en-US\",\"@id\":\"https:\\\/\\\/wonderhome.eu\\\/sprzatanie-podczas-pobytu#primaryimage\",\"url\":\"https:\\\/\\\/wonderhome.eu\\\/wp-content\\\/uploads\\\/2024\\\/11\\\/TAPETA-NA-TOP-60x30-30-min-scaled.jpg\",\"contentUrl\":\"https:\\\/\\\/wonderhome.eu\\\/wp-content\\\/uploads\\\/2024\\\/11\\\/TAPETA-NA-TOP-60x30-30-min-scaled.jpg\",\"width\":1920,\"height\":1080},{\"@type\":\"WebSite\",\"@id\":\"https:\\\/\\\/wonderhome.eu\\\/#website\",\"url\":\"https:\\\/\\\/wonderhome.eu\\\/\",\"name\":\"Wonder Home\",\"description\":\"\",\"potentialAction\":[{\"@type\":\"SearchAction\",\"target\":{\"@type\":\"EntryPoint\",\"urlTemplate\":\"https:\\\/\\\/wonderhome.eu\\\/?s={search_term_string}\"},\"query-input\":{\"@type\":\"PropertyValueSpecification\",\"valueRequired\":true,\"valueName\":\"search_term_string\"}}],\"inLanguage\":\"en-US\"}]}<\/script>\n<!-- \/ Yoast SEO plugin. -->","yoast_head_json":{"title":"Cleaning during your stay - Wonder Home","description":"Order a cleaning service for your apartment, including a change of linens and towels. Schedule an appointment and enjoy a fresh experience like the first day of your stay!","robots":{"index":"index","follow":"follow","max-snippet":"max-snippet:-1","max-image-preview":"max-image-preview:large","max-video-preview":"max-video-preview:-1"},"canonical":"https:\/\/wonderhome.eu\/en\/sprzatanie-podczas-pobytu\/","og_locale":"en_US","og_type":"article","og_title":"Sprz\u0105tanie podczas pobytu - Wonder Home","og_description":"Zam\u00f3w sprz\u0105tanie w apartamencie z wymian\u0105 po\u015bcieli i r\u0119cznik\u00f3w. Um\u00f3w termin i ciesz si\u0119 \u015bwie\u017co\u015bci\u0105 jak pierwszego dnia pobytu!","og_url":"https:\/\/wonderhome.eu\/en\/sprzatanie-podczas-pobytu\/","og_site_name":"Wonder Home","article_modified_time":"2025-10-21T10:35:39+00:00","og_image":[{"width":1920,"height":1080,"url":"https:\/\/wonderhome.eu\/wp-content\/uploads\/2024\/11\/TAPETA-NA-TOP-60x30-30-min-scaled.jpg","type":"image\/jpeg"}],"twitter_card":"summary_large_image","twitter_misc":{"Est. reading time":"2 minutes"},"schema":{"@context":"https:\/\/schema.org","@graph":[{"@type":"WebPage","@id":"https:\/\/wonderhome.eu\/sprzatanie-podczas-pobytu","url":"https:\/\/wonderhome.eu\/sprzatanie-podczas-pobytu","name":"Cleaning during your stay - Wonder Home","isPartOf":{"@id":"https:\/\/wonderhome.eu\/#website"},"primaryImageOfPage":{"@id":"https:\/\/wonderhome.eu\/sprzatanie-podczas-pobytu#primaryimage"},"image":{"@id":"https:\/\/wonderhome.eu\/sprzatanie-podczas-pobytu#primaryimage"},"thumbnailUrl":"https:\/\/wonderhome.eu\/wp-content\/uploads\/2024\/11\/TAPETA-NA-TOP-60x30-30-min-scaled.jpg","datePublished":"2024-10-30T14:26:48+00:00","dateModified":"2025-10-21T10:35:39+00:00","description":"Order a cleaning service for your apartment, including a change of linens and towels. Schedule an appointment and enjoy a fresh experience like the first day of your stay!","inLanguage":"en-US","potentialAction":[{"@type":"ReadAction","target":["https:\/\/wonderhome.eu\/sprzatanie-podczas-pobytu"]}]},{"@type":"ImageObject","inLanguage":"en-US","@id":"https:\/\/wonderhome.eu\/sprzatanie-podczas-pobytu#primaryimage","url":"https:\/\/wonderhome.eu\/wp-content\/uploads\/2024\/11\/TAPETA-NA-TOP-60x30-30-min-scaled.jpg","contentUrl":"https:\/\/wonderhome.eu\/wp-content\/uploads\/2024\/11\/TAPETA-NA-TOP-60x30-30-min-scaled.jpg","width":1920,"height":1080},{"@type":"WebSite","@id":"https:\/\/wonderhome.eu\/#website","url":"https:\/\/wonderhome.eu\/","name":"Wonder Home","description":"","potentialAction":[{"@type":"SearchAction","target":{"@type":"EntryPoint","urlTemplate":"https:\/\/wonderhome.eu\/?s={search_term_string}"},"query-input":{"@type":"PropertyValueSpecification","valueRequired":true,"valueName":"search_term_string"}}],"inLanguage":"en-US"}]}},"_links":{"self":[{"href":"https:\/\/wonderhome.eu\/en\/wp-json\/wp\/v2\/pages\/3763","targetHints":{"allow":["GET"]}}],"collection":[{"href":"https:\/\/wonderhome.eu\/en\/wp-json\/wp\/v2\/pages"}],"about":[{"href":"https:\/\/wonderhome.eu\/en\/wp-json\/wp\/v2\/types\/page"}],"author":[{"embeddable":true,"href":"https:\/\/wonderhome.eu\/en\/wp-json\/wp\/v2\/users\/12"}],"replies":[{"embeddable":true,"href":"https:\/\/wonderhome.eu\/en\/wp-json\/wp\/v2\/comments?post=3763"}],"version-history":[{"count":4,"href":"https:\/\/wonderhome.eu\/en\/wp-json\/wp\/v2\/pages\/3763\/revisions"}],"predecessor-version":[{"id":7534,"href":"https:\/\/wonderhome.eu\/en\/wp-json\/wp\/v2\/pages\/3763\/revisions\/7534"}],"wp:featuredmedia":[{"embeddable":true,"href":"https:\/\/wonderhome.eu\/en\/wp-json\/wp\/v2\/media\/5141"}],"wp:attachment":[{"href":"https:\/\/wonderhome.eu\/en\/wp-json\/wp\/v2\/media?parent=3763"}],"curies":[{"name":"wp","href":"https:\/\/api.w.org\/{rel}","templated":true}]}}