{"id":4882,"date":"2024-11-21T11:38:06","date_gmt":"2024-11-21T10:38:06","guid":{"rendered":"https:\/\/wonderhome.eu\/?page_id=4882"},"modified":"2025-10-21T10:20:23","modified_gmt":"2025-10-21T08:20:23","slug":"wonder-asekuracja","status":"publish","type":"page","link":"https:\/\/wonderhome.eu\/en\/wonder-asekuracja","title":{"rendered":"Wonder Belay"},"content":{"rendered":"<p class=\"has-text-align-center\"><\/p>\n\n\n\n<div class=\"wp-block-media-text is-stacked-on-mobile\"><figure class=\"wp-block-media-text__media\"><img loading=\"lazy\" decoding=\"async\" width=\"1024\" height=\"694\" src=\"https:\/\/wonderhome.eu\/wp-content\/uploads\/2024\/11\/19-min-3-1024x694.jpg\" alt=\"\" class=\"wp-image-4904 size-full\" srcset=\"https:\/\/wonderhome.eu\/wp-content\/uploads\/2024\/11\/19-min-3-1024x694.jpg 1024w, https:\/\/wonderhome.eu\/wp-content\/uploads\/2024\/11\/19-min-3-300x203.jpg 300w, https:\/\/wonderhome.eu\/wp-content\/uploads\/2024\/11\/19-min-3-768x520.jpg 768w, https:\/\/wonderhome.eu\/wp-content\/uploads\/2024\/11\/19-min-3-18x12.jpg 18w, https:\/\/wonderhome.eu\/wp-content\/uploads\/2024\/11\/19-min-3.jpg 1331w\" sizes=\"auto, (max-width: 1024px) 100vw, 1024px\" \/><\/figure><div class=\"wp-block-media-text__content\">\n<h2 class=\"wp-block-heading has-text-align-center has-text-color has-link-color wp-elements-80b68857977c28e3e196e5cc54ed5935\" id=\"g\u00f3ra\" style=\"color:#2d5b6f;font-size:25px\"><strong>Perfect relaxation without unnecessary worries? <\/strong><br><strong>With Wonder Belay it&#039;s possible!<\/strong><\/h2>\n\n\n\n<p class=\"has-text-align-left has-text-color has-link-color has-medium-font-size wp-elements-78c5fec17c190e5b3225d1aecc09e009\" style=\"color:#433f3f\"><br><strong>Focus on relaxation, and we will take care of your safety.<\/strong><\/p>\n\n\n\n<p style=\"font-size:20px\">We offer accident insurance and liability protection for any damage to the apartment. <\/p>\n\n\n\n<p style=\"font-size:20px\"><strong>We protect both guests and apartments against the effects of events such as flooding, fire or other unforeseen situations. <\/strong><\/p>\n\n\n\n<p class=\"has-text-color has-link-color wp-elements-3c783f0ef74a17978137220f242366ad\" style=\"color:#d7a97d;font-size:20px\"><strong>Why is it worth it to choose Wonder Asekuracja?<\/strong><\/p>\n\n\n\n<ul class=\"wp-block-list\">\n<li><strong>Full protection<\/strong> \u2013 insurance against accidents and damage to the apartment.<\/li>\n\n\n\n<li><strong>Trusted partners<\/strong> \u2013 we care about the safety of our guests and their property.<\/li>\n\n\n\n<li><strong>Wide range of protection<\/strong> \u2013 from flooding, fire and other accidental events.<\/li>\n\n\n\n<li><strong>No stress<\/strong> \u2013 comfortable rest without worrying about unforeseen situations.<\/li>\n<\/ul>\n\n\n\n<div style=\"height:27px\" aria-hidden=\"true\" class=\"wp-block-spacer\"><\/div>\n\n\n\n<p class=\"has-text-align-center\" style=\"font-size:20px\"><strong>Wonder Insurance is insurance that protects your dreams!<\/strong><\/p>\n\n\n\n<div style=\"height:27px\" aria-hidden=\"true\" class=\"wp-block-spacer\"><\/div>\n\n\n\n<div class=\"wp-block-buttons is-content-justification-center is-layout-flex wp-container-core-buttons-is-layout-16018d1d wp-block-buttons-is-layout-flex\">\n<div class=\"wp-block-button\"><a class=\"wp-block-button__link has-background wp-element-button\" style=\"background-color:#d7a97d\"><strong>Trust us!<\/strong><\/a><\/div>\n<\/div>\n\n\n\n<div style=\"height:26px\" aria-hidden=\"true\" class=\"wp-block-spacer\"><\/div>\n<\/div><\/div>\n\n\n\n<div style=\"height:96px\" aria-hidden=\"true\" class=\"wp-block-spacer\"><\/div>\n\n\n\n<div class=\"wp-block-cover alignfull is-light has-parallax has-small-font-size\" style=\"min-height:130px;aspect-ratio:unset;\"><div class=\"wp-block-cover__image-background wp-image-3915 has-parallax\" style=\"background-position:50% 50%;background-image:url(https:\/\/wonderhome.eu\/wp-content\/uploads\/2024\/11\/Header-statyczny-1920-x-1080-px-1920-x-1080-px-2.jpg)\"><\/div><span aria-hidden=\"true\" class=\"wp-block-cover__background has-background-dim-40 has-background-dim\" style=\"background-color:#b5a38f\"><\/span><div class=\"wp-block-cover__inner-container is-layout-constrained wp-block-cover-is-layout-constrained\">\n<p class=\"has-text-align-center has-white-color has-text-color has-link-color has-x-large-font-size wp-elements-f728039762f3211da8742650aacd1746\">Veronica Bogdzio &nbsp;<\/p>\n\n\n\n<p class=\"has-text-align-center has-white-color has-text-color has-link-color has-x-large-font-size wp-elements-348dd06330921e4dd0fa7200de4ff699\"><a href=\"mailto:wb@wonderhome.eu\" target=\"_blank\" rel=\"noreferrer noopener\">wb@wonderhome.eu<\/a>&nbsp;&nbsp;<\/p>\n\n\n\n<p class=\"has-text-align-center has-white-color has-text-color has-link-color has-x-large-font-size wp-elements-5e9be656209b9042393a79bbc4c6a3ea\">+48 783 875 179<\/p>\n<\/div><\/div>\n\n\n\n<div style=\"height:50px\" aria-hidden=\"true\" class=\"wp-block-spacer\"><\/div>\n\n\n\n<div style=\"height:39px\" aria-hidden=\"true\" class=\"wp-block-spacer\"><\/div>\n\n\n\n<div class=\"wp-block-media-text has-media-on-the-right is-stacked-on-mobile\"><div class=\"wp-block-media-text__content\">\n<p class=\"has-text-align-center has-text-color has-link-color wp-elements-c75f931f80ac6342519a455959630d06\" style=\"color:#2d5b6f;font-size:25px\"><strong>Personal accident and liability insurance: per day from PLN 4!<\/strong><\/p>\n\n\n\n<p class=\"has-text-align-center has-text-color has-link-color has-medium-font-size wp-elements-3818d355869f57f676f0c97030dac285\" style=\"color:#d7a97d\"><strong>CALCULATION EXAMPLE:<\/strong><\/p>\n\n\n<div class=\"wp-block-image\">\n<figure class=\"aligncenter size-full is-resized\"><img loading=\"lazy\" decoding=\"async\" width=\"277\" height=\"205\" src=\"https:\/\/wonderhome.eu\/wp-content\/uploads\/2025\/06\/2a-min.jpg\" alt=\"\" class=\"wp-image-6623\" style=\"width:230px\" srcset=\"https:\/\/wonderhome.eu\/wp-content\/uploads\/2025\/06\/2a-min.jpg 277w, https:\/\/wonderhome.eu\/wp-content\/uploads\/2025\/06\/2a-min-16x12.jpg 16w\" sizes=\"auto, (max-width: 277px) 100vw, 277px\" \/><\/figure>\n<\/div>\n\n\n<p class=\"has-text-align-center has-text-color has-link-color wp-elements-0a72b42e4806ca39a31cceaf7e57bbcb\" style=\"color:#d7a97d;font-size:20px\"><br><strong>NW:<\/strong><\/p>\n\n\n\n<p class=\"has-text-align-center\">Insurance sum <strong>20,000 PLN<\/strong><\/p>\n\n\n<div class=\"wp-block-image\">\n<figure class=\"aligncenter size-full\"><img loading=\"lazy\" decoding=\"async\" width=\"364\" height=\"125\" src=\"https:\/\/wonderhome.eu\/wp-content\/uploads\/2025\/06\/1A-min.jpg\" alt=\"\" class=\"wp-image-6618\" srcset=\"https:\/\/wonderhome.eu\/wp-content\/uploads\/2025\/06\/1A-min.jpg 364w, https:\/\/wonderhome.eu\/wp-content\/uploads\/2025\/06\/1A-min-300x103.jpg 300w, https:\/\/wonderhome.eu\/wp-content\/uploads\/2025\/06\/1A-min-18x6.jpg 18w\" sizes=\"auto, (max-width: 364px) 100vw, 364px\" \/><\/figure>\n<\/div>\n\n\n<p class=\"has-text-align-center has-text-color has-link-color has-medium-font-size wp-elements-53b682cb7d7e5afb6d4dd81139b1b4d0\" style=\"color:#d7a97d\"><strong>OC:<\/strong><\/p>\n\n\n\n<p class=\"has-text-align-center\">Insurance sum <strong>50,000 PLN<\/strong><\/p>\n\n\n<div class=\"wp-block-image\">\n<figure class=\"aligncenter size-full\"><img loading=\"lazy\" decoding=\"async\" width=\"334\" height=\"44\" src=\"https:\/\/wonderhome.eu\/wp-content\/uploads\/2025\/06\/1B-min.jpg\" alt=\"\" class=\"wp-image-6619\" srcset=\"https:\/\/wonderhome.eu\/wp-content\/uploads\/2025\/06\/1B-min.jpg 334w, https:\/\/wonderhome.eu\/wp-content\/uploads\/2025\/06\/1B-min-300x40.jpg 300w, https:\/\/wonderhome.eu\/wp-content\/uploads\/2025\/06\/1B-min-18x2.jpg 18w\" sizes=\"auto, (max-width: 334px) 100vw, 334px\" \/><\/figure>\n<\/div>\n\n\n<p class=\"has-text-align-center has-text-color has-link-color has-medium-font-size wp-elements-87196acc48aa23ce765e0a5be92613df\" style=\"color:#d7a97d\"><strong>TRAVEL LUGGAGE:<\/strong><\/p>\n\n\n\n<p class=\"has-text-align-center\">Insurance sum <strong>50,000 PLN<\/strong><\/p>\n\n\n<div class=\"wp-block-image\">\n<figure class=\"aligncenter size-full\"><img loading=\"lazy\" decoding=\"async\" width=\"265\" height=\"68\" src=\"https:\/\/wonderhome.eu\/wp-content\/uploads\/2025\/06\/1C-min.jpg\" alt=\"\" class=\"wp-image-6620\" srcset=\"https:\/\/wonderhome.eu\/wp-content\/uploads\/2025\/06\/1C-min.jpg 265w, https:\/\/wonderhome.eu\/wp-content\/uploads\/2025\/06\/1C-min-18x5.jpg 18w\" sizes=\"auto, (max-width: 265px) 100vw, 265px\" \/><\/figure>\n<\/div>\n\n\n<div style=\"height:15px\" aria-hidden=\"true\" class=\"wp-block-spacer\"><\/div>\n\n\n\n<p class=\"has-text-align-center\" style=\"font-size:17px\"><strong>Insurance premium: Package 10 PLN<\/strong><\/p>\n\n\n\n<div style=\"height:36px\" aria-hidden=\"true\" class=\"wp-block-spacer\"><\/div>\n\n\n\n<p class=\"has-text-align-center has-text-color has-link-color wp-elements-368761d352ce17c9566cb1ef597ad3a8\" style=\"color:#2d5b6f;font-size:20px\"><strong>Think about what is the main purpose of your trip? <\/strong><br><strong>Recreation or sports? <\/strong><\/p>\n\n\n\n<div style=\"height:15px\" aria-hidden=\"true\" class=\"wp-block-spacer\"><\/div>\n\n\n\n<p class=\"has-text-align-center has-text-color has-link-color wp-elements-34c6788f98ed2195d9c7c9a5f9b7e743\" style=\"color:#d7a97d;font-size:22px\"><br><strong>Choose the right variant for you and buy online!<\/strong><\/p>\n\n\n\n<div style=\"height:15px\" aria-hidden=\"true\" class=\"wp-block-spacer\"><\/div>\n\n\n\n<div class=\"wp-block-buttons is-content-justification-center is-layout-flex wp-container-core-buttons-is-layout-16018d1d wp-block-buttons-is-layout-flex\">\n<div class=\"wp-block-button\"><a class=\"wp-block-button__link has-background wp-element-button\" href=\"https:\/\/sprzedaz.wiener.pl\/turystyczne\/r\/TUR18217\" style=\"background-color:#d7a97d\" target=\"_blank\" rel=\"noreferrer noopener\"><strong>BUY INSURANCE<\/strong><\/a><\/div>\n<\/div>\n\n\n\n<div style=\"height:23px\" aria-hidden=\"true\" class=\"wp-block-spacer\"><\/div>\n<\/div><figure class=\"wp-block-media-text__media\"><img loading=\"lazy\" decoding=\"async\" width=\"1024\" height=\"709\" src=\"https:\/\/wonderhome.eu\/wp-content\/uploads\/2025\/05\/3-min-15-1024x709.jpg\" alt=\"\" class=\"wp-image-6419 size-full\" srcset=\"https:\/\/wonderhome.eu\/wp-content\/uploads\/2025\/05\/3-min-15-1024x709.jpg 1024w, https:\/\/wonderhome.eu\/wp-content\/uploads\/2025\/05\/3-min-15-300x208.jpg 300w, https:\/\/wonderhome.eu\/wp-content\/uploads\/2025\/05\/3-min-15-768x532.jpg 768w, https:\/\/wonderhome.eu\/wp-content\/uploads\/2025\/05\/3-min-15-18x12.jpg 18w, https:\/\/wonderhome.eu\/wp-content\/uploads\/2025\/05\/3-min-15.jpg 1178w\" sizes=\"auto, (max-width: 1024px) 100vw, 1024px\" \/><\/figure><\/div>\n\n\n\n<div style=\"height:50px\" aria-hidden=\"true\" class=\"wp-block-spacer\"><\/div>\n\n\n\n<div class=\"wp-block-cover alignfull is-light has-parallax has-small-font-size\" style=\"min-height:130px;aspect-ratio:unset;\"><div class=\"wp-block-cover__image-background wp-image-3915 has-parallax\" style=\"background-position:50% 50%;background-image:url(https:\/\/wonderhome.eu\/wp-content\/uploads\/2024\/11\/Header-statyczny-1920-x-1080-px-1920-x-1080-px-2.jpg)\"><\/div><span aria-hidden=\"true\" class=\"wp-block-cover__background has-background-dim-40 has-background-dim\" style=\"background-color:#b5a38f\"><\/span><div class=\"wp-block-cover__inner-container is-layout-constrained wp-block-cover-is-layout-constrained\">\n<p class=\"has-text-align-center has-white-color has-text-color has-link-color has-x-large-font-size wp-elements-f728039762f3211da8742650aacd1746\">Veronica Bogdzio &nbsp;<\/p>\n\n\n\n<p class=\"has-text-align-center has-white-color has-text-color has-link-color has-x-large-font-size wp-elements-348dd06330921e4dd0fa7200de4ff699\"><a href=\"mailto:wb@wonderhome.eu\" target=\"_blank\" rel=\"noreferrer noopener\">wb@wonderhome.eu<\/a>&nbsp;&nbsp;<\/p>\n\n\n\n<p class=\"has-text-align-center has-white-color has-text-color has-link-color has-x-large-font-size wp-elements-5e9be656209b9042393a79bbc4c6a3ea\">+48 783 875 179<\/p>\n<\/div><\/div>\n\n\n\n<div style=\"height:50px\" aria-hidden=\"true\" class=\"wp-block-spacer\"><\/div>\n\n\n\n<div class=\"wp-block-media-text is-stacked-on-mobile\"><figure class=\"wp-block-media-text__media\"><img loading=\"lazy\" decoding=\"async\" width=\"1024\" height=\"727\" src=\"https:\/\/wonderhome.eu\/wp-content\/uploads\/2025\/05\/5-min-16-1024x727.jpg\" alt=\"\" class=\"wp-image-6446 size-full\" srcset=\"https:\/\/wonderhome.eu\/wp-content\/uploads\/2025\/05\/5-min-16-1024x727.jpg 1024w, https:\/\/wonderhome.eu\/wp-content\/uploads\/2025\/05\/5-min-16-300x213.jpg 300w, https:\/\/wonderhome.eu\/wp-content\/uploads\/2025\/05\/5-min-16-768x545.jpg 768w, https:\/\/wonderhome.eu\/wp-content\/uploads\/2025\/05\/5-min-16-18x12.jpg 18w, https:\/\/wonderhome.eu\/wp-content\/uploads\/2025\/05\/5-min-16.jpg 1273w\" sizes=\"auto, (max-width: 1024px) 100vw, 1024px\" \/><\/figure><div class=\"wp-block-media-text__content\">\n<p class=\"has-text-align-center has-text-color has-link-color wp-elements-11386fbfa8b6fc87130c65a69ad2066f\" style=\"color:#2d5b6f;font-size:25px\"><strong>Do you want to cancel your travel and accommodation services?<\/strong><\/p>\n\n\n\n<p class=\"has-text-align-center has-medium-font-size\"><strong>100% refund in the event of service cancellation and accommodation cancellation!<\/strong><\/p>\n\n\n\n<p class=\"has-text-align-center has-text-color has-link-color has-medium-font-size wp-elements-3818d355869f57f676f0c97030dac285\" style=\"color:#d7a97d\"><strong>CALCULATION EXAMPLE:<\/strong><\/p>\n\n\n<div class=\"wp-block-image\">\n<figure class=\"aligncenter size-full is-resized\"><img loading=\"lazy\" decoding=\"async\" width=\"265\" height=\"249\" src=\"https:\/\/wonderhome.eu\/wp-content\/uploads\/2025\/06\/2b-min.jpg\" alt=\"\" class=\"wp-image-6624\" style=\"width:230px\" srcset=\"https:\/\/wonderhome.eu\/wp-content\/uploads\/2025\/06\/2b-min.jpg 265w, https:\/\/wonderhome.eu\/wp-content\/uploads\/2025\/06\/2b-min-13x12.jpg 13w\" sizes=\"auto, (max-width: 265px) 100vw, 265px\" \/><\/figure>\n<\/div>\n\n\n<div style=\"height:15px\" aria-hidden=\"true\" class=\"wp-block-spacer\"><\/div>\n\n\n\n<p class=\"has-text-align-center\" style=\"font-size:17px\"><strong>Insurance premium:<\/strong> <strong>Package 10 PLN<\/strong><\/p>\n\n\n\n<div style=\"height:36px\" aria-hidden=\"true\" class=\"wp-block-spacer\"><\/div>\n\n\n\n<p class=\"has-text-align-center has-text-color has-link-color wp-elements-b99d2eab2cf12202d0119c3830701259\" style=\"color:#2d5b6f;font-size:20px\"><strong>Insurance that protects your dreams!<\/strong><\/p>\n\n\n\n<div style=\"height:36px\" aria-hidden=\"true\" class=\"wp-block-spacer\"><\/div>\n\n\n\n<div class=\"wp-block-buttons is-content-justification-center is-layout-flex wp-container-core-buttons-is-layout-16018d1d wp-block-buttons-is-layout-flex\">\n<div class=\"wp-block-button\"><a class=\"wp-block-button__link has-background wp-element-button\" href=\"https:\/\/sprzedaz.wiener.pl\/rezygnacjazimprezy\/r\/REZ30\" style=\"background-color:#d7a97d\" target=\"_blank\" rel=\"noreferrer noopener\"><strong>BUY INSURANCE<\/strong><\/a><\/div>\n<\/div>\n\n\n\n<div style=\"height:23px\" aria-hidden=\"true\" class=\"wp-block-spacer\"><\/div>\n<\/div><\/div>\n\n\n\n<div style=\"height:36px\" aria-hidden=\"true\" class=\"wp-block-spacer\"><\/div>\n\n\n\n<div style=\"height:50px\" aria-hidden=\"true\" class=\"wp-block-spacer\"><\/div>\n\n\n\n<div class=\"wp-block-cover alignfull is-light has-parallax has-small-font-size\" style=\"min-height:130px;aspect-ratio:unset;\"><div class=\"wp-block-cover__image-background wp-image-3915 has-parallax\" style=\"background-position:50% 50%;background-image:url(https:\/\/wonderhome.eu\/wp-content\/uploads\/2024\/11\/Header-statyczny-1920-x-1080-px-1920-x-1080-px-2.jpg)\"><\/div><span aria-hidden=\"true\" class=\"wp-block-cover__background has-background-dim-40 has-background-dim\" style=\"background-color:#b5a38f\"><\/span><div class=\"wp-block-cover__inner-container is-layout-constrained wp-block-cover-is-layout-constrained\">\n<p class=\"has-text-align-center has-white-color has-text-color has-link-color has-x-large-font-size wp-elements-f728039762f3211da8742650aacd1746\">Veronica Bogdzio &nbsp;<\/p>\n\n\n\n<p class=\"has-text-align-center has-white-color has-text-color has-link-color has-x-large-font-size wp-elements-348dd06330921e4dd0fa7200de4ff699\"><a href=\"mailto:wb@wonderhome.eu\" target=\"_blank\" rel=\"noreferrer noopener\">wb@wonderhome.eu<\/a>&nbsp;&nbsp;<\/p>\n\n\n\n<p class=\"has-text-align-center has-white-color has-text-color has-link-color has-x-large-font-size wp-elements-5e9be656209b9042393a79bbc4c6a3ea\">+48 783 875 179<\/p>\n<\/div><\/div>\n\n\n\n<div style=\"height:100px\" aria-hidden=\"true\" class=\"wp-block-spacer\"><\/div>\n\n\n\n<div class=\"wp-block-buttons is-content-justification-center is-layout-flex wp-container-core-buttons-is-layout-16018d1d wp-block-buttons-is-layout-flex\">\n<div class=\"wp-block-button\"><a class=\"wp-block-button__link has-background has-text-align-center wp-element-button\" href=\"#g\u00f3ra\" style=\"background-color:#d7a97d\"><strong>Return<\/strong><\/a><\/div>\n<\/div>\n\n\n\n<div style=\"height:100px\" aria-hidden=\"true\" class=\"wp-block-spacer\"><\/div>","protected":false},"excerpt":{"rendered":"","protected":false},"author":12,"featured_media":5156,"parent":0,"menu_order":0,"comment_status":"closed","ping_status":"closed","template":"","meta":{"_acf_changed":false,"footnotes":""},"class_list":["post-4882","page","type-page","status-publish","has-post-thumbnail","hentry"],"acf":[],"yoast_head":"<!-- This site is optimized with the Yoast SEO plugin v27.4 - https:\/\/yoast.com\/product\/yoast-seo-wordpress\/ -->\n<title>Wonder Asekuracja - Wonder Home<\/title>\n<meta name=\"description\" content=\"Wonder Asekuracja oferuje kompleksowe ubezpieczenia, kt\u00f3re chroni\u0105 Go\u015bci i apartamenty przed nieprzewidzianymi zdarzeniami!\" \/>\n<meta name=\"robots\" content=\"index, follow, max-snippet:-1, max-image-preview:large, max-video-preview:-1\" \/>\n<link rel=\"canonical\" href=\"https:\/\/wonderhome.eu\/en\/wonder-asekuracja\/\" \/>\n<meta property=\"og:locale\" content=\"en_US\" \/>\n<meta property=\"og:type\" content=\"article\" \/>\n<meta property=\"og:title\" content=\"Wonder Asekuracja - Wonder Home\" \/>\n<meta property=\"og:description\" content=\"Wonder Asekuracja oferuje kompleksowe ubezpieczenia, kt\u00f3re chroni\u0105 Go\u015bci i apartamenty przed nieprzewidzianymi zdarzeniami!\" \/>\n<meta property=\"og:url\" content=\"https:\/\/wonderhome.eu\/en\/wonder-asekuracja\/\" \/>\n<meta property=\"og:site_name\" content=\"Wonder Home\" \/>\n<meta property=\"article:modified_time\" content=\"2025-10-21T08:20:23+00:00\" \/>\n<meta property=\"og:image\" content=\"https:\/\/wonderhome.eu\/wp-content\/uploads\/2024\/11\/TAPETA-NA-TOP-60x30-40-min-scaled.jpg\" \/>\n\t<meta property=\"og:image:width\" content=\"1920\" \/>\n\t<meta property=\"og:image:height\" content=\"1080\" \/>\n\t<meta property=\"og:image:type\" content=\"image\/jpeg\" \/>\n<meta name=\"twitter:card\" content=\"summary_large_image\" \/>\n<meta name=\"twitter:label1\" content=\"Est. reading time\" \/>\n\t<meta name=\"twitter:data1\" content=\"4 minutes\" \/>\n<script type=\"application\/ld+json\" class=\"yoast-schema-graph\">{\"@context\":\"https:\\\/\\\/schema.org\",\"@graph\":[{\"@type\":\"WebPage\",\"@id\":\"https:\\\/\\\/wonderhome.eu\\\/wonder-asekuracja\",\"url\":\"https:\\\/\\\/wonderhome.eu\\\/wonder-asekuracja\",\"name\":\"Wonder Asekuracja - Wonder Home\",\"isPartOf\":{\"@id\":\"https:\\\/\\\/wonderhome.eu\\\/#website\"},\"primaryImageOfPage\":{\"@id\":\"https:\\\/\\\/wonderhome.eu\\\/wonder-asekuracja#primaryimage\"},\"image\":{\"@id\":\"https:\\\/\\\/wonderhome.eu\\\/wonder-asekuracja#primaryimage\"},\"thumbnailUrl\":\"https:\\\/\\\/wonderhome.eu\\\/wp-content\\\/uploads\\\/2024\\\/11\\\/TAPETA-NA-TOP-60x30-40-min-scaled.jpg\",\"datePublished\":\"2024-11-21T10:38:06+00:00\",\"dateModified\":\"2025-10-21T08:20:23+00:00\",\"description\":\"Wonder Asekuracja oferuje kompleksowe ubezpieczenia, kt\u00f3re chroni\u0105 Go\u015bci i apartamenty przed nieprzewidzianymi zdarzeniami!\",\"inLanguage\":\"en-US\",\"potentialAction\":[{\"@type\":\"ReadAction\",\"target\":[\"https:\\\/\\\/wonderhome.eu\\\/wonder-asekuracja\"]}]},{\"@type\":\"ImageObject\",\"inLanguage\":\"en-US\",\"@id\":\"https:\\\/\\\/wonderhome.eu\\\/wonder-asekuracja#primaryimage\",\"url\":\"https:\\\/\\\/wonderhome.eu\\\/wp-content\\\/uploads\\\/2024\\\/11\\\/TAPETA-NA-TOP-60x30-40-min-scaled.jpg\",\"contentUrl\":\"https:\\\/\\\/wonderhome.eu\\\/wp-content\\\/uploads\\\/2024\\\/11\\\/TAPETA-NA-TOP-60x30-40-min-scaled.jpg\",\"width\":1920,\"height\":1080},{\"@type\":\"WebSite\",\"@id\":\"https:\\\/\\\/wonderhome.eu\\\/#website\",\"url\":\"https:\\\/\\\/wonderhome.eu\\\/\",\"name\":\"Wonder Home\",\"description\":\"\",\"potentialAction\":[{\"@type\":\"SearchAction\",\"target\":{\"@type\":\"EntryPoint\",\"urlTemplate\":\"https:\\\/\\\/wonderhome.eu\\\/?s={search_term_string}\"},\"query-input\":{\"@type\":\"PropertyValueSpecification\",\"valueRequired\":true,\"valueName\":\"search_term_string\"}}],\"inLanguage\":\"en-US\"}]}<\/script>\n<!-- \/ Yoast SEO plugin. -->","yoast_head_json":{"title":"Wonder Belay - Wonder Home","description":"Wonder Asekuracja offers comprehensive insurance that protects guests and apartments against unforeseen events!","robots":{"index":"index","follow":"follow","max-snippet":"max-snippet:-1","max-image-preview":"max-image-preview:large","max-video-preview":"max-video-preview:-1"},"canonical":"https:\/\/wonderhome.eu\/en\/wonder-asekuracja\/","og_locale":"en_US","og_type":"article","og_title":"Wonder Asekuracja - Wonder Home","og_description":"Wonder Asekuracja oferuje kompleksowe ubezpieczenia, kt\u00f3re chroni\u0105 Go\u015bci i apartamenty przed nieprzewidzianymi zdarzeniami!","og_url":"https:\/\/wonderhome.eu\/en\/wonder-asekuracja\/","og_site_name":"Wonder Home","article_modified_time":"2025-10-21T08:20:23+00:00","og_image":[{"width":1920,"height":1080,"url":"https:\/\/wonderhome.eu\/wp-content\/uploads\/2024\/11\/TAPETA-NA-TOP-60x30-40-min-scaled.jpg","type":"image\/jpeg"}],"twitter_card":"summary_large_image","twitter_misc":{"Est. reading time":"4 minutes"},"schema":{"@context":"https:\/\/schema.org","@graph":[{"@type":"WebPage","@id":"https:\/\/wonderhome.eu\/wonder-asekuracja","url":"https:\/\/wonderhome.eu\/wonder-asekuracja","name":"Wonder Belay - Wonder Home","isPartOf":{"@id":"https:\/\/wonderhome.eu\/#website"},"primaryImageOfPage":{"@id":"https:\/\/wonderhome.eu\/wonder-asekuracja#primaryimage"},"image":{"@id":"https:\/\/wonderhome.eu\/wonder-asekuracja#primaryimage"},"thumbnailUrl":"https:\/\/wonderhome.eu\/wp-content\/uploads\/2024\/11\/TAPETA-NA-TOP-60x30-40-min-scaled.jpg","datePublished":"2024-11-21T10:38:06+00:00","dateModified":"2025-10-21T08:20:23+00:00","description":"Wonder Asekuracja offers comprehensive insurance that protects guests and apartments against unforeseen events!","inLanguage":"en-US","potentialAction":[{"@type":"ReadAction","target":["https:\/\/wonderhome.eu\/wonder-asekuracja"]}]},{"@type":"ImageObject","inLanguage":"en-US","@id":"https:\/\/wonderhome.eu\/wonder-asekuracja#primaryimage","url":"https:\/\/wonderhome.eu\/wp-content\/uploads\/2024\/11\/TAPETA-NA-TOP-60x30-40-min-scaled.jpg","contentUrl":"https:\/\/wonderhome.eu\/wp-content\/uploads\/2024\/11\/TAPETA-NA-TOP-60x30-40-min-scaled.jpg","width":1920,"height":1080},{"@type":"WebSite","@id":"https:\/\/wonderhome.eu\/#website","url":"https:\/\/wonderhome.eu\/","name":"Wonder Home","description":"","potentialAction":[{"@type":"SearchAction","target":{"@type":"EntryPoint","urlTemplate":"https:\/\/wonderhome.eu\/?s={search_term_string}"},"query-input":{"@type":"PropertyValueSpecification","valueRequired":true,"valueName":"search_term_string"}}],"inLanguage":"en-US"}]}},"_links":{"self":[{"href":"https:\/\/wonderhome.eu\/en\/wp-json\/wp\/v2\/pages\/4882","targetHints":{"allow":["GET"]}}],"collection":[{"href":"https:\/\/wonderhome.eu\/en\/wp-json\/wp\/v2\/pages"}],"about":[{"href":"https:\/\/wonderhome.eu\/en\/wp-json\/wp\/v2\/types\/page"}],"author":[{"embeddable":true,"href":"https:\/\/wonderhome.eu\/en\/wp-json\/wp\/v2\/users\/12"}],"replies":[{"embeddable":true,"href":"https:\/\/wonderhome.eu\/en\/wp-json\/wp\/v2\/comments?post=4882"}],"version-history":[{"count":1,"href":"https:\/\/wonderhome.eu\/en\/wp-json\/wp\/v2\/pages\/4882\/revisions"}],"predecessor-version":[{"id":7491,"href":"https:\/\/wonderhome.eu\/en\/wp-json\/wp\/v2\/pages\/4882\/revisions\/7491"}],"wp:featuredmedia":[{"embeddable":true,"href":"https:\/\/wonderhome.eu\/en\/wp-json\/wp\/v2\/media\/5156"}],"wp:attachment":[{"href":"https:\/\/wonderhome.eu\/en\/wp-json\/wp\/v2\/media?parent=4882"}],"curies":[{"name":"wp","href":"https:\/\/api.w.org\/{rel}","templated":true}]}}