{"id":4989,"date":"2024-11-27T14:04:22","date_gmt":"2024-11-27T13:04:22","guid":{"rendered":"https:\/\/wonderhome.eu\/?page_id=4989"},"modified":"2025-10-21T10:19:51","modified_gmt":"2025-10-21T08:19:51","slug":"wonderski","status":"publish","type":"page","link":"https:\/\/wonderhome.eu\/en\/wonderski","title":{"rendered":"WonderSki"},"content":{"rendered":"<p class=\"has-text-align-center\"><\/p>\n\n\n\n<div class=\"wp-block-media-text is-stacked-on-mobile\"><figure class=\"wp-block-media-text__media\"><img loading=\"lazy\" decoding=\"async\" width=\"1024\" height=\"694\" src=\"https:\/\/wonderhome.eu\/wp-content\/uploads\/2024\/11\/6-min-1-1-1024x694.jpg\" alt=\"\" class=\"wp-image-4997 size-full\" srcset=\"https:\/\/wonderhome.eu\/wp-content\/uploads\/2024\/11\/6-min-1-1-1024x694.jpg 1024w, https:\/\/wonderhome.eu\/wp-content\/uploads\/2024\/11\/6-min-1-1-300x203.jpg 300w, https:\/\/wonderhome.eu\/wp-content\/uploads\/2024\/11\/6-min-1-1-768x521.jpg 768w, https:\/\/wonderhome.eu\/wp-content\/uploads\/2024\/11\/6-min-1-1-18x12.jpg 18w, https:\/\/wonderhome.eu\/wp-content\/uploads\/2024\/11\/6-min-1-1.jpg 1325w\" sizes=\"auto, (max-width: 1024px) 100vw, 1024px\" \/><\/figure><div class=\"wp-block-media-text__content\">\n<h2 class=\"wp-block-heading has-text-align-center has-text-color has-link-color wp-elements-08f8eb9dfc9fdf80592e92056ccb2f83\" id=\"g\u00f3ra\" style=\"color:#775740;font-size:25px\"><strong>Winter madness without limits?<br>With Wonder Ski it&#039;s possible! Discover the joy of skiing with Wonder Ski!<\/strong><\/h2>\n\n\n\n<p style=\"font-size:20px\">Our professional instructors will help you feel confident on the slopes \u2013 regardless of whether you are just starting your skiing adventure or want to improve your skills. <\/p>\n\n\n\n<p style=\"font-size:20px\"><strong>Thanks to our individual approach, you will quickly discover how much fun winter sports can be.<\/strong>!<\/p>\n\n\n\n<p class=\"has-text-color has-link-color wp-elements-d4660e50e9b519c42a64e16df8168902\" style=\"color:#d7a97d;font-size:20px\"><strong>Why choose Wonder Ski?<\/strong><\/p>\n\n\n\n<ul class=\"wp-block-list\">\n<li><strong>Individual approach<\/strong> \u2013 lessons tailored to your skills and needs.<\/li>\n\n\n\n<li><strong>Professional equipment<\/strong> \u2013 everything you need to start your adventure on the slopes.<\/li>\n\n\n\n<li><strong>Local knowledge<\/strong> \u2013 we will recommend you the best routes and slopes.<\/li>\n\n\n\n<li><strong>No stress<\/strong> \u2013 training in a friendly atmosphere with qualified staff.<\/li>\n<\/ul>\n\n\n\n<div style=\"height:27px\" aria-hidden=\"true\" class=\"wp-block-spacer\"><\/div>\n\n\n\n<p class=\"has-text-align-center\" style=\"font-size:20px\"><strong>Wonder Ski \u2013 winter adventure at its best!<\/strong><\/p>\n\n\n\n<div style=\"height:27px\" aria-hidden=\"true\" class=\"wp-block-spacer\"><\/div>\n\n\n\n<div class=\"wp-block-buttons is-content-justification-center is-layout-flex wp-container-core-buttons-is-layout-16018d1d wp-block-buttons-is-layout-flex\">\n<div class=\"wp-block-button\"><a class=\"wp-block-button__link has-background wp-element-button\" style=\"background-color:#d7a97d\"><strong>See for yourself!<\/strong><\/a><\/div>\n<\/div>\n\n\n\n<div style=\"height:26px\" aria-hidden=\"true\" class=\"wp-block-spacer\"><\/div>\n<\/div><\/div>\n\n\n\n<div style=\"height:96px\" aria-hidden=\"true\" class=\"wp-block-spacer\"><\/div>\n\n\n\n<div class=\"wp-block-cover alignfull is-light has-parallax has-small-font-size\" style=\"min-height:130px;aspect-ratio:unset;\"><div class=\"wp-block-cover__image-background wp-image-3915 has-parallax\" style=\"background-position:50% 50%;background-image:url(https:\/\/wonderhome.eu\/wp-content\/uploads\/2024\/11\/Header-statyczny-1920-x-1080-px-1920-x-1080-px-2.jpg)\"><\/div><span aria-hidden=\"true\" class=\"wp-block-cover__background has-background-dim-40 has-background-dim\" style=\"background-color:#b5a38f\"><\/span><div class=\"wp-block-cover__inner-container is-layout-constrained wp-block-cover-is-layout-constrained\">\n<p class=\"has-text-align-center has-white-color has-text-color has-link-color has-x-large-font-size wp-elements-7c4bb260b782a36884b2f017b27020ce\">Our Partners<\/p>\n<\/div><\/div>\n\n\n\n<div style=\"height:78px\" aria-hidden=\"true\" class=\"wp-block-spacer\"><\/div>\n\n\n\n<div class=\"wp-block-columns is-layout-flex wp-container-core-columns-is-layout-9d6595d7 wp-block-columns-is-layout-flex\">\n<div class=\"wp-block-column is-layout-flow wp-block-column-is-layout-flow\" style=\"flex-basis:20%\"><\/div>\n\n\n\n<div class=\"wp-block-column is-layout-flow wp-block-column-is-layout-flow\" style=\"flex-basis:50%\">\n<div style=\"height:27px\" aria-hidden=\"true\" class=\"wp-block-spacer\"><\/div>\n\n\n\n<div class=\"wp-block-media-text is-stacked-on-mobile\" style=\"grid-template-columns:47% auto\"><figure class=\"wp-block-media-text__media\"><img loading=\"lazy\" decoding=\"async\" width=\"793\" height=\"727\" src=\"https:\/\/wonderhome.eu\/wp-content\/uploads\/2024\/12\/ulotka-10x10-10-x-10-cm-min-1.jpg\" alt=\"\" class=\"wp-image-5385 size-full\" srcset=\"https:\/\/wonderhome.eu\/wp-content\/uploads\/2024\/12\/ulotka-10x10-10-x-10-cm-min-1.jpg 793w, https:\/\/wonderhome.eu\/wp-content\/uploads\/2024\/12\/ulotka-10x10-10-x-10-cm-min-1-300x275.jpg 300w, https:\/\/wonderhome.eu\/wp-content\/uploads\/2024\/12\/ulotka-10x10-10-x-10-cm-min-1-768x704.jpg 768w, https:\/\/wonderhome.eu\/wp-content\/uploads\/2024\/12\/ulotka-10x10-10-x-10-cm-min-1-13x12.jpg 13w\" sizes=\"auto, (max-width: 793px) 100vw, 793px\" \/><\/figure><div class=\"wp-block-media-text__content\">\n<h3 class=\"wp-block-heading\"><strong>The largest ski and snowboard rental in Karpacz<\/strong>!<\/h3>\n\n\n\n<p><strong> With free SKI BUSES for customers and professional instructors who will take care of your comfort and safety on the slopes<\/strong>. <\/p>\n\n\n\n<p style=\"font-size:16px\"><strong>Surname Wakor<\/strong>\u00a0has been known among skiers for over 20 years. In terms of skiing training, instructor training and childcare during winter holidays, it <strong>a leading company in Lower Silesia.<\/strong><\/p>\n\n\n\n<p style=\"font-size:16px\"><strong>Ski School<\/strong> \u2013 Wakor is a winter meeting place for everyone.&nbsp;<\/p>\n\n\n\n<p style=\"font-size:16px\"><strong>Experience since 1997<\/strong>!<\/p>\n\n\n\n<p class=\"has-text-color has-link-color wp-elements-441c7552be8a112d423c644fa788f1b0\" style=\"color:#d7a97d;font-size:20px\"><strong>SKI-SPORT WAKOR OFFER<\/strong><\/p>\n\n\n\n<ul class=\"wp-block-list\">\n<li>all-season <strong>ski school for children<\/strong> locals<\/li>\n\n\n\n<li><strong>skiing and snowboarding lessons <\/strong>for children, adolescents and adults<\/li>\n\n\n\n<li><strong>ski and snowboard courses<\/strong> individual and in groups<\/li>\n\n\n\n<li><strong>specialist courses and trips to the Alps<\/strong><br><\/li>\n<\/ul>\n\n\n\n<ul class=\"wp-block-list\"><\/ul>\n\n\n\n<p class=\"has-text-align-center has-text-color has-link-color has-medium-font-size wp-elements-243d3f9a4b25b9f37fe031de92cc4770\" style=\"color:#d7a97d\"><strong>SKI-SPORT \u2013 CALL US!<\/strong><\/p>\n\n\n\n<div style=\"height:67px\" aria-hidden=\"true\" class=\"wp-block-spacer\"><\/div>\n<\/div><\/div>\n\n\n\n<h2 class=\"wp-block-heading has-text-align-center\"><strong>SKI-SPORT Krzysztof Wakor<\/strong><\/h2>\n\n\n\n<p class=\"has-text-align-center\" style=\"font-size:21px\"><strong>ul. Turystyczna 4, 58-540 Karpacz<\/strong><\/p>\n\n\n\n<p class=\"has-text-align-center\"><a href=\"tel:+48 510 209 648\">tel: +48 510 209 648<\/a><br><a href=\"tel:+48 789 215 140\">tel: +48 789 215 140<\/a><br><a href=\"mailto:narty@wakor.pl\">@: narty@wakor.pl<\/a><\/p>\n\n\n\n<div style=\"height:27px\" aria-hidden=\"true\" class=\"wp-block-spacer\"><\/div>\n\n\n\n<div class=\"wp-block-buttons is-content-justification-center is-layout-flex wp-container-core-buttons-is-layout-16018d1d wp-block-buttons-is-layout-flex\">\n<div class=\"wp-block-button\"><a class=\"wp-block-button__link has-background wp-element-button\" style=\"background-color:#d7a97d\"><strong><img decoding=\"async\" src=\"https:\/\/szkolanarciarstwa-wakor.pl\/wp-content\/uploads\/2020\/12\/phone-small1.png\">&nbsp;<\/strong><br><strong>RENTAL<\/strong><br><strong>AND INSTRUCTORS&nbsp;<\/strong><br><strong>510 209 648<\/strong><\/a><\/div>\n<\/div>\n<\/div>\n\n\n\n<div class=\"wp-block-column is-layout-flow wp-block-column-is-layout-flow\" style=\"flex-basis:20.3%\"><\/div>\n<\/div>\n\n\n\n<div style=\"height:57px\" aria-hidden=\"true\" class=\"wp-block-spacer\"><\/div>\n\n\n\n<figure class=\"wp-block-gallery alignwide has-nested-images columns-default is-cropped wp-block-gallery-1 is-layout-flex wp-block-gallery-is-layout-flex\">\n<figure class=\"wp-block-image size-large\"><img loading=\"lazy\" decoding=\"async\" width=\"1024\" height=\"1024\" data-id=\"5367\" src=\"https:\/\/wonderhome.eu\/wp-content\/uploads\/2024\/12\/SKI-SPORT-min-1024x1024.png\" alt=\"\" class=\"wp-image-5367\" srcset=\"https:\/\/wonderhome.eu\/wp-content\/uploads\/2024\/12\/SKI-SPORT-min-1024x1024.png 1024w, https:\/\/wonderhome.eu\/wp-content\/uploads\/2024\/12\/SKI-SPORT-min-300x300.png 300w, https:\/\/wonderhome.eu\/wp-content\/uploads\/2024\/12\/SKI-SPORT-min-150x150.png 150w, https:\/\/wonderhome.eu\/wp-content\/uploads\/2024\/12\/SKI-SPORT-min-768x768.png 768w, https:\/\/wonderhome.eu\/wp-content\/uploads\/2024\/12\/SKI-SPORT-min-12x12.png 12w, https:\/\/wonderhome.eu\/wp-content\/uploads\/2024\/12\/SKI-SPORT-min.png 1181w\" sizes=\"auto, (max-width: 1024px) 100vw, 1024px\" \/><\/figure>\n\n\n\n<figure class=\"wp-block-image size-large\"><img loading=\"lazy\" decoding=\"async\" width=\"1024\" height=\"1024\" data-id=\"5392\" src=\"https:\/\/wonderhome.eu\/wp-content\/uploads\/2024\/12\/SKI-SPORT-min-1024x1024.jpg\" alt=\"\" class=\"wp-image-5392\" srcset=\"https:\/\/wonderhome.eu\/wp-content\/uploads\/2024\/12\/SKI-SPORT-min-1024x1024.jpg 1024w, https:\/\/wonderhome.eu\/wp-content\/uploads\/2024\/12\/SKI-SPORT-min-300x300.jpg 300w, https:\/\/wonderhome.eu\/wp-content\/uploads\/2024\/12\/SKI-SPORT-min-150x150.jpg 150w, https:\/\/wonderhome.eu\/wp-content\/uploads\/2024\/12\/SKI-SPORT-min-768x768.jpg 768w, https:\/\/wonderhome.eu\/wp-content\/uploads\/2024\/12\/SKI-SPORT-min-12x12.jpg 12w, https:\/\/wonderhome.eu\/wp-content\/uploads\/2024\/12\/SKI-SPORT-min.jpg 1181w\" sizes=\"auto, (max-width: 1024px) 100vw, 1024px\" \/><\/figure>\n<\/figure>\n\n\n\n<p><\/p>\n\n\n\n<div style=\"height:112px\" aria-hidden=\"true\" class=\"wp-block-spacer\"><\/div>\n\n\n\n<div class=\"wp-block-cover alignfull is-light has-parallax has-small-font-size\" style=\"min-height:130px;aspect-ratio:unset;\"><div class=\"wp-block-cover__image-background wp-image-3915 has-parallax\" style=\"background-position:50% 50%;background-image:url(https:\/\/wonderhome.eu\/wp-content\/uploads\/2024\/11\/Header-statyczny-1920-x-1080-px-1920-x-1080-px-2.jpg)\"><\/div><span aria-hidden=\"true\" class=\"wp-block-cover__background has-background-dim-40 has-background-dim\" style=\"background-color:#b5a38f\"><\/span><div class=\"wp-block-cover__inner-container is-layout-constrained wp-block-cover-is-layout-constrained\">\n<p class=\"has-text-align-center has-white-color has-text-color has-link-color has-x-large-font-size wp-elements-d0e8346fce97681e78016be93294c0b7\"><\/p>\n<\/div><\/div>\n\n\n\n<div style=\"height:100px\" aria-hidden=\"true\" class=\"wp-block-spacer\"><\/div>\n\n\n\n<div class=\"wp-block-buttons is-content-justification-center is-layout-flex wp-container-core-buttons-is-layout-16018d1d wp-block-buttons-is-layout-flex\">\n<div class=\"wp-block-button\"><a class=\"wp-block-button__link has-background has-text-align-center wp-element-button\" href=\"#g\u00f3ra\" style=\"background-color:#d7a97d\"><strong>Return<\/strong><\/a><\/div>\n<\/div>\n\n\n\n<div style=\"height:100px\" aria-hidden=\"true\" class=\"wp-block-spacer\"><\/div>","protected":false},"excerpt":{"rendered":"<p>Najwi\u0119ksza wypo\u017cyczalnia nart i snowboard\u00f3w w Karpaczu! Z darmowymi SKIBUSAMI dla Klient\u00f3w i profesjonaln\u0105 kadr\u0105 instruktorsk\u0105, kt\u00f3ra zadba o Tw\u00f3j komfort i bezpiecze\u0144stwo na stoku. Nazwisko Wakor\u00a0jest znane w gronie narciarzy od ponad 20 lat. W zakresie szkole\u0144 jazdy na nartach, szkolenia instruktor\u00f3w oraz dbania o dzieci podczas ferii zimowych to czo\u0142owa firma na Dolnym [&hellip;]<\/p>\n","protected":false},"author":12,"featured_media":5145,"parent":0,"menu_order":0,"comment_status":"closed","ping_status":"closed","template":"","meta":{"_acf_changed":false,"footnotes":""},"class_list":["post-4989","page","type-page","status-publish","has-post-thumbnail","hentry"],"acf":[],"yoast_head":"<!-- This site is optimized with the Yoast SEO plugin v27.4 - https:\/\/yoast.com\/product\/yoast-seo-wordpress\/ -->\n<title>WonderSki - Wonder Home<\/title>\n<meta name=\"description\" content=\"Wonder Ski \u2013 lekcje narciarstwa z profesjonalnymi instruktorami. Odkryj rado\u015b\u0107 z jazdy na nartach w Karpaczu z indywidualnym podej\u015bciem!\" \/>\n<meta name=\"robots\" content=\"index, follow, max-snippet:-1, max-image-preview:large, max-video-preview:-1\" \/>\n<link rel=\"canonical\" href=\"https:\/\/wonderhome.eu\/en\/wonderski\/\" \/>\n<meta property=\"og:locale\" content=\"en_US\" \/>\n<meta property=\"og:type\" content=\"article\" \/>\n<meta property=\"og:title\" content=\"WonderSki - Wonder Home\" \/>\n<meta property=\"og:description\" content=\"Wonder Ski \u2013 lekcje narciarstwa z profesjonalnymi instruktorami. Odkryj rado\u015b\u0107 z jazdy na nartach w Karpaczu z indywidualnym podej\u015bciem!\" \/>\n<meta property=\"og:url\" content=\"https:\/\/wonderhome.eu\/en\/wonderski\/\" \/>\n<meta property=\"og:site_name\" content=\"Wonder Home\" \/>\n<meta property=\"article:modified_time\" content=\"2025-10-21T08:19:51+00:00\" \/>\n<meta property=\"og:image\" content=\"https:\/\/wonderhome.eu\/wp-content\/uploads\/2024\/11\/TAPETA-NA-TOP-60x30-5-min-scaled.png\" \/>\n\t<meta property=\"og:image:width\" content=\"1920\" \/>\n\t<meta property=\"og:image:height\" content=\"1080\" \/>\n\t<meta property=\"og:image:type\" content=\"image\/png\" \/>\n<meta name=\"twitter:card\" content=\"summary_large_image\" \/>\n<meta name=\"twitter:label1\" content=\"Est. reading time\" \/>\n\t<meta name=\"twitter:data1\" content=\"4 minutes\" \/>\n<script type=\"application\/ld+json\" class=\"yoast-schema-graph\">{\"@context\":\"https:\\\/\\\/schema.org\",\"@graph\":[{\"@type\":\"WebPage\",\"@id\":\"https:\\\/\\\/wonderhome.eu\\\/wonderski\",\"url\":\"https:\\\/\\\/wonderhome.eu\\\/wonderski\",\"name\":\"WonderSki - Wonder Home\",\"isPartOf\":{\"@id\":\"https:\\\/\\\/wonderhome.eu\\\/#website\"},\"primaryImageOfPage\":{\"@id\":\"https:\\\/\\\/wonderhome.eu\\\/wonderski#primaryimage\"},\"image\":{\"@id\":\"https:\\\/\\\/wonderhome.eu\\\/wonderski#primaryimage\"},\"thumbnailUrl\":\"https:\\\/\\\/wonderhome.eu\\\/wp-content\\\/uploads\\\/2024\\\/11\\\/TAPETA-NA-TOP-60x30-5-min-scaled.png\",\"datePublished\":\"2024-11-27T13:04:22+00:00\",\"dateModified\":\"2025-10-21T08:19:51+00:00\",\"description\":\"Wonder Ski \u2013 lekcje narciarstwa z profesjonalnymi instruktorami. Odkryj rado\u015b\u0107 z jazdy na nartach w Karpaczu z indywidualnym podej\u015bciem!\",\"inLanguage\":\"en-US\",\"potentialAction\":[{\"@type\":\"ReadAction\",\"target\":[\"https:\\\/\\\/wonderhome.eu\\\/wonderski\"]}]},{\"@type\":\"ImageObject\",\"inLanguage\":\"en-US\",\"@id\":\"https:\\\/\\\/wonderhome.eu\\\/wonderski#primaryimage\",\"url\":\"https:\\\/\\\/wonderhome.eu\\\/wp-content\\\/uploads\\\/2024\\\/11\\\/TAPETA-NA-TOP-60x30-5-min-scaled.png\",\"contentUrl\":\"https:\\\/\\\/wonderhome.eu\\\/wp-content\\\/uploads\\\/2024\\\/11\\\/TAPETA-NA-TOP-60x30-5-min-scaled.png\",\"width\":1920,\"height\":1080},{\"@type\":\"WebSite\",\"@id\":\"https:\\\/\\\/wonderhome.eu\\\/#website\",\"url\":\"https:\\\/\\\/wonderhome.eu\\\/\",\"name\":\"Wonder Home\",\"description\":\"\",\"potentialAction\":[{\"@type\":\"SearchAction\",\"target\":{\"@type\":\"EntryPoint\",\"urlTemplate\":\"https:\\\/\\\/wonderhome.eu\\\/?s={search_term_string}\"},\"query-input\":{\"@type\":\"PropertyValueSpecification\",\"valueRequired\":true,\"valueName\":\"search_term_string\"}}],\"inLanguage\":\"en-US\"}]}<\/script>\n<!-- \/ Yoast SEO plugin. -->","yoast_head_json":{"title":"WonderSki - Wonder Home","description":"Wonder Ski \u2013 ski lessons with professional instructors. Discover the joy of skiing in Karpacz with a personalized approach!","robots":{"index":"index","follow":"follow","max-snippet":"max-snippet:-1","max-image-preview":"max-image-preview:large","max-video-preview":"max-video-preview:-1"},"canonical":"https:\/\/wonderhome.eu\/en\/wonderski\/","og_locale":"en_US","og_type":"article","og_title":"WonderSki - Wonder Home","og_description":"Wonder Ski \u2013 lekcje narciarstwa z profesjonalnymi instruktorami. Odkryj rado\u015b\u0107 z jazdy na nartach w Karpaczu z indywidualnym podej\u015bciem!","og_url":"https:\/\/wonderhome.eu\/en\/wonderski\/","og_site_name":"Wonder Home","article_modified_time":"2025-10-21T08:19:51+00:00","og_image":[{"width":1920,"height":1080,"url":"https:\/\/wonderhome.eu\/wp-content\/uploads\/2024\/11\/TAPETA-NA-TOP-60x30-5-min-scaled.png","type":"image\/png"}],"twitter_card":"summary_large_image","twitter_misc":{"Est. reading time":"4 minutes"},"schema":{"@context":"https:\/\/schema.org","@graph":[{"@type":"WebPage","@id":"https:\/\/wonderhome.eu\/wonderski","url":"https:\/\/wonderhome.eu\/wonderski","name":"WonderSki - Wonder Home","isPartOf":{"@id":"https:\/\/wonderhome.eu\/#website"},"primaryImageOfPage":{"@id":"https:\/\/wonderhome.eu\/wonderski#primaryimage"},"image":{"@id":"https:\/\/wonderhome.eu\/wonderski#primaryimage"},"thumbnailUrl":"https:\/\/wonderhome.eu\/wp-content\/uploads\/2024\/11\/TAPETA-NA-TOP-60x30-5-min-scaled.png","datePublished":"2024-11-27T13:04:22+00:00","dateModified":"2025-10-21T08:19:51+00:00","description":"Wonder Ski \u2013 ski lessons with professional instructors. Discover the joy of skiing in Karpacz with a personalized approach!","inLanguage":"en-US","potentialAction":[{"@type":"ReadAction","target":["https:\/\/wonderhome.eu\/wonderski"]}]},{"@type":"ImageObject","inLanguage":"en-US","@id":"https:\/\/wonderhome.eu\/wonderski#primaryimage","url":"https:\/\/wonderhome.eu\/wp-content\/uploads\/2024\/11\/TAPETA-NA-TOP-60x30-5-min-scaled.png","contentUrl":"https:\/\/wonderhome.eu\/wp-content\/uploads\/2024\/11\/TAPETA-NA-TOP-60x30-5-min-scaled.png","width":1920,"height":1080},{"@type":"WebSite","@id":"https:\/\/wonderhome.eu\/#website","url":"https:\/\/wonderhome.eu\/","name":"Wonder Home","description":"","potentialAction":[{"@type":"SearchAction","target":{"@type":"EntryPoint","urlTemplate":"https:\/\/wonderhome.eu\/?s={search_term_string}"},"query-input":{"@type":"PropertyValueSpecification","valueRequired":true,"valueName":"search_term_string"}}],"inLanguage":"en-US"}]}},"_links":{"self":[{"href":"https:\/\/wonderhome.eu\/en\/wp-json\/wp\/v2\/pages\/4989","targetHints":{"allow":["GET"]}}],"collection":[{"href":"https:\/\/wonderhome.eu\/en\/wp-json\/wp\/v2\/pages"}],"about":[{"href":"https:\/\/wonderhome.eu\/en\/wp-json\/wp\/v2\/types\/page"}],"author":[{"embeddable":true,"href":"https:\/\/wonderhome.eu\/en\/wp-json\/wp\/v2\/users\/12"}],"replies":[{"embeddable":true,"href":"https:\/\/wonderhome.eu\/en\/wp-json\/wp\/v2\/comments?post=4989"}],"version-history":[{"count":7,"href":"https:\/\/wonderhome.eu\/en\/wp-json\/wp\/v2\/pages\/4989\/revisions"}],"predecessor-version":[{"id":7504,"href":"https:\/\/wonderhome.eu\/en\/wp-json\/wp\/v2\/pages\/4989\/revisions\/7504"}],"wp:featuredmedia":[{"embeddable":true,"href":"https:\/\/wonderhome.eu\/en\/wp-json\/wp\/v2\/media\/5145"}],"wp:attachment":[{"href":"https:\/\/wonderhome.eu\/en\/wp-json\/wp\/v2\/media?parent=4989"}],"curies":[{"name":"wp","href":"https:\/\/api.w.org\/{rel}","templated":true}]}}