{"id":6438,"date":"2025-05-21T16:11:35","date_gmt":"2025-05-21T14:11:35","guid":{"rendered":"https:\/\/wonderhome.eu\/?page_id=6438"},"modified":"2025-10-17T13:53:48","modified_gmt":"2025-10-17T11:53:48","slug":"tanie-taxi-karpacz","status":"publish","type":"page","link":"https:\/\/wonderhome.eu\/en\/tanie-taxi-karpacz","title":{"rendered":"Transporting guests? It&#039;s easy with Wonder Home!"},"content":{"rendered":"<div style=\"height:40px\" aria-hidden=\"true\" class=\"wp-block-spacer\"><\/div>\n\n\n\n<div class=\"wp-block-columns is-layout-flex wp-container-core-columns-is-layout-9d6595d7 wp-block-columns-is-layout-flex\">\n<div class=\"wp-block-column is-layout-flow wp-block-column-is-layout-flow\" style=\"flex-basis:15%\"><\/div>\n\n\n\n<div class=\"wp-block-column is-layout-flow wp-block-column-is-layout-flow\" style=\"flex-basis:70%\">\n<h2 class=\"wp-block-heading has-text-align-center has-text-color has-link-color wp-elements-f2ff5835636389208e0cc36d0b8e6390\" id=\"g\u00f3ra\" style=\"color:#d7a97d;font-size:28px\"><strong>Comfortable transport for Wonder Home guests in Karpacz<\/strong><\/h2>\n\n\n\n<div style=\"height:26px\" aria-hidden=\"true\" class=\"wp-block-spacer\"><\/div>\n\n\n\n<p class=\"has-text-align-center\" style=\"font-size:20px\">IN <strong>Wonder Home<\/strong> we want your stay in Karpacz to be comfortable from start to finish. That is why, in cooperation with trusted local carriers, we offer <strong>cheap and convenient taxi transport around Karpacz and the surrounding area<\/strong>. Whether you need transport to an apartment, restaurant, trail or slope \u2013 we will help you get there quickly and comfortably. <br><strong>All this so you can focus on your vacation, not on logistics.<\/strong><\/p>\n\n\n\n<div style=\"height:29px\" aria-hidden=\"true\" class=\"wp-block-spacer\"><\/div>\n\n\n\n<div style=\"height:26px\" aria-hidden=\"true\" class=\"wp-block-spacer\"><\/div>\n\n\n\n<div class=\"wp-block-media-text is-stacked-on-mobile\"><figure class=\"wp-block-media-text__media\"><img loading=\"lazy\" decoding=\"async\" width=\"943\" height=\"648\" src=\"https:\/\/wonderhome.eu\/wp-content\/uploads\/2024\/12\/Zdjecia-na-strony-12-min-1.jpg\" alt=\"tanie taxi karpacz\" class=\"wp-image-5290 size-full\" srcset=\"https:\/\/wonderhome.eu\/wp-content\/uploads\/2024\/12\/Zdjecia-na-strony-12-min-1.jpg 943w, https:\/\/wonderhome.eu\/wp-content\/uploads\/2024\/12\/Zdjecia-na-strony-12-min-1-300x206.jpg 300w, https:\/\/wonderhome.eu\/wp-content\/uploads\/2024\/12\/Zdjecia-na-strony-12-min-1-768x528.jpg 768w, https:\/\/wonderhome.eu\/wp-content\/uploads\/2024\/12\/Zdjecia-na-strony-12-min-1-18x12.jpg 18w\" sizes=\"auto, (max-width: 943px) 100vw, 943px\" \/><\/figure><div class=\"wp-block-media-text__content\">\n<div style=\"height:29px\" aria-hidden=\"true\" class=\"wp-block-spacer\"><\/div>\n\n\n\n<div style=\"height:29px\" aria-hidden=\"true\" class=\"wp-block-spacer\"><\/div>\n\n\n\n<h2 class=\"wp-block-heading has-text-align-center\" style=\"font-size:24px\"><strong>Cheap taxis in Karpacz \u2013 <strong>SWIFT LUXURY TAXI<\/strong><\/strong> -<strong> comfortable transportation on time! <\/strong><br><strong><span style=\"color: #d7a97d;\">Why is it worth it?<\/span><\/strong><\/h2>\n\n\n\n<div style=\"height:29px\" aria-hidden=\"true\" class=\"wp-block-spacer\"><\/div>\n\n\n\n<p>IN <strong>Wonder Home<\/strong> We want every stay in Karpacz to be truly hassle-free \u2013 from the moment you arrive to the moment you return home. <strong>That is why, in addition to comfortable and fully equipped apartments, we also offer access to<\/strong> <strong>cheap taxi in Karpacz<\/strong>. <\/p>\n\n\n\n<p>Thanks to cooperation with a local carrier, <strong><strong>SWIFT LUXURY TAXI<\/strong><\/strong>, our guests can count on efficient and cost-effective transport \u2013 without stress, waiting and hidden costs.<\/p>\n\n\n\n<div style=\"height:29px\" aria-hidden=\"true\" class=\"wp-block-spacer\"><\/div>\n\n\n\n<h2 class=\"wp-block-heading has-text-align-center has-text-color has-link-color wp-elements-d21d7158a23394e1e9810f319fd9b81a\" style=\"color:#d7a97d;font-size:24px\">Order <br>SWIFT LUXURY TAXI!<\/h2>\n\n\n\n<div style=\"height:29px\" aria-hidden=\"true\" class=\"wp-block-spacer\"><\/div>\n\n\n\n<div class=\"wp-block-buttons is-content-justification-center is-layout-flex wp-container-core-buttons-is-layout-16018d1d wp-block-buttons-is-layout-flex\">\n<div class=\"wp-block-button\"><a class=\"wp-block-button__link has-background wp-element-button\" href=\"tel:+48882517528\" style=\"background-color:#d7a97d\">\n       <strong>+48 882 517 528<\/strong>\n    <\/a><\/div>\n<\/div>\n\n\n\n<div style=\"height:29px\" aria-hidden=\"true\" class=\"wp-block-spacer\"><\/div>\n<\/div><\/div>\n\n\n\n<div style=\"height:29px\" aria-hidden=\"true\" class=\"wp-block-spacer\"><\/div>\n\n\n\n<div class=\"wp-block-media-text has-media-on-the-right is-stacked-on-mobile\"><div class=\"wp-block-media-text__content\">\n<div style=\"height:29px\" aria-hidden=\"true\" class=\"wp-block-spacer\"><\/div>\n\n\n\n<div style=\"height:29px\" aria-hidden=\"true\" class=\"wp-block-spacer\"><\/div>\n\n\n\n<h2 class=\"wp-block-heading has-text-align-center\" style=\"font-size:24px\"><strong>The perfect solution for couples, families and groups<\/strong>.<br><strong><span style=\"color: #d7a97d;\">Comfortable access to the apartment and beyond!<\/span><\/strong><\/h2>\n\n\n\n<div style=\"height:29px\" aria-hidden=\"true\" class=\"wp-block-spacer\"><\/div>\n\n\n\n<p>A proven Taxi carrier is useful not only in winter. <strong>In summer it&#039;s a convenient way to get to:<\/strong><\/p>\n\n\n\n<ul class=\"wp-block-list\">\n<li>viewpoints<\/li>\n\n\n\n<li>tourist attractions<\/li>\n\n\n\n<li>restaurants with local cuisine.<\/li>\n<\/ul>\n\n\n\n<p><strong>Therefore, it is an ideal solution for families with children, seniors and groups of friends.<\/strong> Thanks to the cooperation with Wonder Home<strong> <\/strong>you can order a proven and cheap taxi in Karpacz \u2013 comfortably, without stress and on time. <strong>Additionally<\/strong>, <strong>You don&#039;t have to worry about expensive and crowded parking lots - just drive and enjoy your stay.<\/strong><\/p>\n\n\n\n<div style=\"height:29px\" aria-hidden=\"true\" class=\"wp-block-spacer\"><\/div>\n\n\n\n<div style=\"height:29px\" aria-hidden=\"true\" class=\"wp-block-spacer\"><\/div>\n<\/div><figure class=\"wp-block-media-text__media\"><img loading=\"lazy\" decoding=\"async\" width=\"1024\" height=\"727\" src=\"https:\/\/wonderhome.eu\/wp-content\/uploads\/2025\/05\/5-min-16-1024x727.jpg\" alt=\"tanie taxi karpacz dla rodziny\" class=\"wp-image-6446 size-full\" srcset=\"https:\/\/wonderhome.eu\/wp-content\/uploads\/2025\/05\/5-min-16-1024x727.jpg 1024w, https:\/\/wonderhome.eu\/wp-content\/uploads\/2025\/05\/5-min-16-300x213.jpg 300w, https:\/\/wonderhome.eu\/wp-content\/uploads\/2025\/05\/5-min-16-768x545.jpg 768w, https:\/\/wonderhome.eu\/wp-content\/uploads\/2025\/05\/5-min-16-18x12.jpg 18w, https:\/\/wonderhome.eu\/wp-content\/uploads\/2025\/05\/5-min-16.jpg 1273w\" sizes=\"auto, (max-width: 1024px) 100vw, 1024px\" \/><\/figure><\/div>\n\n\n\n<div style=\"height:29px\" aria-hidden=\"true\" class=\"wp-block-spacer\"><\/div>\n\n\n\n<div class=\"wp-block-media-text is-stacked-on-mobile\"><figure class=\"wp-block-media-text__media\"><img loading=\"lazy\" decoding=\"async\" width=\"1024\" height=\"722\" src=\"https:\/\/wonderhome.eu\/wp-content\/uploads\/2025\/05\/4-min-16-1024x722.jpg\" alt=\"\" class=\"wp-image-6447 size-full\" srcset=\"https:\/\/wonderhome.eu\/wp-content\/uploads\/2025\/05\/4-min-16-1024x722.jpg 1024w, https:\/\/wonderhome.eu\/wp-content\/uploads\/2025\/05\/4-min-16-300x211.jpg 300w, https:\/\/wonderhome.eu\/wp-content\/uploads\/2025\/05\/4-min-16-768x541.jpg 768w, https:\/\/wonderhome.eu\/wp-content\/uploads\/2025\/05\/4-min-16-18x12.jpg 18w, https:\/\/wonderhome.eu\/wp-content\/uploads\/2025\/05\/4-min-16.jpg 1288w\" sizes=\"auto, (max-width: 1024px) 100vw, 1024px\" \/><\/figure><div class=\"wp-block-media-text__content\">\n<h2 class=\"wp-block-heading has-text-align-center\" style=\"font-size:24px\"><strong>Proven partner: SWIFT LUXURY TAXI<\/strong>!<br><strong><span style=\"color: #d7a97d;\">Cheap taxis in Karpacz<\/span><\/strong><\/h2>\n\n\n\n<div style=\"height:29px\" aria-hidden=\"true\" class=\"wp-block-spacer\"><\/div>\n\n\n\n<p>We have chosen a local company for our guests <strong><strong>SWIFT LUXURY TAXI Karpacz<\/strong><\/strong>, which stands out for its punctuality, cleanliness of vehicles and very attractive rates. <\/p>\n\n\n\n<p>By using the services <strong>SWIFT LUXURY TAXI<\/strong>, you can be sure that:<\/p>\n\n\n\n<ul class=\"wp-block-list\">\n<li>the driver knows Karpacz and the surrounding area very well<\/li>\n\n\n\n<li>will take care of the smooth ride<\/li>\n\n\n\n<li>will support you when needed.<\/li>\n<\/ul>\n\n\n\n<p><strong>In short, these aren\u2019t your average taxi rides \u2013 this is a service that lives up to the Wonder Home standard. <\/strong><\/p>\n\n\n\n<div style=\"height:29px\" aria-hidden=\"true\" class=\"wp-block-spacer\"><\/div>\n<\/div><\/div>\n\n\n\n<div style=\"height:29px\" aria-hidden=\"true\" class=\"wp-block-spacer\"><\/div>\n\n\n\n<div class=\"wp-block-media-text has-media-on-the-right is-stacked-on-mobile\"><div class=\"wp-block-media-text__content\">\n<div style=\"height:29px\" aria-hidden=\"true\" class=\"wp-block-spacer\"><\/div>\n\n\n\n<div style=\"height:29px\" aria-hidden=\"true\" class=\"wp-block-spacer\"><\/div>\n\n\n\n<h2 class=\"wp-block-heading has-text-align-center\" style=\"font-size:24px\"><strong>Cheap Taxi Karpacz<\/strong> <strong>and transportation from Wonder Home.<\/strong><br><strong><span style=\"color: #d7a97d;\">Why is it worth it?<\/span><\/strong><\/h2>\n\n\n\n<div style=\"height:29px\" aria-hidden=\"true\" class=\"wp-block-spacer\"><\/div>\n\n\n\n<ul class=\"wp-block-list\">\n<li>\u2705 <strong>Car-free convenience<\/strong><br>Taxi service for Wonder Home Guests in Karpacz is a great solution if you want to avoid parking, traffic jams or traffic restrictions in the city center.<\/li>\n\n\n\n<li>\u2705 <strong>Savings and simplicity<\/strong><br>Ordering a cheap taxi in Karpacz is often a more economical option than using your own car \u2013 especially for short routes, e.g. from the station, restaurant or water park. <\/li>\n\n\n\n<li>\u2705 <strong>Transport tailored to your needs<\/strong><br>The vehicles offered are ideal for families and larger groups. Taxi is also available for guests traveling with larger luggage.<\/li>\n\n\n\n<li>\u2705 <strong>We work with the best<\/strong><br>Our current partner is Taxi SWIFT Karpacz \u2013 known for punctuality, high driver culture and competitive rates. It is a reliable choice for all our Guests.<\/li>\n<\/ul>\n\n\n\n<div style=\"height:29px\" aria-hidden=\"true\" class=\"wp-block-spacer\"><\/div>\n\n\n\n<h2 class=\"wp-block-heading has-text-align-center has-text-color has-link-color wp-elements-d6e1f262d8cdfe618840bdff993e8d7b\" style=\"color:#d7a97d\">Order <br>SWIFT LUXURY TAXI!<\/h2>\n\n\n\n<div style=\"height:29px\" aria-hidden=\"true\" class=\"wp-block-spacer\"><\/div>\n\n\n\n<div class=\"wp-block-buttons is-content-justification-center is-layout-flex wp-container-core-buttons-is-layout-16018d1d wp-block-buttons-is-layout-flex\">\n<div class=\"wp-block-button\"><a class=\"wp-block-button__link has-background wp-element-button\" href=\"tel:+48882517528\" style=\"background-color:#d7a97d\">\n       <strong>+48 882 517 528<\/strong>\n    <\/a><\/div>\n<\/div>\n<\/div><figure class=\"wp-block-media-text__media\"><img loading=\"lazy\" decoding=\"async\" width=\"1024\" height=\"702\" src=\"https:\/\/wonderhome.eu\/wp-content\/uploads\/2025\/01\/10-min-6-1024x702.jpg\" alt=\"\" class=\"wp-image-5826 size-full\" srcset=\"https:\/\/wonderhome.eu\/wp-content\/uploads\/2025\/01\/10-min-6-1024x702.jpg 1024w, https:\/\/wonderhome.eu\/wp-content\/uploads\/2025\/01\/10-min-6-300x206.jpg 300w, https:\/\/wonderhome.eu\/wp-content\/uploads\/2025\/01\/10-min-6-768x526.jpg 768w, https:\/\/wonderhome.eu\/wp-content\/uploads\/2025\/01\/10-min-6-18x12.jpg 18w, https:\/\/wonderhome.eu\/wp-content\/uploads\/2025\/01\/10-min-6.jpg 1227w\" sizes=\"auto, (max-width: 1024px) 100vw, 1024px\" \/><\/figure><\/div>\n\n\n\n<div style=\"height:56px\" aria-hidden=\"true\" class=\"wp-block-spacer\"><\/div>\n\n\n\n<div class=\"wp-block-buttons is-content-justification-center is-layout-flex wp-container-core-buttons-is-layout-16018d1d wp-block-buttons-is-layout-flex\">\n<div class=\"wp-block-button\"><a class=\"wp-block-button__link has-background has-text-align-center wp-element-button\" href=\"#g\u00f3ra\" style=\"background-color:#d7a97d\"><strong>Return<\/strong><\/a><\/div>\n<\/div>\n\n\n\n<div style=\"height:56px\" aria-hidden=\"true\" class=\"wp-block-spacer\"><\/div>\n\n\n\n<div style=\"height:56px\" aria-hidden=\"true\" class=\"wp-block-spacer\"><\/div>\n<\/div>\n\n\n\n<div class=\"wp-block-column is-layout-flow wp-block-column-is-layout-flow\" style=\"flex-basis:15%\"><\/div>\n<\/div>\n\n\n\n<p><\/p>\n\n\n\n<div style=\"height:49px\" aria-hidden=\"true\" class=\"wp-block-spacer\"><\/div>\n\n\n\n<div class=\"wp-block-cover alignfull is-light has-parallax has-small-font-size\" style=\"min-height:130px;aspect-ratio:unset;\"><div class=\"wp-block-cover__image-background wp-image-3915 has-parallax\" style=\"background-position:50% 50%;background-image:url(https:\/\/wonderhome.eu\/wp-content\/uploads\/2024\/11\/Header-statyczny-1920-x-1080-px-1920-x-1080-px-2.jpg)\"><\/div><span aria-hidden=\"true\" class=\"wp-block-cover__background has-background-dim-40 has-background-dim\" style=\"background-color:#b5a38f\"><\/span><div class=\"wp-block-cover__inner-container is-layout-constrained wp-block-cover-is-layout-constrained\">\n<p class=\"has-text-align-center has-white-color has-text-color has-link-color has-x-large-font-size wp-elements-e39e123ee203204ec81a5fb012e11dd4\"><strong>We are waiting just for you!<\/strong><\/p>\n<\/div><\/div>","protected":false},"excerpt":{"rendered":"<p>Komfortowy transport dla Go\u015bci Wonder Home w Karpaczu W Wonder Home zale\u017cy nam, aby Tw\u00f3j pobyt w Karpaczu by\u0142 wygodny od pocz\u0105tku do ko\u0144ca. Dlatego we wsp\u00f3\u0142pracy z zaufanymi lokalnymi przewo\u017anikami oferujemy tani i wygodny transport taxi po Karpaczu i okolicach. Bez wzgl\u0119du na to, czy potrzebujesz dojazdu do apartamentu, restauracji, szlaku czy stoku \u2013 [&hellip;]<\/p>\n","protected":false},"author":12,"featured_media":6445,"parent":0,"menu_order":0,"comment_status":"closed","ping_status":"closed","template":"","meta":{"_acf_changed":false,"footnotes":""},"class_list":["post-6438","page","type-page","status-publish","has-post-thumbnail","hentry"],"acf":[],"yoast_head":"<!-- This site is optimized with the Yoast SEO plugin v27.4 - https:\/\/yoast.com\/product\/yoast-seo-wordpress\/ -->\n<title>Tanie Taxi Karpacz! Tylko dla Wonder Go\u015bci | Wonder Home<\/title>\n<meta name=\"description\" content=\"Tanie taxi Karpacz \u2013 szybki i wygodny dojazd do apartamentu Wonder Home i lokalnych atrakcji. Sprawd\u017a nasz transport partnerski!\" \/>\n<meta name=\"robots\" content=\"index, follow, max-snippet:-1, max-image-preview:large, max-video-preview:-1\" \/>\n<link rel=\"canonical\" href=\"https:\/\/wonderhome.eu\/en\/tanie-taxi-karpacz\/\" \/>\n<meta property=\"og:locale\" content=\"en_US\" \/>\n<meta property=\"og:type\" content=\"article\" \/>\n<meta property=\"og:title\" content=\"Tanie Taxi Karpacz! Tylko dla Wonder Go\u015bci | Wonder Home\" \/>\n<meta property=\"og:description\" content=\"Tanie taxi Karpacz \u2013 szybki i wygodny dojazd do apartamentu Wonder Home i lokalnych atrakcji. Sprawd\u017a nasz transport partnerski!\" \/>\n<meta property=\"og:url\" content=\"https:\/\/wonderhome.eu\/en\/tanie-taxi-karpacz\/\" \/>\n<meta property=\"og:site_name\" content=\"Wonder Home\" \/>\n<meta property=\"article:modified_time\" content=\"2025-10-17T11:53:48+00:00\" \/>\n<meta property=\"og:image\" content=\"https:\/\/wonderhome.eu\/wp-content\/uploads\/2025\/05\/7-min-7.jpg\" \/>\n\t<meta property=\"og:image:width\" content=\"1920\" \/>\n\t<meta property=\"og:image:height\" content=\"1080\" \/>\n\t<meta property=\"og:image:type\" content=\"image\/jpeg\" \/>\n<meta name=\"twitter:card\" content=\"summary_large_image\" \/>\n<meta name=\"twitter:label1\" content=\"Est. reading time\" \/>\n\t<meta name=\"twitter:data1\" content=\"5 minutes\" \/>\n<script type=\"application\/ld+json\" class=\"yoast-schema-graph\">{\"@context\":\"https:\\\/\\\/schema.org\",\"@graph\":[{\"@type\":\"WebPage\",\"@id\":\"https:\\\/\\\/wonderhome.eu\\\/tanie-taxi-karpacz\",\"url\":\"https:\\\/\\\/wonderhome.eu\\\/tanie-taxi-karpacz\",\"name\":\"Tanie Taxi Karpacz! Tylko dla Wonder Go\u015bci | Wonder Home\",\"isPartOf\":{\"@id\":\"https:\\\/\\\/wonderhome.eu\\\/#website\"},\"primaryImageOfPage\":{\"@id\":\"https:\\\/\\\/wonderhome.eu\\\/tanie-taxi-karpacz#primaryimage\"},\"image\":{\"@id\":\"https:\\\/\\\/wonderhome.eu\\\/tanie-taxi-karpacz#primaryimage\"},\"thumbnailUrl\":\"https:\\\/\\\/wonderhome.eu\\\/wp-content\\\/uploads\\\/2025\\\/05\\\/7-min-7.jpg\",\"datePublished\":\"2025-05-21T14:11:35+00:00\",\"dateModified\":\"2025-10-17T11:53:48+00:00\",\"description\":\"Tanie taxi Karpacz \u2013 szybki i wygodny dojazd do apartamentu Wonder Home i lokalnych atrakcji. Sprawd\u017a nasz transport partnerski!\",\"inLanguage\":\"en-US\",\"potentialAction\":[{\"@type\":\"ReadAction\",\"target\":[\"https:\\\/\\\/wonderhome.eu\\\/tanie-taxi-karpacz\"]}]},{\"@type\":\"ImageObject\",\"inLanguage\":\"en-US\",\"@id\":\"https:\\\/\\\/wonderhome.eu\\\/tanie-taxi-karpacz#primaryimage\",\"url\":\"https:\\\/\\\/wonderhome.eu\\\/wp-content\\\/uploads\\\/2025\\\/05\\\/7-min-7.jpg\",\"contentUrl\":\"https:\\\/\\\/wonderhome.eu\\\/wp-content\\\/uploads\\\/2025\\\/05\\\/7-min-7.jpg\",\"width\":1920,\"height\":1080,\"caption\":\"tanie taxi karpacz\"},{\"@type\":\"WebSite\",\"@id\":\"https:\\\/\\\/wonderhome.eu\\\/#website\",\"url\":\"https:\\\/\\\/wonderhome.eu\\\/\",\"name\":\"Wonder Home\",\"description\":\"\",\"potentialAction\":[{\"@type\":\"SearchAction\",\"target\":{\"@type\":\"EntryPoint\",\"urlTemplate\":\"https:\\\/\\\/wonderhome.eu\\\/?s={search_term_string}\"},\"query-input\":{\"@type\":\"PropertyValueSpecification\",\"valueRequired\":true,\"valueName\":\"search_term_string\"}}],\"inLanguage\":\"en-US\"}]}<\/script>\n<!-- \/ Yoast SEO plugin. -->","yoast_head_json":{"title":"Tanie Taxi Karpacz! Tylko dla Wonder Go\u015bci | Wonder Home","description":"Tanie taxi Karpacz \u2013 szybki i wygodny dojazd do apartamentu Wonder Home i lokalnych atrakcji. Sprawd\u017a nasz transport partnerski!","robots":{"index":"index","follow":"follow","max-snippet":"max-snippet:-1","max-image-preview":"max-image-preview:large","max-video-preview":"max-video-preview:-1"},"canonical":"https:\/\/wonderhome.eu\/en\/tanie-taxi-karpacz\/","og_locale":"en_US","og_type":"article","og_title":"Tanie Taxi Karpacz! Tylko dla Wonder Go\u015bci | Wonder Home","og_description":"Tanie taxi Karpacz \u2013 szybki i wygodny dojazd do apartamentu Wonder Home i lokalnych atrakcji. Sprawd\u017a nasz transport partnerski!","og_url":"https:\/\/wonderhome.eu\/en\/tanie-taxi-karpacz\/","og_site_name":"Wonder Home","article_modified_time":"2025-10-17T11:53:48+00:00","og_image":[{"width":1920,"height":1080,"url":"https:\/\/wonderhome.eu\/wp-content\/uploads\/2025\/05\/7-min-7.jpg","type":"image\/jpeg"}],"twitter_card":"summary_large_image","twitter_misc":{"Est. reading time":"5 minutes"},"schema":{"@context":"https:\/\/schema.org","@graph":[{"@type":"WebPage","@id":"https:\/\/wonderhome.eu\/tanie-taxi-karpacz","url":"https:\/\/wonderhome.eu\/tanie-taxi-karpacz","name":"Tanie Taxi Karpacz! Tylko dla Wonder Go\u015bci | Wonder Home","isPartOf":{"@id":"https:\/\/wonderhome.eu\/#website"},"primaryImageOfPage":{"@id":"https:\/\/wonderhome.eu\/tanie-taxi-karpacz#primaryimage"},"image":{"@id":"https:\/\/wonderhome.eu\/tanie-taxi-karpacz#primaryimage"},"thumbnailUrl":"https:\/\/wonderhome.eu\/wp-content\/uploads\/2025\/05\/7-min-7.jpg","datePublished":"2025-05-21T14:11:35+00:00","dateModified":"2025-10-17T11:53:48+00:00","description":"Tanie taxi Karpacz \u2013 szybki i wygodny dojazd do apartamentu Wonder Home i lokalnych atrakcji. Sprawd\u017a nasz transport partnerski!","inLanguage":"en-US","potentialAction":[{"@type":"ReadAction","target":["https:\/\/wonderhome.eu\/tanie-taxi-karpacz"]}]},{"@type":"ImageObject","inLanguage":"en-US","@id":"https:\/\/wonderhome.eu\/tanie-taxi-karpacz#primaryimage","url":"https:\/\/wonderhome.eu\/wp-content\/uploads\/2025\/05\/7-min-7.jpg","contentUrl":"https:\/\/wonderhome.eu\/wp-content\/uploads\/2025\/05\/7-min-7.jpg","width":1920,"height":1080,"caption":"tanie taxi karpacz"},{"@type":"WebSite","@id":"https:\/\/wonderhome.eu\/#website","url":"https:\/\/wonderhome.eu\/","name":"Wonder Home","description":"","potentialAction":[{"@type":"SearchAction","target":{"@type":"EntryPoint","urlTemplate":"https:\/\/wonderhome.eu\/?s={search_term_string}"},"query-input":{"@type":"PropertyValueSpecification","valueRequired":true,"valueName":"search_term_string"}}],"inLanguage":"en-US"}]}},"_links":{"self":[{"href":"https:\/\/wonderhome.eu\/en\/wp-json\/wp\/v2\/pages\/6438","targetHints":{"allow":["GET"]}}],"collection":[{"href":"https:\/\/wonderhome.eu\/en\/wp-json\/wp\/v2\/pages"}],"about":[{"href":"https:\/\/wonderhome.eu\/en\/wp-json\/wp\/v2\/types\/page"}],"author":[{"embeddable":true,"href":"https:\/\/wonderhome.eu\/en\/wp-json\/wp\/v2\/users\/12"}],"replies":[{"embeddable":true,"href":"https:\/\/wonderhome.eu\/en\/wp-json\/wp\/v2\/comments?post=6438"}],"version-history":[{"count":1,"href":"https:\/\/wonderhome.eu\/en\/wp-json\/wp\/v2\/pages\/6438\/revisions"}],"predecessor-version":[{"id":7419,"href":"https:\/\/wonderhome.eu\/en\/wp-json\/wp\/v2\/pages\/6438\/revisions\/7419"}],"wp:featuredmedia":[{"embeddable":true,"href":"https:\/\/wonderhome.eu\/en\/wp-json\/wp\/v2\/media\/6445"}],"wp:attachment":[{"href":"https:\/\/wonderhome.eu\/en\/wp-json\/wp\/v2\/media?parent=6438"}],"curies":[{"name":"wp","href":"https:\/\/api.w.org\/{rel}","templated":true}]}}