{"id":8044,"date":"2026-04-16T12:48:39","date_gmt":"2026-04-16T10:48:39","guid":{"rendered":"https:\/\/wonderhome.eu\/?page_id=8044"},"modified":"2026-04-17T08:22:12","modified_gmt":"2026-04-17T06:22:12","slug":"opinie-wonder-home-nagroda-pgca-2026","status":"publish","type":"page","link":"https:\/\/wonderhome.eu\/en\/opinie-wonder-home-nagroda-pgca-2026","title":{"rendered":"Wonder Home Reviews - PGCA 2026 Award in the APARTHOTEL category"},"content":{"rendered":"<div style=\"height:40px\" aria-hidden=\"true\" class=\"wp-block-spacer\"><\/div>\n\n\n\n<div class=\"wp-block-columns is-layout-flex wp-container-core-columns-is-layout-9d6595d7 wp-block-columns-is-layout-flex\">\n<div class=\"wp-block-column is-layout-flow wp-block-column-is-layout-flow\" style=\"flex-basis:15%\"><\/div>\n\n\n\n<div class=\"wp-block-column is-layout-flow wp-block-column-is-layout-flow\" style=\"flex-basis:70%\">\n<h2 class=\"wp-block-heading has-text-align-center has-text-color has-link-color wp-elements-037c25ae92d9af52efaaf8c8e81cd8d1\" id=\"g\u00f3ra\" style=\"color:#292727fa;font-size:28px\"><strong>Wonder Home among the winners of the Polish Guests&#039; Choice Awards - Aparthotel category<\/strong>! Second place confirms our strong position among the best-rated properties in Poland.<\/h2>\n\n\n\n<div style=\"height:36px\" aria-hidden=\"true\" class=\"wp-block-spacer\"><\/div>\n\n\n\n<div class=\"wp-block-columns is-layout-flex wp-container-core-columns-is-layout-9d6595d7 wp-block-columns-is-layout-flex\">\n<div class=\"wp-block-column is-layout-flow wp-block-column-is-layout-flow\" style=\"flex-basis:33%\"><\/div>\n\n\n\n<div class=\"wp-block-column is-layout-flow wp-block-column-is-layout-flow\" style=\"flex-basis:33%\">\n<h3 class=\"wp-block-heading has-text-align-center has-text-color has-link-color wp-elements-f492da4de65ff1e9f18620087dcee51a\" style=\"color:#196395\"><strong><a href=\"https:\/\/wonderhome.eu\/en\/witaj-wonder-gosciu\/\" target=\"_blank\" rel=\"noreferrer noopener\">HELLO <\/a><\/strong><br><strong><a href=\"https:\/\/wonderhome.eu\/en\/witaj-wonder-gosciu\/\" target=\"_blank\" rel=\"noreferrer noopener\">WONDER GUY<\/a><\/strong><\/h3>\n<\/div>\n\n\n\n<div class=\"wp-block-column is-layout-flow wp-block-column-is-layout-flow\" style=\"flex-basis:33%\"><\/div>\n<\/div>\n\n\n\n<div style=\"height:26px\" aria-hidden=\"true\" class=\"wp-block-spacer\"><\/div>\n\n\n\n<p class=\"has-text-align-center has-medium-font-size\">We are delighted to announce that in 2026 Wonder Home won <strong>2nd place in Polish Guests&#039; Choice Awards<\/strong> in a dynamically developing category <strong>APARTHOTEL<\/strong>. This unique distinction is awarded based on authentic guest reviews, and our high ratings and numerous positive reviews on TrustMate for 2025 confirm our place among the top leaders in this category.<\/p>\n\n\n\n<div style=\"height:26px\" aria-hidden=\"true\" class=\"wp-block-spacer\"><\/div>\n\n\n\n<p class=\"has-text-align-center has-medium-font-size\"><br><\/p>\n\n\n\n<div class=\"wp-block-columns is-layout-flex wp-container-core-columns-is-layout-9d6595d7 wp-block-columns-is-layout-flex\">\n<div class=\"wp-block-column is-layout-flow wp-block-column-is-layout-flow\"><div class=\"wp-block-image animated fadeIn\">\n<figure class=\"aligncenter size-full is-resized\"><img loading=\"lazy\" decoding=\"async\" width=\"500\" height=\"500\" src=\"https:\/\/wonderhome.eu\/wp-content\/uploads\/2025\/07\/24-min.jpg\" alt=\"\" class=\"wp-image-6698\" style=\"width:150px\" srcset=\"https:\/\/wonderhome.eu\/wp-content\/uploads\/2025\/07\/24-min.jpg 500w, https:\/\/wonderhome.eu\/wp-content\/uploads\/2025\/07\/24-min-300x300.jpg 300w, https:\/\/wonderhome.eu\/wp-content\/uploads\/2025\/07\/24-min-150x150.jpg 150w, https:\/\/wonderhome.eu\/wp-content\/uploads\/2025\/07\/24-min-12x12.jpg 12w\" sizes=\"auto, (max-width: 500px) 100vw, 500px\" \/><\/figure>\n<\/div>\n\n\n<h3 class=\"wp-block-heading has-text-align-center has-text-color has-link-color wp-elements-22ce0b0369d0a7ff5248b8f9ed53fb01\" style=\"color:#196395\"><strong><a href=\"https:\/\/wonderhome.eu\/en\/lokalizacje\/\" target=\"_blank\" rel=\"noreferrer noopener\">OUR LOCATIONS<\/a><\/strong><\/h3>\n<\/div>\n\n\n\n<div class=\"wp-block-column is-layout-flow wp-block-column-is-layout-flow\"><div class=\"wp-block-image animated fadeIn\">\n<figure class=\"aligncenter size-full is-resized\"><img loading=\"lazy\" decoding=\"async\" width=\"500\" height=\"500\" src=\"https:\/\/wonderhome.eu\/wp-content\/uploads\/2025\/07\/44-1.jpg\" alt=\"\" class=\"wp-image-6776\" style=\"width:150px\" srcset=\"https:\/\/wonderhome.eu\/wp-content\/uploads\/2025\/07\/44-1.jpg 500w, https:\/\/wonderhome.eu\/wp-content\/uploads\/2025\/07\/44-1-300x300.jpg 300w, https:\/\/wonderhome.eu\/wp-content\/uploads\/2025\/07\/44-1-150x150.jpg 150w, https:\/\/wonderhome.eu\/wp-content\/uploads\/2025\/07\/44-1-12x12.jpg 12w\" sizes=\"auto, (max-width: 500px) 100vw, 500px\" \/><\/figure>\n<\/div>\n\n\n<h3 class=\"wp-block-heading has-text-align-center has-text-color has-link-color wp-elements-5431be7fe86293c93d7ae069b3cd6120\" style=\"color:#196395\"><strong><a href=\"https:\/\/wonderhome.eu\/en\/opinie\/\" target=\"_blank\" rel=\"noreferrer noopener\">GUEST REVIEWS<\/a><\/strong><\/h3>\n<\/div>\n\n\n\n<div class=\"wp-block-column is-layout-flow wp-block-column-is-layout-flow\"><div class=\"wp-block-image animated fadeIn\">\n<figure class=\"aligncenter size-full is-resized\"><img loading=\"lazy\" decoding=\"async\" width=\"500\" height=\"500\" src=\"https:\/\/wonderhome.eu\/wp-content\/uploads\/2025\/07\/9-min.jpg\" alt=\"\" class=\"wp-image-6719\" style=\"width:150px\" srcset=\"https:\/\/wonderhome.eu\/wp-content\/uploads\/2025\/07\/9-min.jpg 500w, https:\/\/wonderhome.eu\/wp-content\/uploads\/2025\/07\/9-min-300x300.jpg 300w, https:\/\/wonderhome.eu\/wp-content\/uploads\/2025\/07\/9-min-150x150.jpg 150w, https:\/\/wonderhome.eu\/wp-content\/uploads\/2025\/07\/9-min-12x12.jpg 12w\" sizes=\"auto, (max-width: 500px) 100vw, 500px\" \/><\/figure>\n<\/div>\n\n\n<h3 class=\"wp-block-heading has-text-align-center has-text-color has-link-color wp-elements-52240164729920a9fa1671218954c83f\" style=\"color:#196395\"><strong><a href=\"https:\/\/wonderhome.eu\/en\/rzecznik-praw-goscia\/\" target=\"_blank\" rel=\"noreferrer noopener\">GUEST OMBUDSMAN<\/a><\/strong><\/h3>\n<\/div>\n\n\n\n<div class=\"wp-block-column is-layout-flow wp-block-column-is-layout-flow\"><div class=\"wp-block-image animated fadeIn\">\n<figure class=\"aligncenter size-full is-resized\"><img loading=\"lazy\" decoding=\"async\" width=\"500\" height=\"500\" src=\"https:\/\/wonderhome.eu\/wp-content\/uploads\/2025\/07\/46-min.jpg\" alt=\"\" class=\"wp-image-6687\" style=\"width:150px\" srcset=\"https:\/\/wonderhome.eu\/wp-content\/uploads\/2025\/07\/46-min.jpg 500w, https:\/\/wonderhome.eu\/wp-content\/uploads\/2025\/07\/46-min-300x300.jpg 300w, https:\/\/wonderhome.eu\/wp-content\/uploads\/2025\/07\/46-min-150x150.jpg 150w, https:\/\/wonderhome.eu\/wp-content\/uploads\/2025\/07\/46-min-12x12.jpg 12w\" sizes=\"auto, (max-width: 500px) 100vw, 500px\" \/><\/figure>\n<\/div>\n\n\n<h3 class=\"wp-block-heading has-text-align-center has-text-color has-link-color wp-elements-aae98a500f41e42856de7b844aa29a00\" style=\"color:#196395\"><strong><a href=\"https:\/\/wonderhome.eu\/en\/wonder-klub\/\" target=\"_blank\" rel=\"noreferrer noopener\">WONDER CLUB<\/a><\/strong><\/h3>\n<\/div>\n<\/div>\n\n\n\n<div style=\"height:49px\" aria-hidden=\"true\" class=\"wp-block-spacer\"><\/div>\n\n\n\n<div class=\"wp-block-media-text is-stacked-on-mobile\"><figure class=\"wp-block-media-text__media\"><img loading=\"lazy\" decoding=\"async\" width=\"940\" height=\"788\" src=\"https:\/\/wonderhome.eu\/wp-content\/uploads\/2026\/04\/APARTAMENTY-FB-5-1.jpg\" alt=\"\" class=\"wp-image-8054 size-full\" srcset=\"https:\/\/wonderhome.eu\/wp-content\/uploads\/2026\/04\/APARTAMENTY-FB-5-1.jpg 940w, https:\/\/wonderhome.eu\/wp-content\/uploads\/2026\/04\/APARTAMENTY-FB-5-1-300x251.jpg 300w, https:\/\/wonderhome.eu\/wp-content\/uploads\/2026\/04\/APARTAMENTY-FB-5-1-768x644.jpg 768w, https:\/\/wonderhome.eu\/wp-content\/uploads\/2026\/04\/APARTAMENTY-FB-5-1-14x12.jpg 14w\" sizes=\"auto, (max-width: 940px) 100vw, 940px\" \/><\/figure><div class=\"wp-block-media-text__content\">\n<h2 class=\"wp-block-heading has-text-align-center\" style=\"font-size:24px\"><strong><strong><strong><span style=\"color: #d7a97d;\">Opinions about Wonder Home<\/span><\/strong> \u2013 PGCA 2026 award and leader of the Aparthotel category<\/strong><\/strong><\/h2>\n\n\n\n<p>When planning a trip, we increasingly rely on the opinions of others\u2014especially those available online. It was the reviews of Wonder Home that earned us the award in the Aparthotel category at the 2026 Polish Guests&#039; Choice Awards!<\/p>\n\n\n\n<p>This distinction is based on verified opinions that accurately reflect the quality of your stay and the standards we provide every day.<\/p>\n\n\n\n<h4 class=\"wp-block-heading\"><strong>This is proof that consistent attention to detail, guest comfort and a high level of service translate into real results.<\/strong><\/h4>\n<\/div><\/div>\n\n\n\n<div style=\"height:56px\" aria-hidden=\"true\" class=\"wp-block-spacer\"><\/div>\n\n\n\n<div class=\"wp-block-media-text has-media-on-the-right is-stacked-on-mobile\"><div class=\"wp-block-media-text__content\">\n<h2 class=\"wp-block-heading has-text-align-center\" style=\"font-size:24px\"><strong><strong>Prestigious PGCA Gala<\/strong>: prize<\/strong> <strong><span style=\"color: #d7a97d;\">in the Aparthotel industry<\/span><\/strong><\/h2>\n\n\n\n<p>Winning second place in the Aparthotel category is not only a source of pride, but also a sign that we are developing in one of the most demanding market segments. The Aparthotel category requires a combination of an independent stay with a high standard of guest service.<\/p>\n\n\n\n<p>It is this flexibility that poses the greatest challenge: Guests expect a homely atmosphere, but at the same time, professionalism at the level of a hotel \u2013 and this in many, often scattered, locations.<\/p>\n\n\n\n<p><strong>The nominees in the APARTHOTEL category included:<\/strong><\/p>\n\n\n\n<ul class=\"wp-block-list\">\n<li>Baltic Home \u015awinouj\u015bcie<\/li>\n\n\n\n<li>Wonder Home Apartments<\/li>\n\n\n\n<li>Baltic Home Mi\u0119dzyzdroje<\/li>\n<\/ul>\n\n\n\n<h4 class=\"wp-block-heading\"><strong>The ranking was based on TrustMate data, which analyzes, among other things, the quality of reviews, average ratings, and communication with guests at every stage of the stay \u2013 from booking to check-out.<\/strong><\/h4>\n<\/div><figure class=\"wp-block-media-text__media\"><img loading=\"lazy\" decoding=\"async\" width=\"1024\" height=\"694\" src=\"https:\/\/wonderhome.eu\/wp-content\/uploads\/2026\/04\/Wallpaper-7-1-1-1024x694.jpg\" alt=\"\" class=\"wp-image-8072 size-full\" srcset=\"https:\/\/wonderhome.eu\/wp-content\/uploads\/2026\/04\/Wallpaper-7-1-1-1024x694.jpg 1024w, https:\/\/wonderhome.eu\/wp-content\/uploads\/2026\/04\/Wallpaper-7-1-1-300x203.jpg 300w, https:\/\/wonderhome.eu\/wp-content\/uploads\/2026\/04\/Wallpaper-7-1-1-768x521.jpg 768w, https:\/\/wonderhome.eu\/wp-content\/uploads\/2026\/04\/Wallpaper-7-1-1-18x12.jpg 18w, https:\/\/wonderhome.eu\/wp-content\/uploads\/2026\/04\/Wallpaper-7-1-1.jpg 1155w\" sizes=\"auto, (max-width: 1024px) 100vw, 1024px\" \/><\/figure><\/div>\n\n\n\n<div style=\"height:56px\" aria-hidden=\"true\" class=\"wp-block-spacer\"><\/div>\n\n\n\n<div class=\"wp-block-media-text is-stacked-on-mobile\"><figure class=\"wp-block-media-text__media\"><img loading=\"lazy\" decoding=\"async\" width=\"1024\" height=\"677\" src=\"https:\/\/wonderhome.eu\/wp-content\/uploads\/2025\/04\/Tapety-rozne-36-min-1024x677.jpg\" alt=\"Wonder Home TOP noclegi Karpacz\" class=\"wp-image-6217 size-full\" srcset=\"https:\/\/wonderhome.eu\/wp-content\/uploads\/2025\/04\/Tapety-rozne-36-min-1024x677.jpg 1024w, https:\/\/wonderhome.eu\/wp-content\/uploads\/2025\/04\/Tapety-rozne-36-min-300x198.jpg 300w, https:\/\/wonderhome.eu\/wp-content\/uploads\/2025\/04\/Tapety-rozne-36-min-768x508.jpg 768w, https:\/\/wonderhome.eu\/wp-content\/uploads\/2025\/04\/Tapety-rozne-36-min-18x12.jpg 18w, https:\/\/wonderhome.eu\/wp-content\/uploads\/2025\/04\/Tapety-rozne-36-min.jpg 1251w\" sizes=\"auto, (max-width: 1024px) 100vw, 1024px\" \/><\/figure><div class=\"wp-block-media-text__content\">\n<h2 class=\"wp-block-heading has-text-align-center\" style=\"font-size:24px\"><strong><strong>&nbsp;<strong><strong>Why Guests Choose <\/strong><\/strong><span style=\"color: #d7a97d;\">Wonder Home?<\/span><\/strong><\/strong><\/h2>\n\n\n\n<p>Managing short-term rentals is more than just providing an apartment \u2013 it&#039;s about working daily to ensure a positive guest experience. <\/p>\n\n\n\n<p><strong>What makes us stand out in the aparthotel market?<\/strong><\/p>\n\n\n\n<p>\u2714 Consistent standard across multiple locations \u2013 we ensure the highest quality of stay<br>\u2714 Excellent communication \u2013 quick response to guest needs at every stage<br>\u2714 Trust confirmed by opinions \u2013 hundreds of positive reviews on TrustMate<br>\u2714 Comfort and independence \u2013 <br>fully equipped, stylish apartments<\/p>\n\n\n\n<h4 class=\"wp-block-heading\"><strong>It is these elements that make guests eager to return and recommend Wonder Home as a proven place to relax.<\/strong><\/h4>\n\n\n\n<div style=\"height:29px\" aria-hidden=\"true\" class=\"wp-block-spacer\"><\/div>\n<\/div><\/div>\n\n\n\n<div style=\"height:56px\" aria-hidden=\"true\" class=\"wp-block-spacer\"><\/div>\n\n\n\n<div class=\"wp-block-media-text has-media-on-the-right is-stacked-on-mobile\"><div class=\"wp-block-media-text__content\">\n<h2 class=\"wp-block-heading has-text-align-center\" style=\"font-size:24px\"><strong>Join the group <span style=\"color: #d7a97d;\">satisfied guests<\/span><\/strong><\/h2>\n\n\n\n<p>The opinions of our guests are our greatest value \u2013 they allow us to develop and win further awards. <strong>The award in the Aparthotel category confirms that the direction we have chosen has a real impact on the quality of our guests&#039; experiences.<\/strong><\/p>\n\n\n\n<p>Planning a trip to the mountains? Choose Wonder Home and see why we&#039;re winning praise from guests and the industry. Check availability and book your stay now.<\/p>\n\n\n\n<div style=\"height:29px\" aria-hidden=\"true\" class=\"wp-block-spacer\"><\/div>\n\n\n\n<div class=\"wp-block-buttons is-content-justification-center is-layout-flex wp-container-core-buttons-is-layout-16018d1d wp-block-buttons-is-layout-flex\">\n<div class=\"wp-block-button\"><a class=\"wp-block-button__link has-background has-text-align-center wp-element-button\" href=\"https:\/\/wonderhome.eu\/en\/apartamenty\/apartamenty-karpacz\/\" style=\"background-color:#d7a97d\" target=\"_blank\" rel=\"noreferrer noopener\"><strong>BOOK NOW!<\/strong><\/a><\/div>\n<\/div>\n\n\n\n<div style=\"height:29px\" aria-hidden=\"true\" class=\"wp-block-spacer\"><\/div>\n\n\n\n<div style=\"height:29px\" aria-hidden=\"true\" class=\"wp-block-spacer\"><\/div>\n<\/div><figure class=\"wp-block-media-text__media\"><img loading=\"lazy\" decoding=\"async\" width=\"1024\" height=\"701\" src=\"https:\/\/wonderhome.eu\/wp-content\/uploads\/2026\/04\/Wallpaper-8-1-1024x701.jpg\" alt=\"\" class=\"wp-image-8075 size-full\" srcset=\"https:\/\/wonderhome.eu\/wp-content\/uploads\/2026\/04\/Wallpaper-8-1-1024x701.jpg 1024w, https:\/\/wonderhome.eu\/wp-content\/uploads\/2026\/04\/Wallpaper-8-1-300x205.jpg 300w, https:\/\/wonderhome.eu\/wp-content\/uploads\/2026\/04\/Wallpaper-8-1-768x526.jpg 768w, https:\/\/wonderhome.eu\/wp-content\/uploads\/2026\/04\/Wallpaper-8-1-18x12.jpg 18w, https:\/\/wonderhome.eu\/wp-content\/uploads\/2026\/04\/Wallpaper-8-1.jpg 1094w\" sizes=\"auto, (max-width: 1024px) 100vw, 1024px\" \/><\/figure><\/div>\n\n\n\n<div style=\"height:39px\" aria-hidden=\"true\" class=\"wp-block-spacer\"><\/div>\n\n\n\n<div class=\"wp-block-buttons is-content-justification-center is-layout-flex wp-container-core-buttons-is-layout-16018d1d wp-block-buttons-is-layout-flex\">\n<div class=\"wp-block-button\"><a class=\"wp-block-button__link has-background has-text-align-center wp-element-button\" href=\"#g\u00f3ra\" style=\"background-color:#d7a97d\"><strong>Return<\/strong><\/a><\/div>\n<\/div>\n<\/div>\n\n\n\n<div class=\"wp-block-column is-layout-flow wp-block-column-is-layout-flow\" style=\"flex-basis:15%\"><\/div>\n<\/div>\n\n\n\n<p><\/p>\n\n\n\n<div style=\"height:49px\" aria-hidden=\"true\" class=\"wp-block-spacer\"><\/div>\n\n\n\n<div class=\"wp-block-cover alignfull is-light has-parallax has-small-font-size\" style=\"min-height:130px;aspect-ratio:unset;\"><div class=\"wp-block-cover__image-background wp-image-3915 has-parallax\" style=\"background-position:50% 50%;background-image:url(https:\/\/wonderhome.eu\/wp-content\/uploads\/2024\/11\/Header-statyczny-1920-x-1080-px-1920-x-1080-px-2.jpg)\"><\/div><span aria-hidden=\"true\" class=\"wp-block-cover__background has-background-dim-40 has-background-dim\" style=\"background-color:#b5a38f\"><\/span><div class=\"wp-block-cover__inner-container is-layout-constrained wp-block-cover-is-layout-constrained\">\n<p class=\"has-text-align-center has-white-color has-text-color has-link-color has-x-large-font-size wp-elements-0797328e65aada07a78baf9bbb0b7014\"><strong>Thank you to our guests!<\/strong><\/p>\n<\/div><\/div>","protected":false},"excerpt":{"rendered":"<p>Wonder Home w gronie laureat\u00f3w Polish Guests\u2019 Choice Awards - kategoria Aparthotel! Drugie miejsce potwierdza nasz\u0105 siln\u0105 pozycj\u0119 w\u015br\u00f3d najlepiej ocenianych obiekt\u00f3w w Polsce. WITAJ WONDER GO\u015aCIU Z ogromn\u0105 rado\u015bci\u0105 informujemy, \u017ce w 2026 roku Wonder Home zdoby\u0142o 2. miejsce w Polish Guests\u2019 Choice Awards w dynamicznie rozwijaj\u0105cej si\u0119 kategorii APARTHOTEL. To wyj\u0105tkowe wyr\u00f3\u017cnienie przyznawane [&hellip;]<\/p>\n","protected":false},"author":12,"featured_media":8071,"parent":0,"menu_order":0,"comment_status":"closed","ping_status":"closed","template":"","meta":{"_acf_changed":false,"footnotes":""},"class_list":["post-8044","page","type-page","status-publish","has-post-thumbnail","hentry"],"acf":[],"yoast_head":"<!-- This site is optimized with the Yoast SEO plugin v27.4 - https:\/\/yoast.com\/product\/yoast-seo-wordpress\/ -->\n<title>Opinie o Wonder Home \u2013 Nagroda PGCA 2026 | Aparthotel<\/title>\n<meta name=\"description\" content=\"Opinie o Wonder Home potwierdzaj\u0105 jako\u015b\u0107 naszych nocleg\u00f3w w Karpaczu \u2013 zdobyli\u015bmy 2 miejsce w PGCA 2026 dzi\u0119ki naszym Go\u015bciom!\" \/>\n<meta name=\"robots\" content=\"index, follow, max-snippet:-1, max-image-preview:large, max-video-preview:-1\" \/>\n<link rel=\"canonical\" href=\"https:\/\/wonderhome.eu\/en\/opinie-wonder-home-nagroda-pgca-2026\/\" \/>\n<meta property=\"og:locale\" content=\"en_US\" \/>\n<meta property=\"og:type\" content=\"article\" \/>\n<meta property=\"og:title\" content=\"Opinie o Wonder Home \u2013 Nagroda PGCA 2026 | Aparthotel\" \/>\n<meta property=\"og:description\" content=\"Opinie o Wonder Home potwierdzaj\u0105 jako\u015b\u0107 naszych nocleg\u00f3w w Karpaczu \u2013 zdobyli\u015bmy 2 miejsce w PGCA 2026 dzi\u0119ki naszym Go\u015bciom!\" \/>\n<meta property=\"og:url\" content=\"https:\/\/wonderhome.eu\/en\/opinie-wonder-home-nagroda-pgca-2026\/\" \/>\n<meta property=\"og:site_name\" content=\"Wonder Home\" \/>\n<meta property=\"article:modified_time\" content=\"2026-04-17T06:22:12+00:00\" \/>\n<meta property=\"og:image\" content=\"https:\/\/wonderhome.eu\/wp-content\/uploads\/2026\/04\/Wallpaper-6-1.jpg\" \/>\n\t<meta property=\"og:image:width\" content=\"1920\" \/>\n\t<meta property=\"og:image:height\" content=\"1080\" \/>\n\t<meta property=\"og:image:type\" content=\"image\/jpeg\" \/>\n<meta name=\"twitter:card\" content=\"summary_large_image\" \/>\n<meta name=\"twitter:label1\" content=\"Est. reading time\" \/>\n\t<meta name=\"twitter:data1\" content=\"6 minutes\" \/>\n<script type=\"application\/ld+json\" class=\"yoast-schema-graph\">{\"@context\":\"https:\\\/\\\/schema.org\",\"@graph\":[{\"@type\":\"WebPage\",\"@id\":\"https:\\\/\\\/wonderhome.eu\\\/opinie-wonder-home-nagroda-pgca-2026\",\"url\":\"https:\\\/\\\/wonderhome.eu\\\/opinie-wonder-home-nagroda-pgca-2026\",\"name\":\"Opinie o Wonder Home \u2013 Nagroda PGCA 2026 | Aparthotel\",\"isPartOf\":{\"@id\":\"https:\\\/\\\/wonderhome.eu\\\/#website\"},\"primaryImageOfPage\":{\"@id\":\"https:\\\/\\\/wonderhome.eu\\\/opinie-wonder-home-nagroda-pgca-2026#primaryimage\"},\"image\":{\"@id\":\"https:\\\/\\\/wonderhome.eu\\\/opinie-wonder-home-nagroda-pgca-2026#primaryimage\"},\"thumbnailUrl\":\"https:\\\/\\\/wonderhome.eu\\\/wp-content\\\/uploads\\\/2026\\\/04\\\/Wallpaper-6-1.jpg\",\"datePublished\":\"2026-04-16T10:48:39+00:00\",\"dateModified\":\"2026-04-17T06:22:12+00:00\",\"description\":\"Opinie o Wonder Home potwierdzaj\u0105 jako\u015b\u0107 naszych nocleg\u00f3w w Karpaczu \u2013 zdobyli\u015bmy 2 miejsce w PGCA 2026 dzi\u0119ki naszym Go\u015bciom!\",\"inLanguage\":\"en-US\",\"potentialAction\":[{\"@type\":\"ReadAction\",\"target\":[\"https:\\\/\\\/wonderhome.eu\\\/opinie-wonder-home-nagroda-pgca-2026\"]}]},{\"@type\":\"ImageObject\",\"inLanguage\":\"en-US\",\"@id\":\"https:\\\/\\\/wonderhome.eu\\\/opinie-wonder-home-nagroda-pgca-2026#primaryimage\",\"url\":\"https:\\\/\\\/wonderhome.eu\\\/wp-content\\\/uploads\\\/2026\\\/04\\\/Wallpaper-6-1.jpg\",\"contentUrl\":\"https:\\\/\\\/wonderhome.eu\\\/wp-content\\\/uploads\\\/2026\\\/04\\\/Wallpaper-6-1.jpg\",\"width\":1920,\"height\":1080},{\"@type\":\"WebSite\",\"@id\":\"https:\\\/\\\/wonderhome.eu\\\/#website\",\"url\":\"https:\\\/\\\/wonderhome.eu\\\/\",\"name\":\"Wonder Home\",\"description\":\"\",\"potentialAction\":[{\"@type\":\"SearchAction\",\"target\":{\"@type\":\"EntryPoint\",\"urlTemplate\":\"https:\\\/\\\/wonderhome.eu\\\/?s={search_term_string}\"},\"query-input\":{\"@type\":\"PropertyValueSpecification\",\"valueRequired\":true,\"valueName\":\"search_term_string\"}}],\"inLanguage\":\"en-US\"}]}<\/script>\n<!-- \/ Yoast SEO plugin. -->","yoast_head_json":{"title":"Opinie o Wonder Home \u2013 Nagroda PGCA 2026 | Aparthotel","description":"Opinie o Wonder Home potwierdzaj\u0105 jako\u015b\u0107 naszych nocleg\u00f3w w Karpaczu \u2013 zdobyli\u015bmy 2 miejsce w PGCA 2026 dzi\u0119ki naszym Go\u015bciom!","robots":{"index":"index","follow":"follow","max-snippet":"max-snippet:-1","max-image-preview":"max-image-preview:large","max-video-preview":"max-video-preview:-1"},"canonical":"https:\/\/wonderhome.eu\/en\/opinie-wonder-home-nagroda-pgca-2026\/","og_locale":"en_US","og_type":"article","og_title":"Opinie o Wonder Home \u2013 Nagroda PGCA 2026 | Aparthotel","og_description":"Opinie o Wonder Home potwierdzaj\u0105 jako\u015b\u0107 naszych nocleg\u00f3w w Karpaczu \u2013 zdobyli\u015bmy 2 miejsce w PGCA 2026 dzi\u0119ki naszym Go\u015bciom!","og_url":"https:\/\/wonderhome.eu\/en\/opinie-wonder-home-nagroda-pgca-2026\/","og_site_name":"Wonder Home","article_modified_time":"2026-04-17T06:22:12+00:00","og_image":[{"width":1920,"height":1080,"url":"https:\/\/wonderhome.eu\/wp-content\/uploads\/2026\/04\/Wallpaper-6-1.jpg","type":"image\/jpeg"}],"twitter_card":"summary_large_image","twitter_misc":{"Est. reading time":"6 minutes"},"schema":{"@context":"https:\/\/schema.org","@graph":[{"@type":"WebPage","@id":"https:\/\/wonderhome.eu\/opinie-wonder-home-nagroda-pgca-2026","url":"https:\/\/wonderhome.eu\/opinie-wonder-home-nagroda-pgca-2026","name":"Opinie o Wonder Home \u2013 Nagroda PGCA 2026 | Aparthotel","isPartOf":{"@id":"https:\/\/wonderhome.eu\/#website"},"primaryImageOfPage":{"@id":"https:\/\/wonderhome.eu\/opinie-wonder-home-nagroda-pgca-2026#primaryimage"},"image":{"@id":"https:\/\/wonderhome.eu\/opinie-wonder-home-nagroda-pgca-2026#primaryimage"},"thumbnailUrl":"https:\/\/wonderhome.eu\/wp-content\/uploads\/2026\/04\/Wallpaper-6-1.jpg","datePublished":"2026-04-16T10:48:39+00:00","dateModified":"2026-04-17T06:22:12+00:00","description":"Opinie o Wonder Home potwierdzaj\u0105 jako\u015b\u0107 naszych nocleg\u00f3w w Karpaczu \u2013 zdobyli\u015bmy 2 miejsce w PGCA 2026 dzi\u0119ki naszym Go\u015bciom!","inLanguage":"en-US","potentialAction":[{"@type":"ReadAction","target":["https:\/\/wonderhome.eu\/opinie-wonder-home-nagroda-pgca-2026"]}]},{"@type":"ImageObject","inLanguage":"en-US","@id":"https:\/\/wonderhome.eu\/opinie-wonder-home-nagroda-pgca-2026#primaryimage","url":"https:\/\/wonderhome.eu\/wp-content\/uploads\/2026\/04\/Wallpaper-6-1.jpg","contentUrl":"https:\/\/wonderhome.eu\/wp-content\/uploads\/2026\/04\/Wallpaper-6-1.jpg","width":1920,"height":1080},{"@type":"WebSite","@id":"https:\/\/wonderhome.eu\/#website","url":"https:\/\/wonderhome.eu\/","name":"Wonder Home","description":"","potentialAction":[{"@type":"SearchAction","target":{"@type":"EntryPoint","urlTemplate":"https:\/\/wonderhome.eu\/?s={search_term_string}"},"query-input":{"@type":"PropertyValueSpecification","valueRequired":true,"valueName":"search_term_string"}}],"inLanguage":"en-US"}]}},"_links":{"self":[{"href":"https:\/\/wonderhome.eu\/en\/wp-json\/wp\/v2\/pages\/8044","targetHints":{"allow":["GET"]}}],"collection":[{"href":"https:\/\/wonderhome.eu\/en\/wp-json\/wp\/v2\/pages"}],"about":[{"href":"https:\/\/wonderhome.eu\/en\/wp-json\/wp\/v2\/types\/page"}],"author":[{"embeddable":true,"href":"https:\/\/wonderhome.eu\/en\/wp-json\/wp\/v2\/users\/12"}],"replies":[{"embeddable":true,"href":"https:\/\/wonderhome.eu\/en\/wp-json\/wp\/v2\/comments?post=8044"}],"version-history":[{"count":28,"href":"https:\/\/wonderhome.eu\/en\/wp-json\/wp\/v2\/pages\/8044\/revisions"}],"predecessor-version":[{"id":8140,"href":"https:\/\/wonderhome.eu\/en\/wp-json\/wp\/v2\/pages\/8044\/revisions\/8140"}],"wp:featuredmedia":[{"embeddable":true,"href":"https:\/\/wonderhome.eu\/en\/wp-json\/wp\/v2\/media\/8071"}],"wp:attachment":[{"href":"https:\/\/wonderhome.eu\/en\/wp-json\/wp\/v2\/media?parent=8044"}],"curies":[{"name":"wp","href":"https:\/\/api.w.org\/{rel}","templated":true}]}}