{"id":8241,"date":"2026-04-23T14:31:44","date_gmt":"2026-04-23T12:31:44","guid":{"rendered":"https:\/\/wonderhome.eu\/?page_id=8241"},"modified":"2026-04-23T14:43:22","modified_gmt":"2026-04-23T12:43:22","slug":"oferta-sprzedazy-apartamentow","status":"publish","type":"page","link":"https:\/\/wonderhome.eu\/en\/oferta-sprzedazy-apartamentow","title":{"rendered":"Apartment sales offer"},"content":{"rendered":"","protected":false},"excerpt":{"rendered":"","protected":false},"author":3,"featured_media":7982,"parent":0,"menu_order":12,"comment_status":"closed","ping_status":"closed","template":"","meta":{"_acf_changed":false,"footnotes":""},"class_list":["post-8241","page","type-page","status-publish","has-post-thumbnail","hentry"],"acf":[],"yoast_head":"<!-- This site is optimized with the Yoast SEO plugin v27.4 - https:\/\/yoast.com\/product\/yoast-seo-wordpress\/ -->\n<title>Oferta sprzeda\u017cy apartament\u00f3w | Apartamenty Wonder Home<\/title>\n<meta name=\"description\" content=\"Sprawd\u017a nasze najnowsze oferty sprzeda\u017cy apartament\u00f3w Wonder Home w Karpaczu i okolicach. Dowiedz si\u0119 wi\u0119cej!\" \/>\n<meta name=\"robots\" content=\"index, follow, max-snippet:-1, max-image-preview:large, max-video-preview:-1\" \/>\n<link rel=\"canonical\" href=\"https:\/\/wonderhome.eu\/en\/oferta-sprzedazy-apartamentow\/\" \/>\n<meta property=\"og:locale\" content=\"en_US\" \/>\n<meta property=\"og:type\" content=\"article\" \/>\n<meta property=\"og:title\" content=\"Oferta sprzeda\u017cy apartament\u00f3w | Apartamenty Wonder Home\" \/>\n<meta property=\"og:description\" content=\"Sprawd\u017a nasze najnowsze oferty sprzeda\u017cy apartament\u00f3w Wonder Home w Karpaczu i okolicach. Dowiedz si\u0119 wi\u0119cej!\" \/>\n<meta property=\"og:url\" content=\"https:\/\/wonderhome.eu\/en\/oferta-sprzedazy-apartamentow\/\" \/>\n<meta property=\"og:site_name\" content=\"Wonder Home\" \/>\n<meta property=\"article:modified_time\" content=\"2026-04-23T12:43:22+00:00\" \/>\n<meta property=\"og:image\" content=\"https:\/\/wonderhome.eu\/wp-content\/uploads\/2026\/03\/3-9.jpg\" \/>\n\t<meta property=\"og:image:width\" content=\"1920\" \/>\n\t<meta property=\"og:image:height\" content=\"1080\" \/>\n\t<meta property=\"og:image:type\" content=\"image\/jpeg\" \/>\n<meta name=\"twitter:card\" content=\"summary_large_image\" \/>\n<meta name=\"twitter:label1\" content=\"Est. reading time\" \/>\n\t<meta name=\"twitter:data1\" content=\"1 minute\" \/>\n<script type=\"application\/ld+json\" class=\"yoast-schema-graph\">{\"@context\":\"https:\\\/\\\/schema.org\",\"@graph\":[{\"@type\":\"WebPage\",\"@id\":\"https:\\\/\\\/wonderhome.eu\\\/oferta-sprzedazy-apartamentow\",\"url\":\"https:\\\/\\\/wonderhome.eu\\\/oferta-sprzedazy-apartamentow\",\"name\":\"Oferta sprzeda\u017cy apartament\u00f3w | Apartamenty Wonder Home\",\"isPartOf\":{\"@id\":\"https:\\\/\\\/wonderhome.eu\\\/#website\"},\"primaryImageOfPage\":{\"@id\":\"https:\\\/\\\/wonderhome.eu\\\/oferta-sprzedazy-apartamentow#primaryimage\"},\"image\":{\"@id\":\"https:\\\/\\\/wonderhome.eu\\\/oferta-sprzedazy-apartamentow#primaryimage\"},\"thumbnailUrl\":\"https:\\\/\\\/wonderhome.eu\\\/wp-content\\\/uploads\\\/2026\\\/03\\\/3-9.jpg\",\"datePublished\":\"2026-04-23T12:31:44+00:00\",\"dateModified\":\"2026-04-23T12:43:22+00:00\",\"description\":\"Sprawd\u017a nasze najnowsze oferty sprzeda\u017cy apartament\u00f3w Wonder Home w Karpaczu i okolicach. Dowiedz si\u0119 wi\u0119cej!\",\"inLanguage\":\"en-US\",\"potentialAction\":[{\"@type\":\"ReadAction\",\"target\":[\"https:\\\/\\\/wonderhome.eu\\\/oferta-sprzedazy-apartamentow\"]}]},{\"@type\":\"ImageObject\",\"inLanguage\":\"en-US\",\"@id\":\"https:\\\/\\\/wonderhome.eu\\\/oferta-sprzedazy-apartamentow#primaryimage\",\"url\":\"https:\\\/\\\/wonderhome.eu\\\/wp-content\\\/uploads\\\/2026\\\/03\\\/3-9.jpg\",\"contentUrl\":\"https:\\\/\\\/wonderhome.eu\\\/wp-content\\\/uploads\\\/2026\\\/03\\\/3-9.jpg\",\"width\":1920,\"height\":1080},{\"@type\":\"WebSite\",\"@id\":\"https:\\\/\\\/wonderhome.eu\\\/#website\",\"url\":\"https:\\\/\\\/wonderhome.eu\\\/\",\"name\":\"Wonder Home\",\"description\":\"\",\"potentialAction\":[{\"@type\":\"SearchAction\",\"target\":{\"@type\":\"EntryPoint\",\"urlTemplate\":\"https:\\\/\\\/wonderhome.eu\\\/?s={search_term_string}\"},\"query-input\":{\"@type\":\"PropertyValueSpecification\",\"valueRequired\":true,\"valueName\":\"search_term_string\"}}],\"inLanguage\":\"en-US\"}]}<\/script>\n<!-- \/ Yoast SEO plugin. -->","yoast_head_json":{"title":"Oferta sprzeda\u017cy apartament\u00f3w | Apartamenty Wonder Home","description":"Sprawd\u017a nasze najnowsze oferty sprzeda\u017cy apartament\u00f3w Wonder Home w Karpaczu i okolicach. Dowiedz si\u0119 wi\u0119cej!","robots":{"index":"index","follow":"follow","max-snippet":"max-snippet:-1","max-image-preview":"max-image-preview:large","max-video-preview":"max-video-preview:-1"},"canonical":"https:\/\/wonderhome.eu\/en\/oferta-sprzedazy-apartamentow\/","og_locale":"en_US","og_type":"article","og_title":"Oferta sprzeda\u017cy apartament\u00f3w | Apartamenty Wonder Home","og_description":"Sprawd\u017a nasze najnowsze oferty sprzeda\u017cy apartament\u00f3w Wonder Home w Karpaczu i okolicach. Dowiedz si\u0119 wi\u0119cej!","og_url":"https:\/\/wonderhome.eu\/en\/oferta-sprzedazy-apartamentow\/","og_site_name":"Wonder Home","article_modified_time":"2026-04-23T12:43:22+00:00","og_image":[{"width":1920,"height":1080,"url":"https:\/\/wonderhome.eu\/wp-content\/uploads\/2026\/03\/3-9.jpg","type":"image\/jpeg"}],"twitter_card":"summary_large_image","twitter_misc":{"Est. reading time":"1 minute"},"schema":{"@context":"https:\/\/schema.org","@graph":[{"@type":"WebPage","@id":"https:\/\/wonderhome.eu\/oferta-sprzedazy-apartamentow","url":"https:\/\/wonderhome.eu\/oferta-sprzedazy-apartamentow","name":"Oferta sprzeda\u017cy apartament\u00f3w | Apartamenty Wonder Home","isPartOf":{"@id":"https:\/\/wonderhome.eu\/#website"},"primaryImageOfPage":{"@id":"https:\/\/wonderhome.eu\/oferta-sprzedazy-apartamentow#primaryimage"},"image":{"@id":"https:\/\/wonderhome.eu\/oferta-sprzedazy-apartamentow#primaryimage"},"thumbnailUrl":"https:\/\/wonderhome.eu\/wp-content\/uploads\/2026\/03\/3-9.jpg","datePublished":"2026-04-23T12:31:44+00:00","dateModified":"2026-04-23T12:43:22+00:00","description":"Sprawd\u017a nasze najnowsze oferty sprzeda\u017cy apartament\u00f3w Wonder Home w Karpaczu i okolicach. Dowiedz si\u0119 wi\u0119cej!","inLanguage":"en-US","potentialAction":[{"@type":"ReadAction","target":["https:\/\/wonderhome.eu\/oferta-sprzedazy-apartamentow"]}]},{"@type":"ImageObject","inLanguage":"en-US","@id":"https:\/\/wonderhome.eu\/oferta-sprzedazy-apartamentow#primaryimage","url":"https:\/\/wonderhome.eu\/wp-content\/uploads\/2026\/03\/3-9.jpg","contentUrl":"https:\/\/wonderhome.eu\/wp-content\/uploads\/2026\/03\/3-9.jpg","width":1920,"height":1080},{"@type":"WebSite","@id":"https:\/\/wonderhome.eu\/#website","url":"https:\/\/wonderhome.eu\/","name":"Wonder Home","description":"","potentialAction":[{"@type":"SearchAction","target":{"@type":"EntryPoint","urlTemplate":"https:\/\/wonderhome.eu\/?s={search_term_string}"},"query-input":{"@type":"PropertyValueSpecification","valueRequired":true,"valueName":"search_term_string"}}],"inLanguage":"en-US"}]}},"_links":{"self":[{"href":"https:\/\/wonderhome.eu\/en\/wp-json\/wp\/v2\/pages\/8241","targetHints":{"allow":["GET"]}}],"collection":[{"href":"https:\/\/wonderhome.eu\/en\/wp-json\/wp\/v2\/pages"}],"about":[{"href":"https:\/\/wonderhome.eu\/en\/wp-json\/wp\/v2\/types\/page"}],"author":[{"embeddable":true,"href":"https:\/\/wonderhome.eu\/en\/wp-json\/wp\/v2\/users\/3"}],"replies":[{"embeddable":true,"href":"https:\/\/wonderhome.eu\/en\/wp-json\/wp\/v2\/comments?post=8241"}],"version-history":[{"count":4,"href":"https:\/\/wonderhome.eu\/en\/wp-json\/wp\/v2\/pages\/8241\/revisions"}],"predecessor-version":[{"id":8246,"href":"https:\/\/wonderhome.eu\/en\/wp-json\/wp\/v2\/pages\/8241\/revisions\/8246"}],"wp:featuredmedia":[{"embeddable":true,"href":"https:\/\/wonderhome.eu\/en\/wp-json\/wp\/v2\/media\/7982"}],"wp:attachment":[{"href":"https:\/\/wonderhome.eu\/en\/wp-json\/wp\/v2\/media?parent=8241"}],"curies":[{"name":"wp","href":"https:\/\/api.w.org\/{rel}","templated":true}]}}