{"id":8248,"date":"2026-04-23T14:47:31","date_gmt":"2026-04-23T12:47:31","guid":{"rendered":"https:\/\/wonderhome.eu\/?page_id=8248"},"modified":"2026-04-23T14:47:32","modified_gmt":"2026-04-23T12:47:32","slug":"oferta-dla-wspolnot-mieszkaniowych-2","status":"publish","type":"page","link":"https:\/\/wonderhome.eu\/en\/oferta-dla-wspolnot-mieszkaniowych-2","title":{"rendered":"Offer for Housing Communities"},"content":{"rendered":"","protected":false},"excerpt":{"rendered":"","protected":false},"author":3,"featured_media":0,"parent":0,"menu_order":0,"comment_status":"closed","ping_status":"closed","template":"","meta":{"_acf_changed":false,"footnotes":""},"class_list":["post-8248","page","type-page","status-publish","hentry"],"acf":[],"yoast_head":"<!-- This site is optimized with the Yoast SEO plugin v27.4 - https:\/\/yoast.com\/product\/yoast-seo-wordpress\/ -->\n<title>Oferta dla Wsp\u00f3lnot Mieszkaniowych - Wonder Home<\/title>\n<meta name=\"description\" content=\"Dobrze, \u017ce Jeste\u015b bo w\u0142a\u015bnie tu zaczyna si\u0119 Tw\u00f3j wymarzony wypoczynek. Budzimy inspiracje w naszych Go\u015bciach od 2013r. \u015awiadczenie us\u0142ug hotelarskich w lokalach apartamentowych sta\u0142o si\u0119 nasz\u0105 pasj\u0105 i jednocze\u015bnie wyzwaniem. Poczuj si\u0119 zaproszony. Dobrze wiemy jak bardzo unikatowi s\u0105 nasi Go\u015bcie dlatego starannie wyselekcjonowali\u015bmy blisko 350 lokali od morza a\u017c po Karkonosze a nasza r\u00f3\u017cnorodna oferta zadowoli najbardziej wymagaj\u0105cych. Wybierz apartament na miar\u0119 Ciebie!\" \/>\n<meta name=\"robots\" content=\"index, follow, max-snippet:-1, max-image-preview:large, max-video-preview:-1\" \/>\n<link rel=\"canonical\" href=\"https:\/\/wonderhome.eu\/en\/oferta-dla-wspolnot-mieszkaniowych-2\/\" \/>\n<meta property=\"og:locale\" content=\"en_US\" \/>\n<meta property=\"og:type\" content=\"article\" \/>\n<meta property=\"og:title\" content=\"Oferta dla Wsp\u00f3lnot Mieszkaniowych - Wonder Home\" \/>\n<meta property=\"og:description\" content=\"Dobrze, \u017ce Jeste\u015b bo w\u0142a\u015bnie tu zaczyna si\u0119 Tw\u00f3j wymarzony wypoczynek. Budzimy inspiracje w naszych Go\u015bciach od 2013r. \u015awiadczenie us\u0142ug hotelarskich w lokalach apartamentowych sta\u0142o si\u0119 nasz\u0105 pasj\u0105 i jednocze\u015bnie wyzwaniem. Poczuj si\u0119 zaproszony. Dobrze wiemy jak bardzo unikatowi s\u0105 nasi Go\u015bcie dlatego starannie wyselekcjonowali\u015bmy blisko 350 lokali od morza a\u017c po Karkonosze a nasza r\u00f3\u017cnorodna oferta zadowoli najbardziej wymagaj\u0105cych. Wybierz apartament na miar\u0119 Ciebie!\" \/>\n<meta property=\"og:url\" content=\"https:\/\/wonderhome.eu\/en\/oferta-dla-wspolnot-mieszkaniowych-2\/\" \/>\n<meta property=\"og:site_name\" content=\"Wonder Home\" \/>\n<meta property=\"article:modified_time\" content=\"2026-04-23T12:47:32+00:00\" \/>\n<meta name=\"twitter:card\" content=\"summary_large_image\" \/>\n<script type=\"application\/ld+json\" class=\"yoast-schema-graph\">{\"@context\":\"https:\\\/\\\/schema.org\",\"@graph\":[{\"@type\":\"WebPage\",\"@id\":\"https:\\\/\\\/wonderhome.eu\\\/oferta-dla-wspolnot-mieszkaniowych-2\",\"url\":\"https:\\\/\\\/wonderhome.eu\\\/oferta-dla-wspolnot-mieszkaniowych-2\",\"name\":\"Oferta dla Wsp\u00f3lnot Mieszkaniowych - Wonder Home\",\"isPartOf\":{\"@id\":\"https:\\\/\\\/wonderhome.eu\\\/#website\"},\"datePublished\":\"2026-04-23T12:47:31+00:00\",\"dateModified\":\"2026-04-23T12:47:32+00:00\",\"description\":\"Dobrze, \u017ce Jeste\u015b bo w\u0142a\u015bnie tu zaczyna si\u0119 Tw\u00f3j wymarzony wypoczynek. Budzimy inspiracje w naszych Go\u015bciach od 2013r. \u015awiadczenie us\u0142ug hotelarskich w lokalach apartamentowych sta\u0142o si\u0119 nasz\u0105 pasj\u0105 i jednocze\u015bnie wyzwaniem. Poczuj si\u0119 zaproszony. Dobrze wiemy jak bardzo unikatowi s\u0105 nasi Go\u015bcie dlatego starannie wyselekcjonowali\u015bmy blisko 350 lokali od morza a\u017c po Karkonosze a nasza r\u00f3\u017cnorodna oferta zadowoli najbardziej wymagaj\u0105cych. Wybierz apartament na miar\u0119 Ciebie!\",\"inLanguage\":\"en-US\",\"potentialAction\":[{\"@type\":\"ReadAction\",\"target\":[\"https:\\\/\\\/wonderhome.eu\\\/oferta-dla-wspolnot-mieszkaniowych-2\"]}]},{\"@type\":\"WebSite\",\"@id\":\"https:\\\/\\\/wonderhome.eu\\\/#website\",\"url\":\"https:\\\/\\\/wonderhome.eu\\\/\",\"name\":\"Wonder Home\",\"description\":\"\",\"potentialAction\":[{\"@type\":\"SearchAction\",\"target\":{\"@type\":\"EntryPoint\",\"urlTemplate\":\"https:\\\/\\\/wonderhome.eu\\\/?s={search_term_string}\"},\"query-input\":{\"@type\":\"PropertyValueSpecification\",\"valueRequired\":true,\"valueName\":\"search_term_string\"}}],\"inLanguage\":\"en-US\"}]}<\/script>\n<!-- \/ Yoast SEO plugin. -->","yoast_head_json":{"title":"Oferta dla Wsp\u00f3lnot Mieszkaniowych - Wonder Home","description":"Good thing you&#039;re here, because your dream vacation begins here. We&#039;ve been inspiring our guests since 2013. Providing hotel services in apartment-style apartments has become both our passion and our challenge. Feel welcome. We know how unique our guests are, which is why we&#039;ve carefully selected nearly 350 properties from the sea to the Karkonosze Mountains. Our diverse offerings will satisfy even the most discerning travelers. Choose an apartment that&#039;s tailored to your needs!","robots":{"index":"index","follow":"follow","max-snippet":"max-snippet:-1","max-image-preview":"max-image-preview:large","max-video-preview":"max-video-preview:-1"},"canonical":"https:\/\/wonderhome.eu\/en\/oferta-dla-wspolnot-mieszkaniowych-2\/","og_locale":"en_US","og_type":"article","og_title":"Oferta dla Wsp\u00f3lnot Mieszkaniowych - Wonder Home","og_description":"Dobrze, \u017ce Jeste\u015b bo w\u0142a\u015bnie tu zaczyna si\u0119 Tw\u00f3j wymarzony wypoczynek. Budzimy inspiracje w naszych Go\u015bciach od 2013r. \u015awiadczenie us\u0142ug hotelarskich w lokalach apartamentowych sta\u0142o si\u0119 nasz\u0105 pasj\u0105 i jednocze\u015bnie wyzwaniem. Poczuj si\u0119 zaproszony. Dobrze wiemy jak bardzo unikatowi s\u0105 nasi Go\u015bcie dlatego starannie wyselekcjonowali\u015bmy blisko 350 lokali od morza a\u017c po Karkonosze a nasza r\u00f3\u017cnorodna oferta zadowoli najbardziej wymagaj\u0105cych. Wybierz apartament na miar\u0119 Ciebie!","og_url":"https:\/\/wonderhome.eu\/en\/oferta-dla-wspolnot-mieszkaniowych-2\/","og_site_name":"Wonder Home","article_modified_time":"2026-04-23T12:47:32+00:00","twitter_card":"summary_large_image","schema":{"@context":"https:\/\/schema.org","@graph":[{"@type":"WebPage","@id":"https:\/\/wonderhome.eu\/oferta-dla-wspolnot-mieszkaniowych-2","url":"https:\/\/wonderhome.eu\/oferta-dla-wspolnot-mieszkaniowych-2","name":"Oferta dla Wsp\u00f3lnot Mieszkaniowych - Wonder Home","isPartOf":{"@id":"https:\/\/wonderhome.eu\/#website"},"datePublished":"2026-04-23T12:47:31+00:00","dateModified":"2026-04-23T12:47:32+00:00","description":"Good thing you&#039;re here, because your dream vacation begins here. We&#039;ve been inspiring our guests since 2013. Providing hotel services in apartment-style apartments has become both our passion and our challenge. Feel welcome. We know how unique our guests are, which is why we&#039;ve carefully selected nearly 350 properties from the sea to the Karkonosze Mountains. Our diverse offerings will satisfy even the most discerning travelers. Choose an apartment that&#039;s tailored to your needs!","inLanguage":"en-US","potentialAction":[{"@type":"ReadAction","target":["https:\/\/wonderhome.eu\/oferta-dla-wspolnot-mieszkaniowych-2"]}]},{"@type":"WebSite","@id":"https:\/\/wonderhome.eu\/#website","url":"https:\/\/wonderhome.eu\/","name":"Wonder Home","description":"","potentialAction":[{"@type":"SearchAction","target":{"@type":"EntryPoint","urlTemplate":"https:\/\/wonderhome.eu\/?s={search_term_string}"},"query-input":{"@type":"PropertyValueSpecification","valueRequired":true,"valueName":"search_term_string"}}],"inLanguage":"en-US"}]}},"_links":{"self":[{"href":"https:\/\/wonderhome.eu\/en\/wp-json\/wp\/v2\/pages\/8248","targetHints":{"allow":["GET"]}}],"collection":[{"href":"https:\/\/wonderhome.eu\/en\/wp-json\/wp\/v2\/pages"}],"about":[{"href":"https:\/\/wonderhome.eu\/en\/wp-json\/wp\/v2\/types\/page"}],"author":[{"embeddable":true,"href":"https:\/\/wonderhome.eu\/en\/wp-json\/wp\/v2\/users\/3"}],"replies":[{"embeddable":true,"href":"https:\/\/wonderhome.eu\/en\/wp-json\/wp\/v2\/comments?post=8248"}],"version-history":[{"count":1,"href":"https:\/\/wonderhome.eu\/en\/wp-json\/wp\/v2\/pages\/8248\/revisions"}],"predecessor-version":[{"id":8249,"href":"https:\/\/wonderhome.eu\/en\/wp-json\/wp\/v2\/pages\/8248\/revisions\/8249"}],"wp:attachment":[{"href":"https:\/\/wonderhome.eu\/en\/wp-json\/wp\/v2\/media?parent=8248"}],"curies":[{"name":"wp","href":"https:\/\/api.w.org\/{rel}","templated":true}]}}